{"id":79486,"date":"2026-04-28T18:14:28","date_gmt":"2026-04-28T16:14:28","guid":{"rendered":"https:\/\/www.koonings.com\/product\/ladybird-baiza-lb124bg1\/"},"modified":"2025-06-05T13:41:48","modified_gmt":"2025-06-05T11:41:48","slug":"ladybird-baiza-lb124bg1","status":"publish","type":"product","link":"https:\/\/www.koonings.com\/fr\/product\/ladybird-baiza-lb124bg1\/","title":{"rendered":"Ladybird Baiza LB124BG1"},"content":{"rendered":"<p>Cette robe de princesse de ligne A met en valeur la silhouette f\u00e9minine gr\u00e2ce \u00e0 de magnifiques d\u00e9tails de dentelle florale et \u00e0 une taille naturelle, qui s&#8217;\u00e9coule \u00e9l\u00e9gamment vers la jupe et la tra\u00eene en tulle souple.<\/p>\n","protected":false},"featured_media":69411,"template":"","meta":{"_acf_changed":false,"ghostkit_customizer_options":"","ghostkit_custom_css":"","ghostkit_custom_js_head":"","ghostkit_custom_js_foot":"","ghostkit_typography":""},"productdetails":[],"productneck":[356],"productcolor":[393,392],"maat":[],"productsupplier":[437],"productsleeve":[359],"productcategory":[18],"productsilhouette":[384,388],"productstyle":[366],"class_list":["post-79486","product","type-product","status-publish","has-post-thumbnail","hentry","productneck-356","productcolor-393","productcolor-392","productsupplier-ladybird","productsleeve-359","productcategory-trouwjurken","productsilhouette-384","productsilhouette-388","productstyle-366"],"acf":[],"yoast_head":"<!-- This site is optimized with the Yoast SEO plugin v27.3 - https:\/\/yoast.com\/product\/yoast-seo-wordpress\/ -->\n<title>Ladybird Baiza LB124BG1 | Koonings<\/title>\n<meta name=\"description\" content=\"Cette robe de princesse de ligne A met en valeur la silhouette f\u00e9minine gr\u00e2ce \u00e0 de magnifiques d\u00e9tails de dentelle florale et \u00e0 une taille naturelle, qui s&#039;\u00e9coule \u00e9l\u00e9gamment vers la jupe et la tra\u00eene en tulle souple.\" \/>\n<meta name=\"robots\" content=\"index, follow, max-snippet:-1, max-image-preview:large, max-video-preview:-1\" \/>\n<link rel=\"canonical\" href=\"https:\/\/www.koonings.com\/fr\/product\/ladybird-baiza-lb124bg1\/\" \/>\n<meta property=\"og:locale\" content=\"fr_FR\" \/>\n<meta property=\"og:type\" content=\"article\" \/>\n<meta property=\"og:title\" content=\"Ladybird Baiza LB124BG1 | Koonings\" \/>\n<meta property=\"og:description\" content=\"Cette robe de princesse de ligne A met en valeur la silhouette f\u00e9minine gr\u00e2ce \u00e0 de magnifiques d\u00e9tails de dentelle florale et \u00e0 une taille naturelle, qui s&#039;\u00e9coule \u00e9l\u00e9gamment vers la jupe et la tra\u00eene en tulle souple.\" \/>\n<meta property=\"og:url\" content=\"https:\/\/www.koonings.com\/fr\/product\/ladybird-baiza-lb124bg1\/\" \/>\n<meta property=\"og:site_name\" content=\"Koonings\" \/>\n<meta property=\"article:publisher\" content=\"https:\/\/www.facebook.com\/kooningstheweddingpalace\" \/>\n<meta property=\"og:image\" content=\"https:\/\/www.koonings.com\/wp-content\/uploads\/2024\/11\/39613_58545f18a63361420aebafd63d0b0c4f0cf7fe3d5599fcff585e1cd9cf773d3e63432e8f.jpeg\" \/>\n\t<meta property=\"og:image:width\" content=\"300\" \/>\n\t<meta property=\"og:image:height\" content=\"450\" \/>\n\t<meta property=\"og:image:type\" content=\"image\/jpeg\" \/>\n<meta name=\"twitter:card\" content=\"summary_large_image\" \/>\n<script type=\"application\/ld+json\" class=\"yoast-schema-graph\">{\"@context\":\"https:\\\/\\\/schema.org\",\"@graph\":[{\"@type\":\"WebPage\",\"@id\":\"https:\\\/\\\/www.koonings.com\\\/fr\\\/product\\\/ladybird-baiza-lb124bg1\\\/\",\"url\":\"https:\\\/\\\/www.koonings.com\\\/fr\\\/product\\\/ladybird-baiza-lb124bg1\\\/\",\"name\":\"Ladybird Baiza LB124BG1 | Koonings\",\"isPartOf\":{\"@id\":\"https:\\\/\\\/www.koonings.com\\\/fr\\\/#website\"},\"primaryImageOfPage\":{\"@id\":\"https:\\\/\\\/www.koonings.com\\\/fr\\\/product\\\/ladybird-baiza-lb124bg1\\\/#primaryimage\"},\"image\":{\"@id\":\"https:\\\/\\\/www.koonings.com\\\/fr\\\/product\\\/ladybird-baiza-lb124bg1\\\/#primaryimage\"},\"thumbnailUrl\":\"https:\\\/\\\/www.koonings.com\\\/wp-content\\\/uploads\\\/2024\\\/11\\\/39613_58545f18a63361420aebafd63d0b0c4f0cf7fe3d5599fcff585e1cd9cf773d3e63432e8f.jpeg\",\"datePublished\":\"2026-04-28T16:14:28+00:00\",\"description\":\"Cette robe de princesse de ligne A met en valeur la silhouette f\u00e9minine gr\u00e2ce \u00e0 de magnifiques d\u00e9tails de dentelle florale et \u00e0 une taille naturelle, qui s'\u00e9coule \u00e9l\u00e9gamment vers la jupe et la tra\u00eene en tulle souple.\",\"breadcrumb\":{\"@id\":\"https:\\\/\\\/www.koonings.com\\\/fr\\\/product\\\/ladybird-baiza-lb124bg1\\\/#breadcrumb\"},\"inLanguage\":\"fr-FR\",\"potentialAction\":[{\"@type\":\"ReadAction\",\"target\":[\"https:\\\/\\\/www.koonings.com\\\/fr\\\/product\\\/ladybird-baiza-lb124bg1\\\/\"]}]},{\"@type\":\"ImageObject\",\"inLanguage\":\"fr-FR\",\"@id\":\"https:\\\/\\\/www.koonings.com\\\/fr\\\/product\\\/ladybird-baiza-lb124bg1\\\/#primaryimage\",\"url\":\"https:\\\/\\\/www.koonings.com\\\/wp-content\\\/uploads\\\/2024\\\/11\\\/39613_58545f18a63361420aebafd63d0b0c4f0cf7fe3d5599fcff585e1cd9cf773d3e63432e8f.jpeg\",\"contentUrl\":\"https:\\\/\\\/www.koonings.com\\\/wp-content\\\/uploads\\\/2024\\\/11\\\/39613_58545f18a63361420aebafd63d0b0c4f0cf7fe3d5599fcff585e1cd9cf773d3e63432e8f.jpeg\",\"width\":300,\"height\":450},{\"@type\":\"BreadcrumbList\",\"@id\":\"https:\\\/\\\/www.koonings.com\\\/fr\\\/product\\\/ladybird-baiza-lb124bg1\\\/#breadcrumb\",\"itemListElement\":[{\"@type\":\"ListItem\",\"position\":1,\"name\":\"Home\",\"item\":\"https:\\\/\\\/www.koonings.com\\\/fr\\\/\"},{\"@type\":\"ListItem\",\"position\":2,\"name\":\"Ladybird Baiza LB124BG1\"}]},{\"@type\":\"WebSite\",\"@id\":\"https:\\\/\\\/www.koonings.com\\\/fr\\\/#website\",\"url\":\"https:\\\/\\\/www.koonings.com\\\/fr\\\/\",\"name\":\"Koonings\",\"description\":\"De grootste bruidsmodewinkel ter wereld\",\"publisher\":{\"@id\":\"https:\\\/\\\/www.koonings.com\\\/fr\\\/#organization\"},\"potentialAction\":[{\"@type\":\"SearchAction\",\"target\":{\"@type\":\"EntryPoint\",\"urlTemplate\":\"https:\\\/\\\/www.koonings.com\\\/fr\\\/?s={search_term_string}\"},\"query-input\":{\"@type\":\"PropertyValueSpecification\",\"valueRequired\":true,\"valueName\":\"search_term_string\"}}],\"inLanguage\":\"fr-FR\"},{\"@type\":\"Organization\",\"@id\":\"https:\\\/\\\/www.koonings.com\\\/fr\\\/#organization\",\"name\":\"Koonings\",\"url\":\"https:\\\/\\\/www.koonings.com\\\/fr\\\/\",\"logo\":{\"@type\":\"ImageObject\",\"inLanguage\":\"fr-FR\",\"@id\":\"https:\\\/\\\/www.koonings.com\\\/fr\\\/#\\\/schema\\\/logo\\\/image\\\/\",\"url\":\"https:\\\/\\\/www.koonings.com\\\/wp-content\\\/uploads\\\/2024\\\/07\\\/logo.png\",\"contentUrl\":\"https:\\\/\\\/www.koonings.com\\\/wp-content\\\/uploads\\\/2024\\\/07\\\/logo.png\",\"width\":600,\"height\":428,\"caption\":\"Koonings\"},\"image\":{\"@id\":\"https:\\\/\\\/www.koonings.com\\\/fr\\\/#\\\/schema\\\/logo\\\/image\\\/\"},\"sameAs\":[\"https:\\\/\\\/www.facebook.com\\\/kooningstheweddingpalace\",\"https:\\\/\\\/www.instagram.com\\\/kooningstheweddingpalace\",\"https:\\\/\\\/www.pinterest.com\\\/koonings\",\"https:\\\/\\\/www.youtube.com\\\/kooningstheweddingpalace\"]}]}<\/script>\n<!-- \/ Yoast SEO plugin. -->","yoast_head_json":{"title":"Ladybird Baiza LB124BG1 | Koonings","description":"Cette robe de princesse de ligne A met en valeur la silhouette f\u00e9minine gr\u00e2ce \u00e0 de magnifiques d\u00e9tails de dentelle florale et \u00e0 une taille naturelle, qui s'\u00e9coule \u00e9l\u00e9gamment vers la jupe et la tra\u00eene en tulle souple.","robots":{"index":"index","follow":"follow","max-snippet":"max-snippet:-1","max-image-preview":"max-image-preview:large","max-video-preview":"max-video-preview:-1"},"canonical":"https:\/\/www.koonings.com\/fr\/product\/ladybird-baiza-lb124bg1\/","og_locale":"fr_FR","og_type":"article","og_title":"Ladybird Baiza LB124BG1 | Koonings","og_description":"Cette robe de princesse de ligne A met en valeur la silhouette f\u00e9minine gr\u00e2ce \u00e0 de magnifiques d\u00e9tails de dentelle florale et \u00e0 une taille naturelle, qui s'\u00e9coule \u00e9l\u00e9gamment vers la jupe et la tra\u00eene en tulle souple.","og_url":"https:\/\/www.koonings.com\/fr\/product\/ladybird-baiza-lb124bg1\/","og_site_name":"Koonings","article_publisher":"https:\/\/www.facebook.com\/kooningstheweddingpalace","og_image":[{"width":300,"height":450,"url":"https:\/\/www.koonings.com\/wp-content\/uploads\/2024\/11\/39613_58545f18a63361420aebafd63d0b0c4f0cf7fe3d5599fcff585e1cd9cf773d3e63432e8f.jpeg","type":"image\/jpeg"}],"twitter_card":"summary_large_image","schema":{"@context":"https:\/\/schema.org","@graph":[{"@type":"WebPage","@id":"https:\/\/www.koonings.com\/fr\/product\/ladybird-baiza-lb124bg1\/","url":"https:\/\/www.koonings.com\/fr\/product\/ladybird-baiza-lb124bg1\/","name":"Ladybird Baiza LB124BG1 | Koonings","isPartOf":{"@id":"https:\/\/www.koonings.com\/fr\/#website"},"primaryImageOfPage":{"@id":"https:\/\/www.koonings.com\/fr\/product\/ladybird-baiza-lb124bg1\/#primaryimage"},"image":{"@id":"https:\/\/www.koonings.com\/fr\/product\/ladybird-baiza-lb124bg1\/#primaryimage"},"thumbnailUrl":"https:\/\/www.koonings.com\/wp-content\/uploads\/2024\/11\/39613_58545f18a63361420aebafd63d0b0c4f0cf7fe3d5599fcff585e1cd9cf773d3e63432e8f.jpeg","datePublished":"2026-04-28T16:14:28+00:00","description":"Cette robe de princesse de ligne A met en valeur la silhouette f\u00e9minine gr\u00e2ce \u00e0 de magnifiques d\u00e9tails de dentelle florale et \u00e0 une taille naturelle, qui s'\u00e9coule \u00e9l\u00e9gamment vers la jupe et la tra\u00eene en tulle souple.","breadcrumb":{"@id":"https:\/\/www.koonings.com\/fr\/product\/ladybird-baiza-lb124bg1\/#breadcrumb"},"inLanguage":"fr-FR","potentialAction":[{"@type":"ReadAction","target":["https:\/\/www.koonings.com\/fr\/product\/ladybird-baiza-lb124bg1\/"]}]},{"@type":"ImageObject","inLanguage":"fr-FR","@id":"https:\/\/www.koonings.com\/fr\/product\/ladybird-baiza-lb124bg1\/#primaryimage","url":"https:\/\/www.koonings.com\/wp-content\/uploads\/2024\/11\/39613_58545f18a63361420aebafd63d0b0c4f0cf7fe3d5599fcff585e1cd9cf773d3e63432e8f.jpeg","contentUrl":"https:\/\/www.koonings.com\/wp-content\/uploads\/2024\/11\/39613_58545f18a63361420aebafd63d0b0c4f0cf7fe3d5599fcff585e1cd9cf773d3e63432e8f.jpeg","width":300,"height":450},{"@type":"BreadcrumbList","@id":"https:\/\/www.koonings.com\/fr\/product\/ladybird-baiza-lb124bg1\/#breadcrumb","itemListElement":[{"@type":"ListItem","position":1,"name":"Home","item":"https:\/\/www.koonings.com\/fr\/"},{"@type":"ListItem","position":2,"name":"Ladybird Baiza LB124BG1"}]},{"@type":"WebSite","@id":"https:\/\/www.koonings.com\/fr\/#website","url":"https:\/\/www.koonings.com\/fr\/","name":"Koonings","description":"De grootste bruidsmodewinkel ter wereld","publisher":{"@id":"https:\/\/www.koonings.com\/fr\/#organization"},"potentialAction":[{"@type":"SearchAction","target":{"@type":"EntryPoint","urlTemplate":"https:\/\/www.koonings.com\/fr\/?s={search_term_string}"},"query-input":{"@type":"PropertyValueSpecification","valueRequired":true,"valueName":"search_term_string"}}],"inLanguage":"fr-FR"},{"@type":"Organization","@id":"https:\/\/www.koonings.com\/fr\/#organization","name":"Koonings","url":"https:\/\/www.koonings.com\/fr\/","logo":{"@type":"ImageObject","inLanguage":"fr-FR","@id":"https:\/\/www.koonings.com\/fr\/#\/schema\/logo\/image\/","url":"https:\/\/www.koonings.com\/wp-content\/uploads\/2024\/07\/logo.png","contentUrl":"https:\/\/www.koonings.com\/wp-content\/uploads\/2024\/07\/logo.png","width":600,"height":428,"caption":"Koonings"},"image":{"@id":"https:\/\/www.koonings.com\/fr\/#\/schema\/logo\/image\/"},"sameAs":["https:\/\/www.facebook.com\/kooningstheweddingpalace","https:\/\/www.instagram.com\/kooningstheweddingpalace","https:\/\/www.pinterest.com\/koonings","https:\/\/www.youtube.com\/kooningstheweddingpalace"]}]}},"_links":{"self":[{"href":"https:\/\/www.koonings.com\/fr\/wp-json\/wp\/v2\/product\/79486","targetHints":{"allow":["GET"]}}],"collection":[{"href":"https:\/\/www.koonings.com\/fr\/wp-json\/wp\/v2\/product"}],"about":[{"href":"https:\/\/www.koonings.com\/fr\/wp-json\/wp\/v2\/types\/product"}],"wp:featuredmedia":[{"embeddable":true,"href":"https:\/\/www.koonings.com\/fr\/wp-json\/wp\/v2\/media\/69411"}],"wp:attachment":[{"href":"https:\/\/www.koonings.com\/fr\/wp-json\/wp\/v2\/media?parent=79486"}],"wp:term":[{"taxonomy":"productdetails","embeddable":true,"href":"https:\/\/www.koonings.com\/fr\/wp-json\/wp\/v2\/productdetails?post=79486"},{"taxonomy":"productneck","embeddable":true,"href":"https:\/\/www.koonings.com\/fr\/wp-json\/wp\/v2\/productneck?post=79486"},{"taxonomy":"productcolor","embeddable":true,"href":"https:\/\/www.koonings.com\/fr\/wp-json\/wp\/v2\/productcolor?post=79486"},{"taxonomy":"maat","embeddable":true,"href":"https:\/\/www.koonings.com\/fr\/wp-json\/wp\/v2\/maat?post=79486"},{"taxonomy":"productsupplier","embeddable":true,"href":"https:\/\/www.koonings.com\/fr\/wp-json\/wp\/v2\/productsupplier?post=79486"},{"taxonomy":"productsleeve","embeddable":true,"href":"https:\/\/www.koonings.com\/fr\/wp-json\/wp\/v2\/productsleeve?post=79486"},{"taxonomy":"productcategory","embeddable":true,"href":"https:\/\/www.koonings.com\/fr\/wp-json\/wp\/v2\/productcategory?post=79486"},{"taxonomy":"productsilhouette","embeddable":true,"href":"https:\/\/www.koonings.com\/fr\/wp-json\/wp\/v2\/productsilhouette?post=79486"},{"taxonomy":"productstyle","embeddable":true,"href":"https:\/\/www.koonings.com\/fr\/wp-json\/wp\/v2\/productstyle?post=79486"}],"curies":[{"name":"wp","href":"https:\/\/api.w.org\/{rel}","templated":true}]}}