{"id":79461,"date":"2025-11-22T11:00:20","date_gmt":"2025-11-22T10:00:20","guid":{"rendered":"https:\/\/www.koonings.com\/product\/ladybird-jacinta-lb124df2\/"},"modified":"2026-02-03T19:54:16","modified_gmt":"2026-02-03T18:54:16","slug":"ladybird-jacinta-lb124df2","status":"publish","type":"product","link":"https:\/\/www.koonings.com\/fr\/product\/ladybird-jacinta-lb124df2\/","title":{"rendered":"Ladybird Jacinta LB124DF2"},"content":{"rendered":"<p>Id\u00e9al pour les mari\u00e9es modernes et romantiques, ce mod\u00e8le peut \u00eatre adapt\u00e9 \u00e0 toutes les silhouettes. Le corsage pr\u00e9sente un d\u00e9collet\u00e9 en V, des manches d\u00e9collet\u00e9es, de la dentelle semi-illusionn\u00e9e et des boutons au dos. R\u00e9alis\u00e9e en tulle romantique, avec des d\u00e9tails glamour en paillettes et en perles.  <\/p>\n","protected":false},"featured_media":69523,"template":"","meta":{"_acf_changed":false,"ghostkit_customizer_options":"","ghostkit_custom_css":"","ghostkit_custom_js_head":"","ghostkit_custom_js_foot":"","ghostkit_typography":""},"productdetails":[381],"productneck":[356],"productcolor":[392],"maat":[],"productsupplier":[437],"productsleeve":[363],"productcategory":[18],"productsilhouette":[384],"productstyle":[366],"class_list":["post-79461","product","type-product","status-publish","has-post-thumbnail","hentry","productdetails-381","productneck-356","productcolor-392","productsupplier-ladybird","productsleeve-363","productcategory-trouwjurken","productsilhouette-384","productstyle-366"],"acf":[],"yoast_head":"<!-- This site is optimized with the Yoast SEO plugin v27.3 - https:\/\/yoast.com\/product\/yoast-seo-wordpress\/ -->\n<title>Ladybird Jacinta LB124DF2 | Koonings<\/title>\n<meta name=\"description\" content=\"Id\u00e9al pour les mari\u00e9es modernes et romantiques, ce mod\u00e8le peut \u00eatre adapt\u00e9 \u00e0 toutes les silhouettes. Le corsage pr\u00e9sente un d\u00e9collet\u00e9 en V, des manches d\u00e9collet\u00e9es, de la dentelle semi-illusionn\u00e9e et des boutons au dos. R\u00e9alis\u00e9e en tulle romantique, avec des d\u00e9tails glamour en paillettes et en perles.\" \/>\n<meta name=\"robots\" content=\"index, follow, max-snippet:-1, max-image-preview:large, max-video-preview:-1\" \/>\n<link rel=\"canonical\" href=\"https:\/\/www.koonings.com\/fr\/product\/ladybird-jacinta-lb124df2\/\" \/>\n<meta property=\"og:locale\" content=\"fr_FR\" \/>\n<meta property=\"og:type\" content=\"article\" \/>\n<meta property=\"og:title\" content=\"Ladybird Jacinta LB124DF2 | Koonings\" \/>\n<meta property=\"og:description\" content=\"Id\u00e9al pour les mari\u00e9es modernes et romantiques, ce mod\u00e8le peut \u00eatre adapt\u00e9 \u00e0 toutes les silhouettes. Le corsage pr\u00e9sente un d\u00e9collet\u00e9 en V, des manches d\u00e9collet\u00e9es, de la dentelle semi-illusionn\u00e9e et des boutons au dos. R\u00e9alis\u00e9e en tulle romantique, avec des d\u00e9tails glamour en paillettes et en perles.\" \/>\n<meta property=\"og:url\" content=\"https:\/\/www.koonings.com\/fr\/product\/ladybird-jacinta-lb124df2\/\" \/>\n<meta property=\"og:site_name\" content=\"Koonings\" \/>\n<meta property=\"article:publisher\" content=\"https:\/\/www.facebook.com\/kooningstheweddingpalace\" \/>\n<meta property=\"article:modified_time\" content=\"2026-02-03T18:54:16+00:00\" \/>\n<meta property=\"og:image\" content=\"https:\/\/www.koonings.com\/wp-content\/uploads\/2024\/11\/39145_208819fd1df3ddea77590a3f421b6cd83081f93b4777f362a640e377743f54f1f4ae936c-scaled.jpeg\" \/>\n\t<meta property=\"og:image:width\" content=\"1812\" \/>\n\t<meta property=\"og:image:height\" content=\"2560\" \/>\n\t<meta property=\"og:image:type\" content=\"image\/jpeg\" \/>\n<meta name=\"twitter:card\" content=\"summary_large_image\" \/>\n<script type=\"application\/ld+json\" class=\"yoast-schema-graph\">{\"@context\":\"https:\\\/\\\/schema.org\",\"@graph\":[{\"@type\":\"WebPage\",\"@id\":\"https:\\\/\\\/www.koonings.com\\\/fr\\\/product\\\/ladybird-jacinta-lb124df2\\\/\",\"url\":\"https:\\\/\\\/www.koonings.com\\\/fr\\\/product\\\/ladybird-jacinta-lb124df2\\\/\",\"name\":\"Ladybird Jacinta LB124DF2 | Koonings\",\"isPartOf\":{\"@id\":\"https:\\\/\\\/www.koonings.com\\\/fr\\\/#website\"},\"primaryImageOfPage\":{\"@id\":\"https:\\\/\\\/www.koonings.com\\\/fr\\\/product\\\/ladybird-jacinta-lb124df2\\\/#primaryimage\"},\"image\":{\"@id\":\"https:\\\/\\\/www.koonings.com\\\/fr\\\/product\\\/ladybird-jacinta-lb124df2\\\/#primaryimage\"},\"thumbnailUrl\":\"https:\\\/\\\/www.koonings.com\\\/wp-content\\\/uploads\\\/2024\\\/11\\\/39145_208819fd1df3ddea77590a3f421b6cd83081f93b4777f362a640e377743f54f1f4ae936c-scaled.jpeg\",\"datePublished\":\"2025-11-22T10:00:20+00:00\",\"dateModified\":\"2026-02-03T18:54:16+00:00\",\"description\":\"Id\u00e9al pour les mari\u00e9es modernes et romantiques, ce mod\u00e8le peut \u00eatre adapt\u00e9 \u00e0 toutes les silhouettes. Le corsage pr\u00e9sente un d\u00e9collet\u00e9 en V, des manches d\u00e9collet\u00e9es, de la dentelle semi-illusionn\u00e9e et des boutons au dos. R\u00e9alis\u00e9e en tulle romantique, avec des d\u00e9tails glamour en paillettes et en perles.\",\"breadcrumb\":{\"@id\":\"https:\\\/\\\/www.koonings.com\\\/fr\\\/product\\\/ladybird-jacinta-lb124df2\\\/#breadcrumb\"},\"inLanguage\":\"fr-FR\",\"potentialAction\":[{\"@type\":\"ReadAction\",\"target\":[\"https:\\\/\\\/www.koonings.com\\\/fr\\\/product\\\/ladybird-jacinta-lb124df2\\\/\"]}]},{\"@type\":\"ImageObject\",\"inLanguage\":\"fr-FR\",\"@id\":\"https:\\\/\\\/www.koonings.com\\\/fr\\\/product\\\/ladybird-jacinta-lb124df2\\\/#primaryimage\",\"url\":\"https:\\\/\\\/www.koonings.com\\\/wp-content\\\/uploads\\\/2024\\\/11\\\/39145_208819fd1df3ddea77590a3f421b6cd83081f93b4777f362a640e377743f54f1f4ae936c-scaled.jpeg\",\"contentUrl\":\"https:\\\/\\\/www.koonings.com\\\/wp-content\\\/uploads\\\/2024\\\/11\\\/39145_208819fd1df3ddea77590a3f421b6cd83081f93b4777f362a640e377743f54f1f4ae936c-scaled.jpeg\",\"width\":1812,\"height\":2560},{\"@type\":\"BreadcrumbList\",\"@id\":\"https:\\\/\\\/www.koonings.com\\\/fr\\\/product\\\/ladybird-jacinta-lb124df2\\\/#breadcrumb\",\"itemListElement\":[{\"@type\":\"ListItem\",\"position\":1,\"name\":\"Home\",\"item\":\"https:\\\/\\\/www.koonings.com\\\/fr\\\/\"},{\"@type\":\"ListItem\",\"position\":2,\"name\":\"Ladybird Jacinta LB124DF2\"}]},{\"@type\":\"WebSite\",\"@id\":\"https:\\\/\\\/www.koonings.com\\\/fr\\\/#website\",\"url\":\"https:\\\/\\\/www.koonings.com\\\/fr\\\/\",\"name\":\"Koonings\",\"description\":\"De grootste bruidsmodewinkel ter wereld\",\"publisher\":{\"@id\":\"https:\\\/\\\/www.koonings.com\\\/fr\\\/#organization\"},\"potentialAction\":[{\"@type\":\"SearchAction\",\"target\":{\"@type\":\"EntryPoint\",\"urlTemplate\":\"https:\\\/\\\/www.koonings.com\\\/fr\\\/?s={search_term_string}\"},\"query-input\":{\"@type\":\"PropertyValueSpecification\",\"valueRequired\":true,\"valueName\":\"search_term_string\"}}],\"inLanguage\":\"fr-FR\"},{\"@type\":\"Organization\",\"@id\":\"https:\\\/\\\/www.koonings.com\\\/fr\\\/#organization\",\"name\":\"Koonings\",\"url\":\"https:\\\/\\\/www.koonings.com\\\/fr\\\/\",\"logo\":{\"@type\":\"ImageObject\",\"inLanguage\":\"fr-FR\",\"@id\":\"https:\\\/\\\/www.koonings.com\\\/fr\\\/#\\\/schema\\\/logo\\\/image\\\/\",\"url\":\"https:\\\/\\\/www.koonings.com\\\/wp-content\\\/uploads\\\/2024\\\/07\\\/logo.png\",\"contentUrl\":\"https:\\\/\\\/www.koonings.com\\\/wp-content\\\/uploads\\\/2024\\\/07\\\/logo.png\",\"width\":600,\"height\":428,\"caption\":\"Koonings\"},\"image\":{\"@id\":\"https:\\\/\\\/www.koonings.com\\\/fr\\\/#\\\/schema\\\/logo\\\/image\\\/\"},\"sameAs\":[\"https:\\\/\\\/www.facebook.com\\\/kooningstheweddingpalace\",\"https:\\\/\\\/www.instagram.com\\\/kooningstheweddingpalace\",\"https:\\\/\\\/www.pinterest.com\\\/koonings\",\"https:\\\/\\\/www.youtube.com\\\/kooningstheweddingpalace\"]}]}<\/script>\n<!-- \/ Yoast SEO plugin. -->","yoast_head_json":{"title":"Ladybird Jacinta LB124DF2 | Koonings","description":"Id\u00e9al pour les mari\u00e9es modernes et romantiques, ce mod\u00e8le peut \u00eatre adapt\u00e9 \u00e0 toutes les silhouettes. Le corsage pr\u00e9sente un d\u00e9collet\u00e9 en V, des manches d\u00e9collet\u00e9es, de la dentelle semi-illusionn\u00e9e et des boutons au dos. R\u00e9alis\u00e9e en tulle romantique, avec des d\u00e9tails glamour en paillettes et en perles.","robots":{"index":"index","follow":"follow","max-snippet":"max-snippet:-1","max-image-preview":"max-image-preview:large","max-video-preview":"max-video-preview:-1"},"canonical":"https:\/\/www.koonings.com\/fr\/product\/ladybird-jacinta-lb124df2\/","og_locale":"fr_FR","og_type":"article","og_title":"Ladybird Jacinta LB124DF2 | Koonings","og_description":"Id\u00e9al pour les mari\u00e9es modernes et romantiques, ce mod\u00e8le peut \u00eatre adapt\u00e9 \u00e0 toutes les silhouettes. Le corsage pr\u00e9sente un d\u00e9collet\u00e9 en V, des manches d\u00e9collet\u00e9es, de la dentelle semi-illusionn\u00e9e et des boutons au dos. R\u00e9alis\u00e9e en tulle romantique, avec des d\u00e9tails glamour en paillettes et en perles.","og_url":"https:\/\/www.koonings.com\/fr\/product\/ladybird-jacinta-lb124df2\/","og_site_name":"Koonings","article_publisher":"https:\/\/www.facebook.com\/kooningstheweddingpalace","article_modified_time":"2026-02-03T18:54:16+00:00","og_image":[{"width":1812,"height":2560,"url":"https:\/\/www.koonings.com\/wp-content\/uploads\/2024\/11\/39145_208819fd1df3ddea77590a3f421b6cd83081f93b4777f362a640e377743f54f1f4ae936c-scaled.jpeg","type":"image\/jpeg"}],"twitter_card":"summary_large_image","schema":{"@context":"https:\/\/schema.org","@graph":[{"@type":"WebPage","@id":"https:\/\/www.koonings.com\/fr\/product\/ladybird-jacinta-lb124df2\/","url":"https:\/\/www.koonings.com\/fr\/product\/ladybird-jacinta-lb124df2\/","name":"Ladybird Jacinta LB124DF2 | Koonings","isPartOf":{"@id":"https:\/\/www.koonings.com\/fr\/#website"},"primaryImageOfPage":{"@id":"https:\/\/www.koonings.com\/fr\/product\/ladybird-jacinta-lb124df2\/#primaryimage"},"image":{"@id":"https:\/\/www.koonings.com\/fr\/product\/ladybird-jacinta-lb124df2\/#primaryimage"},"thumbnailUrl":"https:\/\/www.koonings.com\/wp-content\/uploads\/2024\/11\/39145_208819fd1df3ddea77590a3f421b6cd83081f93b4777f362a640e377743f54f1f4ae936c-scaled.jpeg","datePublished":"2025-11-22T10:00:20+00:00","dateModified":"2026-02-03T18:54:16+00:00","description":"Id\u00e9al pour les mari\u00e9es modernes et romantiques, ce mod\u00e8le peut \u00eatre adapt\u00e9 \u00e0 toutes les silhouettes. Le corsage pr\u00e9sente un d\u00e9collet\u00e9 en V, des manches d\u00e9collet\u00e9es, de la dentelle semi-illusionn\u00e9e et des boutons au dos. R\u00e9alis\u00e9e en tulle romantique, avec des d\u00e9tails glamour en paillettes et en perles.","breadcrumb":{"@id":"https:\/\/www.koonings.com\/fr\/product\/ladybird-jacinta-lb124df2\/#breadcrumb"},"inLanguage":"fr-FR","potentialAction":[{"@type":"ReadAction","target":["https:\/\/www.koonings.com\/fr\/product\/ladybird-jacinta-lb124df2\/"]}]},{"@type":"ImageObject","inLanguage":"fr-FR","@id":"https:\/\/www.koonings.com\/fr\/product\/ladybird-jacinta-lb124df2\/#primaryimage","url":"https:\/\/www.koonings.com\/wp-content\/uploads\/2024\/11\/39145_208819fd1df3ddea77590a3f421b6cd83081f93b4777f362a640e377743f54f1f4ae936c-scaled.jpeg","contentUrl":"https:\/\/www.koonings.com\/wp-content\/uploads\/2024\/11\/39145_208819fd1df3ddea77590a3f421b6cd83081f93b4777f362a640e377743f54f1f4ae936c-scaled.jpeg","width":1812,"height":2560},{"@type":"BreadcrumbList","@id":"https:\/\/www.koonings.com\/fr\/product\/ladybird-jacinta-lb124df2\/#breadcrumb","itemListElement":[{"@type":"ListItem","position":1,"name":"Home","item":"https:\/\/www.koonings.com\/fr\/"},{"@type":"ListItem","position":2,"name":"Ladybird Jacinta LB124DF2"}]},{"@type":"WebSite","@id":"https:\/\/www.koonings.com\/fr\/#website","url":"https:\/\/www.koonings.com\/fr\/","name":"Koonings","description":"De grootste bruidsmodewinkel ter wereld","publisher":{"@id":"https:\/\/www.koonings.com\/fr\/#organization"},"potentialAction":[{"@type":"SearchAction","target":{"@type":"EntryPoint","urlTemplate":"https:\/\/www.koonings.com\/fr\/?s={search_term_string}"},"query-input":{"@type":"PropertyValueSpecification","valueRequired":true,"valueName":"search_term_string"}}],"inLanguage":"fr-FR"},{"@type":"Organization","@id":"https:\/\/www.koonings.com\/fr\/#organization","name":"Koonings","url":"https:\/\/www.koonings.com\/fr\/","logo":{"@type":"ImageObject","inLanguage":"fr-FR","@id":"https:\/\/www.koonings.com\/fr\/#\/schema\/logo\/image\/","url":"https:\/\/www.koonings.com\/wp-content\/uploads\/2024\/07\/logo.png","contentUrl":"https:\/\/www.koonings.com\/wp-content\/uploads\/2024\/07\/logo.png","width":600,"height":428,"caption":"Koonings"},"image":{"@id":"https:\/\/www.koonings.com\/fr\/#\/schema\/logo\/image\/"},"sameAs":["https:\/\/www.facebook.com\/kooningstheweddingpalace","https:\/\/www.instagram.com\/kooningstheweddingpalace","https:\/\/www.pinterest.com\/koonings","https:\/\/www.youtube.com\/kooningstheweddingpalace"]}]}},"_links":{"self":[{"href":"https:\/\/www.koonings.com\/fr\/wp-json\/wp\/v2\/product\/79461","targetHints":{"allow":["GET"]}}],"collection":[{"href":"https:\/\/www.koonings.com\/fr\/wp-json\/wp\/v2\/product"}],"about":[{"href":"https:\/\/www.koonings.com\/fr\/wp-json\/wp\/v2\/types\/product"}],"wp:featuredmedia":[{"embeddable":true,"href":"https:\/\/www.koonings.com\/fr\/wp-json\/wp\/v2\/media\/69523"}],"wp:attachment":[{"href":"https:\/\/www.koonings.com\/fr\/wp-json\/wp\/v2\/media?parent=79461"}],"wp:term":[{"taxonomy":"productdetails","embeddable":true,"href":"https:\/\/www.koonings.com\/fr\/wp-json\/wp\/v2\/productdetails?post=79461"},{"taxonomy":"productneck","embeddable":true,"href":"https:\/\/www.koonings.com\/fr\/wp-json\/wp\/v2\/productneck?post=79461"},{"taxonomy":"productcolor","embeddable":true,"href":"https:\/\/www.koonings.com\/fr\/wp-json\/wp\/v2\/productcolor?post=79461"},{"taxonomy":"maat","embeddable":true,"href":"https:\/\/www.koonings.com\/fr\/wp-json\/wp\/v2\/maat?post=79461"},{"taxonomy":"productsupplier","embeddable":true,"href":"https:\/\/www.koonings.com\/fr\/wp-json\/wp\/v2\/productsupplier?post=79461"},{"taxonomy":"productsleeve","embeddable":true,"href":"https:\/\/www.koonings.com\/fr\/wp-json\/wp\/v2\/productsleeve?post=79461"},{"taxonomy":"productcategory","embeddable":true,"href":"https:\/\/www.koonings.com\/fr\/wp-json\/wp\/v2\/productcategory?post=79461"},{"taxonomy":"productsilhouette","embeddable":true,"href":"https:\/\/www.koonings.com\/fr\/wp-json\/wp\/v2\/productsilhouette?post=79461"},{"taxonomy":"productstyle","embeddable":true,"href":"https:\/\/www.koonings.com\/fr\/wp-json\/wp\/v2\/productstyle?post=79461"}],"curies":[{"name":"wp","href":"https:\/\/api.w.org\/{rel}","templated":true}]}}