{"id":79439,"date":"2025-12-15T00:20:08","date_gmt":"2025-12-14T23:20:08","guid":{"rendered":"https:\/\/www.koonings.com\/product\/ladybird-alzena-ly124am2\/"},"modified":"2026-02-03T19:54:51","modified_gmt":"2026-02-03T18:54:51","slug":"ladybird-alzena-ly124am2","status":"publish","type":"product","link":"https:\/\/www.koonings.com\/fr\/product\/ladybird-alzena-ly124am2\/","title":{"rendered":"Ladybird Alzena LY124AM2"},"content":{"rendered":"<p>Robe de mari\u00e9e taille haute \u00e0 la coupe \u00e9vas\u00e9e de Ladybird. Cette \u00e9l\u00e9gante robe de mari\u00e9e pr\u00e9sente une belle coupe ajust\u00e9e avec des d\u00e9coupes en dentelle \u00e0 la taille. Le dos est \u00e0 taille haute et d\u00e9cor\u00e9 de dentelle illusion et d&#8217;une rang\u00e9e de boutons. En outre, cette robe de mari\u00e9e est dot\u00e9e d&#8217;une belle tra\u00eene en forme de fleur.   <\/p>\n","protected":false},"featured_media":69640,"template":"","meta":{"_acf_changed":false,"ghostkit_customizer_options":"","ghostkit_custom_css":"","ghostkit_custom_js_head":"","ghostkit_custom_js_foot":"","ghostkit_typography":""},"productdetails":[379,376],"productneck":[350],"productcolor":[392],"maat":[],"productsupplier":[437],"productsleeve":[359],"productcategory":[18],"productsilhouette":[387],"productstyle":[366],"class_list":["post-79439","product","type-product","status-publish","has-post-thumbnail","hentry","productdetails-379","productdetails-376","productneck-350","productcolor-392","productsupplier-ladybird","productsleeve-359","productcategory-trouwjurken","productsilhouette-387","productstyle-366"],"acf":[],"yoast_head":"<!-- This site is optimized with the Yoast SEO plugin v27.3 - https:\/\/yoast.com\/product\/yoast-seo-wordpress\/ -->\n<title>Ladybird Alzena LY124AM2 | Koonings<\/title>\n<meta name=\"description\" content=\"Robe de mari\u00e9e taille haute \u00e0 la coupe \u00e9vas\u00e9e de Ladybird. Cette \u00e9l\u00e9gante robe de mari\u00e9e pr\u00e9sente une belle coupe ajust\u00e9e avec des d\u00e9coupes en dentelle \u00e0 la taille. Le dos est \u00e0 taille haute et d\u00e9cor\u00e9 de dentelle illusion et d&#039;une rang\u00e9e de boutons. En outre, cette robe de mari\u00e9e est dot\u00e9e d&#039;une belle tra\u00eene en forme de fleur.\" \/>\n<meta name=\"robots\" content=\"index, follow, max-snippet:-1, max-image-preview:large, max-video-preview:-1\" \/>\n<link rel=\"canonical\" href=\"https:\/\/www.koonings.com\/fr\/product\/ladybird-alzena-ly124am2\/\" \/>\n<meta property=\"og:locale\" content=\"fr_FR\" \/>\n<meta property=\"og:type\" content=\"article\" \/>\n<meta property=\"og:title\" content=\"Ladybird Alzena LY124AM2 | Koonings\" \/>\n<meta property=\"og:description\" content=\"Robe de mari\u00e9e taille haute \u00e0 la coupe \u00e9vas\u00e9e de Ladybird. Cette \u00e9l\u00e9gante robe de mari\u00e9e pr\u00e9sente une belle coupe ajust\u00e9e avec des d\u00e9coupes en dentelle \u00e0 la taille. Le dos est \u00e0 taille haute et d\u00e9cor\u00e9 de dentelle illusion et d&#039;une rang\u00e9e de boutons. En outre, cette robe de mari\u00e9e est dot\u00e9e d&#039;une belle tra\u00eene en forme de fleur.\" \/>\n<meta property=\"og:url\" content=\"https:\/\/www.koonings.com\/fr\/product\/ladybird-alzena-ly124am2\/\" \/>\n<meta property=\"og:site_name\" content=\"Koonings\" \/>\n<meta property=\"article:publisher\" content=\"https:\/\/www.facebook.com\/kooningstheweddingpalace\" \/>\n<meta property=\"article:modified_time\" content=\"2026-02-03T18:54:51+00:00\" \/>\n<meta property=\"og:image\" content=\"https:\/\/www.koonings.com\/wp-content\/uploads\/2024\/11\/39162_bdc4c542c888b49e3d32e281003fd70ff93ddfc3a03925c56759b8ecfe10f625643b88e7-scaled.jpeg\" \/>\n\t<meta property=\"og:image:width\" content=\"1810\" \/>\n\t<meta property=\"og:image:height\" content=\"2560\" \/>\n\t<meta property=\"og:image:type\" content=\"image\/jpeg\" \/>\n<meta name=\"twitter:card\" content=\"summary_large_image\" \/>\n<script type=\"application\/ld+json\" class=\"yoast-schema-graph\">{\"@context\":\"https:\\\/\\\/schema.org\",\"@graph\":[{\"@type\":\"WebPage\",\"@id\":\"https:\\\/\\\/www.koonings.com\\\/fr\\\/product\\\/ladybird-alzena-ly124am2\\\/\",\"url\":\"https:\\\/\\\/www.koonings.com\\\/fr\\\/product\\\/ladybird-alzena-ly124am2\\\/\",\"name\":\"Ladybird Alzena LY124AM2 | Koonings\",\"isPartOf\":{\"@id\":\"https:\\\/\\\/www.koonings.com\\\/fr\\\/#website\"},\"primaryImageOfPage\":{\"@id\":\"https:\\\/\\\/www.koonings.com\\\/fr\\\/product\\\/ladybird-alzena-ly124am2\\\/#primaryimage\"},\"image\":{\"@id\":\"https:\\\/\\\/www.koonings.com\\\/fr\\\/product\\\/ladybird-alzena-ly124am2\\\/#primaryimage\"},\"thumbnailUrl\":\"https:\\\/\\\/www.koonings.com\\\/wp-content\\\/uploads\\\/2024\\\/11\\\/39162_bdc4c542c888b49e3d32e281003fd70ff93ddfc3a03925c56759b8ecfe10f625643b88e7-scaled.jpeg\",\"datePublished\":\"2025-12-14T23:20:08+00:00\",\"dateModified\":\"2026-02-03T18:54:51+00:00\",\"description\":\"Robe de mari\u00e9e taille haute \u00e0 la coupe \u00e9vas\u00e9e de Ladybird. Cette \u00e9l\u00e9gante robe de mari\u00e9e pr\u00e9sente une belle coupe ajust\u00e9e avec des d\u00e9coupes en dentelle \u00e0 la taille. Le dos est \u00e0 taille haute et d\u00e9cor\u00e9 de dentelle illusion et d'une rang\u00e9e de boutons. En outre, cette robe de mari\u00e9e est dot\u00e9e d'une belle tra\u00eene en forme de fleur.\",\"breadcrumb\":{\"@id\":\"https:\\\/\\\/www.koonings.com\\\/fr\\\/product\\\/ladybird-alzena-ly124am2\\\/#breadcrumb\"},\"inLanguage\":\"fr-FR\",\"potentialAction\":[{\"@type\":\"ReadAction\",\"target\":[\"https:\\\/\\\/www.koonings.com\\\/fr\\\/product\\\/ladybird-alzena-ly124am2\\\/\"]}]},{\"@type\":\"ImageObject\",\"inLanguage\":\"fr-FR\",\"@id\":\"https:\\\/\\\/www.koonings.com\\\/fr\\\/product\\\/ladybird-alzena-ly124am2\\\/#primaryimage\",\"url\":\"https:\\\/\\\/www.koonings.com\\\/wp-content\\\/uploads\\\/2024\\\/11\\\/39162_bdc4c542c888b49e3d32e281003fd70ff93ddfc3a03925c56759b8ecfe10f625643b88e7-scaled.jpeg\",\"contentUrl\":\"https:\\\/\\\/www.koonings.com\\\/wp-content\\\/uploads\\\/2024\\\/11\\\/39162_bdc4c542c888b49e3d32e281003fd70ff93ddfc3a03925c56759b8ecfe10f625643b88e7-scaled.jpeg\",\"width\":1810,\"height\":2560},{\"@type\":\"BreadcrumbList\",\"@id\":\"https:\\\/\\\/www.koonings.com\\\/fr\\\/product\\\/ladybird-alzena-ly124am2\\\/#breadcrumb\",\"itemListElement\":[{\"@type\":\"ListItem\",\"position\":1,\"name\":\"Home\",\"item\":\"https:\\\/\\\/www.koonings.com\\\/fr\\\/\"},{\"@type\":\"ListItem\",\"position\":2,\"name\":\"Ladybird Alzena LY124AM2\"}]},{\"@type\":\"WebSite\",\"@id\":\"https:\\\/\\\/www.koonings.com\\\/fr\\\/#website\",\"url\":\"https:\\\/\\\/www.koonings.com\\\/fr\\\/\",\"name\":\"Koonings\",\"description\":\"De grootste bruidsmodewinkel ter wereld\",\"publisher\":{\"@id\":\"https:\\\/\\\/www.koonings.com\\\/fr\\\/#organization\"},\"potentialAction\":[{\"@type\":\"SearchAction\",\"target\":{\"@type\":\"EntryPoint\",\"urlTemplate\":\"https:\\\/\\\/www.koonings.com\\\/fr\\\/?s={search_term_string}\"},\"query-input\":{\"@type\":\"PropertyValueSpecification\",\"valueRequired\":true,\"valueName\":\"search_term_string\"}}],\"inLanguage\":\"fr-FR\"},{\"@type\":\"Organization\",\"@id\":\"https:\\\/\\\/www.koonings.com\\\/fr\\\/#organization\",\"name\":\"Koonings\",\"url\":\"https:\\\/\\\/www.koonings.com\\\/fr\\\/\",\"logo\":{\"@type\":\"ImageObject\",\"inLanguage\":\"fr-FR\",\"@id\":\"https:\\\/\\\/www.koonings.com\\\/fr\\\/#\\\/schema\\\/logo\\\/image\\\/\",\"url\":\"https:\\\/\\\/www.koonings.com\\\/wp-content\\\/uploads\\\/2024\\\/07\\\/logo.png\",\"contentUrl\":\"https:\\\/\\\/www.koonings.com\\\/wp-content\\\/uploads\\\/2024\\\/07\\\/logo.png\",\"width\":600,\"height\":428,\"caption\":\"Koonings\"},\"image\":{\"@id\":\"https:\\\/\\\/www.koonings.com\\\/fr\\\/#\\\/schema\\\/logo\\\/image\\\/\"},\"sameAs\":[\"https:\\\/\\\/www.facebook.com\\\/kooningstheweddingpalace\",\"https:\\\/\\\/www.instagram.com\\\/kooningstheweddingpalace\",\"https:\\\/\\\/www.pinterest.com\\\/koonings\",\"https:\\\/\\\/www.youtube.com\\\/kooningstheweddingpalace\"]}]}<\/script>\n<!-- \/ Yoast SEO plugin. -->","yoast_head_json":{"title":"Ladybird Alzena LY124AM2 | Koonings","description":"Robe de mari\u00e9e taille haute \u00e0 la coupe \u00e9vas\u00e9e de Ladybird. Cette \u00e9l\u00e9gante robe de mari\u00e9e pr\u00e9sente une belle coupe ajust\u00e9e avec des d\u00e9coupes en dentelle \u00e0 la taille. Le dos est \u00e0 taille haute et d\u00e9cor\u00e9 de dentelle illusion et d'une rang\u00e9e de boutons. En outre, cette robe de mari\u00e9e est dot\u00e9e d'une belle tra\u00eene en forme de fleur.","robots":{"index":"index","follow":"follow","max-snippet":"max-snippet:-1","max-image-preview":"max-image-preview:large","max-video-preview":"max-video-preview:-1"},"canonical":"https:\/\/www.koonings.com\/fr\/product\/ladybird-alzena-ly124am2\/","og_locale":"fr_FR","og_type":"article","og_title":"Ladybird Alzena LY124AM2 | Koonings","og_description":"Robe de mari\u00e9e taille haute \u00e0 la coupe \u00e9vas\u00e9e de Ladybird. Cette \u00e9l\u00e9gante robe de mari\u00e9e pr\u00e9sente une belle coupe ajust\u00e9e avec des d\u00e9coupes en dentelle \u00e0 la taille. Le dos est \u00e0 taille haute et d\u00e9cor\u00e9 de dentelle illusion et d'une rang\u00e9e de boutons. En outre, cette robe de mari\u00e9e est dot\u00e9e d'une belle tra\u00eene en forme de fleur.","og_url":"https:\/\/www.koonings.com\/fr\/product\/ladybird-alzena-ly124am2\/","og_site_name":"Koonings","article_publisher":"https:\/\/www.facebook.com\/kooningstheweddingpalace","article_modified_time":"2026-02-03T18:54:51+00:00","og_image":[{"width":1810,"height":2560,"url":"https:\/\/www.koonings.com\/wp-content\/uploads\/2024\/11\/39162_bdc4c542c888b49e3d32e281003fd70ff93ddfc3a03925c56759b8ecfe10f625643b88e7-scaled.jpeg","type":"image\/jpeg"}],"twitter_card":"summary_large_image","schema":{"@context":"https:\/\/schema.org","@graph":[{"@type":"WebPage","@id":"https:\/\/www.koonings.com\/fr\/product\/ladybird-alzena-ly124am2\/","url":"https:\/\/www.koonings.com\/fr\/product\/ladybird-alzena-ly124am2\/","name":"Ladybird Alzena LY124AM2 | Koonings","isPartOf":{"@id":"https:\/\/www.koonings.com\/fr\/#website"},"primaryImageOfPage":{"@id":"https:\/\/www.koonings.com\/fr\/product\/ladybird-alzena-ly124am2\/#primaryimage"},"image":{"@id":"https:\/\/www.koonings.com\/fr\/product\/ladybird-alzena-ly124am2\/#primaryimage"},"thumbnailUrl":"https:\/\/www.koonings.com\/wp-content\/uploads\/2024\/11\/39162_bdc4c542c888b49e3d32e281003fd70ff93ddfc3a03925c56759b8ecfe10f625643b88e7-scaled.jpeg","datePublished":"2025-12-14T23:20:08+00:00","dateModified":"2026-02-03T18:54:51+00:00","description":"Robe de mari\u00e9e taille haute \u00e0 la coupe \u00e9vas\u00e9e de Ladybird. Cette \u00e9l\u00e9gante robe de mari\u00e9e pr\u00e9sente une belle coupe ajust\u00e9e avec des d\u00e9coupes en dentelle \u00e0 la taille. Le dos est \u00e0 taille haute et d\u00e9cor\u00e9 de dentelle illusion et d'une rang\u00e9e de boutons. En outre, cette robe de mari\u00e9e est dot\u00e9e d'une belle tra\u00eene en forme de fleur.","breadcrumb":{"@id":"https:\/\/www.koonings.com\/fr\/product\/ladybird-alzena-ly124am2\/#breadcrumb"},"inLanguage":"fr-FR","potentialAction":[{"@type":"ReadAction","target":["https:\/\/www.koonings.com\/fr\/product\/ladybird-alzena-ly124am2\/"]}]},{"@type":"ImageObject","inLanguage":"fr-FR","@id":"https:\/\/www.koonings.com\/fr\/product\/ladybird-alzena-ly124am2\/#primaryimage","url":"https:\/\/www.koonings.com\/wp-content\/uploads\/2024\/11\/39162_bdc4c542c888b49e3d32e281003fd70ff93ddfc3a03925c56759b8ecfe10f625643b88e7-scaled.jpeg","contentUrl":"https:\/\/www.koonings.com\/wp-content\/uploads\/2024\/11\/39162_bdc4c542c888b49e3d32e281003fd70ff93ddfc3a03925c56759b8ecfe10f625643b88e7-scaled.jpeg","width":1810,"height":2560},{"@type":"BreadcrumbList","@id":"https:\/\/www.koonings.com\/fr\/product\/ladybird-alzena-ly124am2\/#breadcrumb","itemListElement":[{"@type":"ListItem","position":1,"name":"Home","item":"https:\/\/www.koonings.com\/fr\/"},{"@type":"ListItem","position":2,"name":"Ladybird Alzena LY124AM2"}]},{"@type":"WebSite","@id":"https:\/\/www.koonings.com\/fr\/#website","url":"https:\/\/www.koonings.com\/fr\/","name":"Koonings","description":"De grootste bruidsmodewinkel ter wereld","publisher":{"@id":"https:\/\/www.koonings.com\/fr\/#organization"},"potentialAction":[{"@type":"SearchAction","target":{"@type":"EntryPoint","urlTemplate":"https:\/\/www.koonings.com\/fr\/?s={search_term_string}"},"query-input":{"@type":"PropertyValueSpecification","valueRequired":true,"valueName":"search_term_string"}}],"inLanguage":"fr-FR"},{"@type":"Organization","@id":"https:\/\/www.koonings.com\/fr\/#organization","name":"Koonings","url":"https:\/\/www.koonings.com\/fr\/","logo":{"@type":"ImageObject","inLanguage":"fr-FR","@id":"https:\/\/www.koonings.com\/fr\/#\/schema\/logo\/image\/","url":"https:\/\/www.koonings.com\/wp-content\/uploads\/2024\/07\/logo.png","contentUrl":"https:\/\/www.koonings.com\/wp-content\/uploads\/2024\/07\/logo.png","width":600,"height":428,"caption":"Koonings"},"image":{"@id":"https:\/\/www.koonings.com\/fr\/#\/schema\/logo\/image\/"},"sameAs":["https:\/\/www.facebook.com\/kooningstheweddingpalace","https:\/\/www.instagram.com\/kooningstheweddingpalace","https:\/\/www.pinterest.com\/koonings","https:\/\/www.youtube.com\/kooningstheweddingpalace"]}]}},"_links":{"self":[{"href":"https:\/\/www.koonings.com\/fr\/wp-json\/wp\/v2\/product\/79439","targetHints":{"allow":["GET"]}}],"collection":[{"href":"https:\/\/www.koonings.com\/fr\/wp-json\/wp\/v2\/product"}],"about":[{"href":"https:\/\/www.koonings.com\/fr\/wp-json\/wp\/v2\/types\/product"}],"wp:featuredmedia":[{"embeddable":true,"href":"https:\/\/www.koonings.com\/fr\/wp-json\/wp\/v2\/media\/69640"}],"wp:attachment":[{"href":"https:\/\/www.koonings.com\/fr\/wp-json\/wp\/v2\/media?parent=79439"}],"wp:term":[{"taxonomy":"productdetails","embeddable":true,"href":"https:\/\/www.koonings.com\/fr\/wp-json\/wp\/v2\/productdetails?post=79439"},{"taxonomy":"productneck","embeddable":true,"href":"https:\/\/www.koonings.com\/fr\/wp-json\/wp\/v2\/productneck?post=79439"},{"taxonomy":"productcolor","embeddable":true,"href":"https:\/\/www.koonings.com\/fr\/wp-json\/wp\/v2\/productcolor?post=79439"},{"taxonomy":"maat","embeddable":true,"href":"https:\/\/www.koonings.com\/fr\/wp-json\/wp\/v2\/maat?post=79439"},{"taxonomy":"productsupplier","embeddable":true,"href":"https:\/\/www.koonings.com\/fr\/wp-json\/wp\/v2\/productsupplier?post=79439"},{"taxonomy":"productsleeve","embeddable":true,"href":"https:\/\/www.koonings.com\/fr\/wp-json\/wp\/v2\/productsleeve?post=79439"},{"taxonomy":"productcategory","embeddable":true,"href":"https:\/\/www.koonings.com\/fr\/wp-json\/wp\/v2\/productcategory?post=79439"},{"taxonomy":"productsilhouette","embeddable":true,"href":"https:\/\/www.koonings.com\/fr\/wp-json\/wp\/v2\/productsilhouette?post=79439"},{"taxonomy":"productstyle","embeddable":true,"href":"https:\/\/www.koonings.com\/fr\/wp-json\/wp\/v2\/productstyle?post=79439"}],"curies":[{"name":"wp","href":"https:\/\/api.w.org\/{rel}","templated":true}]}}