{"id":79428,"date":"2025-12-15T00:20:21","date_gmt":"2025-12-14T23:20:21","guid":{"rendered":"https:\/\/www.koonings.com\/product\/ladybird-alvina-lb123ay1\/"},"modified":"2026-02-03T19:55:17","modified_gmt":"2026-02-03T18:55:17","slug":"ladybird-alvina-lb123ay1","status":"publish","type":"product","link":"https:\/\/www.koonings.com\/fr\/product\/ladybird-alvina-lb123ay1\/","title":{"rendered":"Ladybird Alvina LB123AY1"},"content":{"rendered":"<p>Cette magnifique robe de mari\u00e9e est d\u00e9cor\u00e9e de la t\u00eate aux pieds d&#8217;appliques en dentelle et repose sur une base de tulle paillet\u00e9. Le dos de la robe se ferme par un la\u00e7age. L&#8217;encolure est en V, l\u00e9g\u00e8rement plongeante, et comporte des bretelles ainsi qu&#8217;une petite manche \u00e0 capuchon. La longue tra\u00eene bord\u00e9e de dentelle rend l&#8217;Evina encore plus spectaculaire. D\u00e9couvrez toute la collection Ladybird chez Koonings dans notre shop-in-shop d\u00e9di\u00e9 !    <\/p>\n","protected":false},"featured_media":69722,"template":"","meta":{"_acf_changed":false,"ghostkit_customizer_options":"","ghostkit_custom_css":"","ghostkit_custom_js_head":"","ghostkit_custom_js_foot":"","ghostkit_typography":""},"productdetails":[381],"productneck":[354,355],"productcolor":[393,392],"maat":[],"productsupplier":[437],"productsleeve":[357],"productcategory":[18],"productsilhouette":[388],"productstyle":[372,366],"class_list":["post-79428","product","type-product","status-publish","has-post-thumbnail","hentry","productdetails-381","productneck-354","productneck-355","productcolor-393","productcolor-392","productsupplier-ladybird","productsleeve-357","productcategory-trouwjurken","productsilhouette-388","productstyle-372","productstyle-366"],"acf":[],"yoast_head":"<!-- This site is optimized with the Yoast SEO plugin v27.3 - https:\/\/yoast.com\/product\/yoast-seo-wordpress\/ -->\n<title>Ladybird Alvina LB123AY1 | Koonings<\/title>\n<meta name=\"description\" content=\"Cette magnifique robe de mari\u00e9e est d\u00e9cor\u00e9e de la t\u00eate aux pieds d&#039;appliques en dentelle et repose sur une base de tulle paillet\u00e9. Le dos de la robe se ferme par un la\u00e7age. L&#039;encolure est en V, l\u00e9g\u00e8rement plongeante, et comporte des bretelles ainsi qu&#039;une petite manche \u00e0 capuchon. La longue tra\u00eene bord\u00e9e de dentelle rend l&#039;Evina encore plus spectaculaire. D\u00e9couvrez toute la collection Ladybird chez Koonings dans notre shop-in-shop d\u00e9di\u00e9 !\" \/>\n<meta name=\"robots\" content=\"index, follow, max-snippet:-1, max-image-preview:large, max-video-preview:-1\" \/>\n<link rel=\"canonical\" href=\"https:\/\/www.koonings.com\/fr\/product\/ladybird-alvina-lb123ay1\/\" \/>\n<meta property=\"og:locale\" content=\"fr_FR\" \/>\n<meta property=\"og:type\" content=\"article\" \/>\n<meta property=\"og:title\" content=\"Ladybird Alvina LB123AY1 | Koonings\" \/>\n<meta property=\"og:description\" content=\"Cette magnifique robe de mari\u00e9e est d\u00e9cor\u00e9e de la t\u00eate aux pieds d&#039;appliques en dentelle et repose sur une base de tulle paillet\u00e9. Le dos de la robe se ferme par un la\u00e7age. L&#039;encolure est en V, l\u00e9g\u00e8rement plongeante, et comporte des bretelles ainsi qu&#039;une petite manche \u00e0 capuchon. La longue tra\u00eene bord\u00e9e de dentelle rend l&#039;Evina encore plus spectaculaire. D\u00e9couvrez toute la collection Ladybird chez Koonings dans notre shop-in-shop d\u00e9di\u00e9 !\" \/>\n<meta property=\"og:url\" content=\"https:\/\/www.koonings.com\/fr\/product\/ladybird-alvina-lb123ay1\/\" \/>\n<meta property=\"og:site_name\" content=\"Koonings\" \/>\n<meta property=\"article:publisher\" content=\"https:\/\/www.facebook.com\/kooningstheweddingpalace\" \/>\n<meta property=\"article:modified_time\" content=\"2026-02-03T18:55:17+00:00\" \/>\n<meta property=\"og:image\" content=\"https:\/\/www.koonings.com\/wp-content\/uploads\/2024\/11\/39224_14bf051fed8399bf0baec5856eac6a7bf47cee110ad14930e62c4af4eb8cc0063dd943ce-scaled.jpeg\" \/>\n\t<meta property=\"og:image:width\" content=\"1810\" \/>\n\t<meta property=\"og:image:height\" content=\"2560\" \/>\n\t<meta property=\"og:image:type\" content=\"image\/jpeg\" \/>\n<meta name=\"twitter:card\" content=\"summary_large_image\" \/>\n<script type=\"application\/ld+json\" class=\"yoast-schema-graph\">{\"@context\":\"https:\\\/\\\/schema.org\",\"@graph\":[{\"@type\":\"WebPage\",\"@id\":\"https:\\\/\\\/www.koonings.com\\\/fr\\\/product\\\/ladybird-alvina-lb123ay1\\\/\",\"url\":\"https:\\\/\\\/www.koonings.com\\\/fr\\\/product\\\/ladybird-alvina-lb123ay1\\\/\",\"name\":\"Ladybird Alvina LB123AY1 | Koonings\",\"isPartOf\":{\"@id\":\"https:\\\/\\\/www.koonings.com\\\/fr\\\/#website\"},\"primaryImageOfPage\":{\"@id\":\"https:\\\/\\\/www.koonings.com\\\/fr\\\/product\\\/ladybird-alvina-lb123ay1\\\/#primaryimage\"},\"image\":{\"@id\":\"https:\\\/\\\/www.koonings.com\\\/fr\\\/product\\\/ladybird-alvina-lb123ay1\\\/#primaryimage\"},\"thumbnailUrl\":\"https:\\\/\\\/www.koonings.com\\\/wp-content\\\/uploads\\\/2024\\\/11\\\/39224_14bf051fed8399bf0baec5856eac6a7bf47cee110ad14930e62c4af4eb8cc0063dd943ce-scaled.jpeg\",\"datePublished\":\"2025-12-14T23:20:21+00:00\",\"dateModified\":\"2026-02-03T18:55:17+00:00\",\"description\":\"Cette magnifique robe de mari\u00e9e est d\u00e9cor\u00e9e de la t\u00eate aux pieds d'appliques en dentelle et repose sur une base de tulle paillet\u00e9. Le dos de la robe se ferme par un la\u00e7age. L'encolure est en V, l\u00e9g\u00e8rement plongeante, et comporte des bretelles ainsi qu'une petite manche \u00e0 capuchon. La longue tra\u00eene bord\u00e9e de dentelle rend l'Evina encore plus spectaculaire. D\u00e9couvrez toute la collection Ladybird chez Koonings dans notre shop-in-shop d\u00e9di\u00e9 !\",\"breadcrumb\":{\"@id\":\"https:\\\/\\\/www.koonings.com\\\/fr\\\/product\\\/ladybird-alvina-lb123ay1\\\/#breadcrumb\"},\"inLanguage\":\"fr-FR\",\"potentialAction\":[{\"@type\":\"ReadAction\",\"target\":[\"https:\\\/\\\/www.koonings.com\\\/fr\\\/product\\\/ladybird-alvina-lb123ay1\\\/\"]}]},{\"@type\":\"ImageObject\",\"inLanguage\":\"fr-FR\",\"@id\":\"https:\\\/\\\/www.koonings.com\\\/fr\\\/product\\\/ladybird-alvina-lb123ay1\\\/#primaryimage\",\"url\":\"https:\\\/\\\/www.koonings.com\\\/wp-content\\\/uploads\\\/2024\\\/11\\\/39224_14bf051fed8399bf0baec5856eac6a7bf47cee110ad14930e62c4af4eb8cc0063dd943ce-scaled.jpeg\",\"contentUrl\":\"https:\\\/\\\/www.koonings.com\\\/wp-content\\\/uploads\\\/2024\\\/11\\\/39224_14bf051fed8399bf0baec5856eac6a7bf47cee110ad14930e62c4af4eb8cc0063dd943ce-scaled.jpeg\",\"width\":1810,\"height\":2560},{\"@type\":\"BreadcrumbList\",\"@id\":\"https:\\\/\\\/www.koonings.com\\\/fr\\\/product\\\/ladybird-alvina-lb123ay1\\\/#breadcrumb\",\"itemListElement\":[{\"@type\":\"ListItem\",\"position\":1,\"name\":\"Home\",\"item\":\"https:\\\/\\\/www.koonings.com\\\/fr\\\/\"},{\"@type\":\"ListItem\",\"position\":2,\"name\":\"Ladybird Alvina LB123AY1\"}]},{\"@type\":\"WebSite\",\"@id\":\"https:\\\/\\\/www.koonings.com\\\/fr\\\/#website\",\"url\":\"https:\\\/\\\/www.koonings.com\\\/fr\\\/\",\"name\":\"Koonings\",\"description\":\"De grootste bruidsmodewinkel ter wereld\",\"publisher\":{\"@id\":\"https:\\\/\\\/www.koonings.com\\\/fr\\\/#organization\"},\"potentialAction\":[{\"@type\":\"SearchAction\",\"target\":{\"@type\":\"EntryPoint\",\"urlTemplate\":\"https:\\\/\\\/www.koonings.com\\\/fr\\\/?s={search_term_string}\"},\"query-input\":{\"@type\":\"PropertyValueSpecification\",\"valueRequired\":true,\"valueName\":\"search_term_string\"}}],\"inLanguage\":\"fr-FR\"},{\"@type\":\"Organization\",\"@id\":\"https:\\\/\\\/www.koonings.com\\\/fr\\\/#organization\",\"name\":\"Koonings\",\"url\":\"https:\\\/\\\/www.koonings.com\\\/fr\\\/\",\"logo\":{\"@type\":\"ImageObject\",\"inLanguage\":\"fr-FR\",\"@id\":\"https:\\\/\\\/www.koonings.com\\\/fr\\\/#\\\/schema\\\/logo\\\/image\\\/\",\"url\":\"https:\\\/\\\/www.koonings.com\\\/wp-content\\\/uploads\\\/2024\\\/07\\\/logo.png\",\"contentUrl\":\"https:\\\/\\\/www.koonings.com\\\/wp-content\\\/uploads\\\/2024\\\/07\\\/logo.png\",\"width\":600,\"height\":428,\"caption\":\"Koonings\"},\"image\":{\"@id\":\"https:\\\/\\\/www.koonings.com\\\/fr\\\/#\\\/schema\\\/logo\\\/image\\\/\"},\"sameAs\":[\"https:\\\/\\\/www.facebook.com\\\/kooningstheweddingpalace\",\"https:\\\/\\\/www.instagram.com\\\/kooningstheweddingpalace\",\"https:\\\/\\\/www.pinterest.com\\\/koonings\",\"https:\\\/\\\/www.youtube.com\\\/kooningstheweddingpalace\"]}]}<\/script>\n<!-- \/ Yoast SEO plugin. -->","yoast_head_json":{"title":"Ladybird Alvina LB123AY1 | Koonings","description":"Cette magnifique robe de mari\u00e9e est d\u00e9cor\u00e9e de la t\u00eate aux pieds d'appliques en dentelle et repose sur une base de tulle paillet\u00e9. Le dos de la robe se ferme par un la\u00e7age. L'encolure est en V, l\u00e9g\u00e8rement plongeante, et comporte des bretelles ainsi qu'une petite manche \u00e0 capuchon. La longue tra\u00eene bord\u00e9e de dentelle rend l'Evina encore plus spectaculaire. D\u00e9couvrez toute la collection Ladybird chez Koonings dans notre shop-in-shop d\u00e9di\u00e9 !","robots":{"index":"index","follow":"follow","max-snippet":"max-snippet:-1","max-image-preview":"max-image-preview:large","max-video-preview":"max-video-preview:-1"},"canonical":"https:\/\/www.koonings.com\/fr\/product\/ladybird-alvina-lb123ay1\/","og_locale":"fr_FR","og_type":"article","og_title":"Ladybird Alvina LB123AY1 | Koonings","og_description":"Cette magnifique robe de mari\u00e9e est d\u00e9cor\u00e9e de la t\u00eate aux pieds d'appliques en dentelle et repose sur une base de tulle paillet\u00e9. Le dos de la robe se ferme par un la\u00e7age. L'encolure est en V, l\u00e9g\u00e8rement plongeante, et comporte des bretelles ainsi qu'une petite manche \u00e0 capuchon. La longue tra\u00eene bord\u00e9e de dentelle rend l'Evina encore plus spectaculaire. D\u00e9couvrez toute la collection Ladybird chez Koonings dans notre shop-in-shop d\u00e9di\u00e9 !","og_url":"https:\/\/www.koonings.com\/fr\/product\/ladybird-alvina-lb123ay1\/","og_site_name":"Koonings","article_publisher":"https:\/\/www.facebook.com\/kooningstheweddingpalace","article_modified_time":"2026-02-03T18:55:17+00:00","og_image":[{"width":1810,"height":2560,"url":"https:\/\/www.koonings.com\/wp-content\/uploads\/2024\/11\/39224_14bf051fed8399bf0baec5856eac6a7bf47cee110ad14930e62c4af4eb8cc0063dd943ce-scaled.jpeg","type":"image\/jpeg"}],"twitter_card":"summary_large_image","schema":{"@context":"https:\/\/schema.org","@graph":[{"@type":"WebPage","@id":"https:\/\/www.koonings.com\/fr\/product\/ladybird-alvina-lb123ay1\/","url":"https:\/\/www.koonings.com\/fr\/product\/ladybird-alvina-lb123ay1\/","name":"Ladybird Alvina LB123AY1 | Koonings","isPartOf":{"@id":"https:\/\/www.koonings.com\/fr\/#website"},"primaryImageOfPage":{"@id":"https:\/\/www.koonings.com\/fr\/product\/ladybird-alvina-lb123ay1\/#primaryimage"},"image":{"@id":"https:\/\/www.koonings.com\/fr\/product\/ladybird-alvina-lb123ay1\/#primaryimage"},"thumbnailUrl":"https:\/\/www.koonings.com\/wp-content\/uploads\/2024\/11\/39224_14bf051fed8399bf0baec5856eac6a7bf47cee110ad14930e62c4af4eb8cc0063dd943ce-scaled.jpeg","datePublished":"2025-12-14T23:20:21+00:00","dateModified":"2026-02-03T18:55:17+00:00","description":"Cette magnifique robe de mari\u00e9e est d\u00e9cor\u00e9e de la t\u00eate aux pieds d'appliques en dentelle et repose sur une base de tulle paillet\u00e9. Le dos de la robe se ferme par un la\u00e7age. L'encolure est en V, l\u00e9g\u00e8rement plongeante, et comporte des bretelles ainsi qu'une petite manche \u00e0 capuchon. La longue tra\u00eene bord\u00e9e de dentelle rend l'Evina encore plus spectaculaire. D\u00e9couvrez toute la collection Ladybird chez Koonings dans notre shop-in-shop d\u00e9di\u00e9 !","breadcrumb":{"@id":"https:\/\/www.koonings.com\/fr\/product\/ladybird-alvina-lb123ay1\/#breadcrumb"},"inLanguage":"fr-FR","potentialAction":[{"@type":"ReadAction","target":["https:\/\/www.koonings.com\/fr\/product\/ladybird-alvina-lb123ay1\/"]}]},{"@type":"ImageObject","inLanguage":"fr-FR","@id":"https:\/\/www.koonings.com\/fr\/product\/ladybird-alvina-lb123ay1\/#primaryimage","url":"https:\/\/www.koonings.com\/wp-content\/uploads\/2024\/11\/39224_14bf051fed8399bf0baec5856eac6a7bf47cee110ad14930e62c4af4eb8cc0063dd943ce-scaled.jpeg","contentUrl":"https:\/\/www.koonings.com\/wp-content\/uploads\/2024\/11\/39224_14bf051fed8399bf0baec5856eac6a7bf47cee110ad14930e62c4af4eb8cc0063dd943ce-scaled.jpeg","width":1810,"height":2560},{"@type":"BreadcrumbList","@id":"https:\/\/www.koonings.com\/fr\/product\/ladybird-alvina-lb123ay1\/#breadcrumb","itemListElement":[{"@type":"ListItem","position":1,"name":"Home","item":"https:\/\/www.koonings.com\/fr\/"},{"@type":"ListItem","position":2,"name":"Ladybird Alvina LB123AY1"}]},{"@type":"WebSite","@id":"https:\/\/www.koonings.com\/fr\/#website","url":"https:\/\/www.koonings.com\/fr\/","name":"Koonings","description":"De grootste bruidsmodewinkel ter wereld","publisher":{"@id":"https:\/\/www.koonings.com\/fr\/#organization"},"potentialAction":[{"@type":"SearchAction","target":{"@type":"EntryPoint","urlTemplate":"https:\/\/www.koonings.com\/fr\/?s={search_term_string}"},"query-input":{"@type":"PropertyValueSpecification","valueRequired":true,"valueName":"search_term_string"}}],"inLanguage":"fr-FR"},{"@type":"Organization","@id":"https:\/\/www.koonings.com\/fr\/#organization","name":"Koonings","url":"https:\/\/www.koonings.com\/fr\/","logo":{"@type":"ImageObject","inLanguage":"fr-FR","@id":"https:\/\/www.koonings.com\/fr\/#\/schema\/logo\/image\/","url":"https:\/\/www.koonings.com\/wp-content\/uploads\/2024\/07\/logo.png","contentUrl":"https:\/\/www.koonings.com\/wp-content\/uploads\/2024\/07\/logo.png","width":600,"height":428,"caption":"Koonings"},"image":{"@id":"https:\/\/www.koonings.com\/fr\/#\/schema\/logo\/image\/"},"sameAs":["https:\/\/www.facebook.com\/kooningstheweddingpalace","https:\/\/www.instagram.com\/kooningstheweddingpalace","https:\/\/www.pinterest.com\/koonings","https:\/\/www.youtube.com\/kooningstheweddingpalace"]}]}},"_links":{"self":[{"href":"https:\/\/www.koonings.com\/fr\/wp-json\/wp\/v2\/product\/79428","targetHints":{"allow":["GET"]}}],"collection":[{"href":"https:\/\/www.koonings.com\/fr\/wp-json\/wp\/v2\/product"}],"about":[{"href":"https:\/\/www.koonings.com\/fr\/wp-json\/wp\/v2\/types\/product"}],"wp:featuredmedia":[{"embeddable":true,"href":"https:\/\/www.koonings.com\/fr\/wp-json\/wp\/v2\/media\/69722"}],"wp:attachment":[{"href":"https:\/\/www.koonings.com\/fr\/wp-json\/wp\/v2\/media?parent=79428"}],"wp:term":[{"taxonomy":"productdetails","embeddable":true,"href":"https:\/\/www.koonings.com\/fr\/wp-json\/wp\/v2\/productdetails?post=79428"},{"taxonomy":"productneck","embeddable":true,"href":"https:\/\/www.koonings.com\/fr\/wp-json\/wp\/v2\/productneck?post=79428"},{"taxonomy":"productcolor","embeddable":true,"href":"https:\/\/www.koonings.com\/fr\/wp-json\/wp\/v2\/productcolor?post=79428"},{"taxonomy":"maat","embeddable":true,"href":"https:\/\/www.koonings.com\/fr\/wp-json\/wp\/v2\/maat?post=79428"},{"taxonomy":"productsupplier","embeddable":true,"href":"https:\/\/www.koonings.com\/fr\/wp-json\/wp\/v2\/productsupplier?post=79428"},{"taxonomy":"productsleeve","embeddable":true,"href":"https:\/\/www.koonings.com\/fr\/wp-json\/wp\/v2\/productsleeve?post=79428"},{"taxonomy":"productcategory","embeddable":true,"href":"https:\/\/www.koonings.com\/fr\/wp-json\/wp\/v2\/productcategory?post=79428"},{"taxonomy":"productsilhouette","embeddable":true,"href":"https:\/\/www.koonings.com\/fr\/wp-json\/wp\/v2\/productsilhouette?post=79428"},{"taxonomy":"productstyle","embeddable":true,"href":"https:\/\/www.koonings.com\/fr\/wp-json\/wp\/v2\/productstyle?post=79428"}],"curies":[{"name":"wp","href":"https:\/\/api.w.org\/{rel}","templated":true}]}}