{"id":79396,"date":"2026-04-28T18:12:30","date_gmt":"2026-04-28T16:12:30","guid":{"rendered":"https:\/\/www.koonings.com\/product\/ladybird-zakai-lb124bu1\/"},"modified":"2026-02-16T14:51:21","modified_gmt":"2026-02-16T13:51:21","slug":"ladybird-zakai-lb124bu1","status":"publish","type":"product","link":"https:\/\/www.koonings.com\/fr\/product\/ladybird-zakai-lb124bu1\/","title":{"rendered":"Ladybird Zakai LB124BU1"},"content":{"rendered":"<p>La robe Zakai est un mod\u00e8le sexy et frais pour la mari\u00e9e qui cherche \u00e0 se faire remarquer. L&#8217;encolure licou s\u00e9duisante avec un V profond est le d\u00e9tail ultime, avec un corsage en dentelle illusion tr\u00e8s tendance et des d\u00e9tails \u00e9tonnants dans le dos avec des boutons sculpturaux cousus le long de la colonne vert\u00e9brale pour une touche sexy. <\/p>\n","protected":false},"featured_media":69867,"template":"","meta":{"_acf_changed":false,"ghostkit_customizer_options":"","ghostkit_custom_css":"","ghostkit_custom_js_head":"","ghostkit_custom_js_foot":"","ghostkit_typography":""},"productdetails":[381],"productneck":[350],"productcolor":[392],"maat":[],"productsupplier":[437],"productsleeve":[360],"productcategory":[18],"productsilhouette":[384],"productstyle":[366],"class_list":["post-79396","product","type-product","status-publish","has-post-thumbnail","hentry","productdetails-381","productneck-350","productcolor-392","productsupplier-ladybird","productsleeve-360","productcategory-trouwjurken","productsilhouette-384","productstyle-366"],"acf":[],"yoast_head":"<!-- This site is optimized with the Yoast SEO plugin v27.3 - https:\/\/yoast.com\/product\/yoast-seo-wordpress\/ -->\n<title>Ladybird Zakai LB124BU1 | Koonings<\/title>\n<meta name=\"description\" content=\"La robe Zakai est un mod\u00e8le sexy et frais pour la mari\u00e9e qui cherche \u00e0 se faire remarquer. L&#039;encolure licou s\u00e9duisante avec un V profond est le d\u00e9tail ultime, avec un corsage en dentelle illusion tr\u00e8s tendance et des d\u00e9tails \u00e9tonnants dans le dos avec des boutons sculpturaux cousus le long de la colonne vert\u00e9brale pour une touche sexy.\" \/>\n<meta name=\"robots\" content=\"index, follow, max-snippet:-1, max-image-preview:large, max-video-preview:-1\" \/>\n<link rel=\"canonical\" href=\"https:\/\/www.koonings.com\/fr\/product\/ladybird-zakai-lb124bu1\/\" \/>\n<meta property=\"og:locale\" content=\"fr_FR\" \/>\n<meta property=\"og:type\" content=\"article\" \/>\n<meta property=\"og:title\" content=\"Ladybird Zakai LB124BU1 | Koonings\" \/>\n<meta property=\"og:description\" content=\"La robe Zakai est un mod\u00e8le sexy et frais pour la mari\u00e9e qui cherche \u00e0 se faire remarquer. L&#039;encolure licou s\u00e9duisante avec un V profond est le d\u00e9tail ultime, avec un corsage en dentelle illusion tr\u00e8s tendance et des d\u00e9tails \u00e9tonnants dans le dos avec des boutons sculpturaux cousus le long de la colonne vert\u00e9brale pour une touche sexy.\" \/>\n<meta property=\"og:url\" content=\"https:\/\/www.koonings.com\/fr\/product\/ladybird-zakai-lb124bu1\/\" \/>\n<meta property=\"og:site_name\" content=\"Koonings\" \/>\n<meta property=\"article:publisher\" content=\"https:\/\/www.facebook.com\/kooningstheweddingpalace\" \/>\n<meta property=\"og:image\" content=\"https:\/\/www.koonings.com\/wp-content\/uploads\/2024\/11\/39262_57e13dc4e1b88cca0146c5984e67bb768822a33a5b6528eaf415709333740037be99d591-scaled.jpeg\" \/>\n\t<meta property=\"og:image:width\" content=\"1812\" \/>\n\t<meta property=\"og:image:height\" content=\"2560\" \/>\n\t<meta property=\"og:image:type\" content=\"image\/jpeg\" \/>\n<meta name=\"twitter:card\" content=\"summary_large_image\" \/>\n<script type=\"application\/ld+json\" class=\"yoast-schema-graph\">{\"@context\":\"https:\\\/\\\/schema.org\",\"@graph\":[{\"@type\":\"WebPage\",\"@id\":\"https:\\\/\\\/www.koonings.com\\\/fr\\\/product\\\/ladybird-zakai-lb124bu1\\\/\",\"url\":\"https:\\\/\\\/www.koonings.com\\\/fr\\\/product\\\/ladybird-zakai-lb124bu1\\\/\",\"name\":\"Ladybird Zakai LB124BU1 | Koonings\",\"isPartOf\":{\"@id\":\"https:\\\/\\\/www.koonings.com\\\/fr\\\/#website\"},\"primaryImageOfPage\":{\"@id\":\"https:\\\/\\\/www.koonings.com\\\/fr\\\/product\\\/ladybird-zakai-lb124bu1\\\/#primaryimage\"},\"image\":{\"@id\":\"https:\\\/\\\/www.koonings.com\\\/fr\\\/product\\\/ladybird-zakai-lb124bu1\\\/#primaryimage\"},\"thumbnailUrl\":\"https:\\\/\\\/www.koonings.com\\\/wp-content\\\/uploads\\\/2024\\\/11\\\/39262_57e13dc4e1b88cca0146c5984e67bb768822a33a5b6528eaf415709333740037be99d591-scaled.jpeg\",\"datePublished\":\"2026-04-28T16:12:30+00:00\",\"description\":\"La robe Zakai est un mod\u00e8le sexy et frais pour la mari\u00e9e qui cherche \u00e0 se faire remarquer. L'encolure licou s\u00e9duisante avec un V profond est le d\u00e9tail ultime, avec un corsage en dentelle illusion tr\u00e8s tendance et des d\u00e9tails \u00e9tonnants dans le dos avec des boutons sculpturaux cousus le long de la colonne vert\u00e9brale pour une touche sexy.\",\"breadcrumb\":{\"@id\":\"https:\\\/\\\/www.koonings.com\\\/fr\\\/product\\\/ladybird-zakai-lb124bu1\\\/#breadcrumb\"},\"inLanguage\":\"fr-FR\",\"potentialAction\":[{\"@type\":\"ReadAction\",\"target\":[\"https:\\\/\\\/www.koonings.com\\\/fr\\\/product\\\/ladybird-zakai-lb124bu1\\\/\"]}]},{\"@type\":\"ImageObject\",\"inLanguage\":\"fr-FR\",\"@id\":\"https:\\\/\\\/www.koonings.com\\\/fr\\\/product\\\/ladybird-zakai-lb124bu1\\\/#primaryimage\",\"url\":\"https:\\\/\\\/www.koonings.com\\\/wp-content\\\/uploads\\\/2024\\\/11\\\/39262_57e13dc4e1b88cca0146c5984e67bb768822a33a5b6528eaf415709333740037be99d591-scaled.jpeg\",\"contentUrl\":\"https:\\\/\\\/www.koonings.com\\\/wp-content\\\/uploads\\\/2024\\\/11\\\/39262_57e13dc4e1b88cca0146c5984e67bb768822a33a5b6528eaf415709333740037be99d591-scaled.jpeg\",\"width\":1812,\"height\":2560},{\"@type\":\"BreadcrumbList\",\"@id\":\"https:\\\/\\\/www.koonings.com\\\/fr\\\/product\\\/ladybird-zakai-lb124bu1\\\/#breadcrumb\",\"itemListElement\":[{\"@type\":\"ListItem\",\"position\":1,\"name\":\"Home\",\"item\":\"https:\\\/\\\/www.koonings.com\\\/fr\\\/\"},{\"@type\":\"ListItem\",\"position\":2,\"name\":\"Ladybird Zakai LB124BU1\"}]},{\"@type\":\"WebSite\",\"@id\":\"https:\\\/\\\/www.koonings.com\\\/fr\\\/#website\",\"url\":\"https:\\\/\\\/www.koonings.com\\\/fr\\\/\",\"name\":\"Koonings\",\"description\":\"De grootste bruidsmodewinkel ter wereld\",\"publisher\":{\"@id\":\"https:\\\/\\\/www.koonings.com\\\/fr\\\/#organization\"},\"potentialAction\":[{\"@type\":\"SearchAction\",\"target\":{\"@type\":\"EntryPoint\",\"urlTemplate\":\"https:\\\/\\\/www.koonings.com\\\/fr\\\/?s={search_term_string}\"},\"query-input\":{\"@type\":\"PropertyValueSpecification\",\"valueRequired\":true,\"valueName\":\"search_term_string\"}}],\"inLanguage\":\"fr-FR\"},{\"@type\":\"Organization\",\"@id\":\"https:\\\/\\\/www.koonings.com\\\/fr\\\/#organization\",\"name\":\"Koonings\",\"url\":\"https:\\\/\\\/www.koonings.com\\\/fr\\\/\",\"logo\":{\"@type\":\"ImageObject\",\"inLanguage\":\"fr-FR\",\"@id\":\"https:\\\/\\\/www.koonings.com\\\/fr\\\/#\\\/schema\\\/logo\\\/image\\\/\",\"url\":\"https:\\\/\\\/www.koonings.com\\\/wp-content\\\/uploads\\\/2024\\\/07\\\/logo.png\",\"contentUrl\":\"https:\\\/\\\/www.koonings.com\\\/wp-content\\\/uploads\\\/2024\\\/07\\\/logo.png\",\"width\":600,\"height\":428,\"caption\":\"Koonings\"},\"image\":{\"@id\":\"https:\\\/\\\/www.koonings.com\\\/fr\\\/#\\\/schema\\\/logo\\\/image\\\/\"},\"sameAs\":[\"https:\\\/\\\/www.facebook.com\\\/kooningstheweddingpalace\",\"https:\\\/\\\/www.instagram.com\\\/kooningstheweddingpalace\",\"https:\\\/\\\/www.pinterest.com\\\/koonings\",\"https:\\\/\\\/www.youtube.com\\\/kooningstheweddingpalace\"]}]}<\/script>\n<!-- \/ Yoast SEO plugin. -->","yoast_head_json":{"title":"Ladybird Zakai LB124BU1 | Koonings","description":"La robe Zakai est un mod\u00e8le sexy et frais pour la mari\u00e9e qui cherche \u00e0 se faire remarquer. L'encolure licou s\u00e9duisante avec un V profond est le d\u00e9tail ultime, avec un corsage en dentelle illusion tr\u00e8s tendance et des d\u00e9tails \u00e9tonnants dans le dos avec des boutons sculpturaux cousus le long de la colonne vert\u00e9brale pour une touche sexy.","robots":{"index":"index","follow":"follow","max-snippet":"max-snippet:-1","max-image-preview":"max-image-preview:large","max-video-preview":"max-video-preview:-1"},"canonical":"https:\/\/www.koonings.com\/fr\/product\/ladybird-zakai-lb124bu1\/","og_locale":"fr_FR","og_type":"article","og_title":"Ladybird Zakai LB124BU1 | Koonings","og_description":"La robe Zakai est un mod\u00e8le sexy et frais pour la mari\u00e9e qui cherche \u00e0 se faire remarquer. L'encolure licou s\u00e9duisante avec un V profond est le d\u00e9tail ultime, avec un corsage en dentelle illusion tr\u00e8s tendance et des d\u00e9tails \u00e9tonnants dans le dos avec des boutons sculpturaux cousus le long de la colonne vert\u00e9brale pour une touche sexy.","og_url":"https:\/\/www.koonings.com\/fr\/product\/ladybird-zakai-lb124bu1\/","og_site_name":"Koonings","article_publisher":"https:\/\/www.facebook.com\/kooningstheweddingpalace","og_image":[{"width":1812,"height":2560,"url":"https:\/\/www.koonings.com\/wp-content\/uploads\/2024\/11\/39262_57e13dc4e1b88cca0146c5984e67bb768822a33a5b6528eaf415709333740037be99d591-scaled.jpeg","type":"image\/jpeg"}],"twitter_card":"summary_large_image","schema":{"@context":"https:\/\/schema.org","@graph":[{"@type":"WebPage","@id":"https:\/\/www.koonings.com\/fr\/product\/ladybird-zakai-lb124bu1\/","url":"https:\/\/www.koonings.com\/fr\/product\/ladybird-zakai-lb124bu1\/","name":"Ladybird Zakai LB124BU1 | Koonings","isPartOf":{"@id":"https:\/\/www.koonings.com\/fr\/#website"},"primaryImageOfPage":{"@id":"https:\/\/www.koonings.com\/fr\/product\/ladybird-zakai-lb124bu1\/#primaryimage"},"image":{"@id":"https:\/\/www.koonings.com\/fr\/product\/ladybird-zakai-lb124bu1\/#primaryimage"},"thumbnailUrl":"https:\/\/www.koonings.com\/wp-content\/uploads\/2024\/11\/39262_57e13dc4e1b88cca0146c5984e67bb768822a33a5b6528eaf415709333740037be99d591-scaled.jpeg","datePublished":"2026-04-28T16:12:30+00:00","description":"La robe Zakai est un mod\u00e8le sexy et frais pour la mari\u00e9e qui cherche \u00e0 se faire remarquer. L'encolure licou s\u00e9duisante avec un V profond est le d\u00e9tail ultime, avec un corsage en dentelle illusion tr\u00e8s tendance et des d\u00e9tails \u00e9tonnants dans le dos avec des boutons sculpturaux cousus le long de la colonne vert\u00e9brale pour une touche sexy.","breadcrumb":{"@id":"https:\/\/www.koonings.com\/fr\/product\/ladybird-zakai-lb124bu1\/#breadcrumb"},"inLanguage":"fr-FR","potentialAction":[{"@type":"ReadAction","target":["https:\/\/www.koonings.com\/fr\/product\/ladybird-zakai-lb124bu1\/"]}]},{"@type":"ImageObject","inLanguage":"fr-FR","@id":"https:\/\/www.koonings.com\/fr\/product\/ladybird-zakai-lb124bu1\/#primaryimage","url":"https:\/\/www.koonings.com\/wp-content\/uploads\/2024\/11\/39262_57e13dc4e1b88cca0146c5984e67bb768822a33a5b6528eaf415709333740037be99d591-scaled.jpeg","contentUrl":"https:\/\/www.koonings.com\/wp-content\/uploads\/2024\/11\/39262_57e13dc4e1b88cca0146c5984e67bb768822a33a5b6528eaf415709333740037be99d591-scaled.jpeg","width":1812,"height":2560},{"@type":"BreadcrumbList","@id":"https:\/\/www.koonings.com\/fr\/product\/ladybird-zakai-lb124bu1\/#breadcrumb","itemListElement":[{"@type":"ListItem","position":1,"name":"Home","item":"https:\/\/www.koonings.com\/fr\/"},{"@type":"ListItem","position":2,"name":"Ladybird Zakai LB124BU1"}]},{"@type":"WebSite","@id":"https:\/\/www.koonings.com\/fr\/#website","url":"https:\/\/www.koonings.com\/fr\/","name":"Koonings","description":"De grootste bruidsmodewinkel ter wereld","publisher":{"@id":"https:\/\/www.koonings.com\/fr\/#organization"},"potentialAction":[{"@type":"SearchAction","target":{"@type":"EntryPoint","urlTemplate":"https:\/\/www.koonings.com\/fr\/?s={search_term_string}"},"query-input":{"@type":"PropertyValueSpecification","valueRequired":true,"valueName":"search_term_string"}}],"inLanguage":"fr-FR"},{"@type":"Organization","@id":"https:\/\/www.koonings.com\/fr\/#organization","name":"Koonings","url":"https:\/\/www.koonings.com\/fr\/","logo":{"@type":"ImageObject","inLanguage":"fr-FR","@id":"https:\/\/www.koonings.com\/fr\/#\/schema\/logo\/image\/","url":"https:\/\/www.koonings.com\/wp-content\/uploads\/2024\/07\/logo.png","contentUrl":"https:\/\/www.koonings.com\/wp-content\/uploads\/2024\/07\/logo.png","width":600,"height":428,"caption":"Koonings"},"image":{"@id":"https:\/\/www.koonings.com\/fr\/#\/schema\/logo\/image\/"},"sameAs":["https:\/\/www.facebook.com\/kooningstheweddingpalace","https:\/\/www.instagram.com\/kooningstheweddingpalace","https:\/\/www.pinterest.com\/koonings","https:\/\/www.youtube.com\/kooningstheweddingpalace"]}]}},"_links":{"self":[{"href":"https:\/\/www.koonings.com\/fr\/wp-json\/wp\/v2\/product\/79396","targetHints":{"allow":["GET"]}}],"collection":[{"href":"https:\/\/www.koonings.com\/fr\/wp-json\/wp\/v2\/product"}],"about":[{"href":"https:\/\/www.koonings.com\/fr\/wp-json\/wp\/v2\/types\/product"}],"wp:featuredmedia":[{"embeddable":true,"href":"https:\/\/www.koonings.com\/fr\/wp-json\/wp\/v2\/media\/69867"}],"wp:attachment":[{"href":"https:\/\/www.koonings.com\/fr\/wp-json\/wp\/v2\/media?parent=79396"}],"wp:term":[{"taxonomy":"productdetails","embeddable":true,"href":"https:\/\/www.koonings.com\/fr\/wp-json\/wp\/v2\/productdetails?post=79396"},{"taxonomy":"productneck","embeddable":true,"href":"https:\/\/www.koonings.com\/fr\/wp-json\/wp\/v2\/productneck?post=79396"},{"taxonomy":"productcolor","embeddable":true,"href":"https:\/\/www.koonings.com\/fr\/wp-json\/wp\/v2\/productcolor?post=79396"},{"taxonomy":"maat","embeddable":true,"href":"https:\/\/www.koonings.com\/fr\/wp-json\/wp\/v2\/maat?post=79396"},{"taxonomy":"productsupplier","embeddable":true,"href":"https:\/\/www.koonings.com\/fr\/wp-json\/wp\/v2\/productsupplier?post=79396"},{"taxonomy":"productsleeve","embeddable":true,"href":"https:\/\/www.koonings.com\/fr\/wp-json\/wp\/v2\/productsleeve?post=79396"},{"taxonomy":"productcategory","embeddable":true,"href":"https:\/\/www.koonings.com\/fr\/wp-json\/wp\/v2\/productcategory?post=79396"},{"taxonomy":"productsilhouette","embeddable":true,"href":"https:\/\/www.koonings.com\/fr\/wp-json\/wp\/v2\/productsilhouette?post=79396"},{"taxonomy":"productstyle","embeddable":true,"href":"https:\/\/www.koonings.com\/fr\/wp-json\/wp\/v2\/productstyle?post=79396"}],"curies":[{"name":"wp","href":"https:\/\/api.w.org\/{rel}","templated":true}]}}