{"id":79378,"date":"2026-05-06T15:12:46","date_gmt":"2026-05-06T13:12:46","guid":{"rendered":"https:\/\/www.koonings.com\/product\/ladybird-mika-lb124cq1\/"},"modified":"2026-02-16T14:51:23","modified_gmt":"2026-02-16T13:51:23","slug":"ladybird-mika-lb124cq1","status":"publish","type":"product","link":"https:\/\/www.koonings.com\/fr\/product\/ladybird-mika-lb124cq1\/","title":{"rendered":"Ladybird Mika LB124CQ1"},"content":{"rendered":"<p>Id\u00e9ale pour les mari\u00e9es glamour et galb\u00e9es, cette nouvelle cr\u00e9ation offre un confort parfait et un look \u00e9blouissant. Elle se compose d&#8217;un \u00e9l\u00e9gant corsage en dentelle avec une structure corset\u00e9e qui s&#8217;adapte parfaitement \u00e0 toutes les silhouettes, d&#8217;un d\u00e9collet\u00e9 en V tr\u00e8s plongeant, d&#8217;une jupe et d&#8217;une tra\u00eene en tulle luxueux. <\/p>\n","protected":false},"featured_media":69963,"template":"","meta":{"_acf_changed":false,"ghostkit_customizer_options":"","ghostkit_custom_css":"","ghostkit_custom_js_head":"","ghostkit_custom_js_foot":"","ghostkit_typography":""},"productdetails":[381],"productneck":[356],"productcolor":[392],"maat":[375],"productsupplier":[437],"productsleeve":[359],"productcategory":[18],"productsilhouette":[384],"productstyle":[366],"class_list":["post-79378","product","type-product","status-publish","has-post-thumbnail","hentry","productdetails-381","productneck-356","productcolor-392","maat-375","productsupplier-ladybird","productsleeve-359","productcategory-trouwjurken","productsilhouette-384","productstyle-366"],"acf":[],"yoast_head":"<!-- This site is optimized with the Yoast SEO plugin v27.3 - https:\/\/yoast.com\/product\/yoast-seo-wordpress\/ -->\n<title>Ladybird Mika LB124CQ1 | Koonings<\/title>\n<meta name=\"description\" content=\"Id\u00e9ale pour les mari\u00e9es glamour et galb\u00e9es, cette nouvelle cr\u00e9ation offre un confort parfait et un look \u00e9blouissant. Elle se compose d&#039;un \u00e9l\u00e9gant corsage en dentelle avec une structure corset\u00e9e qui s&#039;adapte parfaitement \u00e0 toutes les silhouettes, d&#039;un d\u00e9collet\u00e9 en V tr\u00e8s plongeant, d&#039;une jupe et d&#039;une tra\u00eene en tulle luxueux.\" \/>\n<meta name=\"robots\" content=\"index, follow, max-snippet:-1, max-image-preview:large, max-video-preview:-1\" \/>\n<link rel=\"canonical\" href=\"https:\/\/www.koonings.com\/fr\/product\/ladybird-mika-lb124cq1\/\" \/>\n<meta property=\"og:locale\" content=\"fr_FR\" \/>\n<meta property=\"og:type\" content=\"article\" \/>\n<meta property=\"og:title\" content=\"Ladybird Mika LB124CQ1 | Koonings\" \/>\n<meta property=\"og:description\" content=\"Id\u00e9ale pour les mari\u00e9es glamour et galb\u00e9es, cette nouvelle cr\u00e9ation offre un confort parfait et un look \u00e9blouissant. Elle se compose d&#039;un \u00e9l\u00e9gant corsage en dentelle avec une structure corset\u00e9e qui s&#039;adapte parfaitement \u00e0 toutes les silhouettes, d&#039;un d\u00e9collet\u00e9 en V tr\u00e8s plongeant, d&#039;une jupe et d&#039;une tra\u00eene en tulle luxueux.\" \/>\n<meta property=\"og:url\" content=\"https:\/\/www.koonings.com\/fr\/product\/ladybird-mika-lb124cq1\/\" \/>\n<meta property=\"og:site_name\" content=\"Koonings\" \/>\n<meta property=\"article:publisher\" content=\"https:\/\/www.facebook.com\/kooningstheweddingpalace\" \/>\n<meta property=\"og:image\" content=\"https:\/\/www.koonings.com\/wp-content\/uploads\/2024\/11\/39296_3f2264451aa4c1d4577bb6ea0b9f5c000fbe9d6efb9a7ffb56239e9098eb3b3a7be4ae03-scaled.jpeg\" \/>\n\t<meta property=\"og:image:width\" content=\"1810\" \/>\n\t<meta property=\"og:image:height\" content=\"2560\" \/>\n\t<meta property=\"og:image:type\" content=\"image\/jpeg\" \/>\n<meta name=\"twitter:card\" content=\"summary_large_image\" \/>\n<script type=\"application\/ld+json\" class=\"yoast-schema-graph\">{\"@context\":\"https:\\\/\\\/schema.org\",\"@graph\":[{\"@type\":\"WebPage\",\"@id\":\"https:\\\/\\\/www.koonings.com\\\/fr\\\/product\\\/ladybird-mika-lb124cq1\\\/\",\"url\":\"https:\\\/\\\/www.koonings.com\\\/fr\\\/product\\\/ladybird-mika-lb124cq1\\\/\",\"name\":\"Ladybird Mika LB124CQ1 | Koonings\",\"isPartOf\":{\"@id\":\"https:\\\/\\\/www.koonings.com\\\/fr\\\/#website\"},\"primaryImageOfPage\":{\"@id\":\"https:\\\/\\\/www.koonings.com\\\/fr\\\/product\\\/ladybird-mika-lb124cq1\\\/#primaryimage\"},\"image\":{\"@id\":\"https:\\\/\\\/www.koonings.com\\\/fr\\\/product\\\/ladybird-mika-lb124cq1\\\/#primaryimage\"},\"thumbnailUrl\":\"https:\\\/\\\/www.koonings.com\\\/wp-content\\\/uploads\\\/2024\\\/11\\\/39296_3f2264451aa4c1d4577bb6ea0b9f5c000fbe9d6efb9a7ffb56239e9098eb3b3a7be4ae03-scaled.jpeg\",\"datePublished\":\"2026-05-06T13:12:46+00:00\",\"description\":\"Id\u00e9ale pour les mari\u00e9es glamour et galb\u00e9es, cette nouvelle cr\u00e9ation offre un confort parfait et un look \u00e9blouissant. Elle se compose d'un \u00e9l\u00e9gant corsage en dentelle avec une structure corset\u00e9e qui s'adapte parfaitement \u00e0 toutes les silhouettes, d'un d\u00e9collet\u00e9 en V tr\u00e8s plongeant, d'une jupe et d'une tra\u00eene en tulle luxueux.\",\"breadcrumb\":{\"@id\":\"https:\\\/\\\/www.koonings.com\\\/fr\\\/product\\\/ladybird-mika-lb124cq1\\\/#breadcrumb\"},\"inLanguage\":\"fr-FR\",\"potentialAction\":[{\"@type\":\"ReadAction\",\"target\":[\"https:\\\/\\\/www.koonings.com\\\/fr\\\/product\\\/ladybird-mika-lb124cq1\\\/\"]}]},{\"@type\":\"ImageObject\",\"inLanguage\":\"fr-FR\",\"@id\":\"https:\\\/\\\/www.koonings.com\\\/fr\\\/product\\\/ladybird-mika-lb124cq1\\\/#primaryimage\",\"url\":\"https:\\\/\\\/www.koonings.com\\\/wp-content\\\/uploads\\\/2024\\\/11\\\/39296_3f2264451aa4c1d4577bb6ea0b9f5c000fbe9d6efb9a7ffb56239e9098eb3b3a7be4ae03-scaled.jpeg\",\"contentUrl\":\"https:\\\/\\\/www.koonings.com\\\/wp-content\\\/uploads\\\/2024\\\/11\\\/39296_3f2264451aa4c1d4577bb6ea0b9f5c000fbe9d6efb9a7ffb56239e9098eb3b3a7be4ae03-scaled.jpeg\",\"width\":1810,\"height\":2560},{\"@type\":\"BreadcrumbList\",\"@id\":\"https:\\\/\\\/www.koonings.com\\\/fr\\\/product\\\/ladybird-mika-lb124cq1\\\/#breadcrumb\",\"itemListElement\":[{\"@type\":\"ListItem\",\"position\":1,\"name\":\"Home\",\"item\":\"https:\\\/\\\/www.koonings.com\\\/fr\\\/\"},{\"@type\":\"ListItem\",\"position\":2,\"name\":\"Ladybird Mika LB124CQ1\"}]},{\"@type\":\"WebSite\",\"@id\":\"https:\\\/\\\/www.koonings.com\\\/fr\\\/#website\",\"url\":\"https:\\\/\\\/www.koonings.com\\\/fr\\\/\",\"name\":\"Koonings\",\"description\":\"De grootste bruidsmodewinkel ter wereld\",\"publisher\":{\"@id\":\"https:\\\/\\\/www.koonings.com\\\/fr\\\/#organization\"},\"potentialAction\":[{\"@type\":\"SearchAction\",\"target\":{\"@type\":\"EntryPoint\",\"urlTemplate\":\"https:\\\/\\\/www.koonings.com\\\/fr\\\/?s={search_term_string}\"},\"query-input\":{\"@type\":\"PropertyValueSpecification\",\"valueRequired\":true,\"valueName\":\"search_term_string\"}}],\"inLanguage\":\"fr-FR\"},{\"@type\":\"Organization\",\"@id\":\"https:\\\/\\\/www.koonings.com\\\/fr\\\/#organization\",\"name\":\"Koonings\",\"url\":\"https:\\\/\\\/www.koonings.com\\\/fr\\\/\",\"logo\":{\"@type\":\"ImageObject\",\"inLanguage\":\"fr-FR\",\"@id\":\"https:\\\/\\\/www.koonings.com\\\/fr\\\/#\\\/schema\\\/logo\\\/image\\\/\",\"url\":\"https:\\\/\\\/www.koonings.com\\\/wp-content\\\/uploads\\\/2024\\\/07\\\/logo.png\",\"contentUrl\":\"https:\\\/\\\/www.koonings.com\\\/wp-content\\\/uploads\\\/2024\\\/07\\\/logo.png\",\"width\":600,\"height\":428,\"caption\":\"Koonings\"},\"image\":{\"@id\":\"https:\\\/\\\/www.koonings.com\\\/fr\\\/#\\\/schema\\\/logo\\\/image\\\/\"},\"sameAs\":[\"https:\\\/\\\/www.facebook.com\\\/kooningstheweddingpalace\",\"https:\\\/\\\/www.instagram.com\\\/kooningstheweddingpalace\",\"https:\\\/\\\/www.pinterest.com\\\/koonings\",\"https:\\\/\\\/www.youtube.com\\\/kooningstheweddingpalace\"]}]}<\/script>\n<!-- \/ Yoast SEO plugin. -->","yoast_head_json":{"title":"Ladybird Mika LB124CQ1 | Koonings","description":"Id\u00e9ale pour les mari\u00e9es glamour et galb\u00e9es, cette nouvelle cr\u00e9ation offre un confort parfait et un look \u00e9blouissant. Elle se compose d'un \u00e9l\u00e9gant corsage en dentelle avec une structure corset\u00e9e qui s'adapte parfaitement \u00e0 toutes les silhouettes, d'un d\u00e9collet\u00e9 en V tr\u00e8s plongeant, d'une jupe et d'une tra\u00eene en tulle luxueux.","robots":{"index":"index","follow":"follow","max-snippet":"max-snippet:-1","max-image-preview":"max-image-preview:large","max-video-preview":"max-video-preview:-1"},"canonical":"https:\/\/www.koonings.com\/fr\/product\/ladybird-mika-lb124cq1\/","og_locale":"fr_FR","og_type":"article","og_title":"Ladybird Mika LB124CQ1 | Koonings","og_description":"Id\u00e9ale pour les mari\u00e9es glamour et galb\u00e9es, cette nouvelle cr\u00e9ation offre un confort parfait et un look \u00e9blouissant. Elle se compose d'un \u00e9l\u00e9gant corsage en dentelle avec une structure corset\u00e9e qui s'adapte parfaitement \u00e0 toutes les silhouettes, d'un d\u00e9collet\u00e9 en V tr\u00e8s plongeant, d'une jupe et d'une tra\u00eene en tulle luxueux.","og_url":"https:\/\/www.koonings.com\/fr\/product\/ladybird-mika-lb124cq1\/","og_site_name":"Koonings","article_publisher":"https:\/\/www.facebook.com\/kooningstheweddingpalace","og_image":[{"width":1810,"height":2560,"url":"https:\/\/www.koonings.com\/wp-content\/uploads\/2024\/11\/39296_3f2264451aa4c1d4577bb6ea0b9f5c000fbe9d6efb9a7ffb56239e9098eb3b3a7be4ae03-scaled.jpeg","type":"image\/jpeg"}],"twitter_card":"summary_large_image","schema":{"@context":"https:\/\/schema.org","@graph":[{"@type":"WebPage","@id":"https:\/\/www.koonings.com\/fr\/product\/ladybird-mika-lb124cq1\/","url":"https:\/\/www.koonings.com\/fr\/product\/ladybird-mika-lb124cq1\/","name":"Ladybird Mika LB124CQ1 | Koonings","isPartOf":{"@id":"https:\/\/www.koonings.com\/fr\/#website"},"primaryImageOfPage":{"@id":"https:\/\/www.koonings.com\/fr\/product\/ladybird-mika-lb124cq1\/#primaryimage"},"image":{"@id":"https:\/\/www.koonings.com\/fr\/product\/ladybird-mika-lb124cq1\/#primaryimage"},"thumbnailUrl":"https:\/\/www.koonings.com\/wp-content\/uploads\/2024\/11\/39296_3f2264451aa4c1d4577bb6ea0b9f5c000fbe9d6efb9a7ffb56239e9098eb3b3a7be4ae03-scaled.jpeg","datePublished":"2026-05-06T13:12:46+00:00","description":"Id\u00e9ale pour les mari\u00e9es glamour et galb\u00e9es, cette nouvelle cr\u00e9ation offre un confort parfait et un look \u00e9blouissant. Elle se compose d'un \u00e9l\u00e9gant corsage en dentelle avec une structure corset\u00e9e qui s'adapte parfaitement \u00e0 toutes les silhouettes, d'un d\u00e9collet\u00e9 en V tr\u00e8s plongeant, d'une jupe et d'une tra\u00eene en tulle luxueux.","breadcrumb":{"@id":"https:\/\/www.koonings.com\/fr\/product\/ladybird-mika-lb124cq1\/#breadcrumb"},"inLanguage":"fr-FR","potentialAction":[{"@type":"ReadAction","target":["https:\/\/www.koonings.com\/fr\/product\/ladybird-mika-lb124cq1\/"]}]},{"@type":"ImageObject","inLanguage":"fr-FR","@id":"https:\/\/www.koonings.com\/fr\/product\/ladybird-mika-lb124cq1\/#primaryimage","url":"https:\/\/www.koonings.com\/wp-content\/uploads\/2024\/11\/39296_3f2264451aa4c1d4577bb6ea0b9f5c000fbe9d6efb9a7ffb56239e9098eb3b3a7be4ae03-scaled.jpeg","contentUrl":"https:\/\/www.koonings.com\/wp-content\/uploads\/2024\/11\/39296_3f2264451aa4c1d4577bb6ea0b9f5c000fbe9d6efb9a7ffb56239e9098eb3b3a7be4ae03-scaled.jpeg","width":1810,"height":2560},{"@type":"BreadcrumbList","@id":"https:\/\/www.koonings.com\/fr\/product\/ladybird-mika-lb124cq1\/#breadcrumb","itemListElement":[{"@type":"ListItem","position":1,"name":"Home","item":"https:\/\/www.koonings.com\/fr\/"},{"@type":"ListItem","position":2,"name":"Ladybird Mika LB124CQ1"}]},{"@type":"WebSite","@id":"https:\/\/www.koonings.com\/fr\/#website","url":"https:\/\/www.koonings.com\/fr\/","name":"Koonings","description":"De grootste bruidsmodewinkel ter wereld","publisher":{"@id":"https:\/\/www.koonings.com\/fr\/#organization"},"potentialAction":[{"@type":"SearchAction","target":{"@type":"EntryPoint","urlTemplate":"https:\/\/www.koonings.com\/fr\/?s={search_term_string}"},"query-input":{"@type":"PropertyValueSpecification","valueRequired":true,"valueName":"search_term_string"}}],"inLanguage":"fr-FR"},{"@type":"Organization","@id":"https:\/\/www.koonings.com\/fr\/#organization","name":"Koonings","url":"https:\/\/www.koonings.com\/fr\/","logo":{"@type":"ImageObject","inLanguage":"fr-FR","@id":"https:\/\/www.koonings.com\/fr\/#\/schema\/logo\/image\/","url":"https:\/\/www.koonings.com\/wp-content\/uploads\/2024\/07\/logo.png","contentUrl":"https:\/\/www.koonings.com\/wp-content\/uploads\/2024\/07\/logo.png","width":600,"height":428,"caption":"Koonings"},"image":{"@id":"https:\/\/www.koonings.com\/fr\/#\/schema\/logo\/image\/"},"sameAs":["https:\/\/www.facebook.com\/kooningstheweddingpalace","https:\/\/www.instagram.com\/kooningstheweddingpalace","https:\/\/www.pinterest.com\/koonings","https:\/\/www.youtube.com\/kooningstheweddingpalace"]}]}},"_links":{"self":[{"href":"https:\/\/www.koonings.com\/fr\/wp-json\/wp\/v2\/product\/79378","targetHints":{"allow":["GET"]}}],"collection":[{"href":"https:\/\/www.koonings.com\/fr\/wp-json\/wp\/v2\/product"}],"about":[{"href":"https:\/\/www.koonings.com\/fr\/wp-json\/wp\/v2\/types\/product"}],"wp:featuredmedia":[{"embeddable":true,"href":"https:\/\/www.koonings.com\/fr\/wp-json\/wp\/v2\/media\/69963"}],"wp:attachment":[{"href":"https:\/\/www.koonings.com\/fr\/wp-json\/wp\/v2\/media?parent=79378"}],"wp:term":[{"taxonomy":"productdetails","embeddable":true,"href":"https:\/\/www.koonings.com\/fr\/wp-json\/wp\/v2\/productdetails?post=79378"},{"taxonomy":"productneck","embeddable":true,"href":"https:\/\/www.koonings.com\/fr\/wp-json\/wp\/v2\/productneck?post=79378"},{"taxonomy":"productcolor","embeddable":true,"href":"https:\/\/www.koonings.com\/fr\/wp-json\/wp\/v2\/productcolor?post=79378"},{"taxonomy":"maat","embeddable":true,"href":"https:\/\/www.koonings.com\/fr\/wp-json\/wp\/v2\/maat?post=79378"},{"taxonomy":"productsupplier","embeddable":true,"href":"https:\/\/www.koonings.com\/fr\/wp-json\/wp\/v2\/productsupplier?post=79378"},{"taxonomy":"productsleeve","embeddable":true,"href":"https:\/\/www.koonings.com\/fr\/wp-json\/wp\/v2\/productsleeve?post=79378"},{"taxonomy":"productcategory","embeddable":true,"href":"https:\/\/www.koonings.com\/fr\/wp-json\/wp\/v2\/productcategory?post=79378"},{"taxonomy":"productsilhouette","embeddable":true,"href":"https:\/\/www.koonings.com\/fr\/wp-json\/wp\/v2\/productsilhouette?post=79378"},{"taxonomy":"productstyle","embeddable":true,"href":"https:\/\/www.koonings.com\/fr\/wp-json\/wp\/v2\/productstyle?post=79378"}],"curies":[{"name":"wp","href":"https:\/\/api.w.org\/{rel}","templated":true}]}}