{"id":79366,"date":"2025-12-15T00:20:37","date_gmt":"2025-12-14T23:20:37","guid":{"rendered":"https:\/\/www.koonings.com\/product\/ladybird-arleene-ly124ak3\/"},"modified":"2026-02-03T19:56:24","modified_gmt":"2026-02-03T18:56:24","slug":"ladybird-arleene-ly124ak3","status":"publish","type":"product","link":"https:\/\/www.koonings.com\/fr\/product\/ladybird-arleene-ly124ak3\/","title":{"rendered":"Ladybird Arleene LY124AK3"},"content":{"rendered":"<p>Robe de mari\u00e9e ARLEENE Coccinelle. Cette robe a une silhouette ajust\u00e9e et \u00e9vas\u00e9e et est faite de tulle et de dentelle romantique. Le haut sexy en forme de c\u0153ur avec des bretelles est dot\u00e9 d&#8217;un dos en trou de serrure particuli\u00e8rement joli. Une tra\u00eene en tulle avec des appliques en dentelle compl\u00e8te le tableau.   <\/p>\n","protected":false},"featured_media":70027,"template":"","meta":{"_acf_changed":false,"ghostkit_customizer_options":"","ghostkit_custom_css":"","ghostkit_custom_js_head":"","ghostkit_custom_js_foot":"","ghostkit_typography":""},"productdetails":[376],"productneck":[355],"productcolor":[393,392],"maat":[],"productsupplier":[437],"productsleeve":[359],"productcategory":[18],"productsilhouette":[387],"productstyle":[366],"class_list":["post-79366","product","type-product","status-publish","has-post-thumbnail","hentry","productdetails-376","productneck-355","productcolor-393","productcolor-392","productsupplier-ladybird","productsleeve-359","productcategory-trouwjurken","productsilhouette-387","productstyle-366"],"acf":[],"yoast_head":"<!-- This site is optimized with the Yoast SEO plugin v27.3 - https:\/\/yoast.com\/product\/yoast-seo-wordpress\/ -->\n<title>Ladybird Arleene LY124AK3 | Koonings<\/title>\n<meta name=\"description\" content=\"Robe de mari\u00e9e ARLEENE Coccinelle. Cette robe a une silhouette ajust\u00e9e et \u00e9vas\u00e9e et est faite de tulle et de dentelle romantique. Le haut sexy en forme de c\u0153ur avec des bretelles est dot\u00e9 d&#039;un dos en trou de serrure particuli\u00e8rement joli. Une tra\u00eene en tulle avec des appliques en dentelle compl\u00e8te le tableau.\" \/>\n<meta name=\"robots\" content=\"index, follow, max-snippet:-1, max-image-preview:large, max-video-preview:-1\" \/>\n<link rel=\"canonical\" href=\"https:\/\/www.koonings.com\/fr\/product\/ladybird-arleene-ly124ak3\/\" \/>\n<meta property=\"og:locale\" content=\"fr_FR\" \/>\n<meta property=\"og:type\" content=\"article\" \/>\n<meta property=\"og:title\" content=\"Ladybird Arleene LY124AK3 | Koonings\" \/>\n<meta property=\"og:description\" content=\"Robe de mari\u00e9e ARLEENE Coccinelle. Cette robe a une silhouette ajust\u00e9e et \u00e9vas\u00e9e et est faite de tulle et de dentelle romantique. Le haut sexy en forme de c\u0153ur avec des bretelles est dot\u00e9 d&#039;un dos en trou de serrure particuli\u00e8rement joli. Une tra\u00eene en tulle avec des appliques en dentelle compl\u00e8te le tableau.\" \/>\n<meta property=\"og:url\" content=\"https:\/\/www.koonings.com\/fr\/product\/ladybird-arleene-ly124ak3\/\" \/>\n<meta property=\"og:site_name\" content=\"Koonings\" \/>\n<meta property=\"article:publisher\" content=\"https:\/\/www.facebook.com\/kooningstheweddingpalace\" \/>\n<meta property=\"article:modified_time\" content=\"2026-02-03T18:56:24+00:00\" \/>\n<meta property=\"og:image\" content=\"https:\/\/www.koonings.com\/wp-content\/uploads\/2024\/11\/39307_3860ff74933e5020010256f3703e2ebb7bf7bdb0896b6b6c05393644ddbca9d095ac5578.jpeg\" \/>\n\t<meta property=\"og:image:width\" content=\"300\" \/>\n\t<meta property=\"og:image:height\" content=\"450\" \/>\n\t<meta property=\"og:image:type\" content=\"image\/jpeg\" \/>\n<meta name=\"twitter:card\" content=\"summary_large_image\" \/>\n<script type=\"application\/ld+json\" class=\"yoast-schema-graph\">{\"@context\":\"https:\\\/\\\/schema.org\",\"@graph\":[{\"@type\":\"WebPage\",\"@id\":\"https:\\\/\\\/www.koonings.com\\\/fr\\\/product\\\/ladybird-arleene-ly124ak3\\\/\",\"url\":\"https:\\\/\\\/www.koonings.com\\\/fr\\\/product\\\/ladybird-arleene-ly124ak3\\\/\",\"name\":\"Ladybird Arleene LY124AK3 | Koonings\",\"isPartOf\":{\"@id\":\"https:\\\/\\\/www.koonings.com\\\/fr\\\/#website\"},\"primaryImageOfPage\":{\"@id\":\"https:\\\/\\\/www.koonings.com\\\/fr\\\/product\\\/ladybird-arleene-ly124ak3\\\/#primaryimage\"},\"image\":{\"@id\":\"https:\\\/\\\/www.koonings.com\\\/fr\\\/product\\\/ladybird-arleene-ly124ak3\\\/#primaryimage\"},\"thumbnailUrl\":\"https:\\\/\\\/www.koonings.com\\\/wp-content\\\/uploads\\\/2024\\\/11\\\/39307_3860ff74933e5020010256f3703e2ebb7bf7bdb0896b6b6c05393644ddbca9d095ac5578.jpeg\",\"datePublished\":\"2025-12-14T23:20:37+00:00\",\"dateModified\":\"2026-02-03T18:56:24+00:00\",\"description\":\"Robe de mari\u00e9e ARLEENE Coccinelle. Cette robe a une silhouette ajust\u00e9e et \u00e9vas\u00e9e et est faite de tulle et de dentelle romantique. Le haut sexy en forme de c\u0153ur avec des bretelles est dot\u00e9 d'un dos en trou de serrure particuli\u00e8rement joli. Une tra\u00eene en tulle avec des appliques en dentelle compl\u00e8te le tableau.\",\"breadcrumb\":{\"@id\":\"https:\\\/\\\/www.koonings.com\\\/fr\\\/product\\\/ladybird-arleene-ly124ak3\\\/#breadcrumb\"},\"inLanguage\":\"fr-FR\",\"potentialAction\":[{\"@type\":\"ReadAction\",\"target\":[\"https:\\\/\\\/www.koonings.com\\\/fr\\\/product\\\/ladybird-arleene-ly124ak3\\\/\"]}]},{\"@type\":\"ImageObject\",\"inLanguage\":\"fr-FR\",\"@id\":\"https:\\\/\\\/www.koonings.com\\\/fr\\\/product\\\/ladybird-arleene-ly124ak3\\\/#primaryimage\",\"url\":\"https:\\\/\\\/www.koonings.com\\\/wp-content\\\/uploads\\\/2024\\\/11\\\/39307_3860ff74933e5020010256f3703e2ebb7bf7bdb0896b6b6c05393644ddbca9d095ac5578.jpeg\",\"contentUrl\":\"https:\\\/\\\/www.koonings.com\\\/wp-content\\\/uploads\\\/2024\\\/11\\\/39307_3860ff74933e5020010256f3703e2ebb7bf7bdb0896b6b6c05393644ddbca9d095ac5578.jpeg\",\"width\":300,\"height\":450},{\"@type\":\"BreadcrumbList\",\"@id\":\"https:\\\/\\\/www.koonings.com\\\/fr\\\/product\\\/ladybird-arleene-ly124ak3\\\/#breadcrumb\",\"itemListElement\":[{\"@type\":\"ListItem\",\"position\":1,\"name\":\"Home\",\"item\":\"https:\\\/\\\/www.koonings.com\\\/fr\\\/\"},{\"@type\":\"ListItem\",\"position\":2,\"name\":\"Ladybird Arleene LY124AK3\"}]},{\"@type\":\"WebSite\",\"@id\":\"https:\\\/\\\/www.koonings.com\\\/fr\\\/#website\",\"url\":\"https:\\\/\\\/www.koonings.com\\\/fr\\\/\",\"name\":\"Koonings\",\"description\":\"De grootste bruidsmodewinkel ter wereld\",\"publisher\":{\"@id\":\"https:\\\/\\\/www.koonings.com\\\/fr\\\/#organization\"},\"potentialAction\":[{\"@type\":\"SearchAction\",\"target\":{\"@type\":\"EntryPoint\",\"urlTemplate\":\"https:\\\/\\\/www.koonings.com\\\/fr\\\/?s={search_term_string}\"},\"query-input\":{\"@type\":\"PropertyValueSpecification\",\"valueRequired\":true,\"valueName\":\"search_term_string\"}}],\"inLanguage\":\"fr-FR\"},{\"@type\":\"Organization\",\"@id\":\"https:\\\/\\\/www.koonings.com\\\/fr\\\/#organization\",\"name\":\"Koonings\",\"url\":\"https:\\\/\\\/www.koonings.com\\\/fr\\\/\",\"logo\":{\"@type\":\"ImageObject\",\"inLanguage\":\"fr-FR\",\"@id\":\"https:\\\/\\\/www.koonings.com\\\/fr\\\/#\\\/schema\\\/logo\\\/image\\\/\",\"url\":\"https:\\\/\\\/www.koonings.com\\\/wp-content\\\/uploads\\\/2024\\\/07\\\/logo.png\",\"contentUrl\":\"https:\\\/\\\/www.koonings.com\\\/wp-content\\\/uploads\\\/2024\\\/07\\\/logo.png\",\"width\":600,\"height\":428,\"caption\":\"Koonings\"},\"image\":{\"@id\":\"https:\\\/\\\/www.koonings.com\\\/fr\\\/#\\\/schema\\\/logo\\\/image\\\/\"},\"sameAs\":[\"https:\\\/\\\/www.facebook.com\\\/kooningstheweddingpalace\",\"https:\\\/\\\/www.instagram.com\\\/kooningstheweddingpalace\",\"https:\\\/\\\/www.pinterest.com\\\/koonings\",\"https:\\\/\\\/www.youtube.com\\\/kooningstheweddingpalace\"]}]}<\/script>\n<!-- \/ Yoast SEO plugin. -->","yoast_head_json":{"title":"Ladybird Arleene LY124AK3 | Koonings","description":"Robe de mari\u00e9e ARLEENE Coccinelle. Cette robe a une silhouette ajust\u00e9e et \u00e9vas\u00e9e et est faite de tulle et de dentelle romantique. Le haut sexy en forme de c\u0153ur avec des bretelles est dot\u00e9 d'un dos en trou de serrure particuli\u00e8rement joli. Une tra\u00eene en tulle avec des appliques en dentelle compl\u00e8te le tableau.","robots":{"index":"index","follow":"follow","max-snippet":"max-snippet:-1","max-image-preview":"max-image-preview:large","max-video-preview":"max-video-preview:-1"},"canonical":"https:\/\/www.koonings.com\/fr\/product\/ladybird-arleene-ly124ak3\/","og_locale":"fr_FR","og_type":"article","og_title":"Ladybird Arleene LY124AK3 | Koonings","og_description":"Robe de mari\u00e9e ARLEENE Coccinelle. Cette robe a une silhouette ajust\u00e9e et \u00e9vas\u00e9e et est faite de tulle et de dentelle romantique. Le haut sexy en forme de c\u0153ur avec des bretelles est dot\u00e9 d'un dos en trou de serrure particuli\u00e8rement joli. Une tra\u00eene en tulle avec des appliques en dentelle compl\u00e8te le tableau.","og_url":"https:\/\/www.koonings.com\/fr\/product\/ladybird-arleene-ly124ak3\/","og_site_name":"Koonings","article_publisher":"https:\/\/www.facebook.com\/kooningstheweddingpalace","article_modified_time":"2026-02-03T18:56:24+00:00","og_image":[{"width":300,"height":450,"url":"https:\/\/www.koonings.com\/wp-content\/uploads\/2024\/11\/39307_3860ff74933e5020010256f3703e2ebb7bf7bdb0896b6b6c05393644ddbca9d095ac5578.jpeg","type":"image\/jpeg"}],"twitter_card":"summary_large_image","schema":{"@context":"https:\/\/schema.org","@graph":[{"@type":"WebPage","@id":"https:\/\/www.koonings.com\/fr\/product\/ladybird-arleene-ly124ak3\/","url":"https:\/\/www.koonings.com\/fr\/product\/ladybird-arleene-ly124ak3\/","name":"Ladybird Arleene LY124AK3 | Koonings","isPartOf":{"@id":"https:\/\/www.koonings.com\/fr\/#website"},"primaryImageOfPage":{"@id":"https:\/\/www.koonings.com\/fr\/product\/ladybird-arleene-ly124ak3\/#primaryimage"},"image":{"@id":"https:\/\/www.koonings.com\/fr\/product\/ladybird-arleene-ly124ak3\/#primaryimage"},"thumbnailUrl":"https:\/\/www.koonings.com\/wp-content\/uploads\/2024\/11\/39307_3860ff74933e5020010256f3703e2ebb7bf7bdb0896b6b6c05393644ddbca9d095ac5578.jpeg","datePublished":"2025-12-14T23:20:37+00:00","dateModified":"2026-02-03T18:56:24+00:00","description":"Robe de mari\u00e9e ARLEENE Coccinelle. Cette robe a une silhouette ajust\u00e9e et \u00e9vas\u00e9e et est faite de tulle et de dentelle romantique. Le haut sexy en forme de c\u0153ur avec des bretelles est dot\u00e9 d'un dos en trou de serrure particuli\u00e8rement joli. Une tra\u00eene en tulle avec des appliques en dentelle compl\u00e8te le tableau.","breadcrumb":{"@id":"https:\/\/www.koonings.com\/fr\/product\/ladybird-arleene-ly124ak3\/#breadcrumb"},"inLanguage":"fr-FR","potentialAction":[{"@type":"ReadAction","target":["https:\/\/www.koonings.com\/fr\/product\/ladybird-arleene-ly124ak3\/"]}]},{"@type":"ImageObject","inLanguage":"fr-FR","@id":"https:\/\/www.koonings.com\/fr\/product\/ladybird-arleene-ly124ak3\/#primaryimage","url":"https:\/\/www.koonings.com\/wp-content\/uploads\/2024\/11\/39307_3860ff74933e5020010256f3703e2ebb7bf7bdb0896b6b6c05393644ddbca9d095ac5578.jpeg","contentUrl":"https:\/\/www.koonings.com\/wp-content\/uploads\/2024\/11\/39307_3860ff74933e5020010256f3703e2ebb7bf7bdb0896b6b6c05393644ddbca9d095ac5578.jpeg","width":300,"height":450},{"@type":"BreadcrumbList","@id":"https:\/\/www.koonings.com\/fr\/product\/ladybird-arleene-ly124ak3\/#breadcrumb","itemListElement":[{"@type":"ListItem","position":1,"name":"Home","item":"https:\/\/www.koonings.com\/fr\/"},{"@type":"ListItem","position":2,"name":"Ladybird Arleene LY124AK3"}]},{"@type":"WebSite","@id":"https:\/\/www.koonings.com\/fr\/#website","url":"https:\/\/www.koonings.com\/fr\/","name":"Koonings","description":"De grootste bruidsmodewinkel ter wereld","publisher":{"@id":"https:\/\/www.koonings.com\/fr\/#organization"},"potentialAction":[{"@type":"SearchAction","target":{"@type":"EntryPoint","urlTemplate":"https:\/\/www.koonings.com\/fr\/?s={search_term_string}"},"query-input":{"@type":"PropertyValueSpecification","valueRequired":true,"valueName":"search_term_string"}}],"inLanguage":"fr-FR"},{"@type":"Organization","@id":"https:\/\/www.koonings.com\/fr\/#organization","name":"Koonings","url":"https:\/\/www.koonings.com\/fr\/","logo":{"@type":"ImageObject","inLanguage":"fr-FR","@id":"https:\/\/www.koonings.com\/fr\/#\/schema\/logo\/image\/","url":"https:\/\/www.koonings.com\/wp-content\/uploads\/2024\/07\/logo.png","contentUrl":"https:\/\/www.koonings.com\/wp-content\/uploads\/2024\/07\/logo.png","width":600,"height":428,"caption":"Koonings"},"image":{"@id":"https:\/\/www.koonings.com\/fr\/#\/schema\/logo\/image\/"},"sameAs":["https:\/\/www.facebook.com\/kooningstheweddingpalace","https:\/\/www.instagram.com\/kooningstheweddingpalace","https:\/\/www.pinterest.com\/koonings","https:\/\/www.youtube.com\/kooningstheweddingpalace"]}]}},"_links":{"self":[{"href":"https:\/\/www.koonings.com\/fr\/wp-json\/wp\/v2\/product\/79366","targetHints":{"allow":["GET"]}}],"collection":[{"href":"https:\/\/www.koonings.com\/fr\/wp-json\/wp\/v2\/product"}],"about":[{"href":"https:\/\/www.koonings.com\/fr\/wp-json\/wp\/v2\/types\/product"}],"wp:featuredmedia":[{"embeddable":true,"href":"https:\/\/www.koonings.com\/fr\/wp-json\/wp\/v2\/media\/70027"}],"wp:attachment":[{"href":"https:\/\/www.koonings.com\/fr\/wp-json\/wp\/v2\/media?parent=79366"}],"wp:term":[{"taxonomy":"productdetails","embeddable":true,"href":"https:\/\/www.koonings.com\/fr\/wp-json\/wp\/v2\/productdetails?post=79366"},{"taxonomy":"productneck","embeddable":true,"href":"https:\/\/www.koonings.com\/fr\/wp-json\/wp\/v2\/productneck?post=79366"},{"taxonomy":"productcolor","embeddable":true,"href":"https:\/\/www.koonings.com\/fr\/wp-json\/wp\/v2\/productcolor?post=79366"},{"taxonomy":"maat","embeddable":true,"href":"https:\/\/www.koonings.com\/fr\/wp-json\/wp\/v2\/maat?post=79366"},{"taxonomy":"productsupplier","embeddable":true,"href":"https:\/\/www.koonings.com\/fr\/wp-json\/wp\/v2\/productsupplier?post=79366"},{"taxonomy":"productsleeve","embeddable":true,"href":"https:\/\/www.koonings.com\/fr\/wp-json\/wp\/v2\/productsleeve?post=79366"},{"taxonomy":"productcategory","embeddable":true,"href":"https:\/\/www.koonings.com\/fr\/wp-json\/wp\/v2\/productcategory?post=79366"},{"taxonomy":"productsilhouette","embeddable":true,"href":"https:\/\/www.koonings.com\/fr\/wp-json\/wp\/v2\/productsilhouette?post=79366"},{"taxonomy":"productstyle","embeddable":true,"href":"https:\/\/www.koonings.com\/fr\/wp-json\/wp\/v2\/productstyle?post=79366"}],"curies":[{"name":"wp","href":"https:\/\/api.w.org\/{rel}","templated":true}]}}