{"id":79354,"date":"2026-05-06T15:12:49","date_gmt":"2026-05-06T13:12:49","guid":{"rendered":"https:\/\/www.koonings.com\/product\/ladybird-orlena-lb124dm2\/"},"modified":"2026-02-16T14:51:28","modified_gmt":"2026-02-16T13:51:28","slug":"ladybird-orlena-lb124dm2","status":"publish","type":"product","link":"https:\/\/www.koonings.com\/fr\/product\/ladybird-orlena-lb124dm2\/","title":{"rendered":"Ladybird Orlena LB124DM2"},"content":{"rendered":"<p>Id\u00e9al pour la mari\u00e9e moderne, ce look d&#8217;inspiration boh\u00e8me est soutenu par une luxueuse dentelle d&#8217;illusion aux motifs magnifiques et originaux. Fabriqu\u00e9e en tulle pour une l\u00e9g\u00e8ret\u00e9 \u00e9th\u00e9r\u00e9e, la jupe en ligne A maintient une forme parfaite. <\/p>\n","protected":false},"featured_media":70053,"template":"","meta":{"_acf_changed":false,"ghostkit_customizer_options":"","ghostkit_custom_css":"","ghostkit_custom_js_head":"","ghostkit_custom_js_foot":"","ghostkit_typography":""},"productdetails":[381],"productneck":[350,352],"productcolor":[392],"maat":[],"productsupplier":[437],"productsleeve":[363],"productcategory":[18],"productsilhouette":[384],"productstyle":[364,371],"class_list":["post-79354","product","type-product","status-publish","has-post-thumbnail","hentry","productdetails-381","productneck-350","productneck-352","productcolor-392","productsupplier-ladybird","productsleeve-363","productcategory-trouwjurken","productsilhouette-384","productstyle-364","productstyle-371"],"acf":[],"yoast_head":"<!-- This site is optimized with the Yoast SEO plugin v27.3 - https:\/\/yoast.com\/product\/yoast-seo-wordpress\/ -->\n<title>Ladybird Orlena LB124DM2 | Koonings<\/title>\n<meta name=\"description\" content=\"Id\u00e9al pour la mari\u00e9e moderne, ce look d&#039;inspiration boh\u00e8me est soutenu par une luxueuse dentelle d&#039;illusion aux motifs magnifiques et originaux. Fabriqu\u00e9e en tulle pour une l\u00e9g\u00e8ret\u00e9 \u00e9th\u00e9r\u00e9e, la jupe en ligne A maintient une forme parfaite.\" \/>\n<meta name=\"robots\" content=\"index, follow, max-snippet:-1, max-image-preview:large, max-video-preview:-1\" \/>\n<link rel=\"canonical\" href=\"https:\/\/www.koonings.com\/fr\/product\/ladybird-orlena-lb124dm2\/\" \/>\n<meta property=\"og:locale\" content=\"fr_FR\" \/>\n<meta property=\"og:type\" content=\"article\" \/>\n<meta property=\"og:title\" content=\"Ladybird Orlena LB124DM2 | Koonings\" \/>\n<meta property=\"og:description\" content=\"Id\u00e9al pour la mari\u00e9e moderne, ce look d&#039;inspiration boh\u00e8me est soutenu par une luxueuse dentelle d&#039;illusion aux motifs magnifiques et originaux. Fabriqu\u00e9e en tulle pour une l\u00e9g\u00e8ret\u00e9 \u00e9th\u00e9r\u00e9e, la jupe en ligne A maintient une forme parfaite.\" \/>\n<meta property=\"og:url\" content=\"https:\/\/www.koonings.com\/fr\/product\/ladybird-orlena-lb124dm2\/\" \/>\n<meta property=\"og:site_name\" content=\"Koonings\" \/>\n<meta property=\"article:publisher\" content=\"https:\/\/www.facebook.com\/kooningstheweddingpalace\" \/>\n<meta property=\"og:image\" content=\"https:\/\/www.koonings.com\/wp-content\/uploads\/2024\/11\/39324_209ef252e60c13471d61bd37ae11220269d4d90ec9a2fc683d046adfa0c5529941448008-scaled.jpeg\" \/>\n\t<meta property=\"og:image:width\" content=\"1814\" \/>\n\t<meta property=\"og:image:height\" content=\"2560\" \/>\n\t<meta property=\"og:image:type\" content=\"image\/jpeg\" \/>\n<meta name=\"twitter:card\" content=\"summary_large_image\" \/>\n<script type=\"application\/ld+json\" class=\"yoast-schema-graph\">{\"@context\":\"https:\\\/\\\/schema.org\",\"@graph\":[{\"@type\":\"WebPage\",\"@id\":\"https:\\\/\\\/www.koonings.com\\\/fr\\\/product\\\/ladybird-orlena-lb124dm2\\\/\",\"url\":\"https:\\\/\\\/www.koonings.com\\\/fr\\\/product\\\/ladybird-orlena-lb124dm2\\\/\",\"name\":\"Ladybird Orlena LB124DM2 | Koonings\",\"isPartOf\":{\"@id\":\"https:\\\/\\\/www.koonings.com\\\/fr\\\/#website\"},\"primaryImageOfPage\":{\"@id\":\"https:\\\/\\\/www.koonings.com\\\/fr\\\/product\\\/ladybird-orlena-lb124dm2\\\/#primaryimage\"},\"image\":{\"@id\":\"https:\\\/\\\/www.koonings.com\\\/fr\\\/product\\\/ladybird-orlena-lb124dm2\\\/#primaryimage\"},\"thumbnailUrl\":\"https:\\\/\\\/www.koonings.com\\\/wp-content\\\/uploads\\\/2024\\\/11\\\/39324_209ef252e60c13471d61bd37ae11220269d4d90ec9a2fc683d046adfa0c5529941448008-scaled.jpeg\",\"datePublished\":\"2026-05-06T13:12:49+00:00\",\"description\":\"Id\u00e9al pour la mari\u00e9e moderne, ce look d'inspiration boh\u00e8me est soutenu par une luxueuse dentelle d'illusion aux motifs magnifiques et originaux. Fabriqu\u00e9e en tulle pour une l\u00e9g\u00e8ret\u00e9 \u00e9th\u00e9r\u00e9e, la jupe en ligne A maintient une forme parfaite.\",\"breadcrumb\":{\"@id\":\"https:\\\/\\\/www.koonings.com\\\/fr\\\/product\\\/ladybird-orlena-lb124dm2\\\/#breadcrumb\"},\"inLanguage\":\"fr-FR\",\"potentialAction\":[{\"@type\":\"ReadAction\",\"target\":[\"https:\\\/\\\/www.koonings.com\\\/fr\\\/product\\\/ladybird-orlena-lb124dm2\\\/\"]}]},{\"@type\":\"ImageObject\",\"inLanguage\":\"fr-FR\",\"@id\":\"https:\\\/\\\/www.koonings.com\\\/fr\\\/product\\\/ladybird-orlena-lb124dm2\\\/#primaryimage\",\"url\":\"https:\\\/\\\/www.koonings.com\\\/wp-content\\\/uploads\\\/2024\\\/11\\\/39324_209ef252e60c13471d61bd37ae11220269d4d90ec9a2fc683d046adfa0c5529941448008-scaled.jpeg\",\"contentUrl\":\"https:\\\/\\\/www.koonings.com\\\/wp-content\\\/uploads\\\/2024\\\/11\\\/39324_209ef252e60c13471d61bd37ae11220269d4d90ec9a2fc683d046adfa0c5529941448008-scaled.jpeg\",\"width\":1814,\"height\":2560},{\"@type\":\"BreadcrumbList\",\"@id\":\"https:\\\/\\\/www.koonings.com\\\/fr\\\/product\\\/ladybird-orlena-lb124dm2\\\/#breadcrumb\",\"itemListElement\":[{\"@type\":\"ListItem\",\"position\":1,\"name\":\"Home\",\"item\":\"https:\\\/\\\/www.koonings.com\\\/fr\\\/\"},{\"@type\":\"ListItem\",\"position\":2,\"name\":\"Ladybird Orlena LB124DM2\"}]},{\"@type\":\"WebSite\",\"@id\":\"https:\\\/\\\/www.koonings.com\\\/fr\\\/#website\",\"url\":\"https:\\\/\\\/www.koonings.com\\\/fr\\\/\",\"name\":\"Koonings\",\"description\":\"De grootste bruidsmodewinkel ter wereld\",\"publisher\":{\"@id\":\"https:\\\/\\\/www.koonings.com\\\/fr\\\/#organization\"},\"potentialAction\":[{\"@type\":\"SearchAction\",\"target\":{\"@type\":\"EntryPoint\",\"urlTemplate\":\"https:\\\/\\\/www.koonings.com\\\/fr\\\/?s={search_term_string}\"},\"query-input\":{\"@type\":\"PropertyValueSpecification\",\"valueRequired\":true,\"valueName\":\"search_term_string\"}}],\"inLanguage\":\"fr-FR\"},{\"@type\":\"Organization\",\"@id\":\"https:\\\/\\\/www.koonings.com\\\/fr\\\/#organization\",\"name\":\"Koonings\",\"url\":\"https:\\\/\\\/www.koonings.com\\\/fr\\\/\",\"logo\":{\"@type\":\"ImageObject\",\"inLanguage\":\"fr-FR\",\"@id\":\"https:\\\/\\\/www.koonings.com\\\/fr\\\/#\\\/schema\\\/logo\\\/image\\\/\",\"url\":\"https:\\\/\\\/www.koonings.com\\\/wp-content\\\/uploads\\\/2024\\\/07\\\/logo.png\",\"contentUrl\":\"https:\\\/\\\/www.koonings.com\\\/wp-content\\\/uploads\\\/2024\\\/07\\\/logo.png\",\"width\":600,\"height\":428,\"caption\":\"Koonings\"},\"image\":{\"@id\":\"https:\\\/\\\/www.koonings.com\\\/fr\\\/#\\\/schema\\\/logo\\\/image\\\/\"},\"sameAs\":[\"https:\\\/\\\/www.facebook.com\\\/kooningstheweddingpalace\",\"https:\\\/\\\/www.instagram.com\\\/kooningstheweddingpalace\",\"https:\\\/\\\/www.pinterest.com\\\/koonings\",\"https:\\\/\\\/www.youtube.com\\\/kooningstheweddingpalace\"]}]}<\/script>\n<!-- \/ Yoast SEO plugin. -->","yoast_head_json":{"title":"Ladybird Orlena LB124DM2 | Koonings","description":"Id\u00e9al pour la mari\u00e9e moderne, ce look d'inspiration boh\u00e8me est soutenu par une luxueuse dentelle d'illusion aux motifs magnifiques et originaux. Fabriqu\u00e9e en tulle pour une l\u00e9g\u00e8ret\u00e9 \u00e9th\u00e9r\u00e9e, la jupe en ligne A maintient une forme parfaite.","robots":{"index":"index","follow":"follow","max-snippet":"max-snippet:-1","max-image-preview":"max-image-preview:large","max-video-preview":"max-video-preview:-1"},"canonical":"https:\/\/www.koonings.com\/fr\/product\/ladybird-orlena-lb124dm2\/","og_locale":"fr_FR","og_type":"article","og_title":"Ladybird Orlena LB124DM2 | Koonings","og_description":"Id\u00e9al pour la mari\u00e9e moderne, ce look d'inspiration boh\u00e8me est soutenu par une luxueuse dentelle d'illusion aux motifs magnifiques et originaux. Fabriqu\u00e9e en tulle pour une l\u00e9g\u00e8ret\u00e9 \u00e9th\u00e9r\u00e9e, la jupe en ligne A maintient une forme parfaite.","og_url":"https:\/\/www.koonings.com\/fr\/product\/ladybird-orlena-lb124dm2\/","og_site_name":"Koonings","article_publisher":"https:\/\/www.facebook.com\/kooningstheweddingpalace","og_image":[{"width":1814,"height":2560,"url":"https:\/\/www.koonings.com\/wp-content\/uploads\/2024\/11\/39324_209ef252e60c13471d61bd37ae11220269d4d90ec9a2fc683d046adfa0c5529941448008-scaled.jpeg","type":"image\/jpeg"}],"twitter_card":"summary_large_image","schema":{"@context":"https:\/\/schema.org","@graph":[{"@type":"WebPage","@id":"https:\/\/www.koonings.com\/fr\/product\/ladybird-orlena-lb124dm2\/","url":"https:\/\/www.koonings.com\/fr\/product\/ladybird-orlena-lb124dm2\/","name":"Ladybird Orlena LB124DM2 | Koonings","isPartOf":{"@id":"https:\/\/www.koonings.com\/fr\/#website"},"primaryImageOfPage":{"@id":"https:\/\/www.koonings.com\/fr\/product\/ladybird-orlena-lb124dm2\/#primaryimage"},"image":{"@id":"https:\/\/www.koonings.com\/fr\/product\/ladybird-orlena-lb124dm2\/#primaryimage"},"thumbnailUrl":"https:\/\/www.koonings.com\/wp-content\/uploads\/2024\/11\/39324_209ef252e60c13471d61bd37ae11220269d4d90ec9a2fc683d046adfa0c5529941448008-scaled.jpeg","datePublished":"2026-05-06T13:12:49+00:00","description":"Id\u00e9al pour la mari\u00e9e moderne, ce look d'inspiration boh\u00e8me est soutenu par une luxueuse dentelle d'illusion aux motifs magnifiques et originaux. Fabriqu\u00e9e en tulle pour une l\u00e9g\u00e8ret\u00e9 \u00e9th\u00e9r\u00e9e, la jupe en ligne A maintient une forme parfaite.","breadcrumb":{"@id":"https:\/\/www.koonings.com\/fr\/product\/ladybird-orlena-lb124dm2\/#breadcrumb"},"inLanguage":"fr-FR","potentialAction":[{"@type":"ReadAction","target":["https:\/\/www.koonings.com\/fr\/product\/ladybird-orlena-lb124dm2\/"]}]},{"@type":"ImageObject","inLanguage":"fr-FR","@id":"https:\/\/www.koonings.com\/fr\/product\/ladybird-orlena-lb124dm2\/#primaryimage","url":"https:\/\/www.koonings.com\/wp-content\/uploads\/2024\/11\/39324_209ef252e60c13471d61bd37ae11220269d4d90ec9a2fc683d046adfa0c5529941448008-scaled.jpeg","contentUrl":"https:\/\/www.koonings.com\/wp-content\/uploads\/2024\/11\/39324_209ef252e60c13471d61bd37ae11220269d4d90ec9a2fc683d046adfa0c5529941448008-scaled.jpeg","width":1814,"height":2560},{"@type":"BreadcrumbList","@id":"https:\/\/www.koonings.com\/fr\/product\/ladybird-orlena-lb124dm2\/#breadcrumb","itemListElement":[{"@type":"ListItem","position":1,"name":"Home","item":"https:\/\/www.koonings.com\/fr\/"},{"@type":"ListItem","position":2,"name":"Ladybird Orlena LB124DM2"}]},{"@type":"WebSite","@id":"https:\/\/www.koonings.com\/fr\/#website","url":"https:\/\/www.koonings.com\/fr\/","name":"Koonings","description":"De grootste bruidsmodewinkel ter wereld","publisher":{"@id":"https:\/\/www.koonings.com\/fr\/#organization"},"potentialAction":[{"@type":"SearchAction","target":{"@type":"EntryPoint","urlTemplate":"https:\/\/www.koonings.com\/fr\/?s={search_term_string}"},"query-input":{"@type":"PropertyValueSpecification","valueRequired":true,"valueName":"search_term_string"}}],"inLanguage":"fr-FR"},{"@type":"Organization","@id":"https:\/\/www.koonings.com\/fr\/#organization","name":"Koonings","url":"https:\/\/www.koonings.com\/fr\/","logo":{"@type":"ImageObject","inLanguage":"fr-FR","@id":"https:\/\/www.koonings.com\/fr\/#\/schema\/logo\/image\/","url":"https:\/\/www.koonings.com\/wp-content\/uploads\/2024\/07\/logo.png","contentUrl":"https:\/\/www.koonings.com\/wp-content\/uploads\/2024\/07\/logo.png","width":600,"height":428,"caption":"Koonings"},"image":{"@id":"https:\/\/www.koonings.com\/fr\/#\/schema\/logo\/image\/"},"sameAs":["https:\/\/www.facebook.com\/kooningstheweddingpalace","https:\/\/www.instagram.com\/kooningstheweddingpalace","https:\/\/www.pinterest.com\/koonings","https:\/\/www.youtube.com\/kooningstheweddingpalace"]}]}},"_links":{"self":[{"href":"https:\/\/www.koonings.com\/fr\/wp-json\/wp\/v2\/product\/79354","targetHints":{"allow":["GET"]}}],"collection":[{"href":"https:\/\/www.koonings.com\/fr\/wp-json\/wp\/v2\/product"}],"about":[{"href":"https:\/\/www.koonings.com\/fr\/wp-json\/wp\/v2\/types\/product"}],"wp:featuredmedia":[{"embeddable":true,"href":"https:\/\/www.koonings.com\/fr\/wp-json\/wp\/v2\/media\/70053"}],"wp:attachment":[{"href":"https:\/\/www.koonings.com\/fr\/wp-json\/wp\/v2\/media?parent=79354"}],"wp:term":[{"taxonomy":"productdetails","embeddable":true,"href":"https:\/\/www.koonings.com\/fr\/wp-json\/wp\/v2\/productdetails?post=79354"},{"taxonomy":"productneck","embeddable":true,"href":"https:\/\/www.koonings.com\/fr\/wp-json\/wp\/v2\/productneck?post=79354"},{"taxonomy":"productcolor","embeddable":true,"href":"https:\/\/www.koonings.com\/fr\/wp-json\/wp\/v2\/productcolor?post=79354"},{"taxonomy":"maat","embeddable":true,"href":"https:\/\/www.koonings.com\/fr\/wp-json\/wp\/v2\/maat?post=79354"},{"taxonomy":"productsupplier","embeddable":true,"href":"https:\/\/www.koonings.com\/fr\/wp-json\/wp\/v2\/productsupplier?post=79354"},{"taxonomy":"productsleeve","embeddable":true,"href":"https:\/\/www.koonings.com\/fr\/wp-json\/wp\/v2\/productsleeve?post=79354"},{"taxonomy":"productcategory","embeddable":true,"href":"https:\/\/www.koonings.com\/fr\/wp-json\/wp\/v2\/productcategory?post=79354"},{"taxonomy":"productsilhouette","embeddable":true,"href":"https:\/\/www.koonings.com\/fr\/wp-json\/wp\/v2\/productsilhouette?post=79354"},{"taxonomy":"productstyle","embeddable":true,"href":"https:\/\/www.koonings.com\/fr\/wp-json\/wp\/v2\/productstyle?post=79354"}],"curies":[{"name":"wp","href":"https:\/\/api.w.org\/{rel}","templated":true}]}}