{"id":79353,"date":"2025-12-15T00:20:46","date_gmt":"2025-12-14T23:20:46","guid":{"rendered":"https:\/\/www.koonings.com\/product\/ladybird-cristal-lb124dr1\/"},"modified":"2026-02-03T19:56:29","modified_gmt":"2026-02-03T18:56:29","slug":"ladybird-cristal-lb124dr1","status":"publish","type":"product","link":"https:\/\/www.koonings.com\/fr\/product\/ladybird-cristal-lb124dr1\/","title":{"rendered":"Ladybird Cristal LB124DR1"},"content":{"rendered":"<p>Magnifique design sir\u00e8ne avec un d\u00e9collet\u00e9 en V profond et un dos, des empi\u00e8cements sensuels de couleur nude sur les c\u00f4t\u00e9s et une couture \u00e0 boutons sexy. R\u00e9alis\u00e9e en tulle romantique et en chantilly avec de la dentelle et des perles \u00e9tincelantes. <\/p>\n","protected":false},"featured_media":70079,"template":"","meta":{"_acf_changed":false,"ghostkit_customizer_options":"","ghostkit_custom_css":"","ghostkit_custom_js_head":"","ghostkit_custom_js_foot":"","ghostkit_typography":""},"productdetails":[381],"productneck":[356],"productcolor":[392],"maat":[],"productsupplier":[437],"productsleeve":[359],"productcategory":[18],"productsilhouette":[387],"productstyle":[366,370],"class_list":["post-79353","product","type-product","status-publish","has-post-thumbnail","hentry","productdetails-381","productneck-356","productcolor-392","productsupplier-ladybird","productsleeve-359","productcategory-trouwjurken","productsilhouette-387","productstyle-366","productstyle-370"],"acf":[],"yoast_head":"<!-- This site is optimized with the Yoast SEO plugin v27.3 - https:\/\/yoast.com\/product\/yoast-seo-wordpress\/ -->\n<title>Ladybird Cristal LB124DR1 | Koonings<\/title>\n<meta name=\"description\" content=\"Magnifique design sir\u00e8ne avec un d\u00e9collet\u00e9 en V profond et un dos, des empi\u00e8cements sensuels de couleur nude sur les c\u00f4t\u00e9s et une couture \u00e0 boutons sexy. R\u00e9alis\u00e9e en tulle romantique et en chantilly avec de la dentelle et des perles \u00e9tincelantes.\" \/>\n<meta name=\"robots\" content=\"index, follow, max-snippet:-1, max-image-preview:large, max-video-preview:-1\" \/>\n<link rel=\"canonical\" href=\"https:\/\/www.koonings.com\/fr\/product\/ladybird-cristal-lb124dr1\/\" \/>\n<meta property=\"og:locale\" content=\"fr_FR\" \/>\n<meta property=\"og:type\" content=\"article\" \/>\n<meta property=\"og:title\" content=\"Ladybird Cristal LB124DR1 | Koonings\" \/>\n<meta property=\"og:description\" content=\"Magnifique design sir\u00e8ne avec un d\u00e9collet\u00e9 en V profond et un dos, des empi\u00e8cements sensuels de couleur nude sur les c\u00f4t\u00e9s et une couture \u00e0 boutons sexy. R\u00e9alis\u00e9e en tulle romantique et en chantilly avec de la dentelle et des perles \u00e9tincelantes.\" \/>\n<meta property=\"og:url\" content=\"https:\/\/www.koonings.com\/fr\/product\/ladybird-cristal-lb124dr1\/\" \/>\n<meta property=\"og:site_name\" content=\"Koonings\" \/>\n<meta property=\"article:publisher\" content=\"https:\/\/www.facebook.com\/kooningstheweddingpalace\" \/>\n<meta property=\"article:modified_time\" content=\"2026-02-03T18:56:29+00:00\" \/>\n<meta property=\"og:image\" content=\"https:\/\/www.koonings.com\/wp-content\/uploads\/2024\/11\/39348_b390e24974c08ea121d7845e0fce2e42e328d7d8558c00b356416ae6c361b11cc963c751-scaled.jpeg\" \/>\n\t<meta property=\"og:image:width\" content=\"1811\" \/>\n\t<meta property=\"og:image:height\" content=\"2560\" \/>\n\t<meta property=\"og:image:type\" content=\"image\/jpeg\" \/>\n<meta name=\"twitter:card\" content=\"summary_large_image\" \/>\n<script type=\"application\/ld+json\" class=\"yoast-schema-graph\">{\"@context\":\"https:\\\/\\\/schema.org\",\"@graph\":[{\"@type\":\"WebPage\",\"@id\":\"https:\\\/\\\/www.koonings.com\\\/fr\\\/product\\\/ladybird-cristal-lb124dr1\\\/\",\"url\":\"https:\\\/\\\/www.koonings.com\\\/fr\\\/product\\\/ladybird-cristal-lb124dr1\\\/\",\"name\":\"Ladybird Cristal LB124DR1 | Koonings\",\"isPartOf\":{\"@id\":\"https:\\\/\\\/www.koonings.com\\\/fr\\\/#website\"},\"primaryImageOfPage\":{\"@id\":\"https:\\\/\\\/www.koonings.com\\\/fr\\\/product\\\/ladybird-cristal-lb124dr1\\\/#primaryimage\"},\"image\":{\"@id\":\"https:\\\/\\\/www.koonings.com\\\/fr\\\/product\\\/ladybird-cristal-lb124dr1\\\/#primaryimage\"},\"thumbnailUrl\":\"https:\\\/\\\/www.koonings.com\\\/wp-content\\\/uploads\\\/2024\\\/11\\\/39348_b390e24974c08ea121d7845e0fce2e42e328d7d8558c00b356416ae6c361b11cc963c751-scaled.jpeg\",\"datePublished\":\"2025-12-14T23:20:46+00:00\",\"dateModified\":\"2026-02-03T18:56:29+00:00\",\"description\":\"Magnifique design sir\u00e8ne avec un d\u00e9collet\u00e9 en V profond et un dos, des empi\u00e8cements sensuels de couleur nude sur les c\u00f4t\u00e9s et une couture \u00e0 boutons sexy. R\u00e9alis\u00e9e en tulle romantique et en chantilly avec de la dentelle et des perles \u00e9tincelantes.\",\"breadcrumb\":{\"@id\":\"https:\\\/\\\/www.koonings.com\\\/fr\\\/product\\\/ladybird-cristal-lb124dr1\\\/#breadcrumb\"},\"inLanguage\":\"fr-FR\",\"potentialAction\":[{\"@type\":\"ReadAction\",\"target\":[\"https:\\\/\\\/www.koonings.com\\\/fr\\\/product\\\/ladybird-cristal-lb124dr1\\\/\"]}]},{\"@type\":\"ImageObject\",\"inLanguage\":\"fr-FR\",\"@id\":\"https:\\\/\\\/www.koonings.com\\\/fr\\\/product\\\/ladybird-cristal-lb124dr1\\\/#primaryimage\",\"url\":\"https:\\\/\\\/www.koonings.com\\\/wp-content\\\/uploads\\\/2024\\\/11\\\/39348_b390e24974c08ea121d7845e0fce2e42e328d7d8558c00b356416ae6c361b11cc963c751-scaled.jpeg\",\"contentUrl\":\"https:\\\/\\\/www.koonings.com\\\/wp-content\\\/uploads\\\/2024\\\/11\\\/39348_b390e24974c08ea121d7845e0fce2e42e328d7d8558c00b356416ae6c361b11cc963c751-scaled.jpeg\",\"width\":1811,\"height\":2560},{\"@type\":\"BreadcrumbList\",\"@id\":\"https:\\\/\\\/www.koonings.com\\\/fr\\\/product\\\/ladybird-cristal-lb124dr1\\\/#breadcrumb\",\"itemListElement\":[{\"@type\":\"ListItem\",\"position\":1,\"name\":\"Home\",\"item\":\"https:\\\/\\\/www.koonings.com\\\/fr\\\/\"},{\"@type\":\"ListItem\",\"position\":2,\"name\":\"Ladybird Cristal LB124DR1\"}]},{\"@type\":\"WebSite\",\"@id\":\"https:\\\/\\\/www.koonings.com\\\/fr\\\/#website\",\"url\":\"https:\\\/\\\/www.koonings.com\\\/fr\\\/\",\"name\":\"Koonings\",\"description\":\"De grootste bruidsmodewinkel ter wereld\",\"publisher\":{\"@id\":\"https:\\\/\\\/www.koonings.com\\\/fr\\\/#organization\"},\"potentialAction\":[{\"@type\":\"SearchAction\",\"target\":{\"@type\":\"EntryPoint\",\"urlTemplate\":\"https:\\\/\\\/www.koonings.com\\\/fr\\\/?s={search_term_string}\"},\"query-input\":{\"@type\":\"PropertyValueSpecification\",\"valueRequired\":true,\"valueName\":\"search_term_string\"}}],\"inLanguage\":\"fr-FR\"},{\"@type\":\"Organization\",\"@id\":\"https:\\\/\\\/www.koonings.com\\\/fr\\\/#organization\",\"name\":\"Koonings\",\"url\":\"https:\\\/\\\/www.koonings.com\\\/fr\\\/\",\"logo\":{\"@type\":\"ImageObject\",\"inLanguage\":\"fr-FR\",\"@id\":\"https:\\\/\\\/www.koonings.com\\\/fr\\\/#\\\/schema\\\/logo\\\/image\\\/\",\"url\":\"https:\\\/\\\/www.koonings.com\\\/wp-content\\\/uploads\\\/2024\\\/07\\\/logo.png\",\"contentUrl\":\"https:\\\/\\\/www.koonings.com\\\/wp-content\\\/uploads\\\/2024\\\/07\\\/logo.png\",\"width\":600,\"height\":428,\"caption\":\"Koonings\"},\"image\":{\"@id\":\"https:\\\/\\\/www.koonings.com\\\/fr\\\/#\\\/schema\\\/logo\\\/image\\\/\"},\"sameAs\":[\"https:\\\/\\\/www.facebook.com\\\/kooningstheweddingpalace\",\"https:\\\/\\\/www.instagram.com\\\/kooningstheweddingpalace\",\"https:\\\/\\\/www.pinterest.com\\\/koonings\",\"https:\\\/\\\/www.youtube.com\\\/kooningstheweddingpalace\"]}]}<\/script>\n<!-- \/ Yoast SEO plugin. -->","yoast_head_json":{"title":"Ladybird Cristal LB124DR1 | Koonings","description":"Magnifique design sir\u00e8ne avec un d\u00e9collet\u00e9 en V profond et un dos, des empi\u00e8cements sensuels de couleur nude sur les c\u00f4t\u00e9s et une couture \u00e0 boutons sexy. R\u00e9alis\u00e9e en tulle romantique et en chantilly avec de la dentelle et des perles \u00e9tincelantes.","robots":{"index":"index","follow":"follow","max-snippet":"max-snippet:-1","max-image-preview":"max-image-preview:large","max-video-preview":"max-video-preview:-1"},"canonical":"https:\/\/www.koonings.com\/fr\/product\/ladybird-cristal-lb124dr1\/","og_locale":"fr_FR","og_type":"article","og_title":"Ladybird Cristal LB124DR1 | Koonings","og_description":"Magnifique design sir\u00e8ne avec un d\u00e9collet\u00e9 en V profond et un dos, des empi\u00e8cements sensuels de couleur nude sur les c\u00f4t\u00e9s et une couture \u00e0 boutons sexy. R\u00e9alis\u00e9e en tulle romantique et en chantilly avec de la dentelle et des perles \u00e9tincelantes.","og_url":"https:\/\/www.koonings.com\/fr\/product\/ladybird-cristal-lb124dr1\/","og_site_name":"Koonings","article_publisher":"https:\/\/www.facebook.com\/kooningstheweddingpalace","article_modified_time":"2026-02-03T18:56:29+00:00","og_image":[{"width":1811,"height":2560,"url":"https:\/\/www.koonings.com\/wp-content\/uploads\/2024\/11\/39348_b390e24974c08ea121d7845e0fce2e42e328d7d8558c00b356416ae6c361b11cc963c751-scaled.jpeg","type":"image\/jpeg"}],"twitter_card":"summary_large_image","schema":{"@context":"https:\/\/schema.org","@graph":[{"@type":"WebPage","@id":"https:\/\/www.koonings.com\/fr\/product\/ladybird-cristal-lb124dr1\/","url":"https:\/\/www.koonings.com\/fr\/product\/ladybird-cristal-lb124dr1\/","name":"Ladybird Cristal LB124DR1 | Koonings","isPartOf":{"@id":"https:\/\/www.koonings.com\/fr\/#website"},"primaryImageOfPage":{"@id":"https:\/\/www.koonings.com\/fr\/product\/ladybird-cristal-lb124dr1\/#primaryimage"},"image":{"@id":"https:\/\/www.koonings.com\/fr\/product\/ladybird-cristal-lb124dr1\/#primaryimage"},"thumbnailUrl":"https:\/\/www.koonings.com\/wp-content\/uploads\/2024\/11\/39348_b390e24974c08ea121d7845e0fce2e42e328d7d8558c00b356416ae6c361b11cc963c751-scaled.jpeg","datePublished":"2025-12-14T23:20:46+00:00","dateModified":"2026-02-03T18:56:29+00:00","description":"Magnifique design sir\u00e8ne avec un d\u00e9collet\u00e9 en V profond et un dos, des empi\u00e8cements sensuels de couleur nude sur les c\u00f4t\u00e9s et une couture \u00e0 boutons sexy. R\u00e9alis\u00e9e en tulle romantique et en chantilly avec de la dentelle et des perles \u00e9tincelantes.","breadcrumb":{"@id":"https:\/\/www.koonings.com\/fr\/product\/ladybird-cristal-lb124dr1\/#breadcrumb"},"inLanguage":"fr-FR","potentialAction":[{"@type":"ReadAction","target":["https:\/\/www.koonings.com\/fr\/product\/ladybird-cristal-lb124dr1\/"]}]},{"@type":"ImageObject","inLanguage":"fr-FR","@id":"https:\/\/www.koonings.com\/fr\/product\/ladybird-cristal-lb124dr1\/#primaryimage","url":"https:\/\/www.koonings.com\/wp-content\/uploads\/2024\/11\/39348_b390e24974c08ea121d7845e0fce2e42e328d7d8558c00b356416ae6c361b11cc963c751-scaled.jpeg","contentUrl":"https:\/\/www.koonings.com\/wp-content\/uploads\/2024\/11\/39348_b390e24974c08ea121d7845e0fce2e42e328d7d8558c00b356416ae6c361b11cc963c751-scaled.jpeg","width":1811,"height":2560},{"@type":"BreadcrumbList","@id":"https:\/\/www.koonings.com\/fr\/product\/ladybird-cristal-lb124dr1\/#breadcrumb","itemListElement":[{"@type":"ListItem","position":1,"name":"Home","item":"https:\/\/www.koonings.com\/fr\/"},{"@type":"ListItem","position":2,"name":"Ladybird Cristal LB124DR1"}]},{"@type":"WebSite","@id":"https:\/\/www.koonings.com\/fr\/#website","url":"https:\/\/www.koonings.com\/fr\/","name":"Koonings","description":"De grootste bruidsmodewinkel ter wereld","publisher":{"@id":"https:\/\/www.koonings.com\/fr\/#organization"},"potentialAction":[{"@type":"SearchAction","target":{"@type":"EntryPoint","urlTemplate":"https:\/\/www.koonings.com\/fr\/?s={search_term_string}"},"query-input":{"@type":"PropertyValueSpecification","valueRequired":true,"valueName":"search_term_string"}}],"inLanguage":"fr-FR"},{"@type":"Organization","@id":"https:\/\/www.koonings.com\/fr\/#organization","name":"Koonings","url":"https:\/\/www.koonings.com\/fr\/","logo":{"@type":"ImageObject","inLanguage":"fr-FR","@id":"https:\/\/www.koonings.com\/fr\/#\/schema\/logo\/image\/","url":"https:\/\/www.koonings.com\/wp-content\/uploads\/2024\/07\/logo.png","contentUrl":"https:\/\/www.koonings.com\/wp-content\/uploads\/2024\/07\/logo.png","width":600,"height":428,"caption":"Koonings"},"image":{"@id":"https:\/\/www.koonings.com\/fr\/#\/schema\/logo\/image\/"},"sameAs":["https:\/\/www.facebook.com\/kooningstheweddingpalace","https:\/\/www.instagram.com\/kooningstheweddingpalace","https:\/\/www.pinterest.com\/koonings","https:\/\/www.youtube.com\/kooningstheweddingpalace"]}]}},"_links":{"self":[{"href":"https:\/\/www.koonings.com\/fr\/wp-json\/wp\/v2\/product\/79353","targetHints":{"allow":["GET"]}}],"collection":[{"href":"https:\/\/www.koonings.com\/fr\/wp-json\/wp\/v2\/product"}],"about":[{"href":"https:\/\/www.koonings.com\/fr\/wp-json\/wp\/v2\/types\/product"}],"wp:featuredmedia":[{"embeddable":true,"href":"https:\/\/www.koonings.com\/fr\/wp-json\/wp\/v2\/media\/70079"}],"wp:attachment":[{"href":"https:\/\/www.koonings.com\/fr\/wp-json\/wp\/v2\/media?parent=79353"}],"wp:term":[{"taxonomy":"productdetails","embeddable":true,"href":"https:\/\/www.koonings.com\/fr\/wp-json\/wp\/v2\/productdetails?post=79353"},{"taxonomy":"productneck","embeddable":true,"href":"https:\/\/www.koonings.com\/fr\/wp-json\/wp\/v2\/productneck?post=79353"},{"taxonomy":"productcolor","embeddable":true,"href":"https:\/\/www.koonings.com\/fr\/wp-json\/wp\/v2\/productcolor?post=79353"},{"taxonomy":"maat","embeddable":true,"href":"https:\/\/www.koonings.com\/fr\/wp-json\/wp\/v2\/maat?post=79353"},{"taxonomy":"productsupplier","embeddable":true,"href":"https:\/\/www.koonings.com\/fr\/wp-json\/wp\/v2\/productsupplier?post=79353"},{"taxonomy":"productsleeve","embeddable":true,"href":"https:\/\/www.koonings.com\/fr\/wp-json\/wp\/v2\/productsleeve?post=79353"},{"taxonomy":"productcategory","embeddable":true,"href":"https:\/\/www.koonings.com\/fr\/wp-json\/wp\/v2\/productcategory?post=79353"},{"taxonomy":"productsilhouette","embeddable":true,"href":"https:\/\/www.koonings.com\/fr\/wp-json\/wp\/v2\/productsilhouette?post=79353"},{"taxonomy":"productstyle","embeddable":true,"href":"https:\/\/www.koonings.com\/fr\/wp-json\/wp\/v2\/productstyle?post=79353"}],"curies":[{"name":"wp","href":"https:\/\/api.w.org\/{rel}","templated":true}]}}