{"id":79342,"date":"2026-04-14T16:28:27","date_gmt":"2026-04-14T14:28:27","guid":{"rendered":"https:\/\/www.koonings.com\/product\/enzoani-unity-2\/"},"modified":"2025-06-05T13:43:11","modified_gmt":"2025-06-05T11:43:11","slug":"enzoani-unity-2","status":"publish","type":"product","link":"https:\/\/www.koonings.com\/fr\/product\/enzoani-unity-2\/","title":{"rendered":"Enzoani unity"},"content":{"rendered":"<p>Rayonnez d&#8217;assurance et de sophistication dans cette robe sir\u00e8ne en dentelle embellie, UNITY. L&#8217;encolure romantique en forme de c\u0153ur et les d\u00e9tails complexes en dentelle cr\u00e9ent un look captivant, tandis que la silhouette flatteuse avec des d\u00e9coupes illusion sur les c\u00f4t\u00e9s fera en sorte que tous les regards se tournent vers vous lorsque vous marcherez vers l&#8217;autel. Cette robe est orn\u00e9e d&#8217;appliques florales 3D brod\u00e9es \u00e0 la main, de dentelle botanique brod\u00e9e \u00e9tincelante et de bretelles d\u00e9tachables assorties.  <\/p>\n","protected":false},"featured_media":70105,"template":"","meta":{"_acf_changed":false,"ghostkit_customizer_options":"","ghostkit_custom_css":"","ghostkit_custom_js_head":"","ghostkit_custom_js_foot":"","ghostkit_typography":""},"productdetails":[379,381],"productneck":[354,355],"productcolor":[393,392],"maat":[],"productsupplier":[406],"productsleeve":[363],"productcategory":[18],"productsilhouette":[387],"productstyle":[366],"class_list":["post-79342","product","type-product","status-publish","has-post-thumbnail","hentry","productdetails-379","productdetails-381","productneck-354","productneck-355","productcolor-393","productcolor-392","productsupplier-enzoani","productsleeve-363","productcategory-trouwjurken","productsilhouette-387","productstyle-366"],"acf":[],"yoast_head":"<!-- This site is optimized with the Yoast SEO plugin v27.3 - https:\/\/yoast.com\/product\/yoast-seo-wordpress\/ -->\n<title>Enzoani unity | Koonings<\/title>\n<meta name=\"description\" content=\"Rayonnez d&#039;assurance et de sophistication dans cette robe sir\u00e8ne en dentelle embellie, UNITY. L&#039;encolure romantique en forme de c\u0153ur et les d\u00e9tails complexes en dentelle cr\u00e9ent un look captivant, tandis que la silhouette flatteuse avec des d\u00e9coupes illusion sur les c\u00f4t\u00e9s fera en sorte que tous les regards se tournent vers vous lorsque vous marcherez vers l&#039;autel. Cette robe est orn\u00e9e d&#039;appliques florales 3D brod\u00e9es \u00e0 la main, de dentelle botanique brod\u00e9e \u00e9tincelante et de bretelles d\u00e9tachables assorties.\" \/>\n<meta name=\"robots\" content=\"index, follow, max-snippet:-1, max-image-preview:large, max-video-preview:-1\" \/>\n<link rel=\"canonical\" href=\"https:\/\/www.koonings.com\/fr\/product\/enzoani-unity-2\/\" \/>\n<meta property=\"og:locale\" content=\"fr_FR\" \/>\n<meta property=\"og:type\" content=\"article\" \/>\n<meta property=\"og:title\" content=\"Enzoani unity | Koonings\" \/>\n<meta property=\"og:description\" content=\"Rayonnez d&#039;assurance et de sophistication dans cette robe sir\u00e8ne en dentelle embellie, UNITY. L&#039;encolure romantique en forme de c\u0153ur et les d\u00e9tails complexes en dentelle cr\u00e9ent un look captivant, tandis que la silhouette flatteuse avec des d\u00e9coupes illusion sur les c\u00f4t\u00e9s fera en sorte que tous les regards se tournent vers vous lorsque vous marcherez vers l&#039;autel. Cette robe est orn\u00e9e d&#039;appliques florales 3D brod\u00e9es \u00e0 la main, de dentelle botanique brod\u00e9e \u00e9tincelante et de bretelles d\u00e9tachables assorties.\" \/>\n<meta property=\"og:url\" content=\"https:\/\/www.koonings.com\/fr\/product\/enzoani-unity-2\/\" \/>\n<meta property=\"og:site_name\" content=\"Koonings\" \/>\n<meta property=\"article:publisher\" content=\"https:\/\/www.facebook.com\/kooningstheweddingpalace\" \/>\n<meta property=\"og:image\" content=\"https:\/\/www.koonings.com\/wp-content\/uploads\/2024\/11\/41250_98ed2f165c602660ad268a9ded0a2ec800ea85d7b819813f5d0f58733ed50d3127104413.jpeg\" \/>\n\t<meta property=\"og:image:width\" content=\"1035\" \/>\n\t<meta property=\"og:image:height\" content=\"1380\" \/>\n\t<meta property=\"og:image:type\" content=\"image\/jpeg\" \/>\n<meta name=\"twitter:card\" content=\"summary_large_image\" \/>\n<script type=\"application\/ld+json\" class=\"yoast-schema-graph\">{\"@context\":\"https:\\\/\\\/schema.org\",\"@graph\":[{\"@type\":\"WebPage\",\"@id\":\"https:\\\/\\\/www.koonings.com\\\/fr\\\/product\\\/enzoani-unity-2\\\/\",\"url\":\"https:\\\/\\\/www.koonings.com\\\/fr\\\/product\\\/enzoani-unity-2\\\/\",\"name\":\"Enzoani unity | Koonings\",\"isPartOf\":{\"@id\":\"https:\\\/\\\/www.koonings.com\\\/fr\\\/#website\"},\"primaryImageOfPage\":{\"@id\":\"https:\\\/\\\/www.koonings.com\\\/fr\\\/product\\\/enzoani-unity-2\\\/#primaryimage\"},\"image\":{\"@id\":\"https:\\\/\\\/www.koonings.com\\\/fr\\\/product\\\/enzoani-unity-2\\\/#primaryimage\"},\"thumbnailUrl\":\"https:\\\/\\\/www.koonings.com\\\/wp-content\\\/uploads\\\/2024\\\/11\\\/41250_98ed2f165c602660ad268a9ded0a2ec800ea85d7b819813f5d0f58733ed50d3127104413.jpeg\",\"datePublished\":\"2026-04-14T14:28:27+00:00\",\"description\":\"Rayonnez d'assurance et de sophistication dans cette robe sir\u00e8ne en dentelle embellie, UNITY. L'encolure romantique en forme de c\u0153ur et les d\u00e9tails complexes en dentelle cr\u00e9ent un look captivant, tandis que la silhouette flatteuse avec des d\u00e9coupes illusion sur les c\u00f4t\u00e9s fera en sorte que tous les regards se tournent vers vous lorsque vous marcherez vers l'autel. Cette robe est orn\u00e9e d'appliques florales 3D brod\u00e9es \u00e0 la main, de dentelle botanique brod\u00e9e \u00e9tincelante et de bretelles d\u00e9tachables assorties.\",\"breadcrumb\":{\"@id\":\"https:\\\/\\\/www.koonings.com\\\/fr\\\/product\\\/enzoani-unity-2\\\/#breadcrumb\"},\"inLanguage\":\"fr-FR\",\"potentialAction\":[{\"@type\":\"ReadAction\",\"target\":[\"https:\\\/\\\/www.koonings.com\\\/fr\\\/product\\\/enzoani-unity-2\\\/\"]}]},{\"@type\":\"ImageObject\",\"inLanguage\":\"fr-FR\",\"@id\":\"https:\\\/\\\/www.koonings.com\\\/fr\\\/product\\\/enzoani-unity-2\\\/#primaryimage\",\"url\":\"https:\\\/\\\/www.koonings.com\\\/wp-content\\\/uploads\\\/2024\\\/11\\\/41250_98ed2f165c602660ad268a9ded0a2ec800ea85d7b819813f5d0f58733ed50d3127104413.jpeg\",\"contentUrl\":\"https:\\\/\\\/www.koonings.com\\\/wp-content\\\/uploads\\\/2024\\\/11\\\/41250_98ed2f165c602660ad268a9ded0a2ec800ea85d7b819813f5d0f58733ed50d3127104413.jpeg\",\"width\":1035,\"height\":1380},{\"@type\":\"BreadcrumbList\",\"@id\":\"https:\\\/\\\/www.koonings.com\\\/fr\\\/product\\\/enzoani-unity-2\\\/#breadcrumb\",\"itemListElement\":[{\"@type\":\"ListItem\",\"position\":1,\"name\":\"Home\",\"item\":\"https:\\\/\\\/www.koonings.com\\\/fr\\\/\"},{\"@type\":\"ListItem\",\"position\":2,\"name\":\"Enzoani unity\"}]},{\"@type\":\"WebSite\",\"@id\":\"https:\\\/\\\/www.koonings.com\\\/fr\\\/#website\",\"url\":\"https:\\\/\\\/www.koonings.com\\\/fr\\\/\",\"name\":\"Koonings\",\"description\":\"De grootste bruidsmodewinkel ter wereld\",\"publisher\":{\"@id\":\"https:\\\/\\\/www.koonings.com\\\/fr\\\/#organization\"},\"potentialAction\":[{\"@type\":\"SearchAction\",\"target\":{\"@type\":\"EntryPoint\",\"urlTemplate\":\"https:\\\/\\\/www.koonings.com\\\/fr\\\/?s={search_term_string}\"},\"query-input\":{\"@type\":\"PropertyValueSpecification\",\"valueRequired\":true,\"valueName\":\"search_term_string\"}}],\"inLanguage\":\"fr-FR\"},{\"@type\":\"Organization\",\"@id\":\"https:\\\/\\\/www.koonings.com\\\/fr\\\/#organization\",\"name\":\"Koonings\",\"url\":\"https:\\\/\\\/www.koonings.com\\\/fr\\\/\",\"logo\":{\"@type\":\"ImageObject\",\"inLanguage\":\"fr-FR\",\"@id\":\"https:\\\/\\\/www.koonings.com\\\/fr\\\/#\\\/schema\\\/logo\\\/image\\\/\",\"url\":\"https:\\\/\\\/www.koonings.com\\\/wp-content\\\/uploads\\\/2024\\\/07\\\/logo.png\",\"contentUrl\":\"https:\\\/\\\/www.koonings.com\\\/wp-content\\\/uploads\\\/2024\\\/07\\\/logo.png\",\"width\":600,\"height\":428,\"caption\":\"Koonings\"},\"image\":{\"@id\":\"https:\\\/\\\/www.koonings.com\\\/fr\\\/#\\\/schema\\\/logo\\\/image\\\/\"},\"sameAs\":[\"https:\\\/\\\/www.facebook.com\\\/kooningstheweddingpalace\",\"https:\\\/\\\/www.instagram.com\\\/kooningstheweddingpalace\",\"https:\\\/\\\/www.pinterest.com\\\/koonings\",\"https:\\\/\\\/www.youtube.com\\\/kooningstheweddingpalace\"]}]}<\/script>\n<!-- \/ Yoast SEO plugin. -->","yoast_head_json":{"title":"Enzoani unity | Koonings","description":"Rayonnez d'assurance et de sophistication dans cette robe sir\u00e8ne en dentelle embellie, UNITY. L'encolure romantique en forme de c\u0153ur et les d\u00e9tails complexes en dentelle cr\u00e9ent un look captivant, tandis que la silhouette flatteuse avec des d\u00e9coupes illusion sur les c\u00f4t\u00e9s fera en sorte que tous les regards se tournent vers vous lorsque vous marcherez vers l'autel. Cette robe est orn\u00e9e d'appliques florales 3D brod\u00e9es \u00e0 la main, de dentelle botanique brod\u00e9e \u00e9tincelante et de bretelles d\u00e9tachables assorties.","robots":{"index":"index","follow":"follow","max-snippet":"max-snippet:-1","max-image-preview":"max-image-preview:large","max-video-preview":"max-video-preview:-1"},"canonical":"https:\/\/www.koonings.com\/fr\/product\/enzoani-unity-2\/","og_locale":"fr_FR","og_type":"article","og_title":"Enzoani unity | Koonings","og_description":"Rayonnez d'assurance et de sophistication dans cette robe sir\u00e8ne en dentelle embellie, UNITY. L'encolure romantique en forme de c\u0153ur et les d\u00e9tails complexes en dentelle cr\u00e9ent un look captivant, tandis que la silhouette flatteuse avec des d\u00e9coupes illusion sur les c\u00f4t\u00e9s fera en sorte que tous les regards se tournent vers vous lorsque vous marcherez vers l'autel. Cette robe est orn\u00e9e d'appliques florales 3D brod\u00e9es \u00e0 la main, de dentelle botanique brod\u00e9e \u00e9tincelante et de bretelles d\u00e9tachables assorties.","og_url":"https:\/\/www.koonings.com\/fr\/product\/enzoani-unity-2\/","og_site_name":"Koonings","article_publisher":"https:\/\/www.facebook.com\/kooningstheweddingpalace","og_image":[{"width":1035,"height":1380,"url":"https:\/\/www.koonings.com\/wp-content\/uploads\/2024\/11\/41250_98ed2f165c602660ad268a9ded0a2ec800ea85d7b819813f5d0f58733ed50d3127104413.jpeg","type":"image\/jpeg"}],"twitter_card":"summary_large_image","schema":{"@context":"https:\/\/schema.org","@graph":[{"@type":"WebPage","@id":"https:\/\/www.koonings.com\/fr\/product\/enzoani-unity-2\/","url":"https:\/\/www.koonings.com\/fr\/product\/enzoani-unity-2\/","name":"Enzoani unity | Koonings","isPartOf":{"@id":"https:\/\/www.koonings.com\/fr\/#website"},"primaryImageOfPage":{"@id":"https:\/\/www.koonings.com\/fr\/product\/enzoani-unity-2\/#primaryimage"},"image":{"@id":"https:\/\/www.koonings.com\/fr\/product\/enzoani-unity-2\/#primaryimage"},"thumbnailUrl":"https:\/\/www.koonings.com\/wp-content\/uploads\/2024\/11\/41250_98ed2f165c602660ad268a9ded0a2ec800ea85d7b819813f5d0f58733ed50d3127104413.jpeg","datePublished":"2026-04-14T14:28:27+00:00","description":"Rayonnez d'assurance et de sophistication dans cette robe sir\u00e8ne en dentelle embellie, UNITY. L'encolure romantique en forme de c\u0153ur et les d\u00e9tails complexes en dentelle cr\u00e9ent un look captivant, tandis que la silhouette flatteuse avec des d\u00e9coupes illusion sur les c\u00f4t\u00e9s fera en sorte que tous les regards se tournent vers vous lorsque vous marcherez vers l'autel. Cette robe est orn\u00e9e d'appliques florales 3D brod\u00e9es \u00e0 la main, de dentelle botanique brod\u00e9e \u00e9tincelante et de bretelles d\u00e9tachables assorties.","breadcrumb":{"@id":"https:\/\/www.koonings.com\/fr\/product\/enzoani-unity-2\/#breadcrumb"},"inLanguage":"fr-FR","potentialAction":[{"@type":"ReadAction","target":["https:\/\/www.koonings.com\/fr\/product\/enzoani-unity-2\/"]}]},{"@type":"ImageObject","inLanguage":"fr-FR","@id":"https:\/\/www.koonings.com\/fr\/product\/enzoani-unity-2\/#primaryimage","url":"https:\/\/www.koonings.com\/wp-content\/uploads\/2024\/11\/41250_98ed2f165c602660ad268a9ded0a2ec800ea85d7b819813f5d0f58733ed50d3127104413.jpeg","contentUrl":"https:\/\/www.koonings.com\/wp-content\/uploads\/2024\/11\/41250_98ed2f165c602660ad268a9ded0a2ec800ea85d7b819813f5d0f58733ed50d3127104413.jpeg","width":1035,"height":1380},{"@type":"BreadcrumbList","@id":"https:\/\/www.koonings.com\/fr\/product\/enzoani-unity-2\/#breadcrumb","itemListElement":[{"@type":"ListItem","position":1,"name":"Home","item":"https:\/\/www.koonings.com\/fr\/"},{"@type":"ListItem","position":2,"name":"Enzoani unity"}]},{"@type":"WebSite","@id":"https:\/\/www.koonings.com\/fr\/#website","url":"https:\/\/www.koonings.com\/fr\/","name":"Koonings","description":"De grootste bruidsmodewinkel ter wereld","publisher":{"@id":"https:\/\/www.koonings.com\/fr\/#organization"},"potentialAction":[{"@type":"SearchAction","target":{"@type":"EntryPoint","urlTemplate":"https:\/\/www.koonings.com\/fr\/?s={search_term_string}"},"query-input":{"@type":"PropertyValueSpecification","valueRequired":true,"valueName":"search_term_string"}}],"inLanguage":"fr-FR"},{"@type":"Organization","@id":"https:\/\/www.koonings.com\/fr\/#organization","name":"Koonings","url":"https:\/\/www.koonings.com\/fr\/","logo":{"@type":"ImageObject","inLanguage":"fr-FR","@id":"https:\/\/www.koonings.com\/fr\/#\/schema\/logo\/image\/","url":"https:\/\/www.koonings.com\/wp-content\/uploads\/2024\/07\/logo.png","contentUrl":"https:\/\/www.koonings.com\/wp-content\/uploads\/2024\/07\/logo.png","width":600,"height":428,"caption":"Koonings"},"image":{"@id":"https:\/\/www.koonings.com\/fr\/#\/schema\/logo\/image\/"},"sameAs":["https:\/\/www.facebook.com\/kooningstheweddingpalace","https:\/\/www.instagram.com\/kooningstheweddingpalace","https:\/\/www.pinterest.com\/koonings","https:\/\/www.youtube.com\/kooningstheweddingpalace"]}]}},"_links":{"self":[{"href":"https:\/\/www.koonings.com\/fr\/wp-json\/wp\/v2\/product\/79342","targetHints":{"allow":["GET"]}}],"collection":[{"href":"https:\/\/www.koonings.com\/fr\/wp-json\/wp\/v2\/product"}],"about":[{"href":"https:\/\/www.koonings.com\/fr\/wp-json\/wp\/v2\/types\/product"}],"wp:featuredmedia":[{"embeddable":true,"href":"https:\/\/www.koonings.com\/fr\/wp-json\/wp\/v2\/media\/70105"}],"wp:attachment":[{"href":"https:\/\/www.koonings.com\/fr\/wp-json\/wp\/v2\/media?parent=79342"}],"wp:term":[{"taxonomy":"productdetails","embeddable":true,"href":"https:\/\/www.koonings.com\/fr\/wp-json\/wp\/v2\/productdetails?post=79342"},{"taxonomy":"productneck","embeddable":true,"href":"https:\/\/www.koonings.com\/fr\/wp-json\/wp\/v2\/productneck?post=79342"},{"taxonomy":"productcolor","embeddable":true,"href":"https:\/\/www.koonings.com\/fr\/wp-json\/wp\/v2\/productcolor?post=79342"},{"taxonomy":"maat","embeddable":true,"href":"https:\/\/www.koonings.com\/fr\/wp-json\/wp\/v2\/maat?post=79342"},{"taxonomy":"productsupplier","embeddable":true,"href":"https:\/\/www.koonings.com\/fr\/wp-json\/wp\/v2\/productsupplier?post=79342"},{"taxonomy":"productsleeve","embeddable":true,"href":"https:\/\/www.koonings.com\/fr\/wp-json\/wp\/v2\/productsleeve?post=79342"},{"taxonomy":"productcategory","embeddable":true,"href":"https:\/\/www.koonings.com\/fr\/wp-json\/wp\/v2\/productcategory?post=79342"},{"taxonomy":"productsilhouette","embeddable":true,"href":"https:\/\/www.koonings.com\/fr\/wp-json\/wp\/v2\/productsilhouette?post=79342"},{"taxonomy":"productstyle","embeddable":true,"href":"https:\/\/www.koonings.com\/fr\/wp-json\/wp\/v2\/productstyle?post=79342"}],"curies":[{"name":"wp","href":"https:\/\/api.w.org\/{rel}","templated":true}]}}