{"id":79320,"date":"2026-03-27T16:20:52","date_gmt":"2026-03-27T15:20:52","guid":{"rendered":"https:\/\/www.koonings.com\/product\/milla-nova-sparta\/"},"modified":"2025-06-05T13:43:23","modified_gmt":"2025-06-05T11:43:23","slug":"milla-nova-sparta","status":"publish","type":"product","link":"https:\/\/www.koonings.com\/fr\/product\/milla-nova-sparta\/","title":{"rendered":"Milla Nova Sparta"},"content":{"rendered":"<p>Magnifique robe de mari\u00e9e en ligne A sur des bretelles spaghetti rehauss\u00e9es de perles. Le corset semi-transparent, avec ses os, pr\u00e9sente une encolure en forme de c\u0153ur et de somptueux ornements de perles, compl\u00e9t\u00e9s par des perles sur les bretelles en tulle et une fermeture \u00e0 glissi\u00e8re au dos. Le style princesse est compl\u00e9t\u00e9 par une jupe maxi en tulle avec une tra\u00eene midi.  <\/p>\n","protected":false},"featured_media":70367,"template":"","meta":{"_acf_changed":false,"ghostkit_customizer_options":"","ghostkit_custom_css":"","ghostkit_custom_js_head":"","ghostkit_custom_js_foot":"","ghostkit_typography":""},"productdetails":[377,381],"productneck":[352],"productcolor":[392],"maat":[],"productsupplier":[446],"productsleeve":[359,363],"productcategory":[18],"productsilhouette":[384,388],"productstyle":[372,366],"class_list":["post-79320","product","type-product","status-publish","has-post-thumbnail","hentry","productdetails-377","productdetails-381","productneck-352","productcolor-392","productsupplier-milla-nova","productsleeve-359","productsleeve-363","productcategory-trouwjurken","productsilhouette-384","productsilhouette-388","productstyle-372","productstyle-366"],"acf":[],"yoast_head":"<!-- This site is optimized with the Yoast SEO plugin v26.8 - https:\/\/yoast.com\/product\/yoast-seo-wordpress\/ -->\n<title>Milla Nova Sparta | Koonings<\/title>\n<meta name=\"description\" content=\"Magnifique robe de mari\u00e9e en ligne A sur des bretelles spaghetti rehauss\u00e9es de perles. Le corset semi-transparent, avec ses os, pr\u00e9sente une encolure en forme de c\u0153ur et de somptueux ornements de perles, compl\u00e9t\u00e9s par des perles sur les bretelles en tulle et une fermeture \u00e0 glissi\u00e8re au dos. Le style princesse est compl\u00e9t\u00e9 par une jupe maxi en tulle avec une tra\u00eene midi.\" \/>\n<meta name=\"robots\" content=\"index, follow, max-snippet:-1, max-image-preview:large, max-video-preview:-1\" \/>\n<link rel=\"canonical\" href=\"https:\/\/www.koonings.com\/fr\/product\/milla-nova-sparta\/\" \/>\n<meta property=\"og:locale\" content=\"fr_FR\" \/>\n<meta property=\"og:type\" content=\"article\" \/>\n<meta property=\"og:title\" content=\"Milla Nova Sparta | Koonings\" \/>\n<meta property=\"og:description\" content=\"Magnifique robe de mari\u00e9e en ligne A sur des bretelles spaghetti rehauss\u00e9es de perles. Le corset semi-transparent, avec ses os, pr\u00e9sente une encolure en forme de c\u0153ur et de somptueux ornements de perles, compl\u00e9t\u00e9s par des perles sur les bretelles en tulle et une fermeture \u00e0 glissi\u00e8re au dos. Le style princesse est compl\u00e9t\u00e9 par une jupe maxi en tulle avec une tra\u00eene midi.\" \/>\n<meta property=\"og:url\" content=\"https:\/\/www.koonings.com\/fr\/product\/milla-nova-sparta\/\" \/>\n<meta property=\"og:site_name\" content=\"Koonings\" \/>\n<meta property=\"article:publisher\" content=\"https:\/\/www.facebook.com\/kooningstheweddingpalace\" \/>\n<meta property=\"og:image\" content=\"https:\/\/www.koonings.com\/wp-content\/uploads\/2024\/11\/40866_c54ffbf342cf7c739627204d20d013dea3b4adae8e8a1c999112a70c3692ac506c46d0ca-scaled.jpeg\" \/>\n\t<meta property=\"og:image:width\" content=\"1810\" \/>\n\t<meta property=\"og:image:height\" content=\"2560\" \/>\n\t<meta property=\"og:image:type\" content=\"image\/jpeg\" \/>\n<meta name=\"twitter:card\" content=\"summary_large_image\" \/>\n<script type=\"application\/ld+json\" class=\"yoast-schema-graph\">{\"@context\":\"https:\/\/schema.org\",\"@graph\":[{\"@type\":\"WebPage\",\"@id\":\"https:\/\/www.koonings.com\/fr\/product\/milla-nova-sparta\/\",\"url\":\"https:\/\/www.koonings.com\/fr\/product\/milla-nova-sparta\/\",\"name\":\"Milla Nova Sparta | Koonings\",\"isPartOf\":{\"@id\":\"https:\/\/www.koonings.com\/fr\/#website\"},\"primaryImageOfPage\":{\"@id\":\"https:\/\/www.koonings.com\/fr\/product\/milla-nova-sparta\/#primaryimage\"},\"image\":{\"@id\":\"https:\/\/www.koonings.com\/fr\/product\/milla-nova-sparta\/#primaryimage\"},\"thumbnailUrl\":\"https:\/\/www.koonings.com\/wp-content\/uploads\/2024\/11\/40866_c54ffbf342cf7c739627204d20d013dea3b4adae8e8a1c999112a70c3692ac506c46d0ca-scaled.jpeg\",\"datePublished\":\"2026-03-27T15:20:52+00:00\",\"description\":\"Magnifique robe de mari\u00e9e en ligne A sur des bretelles spaghetti rehauss\u00e9es de perles. Le corset semi-transparent, avec ses os, pr\u00e9sente une encolure en forme de c\u0153ur et de somptueux ornements de perles, compl\u00e9t\u00e9s par des perles sur les bretelles en tulle et une fermeture \u00e0 glissi\u00e8re au dos. Le style princesse est compl\u00e9t\u00e9 par une jupe maxi en tulle avec une tra\u00eene midi.\",\"breadcrumb\":{\"@id\":\"https:\/\/www.koonings.com\/fr\/product\/milla-nova-sparta\/#breadcrumb\"},\"inLanguage\":\"fr-FR\",\"potentialAction\":[{\"@type\":\"ReadAction\",\"target\":[\"https:\/\/www.koonings.com\/fr\/product\/milla-nova-sparta\/\"]}]},{\"@type\":\"ImageObject\",\"inLanguage\":\"fr-FR\",\"@id\":\"https:\/\/www.koonings.com\/fr\/product\/milla-nova-sparta\/#primaryimage\",\"url\":\"https:\/\/www.koonings.com\/wp-content\/uploads\/2024\/11\/40866_c54ffbf342cf7c739627204d20d013dea3b4adae8e8a1c999112a70c3692ac506c46d0ca-scaled.jpeg\",\"contentUrl\":\"https:\/\/www.koonings.com\/wp-content\/uploads\/2024\/11\/40866_c54ffbf342cf7c739627204d20d013dea3b4adae8e8a1c999112a70c3692ac506c46d0ca-scaled.jpeg\",\"width\":1810,\"height\":2560},{\"@type\":\"BreadcrumbList\",\"@id\":\"https:\/\/www.koonings.com\/fr\/product\/milla-nova-sparta\/#breadcrumb\",\"itemListElement\":[{\"@type\":\"ListItem\",\"position\":1,\"name\":\"Home\",\"item\":\"https:\/\/www.koonings.com\/fr\/\"},{\"@type\":\"ListItem\",\"position\":2,\"name\":\"Milla Nova Sparta\"}]},{\"@type\":\"WebSite\",\"@id\":\"https:\/\/www.koonings.com\/fr\/#website\",\"url\":\"https:\/\/www.koonings.com\/fr\/\",\"name\":\"Koonings\",\"description\":\"De grootste bruidsmodewinkel ter wereld\",\"publisher\":{\"@id\":\"https:\/\/www.koonings.com\/fr\/#organization\"},\"potentialAction\":[{\"@type\":\"SearchAction\",\"target\":{\"@type\":\"EntryPoint\",\"urlTemplate\":\"https:\/\/www.koonings.com\/fr\/?s={search_term_string}\"},\"query-input\":{\"@type\":\"PropertyValueSpecification\",\"valueRequired\":true,\"valueName\":\"search_term_string\"}}],\"inLanguage\":\"fr-FR\"},{\"@type\":\"Organization\",\"@id\":\"https:\/\/www.koonings.com\/fr\/#organization\",\"name\":\"Koonings\",\"url\":\"https:\/\/www.koonings.com\/fr\/\",\"logo\":{\"@type\":\"ImageObject\",\"inLanguage\":\"fr-FR\",\"@id\":\"https:\/\/www.koonings.com\/fr\/#\/schema\/logo\/image\/\",\"url\":\"https:\/\/www.koonings.com\/wp-content\/uploads\/2024\/07\/logo.png\",\"contentUrl\":\"https:\/\/www.koonings.com\/wp-content\/uploads\/2024\/07\/logo.png\",\"width\":600,\"height\":428,\"caption\":\"Koonings\"},\"image\":{\"@id\":\"https:\/\/www.koonings.com\/fr\/#\/schema\/logo\/image\/\"},\"sameAs\":[\"https:\/\/www.facebook.com\/kooningstheweddingpalace\",\"https:\/\/www.instagram.com\/kooningstheweddingpalace\",\"https:\/\/www.pinterest.com\/koonings\",\"https:\/\/www.youtube.com\/kooningstheweddingpalace\"]}]}<\/script>\n<!-- \/ Yoast SEO plugin. -->","yoast_head_json":{"title":"Milla Nova Sparta | Koonings","description":"Magnifique robe de mari\u00e9e en ligne A sur des bretelles spaghetti rehauss\u00e9es de perles. Le corset semi-transparent, avec ses os, pr\u00e9sente une encolure en forme de c\u0153ur et de somptueux ornements de perles, compl\u00e9t\u00e9s par des perles sur les bretelles en tulle et une fermeture \u00e0 glissi\u00e8re au dos. Le style princesse est compl\u00e9t\u00e9 par une jupe maxi en tulle avec une tra\u00eene midi.","robots":{"index":"index","follow":"follow","max-snippet":"max-snippet:-1","max-image-preview":"max-image-preview:large","max-video-preview":"max-video-preview:-1"},"canonical":"https:\/\/www.koonings.com\/fr\/product\/milla-nova-sparta\/","og_locale":"fr_FR","og_type":"article","og_title":"Milla Nova Sparta | Koonings","og_description":"Magnifique robe de mari\u00e9e en ligne A sur des bretelles spaghetti rehauss\u00e9es de perles. Le corset semi-transparent, avec ses os, pr\u00e9sente une encolure en forme de c\u0153ur et de somptueux ornements de perles, compl\u00e9t\u00e9s par des perles sur les bretelles en tulle et une fermeture \u00e0 glissi\u00e8re au dos. Le style princesse est compl\u00e9t\u00e9 par une jupe maxi en tulle avec une tra\u00eene midi.","og_url":"https:\/\/www.koonings.com\/fr\/product\/milla-nova-sparta\/","og_site_name":"Koonings","article_publisher":"https:\/\/www.facebook.com\/kooningstheweddingpalace","og_image":[{"width":1810,"height":2560,"url":"https:\/\/www.koonings.com\/wp-content\/uploads\/2024\/11\/40866_c54ffbf342cf7c739627204d20d013dea3b4adae8e8a1c999112a70c3692ac506c46d0ca-scaled.jpeg","type":"image\/jpeg"}],"twitter_card":"summary_large_image","schema":{"@context":"https:\/\/schema.org","@graph":[{"@type":"WebPage","@id":"https:\/\/www.koonings.com\/fr\/product\/milla-nova-sparta\/","url":"https:\/\/www.koonings.com\/fr\/product\/milla-nova-sparta\/","name":"Milla Nova Sparta | Koonings","isPartOf":{"@id":"https:\/\/www.koonings.com\/fr\/#website"},"primaryImageOfPage":{"@id":"https:\/\/www.koonings.com\/fr\/product\/milla-nova-sparta\/#primaryimage"},"image":{"@id":"https:\/\/www.koonings.com\/fr\/product\/milla-nova-sparta\/#primaryimage"},"thumbnailUrl":"https:\/\/www.koonings.com\/wp-content\/uploads\/2024\/11\/40866_c54ffbf342cf7c739627204d20d013dea3b4adae8e8a1c999112a70c3692ac506c46d0ca-scaled.jpeg","datePublished":"2026-03-27T15:20:52+00:00","description":"Magnifique robe de mari\u00e9e en ligne A sur des bretelles spaghetti rehauss\u00e9es de perles. Le corset semi-transparent, avec ses os, pr\u00e9sente une encolure en forme de c\u0153ur et de somptueux ornements de perles, compl\u00e9t\u00e9s par des perles sur les bretelles en tulle et une fermeture \u00e0 glissi\u00e8re au dos. Le style princesse est compl\u00e9t\u00e9 par une jupe maxi en tulle avec une tra\u00eene midi.","breadcrumb":{"@id":"https:\/\/www.koonings.com\/fr\/product\/milla-nova-sparta\/#breadcrumb"},"inLanguage":"fr-FR","potentialAction":[{"@type":"ReadAction","target":["https:\/\/www.koonings.com\/fr\/product\/milla-nova-sparta\/"]}]},{"@type":"ImageObject","inLanguage":"fr-FR","@id":"https:\/\/www.koonings.com\/fr\/product\/milla-nova-sparta\/#primaryimage","url":"https:\/\/www.koonings.com\/wp-content\/uploads\/2024\/11\/40866_c54ffbf342cf7c739627204d20d013dea3b4adae8e8a1c999112a70c3692ac506c46d0ca-scaled.jpeg","contentUrl":"https:\/\/www.koonings.com\/wp-content\/uploads\/2024\/11\/40866_c54ffbf342cf7c739627204d20d013dea3b4adae8e8a1c999112a70c3692ac506c46d0ca-scaled.jpeg","width":1810,"height":2560},{"@type":"BreadcrumbList","@id":"https:\/\/www.koonings.com\/fr\/product\/milla-nova-sparta\/#breadcrumb","itemListElement":[{"@type":"ListItem","position":1,"name":"Home","item":"https:\/\/www.koonings.com\/fr\/"},{"@type":"ListItem","position":2,"name":"Milla Nova Sparta"}]},{"@type":"WebSite","@id":"https:\/\/www.koonings.com\/fr\/#website","url":"https:\/\/www.koonings.com\/fr\/","name":"Koonings","description":"De grootste bruidsmodewinkel ter wereld","publisher":{"@id":"https:\/\/www.koonings.com\/fr\/#organization"},"potentialAction":[{"@type":"SearchAction","target":{"@type":"EntryPoint","urlTemplate":"https:\/\/www.koonings.com\/fr\/?s={search_term_string}"},"query-input":{"@type":"PropertyValueSpecification","valueRequired":true,"valueName":"search_term_string"}}],"inLanguage":"fr-FR"},{"@type":"Organization","@id":"https:\/\/www.koonings.com\/fr\/#organization","name":"Koonings","url":"https:\/\/www.koonings.com\/fr\/","logo":{"@type":"ImageObject","inLanguage":"fr-FR","@id":"https:\/\/www.koonings.com\/fr\/#\/schema\/logo\/image\/","url":"https:\/\/www.koonings.com\/wp-content\/uploads\/2024\/07\/logo.png","contentUrl":"https:\/\/www.koonings.com\/wp-content\/uploads\/2024\/07\/logo.png","width":600,"height":428,"caption":"Koonings"},"image":{"@id":"https:\/\/www.koonings.com\/fr\/#\/schema\/logo\/image\/"},"sameAs":["https:\/\/www.facebook.com\/kooningstheweddingpalace","https:\/\/www.instagram.com\/kooningstheweddingpalace","https:\/\/www.pinterest.com\/koonings","https:\/\/www.youtube.com\/kooningstheweddingpalace"]}]}},"_links":{"self":[{"href":"https:\/\/www.koonings.com\/fr\/wp-json\/wp\/v2\/product\/79320","targetHints":{"allow":["GET"]}}],"collection":[{"href":"https:\/\/www.koonings.com\/fr\/wp-json\/wp\/v2\/product"}],"about":[{"href":"https:\/\/www.koonings.com\/fr\/wp-json\/wp\/v2\/types\/product"}],"wp:featuredmedia":[{"embeddable":true,"href":"https:\/\/www.koonings.com\/fr\/wp-json\/wp\/v2\/media\/70367"}],"wp:attachment":[{"href":"https:\/\/www.koonings.com\/fr\/wp-json\/wp\/v2\/media?parent=79320"}],"wp:term":[{"taxonomy":"productdetails","embeddable":true,"href":"https:\/\/www.koonings.com\/fr\/wp-json\/wp\/v2\/productdetails?post=79320"},{"taxonomy":"productneck","embeddable":true,"href":"https:\/\/www.koonings.com\/fr\/wp-json\/wp\/v2\/productneck?post=79320"},{"taxonomy":"productcolor","embeddable":true,"href":"https:\/\/www.koonings.com\/fr\/wp-json\/wp\/v2\/productcolor?post=79320"},{"taxonomy":"maat","embeddable":true,"href":"https:\/\/www.koonings.com\/fr\/wp-json\/wp\/v2\/maat?post=79320"},{"taxonomy":"productsupplier","embeddable":true,"href":"https:\/\/www.koonings.com\/fr\/wp-json\/wp\/v2\/productsupplier?post=79320"},{"taxonomy":"productsleeve","embeddable":true,"href":"https:\/\/www.koonings.com\/fr\/wp-json\/wp\/v2\/productsleeve?post=79320"},{"taxonomy":"productcategory","embeddable":true,"href":"https:\/\/www.koonings.com\/fr\/wp-json\/wp\/v2\/productcategory?post=79320"},{"taxonomy":"productsilhouette","embeddable":true,"href":"https:\/\/www.koonings.com\/fr\/wp-json\/wp\/v2\/productsilhouette?post=79320"},{"taxonomy":"productstyle","embeddable":true,"href":"https:\/\/www.koonings.com\/fr\/wp-json\/wp\/v2\/productstyle?post=79320"}],"curies":[{"name":"wp","href":"https:\/\/api.w.org\/{rel}","templated":true}]}}