{"id":79308,"date":"2026-05-06T15:22:55","date_gmt":"2026-05-06T13:22:55","guid":{"rendered":"https:\/\/www.koonings.com\/product\/milla-nova-calvinbollero-sleev\/"},"modified":"2026-02-16T14:51:46","modified_gmt":"2026-02-16T13:51:46","slug":"milla-nova-calvinbollero-sleev","status":"publish","type":"product","link":"https:\/\/www.koonings.com\/fr\/product\/milla-nova-calvinbollero-sleev\/","title":{"rendered":"Milla Nova Calvin+bollero\/sleev"},"content":{"rendered":"<p>Captivante robe de mari\u00e9e bustier en dentelle chantilly d\u00e9licatement fleurie. L&#8217;encolure en forme de c\u0153ur est orn\u00e9e de perles qui reprennent le motif de la dentelle chantilly. La volumineuse jupe princesse en tulle avec tra\u00eene midi ajoute une touche de splendeur royale \u00e0 l&#8217;ensemble. La robe peut \u00eatre compl\u00e9t\u00e9e par des manches longues d\u00e9tachables assorties.   <\/p>\n","protected":false},"featured_media":70497,"template":"","meta":{"_acf_changed":false,"ghostkit_customizer_options":"","ghostkit_custom_css":"","ghostkit_custom_js_head":"","ghostkit_custom_js_foot":"","ghostkit_typography":""},"productdetails":[379,381],"productneck":[355],"productcolor":[393,392],"maat":[],"productsupplier":[446],"productsleeve":[363],"productcategory":[18],"productsilhouette":[384,388],"productstyle":[372,366],"class_list":["post-79308","product","type-product","status-publish","has-post-thumbnail","hentry","productdetails-379","productdetails-381","productneck-355","productcolor-393","productcolor-392","productsupplier-milla-nova","productsleeve-363","productcategory-trouwjurken","productsilhouette-384","productsilhouette-388","productstyle-372","productstyle-366"],"acf":[],"yoast_head":"<!-- This site is optimized with the Yoast SEO plugin v27.3 - https:\/\/yoast.com\/product\/yoast-seo-wordpress\/ -->\n<title>Milla Nova Calvin+bollero\/sleev | Koonings<\/title>\n<meta name=\"description\" content=\"Captivante robe de mari\u00e9e bustier en dentelle chantilly d\u00e9licatement fleurie. L&#039;encolure en forme de c\u0153ur est orn\u00e9e de perles qui reprennent le motif de la dentelle chantilly. La volumineuse jupe princesse en tulle avec tra\u00eene midi ajoute une touche de splendeur royale \u00e0 l&#039;ensemble. La robe peut \u00eatre compl\u00e9t\u00e9e par des manches longues d\u00e9tachables assorties.\" \/>\n<meta name=\"robots\" content=\"index, follow, max-snippet:-1, max-image-preview:large, max-video-preview:-1\" \/>\n<link rel=\"canonical\" href=\"https:\/\/www.koonings.com\/fr\/product\/milla-nova-calvinbollero-sleev\/\" \/>\n<meta property=\"og:locale\" content=\"fr_FR\" \/>\n<meta property=\"og:type\" content=\"article\" \/>\n<meta property=\"og:title\" content=\"Milla Nova Calvin+bollero\/sleev | Koonings\" \/>\n<meta property=\"og:description\" content=\"Captivante robe de mari\u00e9e bustier en dentelle chantilly d\u00e9licatement fleurie. L&#039;encolure en forme de c\u0153ur est orn\u00e9e de perles qui reprennent le motif de la dentelle chantilly. La volumineuse jupe princesse en tulle avec tra\u00eene midi ajoute une touche de splendeur royale \u00e0 l&#039;ensemble. La robe peut \u00eatre compl\u00e9t\u00e9e par des manches longues d\u00e9tachables assorties.\" \/>\n<meta property=\"og:url\" content=\"https:\/\/www.koonings.com\/fr\/product\/milla-nova-calvinbollero-sleev\/\" \/>\n<meta property=\"og:site_name\" content=\"Koonings\" \/>\n<meta property=\"article:publisher\" content=\"https:\/\/www.facebook.com\/kooningstheweddingpalace\" \/>\n<meta property=\"og:image\" content=\"https:\/\/www.koonings.com\/wp-content\/uploads\/2024\/11\/40875_62e75ac4ae464a6604953ef9571e9eba4477142807f0e2e942d0bc14cc769cf189cf5e3e-scaled.jpeg\" \/>\n\t<meta property=\"og:image:width\" content=\"1812\" \/>\n\t<meta property=\"og:image:height\" content=\"2560\" \/>\n\t<meta property=\"og:image:type\" content=\"image\/jpeg\" \/>\n<meta name=\"twitter:card\" content=\"summary_large_image\" \/>\n<script type=\"application\/ld+json\" class=\"yoast-schema-graph\">{\"@context\":\"https:\\\/\\\/schema.org\",\"@graph\":[{\"@type\":\"WebPage\",\"@id\":\"https:\\\/\\\/www.koonings.com\\\/fr\\\/product\\\/milla-nova-calvinbollero-sleev\\\/\",\"url\":\"https:\\\/\\\/www.koonings.com\\\/fr\\\/product\\\/milla-nova-calvinbollero-sleev\\\/\",\"name\":\"Milla Nova Calvin+bollero\\\/sleev | Koonings\",\"isPartOf\":{\"@id\":\"https:\\\/\\\/www.koonings.com\\\/fr\\\/#website\"},\"primaryImageOfPage\":{\"@id\":\"https:\\\/\\\/www.koonings.com\\\/fr\\\/product\\\/milla-nova-calvinbollero-sleev\\\/#primaryimage\"},\"image\":{\"@id\":\"https:\\\/\\\/www.koonings.com\\\/fr\\\/product\\\/milla-nova-calvinbollero-sleev\\\/#primaryimage\"},\"thumbnailUrl\":\"https:\\\/\\\/www.koonings.com\\\/wp-content\\\/uploads\\\/2024\\\/11\\\/40875_62e75ac4ae464a6604953ef9571e9eba4477142807f0e2e942d0bc14cc769cf189cf5e3e-scaled.jpeg\",\"datePublished\":\"2026-05-06T13:22:55+00:00\",\"description\":\"Captivante robe de mari\u00e9e bustier en dentelle chantilly d\u00e9licatement fleurie. L'encolure en forme de c\u0153ur est orn\u00e9e de perles qui reprennent le motif de la dentelle chantilly. La volumineuse jupe princesse en tulle avec tra\u00eene midi ajoute une touche de splendeur royale \u00e0 l'ensemble. La robe peut \u00eatre compl\u00e9t\u00e9e par des manches longues d\u00e9tachables assorties.\",\"breadcrumb\":{\"@id\":\"https:\\\/\\\/www.koonings.com\\\/fr\\\/product\\\/milla-nova-calvinbollero-sleev\\\/#breadcrumb\"},\"inLanguage\":\"fr-FR\",\"potentialAction\":[{\"@type\":\"ReadAction\",\"target\":[\"https:\\\/\\\/www.koonings.com\\\/fr\\\/product\\\/milla-nova-calvinbollero-sleev\\\/\"]}]},{\"@type\":\"ImageObject\",\"inLanguage\":\"fr-FR\",\"@id\":\"https:\\\/\\\/www.koonings.com\\\/fr\\\/product\\\/milla-nova-calvinbollero-sleev\\\/#primaryimage\",\"url\":\"https:\\\/\\\/www.koonings.com\\\/wp-content\\\/uploads\\\/2024\\\/11\\\/40875_62e75ac4ae464a6604953ef9571e9eba4477142807f0e2e942d0bc14cc769cf189cf5e3e-scaled.jpeg\",\"contentUrl\":\"https:\\\/\\\/www.koonings.com\\\/wp-content\\\/uploads\\\/2024\\\/11\\\/40875_62e75ac4ae464a6604953ef9571e9eba4477142807f0e2e942d0bc14cc769cf189cf5e3e-scaled.jpeg\",\"width\":1812,\"height\":2560},{\"@type\":\"BreadcrumbList\",\"@id\":\"https:\\\/\\\/www.koonings.com\\\/fr\\\/product\\\/milla-nova-calvinbollero-sleev\\\/#breadcrumb\",\"itemListElement\":[{\"@type\":\"ListItem\",\"position\":1,\"name\":\"Home\",\"item\":\"https:\\\/\\\/www.koonings.com\\\/fr\\\/\"},{\"@type\":\"ListItem\",\"position\":2,\"name\":\"Milla Nova Calvin+bollero\\\/sleev\"}]},{\"@type\":\"WebSite\",\"@id\":\"https:\\\/\\\/www.koonings.com\\\/fr\\\/#website\",\"url\":\"https:\\\/\\\/www.koonings.com\\\/fr\\\/\",\"name\":\"Koonings\",\"description\":\"De grootste bruidsmodewinkel ter wereld\",\"publisher\":{\"@id\":\"https:\\\/\\\/www.koonings.com\\\/fr\\\/#organization\"},\"potentialAction\":[{\"@type\":\"SearchAction\",\"target\":{\"@type\":\"EntryPoint\",\"urlTemplate\":\"https:\\\/\\\/www.koonings.com\\\/fr\\\/?s={search_term_string}\"},\"query-input\":{\"@type\":\"PropertyValueSpecification\",\"valueRequired\":true,\"valueName\":\"search_term_string\"}}],\"inLanguage\":\"fr-FR\"},{\"@type\":\"Organization\",\"@id\":\"https:\\\/\\\/www.koonings.com\\\/fr\\\/#organization\",\"name\":\"Koonings\",\"url\":\"https:\\\/\\\/www.koonings.com\\\/fr\\\/\",\"logo\":{\"@type\":\"ImageObject\",\"inLanguage\":\"fr-FR\",\"@id\":\"https:\\\/\\\/www.koonings.com\\\/fr\\\/#\\\/schema\\\/logo\\\/image\\\/\",\"url\":\"https:\\\/\\\/www.koonings.com\\\/wp-content\\\/uploads\\\/2024\\\/07\\\/logo.png\",\"contentUrl\":\"https:\\\/\\\/www.koonings.com\\\/wp-content\\\/uploads\\\/2024\\\/07\\\/logo.png\",\"width\":600,\"height\":428,\"caption\":\"Koonings\"},\"image\":{\"@id\":\"https:\\\/\\\/www.koonings.com\\\/fr\\\/#\\\/schema\\\/logo\\\/image\\\/\"},\"sameAs\":[\"https:\\\/\\\/www.facebook.com\\\/kooningstheweddingpalace\",\"https:\\\/\\\/www.instagram.com\\\/kooningstheweddingpalace\",\"https:\\\/\\\/www.pinterest.com\\\/koonings\",\"https:\\\/\\\/www.youtube.com\\\/kooningstheweddingpalace\"]}]}<\/script>\n<!-- \/ Yoast SEO plugin. -->","yoast_head_json":{"title":"Milla Nova Calvin+bollero\/sleev | Koonings","description":"Captivante robe de mari\u00e9e bustier en dentelle chantilly d\u00e9licatement fleurie. L'encolure en forme de c\u0153ur est orn\u00e9e de perles qui reprennent le motif de la dentelle chantilly. La volumineuse jupe princesse en tulle avec tra\u00eene midi ajoute une touche de splendeur royale \u00e0 l'ensemble. La robe peut \u00eatre compl\u00e9t\u00e9e par des manches longues d\u00e9tachables assorties.","robots":{"index":"index","follow":"follow","max-snippet":"max-snippet:-1","max-image-preview":"max-image-preview:large","max-video-preview":"max-video-preview:-1"},"canonical":"https:\/\/www.koonings.com\/fr\/product\/milla-nova-calvinbollero-sleev\/","og_locale":"fr_FR","og_type":"article","og_title":"Milla Nova Calvin+bollero\/sleev | Koonings","og_description":"Captivante robe de mari\u00e9e bustier en dentelle chantilly d\u00e9licatement fleurie. L'encolure en forme de c\u0153ur est orn\u00e9e de perles qui reprennent le motif de la dentelle chantilly. La volumineuse jupe princesse en tulle avec tra\u00eene midi ajoute une touche de splendeur royale \u00e0 l'ensemble. La robe peut \u00eatre compl\u00e9t\u00e9e par des manches longues d\u00e9tachables assorties.","og_url":"https:\/\/www.koonings.com\/fr\/product\/milla-nova-calvinbollero-sleev\/","og_site_name":"Koonings","article_publisher":"https:\/\/www.facebook.com\/kooningstheweddingpalace","og_image":[{"width":1812,"height":2560,"url":"https:\/\/www.koonings.com\/wp-content\/uploads\/2024\/11\/40875_62e75ac4ae464a6604953ef9571e9eba4477142807f0e2e942d0bc14cc769cf189cf5e3e-scaled.jpeg","type":"image\/jpeg"}],"twitter_card":"summary_large_image","schema":{"@context":"https:\/\/schema.org","@graph":[{"@type":"WebPage","@id":"https:\/\/www.koonings.com\/fr\/product\/milla-nova-calvinbollero-sleev\/","url":"https:\/\/www.koonings.com\/fr\/product\/milla-nova-calvinbollero-sleev\/","name":"Milla Nova Calvin+bollero\/sleev | Koonings","isPartOf":{"@id":"https:\/\/www.koonings.com\/fr\/#website"},"primaryImageOfPage":{"@id":"https:\/\/www.koonings.com\/fr\/product\/milla-nova-calvinbollero-sleev\/#primaryimage"},"image":{"@id":"https:\/\/www.koonings.com\/fr\/product\/milla-nova-calvinbollero-sleev\/#primaryimage"},"thumbnailUrl":"https:\/\/www.koonings.com\/wp-content\/uploads\/2024\/11\/40875_62e75ac4ae464a6604953ef9571e9eba4477142807f0e2e942d0bc14cc769cf189cf5e3e-scaled.jpeg","datePublished":"2026-05-06T13:22:55+00:00","description":"Captivante robe de mari\u00e9e bustier en dentelle chantilly d\u00e9licatement fleurie. L'encolure en forme de c\u0153ur est orn\u00e9e de perles qui reprennent le motif de la dentelle chantilly. La volumineuse jupe princesse en tulle avec tra\u00eene midi ajoute une touche de splendeur royale \u00e0 l'ensemble. La robe peut \u00eatre compl\u00e9t\u00e9e par des manches longues d\u00e9tachables assorties.","breadcrumb":{"@id":"https:\/\/www.koonings.com\/fr\/product\/milla-nova-calvinbollero-sleev\/#breadcrumb"},"inLanguage":"fr-FR","potentialAction":[{"@type":"ReadAction","target":["https:\/\/www.koonings.com\/fr\/product\/milla-nova-calvinbollero-sleev\/"]}]},{"@type":"ImageObject","inLanguage":"fr-FR","@id":"https:\/\/www.koonings.com\/fr\/product\/milla-nova-calvinbollero-sleev\/#primaryimage","url":"https:\/\/www.koonings.com\/wp-content\/uploads\/2024\/11\/40875_62e75ac4ae464a6604953ef9571e9eba4477142807f0e2e942d0bc14cc769cf189cf5e3e-scaled.jpeg","contentUrl":"https:\/\/www.koonings.com\/wp-content\/uploads\/2024\/11\/40875_62e75ac4ae464a6604953ef9571e9eba4477142807f0e2e942d0bc14cc769cf189cf5e3e-scaled.jpeg","width":1812,"height":2560},{"@type":"BreadcrumbList","@id":"https:\/\/www.koonings.com\/fr\/product\/milla-nova-calvinbollero-sleev\/#breadcrumb","itemListElement":[{"@type":"ListItem","position":1,"name":"Home","item":"https:\/\/www.koonings.com\/fr\/"},{"@type":"ListItem","position":2,"name":"Milla Nova Calvin+bollero\/sleev"}]},{"@type":"WebSite","@id":"https:\/\/www.koonings.com\/fr\/#website","url":"https:\/\/www.koonings.com\/fr\/","name":"Koonings","description":"De grootste bruidsmodewinkel ter wereld","publisher":{"@id":"https:\/\/www.koonings.com\/fr\/#organization"},"potentialAction":[{"@type":"SearchAction","target":{"@type":"EntryPoint","urlTemplate":"https:\/\/www.koonings.com\/fr\/?s={search_term_string}"},"query-input":{"@type":"PropertyValueSpecification","valueRequired":true,"valueName":"search_term_string"}}],"inLanguage":"fr-FR"},{"@type":"Organization","@id":"https:\/\/www.koonings.com\/fr\/#organization","name":"Koonings","url":"https:\/\/www.koonings.com\/fr\/","logo":{"@type":"ImageObject","inLanguage":"fr-FR","@id":"https:\/\/www.koonings.com\/fr\/#\/schema\/logo\/image\/","url":"https:\/\/www.koonings.com\/wp-content\/uploads\/2024\/07\/logo.png","contentUrl":"https:\/\/www.koonings.com\/wp-content\/uploads\/2024\/07\/logo.png","width":600,"height":428,"caption":"Koonings"},"image":{"@id":"https:\/\/www.koonings.com\/fr\/#\/schema\/logo\/image\/"},"sameAs":["https:\/\/www.facebook.com\/kooningstheweddingpalace","https:\/\/www.instagram.com\/kooningstheweddingpalace","https:\/\/www.pinterest.com\/koonings","https:\/\/www.youtube.com\/kooningstheweddingpalace"]}]}},"_links":{"self":[{"href":"https:\/\/www.koonings.com\/fr\/wp-json\/wp\/v2\/product\/79308","targetHints":{"allow":["GET"]}}],"collection":[{"href":"https:\/\/www.koonings.com\/fr\/wp-json\/wp\/v2\/product"}],"about":[{"href":"https:\/\/www.koonings.com\/fr\/wp-json\/wp\/v2\/types\/product"}],"wp:featuredmedia":[{"embeddable":true,"href":"https:\/\/www.koonings.com\/fr\/wp-json\/wp\/v2\/media\/70497"}],"wp:attachment":[{"href":"https:\/\/www.koonings.com\/fr\/wp-json\/wp\/v2\/media?parent=79308"}],"wp:term":[{"taxonomy":"productdetails","embeddable":true,"href":"https:\/\/www.koonings.com\/fr\/wp-json\/wp\/v2\/productdetails?post=79308"},{"taxonomy":"productneck","embeddable":true,"href":"https:\/\/www.koonings.com\/fr\/wp-json\/wp\/v2\/productneck?post=79308"},{"taxonomy":"productcolor","embeddable":true,"href":"https:\/\/www.koonings.com\/fr\/wp-json\/wp\/v2\/productcolor?post=79308"},{"taxonomy":"maat","embeddable":true,"href":"https:\/\/www.koonings.com\/fr\/wp-json\/wp\/v2\/maat?post=79308"},{"taxonomy":"productsupplier","embeddable":true,"href":"https:\/\/www.koonings.com\/fr\/wp-json\/wp\/v2\/productsupplier?post=79308"},{"taxonomy":"productsleeve","embeddable":true,"href":"https:\/\/www.koonings.com\/fr\/wp-json\/wp\/v2\/productsleeve?post=79308"},{"taxonomy":"productcategory","embeddable":true,"href":"https:\/\/www.koonings.com\/fr\/wp-json\/wp\/v2\/productcategory?post=79308"},{"taxonomy":"productsilhouette","embeddable":true,"href":"https:\/\/www.koonings.com\/fr\/wp-json\/wp\/v2\/productsilhouette?post=79308"},{"taxonomy":"productstyle","embeddable":true,"href":"https:\/\/www.koonings.com\/fr\/wp-json\/wp\/v2\/productstyle?post=79308"}],"curies":[{"name":"wp","href":"https:\/\/api.w.org\/{rel}","templated":true}]}}