{"id":79299,"date":"2026-04-21T18:28:36","date_gmt":"2026-04-21T16:28:36","guid":{"rendered":"https:\/\/www.koonings.com\/product\/milla-nova-cassiopeia-bollero\/"},"modified":"2026-02-16T14:51:50","modified_gmt":"2026-02-16T13:51:50","slug":"milla-nova-cassiopeia-bollero","status":"publish","type":"product","link":"https:\/\/www.koonings.com\/fr\/product\/milla-nova-cassiopeia-bollero\/","title":{"rendered":"Milla Nova Cassiopeia bollero"},"content":{"rendered":"<p>Chic robe mikado d\u00e9collet\u00e9e avec manches en dentelle transparente. Elle pr\u00e9sente une silhouette fourreau, une encolure droite, un corsage drap\u00e9, des manches longues transparentes enti\u00e8rement brod\u00e9es et une longue tra\u00eene amovible. <\/p>\n","protected":false},"featured_media":70547,"template":"","meta":{"_acf_changed":false,"ghostkit_customizer_options":"","ghostkit_custom_css":"","ghostkit_custom_js_head":"","ghostkit_custom_js_foot":"","ghostkit_typography":""},"productdetails":[378],"productneck":[352,354],"productcolor":[392],"maat":[],"productsupplier":[446],"productsleeve":[363],"productcategory":[18],"productsilhouette":[384,389],"productstyle":[366,370],"class_list":["post-79299","product","type-product","status-publish","has-post-thumbnail","hentry","productdetails-378","productneck-352","productneck-354","productcolor-392","productsupplier-milla-nova","productsleeve-363","productcategory-trouwjurken","productsilhouette-384","productsilhouette-389","productstyle-366","productstyle-370"],"acf":[],"yoast_head":"<!-- This site is optimized with the Yoast SEO plugin v27.3 - https:\/\/yoast.com\/product\/yoast-seo-wordpress\/ -->\n<title>Milla Nova Cassiopeia bollero | Koonings<\/title>\n<meta name=\"description\" content=\"Chic robe mikado d\u00e9collet\u00e9e avec manches en dentelle transparente. Elle pr\u00e9sente une silhouette fourreau, une encolure droite, un corsage drap\u00e9, des manches longues transparentes enti\u00e8rement brod\u00e9es et une longue tra\u00eene amovible.\" \/>\n<meta name=\"robots\" content=\"index, follow, max-snippet:-1, max-image-preview:large, max-video-preview:-1\" \/>\n<link rel=\"canonical\" href=\"https:\/\/www.koonings.com\/fr\/product\/milla-nova-cassiopeia-bollero\/\" \/>\n<meta property=\"og:locale\" content=\"fr_FR\" \/>\n<meta property=\"og:type\" content=\"article\" \/>\n<meta property=\"og:title\" content=\"Milla Nova Cassiopeia bollero | Koonings\" \/>\n<meta property=\"og:description\" content=\"Chic robe mikado d\u00e9collet\u00e9e avec manches en dentelle transparente. Elle pr\u00e9sente une silhouette fourreau, une encolure droite, un corsage drap\u00e9, des manches longues transparentes enti\u00e8rement brod\u00e9es et une longue tra\u00eene amovible.\" \/>\n<meta property=\"og:url\" content=\"https:\/\/www.koonings.com\/fr\/product\/milla-nova-cassiopeia-bollero\/\" \/>\n<meta property=\"og:site_name\" content=\"Koonings\" \/>\n<meta property=\"article:publisher\" content=\"https:\/\/www.facebook.com\/kooningstheweddingpalace\" \/>\n<meta property=\"og:image\" content=\"https:\/\/www.koonings.com\/wp-content\/uploads\/2024\/11\/41273_1f17331ac4bdde627dc3d3ec2aecf95e69de2d28387d45aa05386f0e52e9a9560b486ec8.jpeg\" \/>\n\t<meta property=\"og:image:width\" content=\"1021\" \/>\n\t<meta property=\"og:image:height\" content=\"1445\" \/>\n\t<meta property=\"og:image:type\" content=\"image\/jpeg\" \/>\n<meta name=\"twitter:card\" content=\"summary_large_image\" \/>\n<script type=\"application\/ld+json\" class=\"yoast-schema-graph\">{\"@context\":\"https:\\\/\\\/schema.org\",\"@graph\":[{\"@type\":\"WebPage\",\"@id\":\"https:\\\/\\\/www.koonings.com\\\/fr\\\/product\\\/milla-nova-cassiopeia-bollero\\\/\",\"url\":\"https:\\\/\\\/www.koonings.com\\\/fr\\\/product\\\/milla-nova-cassiopeia-bollero\\\/\",\"name\":\"Milla Nova Cassiopeia bollero | Koonings\",\"isPartOf\":{\"@id\":\"https:\\\/\\\/www.koonings.com\\\/fr\\\/#website\"},\"primaryImageOfPage\":{\"@id\":\"https:\\\/\\\/www.koonings.com\\\/fr\\\/product\\\/milla-nova-cassiopeia-bollero\\\/#primaryimage\"},\"image\":{\"@id\":\"https:\\\/\\\/www.koonings.com\\\/fr\\\/product\\\/milla-nova-cassiopeia-bollero\\\/#primaryimage\"},\"thumbnailUrl\":\"https:\\\/\\\/www.koonings.com\\\/wp-content\\\/uploads\\\/2024\\\/11\\\/41273_1f17331ac4bdde627dc3d3ec2aecf95e69de2d28387d45aa05386f0e52e9a9560b486ec8.jpeg\",\"datePublished\":\"2026-04-21T16:28:36+00:00\",\"description\":\"Chic robe mikado d\u00e9collet\u00e9e avec manches en dentelle transparente. Elle pr\u00e9sente une silhouette fourreau, une encolure droite, un corsage drap\u00e9, des manches longues transparentes enti\u00e8rement brod\u00e9es et une longue tra\u00eene amovible.\",\"breadcrumb\":{\"@id\":\"https:\\\/\\\/www.koonings.com\\\/fr\\\/product\\\/milla-nova-cassiopeia-bollero\\\/#breadcrumb\"},\"inLanguage\":\"fr-FR\",\"potentialAction\":[{\"@type\":\"ReadAction\",\"target\":[\"https:\\\/\\\/www.koonings.com\\\/fr\\\/product\\\/milla-nova-cassiopeia-bollero\\\/\"]}]},{\"@type\":\"ImageObject\",\"inLanguage\":\"fr-FR\",\"@id\":\"https:\\\/\\\/www.koonings.com\\\/fr\\\/product\\\/milla-nova-cassiopeia-bollero\\\/#primaryimage\",\"url\":\"https:\\\/\\\/www.koonings.com\\\/wp-content\\\/uploads\\\/2024\\\/11\\\/41273_1f17331ac4bdde627dc3d3ec2aecf95e69de2d28387d45aa05386f0e52e9a9560b486ec8.jpeg\",\"contentUrl\":\"https:\\\/\\\/www.koonings.com\\\/wp-content\\\/uploads\\\/2024\\\/11\\\/41273_1f17331ac4bdde627dc3d3ec2aecf95e69de2d28387d45aa05386f0e52e9a9560b486ec8.jpeg\",\"width\":1021,\"height\":1445},{\"@type\":\"BreadcrumbList\",\"@id\":\"https:\\\/\\\/www.koonings.com\\\/fr\\\/product\\\/milla-nova-cassiopeia-bollero\\\/#breadcrumb\",\"itemListElement\":[{\"@type\":\"ListItem\",\"position\":1,\"name\":\"Home\",\"item\":\"https:\\\/\\\/www.koonings.com\\\/fr\\\/\"},{\"@type\":\"ListItem\",\"position\":2,\"name\":\"Milla Nova Cassiopeia bollero\"}]},{\"@type\":\"WebSite\",\"@id\":\"https:\\\/\\\/www.koonings.com\\\/fr\\\/#website\",\"url\":\"https:\\\/\\\/www.koonings.com\\\/fr\\\/\",\"name\":\"Koonings\",\"description\":\"De grootste bruidsmodewinkel ter wereld\",\"publisher\":{\"@id\":\"https:\\\/\\\/www.koonings.com\\\/fr\\\/#organization\"},\"potentialAction\":[{\"@type\":\"SearchAction\",\"target\":{\"@type\":\"EntryPoint\",\"urlTemplate\":\"https:\\\/\\\/www.koonings.com\\\/fr\\\/?s={search_term_string}\"},\"query-input\":{\"@type\":\"PropertyValueSpecification\",\"valueRequired\":true,\"valueName\":\"search_term_string\"}}],\"inLanguage\":\"fr-FR\"},{\"@type\":\"Organization\",\"@id\":\"https:\\\/\\\/www.koonings.com\\\/fr\\\/#organization\",\"name\":\"Koonings\",\"url\":\"https:\\\/\\\/www.koonings.com\\\/fr\\\/\",\"logo\":{\"@type\":\"ImageObject\",\"inLanguage\":\"fr-FR\",\"@id\":\"https:\\\/\\\/www.koonings.com\\\/fr\\\/#\\\/schema\\\/logo\\\/image\\\/\",\"url\":\"https:\\\/\\\/www.koonings.com\\\/wp-content\\\/uploads\\\/2024\\\/07\\\/logo.png\",\"contentUrl\":\"https:\\\/\\\/www.koonings.com\\\/wp-content\\\/uploads\\\/2024\\\/07\\\/logo.png\",\"width\":600,\"height\":428,\"caption\":\"Koonings\"},\"image\":{\"@id\":\"https:\\\/\\\/www.koonings.com\\\/fr\\\/#\\\/schema\\\/logo\\\/image\\\/\"},\"sameAs\":[\"https:\\\/\\\/www.facebook.com\\\/kooningstheweddingpalace\",\"https:\\\/\\\/www.instagram.com\\\/kooningstheweddingpalace\",\"https:\\\/\\\/www.pinterest.com\\\/koonings\",\"https:\\\/\\\/www.youtube.com\\\/kooningstheweddingpalace\"]}]}<\/script>\n<!-- \/ Yoast SEO plugin. -->","yoast_head_json":{"title":"Milla Nova Cassiopeia bollero | Koonings","description":"Chic robe mikado d\u00e9collet\u00e9e avec manches en dentelle transparente. Elle pr\u00e9sente une silhouette fourreau, une encolure droite, un corsage drap\u00e9, des manches longues transparentes enti\u00e8rement brod\u00e9es et une longue tra\u00eene amovible.","robots":{"index":"index","follow":"follow","max-snippet":"max-snippet:-1","max-image-preview":"max-image-preview:large","max-video-preview":"max-video-preview:-1"},"canonical":"https:\/\/www.koonings.com\/fr\/product\/milla-nova-cassiopeia-bollero\/","og_locale":"fr_FR","og_type":"article","og_title":"Milla Nova Cassiopeia bollero | Koonings","og_description":"Chic robe mikado d\u00e9collet\u00e9e avec manches en dentelle transparente. Elle pr\u00e9sente une silhouette fourreau, une encolure droite, un corsage drap\u00e9, des manches longues transparentes enti\u00e8rement brod\u00e9es et une longue tra\u00eene amovible.","og_url":"https:\/\/www.koonings.com\/fr\/product\/milla-nova-cassiopeia-bollero\/","og_site_name":"Koonings","article_publisher":"https:\/\/www.facebook.com\/kooningstheweddingpalace","og_image":[{"width":1021,"height":1445,"url":"https:\/\/www.koonings.com\/wp-content\/uploads\/2024\/11\/41273_1f17331ac4bdde627dc3d3ec2aecf95e69de2d28387d45aa05386f0e52e9a9560b486ec8.jpeg","type":"image\/jpeg"}],"twitter_card":"summary_large_image","schema":{"@context":"https:\/\/schema.org","@graph":[{"@type":"WebPage","@id":"https:\/\/www.koonings.com\/fr\/product\/milla-nova-cassiopeia-bollero\/","url":"https:\/\/www.koonings.com\/fr\/product\/milla-nova-cassiopeia-bollero\/","name":"Milla Nova Cassiopeia bollero | Koonings","isPartOf":{"@id":"https:\/\/www.koonings.com\/fr\/#website"},"primaryImageOfPage":{"@id":"https:\/\/www.koonings.com\/fr\/product\/milla-nova-cassiopeia-bollero\/#primaryimage"},"image":{"@id":"https:\/\/www.koonings.com\/fr\/product\/milla-nova-cassiopeia-bollero\/#primaryimage"},"thumbnailUrl":"https:\/\/www.koonings.com\/wp-content\/uploads\/2024\/11\/41273_1f17331ac4bdde627dc3d3ec2aecf95e69de2d28387d45aa05386f0e52e9a9560b486ec8.jpeg","datePublished":"2026-04-21T16:28:36+00:00","description":"Chic robe mikado d\u00e9collet\u00e9e avec manches en dentelle transparente. Elle pr\u00e9sente une silhouette fourreau, une encolure droite, un corsage drap\u00e9, des manches longues transparentes enti\u00e8rement brod\u00e9es et une longue tra\u00eene amovible.","breadcrumb":{"@id":"https:\/\/www.koonings.com\/fr\/product\/milla-nova-cassiopeia-bollero\/#breadcrumb"},"inLanguage":"fr-FR","potentialAction":[{"@type":"ReadAction","target":["https:\/\/www.koonings.com\/fr\/product\/milla-nova-cassiopeia-bollero\/"]}]},{"@type":"ImageObject","inLanguage":"fr-FR","@id":"https:\/\/www.koonings.com\/fr\/product\/milla-nova-cassiopeia-bollero\/#primaryimage","url":"https:\/\/www.koonings.com\/wp-content\/uploads\/2024\/11\/41273_1f17331ac4bdde627dc3d3ec2aecf95e69de2d28387d45aa05386f0e52e9a9560b486ec8.jpeg","contentUrl":"https:\/\/www.koonings.com\/wp-content\/uploads\/2024\/11\/41273_1f17331ac4bdde627dc3d3ec2aecf95e69de2d28387d45aa05386f0e52e9a9560b486ec8.jpeg","width":1021,"height":1445},{"@type":"BreadcrumbList","@id":"https:\/\/www.koonings.com\/fr\/product\/milla-nova-cassiopeia-bollero\/#breadcrumb","itemListElement":[{"@type":"ListItem","position":1,"name":"Home","item":"https:\/\/www.koonings.com\/fr\/"},{"@type":"ListItem","position":2,"name":"Milla Nova Cassiopeia bollero"}]},{"@type":"WebSite","@id":"https:\/\/www.koonings.com\/fr\/#website","url":"https:\/\/www.koonings.com\/fr\/","name":"Koonings","description":"De grootste bruidsmodewinkel ter wereld","publisher":{"@id":"https:\/\/www.koonings.com\/fr\/#organization"},"potentialAction":[{"@type":"SearchAction","target":{"@type":"EntryPoint","urlTemplate":"https:\/\/www.koonings.com\/fr\/?s={search_term_string}"},"query-input":{"@type":"PropertyValueSpecification","valueRequired":true,"valueName":"search_term_string"}}],"inLanguage":"fr-FR"},{"@type":"Organization","@id":"https:\/\/www.koonings.com\/fr\/#organization","name":"Koonings","url":"https:\/\/www.koonings.com\/fr\/","logo":{"@type":"ImageObject","inLanguage":"fr-FR","@id":"https:\/\/www.koonings.com\/fr\/#\/schema\/logo\/image\/","url":"https:\/\/www.koonings.com\/wp-content\/uploads\/2024\/07\/logo.png","contentUrl":"https:\/\/www.koonings.com\/wp-content\/uploads\/2024\/07\/logo.png","width":600,"height":428,"caption":"Koonings"},"image":{"@id":"https:\/\/www.koonings.com\/fr\/#\/schema\/logo\/image\/"},"sameAs":["https:\/\/www.facebook.com\/kooningstheweddingpalace","https:\/\/www.instagram.com\/kooningstheweddingpalace","https:\/\/www.pinterest.com\/koonings","https:\/\/www.youtube.com\/kooningstheweddingpalace"]}]}},"_links":{"self":[{"href":"https:\/\/www.koonings.com\/fr\/wp-json\/wp\/v2\/product\/79299","targetHints":{"allow":["GET"]}}],"collection":[{"href":"https:\/\/www.koonings.com\/fr\/wp-json\/wp\/v2\/product"}],"about":[{"href":"https:\/\/www.koonings.com\/fr\/wp-json\/wp\/v2\/types\/product"}],"wp:featuredmedia":[{"embeddable":true,"href":"https:\/\/www.koonings.com\/fr\/wp-json\/wp\/v2\/media\/70547"}],"wp:attachment":[{"href":"https:\/\/www.koonings.com\/fr\/wp-json\/wp\/v2\/media?parent=79299"}],"wp:term":[{"taxonomy":"productdetails","embeddable":true,"href":"https:\/\/www.koonings.com\/fr\/wp-json\/wp\/v2\/productdetails?post=79299"},{"taxonomy":"productneck","embeddable":true,"href":"https:\/\/www.koonings.com\/fr\/wp-json\/wp\/v2\/productneck?post=79299"},{"taxonomy":"productcolor","embeddable":true,"href":"https:\/\/www.koonings.com\/fr\/wp-json\/wp\/v2\/productcolor?post=79299"},{"taxonomy":"maat","embeddable":true,"href":"https:\/\/www.koonings.com\/fr\/wp-json\/wp\/v2\/maat?post=79299"},{"taxonomy":"productsupplier","embeddable":true,"href":"https:\/\/www.koonings.com\/fr\/wp-json\/wp\/v2\/productsupplier?post=79299"},{"taxonomy":"productsleeve","embeddable":true,"href":"https:\/\/www.koonings.com\/fr\/wp-json\/wp\/v2\/productsleeve?post=79299"},{"taxonomy":"productcategory","embeddable":true,"href":"https:\/\/www.koonings.com\/fr\/wp-json\/wp\/v2\/productcategory?post=79299"},{"taxonomy":"productsilhouette","embeddable":true,"href":"https:\/\/www.koonings.com\/fr\/wp-json\/wp\/v2\/productsilhouette?post=79299"},{"taxonomy":"productstyle","embeddable":true,"href":"https:\/\/www.koonings.com\/fr\/wp-json\/wp\/v2\/productstyle?post=79299"}],"curies":[{"name":"wp","href":"https:\/\/api.w.org\/{rel}","templated":true}]}}