{"id":79264,"date":"2026-05-06T15:20:46","date_gmt":"2026-05-06T13:20:46","guid":{"rendered":"https:\/\/www.koonings.com\/product\/milla-nova-holstein\/"},"modified":"2026-02-16T14:51:52","modified_gmt":"2026-02-16T13:51:52","slug":"milla-nova-holstein","status":"publish","type":"product","link":"https:\/\/www.koonings.com\/fr\/product\/milla-nova-holstein\/","title":{"rendered":"Milla Nova Holstein"},"content":{"rendered":"<p>Robe de mari\u00e9e sir\u00e8ne \u00e0 bretelles spaghetti, en mikado. Elle pr\u00e9sente un corsage en forme de c\u0153ur, des bretelles spaghetti, des lignes cousues le long de la jupe ajust\u00e9e qui accentuent les courbes, et une tra\u00eene midi fluide. La tenue peut \u00eatre compl\u00e9t\u00e9e par une magnifique robe de couverture Raimonda avec des manches mikado d\u00e9collet\u00e9es et une longue tra\u00eene majestueuse.  <\/p>\n","protected":false},"featured_media":70781,"template":"","meta":{"_acf_changed":false,"ghostkit_customizer_options":"","ghostkit_custom_css":"","ghostkit_custom_js_head":"","ghostkit_custom_js_foot":"","ghostkit_typography":""},"productdetails":[],"productneck":[355],"productcolor":[392],"maat":[],"productsupplier":[446],"productsleeve":[359],"productcategory":[18],"productsilhouette":[387],"productstyle":[369,366],"class_list":["post-79264","product","type-product","status-publish","has-post-thumbnail","hentry","productneck-355","productcolor-392","productsupplier-milla-nova","productsleeve-359","productcategory-trouwjurken","productsilhouette-387","productstyle-369","productstyle-366"],"acf":[],"yoast_head":"<!-- This site is optimized with the Yoast SEO plugin v27.3 - https:\/\/yoast.com\/product\/yoast-seo-wordpress\/ -->\n<title>Milla Nova Holstein | Koonings<\/title>\n<meta name=\"description\" content=\"Robe de mari\u00e9e sir\u00e8ne \u00e0 bretelles spaghetti, en mikado. Elle pr\u00e9sente un corsage en forme de c\u0153ur, des bretelles spaghetti, des lignes cousues le long de la jupe ajust\u00e9e qui accentuent les courbes, et une tra\u00eene midi fluide. La tenue peut \u00eatre compl\u00e9t\u00e9e par une magnifique robe de couverture Raimonda avec des manches mikado d\u00e9collet\u00e9es et une longue tra\u00eene majestueuse.\" \/>\n<meta name=\"robots\" content=\"index, follow, max-snippet:-1, max-image-preview:large, max-video-preview:-1\" \/>\n<link rel=\"canonical\" href=\"https:\/\/www.koonings.com\/fr\/product\/milla-nova-holstein\/\" \/>\n<meta property=\"og:locale\" content=\"fr_FR\" \/>\n<meta property=\"og:type\" content=\"article\" \/>\n<meta property=\"og:title\" content=\"Milla Nova Holstein | Koonings\" \/>\n<meta property=\"og:description\" content=\"Robe de mari\u00e9e sir\u00e8ne \u00e0 bretelles spaghetti, en mikado. Elle pr\u00e9sente un corsage en forme de c\u0153ur, des bretelles spaghetti, des lignes cousues le long de la jupe ajust\u00e9e qui accentuent les courbes, et une tra\u00eene midi fluide. La tenue peut \u00eatre compl\u00e9t\u00e9e par une magnifique robe de couverture Raimonda avec des manches mikado d\u00e9collet\u00e9es et une longue tra\u00eene majestueuse.\" \/>\n<meta property=\"og:url\" content=\"https:\/\/www.koonings.com\/fr\/product\/milla-nova-holstein\/\" \/>\n<meta property=\"og:site_name\" content=\"Koonings\" \/>\n<meta property=\"article:publisher\" content=\"https:\/\/www.facebook.com\/kooningstheweddingpalace\" \/>\n<meta property=\"og:image\" content=\"https:\/\/www.koonings.com\/wp-content\/uploads\/2024\/11\/40671_9802c5dca2d40a6970400d5f238953a6b671bcf49d83ae735b90bd634d5eabf43dacf911-scaled.jpeg\" \/>\n\t<meta property=\"og:image:width\" content=\"1805\" \/>\n\t<meta property=\"og:image:height\" content=\"2560\" \/>\n\t<meta property=\"og:image:type\" content=\"image\/jpeg\" \/>\n<meta name=\"twitter:card\" content=\"summary_large_image\" \/>\n<script type=\"application\/ld+json\" class=\"yoast-schema-graph\">{\"@context\":\"https:\\\/\\\/schema.org\",\"@graph\":[{\"@type\":\"WebPage\",\"@id\":\"https:\\\/\\\/www.koonings.com\\\/fr\\\/product\\\/milla-nova-holstein\\\/\",\"url\":\"https:\\\/\\\/www.koonings.com\\\/fr\\\/product\\\/milla-nova-holstein\\\/\",\"name\":\"Milla Nova Holstein | Koonings\",\"isPartOf\":{\"@id\":\"https:\\\/\\\/www.koonings.com\\\/fr\\\/#website\"},\"primaryImageOfPage\":{\"@id\":\"https:\\\/\\\/www.koonings.com\\\/fr\\\/product\\\/milla-nova-holstein\\\/#primaryimage\"},\"image\":{\"@id\":\"https:\\\/\\\/www.koonings.com\\\/fr\\\/product\\\/milla-nova-holstein\\\/#primaryimage\"},\"thumbnailUrl\":\"https:\\\/\\\/www.koonings.com\\\/wp-content\\\/uploads\\\/2024\\\/11\\\/40671_9802c5dca2d40a6970400d5f238953a6b671bcf49d83ae735b90bd634d5eabf43dacf911-scaled.jpeg\",\"datePublished\":\"2026-05-06T13:20:46+00:00\",\"description\":\"Robe de mari\u00e9e sir\u00e8ne \u00e0 bretelles spaghetti, en mikado. Elle pr\u00e9sente un corsage en forme de c\u0153ur, des bretelles spaghetti, des lignes cousues le long de la jupe ajust\u00e9e qui accentuent les courbes, et une tra\u00eene midi fluide. La tenue peut \u00eatre compl\u00e9t\u00e9e par une magnifique robe de couverture Raimonda avec des manches mikado d\u00e9collet\u00e9es et une longue tra\u00eene majestueuse.\",\"breadcrumb\":{\"@id\":\"https:\\\/\\\/www.koonings.com\\\/fr\\\/product\\\/milla-nova-holstein\\\/#breadcrumb\"},\"inLanguage\":\"fr-FR\",\"potentialAction\":[{\"@type\":\"ReadAction\",\"target\":[\"https:\\\/\\\/www.koonings.com\\\/fr\\\/product\\\/milla-nova-holstein\\\/\"]}]},{\"@type\":\"ImageObject\",\"inLanguage\":\"fr-FR\",\"@id\":\"https:\\\/\\\/www.koonings.com\\\/fr\\\/product\\\/milla-nova-holstein\\\/#primaryimage\",\"url\":\"https:\\\/\\\/www.koonings.com\\\/wp-content\\\/uploads\\\/2024\\\/11\\\/40671_9802c5dca2d40a6970400d5f238953a6b671bcf49d83ae735b90bd634d5eabf43dacf911-scaled.jpeg\",\"contentUrl\":\"https:\\\/\\\/www.koonings.com\\\/wp-content\\\/uploads\\\/2024\\\/11\\\/40671_9802c5dca2d40a6970400d5f238953a6b671bcf49d83ae735b90bd634d5eabf43dacf911-scaled.jpeg\",\"width\":1805,\"height\":2560},{\"@type\":\"BreadcrumbList\",\"@id\":\"https:\\\/\\\/www.koonings.com\\\/fr\\\/product\\\/milla-nova-holstein\\\/#breadcrumb\",\"itemListElement\":[{\"@type\":\"ListItem\",\"position\":1,\"name\":\"Home\",\"item\":\"https:\\\/\\\/www.koonings.com\\\/fr\\\/\"},{\"@type\":\"ListItem\",\"position\":2,\"name\":\"Milla Nova Holstein\"}]},{\"@type\":\"WebSite\",\"@id\":\"https:\\\/\\\/www.koonings.com\\\/fr\\\/#website\",\"url\":\"https:\\\/\\\/www.koonings.com\\\/fr\\\/\",\"name\":\"Koonings\",\"description\":\"De grootste bruidsmodewinkel ter wereld\",\"publisher\":{\"@id\":\"https:\\\/\\\/www.koonings.com\\\/fr\\\/#organization\"},\"potentialAction\":[{\"@type\":\"SearchAction\",\"target\":{\"@type\":\"EntryPoint\",\"urlTemplate\":\"https:\\\/\\\/www.koonings.com\\\/fr\\\/?s={search_term_string}\"},\"query-input\":{\"@type\":\"PropertyValueSpecification\",\"valueRequired\":true,\"valueName\":\"search_term_string\"}}],\"inLanguage\":\"fr-FR\"},{\"@type\":\"Organization\",\"@id\":\"https:\\\/\\\/www.koonings.com\\\/fr\\\/#organization\",\"name\":\"Koonings\",\"url\":\"https:\\\/\\\/www.koonings.com\\\/fr\\\/\",\"logo\":{\"@type\":\"ImageObject\",\"inLanguage\":\"fr-FR\",\"@id\":\"https:\\\/\\\/www.koonings.com\\\/fr\\\/#\\\/schema\\\/logo\\\/image\\\/\",\"url\":\"https:\\\/\\\/www.koonings.com\\\/wp-content\\\/uploads\\\/2024\\\/07\\\/logo.png\",\"contentUrl\":\"https:\\\/\\\/www.koonings.com\\\/wp-content\\\/uploads\\\/2024\\\/07\\\/logo.png\",\"width\":600,\"height\":428,\"caption\":\"Koonings\"},\"image\":{\"@id\":\"https:\\\/\\\/www.koonings.com\\\/fr\\\/#\\\/schema\\\/logo\\\/image\\\/\"},\"sameAs\":[\"https:\\\/\\\/www.facebook.com\\\/kooningstheweddingpalace\",\"https:\\\/\\\/www.instagram.com\\\/kooningstheweddingpalace\",\"https:\\\/\\\/www.pinterest.com\\\/koonings\",\"https:\\\/\\\/www.youtube.com\\\/kooningstheweddingpalace\"]}]}<\/script>\n<!-- \/ Yoast SEO plugin. -->","yoast_head_json":{"title":"Milla Nova Holstein | Koonings","description":"Robe de mari\u00e9e sir\u00e8ne \u00e0 bretelles spaghetti, en mikado. Elle pr\u00e9sente un corsage en forme de c\u0153ur, des bretelles spaghetti, des lignes cousues le long de la jupe ajust\u00e9e qui accentuent les courbes, et une tra\u00eene midi fluide. La tenue peut \u00eatre compl\u00e9t\u00e9e par une magnifique robe de couverture Raimonda avec des manches mikado d\u00e9collet\u00e9es et une longue tra\u00eene majestueuse.","robots":{"index":"index","follow":"follow","max-snippet":"max-snippet:-1","max-image-preview":"max-image-preview:large","max-video-preview":"max-video-preview:-1"},"canonical":"https:\/\/www.koonings.com\/fr\/product\/milla-nova-holstein\/","og_locale":"fr_FR","og_type":"article","og_title":"Milla Nova Holstein | Koonings","og_description":"Robe de mari\u00e9e sir\u00e8ne \u00e0 bretelles spaghetti, en mikado. Elle pr\u00e9sente un corsage en forme de c\u0153ur, des bretelles spaghetti, des lignes cousues le long de la jupe ajust\u00e9e qui accentuent les courbes, et une tra\u00eene midi fluide. La tenue peut \u00eatre compl\u00e9t\u00e9e par une magnifique robe de couverture Raimonda avec des manches mikado d\u00e9collet\u00e9es et une longue tra\u00eene majestueuse.","og_url":"https:\/\/www.koonings.com\/fr\/product\/milla-nova-holstein\/","og_site_name":"Koonings","article_publisher":"https:\/\/www.facebook.com\/kooningstheweddingpalace","og_image":[{"width":1805,"height":2560,"url":"https:\/\/www.koonings.com\/wp-content\/uploads\/2024\/11\/40671_9802c5dca2d40a6970400d5f238953a6b671bcf49d83ae735b90bd634d5eabf43dacf911-scaled.jpeg","type":"image\/jpeg"}],"twitter_card":"summary_large_image","schema":{"@context":"https:\/\/schema.org","@graph":[{"@type":"WebPage","@id":"https:\/\/www.koonings.com\/fr\/product\/milla-nova-holstein\/","url":"https:\/\/www.koonings.com\/fr\/product\/milla-nova-holstein\/","name":"Milla Nova Holstein | Koonings","isPartOf":{"@id":"https:\/\/www.koonings.com\/fr\/#website"},"primaryImageOfPage":{"@id":"https:\/\/www.koonings.com\/fr\/product\/milla-nova-holstein\/#primaryimage"},"image":{"@id":"https:\/\/www.koonings.com\/fr\/product\/milla-nova-holstein\/#primaryimage"},"thumbnailUrl":"https:\/\/www.koonings.com\/wp-content\/uploads\/2024\/11\/40671_9802c5dca2d40a6970400d5f238953a6b671bcf49d83ae735b90bd634d5eabf43dacf911-scaled.jpeg","datePublished":"2026-05-06T13:20:46+00:00","description":"Robe de mari\u00e9e sir\u00e8ne \u00e0 bretelles spaghetti, en mikado. Elle pr\u00e9sente un corsage en forme de c\u0153ur, des bretelles spaghetti, des lignes cousues le long de la jupe ajust\u00e9e qui accentuent les courbes, et une tra\u00eene midi fluide. La tenue peut \u00eatre compl\u00e9t\u00e9e par une magnifique robe de couverture Raimonda avec des manches mikado d\u00e9collet\u00e9es et une longue tra\u00eene majestueuse.","breadcrumb":{"@id":"https:\/\/www.koonings.com\/fr\/product\/milla-nova-holstein\/#breadcrumb"},"inLanguage":"fr-FR","potentialAction":[{"@type":"ReadAction","target":["https:\/\/www.koonings.com\/fr\/product\/milla-nova-holstein\/"]}]},{"@type":"ImageObject","inLanguage":"fr-FR","@id":"https:\/\/www.koonings.com\/fr\/product\/milla-nova-holstein\/#primaryimage","url":"https:\/\/www.koonings.com\/wp-content\/uploads\/2024\/11\/40671_9802c5dca2d40a6970400d5f238953a6b671bcf49d83ae735b90bd634d5eabf43dacf911-scaled.jpeg","contentUrl":"https:\/\/www.koonings.com\/wp-content\/uploads\/2024\/11\/40671_9802c5dca2d40a6970400d5f238953a6b671bcf49d83ae735b90bd634d5eabf43dacf911-scaled.jpeg","width":1805,"height":2560},{"@type":"BreadcrumbList","@id":"https:\/\/www.koonings.com\/fr\/product\/milla-nova-holstein\/#breadcrumb","itemListElement":[{"@type":"ListItem","position":1,"name":"Home","item":"https:\/\/www.koonings.com\/fr\/"},{"@type":"ListItem","position":2,"name":"Milla Nova Holstein"}]},{"@type":"WebSite","@id":"https:\/\/www.koonings.com\/fr\/#website","url":"https:\/\/www.koonings.com\/fr\/","name":"Koonings","description":"De grootste bruidsmodewinkel ter wereld","publisher":{"@id":"https:\/\/www.koonings.com\/fr\/#organization"},"potentialAction":[{"@type":"SearchAction","target":{"@type":"EntryPoint","urlTemplate":"https:\/\/www.koonings.com\/fr\/?s={search_term_string}"},"query-input":{"@type":"PropertyValueSpecification","valueRequired":true,"valueName":"search_term_string"}}],"inLanguage":"fr-FR"},{"@type":"Organization","@id":"https:\/\/www.koonings.com\/fr\/#organization","name":"Koonings","url":"https:\/\/www.koonings.com\/fr\/","logo":{"@type":"ImageObject","inLanguage":"fr-FR","@id":"https:\/\/www.koonings.com\/fr\/#\/schema\/logo\/image\/","url":"https:\/\/www.koonings.com\/wp-content\/uploads\/2024\/07\/logo.png","contentUrl":"https:\/\/www.koonings.com\/wp-content\/uploads\/2024\/07\/logo.png","width":600,"height":428,"caption":"Koonings"},"image":{"@id":"https:\/\/www.koonings.com\/fr\/#\/schema\/logo\/image\/"},"sameAs":["https:\/\/www.facebook.com\/kooningstheweddingpalace","https:\/\/www.instagram.com\/kooningstheweddingpalace","https:\/\/www.pinterest.com\/koonings","https:\/\/www.youtube.com\/kooningstheweddingpalace"]}]}},"_links":{"self":[{"href":"https:\/\/www.koonings.com\/fr\/wp-json\/wp\/v2\/product\/79264","targetHints":{"allow":["GET"]}}],"collection":[{"href":"https:\/\/www.koonings.com\/fr\/wp-json\/wp\/v2\/product"}],"about":[{"href":"https:\/\/www.koonings.com\/fr\/wp-json\/wp\/v2\/types\/product"}],"wp:featuredmedia":[{"embeddable":true,"href":"https:\/\/www.koonings.com\/fr\/wp-json\/wp\/v2\/media\/70781"}],"wp:attachment":[{"href":"https:\/\/www.koonings.com\/fr\/wp-json\/wp\/v2\/media?parent=79264"}],"wp:term":[{"taxonomy":"productdetails","embeddable":true,"href":"https:\/\/www.koonings.com\/fr\/wp-json\/wp\/v2\/productdetails?post=79264"},{"taxonomy":"productneck","embeddable":true,"href":"https:\/\/www.koonings.com\/fr\/wp-json\/wp\/v2\/productneck?post=79264"},{"taxonomy":"productcolor","embeddable":true,"href":"https:\/\/www.koonings.com\/fr\/wp-json\/wp\/v2\/productcolor?post=79264"},{"taxonomy":"maat","embeddable":true,"href":"https:\/\/www.koonings.com\/fr\/wp-json\/wp\/v2\/maat?post=79264"},{"taxonomy":"productsupplier","embeddable":true,"href":"https:\/\/www.koonings.com\/fr\/wp-json\/wp\/v2\/productsupplier?post=79264"},{"taxonomy":"productsleeve","embeddable":true,"href":"https:\/\/www.koonings.com\/fr\/wp-json\/wp\/v2\/productsleeve?post=79264"},{"taxonomy":"productcategory","embeddable":true,"href":"https:\/\/www.koonings.com\/fr\/wp-json\/wp\/v2\/productcategory?post=79264"},{"taxonomy":"productsilhouette","embeddable":true,"href":"https:\/\/www.koonings.com\/fr\/wp-json\/wp\/v2\/productsilhouette?post=79264"},{"taxonomy":"productstyle","embeddable":true,"href":"https:\/\/www.koonings.com\/fr\/wp-json\/wp\/v2\/productstyle?post=79264"}],"curies":[{"name":"wp","href":"https:\/\/api.w.org\/{rel}","templated":true}]}}