{"id":79252,"date":"2026-04-21T18:22:05","date_gmt":"2026-04-21T16:22:05","guid":{"rendered":"https:\/\/www.koonings.com\/product\/milla-nova-bestia\/"},"modified":"2025-06-05T13:44:58","modified_gmt":"2025-06-05T11:44:58","slug":"milla-nova-bestia","status":"publish","type":"product","link":"https:\/\/www.koonings.com\/fr\/product\/milla-nova-bestia\/","title":{"rendered":"Milla Nova Bestia"},"content":{"rendered":"<p>Combinaison intemporelle d&#8217;un corsage \u00e0 manches longues en gabardine et d&#8217;une jupe maxi chic en tulle. Le corsage pr\u00e8s du corps souligne la silhouette et pr\u00e9sente un d\u00e9collet\u00e9 en V profond, des manches longues et une fermeture \u00e0 glissi\u00e8re dans le dos. La jupe ample et volumineuse avec jupe midi devient la pi\u00e8ce ma\u00eetresse de l&#8217;ensemble.  <\/p>\n","protected":false},"featured_media":70849,"template":"","meta":{"_acf_changed":false,"ghostkit_customizer_options":"","ghostkit_custom_css":"","ghostkit_custom_js_head":"","ghostkit_custom_js_foot":"","ghostkit_typography":""},"productdetails":[],"productneck":[356],"productcolor":[392],"maat":[],"productsupplier":[446],"productsleeve":[362],"productcategory":[18],"productsilhouette":[384,389],"productstyle":[366],"class_list":["post-79252","product","type-product","status-publish","has-post-thumbnail","hentry","productneck-356","productcolor-392","productsupplier-milla-nova","productsleeve-362","productcategory-trouwjurken","productsilhouette-384","productsilhouette-389","productstyle-366"],"acf":[],"yoast_head":"<!-- This site is optimized with the Yoast SEO plugin v27.3 - https:\/\/yoast.com\/product\/yoast-seo-wordpress\/ -->\n<title>Milla Nova Bestia | Koonings<\/title>\n<meta name=\"description\" content=\"Combinaison intemporelle d&#039;un corsage \u00e0 manches longues en gabardine et d&#039;une jupe maxi chic en tulle. Le corsage pr\u00e8s du corps souligne la silhouette et pr\u00e9sente un d\u00e9collet\u00e9 en V profond, des manches longues et une fermeture \u00e0 glissi\u00e8re dans le dos. La jupe ample et volumineuse avec jupe midi devient la pi\u00e8ce ma\u00eetresse de l&#039;ensemble.\" \/>\n<meta name=\"robots\" content=\"index, follow, max-snippet:-1, max-image-preview:large, max-video-preview:-1\" \/>\n<link rel=\"canonical\" href=\"https:\/\/www.koonings.com\/fr\/product\/milla-nova-bestia\/\" \/>\n<meta property=\"og:locale\" content=\"fr_FR\" \/>\n<meta property=\"og:type\" content=\"article\" \/>\n<meta property=\"og:title\" content=\"Milla Nova Bestia | Koonings\" \/>\n<meta property=\"og:description\" content=\"Combinaison intemporelle d&#039;un corsage \u00e0 manches longues en gabardine et d&#039;une jupe maxi chic en tulle. Le corsage pr\u00e8s du corps souligne la silhouette et pr\u00e9sente un d\u00e9collet\u00e9 en V profond, des manches longues et une fermeture \u00e0 glissi\u00e8re dans le dos. La jupe ample et volumineuse avec jupe midi devient la pi\u00e8ce ma\u00eetresse de l&#039;ensemble.\" \/>\n<meta property=\"og:url\" content=\"https:\/\/www.koonings.com\/fr\/product\/milla-nova-bestia\/\" \/>\n<meta property=\"og:site_name\" content=\"Koonings\" \/>\n<meta property=\"article:publisher\" content=\"https:\/\/www.facebook.com\/kooningstheweddingpalace\" \/>\n<meta property=\"og:image\" content=\"https:\/\/www.koonings.com\/wp-content\/uploads\/2024\/11\/40675_4ce3425723b308a07e4c38c0f3076fd823b56bd88377ed416b2479e79a998d7d3af66152-scaled.jpeg\" \/>\n\t<meta property=\"og:image:width\" content=\"1810\" \/>\n\t<meta property=\"og:image:height\" content=\"2560\" \/>\n\t<meta property=\"og:image:type\" content=\"image\/jpeg\" \/>\n<meta name=\"twitter:card\" content=\"summary_large_image\" \/>\n<script type=\"application\/ld+json\" class=\"yoast-schema-graph\">{\"@context\":\"https:\\\/\\\/schema.org\",\"@graph\":[{\"@type\":\"WebPage\",\"@id\":\"https:\\\/\\\/www.koonings.com\\\/fr\\\/product\\\/milla-nova-bestia\\\/\",\"url\":\"https:\\\/\\\/www.koonings.com\\\/fr\\\/product\\\/milla-nova-bestia\\\/\",\"name\":\"Milla Nova Bestia | Koonings\",\"isPartOf\":{\"@id\":\"https:\\\/\\\/www.koonings.com\\\/fr\\\/#website\"},\"primaryImageOfPage\":{\"@id\":\"https:\\\/\\\/www.koonings.com\\\/fr\\\/product\\\/milla-nova-bestia\\\/#primaryimage\"},\"image\":{\"@id\":\"https:\\\/\\\/www.koonings.com\\\/fr\\\/product\\\/milla-nova-bestia\\\/#primaryimage\"},\"thumbnailUrl\":\"https:\\\/\\\/www.koonings.com\\\/wp-content\\\/uploads\\\/2024\\\/11\\\/40675_4ce3425723b308a07e4c38c0f3076fd823b56bd88377ed416b2479e79a998d7d3af66152-scaled.jpeg\",\"datePublished\":\"2026-04-21T16:22:05+00:00\",\"description\":\"Combinaison intemporelle d'un corsage \u00e0 manches longues en gabardine et d'une jupe maxi chic en tulle. Le corsage pr\u00e8s du corps souligne la silhouette et pr\u00e9sente un d\u00e9collet\u00e9 en V profond, des manches longues et une fermeture \u00e0 glissi\u00e8re dans le dos. La jupe ample et volumineuse avec jupe midi devient la pi\u00e8ce ma\u00eetresse de l'ensemble.\",\"breadcrumb\":{\"@id\":\"https:\\\/\\\/www.koonings.com\\\/fr\\\/product\\\/milla-nova-bestia\\\/#breadcrumb\"},\"inLanguage\":\"fr-FR\",\"potentialAction\":[{\"@type\":\"ReadAction\",\"target\":[\"https:\\\/\\\/www.koonings.com\\\/fr\\\/product\\\/milla-nova-bestia\\\/\"]}]},{\"@type\":\"ImageObject\",\"inLanguage\":\"fr-FR\",\"@id\":\"https:\\\/\\\/www.koonings.com\\\/fr\\\/product\\\/milla-nova-bestia\\\/#primaryimage\",\"url\":\"https:\\\/\\\/www.koonings.com\\\/wp-content\\\/uploads\\\/2024\\\/11\\\/40675_4ce3425723b308a07e4c38c0f3076fd823b56bd88377ed416b2479e79a998d7d3af66152-scaled.jpeg\",\"contentUrl\":\"https:\\\/\\\/www.koonings.com\\\/wp-content\\\/uploads\\\/2024\\\/11\\\/40675_4ce3425723b308a07e4c38c0f3076fd823b56bd88377ed416b2479e79a998d7d3af66152-scaled.jpeg\",\"width\":1810,\"height\":2560},{\"@type\":\"BreadcrumbList\",\"@id\":\"https:\\\/\\\/www.koonings.com\\\/fr\\\/product\\\/milla-nova-bestia\\\/#breadcrumb\",\"itemListElement\":[{\"@type\":\"ListItem\",\"position\":1,\"name\":\"Home\",\"item\":\"https:\\\/\\\/www.koonings.com\\\/fr\\\/\"},{\"@type\":\"ListItem\",\"position\":2,\"name\":\"Milla Nova Bestia\"}]},{\"@type\":\"WebSite\",\"@id\":\"https:\\\/\\\/www.koonings.com\\\/fr\\\/#website\",\"url\":\"https:\\\/\\\/www.koonings.com\\\/fr\\\/\",\"name\":\"Koonings\",\"description\":\"De grootste bruidsmodewinkel ter wereld\",\"publisher\":{\"@id\":\"https:\\\/\\\/www.koonings.com\\\/fr\\\/#organization\"},\"potentialAction\":[{\"@type\":\"SearchAction\",\"target\":{\"@type\":\"EntryPoint\",\"urlTemplate\":\"https:\\\/\\\/www.koonings.com\\\/fr\\\/?s={search_term_string}\"},\"query-input\":{\"@type\":\"PropertyValueSpecification\",\"valueRequired\":true,\"valueName\":\"search_term_string\"}}],\"inLanguage\":\"fr-FR\"},{\"@type\":\"Organization\",\"@id\":\"https:\\\/\\\/www.koonings.com\\\/fr\\\/#organization\",\"name\":\"Koonings\",\"url\":\"https:\\\/\\\/www.koonings.com\\\/fr\\\/\",\"logo\":{\"@type\":\"ImageObject\",\"inLanguage\":\"fr-FR\",\"@id\":\"https:\\\/\\\/www.koonings.com\\\/fr\\\/#\\\/schema\\\/logo\\\/image\\\/\",\"url\":\"https:\\\/\\\/www.koonings.com\\\/wp-content\\\/uploads\\\/2024\\\/07\\\/logo.png\",\"contentUrl\":\"https:\\\/\\\/www.koonings.com\\\/wp-content\\\/uploads\\\/2024\\\/07\\\/logo.png\",\"width\":600,\"height\":428,\"caption\":\"Koonings\"},\"image\":{\"@id\":\"https:\\\/\\\/www.koonings.com\\\/fr\\\/#\\\/schema\\\/logo\\\/image\\\/\"},\"sameAs\":[\"https:\\\/\\\/www.facebook.com\\\/kooningstheweddingpalace\",\"https:\\\/\\\/www.instagram.com\\\/kooningstheweddingpalace\",\"https:\\\/\\\/www.pinterest.com\\\/koonings\",\"https:\\\/\\\/www.youtube.com\\\/kooningstheweddingpalace\"]}]}<\/script>\n<!-- \/ Yoast SEO plugin. -->","yoast_head_json":{"title":"Milla Nova Bestia | Koonings","description":"Combinaison intemporelle d'un corsage \u00e0 manches longues en gabardine et d'une jupe maxi chic en tulle. Le corsage pr\u00e8s du corps souligne la silhouette et pr\u00e9sente un d\u00e9collet\u00e9 en V profond, des manches longues et une fermeture \u00e0 glissi\u00e8re dans le dos. La jupe ample et volumineuse avec jupe midi devient la pi\u00e8ce ma\u00eetresse de l'ensemble.","robots":{"index":"index","follow":"follow","max-snippet":"max-snippet:-1","max-image-preview":"max-image-preview:large","max-video-preview":"max-video-preview:-1"},"canonical":"https:\/\/www.koonings.com\/fr\/product\/milla-nova-bestia\/","og_locale":"fr_FR","og_type":"article","og_title":"Milla Nova Bestia | Koonings","og_description":"Combinaison intemporelle d'un corsage \u00e0 manches longues en gabardine et d'une jupe maxi chic en tulle. Le corsage pr\u00e8s du corps souligne la silhouette et pr\u00e9sente un d\u00e9collet\u00e9 en V profond, des manches longues et une fermeture \u00e0 glissi\u00e8re dans le dos. La jupe ample et volumineuse avec jupe midi devient la pi\u00e8ce ma\u00eetresse de l'ensemble.","og_url":"https:\/\/www.koonings.com\/fr\/product\/milla-nova-bestia\/","og_site_name":"Koonings","article_publisher":"https:\/\/www.facebook.com\/kooningstheweddingpalace","og_image":[{"width":1810,"height":2560,"url":"https:\/\/www.koonings.com\/wp-content\/uploads\/2024\/11\/40675_4ce3425723b308a07e4c38c0f3076fd823b56bd88377ed416b2479e79a998d7d3af66152-scaled.jpeg","type":"image\/jpeg"}],"twitter_card":"summary_large_image","schema":{"@context":"https:\/\/schema.org","@graph":[{"@type":"WebPage","@id":"https:\/\/www.koonings.com\/fr\/product\/milla-nova-bestia\/","url":"https:\/\/www.koonings.com\/fr\/product\/milla-nova-bestia\/","name":"Milla Nova Bestia | Koonings","isPartOf":{"@id":"https:\/\/www.koonings.com\/fr\/#website"},"primaryImageOfPage":{"@id":"https:\/\/www.koonings.com\/fr\/product\/milla-nova-bestia\/#primaryimage"},"image":{"@id":"https:\/\/www.koonings.com\/fr\/product\/milla-nova-bestia\/#primaryimage"},"thumbnailUrl":"https:\/\/www.koonings.com\/wp-content\/uploads\/2024\/11\/40675_4ce3425723b308a07e4c38c0f3076fd823b56bd88377ed416b2479e79a998d7d3af66152-scaled.jpeg","datePublished":"2026-04-21T16:22:05+00:00","description":"Combinaison intemporelle d'un corsage \u00e0 manches longues en gabardine et d'une jupe maxi chic en tulle. Le corsage pr\u00e8s du corps souligne la silhouette et pr\u00e9sente un d\u00e9collet\u00e9 en V profond, des manches longues et une fermeture \u00e0 glissi\u00e8re dans le dos. La jupe ample et volumineuse avec jupe midi devient la pi\u00e8ce ma\u00eetresse de l'ensemble.","breadcrumb":{"@id":"https:\/\/www.koonings.com\/fr\/product\/milla-nova-bestia\/#breadcrumb"},"inLanguage":"fr-FR","potentialAction":[{"@type":"ReadAction","target":["https:\/\/www.koonings.com\/fr\/product\/milla-nova-bestia\/"]}]},{"@type":"ImageObject","inLanguage":"fr-FR","@id":"https:\/\/www.koonings.com\/fr\/product\/milla-nova-bestia\/#primaryimage","url":"https:\/\/www.koonings.com\/wp-content\/uploads\/2024\/11\/40675_4ce3425723b308a07e4c38c0f3076fd823b56bd88377ed416b2479e79a998d7d3af66152-scaled.jpeg","contentUrl":"https:\/\/www.koonings.com\/wp-content\/uploads\/2024\/11\/40675_4ce3425723b308a07e4c38c0f3076fd823b56bd88377ed416b2479e79a998d7d3af66152-scaled.jpeg","width":1810,"height":2560},{"@type":"BreadcrumbList","@id":"https:\/\/www.koonings.com\/fr\/product\/milla-nova-bestia\/#breadcrumb","itemListElement":[{"@type":"ListItem","position":1,"name":"Home","item":"https:\/\/www.koonings.com\/fr\/"},{"@type":"ListItem","position":2,"name":"Milla Nova Bestia"}]},{"@type":"WebSite","@id":"https:\/\/www.koonings.com\/fr\/#website","url":"https:\/\/www.koonings.com\/fr\/","name":"Koonings","description":"De grootste bruidsmodewinkel ter wereld","publisher":{"@id":"https:\/\/www.koonings.com\/fr\/#organization"},"potentialAction":[{"@type":"SearchAction","target":{"@type":"EntryPoint","urlTemplate":"https:\/\/www.koonings.com\/fr\/?s={search_term_string}"},"query-input":{"@type":"PropertyValueSpecification","valueRequired":true,"valueName":"search_term_string"}}],"inLanguage":"fr-FR"},{"@type":"Organization","@id":"https:\/\/www.koonings.com\/fr\/#organization","name":"Koonings","url":"https:\/\/www.koonings.com\/fr\/","logo":{"@type":"ImageObject","inLanguage":"fr-FR","@id":"https:\/\/www.koonings.com\/fr\/#\/schema\/logo\/image\/","url":"https:\/\/www.koonings.com\/wp-content\/uploads\/2024\/07\/logo.png","contentUrl":"https:\/\/www.koonings.com\/wp-content\/uploads\/2024\/07\/logo.png","width":600,"height":428,"caption":"Koonings"},"image":{"@id":"https:\/\/www.koonings.com\/fr\/#\/schema\/logo\/image\/"},"sameAs":["https:\/\/www.facebook.com\/kooningstheweddingpalace","https:\/\/www.instagram.com\/kooningstheweddingpalace","https:\/\/www.pinterest.com\/koonings","https:\/\/www.youtube.com\/kooningstheweddingpalace"]}]}},"_links":{"self":[{"href":"https:\/\/www.koonings.com\/fr\/wp-json\/wp\/v2\/product\/79252","targetHints":{"allow":["GET"]}}],"collection":[{"href":"https:\/\/www.koonings.com\/fr\/wp-json\/wp\/v2\/product"}],"about":[{"href":"https:\/\/www.koonings.com\/fr\/wp-json\/wp\/v2\/types\/product"}],"wp:featuredmedia":[{"embeddable":true,"href":"https:\/\/www.koonings.com\/fr\/wp-json\/wp\/v2\/media\/70849"}],"wp:attachment":[{"href":"https:\/\/www.koonings.com\/fr\/wp-json\/wp\/v2\/media?parent=79252"}],"wp:term":[{"taxonomy":"productdetails","embeddable":true,"href":"https:\/\/www.koonings.com\/fr\/wp-json\/wp\/v2\/productdetails?post=79252"},{"taxonomy":"productneck","embeddable":true,"href":"https:\/\/www.koonings.com\/fr\/wp-json\/wp\/v2\/productneck?post=79252"},{"taxonomy":"productcolor","embeddable":true,"href":"https:\/\/www.koonings.com\/fr\/wp-json\/wp\/v2\/productcolor?post=79252"},{"taxonomy":"maat","embeddable":true,"href":"https:\/\/www.koonings.com\/fr\/wp-json\/wp\/v2\/maat?post=79252"},{"taxonomy":"productsupplier","embeddable":true,"href":"https:\/\/www.koonings.com\/fr\/wp-json\/wp\/v2\/productsupplier?post=79252"},{"taxonomy":"productsleeve","embeddable":true,"href":"https:\/\/www.koonings.com\/fr\/wp-json\/wp\/v2\/productsleeve?post=79252"},{"taxonomy":"productcategory","embeddable":true,"href":"https:\/\/www.koonings.com\/fr\/wp-json\/wp\/v2\/productcategory?post=79252"},{"taxonomy":"productsilhouette","embeddable":true,"href":"https:\/\/www.koonings.com\/fr\/wp-json\/wp\/v2\/productsilhouette?post=79252"},{"taxonomy":"productstyle","embeddable":true,"href":"https:\/\/www.koonings.com\/fr\/wp-json\/wp\/v2\/productstyle?post=79252"}],"curies":[{"name":"wp","href":"https:\/\/api.w.org\/{rel}","templated":true}]}}