{"id":79244,"date":"2026-04-28T18:28:34","date_gmt":"2026-04-28T16:28:34","guid":{"rendered":"https:\/\/www.koonings.com\/product\/fashion-queen-miss-beautiful-bride-mgb180\/"},"modified":"2025-06-05T13:38:15","modified_gmt":"2025-06-05T11:38:15","slug":"fashion-queen-miss-beautiful-bride-mgb180","status":"publish","type":"product","link":"https:\/\/www.koonings.com\/fr\/product\/fashion-queen-miss-beautiful-bride-mgb180\/","title":{"rendered":"Fashion Queen Miss Beautiful Bride MGB180"},"content":{"rendered":"<p>La robe de mari\u00e9e MGB180 est une robe en tulle souple avec de longues manches en tulle. Le haut est brod\u00e9 d&#8217;\u00e9l\u00e9ments de dentelle plus grands et pr\u00e9sente un d\u00e9collet\u00e9 en V profond et un dos bas. <\/p>\n","protected":false},"featured_media":66960,"template":"","meta":{"_acf_changed":false,"ghostkit_customizer_options":"","ghostkit_custom_css":"","ghostkit_custom_js_head":"","ghostkit_custom_js_foot":"","ghostkit_typography":""},"productdetails":[381],"productneck":[356],"productcolor":[392],"maat":[],"productsupplier":[480],"productsleeve":[359],"productcategory":[18],"productsilhouette":[389],"productstyle":[364,371],"class_list":["post-79244","product","type-product","status-publish","has-post-thumbnail","hentry","productdetails-381","productneck-356","productcolor-392","productsupplier-fashion-queen","productsleeve-359","productcategory-trouwjurken","productsilhouette-389","productstyle-364","productstyle-371"],"acf":[],"yoast_head":"<!-- This site is optimized with the Yoast SEO plugin v27.3 - https:\/\/yoast.com\/product\/yoast-seo-wordpress\/ -->\n<title>Fashion Queen Miss Beautiful Bride MGB180 | Koonings<\/title>\n<meta name=\"description\" content=\"La robe de mari\u00e9e MGB180 est une robe en tulle souple avec de longues manches en tulle. Le haut est brod\u00e9 d&#039;\u00e9l\u00e9ments de dentelle plus grands et pr\u00e9sente un d\u00e9collet\u00e9 en V profond et un dos bas.\" \/>\n<meta name=\"robots\" content=\"index, follow, max-snippet:-1, max-image-preview:large, max-video-preview:-1\" \/>\n<link rel=\"canonical\" href=\"https:\/\/www.koonings.com\/fr\/product\/fashion-queen-miss-beautiful-bride-mgb180\/\" \/>\n<meta property=\"og:locale\" content=\"fr_FR\" \/>\n<meta property=\"og:type\" content=\"article\" \/>\n<meta property=\"og:title\" content=\"Fashion Queen Miss Beautiful Bride MGB180 | Koonings\" \/>\n<meta property=\"og:description\" content=\"La robe de mari\u00e9e MGB180 est une robe en tulle souple avec de longues manches en tulle. Le haut est brod\u00e9 d&#039;\u00e9l\u00e9ments de dentelle plus grands et pr\u00e9sente un d\u00e9collet\u00e9 en V profond et un dos bas.\" \/>\n<meta property=\"og:url\" content=\"https:\/\/www.koonings.com\/fr\/product\/fashion-queen-miss-beautiful-bride-mgb180\/\" \/>\n<meta property=\"og:site_name\" content=\"Koonings\" \/>\n<meta property=\"article:publisher\" content=\"https:\/\/www.facebook.com\/kooningstheweddingpalace\" \/>\n<meta property=\"og:image\" content=\"https:\/\/www.koonings.com\/wp-content\/uploads\/2024\/11\/49171_07e156a92b33a3f1167adbab2d67770599e0ebe6000ca932827a2b227b0e1ae93095d53c.jpeg\" \/>\n\t<meta property=\"og:image:width\" content=\"1220\" \/>\n\t<meta property=\"og:image:height\" content=\"1770\" \/>\n\t<meta property=\"og:image:type\" content=\"image\/jpeg\" \/>\n<meta name=\"twitter:card\" content=\"summary_large_image\" \/>\n<script type=\"application\/ld+json\" class=\"yoast-schema-graph\">{\"@context\":\"https:\\\/\\\/schema.org\",\"@graph\":[{\"@type\":\"WebPage\",\"@id\":\"https:\\\/\\\/www.koonings.com\\\/fr\\\/product\\\/fashion-queen-miss-beautiful-bride-mgb180\\\/\",\"url\":\"https:\\\/\\\/www.koonings.com\\\/fr\\\/product\\\/fashion-queen-miss-beautiful-bride-mgb180\\\/\",\"name\":\"Fashion Queen Miss Beautiful Bride MGB180 | Koonings\",\"isPartOf\":{\"@id\":\"https:\\\/\\\/www.koonings.com\\\/fr\\\/#website\"},\"primaryImageOfPage\":{\"@id\":\"https:\\\/\\\/www.koonings.com\\\/fr\\\/product\\\/fashion-queen-miss-beautiful-bride-mgb180\\\/#primaryimage\"},\"image\":{\"@id\":\"https:\\\/\\\/www.koonings.com\\\/fr\\\/product\\\/fashion-queen-miss-beautiful-bride-mgb180\\\/#primaryimage\"},\"thumbnailUrl\":\"https:\\\/\\\/www.koonings.com\\\/wp-content\\\/uploads\\\/2024\\\/11\\\/49171_07e156a92b33a3f1167adbab2d67770599e0ebe6000ca932827a2b227b0e1ae93095d53c.jpeg\",\"datePublished\":\"2026-04-28T16:28:34+00:00\",\"description\":\"La robe de mari\u00e9e MGB180 est une robe en tulle souple avec de longues manches en tulle. Le haut est brod\u00e9 d'\u00e9l\u00e9ments de dentelle plus grands et pr\u00e9sente un d\u00e9collet\u00e9 en V profond et un dos bas.\",\"breadcrumb\":{\"@id\":\"https:\\\/\\\/www.koonings.com\\\/fr\\\/product\\\/fashion-queen-miss-beautiful-bride-mgb180\\\/#breadcrumb\"},\"inLanguage\":\"fr-FR\",\"potentialAction\":[{\"@type\":\"ReadAction\",\"target\":[\"https:\\\/\\\/www.koonings.com\\\/fr\\\/product\\\/fashion-queen-miss-beautiful-bride-mgb180\\\/\"]}]},{\"@type\":\"ImageObject\",\"inLanguage\":\"fr-FR\",\"@id\":\"https:\\\/\\\/www.koonings.com\\\/fr\\\/product\\\/fashion-queen-miss-beautiful-bride-mgb180\\\/#primaryimage\",\"url\":\"https:\\\/\\\/www.koonings.com\\\/wp-content\\\/uploads\\\/2024\\\/11\\\/49171_07e156a92b33a3f1167adbab2d67770599e0ebe6000ca932827a2b227b0e1ae93095d53c.jpeg\",\"contentUrl\":\"https:\\\/\\\/www.koonings.com\\\/wp-content\\\/uploads\\\/2024\\\/11\\\/49171_07e156a92b33a3f1167adbab2d67770599e0ebe6000ca932827a2b227b0e1ae93095d53c.jpeg\",\"width\":1220,\"height\":1770},{\"@type\":\"BreadcrumbList\",\"@id\":\"https:\\\/\\\/www.koonings.com\\\/fr\\\/product\\\/fashion-queen-miss-beautiful-bride-mgb180\\\/#breadcrumb\",\"itemListElement\":[{\"@type\":\"ListItem\",\"position\":1,\"name\":\"Home\",\"item\":\"https:\\\/\\\/www.koonings.com\\\/fr\\\/\"},{\"@type\":\"ListItem\",\"position\":2,\"name\":\"Fashion Queen Miss Beautiful Bride MGB180\"}]},{\"@type\":\"WebSite\",\"@id\":\"https:\\\/\\\/www.koonings.com\\\/fr\\\/#website\",\"url\":\"https:\\\/\\\/www.koonings.com\\\/fr\\\/\",\"name\":\"Koonings\",\"description\":\"De grootste bruidsmodewinkel ter wereld\",\"publisher\":{\"@id\":\"https:\\\/\\\/www.koonings.com\\\/fr\\\/#organization\"},\"potentialAction\":[{\"@type\":\"SearchAction\",\"target\":{\"@type\":\"EntryPoint\",\"urlTemplate\":\"https:\\\/\\\/www.koonings.com\\\/fr\\\/?s={search_term_string}\"},\"query-input\":{\"@type\":\"PropertyValueSpecification\",\"valueRequired\":true,\"valueName\":\"search_term_string\"}}],\"inLanguage\":\"fr-FR\"},{\"@type\":\"Organization\",\"@id\":\"https:\\\/\\\/www.koonings.com\\\/fr\\\/#organization\",\"name\":\"Koonings\",\"url\":\"https:\\\/\\\/www.koonings.com\\\/fr\\\/\",\"logo\":{\"@type\":\"ImageObject\",\"inLanguage\":\"fr-FR\",\"@id\":\"https:\\\/\\\/www.koonings.com\\\/fr\\\/#\\\/schema\\\/logo\\\/image\\\/\",\"url\":\"https:\\\/\\\/www.koonings.com\\\/wp-content\\\/uploads\\\/2024\\\/07\\\/logo.png\",\"contentUrl\":\"https:\\\/\\\/www.koonings.com\\\/wp-content\\\/uploads\\\/2024\\\/07\\\/logo.png\",\"width\":600,\"height\":428,\"caption\":\"Koonings\"},\"image\":{\"@id\":\"https:\\\/\\\/www.koonings.com\\\/fr\\\/#\\\/schema\\\/logo\\\/image\\\/\"},\"sameAs\":[\"https:\\\/\\\/www.facebook.com\\\/kooningstheweddingpalace\",\"https:\\\/\\\/www.instagram.com\\\/kooningstheweddingpalace\",\"https:\\\/\\\/www.pinterest.com\\\/koonings\",\"https:\\\/\\\/www.youtube.com\\\/kooningstheweddingpalace\"]}]}<\/script>\n<!-- \/ Yoast SEO plugin. -->","yoast_head_json":{"title":"Fashion Queen Miss Beautiful Bride MGB180 | Koonings","description":"La robe de mari\u00e9e MGB180 est une robe en tulle souple avec de longues manches en tulle. Le haut est brod\u00e9 d'\u00e9l\u00e9ments de dentelle plus grands et pr\u00e9sente un d\u00e9collet\u00e9 en V profond et un dos bas.","robots":{"index":"index","follow":"follow","max-snippet":"max-snippet:-1","max-image-preview":"max-image-preview:large","max-video-preview":"max-video-preview:-1"},"canonical":"https:\/\/www.koonings.com\/fr\/product\/fashion-queen-miss-beautiful-bride-mgb180\/","og_locale":"fr_FR","og_type":"article","og_title":"Fashion Queen Miss Beautiful Bride MGB180 | Koonings","og_description":"La robe de mari\u00e9e MGB180 est une robe en tulle souple avec de longues manches en tulle. Le haut est brod\u00e9 d'\u00e9l\u00e9ments de dentelle plus grands et pr\u00e9sente un d\u00e9collet\u00e9 en V profond et un dos bas.","og_url":"https:\/\/www.koonings.com\/fr\/product\/fashion-queen-miss-beautiful-bride-mgb180\/","og_site_name":"Koonings","article_publisher":"https:\/\/www.facebook.com\/kooningstheweddingpalace","og_image":[{"width":1220,"height":1770,"url":"https:\/\/www.koonings.com\/wp-content\/uploads\/2024\/11\/49171_07e156a92b33a3f1167adbab2d67770599e0ebe6000ca932827a2b227b0e1ae93095d53c.jpeg","type":"image\/jpeg"}],"twitter_card":"summary_large_image","schema":{"@context":"https:\/\/schema.org","@graph":[{"@type":"WebPage","@id":"https:\/\/www.koonings.com\/fr\/product\/fashion-queen-miss-beautiful-bride-mgb180\/","url":"https:\/\/www.koonings.com\/fr\/product\/fashion-queen-miss-beautiful-bride-mgb180\/","name":"Fashion Queen Miss Beautiful Bride MGB180 | Koonings","isPartOf":{"@id":"https:\/\/www.koonings.com\/fr\/#website"},"primaryImageOfPage":{"@id":"https:\/\/www.koonings.com\/fr\/product\/fashion-queen-miss-beautiful-bride-mgb180\/#primaryimage"},"image":{"@id":"https:\/\/www.koonings.com\/fr\/product\/fashion-queen-miss-beautiful-bride-mgb180\/#primaryimage"},"thumbnailUrl":"https:\/\/www.koonings.com\/wp-content\/uploads\/2024\/11\/49171_07e156a92b33a3f1167adbab2d67770599e0ebe6000ca932827a2b227b0e1ae93095d53c.jpeg","datePublished":"2026-04-28T16:28:34+00:00","description":"La robe de mari\u00e9e MGB180 est une robe en tulle souple avec de longues manches en tulle. Le haut est brod\u00e9 d'\u00e9l\u00e9ments de dentelle plus grands et pr\u00e9sente un d\u00e9collet\u00e9 en V profond et un dos bas.","breadcrumb":{"@id":"https:\/\/www.koonings.com\/fr\/product\/fashion-queen-miss-beautiful-bride-mgb180\/#breadcrumb"},"inLanguage":"fr-FR","potentialAction":[{"@type":"ReadAction","target":["https:\/\/www.koonings.com\/fr\/product\/fashion-queen-miss-beautiful-bride-mgb180\/"]}]},{"@type":"ImageObject","inLanguage":"fr-FR","@id":"https:\/\/www.koonings.com\/fr\/product\/fashion-queen-miss-beautiful-bride-mgb180\/#primaryimage","url":"https:\/\/www.koonings.com\/wp-content\/uploads\/2024\/11\/49171_07e156a92b33a3f1167adbab2d67770599e0ebe6000ca932827a2b227b0e1ae93095d53c.jpeg","contentUrl":"https:\/\/www.koonings.com\/wp-content\/uploads\/2024\/11\/49171_07e156a92b33a3f1167adbab2d67770599e0ebe6000ca932827a2b227b0e1ae93095d53c.jpeg","width":1220,"height":1770},{"@type":"BreadcrumbList","@id":"https:\/\/www.koonings.com\/fr\/product\/fashion-queen-miss-beautiful-bride-mgb180\/#breadcrumb","itemListElement":[{"@type":"ListItem","position":1,"name":"Home","item":"https:\/\/www.koonings.com\/fr\/"},{"@type":"ListItem","position":2,"name":"Fashion Queen Miss Beautiful Bride MGB180"}]},{"@type":"WebSite","@id":"https:\/\/www.koonings.com\/fr\/#website","url":"https:\/\/www.koonings.com\/fr\/","name":"Koonings","description":"De grootste bruidsmodewinkel ter wereld","publisher":{"@id":"https:\/\/www.koonings.com\/fr\/#organization"},"potentialAction":[{"@type":"SearchAction","target":{"@type":"EntryPoint","urlTemplate":"https:\/\/www.koonings.com\/fr\/?s={search_term_string}"},"query-input":{"@type":"PropertyValueSpecification","valueRequired":true,"valueName":"search_term_string"}}],"inLanguage":"fr-FR"},{"@type":"Organization","@id":"https:\/\/www.koonings.com\/fr\/#organization","name":"Koonings","url":"https:\/\/www.koonings.com\/fr\/","logo":{"@type":"ImageObject","inLanguage":"fr-FR","@id":"https:\/\/www.koonings.com\/fr\/#\/schema\/logo\/image\/","url":"https:\/\/www.koonings.com\/wp-content\/uploads\/2024\/07\/logo.png","contentUrl":"https:\/\/www.koonings.com\/wp-content\/uploads\/2024\/07\/logo.png","width":600,"height":428,"caption":"Koonings"},"image":{"@id":"https:\/\/www.koonings.com\/fr\/#\/schema\/logo\/image\/"},"sameAs":["https:\/\/www.facebook.com\/kooningstheweddingpalace","https:\/\/www.instagram.com\/kooningstheweddingpalace","https:\/\/www.pinterest.com\/koonings","https:\/\/www.youtube.com\/kooningstheweddingpalace"]}]}},"_links":{"self":[{"href":"https:\/\/www.koonings.com\/fr\/wp-json\/wp\/v2\/product\/79244","targetHints":{"allow":["GET"]}}],"collection":[{"href":"https:\/\/www.koonings.com\/fr\/wp-json\/wp\/v2\/product"}],"about":[{"href":"https:\/\/www.koonings.com\/fr\/wp-json\/wp\/v2\/types\/product"}],"wp:featuredmedia":[{"embeddable":true,"href":"https:\/\/www.koonings.com\/fr\/wp-json\/wp\/v2\/media\/66960"}],"wp:attachment":[{"href":"https:\/\/www.koonings.com\/fr\/wp-json\/wp\/v2\/media?parent=79244"}],"wp:term":[{"taxonomy":"productdetails","embeddable":true,"href":"https:\/\/www.koonings.com\/fr\/wp-json\/wp\/v2\/productdetails?post=79244"},{"taxonomy":"productneck","embeddable":true,"href":"https:\/\/www.koonings.com\/fr\/wp-json\/wp\/v2\/productneck?post=79244"},{"taxonomy":"productcolor","embeddable":true,"href":"https:\/\/www.koonings.com\/fr\/wp-json\/wp\/v2\/productcolor?post=79244"},{"taxonomy":"maat","embeddable":true,"href":"https:\/\/www.koonings.com\/fr\/wp-json\/wp\/v2\/maat?post=79244"},{"taxonomy":"productsupplier","embeddable":true,"href":"https:\/\/www.koonings.com\/fr\/wp-json\/wp\/v2\/productsupplier?post=79244"},{"taxonomy":"productsleeve","embeddable":true,"href":"https:\/\/www.koonings.com\/fr\/wp-json\/wp\/v2\/productsleeve?post=79244"},{"taxonomy":"productcategory","embeddable":true,"href":"https:\/\/www.koonings.com\/fr\/wp-json\/wp\/v2\/productcategory?post=79244"},{"taxonomy":"productsilhouette","embeddable":true,"href":"https:\/\/www.koonings.com\/fr\/wp-json\/wp\/v2\/productsilhouette?post=79244"},{"taxonomy":"productstyle","embeddable":true,"href":"https:\/\/www.koonings.com\/fr\/wp-json\/wp\/v2\/productstyle?post=79244"}],"curies":[{"name":"wp","href":"https:\/\/api.w.org\/{rel}","templated":true}]}}