{"id":79226,"date":"2026-04-28T18:18:41","date_gmt":"2026-04-28T16:18:41","guid":{"rendered":"https:\/\/www.koonings.com\/product\/martha-blanc-faison\/"},"modified":"2025-06-05T13:38:21","modified_gmt":"2025-06-05T11:38:21","slug":"martha-blanc-faison","status":"publish","type":"product","link":"https:\/\/www.koonings.com\/fr\/product\/martha-blanc-faison\/","title":{"rendered":"Martha Blanc Faison"},"content":{"rendered":"<p>Faison est une robe de mari\u00e9e de style sir\u00e8ne en cr\u00eape. Le corsage pr\u00e9sente une encolure d\u00e9collet\u00e9e. Le tissu du corsage est magnifiquement drap\u00e9 et le drap\u00e9 se poursuit dans la partie sup\u00e9rieure de la jupe. La jupe est fendue sur le devant et comporte une magnifique tra\u00eene. D\u00e9couvrez la collection sur le site de Koonings The Wedding Palace.    <\/p>\n","protected":false},"featured_media":67044,"template":"","meta":{"_acf_changed":false,"ghostkit_customizer_options":"","ghostkit_custom_css":"","ghostkit_custom_js_head":"","ghostkit_custom_js_foot":"","ghostkit_typography":""},"productdetails":[378],"productneck":[352],"productcolor":[392],"maat":[375],"productsupplier":[482],"productsleeve":[363],"productcategory":[18],"productsilhouette":[387],"productstyle":[369],"class_list":["post-79226","product","type-product","status-publish","has-post-thumbnail","hentry","productdetails-378","productneck-352","productcolor-392","maat-375","productsupplier-martha-blanc","productsleeve-363","productcategory-trouwjurken","productsilhouette-387","productstyle-369"],"acf":[],"yoast_head":"<!-- This site is optimized with the Yoast SEO plugin v27.3 - https:\/\/yoast.com\/product\/yoast-seo-wordpress\/ -->\n<title>Martha Blanc Faison | Koonings<\/title>\n<meta name=\"description\" content=\"Faison est une robe de mari\u00e9e de style sir\u00e8ne en cr\u00eape. Le corsage pr\u00e9sente une encolure d\u00e9collet\u00e9e. Le tissu du corsage est magnifiquement drap\u00e9 et le drap\u00e9 se poursuit dans la partie sup\u00e9rieure de la jupe. La jupe est fendue sur le devant et comporte une magnifique tra\u00eene. D\u00e9couvrez la collection sur le site de Koonings The Wedding Palace.\" \/>\n<meta name=\"robots\" content=\"index, follow, max-snippet:-1, max-image-preview:large, max-video-preview:-1\" \/>\n<link rel=\"canonical\" href=\"https:\/\/www.koonings.com\/fr\/product\/martha-blanc-faison\/\" \/>\n<meta property=\"og:locale\" content=\"fr_FR\" \/>\n<meta property=\"og:type\" content=\"article\" \/>\n<meta property=\"og:title\" content=\"Martha Blanc Faison | Koonings\" \/>\n<meta property=\"og:description\" content=\"Faison est une robe de mari\u00e9e de style sir\u00e8ne en cr\u00eape. Le corsage pr\u00e9sente une encolure d\u00e9collet\u00e9e. Le tissu du corsage est magnifiquement drap\u00e9 et le drap\u00e9 se poursuit dans la partie sup\u00e9rieure de la jupe. La jupe est fendue sur le devant et comporte une magnifique tra\u00eene. D\u00e9couvrez la collection sur le site de Koonings The Wedding Palace.\" \/>\n<meta property=\"og:url\" content=\"https:\/\/www.koonings.com\/fr\/product\/martha-blanc-faison\/\" \/>\n<meta property=\"og:site_name\" content=\"Koonings\" \/>\n<meta property=\"article:publisher\" content=\"https:\/\/www.facebook.com\/kooningstheweddingpalace\" \/>\n<meta property=\"og:image\" content=\"https:\/\/www.koonings.com\/wp-content\/uploads\/2024\/11\/40531_e30f400a8729b773d2dce36a05828aaf109c6a2f3cb20129c46cc6f3131b40ab35ce7fd7.jpeg\" \/>\n\t<meta property=\"og:image:width\" content=\"1209\" \/>\n\t<meta property=\"og:image:height\" content=\"1712\" \/>\n\t<meta property=\"og:image:type\" content=\"image\/jpeg\" \/>\n<meta name=\"twitter:card\" content=\"summary_large_image\" \/>\n<script type=\"application\/ld+json\" class=\"yoast-schema-graph\">{\"@context\":\"https:\\\/\\\/schema.org\",\"@graph\":[{\"@type\":\"WebPage\",\"@id\":\"https:\\\/\\\/www.koonings.com\\\/fr\\\/product\\\/martha-blanc-faison\\\/\",\"url\":\"https:\\\/\\\/www.koonings.com\\\/fr\\\/product\\\/martha-blanc-faison\\\/\",\"name\":\"Martha Blanc Faison | Koonings\",\"isPartOf\":{\"@id\":\"https:\\\/\\\/www.koonings.com\\\/fr\\\/#website\"},\"primaryImageOfPage\":{\"@id\":\"https:\\\/\\\/www.koonings.com\\\/fr\\\/product\\\/martha-blanc-faison\\\/#primaryimage\"},\"image\":{\"@id\":\"https:\\\/\\\/www.koonings.com\\\/fr\\\/product\\\/martha-blanc-faison\\\/#primaryimage\"},\"thumbnailUrl\":\"https:\\\/\\\/www.koonings.com\\\/wp-content\\\/uploads\\\/2024\\\/11\\\/40531_e30f400a8729b773d2dce36a05828aaf109c6a2f3cb20129c46cc6f3131b40ab35ce7fd7.jpeg\",\"datePublished\":\"2026-04-28T16:18:41+00:00\",\"description\":\"Faison est une robe de mari\u00e9e de style sir\u00e8ne en cr\u00eape. Le corsage pr\u00e9sente une encolure d\u00e9collet\u00e9e. Le tissu du corsage est magnifiquement drap\u00e9 et le drap\u00e9 se poursuit dans la partie sup\u00e9rieure de la jupe. La jupe est fendue sur le devant et comporte une magnifique tra\u00eene. D\u00e9couvrez la collection sur le site de Koonings The Wedding Palace.\",\"breadcrumb\":{\"@id\":\"https:\\\/\\\/www.koonings.com\\\/fr\\\/product\\\/martha-blanc-faison\\\/#breadcrumb\"},\"inLanguage\":\"fr-FR\",\"potentialAction\":[{\"@type\":\"ReadAction\",\"target\":[\"https:\\\/\\\/www.koonings.com\\\/fr\\\/product\\\/martha-blanc-faison\\\/\"]}]},{\"@type\":\"ImageObject\",\"inLanguage\":\"fr-FR\",\"@id\":\"https:\\\/\\\/www.koonings.com\\\/fr\\\/product\\\/martha-blanc-faison\\\/#primaryimage\",\"url\":\"https:\\\/\\\/www.koonings.com\\\/wp-content\\\/uploads\\\/2024\\\/11\\\/40531_e30f400a8729b773d2dce36a05828aaf109c6a2f3cb20129c46cc6f3131b40ab35ce7fd7.jpeg\",\"contentUrl\":\"https:\\\/\\\/www.koonings.com\\\/wp-content\\\/uploads\\\/2024\\\/11\\\/40531_e30f400a8729b773d2dce36a05828aaf109c6a2f3cb20129c46cc6f3131b40ab35ce7fd7.jpeg\",\"width\":1209,\"height\":1712},{\"@type\":\"BreadcrumbList\",\"@id\":\"https:\\\/\\\/www.koonings.com\\\/fr\\\/product\\\/martha-blanc-faison\\\/#breadcrumb\",\"itemListElement\":[{\"@type\":\"ListItem\",\"position\":1,\"name\":\"Home\",\"item\":\"https:\\\/\\\/www.koonings.com\\\/fr\\\/\"},{\"@type\":\"ListItem\",\"position\":2,\"name\":\"Martha Blanc Faison\"}]},{\"@type\":\"WebSite\",\"@id\":\"https:\\\/\\\/www.koonings.com\\\/fr\\\/#website\",\"url\":\"https:\\\/\\\/www.koonings.com\\\/fr\\\/\",\"name\":\"Koonings\",\"description\":\"De grootste bruidsmodewinkel ter wereld\",\"publisher\":{\"@id\":\"https:\\\/\\\/www.koonings.com\\\/fr\\\/#organization\"},\"potentialAction\":[{\"@type\":\"SearchAction\",\"target\":{\"@type\":\"EntryPoint\",\"urlTemplate\":\"https:\\\/\\\/www.koonings.com\\\/fr\\\/?s={search_term_string}\"},\"query-input\":{\"@type\":\"PropertyValueSpecification\",\"valueRequired\":true,\"valueName\":\"search_term_string\"}}],\"inLanguage\":\"fr-FR\"},{\"@type\":\"Organization\",\"@id\":\"https:\\\/\\\/www.koonings.com\\\/fr\\\/#organization\",\"name\":\"Koonings\",\"url\":\"https:\\\/\\\/www.koonings.com\\\/fr\\\/\",\"logo\":{\"@type\":\"ImageObject\",\"inLanguage\":\"fr-FR\",\"@id\":\"https:\\\/\\\/www.koonings.com\\\/fr\\\/#\\\/schema\\\/logo\\\/image\\\/\",\"url\":\"https:\\\/\\\/www.koonings.com\\\/wp-content\\\/uploads\\\/2024\\\/07\\\/logo.png\",\"contentUrl\":\"https:\\\/\\\/www.koonings.com\\\/wp-content\\\/uploads\\\/2024\\\/07\\\/logo.png\",\"width\":600,\"height\":428,\"caption\":\"Koonings\"},\"image\":{\"@id\":\"https:\\\/\\\/www.koonings.com\\\/fr\\\/#\\\/schema\\\/logo\\\/image\\\/\"},\"sameAs\":[\"https:\\\/\\\/www.facebook.com\\\/kooningstheweddingpalace\",\"https:\\\/\\\/www.instagram.com\\\/kooningstheweddingpalace\",\"https:\\\/\\\/www.pinterest.com\\\/koonings\",\"https:\\\/\\\/www.youtube.com\\\/kooningstheweddingpalace\"]}]}<\/script>\n<!-- \/ Yoast SEO plugin. -->","yoast_head_json":{"title":"Martha Blanc Faison | Koonings","description":"Faison est une robe de mari\u00e9e de style sir\u00e8ne en cr\u00eape. Le corsage pr\u00e9sente une encolure d\u00e9collet\u00e9e. Le tissu du corsage est magnifiquement drap\u00e9 et le drap\u00e9 se poursuit dans la partie sup\u00e9rieure de la jupe. La jupe est fendue sur le devant et comporte une magnifique tra\u00eene. D\u00e9couvrez la collection sur le site de Koonings The Wedding Palace.","robots":{"index":"index","follow":"follow","max-snippet":"max-snippet:-1","max-image-preview":"max-image-preview:large","max-video-preview":"max-video-preview:-1"},"canonical":"https:\/\/www.koonings.com\/fr\/product\/martha-blanc-faison\/","og_locale":"fr_FR","og_type":"article","og_title":"Martha Blanc Faison | Koonings","og_description":"Faison est une robe de mari\u00e9e de style sir\u00e8ne en cr\u00eape. Le corsage pr\u00e9sente une encolure d\u00e9collet\u00e9e. Le tissu du corsage est magnifiquement drap\u00e9 et le drap\u00e9 se poursuit dans la partie sup\u00e9rieure de la jupe. La jupe est fendue sur le devant et comporte une magnifique tra\u00eene. D\u00e9couvrez la collection sur le site de Koonings The Wedding Palace.","og_url":"https:\/\/www.koonings.com\/fr\/product\/martha-blanc-faison\/","og_site_name":"Koonings","article_publisher":"https:\/\/www.facebook.com\/kooningstheweddingpalace","og_image":[{"width":1209,"height":1712,"url":"https:\/\/www.koonings.com\/wp-content\/uploads\/2024\/11\/40531_e30f400a8729b773d2dce36a05828aaf109c6a2f3cb20129c46cc6f3131b40ab35ce7fd7.jpeg","type":"image\/jpeg"}],"twitter_card":"summary_large_image","schema":{"@context":"https:\/\/schema.org","@graph":[{"@type":"WebPage","@id":"https:\/\/www.koonings.com\/fr\/product\/martha-blanc-faison\/","url":"https:\/\/www.koonings.com\/fr\/product\/martha-blanc-faison\/","name":"Martha Blanc Faison | Koonings","isPartOf":{"@id":"https:\/\/www.koonings.com\/fr\/#website"},"primaryImageOfPage":{"@id":"https:\/\/www.koonings.com\/fr\/product\/martha-blanc-faison\/#primaryimage"},"image":{"@id":"https:\/\/www.koonings.com\/fr\/product\/martha-blanc-faison\/#primaryimage"},"thumbnailUrl":"https:\/\/www.koonings.com\/wp-content\/uploads\/2024\/11\/40531_e30f400a8729b773d2dce36a05828aaf109c6a2f3cb20129c46cc6f3131b40ab35ce7fd7.jpeg","datePublished":"2026-04-28T16:18:41+00:00","description":"Faison est une robe de mari\u00e9e de style sir\u00e8ne en cr\u00eape. Le corsage pr\u00e9sente une encolure d\u00e9collet\u00e9e. Le tissu du corsage est magnifiquement drap\u00e9 et le drap\u00e9 se poursuit dans la partie sup\u00e9rieure de la jupe. La jupe est fendue sur le devant et comporte une magnifique tra\u00eene. D\u00e9couvrez la collection sur le site de Koonings The Wedding Palace.","breadcrumb":{"@id":"https:\/\/www.koonings.com\/fr\/product\/martha-blanc-faison\/#breadcrumb"},"inLanguage":"fr-FR","potentialAction":[{"@type":"ReadAction","target":["https:\/\/www.koonings.com\/fr\/product\/martha-blanc-faison\/"]}]},{"@type":"ImageObject","inLanguage":"fr-FR","@id":"https:\/\/www.koonings.com\/fr\/product\/martha-blanc-faison\/#primaryimage","url":"https:\/\/www.koonings.com\/wp-content\/uploads\/2024\/11\/40531_e30f400a8729b773d2dce36a05828aaf109c6a2f3cb20129c46cc6f3131b40ab35ce7fd7.jpeg","contentUrl":"https:\/\/www.koonings.com\/wp-content\/uploads\/2024\/11\/40531_e30f400a8729b773d2dce36a05828aaf109c6a2f3cb20129c46cc6f3131b40ab35ce7fd7.jpeg","width":1209,"height":1712},{"@type":"BreadcrumbList","@id":"https:\/\/www.koonings.com\/fr\/product\/martha-blanc-faison\/#breadcrumb","itemListElement":[{"@type":"ListItem","position":1,"name":"Home","item":"https:\/\/www.koonings.com\/fr\/"},{"@type":"ListItem","position":2,"name":"Martha Blanc Faison"}]},{"@type":"WebSite","@id":"https:\/\/www.koonings.com\/fr\/#website","url":"https:\/\/www.koonings.com\/fr\/","name":"Koonings","description":"De grootste bruidsmodewinkel ter wereld","publisher":{"@id":"https:\/\/www.koonings.com\/fr\/#organization"},"potentialAction":[{"@type":"SearchAction","target":{"@type":"EntryPoint","urlTemplate":"https:\/\/www.koonings.com\/fr\/?s={search_term_string}"},"query-input":{"@type":"PropertyValueSpecification","valueRequired":true,"valueName":"search_term_string"}}],"inLanguage":"fr-FR"},{"@type":"Organization","@id":"https:\/\/www.koonings.com\/fr\/#organization","name":"Koonings","url":"https:\/\/www.koonings.com\/fr\/","logo":{"@type":"ImageObject","inLanguage":"fr-FR","@id":"https:\/\/www.koonings.com\/fr\/#\/schema\/logo\/image\/","url":"https:\/\/www.koonings.com\/wp-content\/uploads\/2024\/07\/logo.png","contentUrl":"https:\/\/www.koonings.com\/wp-content\/uploads\/2024\/07\/logo.png","width":600,"height":428,"caption":"Koonings"},"image":{"@id":"https:\/\/www.koonings.com\/fr\/#\/schema\/logo\/image\/"},"sameAs":["https:\/\/www.facebook.com\/kooningstheweddingpalace","https:\/\/www.instagram.com\/kooningstheweddingpalace","https:\/\/www.pinterest.com\/koonings","https:\/\/www.youtube.com\/kooningstheweddingpalace"]}]}},"_links":{"self":[{"href":"https:\/\/www.koonings.com\/fr\/wp-json\/wp\/v2\/product\/79226","targetHints":{"allow":["GET"]}}],"collection":[{"href":"https:\/\/www.koonings.com\/fr\/wp-json\/wp\/v2\/product"}],"about":[{"href":"https:\/\/www.koonings.com\/fr\/wp-json\/wp\/v2\/types\/product"}],"wp:featuredmedia":[{"embeddable":true,"href":"https:\/\/www.koonings.com\/fr\/wp-json\/wp\/v2\/media\/67044"}],"wp:attachment":[{"href":"https:\/\/www.koonings.com\/fr\/wp-json\/wp\/v2\/media?parent=79226"}],"wp:term":[{"taxonomy":"productdetails","embeddable":true,"href":"https:\/\/www.koonings.com\/fr\/wp-json\/wp\/v2\/productdetails?post=79226"},{"taxonomy":"productneck","embeddable":true,"href":"https:\/\/www.koonings.com\/fr\/wp-json\/wp\/v2\/productneck?post=79226"},{"taxonomy":"productcolor","embeddable":true,"href":"https:\/\/www.koonings.com\/fr\/wp-json\/wp\/v2\/productcolor?post=79226"},{"taxonomy":"maat","embeddable":true,"href":"https:\/\/www.koonings.com\/fr\/wp-json\/wp\/v2\/maat?post=79226"},{"taxonomy":"productsupplier","embeddable":true,"href":"https:\/\/www.koonings.com\/fr\/wp-json\/wp\/v2\/productsupplier?post=79226"},{"taxonomy":"productsleeve","embeddable":true,"href":"https:\/\/www.koonings.com\/fr\/wp-json\/wp\/v2\/productsleeve?post=79226"},{"taxonomy":"productcategory","embeddable":true,"href":"https:\/\/www.koonings.com\/fr\/wp-json\/wp\/v2\/productcategory?post=79226"},{"taxonomy":"productsilhouette","embeddable":true,"href":"https:\/\/www.koonings.com\/fr\/wp-json\/wp\/v2\/productsilhouette?post=79226"},{"taxonomy":"productstyle","embeddable":true,"href":"https:\/\/www.koonings.com\/fr\/wp-json\/wp\/v2\/productstyle?post=79226"}],"curies":[{"name":"wp","href":"https:\/\/api.w.org\/{rel}","templated":true}]}}