{"id":79178,"date":"2026-04-28T18:26:21","date_gmt":"2026-04-28T16:26:21","guid":{"rendered":"https:\/\/www.koonings.com\/product\/enzoani-pen-liv-cassandra\/"},"modified":"2025-06-05T13:39:06","modified_gmt":"2025-06-05T11:39:06","slug":"enzoani-pen-liv-cassandra","status":"publish","type":"product","link":"https:\/\/www.koonings.com\/fr\/product\/enzoani-pen-liv-cassandra\/","title":{"rendered":"Enzoani Pen-Liv Cassandra"},"content":{"rendered":"<p>CASSANDRA exsude une sophistication moderne avec sa silhouette de fourreau \u00e9troit, con\u00e7ue pour flatter la silhouette sans effort. Orn\u00e9e d&#8217;une dentelle florale en cr\u00eape brod\u00e9e en 3D, la robe pr\u00e9sente une esth\u00e9tique \u00e0 la fois d\u00e9licate et saisissante qui captive le regard. La doublure en tulle et mousseline de soie assure confort et libert\u00e9 de mouvement, permettant \u00e0 la mari\u00e9e de glisser gracieusement vers l&#8217;autel.  <\/p>\n","protected":false},"featured_media":67390,"template":"","meta":{"_acf_changed":false,"ghostkit_customizer_options":"","ghostkit_custom_css":"","ghostkit_custom_js_head":"","ghostkit_custom_js_foot":"","ghostkit_typography":""},"productdetails":[],"productneck":[354,355],"productcolor":[393,392],"maat":[],"productsupplier":[443],"productsleeve":[],"productcategory":[18],"productsilhouette":[387,390],"productstyle":[366],"class_list":["post-79178","product","type-product","status-publish","has-post-thumbnail","hentry","productneck-354","productneck-355","productcolor-393","productcolor-392","productsupplier-enzoani-pen-liv","productcategory-trouwjurken","productsilhouette-387","productsilhouette-390","productstyle-366"],"acf":[],"yoast_head":"<!-- This site is optimized with the Yoast SEO plugin v27.3 - https:\/\/yoast.com\/product\/yoast-seo-wordpress\/ -->\n<title>Enzoani Pen-Liv Cassandra | Koonings<\/title>\n<meta name=\"description\" content=\"CASSANDRA exsude une sophistication moderne avec sa silhouette de fourreau \u00e9troit, con\u00e7ue pour flatter la silhouette sans effort. Orn\u00e9e d&#039;une dentelle florale en cr\u00eape brod\u00e9e en 3D, la robe pr\u00e9sente une esth\u00e9tique \u00e0 la fois d\u00e9licate et saisissante qui captive le regard. La doublure en tulle et mousseline de soie assure confort et libert\u00e9 de mouvement, permettant \u00e0 la mari\u00e9e de glisser gracieusement vers l&#039;autel.\" \/>\n<meta name=\"robots\" content=\"index, follow, max-snippet:-1, max-image-preview:large, max-video-preview:-1\" \/>\n<link rel=\"canonical\" href=\"https:\/\/www.koonings.com\/fr\/product\/enzoani-pen-liv-cassandra\/\" \/>\n<meta property=\"og:locale\" content=\"fr_FR\" \/>\n<meta property=\"og:type\" content=\"article\" \/>\n<meta property=\"og:title\" content=\"Enzoani Pen-Liv Cassandra | Koonings\" \/>\n<meta property=\"og:description\" content=\"CASSANDRA exsude une sophistication moderne avec sa silhouette de fourreau \u00e9troit, con\u00e7ue pour flatter la silhouette sans effort. Orn\u00e9e d&#039;une dentelle florale en cr\u00eape brod\u00e9e en 3D, la robe pr\u00e9sente une esth\u00e9tique \u00e0 la fois d\u00e9licate et saisissante qui captive le regard. La doublure en tulle et mousseline de soie assure confort et libert\u00e9 de mouvement, permettant \u00e0 la mari\u00e9e de glisser gracieusement vers l&#039;autel.\" \/>\n<meta property=\"og:url\" content=\"https:\/\/www.koonings.com\/fr\/product\/enzoani-pen-liv-cassandra\/\" \/>\n<meta property=\"og:site_name\" content=\"Koonings\" \/>\n<meta property=\"article:publisher\" content=\"https:\/\/www.facebook.com\/kooningstheweddingpalace\" \/>\n<meta property=\"og:image\" content=\"https:\/\/www.koonings.com\/wp-content\/uploads\/2024\/11\/41167_a2b24ba3dd4322b1841601df900403c71369e1b386b00928f47aba65ceedabd6fa8a9a2d.jpeg\" \/>\n\t<meta property=\"og:image:width\" content=\"1035\" \/>\n\t<meta property=\"og:image:height\" content=\"1380\" \/>\n\t<meta property=\"og:image:type\" content=\"image\/jpeg\" \/>\n<meta name=\"twitter:card\" content=\"summary_large_image\" \/>\n<script type=\"application\/ld+json\" class=\"yoast-schema-graph\">{\"@context\":\"https:\\\/\\\/schema.org\",\"@graph\":[{\"@type\":\"WebPage\",\"@id\":\"https:\\\/\\\/www.koonings.com\\\/fr\\\/product\\\/enzoani-pen-liv-cassandra\\\/\",\"url\":\"https:\\\/\\\/www.koonings.com\\\/fr\\\/product\\\/enzoani-pen-liv-cassandra\\\/\",\"name\":\"Enzoani Pen-Liv Cassandra | Koonings\",\"isPartOf\":{\"@id\":\"https:\\\/\\\/www.koonings.com\\\/fr\\\/#website\"},\"primaryImageOfPage\":{\"@id\":\"https:\\\/\\\/www.koonings.com\\\/fr\\\/product\\\/enzoani-pen-liv-cassandra\\\/#primaryimage\"},\"image\":{\"@id\":\"https:\\\/\\\/www.koonings.com\\\/fr\\\/product\\\/enzoani-pen-liv-cassandra\\\/#primaryimage\"},\"thumbnailUrl\":\"https:\\\/\\\/www.koonings.com\\\/wp-content\\\/uploads\\\/2024\\\/11\\\/41167_a2b24ba3dd4322b1841601df900403c71369e1b386b00928f47aba65ceedabd6fa8a9a2d.jpeg\",\"datePublished\":\"2026-04-28T16:26:21+00:00\",\"description\":\"CASSANDRA exsude une sophistication moderne avec sa silhouette de fourreau \u00e9troit, con\u00e7ue pour flatter la silhouette sans effort. Orn\u00e9e d'une dentelle florale en cr\u00eape brod\u00e9e en 3D, la robe pr\u00e9sente une esth\u00e9tique \u00e0 la fois d\u00e9licate et saisissante qui captive le regard. La doublure en tulle et mousseline de soie assure confort et libert\u00e9 de mouvement, permettant \u00e0 la mari\u00e9e de glisser gracieusement vers l'autel.\",\"breadcrumb\":{\"@id\":\"https:\\\/\\\/www.koonings.com\\\/fr\\\/product\\\/enzoani-pen-liv-cassandra\\\/#breadcrumb\"},\"inLanguage\":\"fr-FR\",\"potentialAction\":[{\"@type\":\"ReadAction\",\"target\":[\"https:\\\/\\\/www.koonings.com\\\/fr\\\/product\\\/enzoani-pen-liv-cassandra\\\/\"]}]},{\"@type\":\"ImageObject\",\"inLanguage\":\"fr-FR\",\"@id\":\"https:\\\/\\\/www.koonings.com\\\/fr\\\/product\\\/enzoani-pen-liv-cassandra\\\/#primaryimage\",\"url\":\"https:\\\/\\\/www.koonings.com\\\/wp-content\\\/uploads\\\/2024\\\/11\\\/41167_a2b24ba3dd4322b1841601df900403c71369e1b386b00928f47aba65ceedabd6fa8a9a2d.jpeg\",\"contentUrl\":\"https:\\\/\\\/www.koonings.com\\\/wp-content\\\/uploads\\\/2024\\\/11\\\/41167_a2b24ba3dd4322b1841601df900403c71369e1b386b00928f47aba65ceedabd6fa8a9a2d.jpeg\",\"width\":1035,\"height\":1380},{\"@type\":\"BreadcrumbList\",\"@id\":\"https:\\\/\\\/www.koonings.com\\\/fr\\\/product\\\/enzoani-pen-liv-cassandra\\\/#breadcrumb\",\"itemListElement\":[{\"@type\":\"ListItem\",\"position\":1,\"name\":\"Home\",\"item\":\"https:\\\/\\\/www.koonings.com\\\/fr\\\/\"},{\"@type\":\"ListItem\",\"position\":2,\"name\":\"Enzoani Pen-Liv Cassandra\"}]},{\"@type\":\"WebSite\",\"@id\":\"https:\\\/\\\/www.koonings.com\\\/fr\\\/#website\",\"url\":\"https:\\\/\\\/www.koonings.com\\\/fr\\\/\",\"name\":\"Koonings\",\"description\":\"De grootste bruidsmodewinkel ter wereld\",\"publisher\":{\"@id\":\"https:\\\/\\\/www.koonings.com\\\/fr\\\/#organization\"},\"potentialAction\":[{\"@type\":\"SearchAction\",\"target\":{\"@type\":\"EntryPoint\",\"urlTemplate\":\"https:\\\/\\\/www.koonings.com\\\/fr\\\/?s={search_term_string}\"},\"query-input\":{\"@type\":\"PropertyValueSpecification\",\"valueRequired\":true,\"valueName\":\"search_term_string\"}}],\"inLanguage\":\"fr-FR\"},{\"@type\":\"Organization\",\"@id\":\"https:\\\/\\\/www.koonings.com\\\/fr\\\/#organization\",\"name\":\"Koonings\",\"url\":\"https:\\\/\\\/www.koonings.com\\\/fr\\\/\",\"logo\":{\"@type\":\"ImageObject\",\"inLanguage\":\"fr-FR\",\"@id\":\"https:\\\/\\\/www.koonings.com\\\/fr\\\/#\\\/schema\\\/logo\\\/image\\\/\",\"url\":\"https:\\\/\\\/www.koonings.com\\\/wp-content\\\/uploads\\\/2024\\\/07\\\/logo.png\",\"contentUrl\":\"https:\\\/\\\/www.koonings.com\\\/wp-content\\\/uploads\\\/2024\\\/07\\\/logo.png\",\"width\":600,\"height\":428,\"caption\":\"Koonings\"},\"image\":{\"@id\":\"https:\\\/\\\/www.koonings.com\\\/fr\\\/#\\\/schema\\\/logo\\\/image\\\/\"},\"sameAs\":[\"https:\\\/\\\/www.facebook.com\\\/kooningstheweddingpalace\",\"https:\\\/\\\/www.instagram.com\\\/kooningstheweddingpalace\",\"https:\\\/\\\/www.pinterest.com\\\/koonings\",\"https:\\\/\\\/www.youtube.com\\\/kooningstheweddingpalace\"]}]}<\/script>\n<!-- \/ Yoast SEO plugin. -->","yoast_head_json":{"title":"Enzoani Pen-Liv Cassandra | Koonings","description":"CASSANDRA exsude une sophistication moderne avec sa silhouette de fourreau \u00e9troit, con\u00e7ue pour flatter la silhouette sans effort. Orn\u00e9e d'une dentelle florale en cr\u00eape brod\u00e9e en 3D, la robe pr\u00e9sente une esth\u00e9tique \u00e0 la fois d\u00e9licate et saisissante qui captive le regard. La doublure en tulle et mousseline de soie assure confort et libert\u00e9 de mouvement, permettant \u00e0 la mari\u00e9e de glisser gracieusement vers l'autel.","robots":{"index":"index","follow":"follow","max-snippet":"max-snippet:-1","max-image-preview":"max-image-preview:large","max-video-preview":"max-video-preview:-1"},"canonical":"https:\/\/www.koonings.com\/fr\/product\/enzoani-pen-liv-cassandra\/","og_locale":"fr_FR","og_type":"article","og_title":"Enzoani Pen-Liv Cassandra | Koonings","og_description":"CASSANDRA exsude une sophistication moderne avec sa silhouette de fourreau \u00e9troit, con\u00e7ue pour flatter la silhouette sans effort. Orn\u00e9e d'une dentelle florale en cr\u00eape brod\u00e9e en 3D, la robe pr\u00e9sente une esth\u00e9tique \u00e0 la fois d\u00e9licate et saisissante qui captive le regard. La doublure en tulle et mousseline de soie assure confort et libert\u00e9 de mouvement, permettant \u00e0 la mari\u00e9e de glisser gracieusement vers l'autel.","og_url":"https:\/\/www.koonings.com\/fr\/product\/enzoani-pen-liv-cassandra\/","og_site_name":"Koonings","article_publisher":"https:\/\/www.facebook.com\/kooningstheweddingpalace","og_image":[{"width":1035,"height":1380,"url":"https:\/\/www.koonings.com\/wp-content\/uploads\/2024\/11\/41167_a2b24ba3dd4322b1841601df900403c71369e1b386b00928f47aba65ceedabd6fa8a9a2d.jpeg","type":"image\/jpeg"}],"twitter_card":"summary_large_image","schema":{"@context":"https:\/\/schema.org","@graph":[{"@type":"WebPage","@id":"https:\/\/www.koonings.com\/fr\/product\/enzoani-pen-liv-cassandra\/","url":"https:\/\/www.koonings.com\/fr\/product\/enzoani-pen-liv-cassandra\/","name":"Enzoani Pen-Liv Cassandra | Koonings","isPartOf":{"@id":"https:\/\/www.koonings.com\/fr\/#website"},"primaryImageOfPage":{"@id":"https:\/\/www.koonings.com\/fr\/product\/enzoani-pen-liv-cassandra\/#primaryimage"},"image":{"@id":"https:\/\/www.koonings.com\/fr\/product\/enzoani-pen-liv-cassandra\/#primaryimage"},"thumbnailUrl":"https:\/\/www.koonings.com\/wp-content\/uploads\/2024\/11\/41167_a2b24ba3dd4322b1841601df900403c71369e1b386b00928f47aba65ceedabd6fa8a9a2d.jpeg","datePublished":"2026-04-28T16:26:21+00:00","description":"CASSANDRA exsude une sophistication moderne avec sa silhouette de fourreau \u00e9troit, con\u00e7ue pour flatter la silhouette sans effort. Orn\u00e9e d'une dentelle florale en cr\u00eape brod\u00e9e en 3D, la robe pr\u00e9sente une esth\u00e9tique \u00e0 la fois d\u00e9licate et saisissante qui captive le regard. La doublure en tulle et mousseline de soie assure confort et libert\u00e9 de mouvement, permettant \u00e0 la mari\u00e9e de glisser gracieusement vers l'autel.","breadcrumb":{"@id":"https:\/\/www.koonings.com\/fr\/product\/enzoani-pen-liv-cassandra\/#breadcrumb"},"inLanguage":"fr-FR","potentialAction":[{"@type":"ReadAction","target":["https:\/\/www.koonings.com\/fr\/product\/enzoani-pen-liv-cassandra\/"]}]},{"@type":"ImageObject","inLanguage":"fr-FR","@id":"https:\/\/www.koonings.com\/fr\/product\/enzoani-pen-liv-cassandra\/#primaryimage","url":"https:\/\/www.koonings.com\/wp-content\/uploads\/2024\/11\/41167_a2b24ba3dd4322b1841601df900403c71369e1b386b00928f47aba65ceedabd6fa8a9a2d.jpeg","contentUrl":"https:\/\/www.koonings.com\/wp-content\/uploads\/2024\/11\/41167_a2b24ba3dd4322b1841601df900403c71369e1b386b00928f47aba65ceedabd6fa8a9a2d.jpeg","width":1035,"height":1380},{"@type":"BreadcrumbList","@id":"https:\/\/www.koonings.com\/fr\/product\/enzoani-pen-liv-cassandra\/#breadcrumb","itemListElement":[{"@type":"ListItem","position":1,"name":"Home","item":"https:\/\/www.koonings.com\/fr\/"},{"@type":"ListItem","position":2,"name":"Enzoani Pen-Liv Cassandra"}]},{"@type":"WebSite","@id":"https:\/\/www.koonings.com\/fr\/#website","url":"https:\/\/www.koonings.com\/fr\/","name":"Koonings","description":"De grootste bruidsmodewinkel ter wereld","publisher":{"@id":"https:\/\/www.koonings.com\/fr\/#organization"},"potentialAction":[{"@type":"SearchAction","target":{"@type":"EntryPoint","urlTemplate":"https:\/\/www.koonings.com\/fr\/?s={search_term_string}"},"query-input":{"@type":"PropertyValueSpecification","valueRequired":true,"valueName":"search_term_string"}}],"inLanguage":"fr-FR"},{"@type":"Organization","@id":"https:\/\/www.koonings.com\/fr\/#organization","name":"Koonings","url":"https:\/\/www.koonings.com\/fr\/","logo":{"@type":"ImageObject","inLanguage":"fr-FR","@id":"https:\/\/www.koonings.com\/fr\/#\/schema\/logo\/image\/","url":"https:\/\/www.koonings.com\/wp-content\/uploads\/2024\/07\/logo.png","contentUrl":"https:\/\/www.koonings.com\/wp-content\/uploads\/2024\/07\/logo.png","width":600,"height":428,"caption":"Koonings"},"image":{"@id":"https:\/\/www.koonings.com\/fr\/#\/schema\/logo\/image\/"},"sameAs":["https:\/\/www.facebook.com\/kooningstheweddingpalace","https:\/\/www.instagram.com\/kooningstheweddingpalace","https:\/\/www.pinterest.com\/koonings","https:\/\/www.youtube.com\/kooningstheweddingpalace"]}]}},"_links":{"self":[{"href":"https:\/\/www.koonings.com\/fr\/wp-json\/wp\/v2\/product\/79178","targetHints":{"allow":["GET"]}}],"collection":[{"href":"https:\/\/www.koonings.com\/fr\/wp-json\/wp\/v2\/product"}],"about":[{"href":"https:\/\/www.koonings.com\/fr\/wp-json\/wp\/v2\/types\/product"}],"wp:featuredmedia":[{"embeddable":true,"href":"https:\/\/www.koonings.com\/fr\/wp-json\/wp\/v2\/media\/67390"}],"wp:attachment":[{"href":"https:\/\/www.koonings.com\/fr\/wp-json\/wp\/v2\/media?parent=79178"}],"wp:term":[{"taxonomy":"productdetails","embeddable":true,"href":"https:\/\/www.koonings.com\/fr\/wp-json\/wp\/v2\/productdetails?post=79178"},{"taxonomy":"productneck","embeddable":true,"href":"https:\/\/www.koonings.com\/fr\/wp-json\/wp\/v2\/productneck?post=79178"},{"taxonomy":"productcolor","embeddable":true,"href":"https:\/\/www.koonings.com\/fr\/wp-json\/wp\/v2\/productcolor?post=79178"},{"taxonomy":"maat","embeddable":true,"href":"https:\/\/www.koonings.com\/fr\/wp-json\/wp\/v2\/maat?post=79178"},{"taxonomy":"productsupplier","embeddable":true,"href":"https:\/\/www.koonings.com\/fr\/wp-json\/wp\/v2\/productsupplier?post=79178"},{"taxonomy":"productsleeve","embeddable":true,"href":"https:\/\/www.koonings.com\/fr\/wp-json\/wp\/v2\/productsleeve?post=79178"},{"taxonomy":"productcategory","embeddable":true,"href":"https:\/\/www.koonings.com\/fr\/wp-json\/wp\/v2\/productcategory?post=79178"},{"taxonomy":"productsilhouette","embeddable":true,"href":"https:\/\/www.koonings.com\/fr\/wp-json\/wp\/v2\/productsilhouette?post=79178"},{"taxonomy":"productstyle","embeddable":true,"href":"https:\/\/www.koonings.com\/fr\/wp-json\/wp\/v2\/productstyle?post=79178"}],"curies":[{"name":"wp","href":"https:\/\/api.w.org\/{rel}","templated":true}]}}