{"id":79176,"date":"2026-04-28T18:26:23","date_gmt":"2026-04-28T16:26:23","guid":{"rendered":"https:\/\/www.koonings.com\/product\/enzoani-pen-liv-coreena\/"},"modified":"2025-06-05T13:38:57","modified_gmt":"2025-06-05T11:38:57","slug":"enzoani-pen-liv-coreena","status":"publish","type":"product","link":"https:\/\/www.koonings.com\/fr\/product\/enzoani-pen-liv-coreena\/","title":{"rendered":"Enzoani Pen-Liv Coreena"},"content":{"rendered":"<p>La robe COREENA est orn\u00e9e de dentelle plumetis avec des perles et des motifs de dentelle feuillus qui dansent le long du corsage et courent le long de la tra\u00eene allong\u00e9e. La robe COREENA respire la sophistication et le charme. Elle est parfaite pour les mari\u00e9es qui recherchent un m\u00e9lange d&#8217;\u00e9l\u00e9ments classiques et modernes. Le d\u00e9collet\u00e9 en c\u0153ur sexy et les bretelles amovibles romantiques rendent cette robe inoubliable.  <\/p>\n","protected":false},"featured_media":67456,"template":"","meta":{"_acf_changed":false,"ghostkit_customizer_options":"","ghostkit_custom_css":"","ghostkit_custom_js_head":"","ghostkit_custom_js_foot":"","ghostkit_typography":""},"productdetails":[379,376,381],"productneck":[354,355],"productcolor":[393,392],"maat":[],"productsupplier":[443],"productsleeve":[],"productcategory":[18],"productsilhouette":[387],"productstyle":[369,371,366],"class_list":["post-79176","product","type-product","status-publish","has-post-thumbnail","hentry","productdetails-379","productdetails-376","productdetails-381","productneck-354","productneck-355","productcolor-393","productcolor-392","productsupplier-enzoani-pen-liv","productcategory-trouwjurken","productsilhouette-387","productstyle-369","productstyle-371","productstyle-366"],"acf":[],"yoast_head":"<!-- This site is optimized with the Yoast SEO plugin v27.3 - https:\/\/yoast.com\/product\/yoast-seo-wordpress\/ -->\n<title>Enzoani Pen-Liv Coreena | Koonings<\/title>\n<meta name=\"description\" content=\"La robe COREENA est orn\u00e9e de dentelle plumetis avec des perles et des motifs de dentelle feuillus qui dansent le long du corsage et courent le long de la tra\u00eene allong\u00e9e. La robe COREENA respire la sophistication et le charme. Elle est parfaite pour les mari\u00e9es qui recherchent un m\u00e9lange d&#039;\u00e9l\u00e9ments classiques et modernes. Le d\u00e9collet\u00e9 en c\u0153ur sexy et les bretelles amovibles romantiques rendent cette robe inoubliable.\" \/>\n<meta name=\"robots\" content=\"index, follow, max-snippet:-1, max-image-preview:large, max-video-preview:-1\" \/>\n<link rel=\"canonical\" href=\"https:\/\/www.koonings.com\/fr\/product\/enzoani-pen-liv-coreena\/\" \/>\n<meta property=\"og:locale\" content=\"fr_FR\" \/>\n<meta property=\"og:type\" content=\"article\" \/>\n<meta property=\"og:title\" content=\"Enzoani Pen-Liv Coreena | Koonings\" \/>\n<meta property=\"og:description\" content=\"La robe COREENA est orn\u00e9e de dentelle plumetis avec des perles et des motifs de dentelle feuillus qui dansent le long du corsage et courent le long de la tra\u00eene allong\u00e9e. La robe COREENA respire la sophistication et le charme. Elle est parfaite pour les mari\u00e9es qui recherchent un m\u00e9lange d&#039;\u00e9l\u00e9ments classiques et modernes. Le d\u00e9collet\u00e9 en c\u0153ur sexy et les bretelles amovibles romantiques rendent cette robe inoubliable.\" \/>\n<meta property=\"og:url\" content=\"https:\/\/www.koonings.com\/fr\/product\/enzoani-pen-liv-coreena\/\" \/>\n<meta property=\"og:site_name\" content=\"Koonings\" \/>\n<meta property=\"article:publisher\" content=\"https:\/\/www.facebook.com\/kooningstheweddingpalace\" \/>\n<meta property=\"og:image\" content=\"https:\/\/www.koonings.com\/wp-content\/uploads\/2024\/11\/41172_513b5416620ff9b12d34ffcb43e16f32495ce65f2085be7eeb76bf4147c07230affee266.jpeg\" \/>\n\t<meta property=\"og:image:width\" content=\"1035\" \/>\n\t<meta property=\"og:image:height\" content=\"1380\" \/>\n\t<meta property=\"og:image:type\" content=\"image\/jpeg\" \/>\n<meta name=\"twitter:card\" content=\"summary_large_image\" \/>\n<script type=\"application\/ld+json\" class=\"yoast-schema-graph\">{\"@context\":\"https:\\\/\\\/schema.org\",\"@graph\":[{\"@type\":\"WebPage\",\"@id\":\"https:\\\/\\\/www.koonings.com\\\/fr\\\/product\\\/enzoani-pen-liv-coreena\\\/\",\"url\":\"https:\\\/\\\/www.koonings.com\\\/fr\\\/product\\\/enzoani-pen-liv-coreena\\\/\",\"name\":\"Enzoani Pen-Liv Coreena | Koonings\",\"isPartOf\":{\"@id\":\"https:\\\/\\\/www.koonings.com\\\/fr\\\/#website\"},\"primaryImageOfPage\":{\"@id\":\"https:\\\/\\\/www.koonings.com\\\/fr\\\/product\\\/enzoani-pen-liv-coreena\\\/#primaryimage\"},\"image\":{\"@id\":\"https:\\\/\\\/www.koonings.com\\\/fr\\\/product\\\/enzoani-pen-liv-coreena\\\/#primaryimage\"},\"thumbnailUrl\":\"https:\\\/\\\/www.koonings.com\\\/wp-content\\\/uploads\\\/2024\\\/11\\\/41172_513b5416620ff9b12d34ffcb43e16f32495ce65f2085be7eeb76bf4147c07230affee266.jpeg\",\"datePublished\":\"2026-04-28T16:26:23+00:00\",\"description\":\"La robe COREENA est orn\u00e9e de dentelle plumetis avec des perles et des motifs de dentelle feuillus qui dansent le long du corsage et courent le long de la tra\u00eene allong\u00e9e. La robe COREENA respire la sophistication et le charme. Elle est parfaite pour les mari\u00e9es qui recherchent un m\u00e9lange d'\u00e9l\u00e9ments classiques et modernes. Le d\u00e9collet\u00e9 en c\u0153ur sexy et les bretelles amovibles romantiques rendent cette robe inoubliable.\",\"breadcrumb\":{\"@id\":\"https:\\\/\\\/www.koonings.com\\\/fr\\\/product\\\/enzoani-pen-liv-coreena\\\/#breadcrumb\"},\"inLanguage\":\"fr-FR\",\"potentialAction\":[{\"@type\":\"ReadAction\",\"target\":[\"https:\\\/\\\/www.koonings.com\\\/fr\\\/product\\\/enzoani-pen-liv-coreena\\\/\"]}]},{\"@type\":\"ImageObject\",\"inLanguage\":\"fr-FR\",\"@id\":\"https:\\\/\\\/www.koonings.com\\\/fr\\\/product\\\/enzoani-pen-liv-coreena\\\/#primaryimage\",\"url\":\"https:\\\/\\\/www.koonings.com\\\/wp-content\\\/uploads\\\/2024\\\/11\\\/41172_513b5416620ff9b12d34ffcb43e16f32495ce65f2085be7eeb76bf4147c07230affee266.jpeg\",\"contentUrl\":\"https:\\\/\\\/www.koonings.com\\\/wp-content\\\/uploads\\\/2024\\\/11\\\/41172_513b5416620ff9b12d34ffcb43e16f32495ce65f2085be7eeb76bf4147c07230affee266.jpeg\",\"width\":1035,\"height\":1380},{\"@type\":\"BreadcrumbList\",\"@id\":\"https:\\\/\\\/www.koonings.com\\\/fr\\\/product\\\/enzoani-pen-liv-coreena\\\/#breadcrumb\",\"itemListElement\":[{\"@type\":\"ListItem\",\"position\":1,\"name\":\"Home\",\"item\":\"https:\\\/\\\/www.koonings.com\\\/fr\\\/\"},{\"@type\":\"ListItem\",\"position\":2,\"name\":\"Enzoani Pen-Liv Coreena\"}]},{\"@type\":\"WebSite\",\"@id\":\"https:\\\/\\\/www.koonings.com\\\/fr\\\/#website\",\"url\":\"https:\\\/\\\/www.koonings.com\\\/fr\\\/\",\"name\":\"Koonings\",\"description\":\"De grootste bruidsmodewinkel ter wereld\",\"publisher\":{\"@id\":\"https:\\\/\\\/www.koonings.com\\\/fr\\\/#organization\"},\"potentialAction\":[{\"@type\":\"SearchAction\",\"target\":{\"@type\":\"EntryPoint\",\"urlTemplate\":\"https:\\\/\\\/www.koonings.com\\\/fr\\\/?s={search_term_string}\"},\"query-input\":{\"@type\":\"PropertyValueSpecification\",\"valueRequired\":true,\"valueName\":\"search_term_string\"}}],\"inLanguage\":\"fr-FR\"},{\"@type\":\"Organization\",\"@id\":\"https:\\\/\\\/www.koonings.com\\\/fr\\\/#organization\",\"name\":\"Koonings\",\"url\":\"https:\\\/\\\/www.koonings.com\\\/fr\\\/\",\"logo\":{\"@type\":\"ImageObject\",\"inLanguage\":\"fr-FR\",\"@id\":\"https:\\\/\\\/www.koonings.com\\\/fr\\\/#\\\/schema\\\/logo\\\/image\\\/\",\"url\":\"https:\\\/\\\/www.koonings.com\\\/wp-content\\\/uploads\\\/2024\\\/07\\\/logo.png\",\"contentUrl\":\"https:\\\/\\\/www.koonings.com\\\/wp-content\\\/uploads\\\/2024\\\/07\\\/logo.png\",\"width\":600,\"height\":428,\"caption\":\"Koonings\"},\"image\":{\"@id\":\"https:\\\/\\\/www.koonings.com\\\/fr\\\/#\\\/schema\\\/logo\\\/image\\\/\"},\"sameAs\":[\"https:\\\/\\\/www.facebook.com\\\/kooningstheweddingpalace\",\"https:\\\/\\\/www.instagram.com\\\/kooningstheweddingpalace\",\"https:\\\/\\\/www.pinterest.com\\\/koonings\",\"https:\\\/\\\/www.youtube.com\\\/kooningstheweddingpalace\"]}]}<\/script>\n<!-- \/ Yoast SEO plugin. -->","yoast_head_json":{"title":"Enzoani Pen-Liv Coreena | Koonings","description":"La robe COREENA est orn\u00e9e de dentelle plumetis avec des perles et des motifs de dentelle feuillus qui dansent le long du corsage et courent le long de la tra\u00eene allong\u00e9e. La robe COREENA respire la sophistication et le charme. Elle est parfaite pour les mari\u00e9es qui recherchent un m\u00e9lange d'\u00e9l\u00e9ments classiques et modernes. Le d\u00e9collet\u00e9 en c\u0153ur sexy et les bretelles amovibles romantiques rendent cette robe inoubliable.","robots":{"index":"index","follow":"follow","max-snippet":"max-snippet:-1","max-image-preview":"max-image-preview:large","max-video-preview":"max-video-preview:-1"},"canonical":"https:\/\/www.koonings.com\/fr\/product\/enzoani-pen-liv-coreena\/","og_locale":"fr_FR","og_type":"article","og_title":"Enzoani Pen-Liv Coreena | Koonings","og_description":"La robe COREENA est orn\u00e9e de dentelle plumetis avec des perles et des motifs de dentelle feuillus qui dansent le long du corsage et courent le long de la tra\u00eene allong\u00e9e. La robe COREENA respire la sophistication et le charme. Elle est parfaite pour les mari\u00e9es qui recherchent un m\u00e9lange d'\u00e9l\u00e9ments classiques et modernes. Le d\u00e9collet\u00e9 en c\u0153ur sexy et les bretelles amovibles romantiques rendent cette robe inoubliable.","og_url":"https:\/\/www.koonings.com\/fr\/product\/enzoani-pen-liv-coreena\/","og_site_name":"Koonings","article_publisher":"https:\/\/www.facebook.com\/kooningstheweddingpalace","og_image":[{"width":1035,"height":1380,"url":"https:\/\/www.koonings.com\/wp-content\/uploads\/2024\/11\/41172_513b5416620ff9b12d34ffcb43e16f32495ce65f2085be7eeb76bf4147c07230affee266.jpeg","type":"image\/jpeg"}],"twitter_card":"summary_large_image","schema":{"@context":"https:\/\/schema.org","@graph":[{"@type":"WebPage","@id":"https:\/\/www.koonings.com\/fr\/product\/enzoani-pen-liv-coreena\/","url":"https:\/\/www.koonings.com\/fr\/product\/enzoani-pen-liv-coreena\/","name":"Enzoani Pen-Liv Coreena | Koonings","isPartOf":{"@id":"https:\/\/www.koonings.com\/fr\/#website"},"primaryImageOfPage":{"@id":"https:\/\/www.koonings.com\/fr\/product\/enzoani-pen-liv-coreena\/#primaryimage"},"image":{"@id":"https:\/\/www.koonings.com\/fr\/product\/enzoani-pen-liv-coreena\/#primaryimage"},"thumbnailUrl":"https:\/\/www.koonings.com\/wp-content\/uploads\/2024\/11\/41172_513b5416620ff9b12d34ffcb43e16f32495ce65f2085be7eeb76bf4147c07230affee266.jpeg","datePublished":"2026-04-28T16:26:23+00:00","description":"La robe COREENA est orn\u00e9e de dentelle plumetis avec des perles et des motifs de dentelle feuillus qui dansent le long du corsage et courent le long de la tra\u00eene allong\u00e9e. La robe COREENA respire la sophistication et le charme. Elle est parfaite pour les mari\u00e9es qui recherchent un m\u00e9lange d'\u00e9l\u00e9ments classiques et modernes. Le d\u00e9collet\u00e9 en c\u0153ur sexy et les bretelles amovibles romantiques rendent cette robe inoubliable.","breadcrumb":{"@id":"https:\/\/www.koonings.com\/fr\/product\/enzoani-pen-liv-coreena\/#breadcrumb"},"inLanguage":"fr-FR","potentialAction":[{"@type":"ReadAction","target":["https:\/\/www.koonings.com\/fr\/product\/enzoani-pen-liv-coreena\/"]}]},{"@type":"ImageObject","inLanguage":"fr-FR","@id":"https:\/\/www.koonings.com\/fr\/product\/enzoani-pen-liv-coreena\/#primaryimage","url":"https:\/\/www.koonings.com\/wp-content\/uploads\/2024\/11\/41172_513b5416620ff9b12d34ffcb43e16f32495ce65f2085be7eeb76bf4147c07230affee266.jpeg","contentUrl":"https:\/\/www.koonings.com\/wp-content\/uploads\/2024\/11\/41172_513b5416620ff9b12d34ffcb43e16f32495ce65f2085be7eeb76bf4147c07230affee266.jpeg","width":1035,"height":1380},{"@type":"BreadcrumbList","@id":"https:\/\/www.koonings.com\/fr\/product\/enzoani-pen-liv-coreena\/#breadcrumb","itemListElement":[{"@type":"ListItem","position":1,"name":"Home","item":"https:\/\/www.koonings.com\/fr\/"},{"@type":"ListItem","position":2,"name":"Enzoani Pen-Liv Coreena"}]},{"@type":"WebSite","@id":"https:\/\/www.koonings.com\/fr\/#website","url":"https:\/\/www.koonings.com\/fr\/","name":"Koonings","description":"De grootste bruidsmodewinkel ter wereld","publisher":{"@id":"https:\/\/www.koonings.com\/fr\/#organization"},"potentialAction":[{"@type":"SearchAction","target":{"@type":"EntryPoint","urlTemplate":"https:\/\/www.koonings.com\/fr\/?s={search_term_string}"},"query-input":{"@type":"PropertyValueSpecification","valueRequired":true,"valueName":"search_term_string"}}],"inLanguage":"fr-FR"},{"@type":"Organization","@id":"https:\/\/www.koonings.com\/fr\/#organization","name":"Koonings","url":"https:\/\/www.koonings.com\/fr\/","logo":{"@type":"ImageObject","inLanguage":"fr-FR","@id":"https:\/\/www.koonings.com\/fr\/#\/schema\/logo\/image\/","url":"https:\/\/www.koonings.com\/wp-content\/uploads\/2024\/07\/logo.png","contentUrl":"https:\/\/www.koonings.com\/wp-content\/uploads\/2024\/07\/logo.png","width":600,"height":428,"caption":"Koonings"},"image":{"@id":"https:\/\/www.koonings.com\/fr\/#\/schema\/logo\/image\/"},"sameAs":["https:\/\/www.facebook.com\/kooningstheweddingpalace","https:\/\/www.instagram.com\/kooningstheweddingpalace","https:\/\/www.pinterest.com\/koonings","https:\/\/www.youtube.com\/kooningstheweddingpalace"]}]}},"_links":{"self":[{"href":"https:\/\/www.koonings.com\/fr\/wp-json\/wp\/v2\/product\/79176","targetHints":{"allow":["GET"]}}],"collection":[{"href":"https:\/\/www.koonings.com\/fr\/wp-json\/wp\/v2\/product"}],"about":[{"href":"https:\/\/www.koonings.com\/fr\/wp-json\/wp\/v2\/types\/product"}],"wp:featuredmedia":[{"embeddable":true,"href":"https:\/\/www.koonings.com\/fr\/wp-json\/wp\/v2\/media\/67456"}],"wp:attachment":[{"href":"https:\/\/www.koonings.com\/fr\/wp-json\/wp\/v2\/media?parent=79176"}],"wp:term":[{"taxonomy":"productdetails","embeddable":true,"href":"https:\/\/www.koonings.com\/fr\/wp-json\/wp\/v2\/productdetails?post=79176"},{"taxonomy":"productneck","embeddable":true,"href":"https:\/\/www.koonings.com\/fr\/wp-json\/wp\/v2\/productneck?post=79176"},{"taxonomy":"productcolor","embeddable":true,"href":"https:\/\/www.koonings.com\/fr\/wp-json\/wp\/v2\/productcolor?post=79176"},{"taxonomy":"maat","embeddable":true,"href":"https:\/\/www.koonings.com\/fr\/wp-json\/wp\/v2\/maat?post=79176"},{"taxonomy":"productsupplier","embeddable":true,"href":"https:\/\/www.koonings.com\/fr\/wp-json\/wp\/v2\/productsupplier?post=79176"},{"taxonomy":"productsleeve","embeddable":true,"href":"https:\/\/www.koonings.com\/fr\/wp-json\/wp\/v2\/productsleeve?post=79176"},{"taxonomy":"productcategory","embeddable":true,"href":"https:\/\/www.koonings.com\/fr\/wp-json\/wp\/v2\/productcategory?post=79176"},{"taxonomy":"productsilhouette","embeddable":true,"href":"https:\/\/www.koonings.com\/fr\/wp-json\/wp\/v2\/productsilhouette?post=79176"},{"taxonomy":"productstyle","embeddable":true,"href":"https:\/\/www.koonings.com\/fr\/wp-json\/wp\/v2\/productstyle?post=79176"}],"curies":[{"name":"wp","href":"https:\/\/api.w.org\/{rel}","templated":true}]}}