{"id":79174,"date":"2026-05-06T15:28:56","date_gmt":"2026-05-06T13:28:56","guid":{"rendered":"https:\/\/www.koonings.com\/product\/duett-dt701\/"},"modified":"2025-06-05T13:39:10","modified_gmt":"2025-06-05T11:39:10","slug":"duett-dt701","status":"publish","type":"product","link":"https:\/\/www.koonings.com\/fr\/product\/duett-dt701\/","title":{"rendered":"Duett DT701"},"content":{"rendered":"<p>Romantiquement f\u00e9minines, les robes de Duett Bridal mettent l&#8217;accent sur la silhouette f\u00e9minine.<br \/>\nNotre styliste dipl\u00f4m\u00e9e, Tatjana Schl\u00f6ssl, a parfaitement r\u00e9ussi \u00e0 mettre en valeur le surplus d&#8217;amour dans le ventre et \u00e0 faire rayonner la mari\u00e9e comme si elle \u00e9tait enchant\u00e9e. Parce qu&#8217;avec nous, tout le monde peut \u00eatre sous les feux de la rampe en m\u00eame temps.  <\/p>\n","protected":false},"featured_media":68635,"template":"","meta":{"_acf_changed":false,"ghostkit_customizer_options":"","ghostkit_custom_css":"","ghostkit_custom_js_head":"","ghostkit_custom_js_foot":"","ghostkit_typography":""},"productdetails":[],"productneck":[356],"productcolor":[392],"maat":[374],"productsupplier":[462],"productsleeve":[359],"productcategory":[18],"productsilhouette":[384,389],"productstyle":[366],"class_list":["post-79174","product","type-product","status-publish","has-post-thumbnail","hentry","productneck-356","productcolor-392","maat-374","productsupplier-duett","productsleeve-359","productcategory-trouwjurken","productsilhouette-384","productsilhouette-389","productstyle-366"],"acf":[],"yoast_head":"<!-- This site is optimized with the Yoast SEO plugin v27.3 - https:\/\/yoast.com\/product\/yoast-seo-wordpress\/ -->\n<title>Duett DT701 | Koonings<\/title>\n<meta name=\"description\" content=\"Romantiquement f\u00e9minines, les robes de Duett Bridal mettent l&#039;accent sur la silhouette f\u00e9minine. Notre styliste dipl\u00f4m\u00e9e, Tatjana Schl\u00f6ssl, a parfaitement r\u00e9ussi \u00e0 mettre en valeur le surplus d&#039;amour dans le ventre et \u00e0 faire rayonner la mari\u00e9e comme si elle \u00e9tait enchant\u00e9e. Parce qu&#039;avec nous, tout le monde peut \u00eatre sous les feux de la rampe en m\u00eame temps.\" \/>\n<meta name=\"robots\" content=\"index, follow, max-snippet:-1, max-image-preview:large, max-video-preview:-1\" \/>\n<link rel=\"canonical\" href=\"https:\/\/www.koonings.com\/fr\/product\/duett-dt701\/\" \/>\n<meta property=\"og:locale\" content=\"fr_FR\" \/>\n<meta property=\"og:type\" content=\"article\" \/>\n<meta property=\"og:title\" content=\"Duett DT701 | Koonings\" \/>\n<meta property=\"og:description\" content=\"Romantiquement f\u00e9minines, les robes de Duett Bridal mettent l&#039;accent sur la silhouette f\u00e9minine. Notre styliste dipl\u00f4m\u00e9e, Tatjana Schl\u00f6ssl, a parfaitement r\u00e9ussi \u00e0 mettre en valeur le surplus d&#039;amour dans le ventre et \u00e0 faire rayonner la mari\u00e9e comme si elle \u00e9tait enchant\u00e9e. Parce qu&#039;avec nous, tout le monde peut \u00eatre sous les feux de la rampe en m\u00eame temps.\" \/>\n<meta property=\"og:url\" content=\"https:\/\/www.koonings.com\/fr\/product\/duett-dt701\/\" \/>\n<meta property=\"og:site_name\" content=\"Koonings\" \/>\n<meta property=\"article:publisher\" content=\"https:\/\/www.facebook.com\/kooningstheweddingpalace\" \/>\n<meta property=\"og:image\" content=\"https:\/\/www.koonings.com\/wp-content\/uploads\/2024\/11\/49197_9d7ae1f5c16f2e884182e14291de6a2becf0108ae660cd94e39599857eb58ca43ebbab1c.jpeg\" \/>\n\t<meta property=\"og:image:width\" content=\"1326\" \/>\n\t<meta property=\"og:image:height\" content=\"1877\" \/>\n\t<meta property=\"og:image:type\" content=\"image\/jpeg\" \/>\n<meta name=\"twitter:card\" content=\"summary_large_image\" \/>\n<script type=\"application\/ld+json\" class=\"yoast-schema-graph\">{\"@context\":\"https:\\\/\\\/schema.org\",\"@graph\":[{\"@type\":\"WebPage\",\"@id\":\"https:\\\/\\\/www.koonings.com\\\/fr\\\/product\\\/duett-dt701\\\/\",\"url\":\"https:\\\/\\\/www.koonings.com\\\/fr\\\/product\\\/duett-dt701\\\/\",\"name\":\"Duett DT701 | Koonings\",\"isPartOf\":{\"@id\":\"https:\\\/\\\/www.koonings.com\\\/fr\\\/#website\"},\"primaryImageOfPage\":{\"@id\":\"https:\\\/\\\/www.koonings.com\\\/fr\\\/product\\\/duett-dt701\\\/#primaryimage\"},\"image\":{\"@id\":\"https:\\\/\\\/www.koonings.com\\\/fr\\\/product\\\/duett-dt701\\\/#primaryimage\"},\"thumbnailUrl\":\"https:\\\/\\\/www.koonings.com\\\/wp-content\\\/uploads\\\/2024\\\/11\\\/49197_9d7ae1f5c16f2e884182e14291de6a2becf0108ae660cd94e39599857eb58ca43ebbab1c.jpeg\",\"datePublished\":\"2026-05-06T13:28:56+00:00\",\"description\":\"Romantiquement f\u00e9minines, les robes de Duett Bridal mettent l'accent sur la silhouette f\u00e9minine. Notre styliste dipl\u00f4m\u00e9e, Tatjana Schl\u00f6ssl, a parfaitement r\u00e9ussi \u00e0 mettre en valeur le surplus d'amour dans le ventre et \u00e0 faire rayonner la mari\u00e9e comme si elle \u00e9tait enchant\u00e9e. Parce qu'avec nous, tout le monde peut \u00eatre sous les feux de la rampe en m\u00eame temps.\",\"breadcrumb\":{\"@id\":\"https:\\\/\\\/www.koonings.com\\\/fr\\\/product\\\/duett-dt701\\\/#breadcrumb\"},\"inLanguage\":\"fr-FR\",\"potentialAction\":[{\"@type\":\"ReadAction\",\"target\":[\"https:\\\/\\\/www.koonings.com\\\/fr\\\/product\\\/duett-dt701\\\/\"]}]},{\"@type\":\"ImageObject\",\"inLanguage\":\"fr-FR\",\"@id\":\"https:\\\/\\\/www.koonings.com\\\/fr\\\/product\\\/duett-dt701\\\/#primaryimage\",\"url\":\"https:\\\/\\\/www.koonings.com\\\/wp-content\\\/uploads\\\/2024\\\/11\\\/49197_9d7ae1f5c16f2e884182e14291de6a2becf0108ae660cd94e39599857eb58ca43ebbab1c.jpeg\",\"contentUrl\":\"https:\\\/\\\/www.koonings.com\\\/wp-content\\\/uploads\\\/2024\\\/11\\\/49197_9d7ae1f5c16f2e884182e14291de6a2becf0108ae660cd94e39599857eb58ca43ebbab1c.jpeg\",\"width\":1326,\"height\":1877},{\"@type\":\"BreadcrumbList\",\"@id\":\"https:\\\/\\\/www.koonings.com\\\/fr\\\/product\\\/duett-dt701\\\/#breadcrumb\",\"itemListElement\":[{\"@type\":\"ListItem\",\"position\":1,\"name\":\"Home\",\"item\":\"https:\\\/\\\/www.koonings.com\\\/fr\\\/\"},{\"@type\":\"ListItem\",\"position\":2,\"name\":\"Duett DT701\"}]},{\"@type\":\"WebSite\",\"@id\":\"https:\\\/\\\/www.koonings.com\\\/fr\\\/#website\",\"url\":\"https:\\\/\\\/www.koonings.com\\\/fr\\\/\",\"name\":\"Koonings\",\"description\":\"De grootste bruidsmodewinkel ter wereld\",\"publisher\":{\"@id\":\"https:\\\/\\\/www.koonings.com\\\/fr\\\/#organization\"},\"potentialAction\":[{\"@type\":\"SearchAction\",\"target\":{\"@type\":\"EntryPoint\",\"urlTemplate\":\"https:\\\/\\\/www.koonings.com\\\/fr\\\/?s={search_term_string}\"},\"query-input\":{\"@type\":\"PropertyValueSpecification\",\"valueRequired\":true,\"valueName\":\"search_term_string\"}}],\"inLanguage\":\"fr-FR\"},{\"@type\":\"Organization\",\"@id\":\"https:\\\/\\\/www.koonings.com\\\/fr\\\/#organization\",\"name\":\"Koonings\",\"url\":\"https:\\\/\\\/www.koonings.com\\\/fr\\\/\",\"logo\":{\"@type\":\"ImageObject\",\"inLanguage\":\"fr-FR\",\"@id\":\"https:\\\/\\\/www.koonings.com\\\/fr\\\/#\\\/schema\\\/logo\\\/image\\\/\",\"url\":\"https:\\\/\\\/www.koonings.com\\\/wp-content\\\/uploads\\\/2024\\\/07\\\/logo.png\",\"contentUrl\":\"https:\\\/\\\/www.koonings.com\\\/wp-content\\\/uploads\\\/2024\\\/07\\\/logo.png\",\"width\":600,\"height\":428,\"caption\":\"Koonings\"},\"image\":{\"@id\":\"https:\\\/\\\/www.koonings.com\\\/fr\\\/#\\\/schema\\\/logo\\\/image\\\/\"},\"sameAs\":[\"https:\\\/\\\/www.facebook.com\\\/kooningstheweddingpalace\",\"https:\\\/\\\/www.instagram.com\\\/kooningstheweddingpalace\",\"https:\\\/\\\/www.pinterest.com\\\/koonings\",\"https:\\\/\\\/www.youtube.com\\\/kooningstheweddingpalace\"]}]}<\/script>\n<!-- \/ Yoast SEO plugin. -->","yoast_head_json":{"title":"Duett DT701 | Koonings","description":"Romantiquement f\u00e9minines, les robes de Duett Bridal mettent l'accent sur la silhouette f\u00e9minine. Notre styliste dipl\u00f4m\u00e9e, Tatjana Schl\u00f6ssl, a parfaitement r\u00e9ussi \u00e0 mettre en valeur le surplus d'amour dans le ventre et \u00e0 faire rayonner la mari\u00e9e comme si elle \u00e9tait enchant\u00e9e. Parce qu'avec nous, tout le monde peut \u00eatre sous les feux de la rampe en m\u00eame temps.","robots":{"index":"index","follow":"follow","max-snippet":"max-snippet:-1","max-image-preview":"max-image-preview:large","max-video-preview":"max-video-preview:-1"},"canonical":"https:\/\/www.koonings.com\/fr\/product\/duett-dt701\/","og_locale":"fr_FR","og_type":"article","og_title":"Duett DT701 | Koonings","og_description":"Romantiquement f\u00e9minines, les robes de Duett Bridal mettent l'accent sur la silhouette f\u00e9minine. Notre styliste dipl\u00f4m\u00e9e, Tatjana Schl\u00f6ssl, a parfaitement r\u00e9ussi \u00e0 mettre en valeur le surplus d'amour dans le ventre et \u00e0 faire rayonner la mari\u00e9e comme si elle \u00e9tait enchant\u00e9e. Parce qu'avec nous, tout le monde peut \u00eatre sous les feux de la rampe en m\u00eame temps.","og_url":"https:\/\/www.koonings.com\/fr\/product\/duett-dt701\/","og_site_name":"Koonings","article_publisher":"https:\/\/www.facebook.com\/kooningstheweddingpalace","og_image":[{"width":1326,"height":1877,"url":"https:\/\/www.koonings.com\/wp-content\/uploads\/2024\/11\/49197_9d7ae1f5c16f2e884182e14291de6a2becf0108ae660cd94e39599857eb58ca43ebbab1c.jpeg","type":"image\/jpeg"}],"twitter_card":"summary_large_image","schema":{"@context":"https:\/\/schema.org","@graph":[{"@type":"WebPage","@id":"https:\/\/www.koonings.com\/fr\/product\/duett-dt701\/","url":"https:\/\/www.koonings.com\/fr\/product\/duett-dt701\/","name":"Duett DT701 | Koonings","isPartOf":{"@id":"https:\/\/www.koonings.com\/fr\/#website"},"primaryImageOfPage":{"@id":"https:\/\/www.koonings.com\/fr\/product\/duett-dt701\/#primaryimage"},"image":{"@id":"https:\/\/www.koonings.com\/fr\/product\/duett-dt701\/#primaryimage"},"thumbnailUrl":"https:\/\/www.koonings.com\/wp-content\/uploads\/2024\/11\/49197_9d7ae1f5c16f2e884182e14291de6a2becf0108ae660cd94e39599857eb58ca43ebbab1c.jpeg","datePublished":"2026-05-06T13:28:56+00:00","description":"Romantiquement f\u00e9minines, les robes de Duett Bridal mettent l'accent sur la silhouette f\u00e9minine. Notre styliste dipl\u00f4m\u00e9e, Tatjana Schl\u00f6ssl, a parfaitement r\u00e9ussi \u00e0 mettre en valeur le surplus d'amour dans le ventre et \u00e0 faire rayonner la mari\u00e9e comme si elle \u00e9tait enchant\u00e9e. Parce qu'avec nous, tout le monde peut \u00eatre sous les feux de la rampe en m\u00eame temps.","breadcrumb":{"@id":"https:\/\/www.koonings.com\/fr\/product\/duett-dt701\/#breadcrumb"},"inLanguage":"fr-FR","potentialAction":[{"@type":"ReadAction","target":["https:\/\/www.koonings.com\/fr\/product\/duett-dt701\/"]}]},{"@type":"ImageObject","inLanguage":"fr-FR","@id":"https:\/\/www.koonings.com\/fr\/product\/duett-dt701\/#primaryimage","url":"https:\/\/www.koonings.com\/wp-content\/uploads\/2024\/11\/49197_9d7ae1f5c16f2e884182e14291de6a2becf0108ae660cd94e39599857eb58ca43ebbab1c.jpeg","contentUrl":"https:\/\/www.koonings.com\/wp-content\/uploads\/2024\/11\/49197_9d7ae1f5c16f2e884182e14291de6a2becf0108ae660cd94e39599857eb58ca43ebbab1c.jpeg","width":1326,"height":1877},{"@type":"BreadcrumbList","@id":"https:\/\/www.koonings.com\/fr\/product\/duett-dt701\/#breadcrumb","itemListElement":[{"@type":"ListItem","position":1,"name":"Home","item":"https:\/\/www.koonings.com\/fr\/"},{"@type":"ListItem","position":2,"name":"Duett DT701"}]},{"@type":"WebSite","@id":"https:\/\/www.koonings.com\/fr\/#website","url":"https:\/\/www.koonings.com\/fr\/","name":"Koonings","description":"De grootste bruidsmodewinkel ter wereld","publisher":{"@id":"https:\/\/www.koonings.com\/fr\/#organization"},"potentialAction":[{"@type":"SearchAction","target":{"@type":"EntryPoint","urlTemplate":"https:\/\/www.koonings.com\/fr\/?s={search_term_string}"},"query-input":{"@type":"PropertyValueSpecification","valueRequired":true,"valueName":"search_term_string"}}],"inLanguage":"fr-FR"},{"@type":"Organization","@id":"https:\/\/www.koonings.com\/fr\/#organization","name":"Koonings","url":"https:\/\/www.koonings.com\/fr\/","logo":{"@type":"ImageObject","inLanguage":"fr-FR","@id":"https:\/\/www.koonings.com\/fr\/#\/schema\/logo\/image\/","url":"https:\/\/www.koonings.com\/wp-content\/uploads\/2024\/07\/logo.png","contentUrl":"https:\/\/www.koonings.com\/wp-content\/uploads\/2024\/07\/logo.png","width":600,"height":428,"caption":"Koonings"},"image":{"@id":"https:\/\/www.koonings.com\/fr\/#\/schema\/logo\/image\/"},"sameAs":["https:\/\/www.facebook.com\/kooningstheweddingpalace","https:\/\/www.instagram.com\/kooningstheweddingpalace","https:\/\/www.pinterest.com\/koonings","https:\/\/www.youtube.com\/kooningstheweddingpalace"]}]}},"_links":{"self":[{"href":"https:\/\/www.koonings.com\/fr\/wp-json\/wp\/v2\/product\/79174","targetHints":{"allow":["GET"]}}],"collection":[{"href":"https:\/\/www.koonings.com\/fr\/wp-json\/wp\/v2\/product"}],"about":[{"href":"https:\/\/www.koonings.com\/fr\/wp-json\/wp\/v2\/types\/product"}],"wp:featuredmedia":[{"embeddable":true,"href":"https:\/\/www.koonings.com\/fr\/wp-json\/wp\/v2\/media\/68635"}],"wp:attachment":[{"href":"https:\/\/www.koonings.com\/fr\/wp-json\/wp\/v2\/media?parent=79174"}],"wp:term":[{"taxonomy":"productdetails","embeddable":true,"href":"https:\/\/www.koonings.com\/fr\/wp-json\/wp\/v2\/productdetails?post=79174"},{"taxonomy":"productneck","embeddable":true,"href":"https:\/\/www.koonings.com\/fr\/wp-json\/wp\/v2\/productneck?post=79174"},{"taxonomy":"productcolor","embeddable":true,"href":"https:\/\/www.koonings.com\/fr\/wp-json\/wp\/v2\/productcolor?post=79174"},{"taxonomy":"maat","embeddable":true,"href":"https:\/\/www.koonings.com\/fr\/wp-json\/wp\/v2\/maat?post=79174"},{"taxonomy":"productsupplier","embeddable":true,"href":"https:\/\/www.koonings.com\/fr\/wp-json\/wp\/v2\/productsupplier?post=79174"},{"taxonomy":"productsleeve","embeddable":true,"href":"https:\/\/www.koonings.com\/fr\/wp-json\/wp\/v2\/productsleeve?post=79174"},{"taxonomy":"productcategory","embeddable":true,"href":"https:\/\/www.koonings.com\/fr\/wp-json\/wp\/v2\/productcategory?post=79174"},{"taxonomy":"productsilhouette","embeddable":true,"href":"https:\/\/www.koonings.com\/fr\/wp-json\/wp\/v2\/productsilhouette?post=79174"},{"taxonomy":"productstyle","embeddable":true,"href":"https:\/\/www.koonings.com\/fr\/wp-json\/wp\/v2\/productstyle?post=79174"}],"curies":[{"name":"wp","href":"https:\/\/api.w.org\/{rel}","templated":true}]}}