{"id":79163,"date":"2026-04-28T18:26:25","date_gmt":"2026-04-28T16:26:25","guid":{"rendered":"https:\/\/www.koonings.com\/product\/enzoani-portrait-spencer\/"},"modified":"2025-06-05T13:39:14","modified_gmt":"2025-06-05T11:39:14","slug":"enzoani-portrait-spencer","status":"publish","type":"product","link":"https:\/\/www.koonings.com\/fr\/product\/enzoani-portrait-spencer\/","title":{"rendered":"Enzoani Portrait Spencer"},"content":{"rendered":"<p>Portrait x SPENCER pr\u00e9sente un d\u00e9collet\u00e9 incurv\u00e9 unique et moderne avec d&#8217;\u00e9paisses bretelles en dentelle florale qui assurent un soutien parfait sur le magnifique corsage en dentelle. De la dentelle florale brod\u00e9e et de la dentelle Chantilly avec des paillettes descendent le long de la jupe extensible et lisse avec une tra\u00eene sculpt\u00e9e qui compl\u00e8te le magnifique dos ouvert en dentelle. <\/p>\n","protected":false},"featured_media":67578,"template":"","meta":{"_acf_changed":false,"ghostkit_customizer_options":"","ghostkit_custom_css":"","ghostkit_custom_js_head":"","ghostkit_custom_js_foot":"","ghostkit_typography":""},"productdetails":[379,376],"productneck":[355],"productcolor":[392],"maat":[375],"productsupplier":[460],"productsleeve":[359],"productcategory":[18],"productsilhouette":[387],"productstyle":[371],"class_list":["post-79163","product","type-product","status-publish","has-post-thumbnail","hentry","productdetails-379","productdetails-376","productneck-355","productcolor-392","maat-375","productsupplier-enzoani-portrait","productsleeve-359","productcategory-trouwjurken","productsilhouette-387","productstyle-371"],"acf":[],"yoast_head":"<!-- This site is optimized with the Yoast SEO plugin v27.3 - https:\/\/yoast.com\/product\/yoast-seo-wordpress\/ -->\n<title>Enzoani Portrait Spencer | Koonings<\/title>\n<meta name=\"description\" content=\"Portrait x SPENCER pr\u00e9sente un d\u00e9collet\u00e9 incurv\u00e9 unique et moderne avec d&#039;\u00e9paisses bretelles en dentelle florale qui assurent un soutien parfait sur le magnifique corsage en dentelle. De la dentelle florale brod\u00e9e et de la dentelle Chantilly avec des paillettes descendent le long de la jupe extensible et lisse avec une tra\u00eene sculpt\u00e9e qui compl\u00e8te le magnifique dos ouvert en dentelle.\" \/>\n<meta name=\"robots\" content=\"index, follow, max-snippet:-1, max-image-preview:large, max-video-preview:-1\" \/>\n<link rel=\"canonical\" href=\"https:\/\/www.koonings.com\/fr\/product\/enzoani-portrait-spencer\/\" \/>\n<meta property=\"og:locale\" content=\"fr_FR\" \/>\n<meta property=\"og:type\" content=\"article\" \/>\n<meta property=\"og:title\" content=\"Enzoani Portrait Spencer | Koonings\" \/>\n<meta property=\"og:description\" content=\"Portrait x SPENCER pr\u00e9sente un d\u00e9collet\u00e9 incurv\u00e9 unique et moderne avec d&#039;\u00e9paisses bretelles en dentelle florale qui assurent un soutien parfait sur le magnifique corsage en dentelle. De la dentelle florale brod\u00e9e et de la dentelle Chantilly avec des paillettes descendent le long de la jupe extensible et lisse avec une tra\u00eene sculpt\u00e9e qui compl\u00e8te le magnifique dos ouvert en dentelle.\" \/>\n<meta property=\"og:url\" content=\"https:\/\/www.koonings.com\/fr\/product\/enzoani-portrait-spencer\/\" \/>\n<meta property=\"og:site_name\" content=\"Koonings\" \/>\n<meta property=\"article:publisher\" content=\"https:\/\/www.facebook.com\/kooningstheweddingpalace\" \/>\n<meta property=\"og:image\" content=\"https:\/\/www.koonings.com\/wp-content\/uploads\/2024\/11\/41177_5403997a3e452e1cb7ab8df0b35fa84ac264e46eaa51f911d086a3037c88bfb09047ec7d.jpeg\" \/>\n\t<meta property=\"og:image:width\" content=\"1035\" \/>\n\t<meta property=\"og:image:height\" content=\"1380\" \/>\n\t<meta property=\"og:image:type\" content=\"image\/jpeg\" \/>\n<meta name=\"twitter:card\" content=\"summary_large_image\" \/>\n<script type=\"application\/ld+json\" class=\"yoast-schema-graph\">{\"@context\":\"https:\\\/\\\/schema.org\",\"@graph\":[{\"@type\":\"WebPage\",\"@id\":\"https:\\\/\\\/www.koonings.com\\\/fr\\\/product\\\/enzoani-portrait-spencer\\\/\",\"url\":\"https:\\\/\\\/www.koonings.com\\\/fr\\\/product\\\/enzoani-portrait-spencer\\\/\",\"name\":\"Enzoani Portrait Spencer | Koonings\",\"isPartOf\":{\"@id\":\"https:\\\/\\\/www.koonings.com\\\/fr\\\/#website\"},\"primaryImageOfPage\":{\"@id\":\"https:\\\/\\\/www.koonings.com\\\/fr\\\/product\\\/enzoani-portrait-spencer\\\/#primaryimage\"},\"image\":{\"@id\":\"https:\\\/\\\/www.koonings.com\\\/fr\\\/product\\\/enzoani-portrait-spencer\\\/#primaryimage\"},\"thumbnailUrl\":\"https:\\\/\\\/www.koonings.com\\\/wp-content\\\/uploads\\\/2024\\\/11\\\/41177_5403997a3e452e1cb7ab8df0b35fa84ac264e46eaa51f911d086a3037c88bfb09047ec7d.jpeg\",\"datePublished\":\"2026-04-28T16:26:25+00:00\",\"description\":\"Portrait x SPENCER pr\u00e9sente un d\u00e9collet\u00e9 incurv\u00e9 unique et moderne avec d'\u00e9paisses bretelles en dentelle florale qui assurent un soutien parfait sur le magnifique corsage en dentelle. De la dentelle florale brod\u00e9e et de la dentelle Chantilly avec des paillettes descendent le long de la jupe extensible et lisse avec une tra\u00eene sculpt\u00e9e qui compl\u00e8te le magnifique dos ouvert en dentelle.\",\"breadcrumb\":{\"@id\":\"https:\\\/\\\/www.koonings.com\\\/fr\\\/product\\\/enzoani-portrait-spencer\\\/#breadcrumb\"},\"inLanguage\":\"fr-FR\",\"potentialAction\":[{\"@type\":\"ReadAction\",\"target\":[\"https:\\\/\\\/www.koonings.com\\\/fr\\\/product\\\/enzoani-portrait-spencer\\\/\"]}]},{\"@type\":\"ImageObject\",\"inLanguage\":\"fr-FR\",\"@id\":\"https:\\\/\\\/www.koonings.com\\\/fr\\\/product\\\/enzoani-portrait-spencer\\\/#primaryimage\",\"url\":\"https:\\\/\\\/www.koonings.com\\\/wp-content\\\/uploads\\\/2024\\\/11\\\/41177_5403997a3e452e1cb7ab8df0b35fa84ac264e46eaa51f911d086a3037c88bfb09047ec7d.jpeg\",\"contentUrl\":\"https:\\\/\\\/www.koonings.com\\\/wp-content\\\/uploads\\\/2024\\\/11\\\/41177_5403997a3e452e1cb7ab8df0b35fa84ac264e46eaa51f911d086a3037c88bfb09047ec7d.jpeg\",\"width\":1035,\"height\":1380},{\"@type\":\"BreadcrumbList\",\"@id\":\"https:\\\/\\\/www.koonings.com\\\/fr\\\/product\\\/enzoani-portrait-spencer\\\/#breadcrumb\",\"itemListElement\":[{\"@type\":\"ListItem\",\"position\":1,\"name\":\"Home\",\"item\":\"https:\\\/\\\/www.koonings.com\\\/fr\\\/\"},{\"@type\":\"ListItem\",\"position\":2,\"name\":\"Enzoani Portrait Spencer\"}]},{\"@type\":\"WebSite\",\"@id\":\"https:\\\/\\\/www.koonings.com\\\/fr\\\/#website\",\"url\":\"https:\\\/\\\/www.koonings.com\\\/fr\\\/\",\"name\":\"Koonings\",\"description\":\"De grootste bruidsmodewinkel ter wereld\",\"publisher\":{\"@id\":\"https:\\\/\\\/www.koonings.com\\\/fr\\\/#organization\"},\"potentialAction\":[{\"@type\":\"SearchAction\",\"target\":{\"@type\":\"EntryPoint\",\"urlTemplate\":\"https:\\\/\\\/www.koonings.com\\\/fr\\\/?s={search_term_string}\"},\"query-input\":{\"@type\":\"PropertyValueSpecification\",\"valueRequired\":true,\"valueName\":\"search_term_string\"}}],\"inLanguage\":\"fr-FR\"},{\"@type\":\"Organization\",\"@id\":\"https:\\\/\\\/www.koonings.com\\\/fr\\\/#organization\",\"name\":\"Koonings\",\"url\":\"https:\\\/\\\/www.koonings.com\\\/fr\\\/\",\"logo\":{\"@type\":\"ImageObject\",\"inLanguage\":\"fr-FR\",\"@id\":\"https:\\\/\\\/www.koonings.com\\\/fr\\\/#\\\/schema\\\/logo\\\/image\\\/\",\"url\":\"https:\\\/\\\/www.koonings.com\\\/wp-content\\\/uploads\\\/2024\\\/07\\\/logo.png\",\"contentUrl\":\"https:\\\/\\\/www.koonings.com\\\/wp-content\\\/uploads\\\/2024\\\/07\\\/logo.png\",\"width\":600,\"height\":428,\"caption\":\"Koonings\"},\"image\":{\"@id\":\"https:\\\/\\\/www.koonings.com\\\/fr\\\/#\\\/schema\\\/logo\\\/image\\\/\"},\"sameAs\":[\"https:\\\/\\\/www.facebook.com\\\/kooningstheweddingpalace\",\"https:\\\/\\\/www.instagram.com\\\/kooningstheweddingpalace\",\"https:\\\/\\\/www.pinterest.com\\\/koonings\",\"https:\\\/\\\/www.youtube.com\\\/kooningstheweddingpalace\"]}]}<\/script>\n<!-- \/ Yoast SEO plugin. -->","yoast_head_json":{"title":"Enzoani Portrait Spencer | Koonings","description":"Portrait x SPENCER pr\u00e9sente un d\u00e9collet\u00e9 incurv\u00e9 unique et moderne avec d'\u00e9paisses bretelles en dentelle florale qui assurent un soutien parfait sur le magnifique corsage en dentelle. De la dentelle florale brod\u00e9e et de la dentelle Chantilly avec des paillettes descendent le long de la jupe extensible et lisse avec une tra\u00eene sculpt\u00e9e qui compl\u00e8te le magnifique dos ouvert en dentelle.","robots":{"index":"index","follow":"follow","max-snippet":"max-snippet:-1","max-image-preview":"max-image-preview:large","max-video-preview":"max-video-preview:-1"},"canonical":"https:\/\/www.koonings.com\/fr\/product\/enzoani-portrait-spencer\/","og_locale":"fr_FR","og_type":"article","og_title":"Enzoani Portrait Spencer | Koonings","og_description":"Portrait x SPENCER pr\u00e9sente un d\u00e9collet\u00e9 incurv\u00e9 unique et moderne avec d'\u00e9paisses bretelles en dentelle florale qui assurent un soutien parfait sur le magnifique corsage en dentelle. De la dentelle florale brod\u00e9e et de la dentelle Chantilly avec des paillettes descendent le long de la jupe extensible et lisse avec une tra\u00eene sculpt\u00e9e qui compl\u00e8te le magnifique dos ouvert en dentelle.","og_url":"https:\/\/www.koonings.com\/fr\/product\/enzoani-portrait-spencer\/","og_site_name":"Koonings","article_publisher":"https:\/\/www.facebook.com\/kooningstheweddingpalace","og_image":[{"width":1035,"height":1380,"url":"https:\/\/www.koonings.com\/wp-content\/uploads\/2024\/11\/41177_5403997a3e452e1cb7ab8df0b35fa84ac264e46eaa51f911d086a3037c88bfb09047ec7d.jpeg","type":"image\/jpeg"}],"twitter_card":"summary_large_image","schema":{"@context":"https:\/\/schema.org","@graph":[{"@type":"WebPage","@id":"https:\/\/www.koonings.com\/fr\/product\/enzoani-portrait-spencer\/","url":"https:\/\/www.koonings.com\/fr\/product\/enzoani-portrait-spencer\/","name":"Enzoani Portrait Spencer | Koonings","isPartOf":{"@id":"https:\/\/www.koonings.com\/fr\/#website"},"primaryImageOfPage":{"@id":"https:\/\/www.koonings.com\/fr\/product\/enzoani-portrait-spencer\/#primaryimage"},"image":{"@id":"https:\/\/www.koonings.com\/fr\/product\/enzoani-portrait-spencer\/#primaryimage"},"thumbnailUrl":"https:\/\/www.koonings.com\/wp-content\/uploads\/2024\/11\/41177_5403997a3e452e1cb7ab8df0b35fa84ac264e46eaa51f911d086a3037c88bfb09047ec7d.jpeg","datePublished":"2026-04-28T16:26:25+00:00","description":"Portrait x SPENCER pr\u00e9sente un d\u00e9collet\u00e9 incurv\u00e9 unique et moderne avec d'\u00e9paisses bretelles en dentelle florale qui assurent un soutien parfait sur le magnifique corsage en dentelle. De la dentelle florale brod\u00e9e et de la dentelle Chantilly avec des paillettes descendent le long de la jupe extensible et lisse avec une tra\u00eene sculpt\u00e9e qui compl\u00e8te le magnifique dos ouvert en dentelle.","breadcrumb":{"@id":"https:\/\/www.koonings.com\/fr\/product\/enzoani-portrait-spencer\/#breadcrumb"},"inLanguage":"fr-FR","potentialAction":[{"@type":"ReadAction","target":["https:\/\/www.koonings.com\/fr\/product\/enzoani-portrait-spencer\/"]}]},{"@type":"ImageObject","inLanguage":"fr-FR","@id":"https:\/\/www.koonings.com\/fr\/product\/enzoani-portrait-spencer\/#primaryimage","url":"https:\/\/www.koonings.com\/wp-content\/uploads\/2024\/11\/41177_5403997a3e452e1cb7ab8df0b35fa84ac264e46eaa51f911d086a3037c88bfb09047ec7d.jpeg","contentUrl":"https:\/\/www.koonings.com\/wp-content\/uploads\/2024\/11\/41177_5403997a3e452e1cb7ab8df0b35fa84ac264e46eaa51f911d086a3037c88bfb09047ec7d.jpeg","width":1035,"height":1380},{"@type":"BreadcrumbList","@id":"https:\/\/www.koonings.com\/fr\/product\/enzoani-portrait-spencer\/#breadcrumb","itemListElement":[{"@type":"ListItem","position":1,"name":"Home","item":"https:\/\/www.koonings.com\/fr\/"},{"@type":"ListItem","position":2,"name":"Enzoani Portrait Spencer"}]},{"@type":"WebSite","@id":"https:\/\/www.koonings.com\/fr\/#website","url":"https:\/\/www.koonings.com\/fr\/","name":"Koonings","description":"De grootste bruidsmodewinkel ter wereld","publisher":{"@id":"https:\/\/www.koonings.com\/fr\/#organization"},"potentialAction":[{"@type":"SearchAction","target":{"@type":"EntryPoint","urlTemplate":"https:\/\/www.koonings.com\/fr\/?s={search_term_string}"},"query-input":{"@type":"PropertyValueSpecification","valueRequired":true,"valueName":"search_term_string"}}],"inLanguage":"fr-FR"},{"@type":"Organization","@id":"https:\/\/www.koonings.com\/fr\/#organization","name":"Koonings","url":"https:\/\/www.koonings.com\/fr\/","logo":{"@type":"ImageObject","inLanguage":"fr-FR","@id":"https:\/\/www.koonings.com\/fr\/#\/schema\/logo\/image\/","url":"https:\/\/www.koonings.com\/wp-content\/uploads\/2024\/07\/logo.png","contentUrl":"https:\/\/www.koonings.com\/wp-content\/uploads\/2024\/07\/logo.png","width":600,"height":428,"caption":"Koonings"},"image":{"@id":"https:\/\/www.koonings.com\/fr\/#\/schema\/logo\/image\/"},"sameAs":["https:\/\/www.facebook.com\/kooningstheweddingpalace","https:\/\/www.instagram.com\/kooningstheweddingpalace","https:\/\/www.pinterest.com\/koonings","https:\/\/www.youtube.com\/kooningstheweddingpalace"]}]}},"_links":{"self":[{"href":"https:\/\/www.koonings.com\/fr\/wp-json\/wp\/v2\/product\/79163","targetHints":{"allow":["GET"]}}],"collection":[{"href":"https:\/\/www.koonings.com\/fr\/wp-json\/wp\/v2\/product"}],"about":[{"href":"https:\/\/www.koonings.com\/fr\/wp-json\/wp\/v2\/types\/product"}],"wp:featuredmedia":[{"embeddable":true,"href":"https:\/\/www.koonings.com\/fr\/wp-json\/wp\/v2\/media\/67578"}],"wp:attachment":[{"href":"https:\/\/www.koonings.com\/fr\/wp-json\/wp\/v2\/media?parent=79163"}],"wp:term":[{"taxonomy":"productdetails","embeddable":true,"href":"https:\/\/www.koonings.com\/fr\/wp-json\/wp\/v2\/productdetails?post=79163"},{"taxonomy":"productneck","embeddable":true,"href":"https:\/\/www.koonings.com\/fr\/wp-json\/wp\/v2\/productneck?post=79163"},{"taxonomy":"productcolor","embeddable":true,"href":"https:\/\/www.koonings.com\/fr\/wp-json\/wp\/v2\/productcolor?post=79163"},{"taxonomy":"maat","embeddable":true,"href":"https:\/\/www.koonings.com\/fr\/wp-json\/wp\/v2\/maat?post=79163"},{"taxonomy":"productsupplier","embeddable":true,"href":"https:\/\/www.koonings.com\/fr\/wp-json\/wp\/v2\/productsupplier?post=79163"},{"taxonomy":"productsleeve","embeddable":true,"href":"https:\/\/www.koonings.com\/fr\/wp-json\/wp\/v2\/productsleeve?post=79163"},{"taxonomy":"productcategory","embeddable":true,"href":"https:\/\/www.koonings.com\/fr\/wp-json\/wp\/v2\/productcategory?post=79163"},{"taxonomy":"productsilhouette","embeddable":true,"href":"https:\/\/www.koonings.com\/fr\/wp-json\/wp\/v2\/productsilhouette?post=79163"},{"taxonomy":"productstyle","embeddable":true,"href":"https:\/\/www.koonings.com\/fr\/wp-json\/wp\/v2\/productstyle?post=79163"}],"curies":[{"name":"wp","href":"https:\/\/api.w.org\/{rel}","templated":true}]}}