{"id":79162,"date":"2026-04-14T16:28:10","date_gmt":"2026-04-14T14:28:10","guid":{"rendered":"https:\/\/www.koonings.com\/product\/enzoani-prive-ember\/"},"modified":"2025-06-05T13:39:07","modified_gmt":"2025-06-05T11:39:07","slug":"enzoani-prive-ember","status":"publish","type":"product","link":"https:\/\/www.koonings.com\/fr\/product\/enzoani-prive-ember\/","title":{"rendered":"Enzoani Prive Ember"},"content":{"rendered":"<p>Avec son encolure classique en forme de c\u0153ur, ses bretelles amovibles et ses d\u00e9tails de dentelle florale, EMBER d\u00e9gage un charme f\u00e9minin et une romance intemporelle. Le corsage ajust\u00e9 avec corset illusion souligne la silhouette, tandis que la jupe \u00e9l\u00e9gante en mousseline de soie brod\u00e9e de dentelle florale et de dentelle baroque cr\u00e9e une silhouette \u00e0 la fois flatteuse et \u00e9l\u00e9gante. Le dos illusion avec d\u00e9tails en tulle ajoute une touche de glamour doux pour rendre ce look de mari\u00e9e absolument r\u00eaveur.  <\/p>\n","protected":false},"featured_media":67544,"template":"","meta":{"_acf_changed":false,"ghostkit_customizer_options":"","ghostkit_custom_css":"","ghostkit_custom_js_head":"","ghostkit_custom_js_foot":"","ghostkit_typography":""},"productdetails":[379,376],"productneck":[354,355],"productcolor":[393,392],"maat":[],"productsupplier":[461],"productsleeve":[],"productcategory":[18],"productsilhouette":[387],"productstyle":[369],"class_list":["post-79162","product","type-product","status-publish","has-post-thumbnail","hentry","productdetails-379","productdetails-376","productneck-354","productneck-355","productcolor-393","productcolor-392","productsupplier-enzoani-prive","productcategory-trouwjurken","productsilhouette-387","productstyle-369"],"acf":[],"yoast_head":"<!-- This site is optimized with the Yoast SEO plugin v27.3 - https:\/\/yoast.com\/product\/yoast-seo-wordpress\/ -->\n<title>Enzoani Prive Ember | Koonings<\/title>\n<meta name=\"description\" content=\"Avec son encolure classique en forme de c\u0153ur, ses bretelles amovibles et ses d\u00e9tails de dentelle florale, EMBER d\u00e9gage un charme f\u00e9minin et une romance intemporelle. Le corsage ajust\u00e9 avec corset illusion souligne la silhouette, tandis que la jupe \u00e9l\u00e9gante en mousseline de soie brod\u00e9e de dentelle florale et de dentelle baroque cr\u00e9e une silhouette \u00e0 la fois flatteuse et \u00e9l\u00e9gante. Le dos illusion avec d\u00e9tails en tulle ajoute une touche de glamour doux pour rendre ce look de mari\u00e9e absolument r\u00eaveur.\" \/>\n<meta name=\"robots\" content=\"index, follow, max-snippet:-1, max-image-preview:large, max-video-preview:-1\" \/>\n<link rel=\"canonical\" href=\"https:\/\/www.koonings.com\/fr\/product\/enzoani-prive-ember\/\" \/>\n<meta property=\"og:locale\" content=\"fr_FR\" \/>\n<meta property=\"og:type\" content=\"article\" \/>\n<meta property=\"og:title\" content=\"Enzoani Prive Ember | Koonings\" \/>\n<meta property=\"og:description\" content=\"Avec son encolure classique en forme de c\u0153ur, ses bretelles amovibles et ses d\u00e9tails de dentelle florale, EMBER d\u00e9gage un charme f\u00e9minin et une romance intemporelle. Le corsage ajust\u00e9 avec corset illusion souligne la silhouette, tandis que la jupe \u00e9l\u00e9gante en mousseline de soie brod\u00e9e de dentelle florale et de dentelle baroque cr\u00e9e une silhouette \u00e0 la fois flatteuse et \u00e9l\u00e9gante. Le dos illusion avec d\u00e9tails en tulle ajoute une touche de glamour doux pour rendre ce look de mari\u00e9e absolument r\u00eaveur.\" \/>\n<meta property=\"og:url\" content=\"https:\/\/www.koonings.com\/fr\/product\/enzoani-prive-ember\/\" \/>\n<meta property=\"og:site_name\" content=\"Koonings\" \/>\n<meta property=\"article:publisher\" content=\"https:\/\/www.facebook.com\/kooningstheweddingpalace\" \/>\n<meta property=\"og:image\" content=\"https:\/\/www.koonings.com\/wp-content\/uploads\/2024\/11\/41171_b51e6c656ecd55cade688e8aee366038254463bc06592c15e2a14045bfdd9ff87ebe0b4c.jpeg\" \/>\n\t<meta property=\"og:image:width\" content=\"1035\" \/>\n\t<meta property=\"og:image:height\" content=\"1380\" \/>\n\t<meta property=\"og:image:type\" content=\"image\/jpeg\" \/>\n<meta name=\"twitter:card\" content=\"summary_large_image\" \/>\n<script type=\"application\/ld+json\" class=\"yoast-schema-graph\">{\"@context\":\"https:\\\/\\\/schema.org\",\"@graph\":[{\"@type\":\"WebPage\",\"@id\":\"https:\\\/\\\/www.koonings.com\\\/fr\\\/product\\\/enzoani-prive-ember\\\/\",\"url\":\"https:\\\/\\\/www.koonings.com\\\/fr\\\/product\\\/enzoani-prive-ember\\\/\",\"name\":\"Enzoani Prive Ember | Koonings\",\"isPartOf\":{\"@id\":\"https:\\\/\\\/www.koonings.com\\\/fr\\\/#website\"},\"primaryImageOfPage\":{\"@id\":\"https:\\\/\\\/www.koonings.com\\\/fr\\\/product\\\/enzoani-prive-ember\\\/#primaryimage\"},\"image\":{\"@id\":\"https:\\\/\\\/www.koonings.com\\\/fr\\\/product\\\/enzoani-prive-ember\\\/#primaryimage\"},\"thumbnailUrl\":\"https:\\\/\\\/www.koonings.com\\\/wp-content\\\/uploads\\\/2024\\\/11\\\/41171_b51e6c656ecd55cade688e8aee366038254463bc06592c15e2a14045bfdd9ff87ebe0b4c.jpeg\",\"datePublished\":\"2026-04-14T14:28:10+00:00\",\"description\":\"Avec son encolure classique en forme de c\u0153ur, ses bretelles amovibles et ses d\u00e9tails de dentelle florale, EMBER d\u00e9gage un charme f\u00e9minin et une romance intemporelle. Le corsage ajust\u00e9 avec corset illusion souligne la silhouette, tandis que la jupe \u00e9l\u00e9gante en mousseline de soie brod\u00e9e de dentelle florale et de dentelle baroque cr\u00e9e une silhouette \u00e0 la fois flatteuse et \u00e9l\u00e9gante. Le dos illusion avec d\u00e9tails en tulle ajoute une touche de glamour doux pour rendre ce look de mari\u00e9e absolument r\u00eaveur.\",\"breadcrumb\":{\"@id\":\"https:\\\/\\\/www.koonings.com\\\/fr\\\/product\\\/enzoani-prive-ember\\\/#breadcrumb\"},\"inLanguage\":\"fr-FR\",\"potentialAction\":[{\"@type\":\"ReadAction\",\"target\":[\"https:\\\/\\\/www.koonings.com\\\/fr\\\/product\\\/enzoani-prive-ember\\\/\"]}]},{\"@type\":\"ImageObject\",\"inLanguage\":\"fr-FR\",\"@id\":\"https:\\\/\\\/www.koonings.com\\\/fr\\\/product\\\/enzoani-prive-ember\\\/#primaryimage\",\"url\":\"https:\\\/\\\/www.koonings.com\\\/wp-content\\\/uploads\\\/2024\\\/11\\\/41171_b51e6c656ecd55cade688e8aee366038254463bc06592c15e2a14045bfdd9ff87ebe0b4c.jpeg\",\"contentUrl\":\"https:\\\/\\\/www.koonings.com\\\/wp-content\\\/uploads\\\/2024\\\/11\\\/41171_b51e6c656ecd55cade688e8aee366038254463bc06592c15e2a14045bfdd9ff87ebe0b4c.jpeg\",\"width\":1035,\"height\":1380},{\"@type\":\"BreadcrumbList\",\"@id\":\"https:\\\/\\\/www.koonings.com\\\/fr\\\/product\\\/enzoani-prive-ember\\\/#breadcrumb\",\"itemListElement\":[{\"@type\":\"ListItem\",\"position\":1,\"name\":\"Home\",\"item\":\"https:\\\/\\\/www.koonings.com\\\/fr\\\/\"},{\"@type\":\"ListItem\",\"position\":2,\"name\":\"Enzoani Prive Ember\"}]},{\"@type\":\"WebSite\",\"@id\":\"https:\\\/\\\/www.koonings.com\\\/fr\\\/#website\",\"url\":\"https:\\\/\\\/www.koonings.com\\\/fr\\\/\",\"name\":\"Koonings\",\"description\":\"De grootste bruidsmodewinkel ter wereld\",\"publisher\":{\"@id\":\"https:\\\/\\\/www.koonings.com\\\/fr\\\/#organization\"},\"potentialAction\":[{\"@type\":\"SearchAction\",\"target\":{\"@type\":\"EntryPoint\",\"urlTemplate\":\"https:\\\/\\\/www.koonings.com\\\/fr\\\/?s={search_term_string}\"},\"query-input\":{\"@type\":\"PropertyValueSpecification\",\"valueRequired\":true,\"valueName\":\"search_term_string\"}}],\"inLanguage\":\"fr-FR\"},{\"@type\":\"Organization\",\"@id\":\"https:\\\/\\\/www.koonings.com\\\/fr\\\/#organization\",\"name\":\"Koonings\",\"url\":\"https:\\\/\\\/www.koonings.com\\\/fr\\\/\",\"logo\":{\"@type\":\"ImageObject\",\"inLanguage\":\"fr-FR\",\"@id\":\"https:\\\/\\\/www.koonings.com\\\/fr\\\/#\\\/schema\\\/logo\\\/image\\\/\",\"url\":\"https:\\\/\\\/www.koonings.com\\\/wp-content\\\/uploads\\\/2024\\\/07\\\/logo.png\",\"contentUrl\":\"https:\\\/\\\/www.koonings.com\\\/wp-content\\\/uploads\\\/2024\\\/07\\\/logo.png\",\"width\":600,\"height\":428,\"caption\":\"Koonings\"},\"image\":{\"@id\":\"https:\\\/\\\/www.koonings.com\\\/fr\\\/#\\\/schema\\\/logo\\\/image\\\/\"},\"sameAs\":[\"https:\\\/\\\/www.facebook.com\\\/kooningstheweddingpalace\",\"https:\\\/\\\/www.instagram.com\\\/kooningstheweddingpalace\",\"https:\\\/\\\/www.pinterest.com\\\/koonings\",\"https:\\\/\\\/www.youtube.com\\\/kooningstheweddingpalace\"]}]}<\/script>\n<!-- \/ Yoast SEO plugin. -->","yoast_head_json":{"title":"Enzoani Prive Ember | Koonings","description":"Avec son encolure classique en forme de c\u0153ur, ses bretelles amovibles et ses d\u00e9tails de dentelle florale, EMBER d\u00e9gage un charme f\u00e9minin et une romance intemporelle. Le corsage ajust\u00e9 avec corset illusion souligne la silhouette, tandis que la jupe \u00e9l\u00e9gante en mousseline de soie brod\u00e9e de dentelle florale et de dentelle baroque cr\u00e9e une silhouette \u00e0 la fois flatteuse et \u00e9l\u00e9gante. Le dos illusion avec d\u00e9tails en tulle ajoute une touche de glamour doux pour rendre ce look de mari\u00e9e absolument r\u00eaveur.","robots":{"index":"index","follow":"follow","max-snippet":"max-snippet:-1","max-image-preview":"max-image-preview:large","max-video-preview":"max-video-preview:-1"},"canonical":"https:\/\/www.koonings.com\/fr\/product\/enzoani-prive-ember\/","og_locale":"fr_FR","og_type":"article","og_title":"Enzoani Prive Ember | Koonings","og_description":"Avec son encolure classique en forme de c\u0153ur, ses bretelles amovibles et ses d\u00e9tails de dentelle florale, EMBER d\u00e9gage un charme f\u00e9minin et une romance intemporelle. Le corsage ajust\u00e9 avec corset illusion souligne la silhouette, tandis que la jupe \u00e9l\u00e9gante en mousseline de soie brod\u00e9e de dentelle florale et de dentelle baroque cr\u00e9e une silhouette \u00e0 la fois flatteuse et \u00e9l\u00e9gante. Le dos illusion avec d\u00e9tails en tulle ajoute une touche de glamour doux pour rendre ce look de mari\u00e9e absolument r\u00eaveur.","og_url":"https:\/\/www.koonings.com\/fr\/product\/enzoani-prive-ember\/","og_site_name":"Koonings","article_publisher":"https:\/\/www.facebook.com\/kooningstheweddingpalace","og_image":[{"width":1035,"height":1380,"url":"https:\/\/www.koonings.com\/wp-content\/uploads\/2024\/11\/41171_b51e6c656ecd55cade688e8aee366038254463bc06592c15e2a14045bfdd9ff87ebe0b4c.jpeg","type":"image\/jpeg"}],"twitter_card":"summary_large_image","schema":{"@context":"https:\/\/schema.org","@graph":[{"@type":"WebPage","@id":"https:\/\/www.koonings.com\/fr\/product\/enzoani-prive-ember\/","url":"https:\/\/www.koonings.com\/fr\/product\/enzoani-prive-ember\/","name":"Enzoani Prive Ember | Koonings","isPartOf":{"@id":"https:\/\/www.koonings.com\/fr\/#website"},"primaryImageOfPage":{"@id":"https:\/\/www.koonings.com\/fr\/product\/enzoani-prive-ember\/#primaryimage"},"image":{"@id":"https:\/\/www.koonings.com\/fr\/product\/enzoani-prive-ember\/#primaryimage"},"thumbnailUrl":"https:\/\/www.koonings.com\/wp-content\/uploads\/2024\/11\/41171_b51e6c656ecd55cade688e8aee366038254463bc06592c15e2a14045bfdd9ff87ebe0b4c.jpeg","datePublished":"2026-04-14T14:28:10+00:00","description":"Avec son encolure classique en forme de c\u0153ur, ses bretelles amovibles et ses d\u00e9tails de dentelle florale, EMBER d\u00e9gage un charme f\u00e9minin et une romance intemporelle. Le corsage ajust\u00e9 avec corset illusion souligne la silhouette, tandis que la jupe \u00e9l\u00e9gante en mousseline de soie brod\u00e9e de dentelle florale et de dentelle baroque cr\u00e9e une silhouette \u00e0 la fois flatteuse et \u00e9l\u00e9gante. Le dos illusion avec d\u00e9tails en tulle ajoute une touche de glamour doux pour rendre ce look de mari\u00e9e absolument r\u00eaveur.","breadcrumb":{"@id":"https:\/\/www.koonings.com\/fr\/product\/enzoani-prive-ember\/#breadcrumb"},"inLanguage":"fr-FR","potentialAction":[{"@type":"ReadAction","target":["https:\/\/www.koonings.com\/fr\/product\/enzoani-prive-ember\/"]}]},{"@type":"ImageObject","inLanguage":"fr-FR","@id":"https:\/\/www.koonings.com\/fr\/product\/enzoani-prive-ember\/#primaryimage","url":"https:\/\/www.koonings.com\/wp-content\/uploads\/2024\/11\/41171_b51e6c656ecd55cade688e8aee366038254463bc06592c15e2a14045bfdd9ff87ebe0b4c.jpeg","contentUrl":"https:\/\/www.koonings.com\/wp-content\/uploads\/2024\/11\/41171_b51e6c656ecd55cade688e8aee366038254463bc06592c15e2a14045bfdd9ff87ebe0b4c.jpeg","width":1035,"height":1380},{"@type":"BreadcrumbList","@id":"https:\/\/www.koonings.com\/fr\/product\/enzoani-prive-ember\/#breadcrumb","itemListElement":[{"@type":"ListItem","position":1,"name":"Home","item":"https:\/\/www.koonings.com\/fr\/"},{"@type":"ListItem","position":2,"name":"Enzoani Prive Ember"}]},{"@type":"WebSite","@id":"https:\/\/www.koonings.com\/fr\/#website","url":"https:\/\/www.koonings.com\/fr\/","name":"Koonings","description":"De grootste bruidsmodewinkel ter wereld","publisher":{"@id":"https:\/\/www.koonings.com\/fr\/#organization"},"potentialAction":[{"@type":"SearchAction","target":{"@type":"EntryPoint","urlTemplate":"https:\/\/www.koonings.com\/fr\/?s={search_term_string}"},"query-input":{"@type":"PropertyValueSpecification","valueRequired":true,"valueName":"search_term_string"}}],"inLanguage":"fr-FR"},{"@type":"Organization","@id":"https:\/\/www.koonings.com\/fr\/#organization","name":"Koonings","url":"https:\/\/www.koonings.com\/fr\/","logo":{"@type":"ImageObject","inLanguage":"fr-FR","@id":"https:\/\/www.koonings.com\/fr\/#\/schema\/logo\/image\/","url":"https:\/\/www.koonings.com\/wp-content\/uploads\/2024\/07\/logo.png","contentUrl":"https:\/\/www.koonings.com\/wp-content\/uploads\/2024\/07\/logo.png","width":600,"height":428,"caption":"Koonings"},"image":{"@id":"https:\/\/www.koonings.com\/fr\/#\/schema\/logo\/image\/"},"sameAs":["https:\/\/www.facebook.com\/kooningstheweddingpalace","https:\/\/www.instagram.com\/kooningstheweddingpalace","https:\/\/www.pinterest.com\/koonings","https:\/\/www.youtube.com\/kooningstheweddingpalace"]}]}},"_links":{"self":[{"href":"https:\/\/www.koonings.com\/fr\/wp-json\/wp\/v2\/product\/79162","targetHints":{"allow":["GET"]}}],"collection":[{"href":"https:\/\/www.koonings.com\/fr\/wp-json\/wp\/v2\/product"}],"about":[{"href":"https:\/\/www.koonings.com\/fr\/wp-json\/wp\/v2\/types\/product"}],"wp:featuredmedia":[{"embeddable":true,"href":"https:\/\/www.koonings.com\/fr\/wp-json\/wp\/v2\/media\/67544"}],"wp:attachment":[{"href":"https:\/\/www.koonings.com\/fr\/wp-json\/wp\/v2\/media?parent=79162"}],"wp:term":[{"taxonomy":"productdetails","embeddable":true,"href":"https:\/\/www.koonings.com\/fr\/wp-json\/wp\/v2\/productdetails?post=79162"},{"taxonomy":"productneck","embeddable":true,"href":"https:\/\/www.koonings.com\/fr\/wp-json\/wp\/v2\/productneck?post=79162"},{"taxonomy":"productcolor","embeddable":true,"href":"https:\/\/www.koonings.com\/fr\/wp-json\/wp\/v2\/productcolor?post=79162"},{"taxonomy":"maat","embeddable":true,"href":"https:\/\/www.koonings.com\/fr\/wp-json\/wp\/v2\/maat?post=79162"},{"taxonomy":"productsupplier","embeddable":true,"href":"https:\/\/www.koonings.com\/fr\/wp-json\/wp\/v2\/productsupplier?post=79162"},{"taxonomy":"productsleeve","embeddable":true,"href":"https:\/\/www.koonings.com\/fr\/wp-json\/wp\/v2\/productsleeve?post=79162"},{"taxonomy":"productcategory","embeddable":true,"href":"https:\/\/www.koonings.com\/fr\/wp-json\/wp\/v2\/productcategory?post=79162"},{"taxonomy":"productsilhouette","embeddable":true,"href":"https:\/\/www.koonings.com\/fr\/wp-json\/wp\/v2\/productsilhouette?post=79162"},{"taxonomy":"productstyle","embeddable":true,"href":"https:\/\/www.koonings.com\/fr\/wp-json\/wp\/v2\/productstyle?post=79162"}],"curies":[{"name":"wp","href":"https:\/\/api.w.org\/{rel}","templated":true}]}}