{"id":79158,"date":"2026-04-14T16:28:12","date_gmt":"2026-04-14T14:28:12","guid":{"rendered":"https:\/\/www.koonings.com\/product\/enzoani-portrait-alara-2\/"},"modified":"2025-06-05T13:39:10","modified_gmt":"2025-06-05T11:39:10","slug":"enzoani-portrait-alara-2","status":"publish","type":"product","link":"https:\/\/www.koonings.com\/fr\/product\/enzoani-portrait-alara-2\/","title":{"rendered":"Enzoani Portrait Alara"},"content":{"rendered":"<p>Portrait x ALARA est une robe sir\u00e8ne classique avec une l\u00e9g\u00e8re touche de vintage. Une couche de dentelle brod\u00e9e de fleurs et de paillettes flotte sur une douce dentelle de Chantilly et s&#8217;\u00e9coule sans effort vers une tra\u00eene transparente. Un d\u00e9collet\u00e9 profond et sexy avec d&#8217;\u00e9paisses bretelles spaghetti et un dos rehauss\u00e9 assurent un soutien sans effort \u00e0 cette magnifique robe. La magnifique silhouette ajust\u00e9e et \u00e9vas\u00e9e est finie par de d\u00e9licats boutons recouverts qui embellissent le dos.   <\/p>\n","protected":false},"featured_media":67561,"template":"","meta":{"_acf_changed":false,"ghostkit_customizer_options":"","ghostkit_custom_css":"","ghostkit_custom_js_head":"","ghostkit_custom_js_foot":"","ghostkit_typography":""},"productdetails":[379,376,381],"productneck":[356],"productcolor":[392],"maat":[375],"productsupplier":[460],"productsleeve":[359],"productcategory":[18],"productsilhouette":[387,389],"productstyle":[370,368],"class_list":["post-79158","product","type-product","status-publish","has-post-thumbnail","hentry","productdetails-379","productdetails-376","productdetails-381","productneck-356","productcolor-392","maat-375","productsupplier-enzoani-portrait","productsleeve-359","productcategory-trouwjurken","productsilhouette-387","productsilhouette-389","productstyle-370","productstyle-368"],"acf":[],"yoast_head":"<!-- This site is optimized with the Yoast SEO plugin v27.3 - https:\/\/yoast.com\/product\/yoast-seo-wordpress\/ -->\n<title>Enzoani Portrait Alara | Koonings<\/title>\n<meta name=\"description\" content=\"Portrait x ALARA est une robe sir\u00e8ne classique avec une l\u00e9g\u00e8re touche de vintage. Une couche de dentelle brod\u00e9e de fleurs et de paillettes flotte sur une douce dentelle de Chantilly et s&#039;\u00e9coule sans effort vers une tra\u00eene transparente. Un d\u00e9collet\u00e9 profond et sexy avec d&#039;\u00e9paisses bretelles spaghetti et un dos rehauss\u00e9 assurent un soutien sans effort \u00e0 cette magnifique robe. La magnifique silhouette ajust\u00e9e et \u00e9vas\u00e9e est finie par de d\u00e9licats boutons recouverts qui embellissent le dos.\" \/>\n<meta name=\"robots\" content=\"index, follow, max-snippet:-1, max-image-preview:large, max-video-preview:-1\" \/>\n<link rel=\"canonical\" href=\"https:\/\/www.koonings.com\/fr\/product\/enzoani-portrait-alara-2\/\" \/>\n<meta property=\"og:locale\" content=\"fr_FR\" \/>\n<meta property=\"og:type\" content=\"article\" \/>\n<meta property=\"og:title\" content=\"Enzoani Portrait Alara | Koonings\" \/>\n<meta property=\"og:description\" content=\"Portrait x ALARA est une robe sir\u00e8ne classique avec une l\u00e9g\u00e8re touche de vintage. Une couche de dentelle brod\u00e9e de fleurs et de paillettes flotte sur une douce dentelle de Chantilly et s&#039;\u00e9coule sans effort vers une tra\u00eene transparente. Un d\u00e9collet\u00e9 profond et sexy avec d&#039;\u00e9paisses bretelles spaghetti et un dos rehauss\u00e9 assurent un soutien sans effort \u00e0 cette magnifique robe. La magnifique silhouette ajust\u00e9e et \u00e9vas\u00e9e est finie par de d\u00e9licats boutons recouverts qui embellissent le dos.\" \/>\n<meta property=\"og:url\" content=\"https:\/\/www.koonings.com\/fr\/product\/enzoani-portrait-alara-2\/\" \/>\n<meta property=\"og:site_name\" content=\"Koonings\" \/>\n<meta property=\"article:publisher\" content=\"https:\/\/www.facebook.com\/kooningstheweddingpalace\" \/>\n<meta property=\"og:image\" content=\"https:\/\/www.koonings.com\/wp-content\/uploads\/2024\/11\/41176_6043ce112ef3f1fc17b776d10fba46eeb7ed13d1d0cf1d6ce2461a8e55f103a8982eb715.jpeg\" \/>\n\t<meta property=\"og:image:width\" content=\"951\" \/>\n\t<meta property=\"og:image:height\" content=\"1344\" \/>\n\t<meta property=\"og:image:type\" content=\"image\/jpeg\" \/>\n<meta name=\"twitter:card\" content=\"summary_large_image\" \/>\n<script type=\"application\/ld+json\" class=\"yoast-schema-graph\">{\"@context\":\"https:\\\/\\\/schema.org\",\"@graph\":[{\"@type\":\"WebPage\",\"@id\":\"https:\\\/\\\/www.koonings.com\\\/fr\\\/product\\\/enzoani-portrait-alara-2\\\/\",\"url\":\"https:\\\/\\\/www.koonings.com\\\/fr\\\/product\\\/enzoani-portrait-alara-2\\\/\",\"name\":\"Enzoani Portrait Alara | Koonings\",\"isPartOf\":{\"@id\":\"https:\\\/\\\/www.koonings.com\\\/fr\\\/#website\"},\"primaryImageOfPage\":{\"@id\":\"https:\\\/\\\/www.koonings.com\\\/fr\\\/product\\\/enzoani-portrait-alara-2\\\/#primaryimage\"},\"image\":{\"@id\":\"https:\\\/\\\/www.koonings.com\\\/fr\\\/product\\\/enzoani-portrait-alara-2\\\/#primaryimage\"},\"thumbnailUrl\":\"https:\\\/\\\/www.koonings.com\\\/wp-content\\\/uploads\\\/2024\\\/11\\\/41176_6043ce112ef3f1fc17b776d10fba46eeb7ed13d1d0cf1d6ce2461a8e55f103a8982eb715.jpeg\",\"datePublished\":\"2026-04-14T14:28:12+00:00\",\"description\":\"Portrait x ALARA est une robe sir\u00e8ne classique avec une l\u00e9g\u00e8re touche de vintage. Une couche de dentelle brod\u00e9e de fleurs et de paillettes flotte sur une douce dentelle de Chantilly et s'\u00e9coule sans effort vers une tra\u00eene transparente. Un d\u00e9collet\u00e9 profond et sexy avec d'\u00e9paisses bretelles spaghetti et un dos rehauss\u00e9 assurent un soutien sans effort \u00e0 cette magnifique robe. La magnifique silhouette ajust\u00e9e et \u00e9vas\u00e9e est finie par de d\u00e9licats boutons recouverts qui embellissent le dos.\",\"breadcrumb\":{\"@id\":\"https:\\\/\\\/www.koonings.com\\\/fr\\\/product\\\/enzoani-portrait-alara-2\\\/#breadcrumb\"},\"inLanguage\":\"fr-FR\",\"potentialAction\":[{\"@type\":\"ReadAction\",\"target\":[\"https:\\\/\\\/www.koonings.com\\\/fr\\\/product\\\/enzoani-portrait-alara-2\\\/\"]}]},{\"@type\":\"ImageObject\",\"inLanguage\":\"fr-FR\",\"@id\":\"https:\\\/\\\/www.koonings.com\\\/fr\\\/product\\\/enzoani-portrait-alara-2\\\/#primaryimage\",\"url\":\"https:\\\/\\\/www.koonings.com\\\/wp-content\\\/uploads\\\/2024\\\/11\\\/41176_6043ce112ef3f1fc17b776d10fba46eeb7ed13d1d0cf1d6ce2461a8e55f103a8982eb715.jpeg\",\"contentUrl\":\"https:\\\/\\\/www.koonings.com\\\/wp-content\\\/uploads\\\/2024\\\/11\\\/41176_6043ce112ef3f1fc17b776d10fba46eeb7ed13d1d0cf1d6ce2461a8e55f103a8982eb715.jpeg\",\"width\":951,\"height\":1344},{\"@type\":\"BreadcrumbList\",\"@id\":\"https:\\\/\\\/www.koonings.com\\\/fr\\\/product\\\/enzoani-portrait-alara-2\\\/#breadcrumb\",\"itemListElement\":[{\"@type\":\"ListItem\",\"position\":1,\"name\":\"Home\",\"item\":\"https:\\\/\\\/www.koonings.com\\\/fr\\\/\"},{\"@type\":\"ListItem\",\"position\":2,\"name\":\"Enzoani Portrait Alara\"}]},{\"@type\":\"WebSite\",\"@id\":\"https:\\\/\\\/www.koonings.com\\\/fr\\\/#website\",\"url\":\"https:\\\/\\\/www.koonings.com\\\/fr\\\/\",\"name\":\"Koonings\",\"description\":\"De grootste bruidsmodewinkel ter wereld\",\"publisher\":{\"@id\":\"https:\\\/\\\/www.koonings.com\\\/fr\\\/#organization\"},\"potentialAction\":[{\"@type\":\"SearchAction\",\"target\":{\"@type\":\"EntryPoint\",\"urlTemplate\":\"https:\\\/\\\/www.koonings.com\\\/fr\\\/?s={search_term_string}\"},\"query-input\":{\"@type\":\"PropertyValueSpecification\",\"valueRequired\":true,\"valueName\":\"search_term_string\"}}],\"inLanguage\":\"fr-FR\"},{\"@type\":\"Organization\",\"@id\":\"https:\\\/\\\/www.koonings.com\\\/fr\\\/#organization\",\"name\":\"Koonings\",\"url\":\"https:\\\/\\\/www.koonings.com\\\/fr\\\/\",\"logo\":{\"@type\":\"ImageObject\",\"inLanguage\":\"fr-FR\",\"@id\":\"https:\\\/\\\/www.koonings.com\\\/fr\\\/#\\\/schema\\\/logo\\\/image\\\/\",\"url\":\"https:\\\/\\\/www.koonings.com\\\/wp-content\\\/uploads\\\/2024\\\/07\\\/logo.png\",\"contentUrl\":\"https:\\\/\\\/www.koonings.com\\\/wp-content\\\/uploads\\\/2024\\\/07\\\/logo.png\",\"width\":600,\"height\":428,\"caption\":\"Koonings\"},\"image\":{\"@id\":\"https:\\\/\\\/www.koonings.com\\\/fr\\\/#\\\/schema\\\/logo\\\/image\\\/\"},\"sameAs\":[\"https:\\\/\\\/www.facebook.com\\\/kooningstheweddingpalace\",\"https:\\\/\\\/www.instagram.com\\\/kooningstheweddingpalace\",\"https:\\\/\\\/www.pinterest.com\\\/koonings\",\"https:\\\/\\\/www.youtube.com\\\/kooningstheweddingpalace\"]}]}<\/script>\n<!-- \/ Yoast SEO plugin. -->","yoast_head_json":{"title":"Enzoani Portrait Alara | Koonings","description":"Portrait x ALARA est une robe sir\u00e8ne classique avec une l\u00e9g\u00e8re touche de vintage. Une couche de dentelle brod\u00e9e de fleurs et de paillettes flotte sur une douce dentelle de Chantilly et s'\u00e9coule sans effort vers une tra\u00eene transparente. Un d\u00e9collet\u00e9 profond et sexy avec d'\u00e9paisses bretelles spaghetti et un dos rehauss\u00e9 assurent un soutien sans effort \u00e0 cette magnifique robe. La magnifique silhouette ajust\u00e9e et \u00e9vas\u00e9e est finie par de d\u00e9licats boutons recouverts qui embellissent le dos.","robots":{"index":"index","follow":"follow","max-snippet":"max-snippet:-1","max-image-preview":"max-image-preview:large","max-video-preview":"max-video-preview:-1"},"canonical":"https:\/\/www.koonings.com\/fr\/product\/enzoani-portrait-alara-2\/","og_locale":"fr_FR","og_type":"article","og_title":"Enzoani Portrait Alara | Koonings","og_description":"Portrait x ALARA est une robe sir\u00e8ne classique avec une l\u00e9g\u00e8re touche de vintage. Une couche de dentelle brod\u00e9e de fleurs et de paillettes flotte sur une douce dentelle de Chantilly et s'\u00e9coule sans effort vers une tra\u00eene transparente. Un d\u00e9collet\u00e9 profond et sexy avec d'\u00e9paisses bretelles spaghetti et un dos rehauss\u00e9 assurent un soutien sans effort \u00e0 cette magnifique robe. La magnifique silhouette ajust\u00e9e et \u00e9vas\u00e9e est finie par de d\u00e9licats boutons recouverts qui embellissent le dos.","og_url":"https:\/\/www.koonings.com\/fr\/product\/enzoani-portrait-alara-2\/","og_site_name":"Koonings","article_publisher":"https:\/\/www.facebook.com\/kooningstheweddingpalace","og_image":[{"width":951,"height":1344,"url":"https:\/\/www.koonings.com\/wp-content\/uploads\/2024\/11\/41176_6043ce112ef3f1fc17b776d10fba46eeb7ed13d1d0cf1d6ce2461a8e55f103a8982eb715.jpeg","type":"image\/jpeg"}],"twitter_card":"summary_large_image","schema":{"@context":"https:\/\/schema.org","@graph":[{"@type":"WebPage","@id":"https:\/\/www.koonings.com\/fr\/product\/enzoani-portrait-alara-2\/","url":"https:\/\/www.koonings.com\/fr\/product\/enzoani-portrait-alara-2\/","name":"Enzoani Portrait Alara | Koonings","isPartOf":{"@id":"https:\/\/www.koonings.com\/fr\/#website"},"primaryImageOfPage":{"@id":"https:\/\/www.koonings.com\/fr\/product\/enzoani-portrait-alara-2\/#primaryimage"},"image":{"@id":"https:\/\/www.koonings.com\/fr\/product\/enzoani-portrait-alara-2\/#primaryimage"},"thumbnailUrl":"https:\/\/www.koonings.com\/wp-content\/uploads\/2024\/11\/41176_6043ce112ef3f1fc17b776d10fba46eeb7ed13d1d0cf1d6ce2461a8e55f103a8982eb715.jpeg","datePublished":"2026-04-14T14:28:12+00:00","description":"Portrait x ALARA est une robe sir\u00e8ne classique avec une l\u00e9g\u00e8re touche de vintage. Une couche de dentelle brod\u00e9e de fleurs et de paillettes flotte sur une douce dentelle de Chantilly et s'\u00e9coule sans effort vers une tra\u00eene transparente. Un d\u00e9collet\u00e9 profond et sexy avec d'\u00e9paisses bretelles spaghetti et un dos rehauss\u00e9 assurent un soutien sans effort \u00e0 cette magnifique robe. La magnifique silhouette ajust\u00e9e et \u00e9vas\u00e9e est finie par de d\u00e9licats boutons recouverts qui embellissent le dos.","breadcrumb":{"@id":"https:\/\/www.koonings.com\/fr\/product\/enzoani-portrait-alara-2\/#breadcrumb"},"inLanguage":"fr-FR","potentialAction":[{"@type":"ReadAction","target":["https:\/\/www.koonings.com\/fr\/product\/enzoani-portrait-alara-2\/"]}]},{"@type":"ImageObject","inLanguage":"fr-FR","@id":"https:\/\/www.koonings.com\/fr\/product\/enzoani-portrait-alara-2\/#primaryimage","url":"https:\/\/www.koonings.com\/wp-content\/uploads\/2024\/11\/41176_6043ce112ef3f1fc17b776d10fba46eeb7ed13d1d0cf1d6ce2461a8e55f103a8982eb715.jpeg","contentUrl":"https:\/\/www.koonings.com\/wp-content\/uploads\/2024\/11\/41176_6043ce112ef3f1fc17b776d10fba46eeb7ed13d1d0cf1d6ce2461a8e55f103a8982eb715.jpeg","width":951,"height":1344},{"@type":"BreadcrumbList","@id":"https:\/\/www.koonings.com\/fr\/product\/enzoani-portrait-alara-2\/#breadcrumb","itemListElement":[{"@type":"ListItem","position":1,"name":"Home","item":"https:\/\/www.koonings.com\/fr\/"},{"@type":"ListItem","position":2,"name":"Enzoani Portrait Alara"}]},{"@type":"WebSite","@id":"https:\/\/www.koonings.com\/fr\/#website","url":"https:\/\/www.koonings.com\/fr\/","name":"Koonings","description":"De grootste bruidsmodewinkel ter wereld","publisher":{"@id":"https:\/\/www.koonings.com\/fr\/#organization"},"potentialAction":[{"@type":"SearchAction","target":{"@type":"EntryPoint","urlTemplate":"https:\/\/www.koonings.com\/fr\/?s={search_term_string}"},"query-input":{"@type":"PropertyValueSpecification","valueRequired":true,"valueName":"search_term_string"}}],"inLanguage":"fr-FR"},{"@type":"Organization","@id":"https:\/\/www.koonings.com\/fr\/#organization","name":"Koonings","url":"https:\/\/www.koonings.com\/fr\/","logo":{"@type":"ImageObject","inLanguage":"fr-FR","@id":"https:\/\/www.koonings.com\/fr\/#\/schema\/logo\/image\/","url":"https:\/\/www.koonings.com\/wp-content\/uploads\/2024\/07\/logo.png","contentUrl":"https:\/\/www.koonings.com\/wp-content\/uploads\/2024\/07\/logo.png","width":600,"height":428,"caption":"Koonings"},"image":{"@id":"https:\/\/www.koonings.com\/fr\/#\/schema\/logo\/image\/"},"sameAs":["https:\/\/www.facebook.com\/kooningstheweddingpalace","https:\/\/www.instagram.com\/kooningstheweddingpalace","https:\/\/www.pinterest.com\/koonings","https:\/\/www.youtube.com\/kooningstheweddingpalace"]}]}},"_links":{"self":[{"href":"https:\/\/www.koonings.com\/fr\/wp-json\/wp\/v2\/product\/79158","targetHints":{"allow":["GET"]}}],"collection":[{"href":"https:\/\/www.koonings.com\/fr\/wp-json\/wp\/v2\/product"}],"about":[{"href":"https:\/\/www.koonings.com\/fr\/wp-json\/wp\/v2\/types\/product"}],"wp:featuredmedia":[{"embeddable":true,"href":"https:\/\/www.koonings.com\/fr\/wp-json\/wp\/v2\/media\/67561"}],"wp:attachment":[{"href":"https:\/\/www.koonings.com\/fr\/wp-json\/wp\/v2\/media?parent=79158"}],"wp:term":[{"taxonomy":"productdetails","embeddable":true,"href":"https:\/\/www.koonings.com\/fr\/wp-json\/wp\/v2\/productdetails?post=79158"},{"taxonomy":"productneck","embeddable":true,"href":"https:\/\/www.koonings.com\/fr\/wp-json\/wp\/v2\/productneck?post=79158"},{"taxonomy":"productcolor","embeddable":true,"href":"https:\/\/www.koonings.com\/fr\/wp-json\/wp\/v2\/productcolor?post=79158"},{"taxonomy":"maat","embeddable":true,"href":"https:\/\/www.koonings.com\/fr\/wp-json\/wp\/v2\/maat?post=79158"},{"taxonomy":"productsupplier","embeddable":true,"href":"https:\/\/www.koonings.com\/fr\/wp-json\/wp\/v2\/productsupplier?post=79158"},{"taxonomy":"productsleeve","embeddable":true,"href":"https:\/\/www.koonings.com\/fr\/wp-json\/wp\/v2\/productsleeve?post=79158"},{"taxonomy":"productcategory","embeddable":true,"href":"https:\/\/www.koonings.com\/fr\/wp-json\/wp\/v2\/productcategory?post=79158"},{"taxonomy":"productsilhouette","embeddable":true,"href":"https:\/\/www.koonings.com\/fr\/wp-json\/wp\/v2\/productsilhouette?post=79158"},{"taxonomy":"productstyle","embeddable":true,"href":"https:\/\/www.koonings.com\/fr\/wp-json\/wp\/v2\/productstyle?post=79158"}],"curies":[{"name":"wp","href":"https:\/\/api.w.org\/{rel}","templated":true}]}}