{"id":79155,"date":"2026-04-28T18:26:26","date_gmt":"2026-04-28T16:26:26","guid":{"rendered":"https:\/\/www.koonings.com\/product\/enzoani-portrait-bethenny\/"},"modified":"2025-06-05T13:39:14","modified_gmt":"2025-06-05T11:39:14","slug":"enzoani-portrait-bethenny","status":"publish","type":"product","link":"https:\/\/www.koonings.com\/fr\/product\/enzoani-portrait-bethenny\/","title":{"rendered":"Enzoani Portrait Bethenny"},"content":{"rendered":"<p>Pour une \u00e9l\u00e9gance intemporelle avec une touche de romantisme, Portrait x BETHENNY pr\u00e9sente un corsage sulfureux avec une encolure profonde embellie par une dentelle brod\u00e9e de fleurs complexes et de d\u00e9licats boutons recouverts sur le dos sur\u00e9lev\u00e9 de type corset qui \u00e9pouse le corps. Cette robe \u00e9blouissante est \u00e9quilibr\u00e9e par une jupe en mousseline de soie a\u00e9rienne \u00e0 plusieurs couches, rehauss\u00e9e d&#8217;une fente haute saisissante pour une dose suppl\u00e9mentaire de sex-appeal. <\/p>\n","protected":false},"featured_media":67599,"template":"","meta":{"_acf_changed":false,"ghostkit_customizer_options":"","ghostkit_custom_css":"","ghostkit_custom_js_head":"","ghostkit_custom_js_foot":"","ghostkit_typography":""},"productdetails":[379,376,378],"productneck":[354,356],"productcolor":[393,392],"maat":[375],"productsupplier":[460],"productsleeve":[],"productcategory":[18],"productsilhouette":[389],"productstyle":[366,370],"class_list":["post-79155","product","type-product","status-publish","has-post-thumbnail","hentry","productdetails-379","productdetails-376","productdetails-378","productneck-354","productneck-356","productcolor-393","productcolor-392","maat-375","productsupplier-enzoani-portrait","productcategory-trouwjurken","productsilhouette-389","productstyle-366","productstyle-370"],"acf":[],"yoast_head":"<!-- This site is optimized with the Yoast SEO plugin v27.3 - https:\/\/yoast.com\/product\/yoast-seo-wordpress\/ -->\n<title>Enzoani Portrait Bethenny | Koonings<\/title>\n<meta name=\"description\" content=\"Pour une \u00e9l\u00e9gance intemporelle avec une touche de romantisme, Portrait x BETHENNY pr\u00e9sente un corsage sulfureux avec une encolure profonde embellie par une dentelle brod\u00e9e de fleurs complexes et de d\u00e9licats boutons recouverts sur le dos sur\u00e9lev\u00e9 de type corset qui \u00e9pouse le corps. Cette robe \u00e9blouissante est \u00e9quilibr\u00e9e par une jupe en mousseline de soie a\u00e9rienne \u00e0 plusieurs couches, rehauss\u00e9e d&#039;une fente haute saisissante pour une dose suppl\u00e9mentaire de sex-appeal.\" \/>\n<meta name=\"robots\" content=\"index, follow, max-snippet:-1, max-image-preview:large, max-video-preview:-1\" \/>\n<link rel=\"canonical\" href=\"https:\/\/www.koonings.com\/fr\/product\/enzoani-portrait-bethenny\/\" \/>\n<meta property=\"og:locale\" content=\"fr_FR\" \/>\n<meta property=\"og:type\" content=\"article\" \/>\n<meta property=\"og:title\" content=\"Enzoani Portrait Bethenny | Koonings\" \/>\n<meta property=\"og:description\" content=\"Pour une \u00e9l\u00e9gance intemporelle avec une touche de romantisme, Portrait x BETHENNY pr\u00e9sente un corsage sulfureux avec une encolure profonde embellie par une dentelle brod\u00e9e de fleurs complexes et de d\u00e9licats boutons recouverts sur le dos sur\u00e9lev\u00e9 de type corset qui \u00e9pouse le corps. Cette robe \u00e9blouissante est \u00e9quilibr\u00e9e par une jupe en mousseline de soie a\u00e9rienne \u00e0 plusieurs couches, rehauss\u00e9e d&#039;une fente haute saisissante pour une dose suppl\u00e9mentaire de sex-appeal.\" \/>\n<meta property=\"og:url\" content=\"https:\/\/www.koonings.com\/fr\/product\/enzoani-portrait-bethenny\/\" \/>\n<meta property=\"og:site_name\" content=\"Koonings\" \/>\n<meta property=\"article:publisher\" content=\"https:\/\/www.facebook.com\/kooningstheweddingpalace\" \/>\n<meta property=\"og:image\" content=\"https:\/\/www.koonings.com\/wp-content\/uploads\/2024\/11\/41181_a335901329cae6c53d82cd1b8c8bf9c9311e6524ac9484a9b7ad1940ef51f009c61970de.jpeg\" \/>\n\t<meta property=\"og:image:width\" content=\"958\" \/>\n\t<meta property=\"og:image:height\" content=\"1356\" \/>\n\t<meta property=\"og:image:type\" content=\"image\/jpeg\" \/>\n<meta name=\"twitter:card\" content=\"summary_large_image\" \/>\n<script type=\"application\/ld+json\" class=\"yoast-schema-graph\">{\"@context\":\"https:\\\/\\\/schema.org\",\"@graph\":[{\"@type\":\"WebPage\",\"@id\":\"https:\\\/\\\/www.koonings.com\\\/fr\\\/product\\\/enzoani-portrait-bethenny\\\/\",\"url\":\"https:\\\/\\\/www.koonings.com\\\/fr\\\/product\\\/enzoani-portrait-bethenny\\\/\",\"name\":\"Enzoani Portrait Bethenny | Koonings\",\"isPartOf\":{\"@id\":\"https:\\\/\\\/www.koonings.com\\\/fr\\\/#website\"},\"primaryImageOfPage\":{\"@id\":\"https:\\\/\\\/www.koonings.com\\\/fr\\\/product\\\/enzoani-portrait-bethenny\\\/#primaryimage\"},\"image\":{\"@id\":\"https:\\\/\\\/www.koonings.com\\\/fr\\\/product\\\/enzoani-portrait-bethenny\\\/#primaryimage\"},\"thumbnailUrl\":\"https:\\\/\\\/www.koonings.com\\\/wp-content\\\/uploads\\\/2024\\\/11\\\/41181_a335901329cae6c53d82cd1b8c8bf9c9311e6524ac9484a9b7ad1940ef51f009c61970de.jpeg\",\"datePublished\":\"2026-04-28T16:26:26+00:00\",\"description\":\"Pour une \u00e9l\u00e9gance intemporelle avec une touche de romantisme, Portrait x BETHENNY pr\u00e9sente un corsage sulfureux avec une encolure profonde embellie par une dentelle brod\u00e9e de fleurs complexes et de d\u00e9licats boutons recouverts sur le dos sur\u00e9lev\u00e9 de type corset qui \u00e9pouse le corps. Cette robe \u00e9blouissante est \u00e9quilibr\u00e9e par une jupe en mousseline de soie a\u00e9rienne \u00e0 plusieurs couches, rehauss\u00e9e d'une fente haute saisissante pour une dose suppl\u00e9mentaire de sex-appeal.\",\"breadcrumb\":{\"@id\":\"https:\\\/\\\/www.koonings.com\\\/fr\\\/product\\\/enzoani-portrait-bethenny\\\/#breadcrumb\"},\"inLanguage\":\"fr-FR\",\"potentialAction\":[{\"@type\":\"ReadAction\",\"target\":[\"https:\\\/\\\/www.koonings.com\\\/fr\\\/product\\\/enzoani-portrait-bethenny\\\/\"]}]},{\"@type\":\"ImageObject\",\"inLanguage\":\"fr-FR\",\"@id\":\"https:\\\/\\\/www.koonings.com\\\/fr\\\/product\\\/enzoani-portrait-bethenny\\\/#primaryimage\",\"url\":\"https:\\\/\\\/www.koonings.com\\\/wp-content\\\/uploads\\\/2024\\\/11\\\/41181_a335901329cae6c53d82cd1b8c8bf9c9311e6524ac9484a9b7ad1940ef51f009c61970de.jpeg\",\"contentUrl\":\"https:\\\/\\\/www.koonings.com\\\/wp-content\\\/uploads\\\/2024\\\/11\\\/41181_a335901329cae6c53d82cd1b8c8bf9c9311e6524ac9484a9b7ad1940ef51f009c61970de.jpeg\",\"width\":958,\"height\":1356},{\"@type\":\"BreadcrumbList\",\"@id\":\"https:\\\/\\\/www.koonings.com\\\/fr\\\/product\\\/enzoani-portrait-bethenny\\\/#breadcrumb\",\"itemListElement\":[{\"@type\":\"ListItem\",\"position\":1,\"name\":\"Home\",\"item\":\"https:\\\/\\\/www.koonings.com\\\/fr\\\/\"},{\"@type\":\"ListItem\",\"position\":2,\"name\":\"Enzoani Portrait Bethenny\"}]},{\"@type\":\"WebSite\",\"@id\":\"https:\\\/\\\/www.koonings.com\\\/fr\\\/#website\",\"url\":\"https:\\\/\\\/www.koonings.com\\\/fr\\\/\",\"name\":\"Koonings\",\"description\":\"De grootste bruidsmodewinkel ter wereld\",\"publisher\":{\"@id\":\"https:\\\/\\\/www.koonings.com\\\/fr\\\/#organization\"},\"potentialAction\":[{\"@type\":\"SearchAction\",\"target\":{\"@type\":\"EntryPoint\",\"urlTemplate\":\"https:\\\/\\\/www.koonings.com\\\/fr\\\/?s={search_term_string}\"},\"query-input\":{\"@type\":\"PropertyValueSpecification\",\"valueRequired\":true,\"valueName\":\"search_term_string\"}}],\"inLanguage\":\"fr-FR\"},{\"@type\":\"Organization\",\"@id\":\"https:\\\/\\\/www.koonings.com\\\/fr\\\/#organization\",\"name\":\"Koonings\",\"url\":\"https:\\\/\\\/www.koonings.com\\\/fr\\\/\",\"logo\":{\"@type\":\"ImageObject\",\"inLanguage\":\"fr-FR\",\"@id\":\"https:\\\/\\\/www.koonings.com\\\/fr\\\/#\\\/schema\\\/logo\\\/image\\\/\",\"url\":\"https:\\\/\\\/www.koonings.com\\\/wp-content\\\/uploads\\\/2024\\\/07\\\/logo.png\",\"contentUrl\":\"https:\\\/\\\/www.koonings.com\\\/wp-content\\\/uploads\\\/2024\\\/07\\\/logo.png\",\"width\":600,\"height\":428,\"caption\":\"Koonings\"},\"image\":{\"@id\":\"https:\\\/\\\/www.koonings.com\\\/fr\\\/#\\\/schema\\\/logo\\\/image\\\/\"},\"sameAs\":[\"https:\\\/\\\/www.facebook.com\\\/kooningstheweddingpalace\",\"https:\\\/\\\/www.instagram.com\\\/kooningstheweddingpalace\",\"https:\\\/\\\/www.pinterest.com\\\/koonings\",\"https:\\\/\\\/www.youtube.com\\\/kooningstheweddingpalace\"]}]}<\/script>\n<!-- \/ Yoast SEO plugin. -->","yoast_head_json":{"title":"Enzoani Portrait Bethenny | Koonings","description":"Pour une \u00e9l\u00e9gance intemporelle avec une touche de romantisme, Portrait x BETHENNY pr\u00e9sente un corsage sulfureux avec une encolure profonde embellie par une dentelle brod\u00e9e de fleurs complexes et de d\u00e9licats boutons recouverts sur le dos sur\u00e9lev\u00e9 de type corset qui \u00e9pouse le corps. Cette robe \u00e9blouissante est \u00e9quilibr\u00e9e par une jupe en mousseline de soie a\u00e9rienne \u00e0 plusieurs couches, rehauss\u00e9e d'une fente haute saisissante pour une dose suppl\u00e9mentaire de sex-appeal.","robots":{"index":"index","follow":"follow","max-snippet":"max-snippet:-1","max-image-preview":"max-image-preview:large","max-video-preview":"max-video-preview:-1"},"canonical":"https:\/\/www.koonings.com\/fr\/product\/enzoani-portrait-bethenny\/","og_locale":"fr_FR","og_type":"article","og_title":"Enzoani Portrait Bethenny | Koonings","og_description":"Pour une \u00e9l\u00e9gance intemporelle avec une touche de romantisme, Portrait x BETHENNY pr\u00e9sente un corsage sulfureux avec une encolure profonde embellie par une dentelle brod\u00e9e de fleurs complexes et de d\u00e9licats boutons recouverts sur le dos sur\u00e9lev\u00e9 de type corset qui \u00e9pouse le corps. Cette robe \u00e9blouissante est \u00e9quilibr\u00e9e par une jupe en mousseline de soie a\u00e9rienne \u00e0 plusieurs couches, rehauss\u00e9e d'une fente haute saisissante pour une dose suppl\u00e9mentaire de sex-appeal.","og_url":"https:\/\/www.koonings.com\/fr\/product\/enzoani-portrait-bethenny\/","og_site_name":"Koonings","article_publisher":"https:\/\/www.facebook.com\/kooningstheweddingpalace","og_image":[{"width":958,"height":1356,"url":"https:\/\/www.koonings.com\/wp-content\/uploads\/2024\/11\/41181_a335901329cae6c53d82cd1b8c8bf9c9311e6524ac9484a9b7ad1940ef51f009c61970de.jpeg","type":"image\/jpeg"}],"twitter_card":"summary_large_image","schema":{"@context":"https:\/\/schema.org","@graph":[{"@type":"WebPage","@id":"https:\/\/www.koonings.com\/fr\/product\/enzoani-portrait-bethenny\/","url":"https:\/\/www.koonings.com\/fr\/product\/enzoani-portrait-bethenny\/","name":"Enzoani Portrait Bethenny | Koonings","isPartOf":{"@id":"https:\/\/www.koonings.com\/fr\/#website"},"primaryImageOfPage":{"@id":"https:\/\/www.koonings.com\/fr\/product\/enzoani-portrait-bethenny\/#primaryimage"},"image":{"@id":"https:\/\/www.koonings.com\/fr\/product\/enzoani-portrait-bethenny\/#primaryimage"},"thumbnailUrl":"https:\/\/www.koonings.com\/wp-content\/uploads\/2024\/11\/41181_a335901329cae6c53d82cd1b8c8bf9c9311e6524ac9484a9b7ad1940ef51f009c61970de.jpeg","datePublished":"2026-04-28T16:26:26+00:00","description":"Pour une \u00e9l\u00e9gance intemporelle avec une touche de romantisme, Portrait x BETHENNY pr\u00e9sente un corsage sulfureux avec une encolure profonde embellie par une dentelle brod\u00e9e de fleurs complexes et de d\u00e9licats boutons recouverts sur le dos sur\u00e9lev\u00e9 de type corset qui \u00e9pouse le corps. Cette robe \u00e9blouissante est \u00e9quilibr\u00e9e par une jupe en mousseline de soie a\u00e9rienne \u00e0 plusieurs couches, rehauss\u00e9e d'une fente haute saisissante pour une dose suppl\u00e9mentaire de sex-appeal.","breadcrumb":{"@id":"https:\/\/www.koonings.com\/fr\/product\/enzoani-portrait-bethenny\/#breadcrumb"},"inLanguage":"fr-FR","potentialAction":[{"@type":"ReadAction","target":["https:\/\/www.koonings.com\/fr\/product\/enzoani-portrait-bethenny\/"]}]},{"@type":"ImageObject","inLanguage":"fr-FR","@id":"https:\/\/www.koonings.com\/fr\/product\/enzoani-portrait-bethenny\/#primaryimage","url":"https:\/\/www.koonings.com\/wp-content\/uploads\/2024\/11\/41181_a335901329cae6c53d82cd1b8c8bf9c9311e6524ac9484a9b7ad1940ef51f009c61970de.jpeg","contentUrl":"https:\/\/www.koonings.com\/wp-content\/uploads\/2024\/11\/41181_a335901329cae6c53d82cd1b8c8bf9c9311e6524ac9484a9b7ad1940ef51f009c61970de.jpeg","width":958,"height":1356},{"@type":"BreadcrumbList","@id":"https:\/\/www.koonings.com\/fr\/product\/enzoani-portrait-bethenny\/#breadcrumb","itemListElement":[{"@type":"ListItem","position":1,"name":"Home","item":"https:\/\/www.koonings.com\/fr\/"},{"@type":"ListItem","position":2,"name":"Enzoani Portrait Bethenny"}]},{"@type":"WebSite","@id":"https:\/\/www.koonings.com\/fr\/#website","url":"https:\/\/www.koonings.com\/fr\/","name":"Koonings","description":"De grootste bruidsmodewinkel ter wereld","publisher":{"@id":"https:\/\/www.koonings.com\/fr\/#organization"},"potentialAction":[{"@type":"SearchAction","target":{"@type":"EntryPoint","urlTemplate":"https:\/\/www.koonings.com\/fr\/?s={search_term_string}"},"query-input":{"@type":"PropertyValueSpecification","valueRequired":true,"valueName":"search_term_string"}}],"inLanguage":"fr-FR"},{"@type":"Organization","@id":"https:\/\/www.koonings.com\/fr\/#organization","name":"Koonings","url":"https:\/\/www.koonings.com\/fr\/","logo":{"@type":"ImageObject","inLanguage":"fr-FR","@id":"https:\/\/www.koonings.com\/fr\/#\/schema\/logo\/image\/","url":"https:\/\/www.koonings.com\/wp-content\/uploads\/2024\/07\/logo.png","contentUrl":"https:\/\/www.koonings.com\/wp-content\/uploads\/2024\/07\/logo.png","width":600,"height":428,"caption":"Koonings"},"image":{"@id":"https:\/\/www.koonings.com\/fr\/#\/schema\/logo\/image\/"},"sameAs":["https:\/\/www.facebook.com\/kooningstheweddingpalace","https:\/\/www.instagram.com\/kooningstheweddingpalace","https:\/\/www.pinterest.com\/koonings","https:\/\/www.youtube.com\/kooningstheweddingpalace"]}]}},"_links":{"self":[{"href":"https:\/\/www.koonings.com\/fr\/wp-json\/wp\/v2\/product\/79155","targetHints":{"allow":["GET"]}}],"collection":[{"href":"https:\/\/www.koonings.com\/fr\/wp-json\/wp\/v2\/product"}],"about":[{"href":"https:\/\/www.koonings.com\/fr\/wp-json\/wp\/v2\/types\/product"}],"wp:featuredmedia":[{"embeddable":true,"href":"https:\/\/www.koonings.com\/fr\/wp-json\/wp\/v2\/media\/67599"}],"wp:attachment":[{"href":"https:\/\/www.koonings.com\/fr\/wp-json\/wp\/v2\/media?parent=79155"}],"wp:term":[{"taxonomy":"productdetails","embeddable":true,"href":"https:\/\/www.koonings.com\/fr\/wp-json\/wp\/v2\/productdetails?post=79155"},{"taxonomy":"productneck","embeddable":true,"href":"https:\/\/www.koonings.com\/fr\/wp-json\/wp\/v2\/productneck?post=79155"},{"taxonomy":"productcolor","embeddable":true,"href":"https:\/\/www.koonings.com\/fr\/wp-json\/wp\/v2\/productcolor?post=79155"},{"taxonomy":"maat","embeddable":true,"href":"https:\/\/www.koonings.com\/fr\/wp-json\/wp\/v2\/maat?post=79155"},{"taxonomy":"productsupplier","embeddable":true,"href":"https:\/\/www.koonings.com\/fr\/wp-json\/wp\/v2\/productsupplier?post=79155"},{"taxonomy":"productsleeve","embeddable":true,"href":"https:\/\/www.koonings.com\/fr\/wp-json\/wp\/v2\/productsleeve?post=79155"},{"taxonomy":"productcategory","embeddable":true,"href":"https:\/\/www.koonings.com\/fr\/wp-json\/wp\/v2\/productcategory?post=79155"},{"taxonomy":"productsilhouette","embeddable":true,"href":"https:\/\/www.koonings.com\/fr\/wp-json\/wp\/v2\/productsilhouette?post=79155"},{"taxonomy":"productstyle","embeddable":true,"href":"https:\/\/www.koonings.com\/fr\/wp-json\/wp\/v2\/productstyle?post=79155"}],"curies":[{"name":"wp","href":"https:\/\/api.w.org\/{rel}","templated":true}]}}