{"id":79142,"date":"2026-05-06T15:26:25","date_gmt":"2026-05-06T13:26:25","guid":{"rendered":"https:\/\/www.koonings.com\/product\/enzoani-love-collection-denver\/"},"modified":"2025-06-05T13:39:26","modified_gmt":"2025-06-05T11:39:26","slug":"enzoani-love-collection-denver","status":"publish","type":"product","link":"https:\/\/www.koonings.com\/fr\/product\/enzoani-love-collection-denver\/","title":{"rendered":"Enzoani Love Collection Denver"},"content":{"rendered":"<p>La robe DENVER est la robe de r\u00eave d&#8217;une mari\u00e9e minimaliste. Un drap\u00e9 bien pens\u00e9 autour de la taille aide \u00e0 modeler la silhouette de la mari\u00e9e, ainsi que des d\u00e9tails \u00e9poustouflants sur le corset \u00e0 illusion de dos. Les tissus souples en tulle et en cr\u00eape cr\u00e9ent une robe \u00e9l\u00e9gante et confortable, parfaite pour passer de l&#8217;all\u00e9e \u00e0 la piste de danse.  <\/p>\n","protected":false},"featured_media":67753,"template":"","meta":{"_acf_changed":false,"ghostkit_customizer_options":"","ghostkit_custom_css":"","ghostkit_custom_js_head":"","ghostkit_custom_js_foot":"","ghostkit_typography":""},"productdetails":[378],"productneck":[352,354],"productcolor":[393,392],"maat":[],"productsupplier":[475],"productsleeve":[],"productcategory":[18],"productsilhouette":[384,389],"productstyle":[365],"class_list":["post-79142","product","type-product","status-publish","has-post-thumbnail","hentry","productdetails-378","productneck-352","productneck-354","productcolor-393","productcolor-392","productsupplier-enzoani-love-collection","productcategory-trouwjurken","productsilhouette-384","productsilhouette-389","productstyle-365"],"acf":[],"yoast_head":"<!-- This site is optimized with the Yoast SEO plugin v27.3 - https:\/\/yoast.com\/product\/yoast-seo-wordpress\/ -->\n<title>Enzoani Love Collection Denver | Koonings<\/title>\n<meta name=\"description\" content=\"La robe DENVER est la robe de r\u00eave d&#039;une mari\u00e9e minimaliste. Un drap\u00e9 bien pens\u00e9 autour de la taille aide \u00e0 modeler la silhouette de la mari\u00e9e, ainsi que des d\u00e9tails \u00e9poustouflants sur le corset \u00e0 illusion de dos. Les tissus souples en tulle et en cr\u00eape cr\u00e9ent une robe \u00e9l\u00e9gante et confortable, parfaite pour passer de l&#039;all\u00e9e \u00e0 la piste de danse.\" \/>\n<meta name=\"robots\" content=\"index, follow, max-snippet:-1, max-image-preview:large, max-video-preview:-1\" \/>\n<link rel=\"canonical\" href=\"https:\/\/www.koonings.com\/fr\/product\/enzoani-love-collection-denver\/\" \/>\n<meta property=\"og:locale\" content=\"fr_FR\" \/>\n<meta property=\"og:type\" content=\"article\" \/>\n<meta property=\"og:title\" content=\"Enzoani Love Collection Denver | Koonings\" \/>\n<meta property=\"og:description\" content=\"La robe DENVER est la robe de r\u00eave d&#039;une mari\u00e9e minimaliste. Un drap\u00e9 bien pens\u00e9 autour de la taille aide \u00e0 modeler la silhouette de la mari\u00e9e, ainsi que des d\u00e9tails \u00e9poustouflants sur le corset \u00e0 illusion de dos. Les tissus souples en tulle et en cr\u00eape cr\u00e9ent une robe \u00e9l\u00e9gante et confortable, parfaite pour passer de l&#039;all\u00e9e \u00e0 la piste de danse.\" \/>\n<meta property=\"og:url\" content=\"https:\/\/www.koonings.com\/fr\/product\/enzoani-love-collection-denver\/\" \/>\n<meta property=\"og:site_name\" content=\"Koonings\" \/>\n<meta property=\"article:publisher\" content=\"https:\/\/www.facebook.com\/kooningstheweddingpalace\" \/>\n<meta property=\"og:image\" content=\"https:\/\/www.koonings.com\/wp-content\/uploads\/2024\/11\/41135_c9ccd9791f39f6c5285ca215d00b1502d906b671d2354a23481706e60dfa8efbafb421bb.jpeg\" \/>\n\t<meta property=\"og:image:width\" content=\"1035\" \/>\n\t<meta property=\"og:image:height\" content=\"1380\" \/>\n\t<meta property=\"og:image:type\" content=\"image\/jpeg\" \/>\n<meta name=\"twitter:card\" content=\"summary_large_image\" \/>\n<script type=\"application\/ld+json\" class=\"yoast-schema-graph\">{\"@context\":\"https:\\\/\\\/schema.org\",\"@graph\":[{\"@type\":\"WebPage\",\"@id\":\"https:\\\/\\\/www.koonings.com\\\/fr\\\/product\\\/enzoani-love-collection-denver\\\/\",\"url\":\"https:\\\/\\\/www.koonings.com\\\/fr\\\/product\\\/enzoani-love-collection-denver\\\/\",\"name\":\"Enzoani Love Collection Denver | Koonings\",\"isPartOf\":{\"@id\":\"https:\\\/\\\/www.koonings.com\\\/fr\\\/#website\"},\"primaryImageOfPage\":{\"@id\":\"https:\\\/\\\/www.koonings.com\\\/fr\\\/product\\\/enzoani-love-collection-denver\\\/#primaryimage\"},\"image\":{\"@id\":\"https:\\\/\\\/www.koonings.com\\\/fr\\\/product\\\/enzoani-love-collection-denver\\\/#primaryimage\"},\"thumbnailUrl\":\"https:\\\/\\\/www.koonings.com\\\/wp-content\\\/uploads\\\/2024\\\/11\\\/41135_c9ccd9791f39f6c5285ca215d00b1502d906b671d2354a23481706e60dfa8efbafb421bb.jpeg\",\"datePublished\":\"2026-05-06T13:26:25+00:00\",\"description\":\"La robe DENVER est la robe de r\u00eave d'une mari\u00e9e minimaliste. Un drap\u00e9 bien pens\u00e9 autour de la taille aide \u00e0 modeler la silhouette de la mari\u00e9e, ainsi que des d\u00e9tails \u00e9poustouflants sur le corset \u00e0 illusion de dos. Les tissus souples en tulle et en cr\u00eape cr\u00e9ent une robe \u00e9l\u00e9gante et confortable, parfaite pour passer de l'all\u00e9e \u00e0 la piste de danse.\",\"breadcrumb\":{\"@id\":\"https:\\\/\\\/www.koonings.com\\\/fr\\\/product\\\/enzoani-love-collection-denver\\\/#breadcrumb\"},\"inLanguage\":\"fr-FR\",\"potentialAction\":[{\"@type\":\"ReadAction\",\"target\":[\"https:\\\/\\\/www.koonings.com\\\/fr\\\/product\\\/enzoani-love-collection-denver\\\/\"]}]},{\"@type\":\"ImageObject\",\"inLanguage\":\"fr-FR\",\"@id\":\"https:\\\/\\\/www.koonings.com\\\/fr\\\/product\\\/enzoani-love-collection-denver\\\/#primaryimage\",\"url\":\"https:\\\/\\\/www.koonings.com\\\/wp-content\\\/uploads\\\/2024\\\/11\\\/41135_c9ccd9791f39f6c5285ca215d00b1502d906b671d2354a23481706e60dfa8efbafb421bb.jpeg\",\"contentUrl\":\"https:\\\/\\\/www.koonings.com\\\/wp-content\\\/uploads\\\/2024\\\/11\\\/41135_c9ccd9791f39f6c5285ca215d00b1502d906b671d2354a23481706e60dfa8efbafb421bb.jpeg\",\"width\":1035,\"height\":1380},{\"@type\":\"BreadcrumbList\",\"@id\":\"https:\\\/\\\/www.koonings.com\\\/fr\\\/product\\\/enzoani-love-collection-denver\\\/#breadcrumb\",\"itemListElement\":[{\"@type\":\"ListItem\",\"position\":1,\"name\":\"Home\",\"item\":\"https:\\\/\\\/www.koonings.com\\\/fr\\\/\"},{\"@type\":\"ListItem\",\"position\":2,\"name\":\"Enzoani Love Collection Denver\"}]},{\"@type\":\"WebSite\",\"@id\":\"https:\\\/\\\/www.koonings.com\\\/fr\\\/#website\",\"url\":\"https:\\\/\\\/www.koonings.com\\\/fr\\\/\",\"name\":\"Koonings\",\"description\":\"De grootste bruidsmodewinkel ter wereld\",\"publisher\":{\"@id\":\"https:\\\/\\\/www.koonings.com\\\/fr\\\/#organization\"},\"potentialAction\":[{\"@type\":\"SearchAction\",\"target\":{\"@type\":\"EntryPoint\",\"urlTemplate\":\"https:\\\/\\\/www.koonings.com\\\/fr\\\/?s={search_term_string}\"},\"query-input\":{\"@type\":\"PropertyValueSpecification\",\"valueRequired\":true,\"valueName\":\"search_term_string\"}}],\"inLanguage\":\"fr-FR\"},{\"@type\":\"Organization\",\"@id\":\"https:\\\/\\\/www.koonings.com\\\/fr\\\/#organization\",\"name\":\"Koonings\",\"url\":\"https:\\\/\\\/www.koonings.com\\\/fr\\\/\",\"logo\":{\"@type\":\"ImageObject\",\"inLanguage\":\"fr-FR\",\"@id\":\"https:\\\/\\\/www.koonings.com\\\/fr\\\/#\\\/schema\\\/logo\\\/image\\\/\",\"url\":\"https:\\\/\\\/www.koonings.com\\\/wp-content\\\/uploads\\\/2024\\\/07\\\/logo.png\",\"contentUrl\":\"https:\\\/\\\/www.koonings.com\\\/wp-content\\\/uploads\\\/2024\\\/07\\\/logo.png\",\"width\":600,\"height\":428,\"caption\":\"Koonings\"},\"image\":{\"@id\":\"https:\\\/\\\/www.koonings.com\\\/fr\\\/#\\\/schema\\\/logo\\\/image\\\/\"},\"sameAs\":[\"https:\\\/\\\/www.facebook.com\\\/kooningstheweddingpalace\",\"https:\\\/\\\/www.instagram.com\\\/kooningstheweddingpalace\",\"https:\\\/\\\/www.pinterest.com\\\/koonings\",\"https:\\\/\\\/www.youtube.com\\\/kooningstheweddingpalace\"]}]}<\/script>\n<!-- \/ Yoast SEO plugin. -->","yoast_head_json":{"title":"Enzoani Love Collection Denver | Koonings","description":"La robe DENVER est la robe de r\u00eave d'une mari\u00e9e minimaliste. Un drap\u00e9 bien pens\u00e9 autour de la taille aide \u00e0 modeler la silhouette de la mari\u00e9e, ainsi que des d\u00e9tails \u00e9poustouflants sur le corset \u00e0 illusion de dos. Les tissus souples en tulle et en cr\u00eape cr\u00e9ent une robe \u00e9l\u00e9gante et confortable, parfaite pour passer de l'all\u00e9e \u00e0 la piste de danse.","robots":{"index":"index","follow":"follow","max-snippet":"max-snippet:-1","max-image-preview":"max-image-preview:large","max-video-preview":"max-video-preview:-1"},"canonical":"https:\/\/www.koonings.com\/fr\/product\/enzoani-love-collection-denver\/","og_locale":"fr_FR","og_type":"article","og_title":"Enzoani Love Collection Denver | Koonings","og_description":"La robe DENVER est la robe de r\u00eave d'une mari\u00e9e minimaliste. Un drap\u00e9 bien pens\u00e9 autour de la taille aide \u00e0 modeler la silhouette de la mari\u00e9e, ainsi que des d\u00e9tails \u00e9poustouflants sur le corset \u00e0 illusion de dos. Les tissus souples en tulle et en cr\u00eape cr\u00e9ent une robe \u00e9l\u00e9gante et confortable, parfaite pour passer de l'all\u00e9e \u00e0 la piste de danse.","og_url":"https:\/\/www.koonings.com\/fr\/product\/enzoani-love-collection-denver\/","og_site_name":"Koonings","article_publisher":"https:\/\/www.facebook.com\/kooningstheweddingpalace","og_image":[{"width":1035,"height":1380,"url":"https:\/\/www.koonings.com\/wp-content\/uploads\/2024\/11\/41135_c9ccd9791f39f6c5285ca215d00b1502d906b671d2354a23481706e60dfa8efbafb421bb.jpeg","type":"image\/jpeg"}],"twitter_card":"summary_large_image","schema":{"@context":"https:\/\/schema.org","@graph":[{"@type":"WebPage","@id":"https:\/\/www.koonings.com\/fr\/product\/enzoani-love-collection-denver\/","url":"https:\/\/www.koonings.com\/fr\/product\/enzoani-love-collection-denver\/","name":"Enzoani Love Collection Denver | Koonings","isPartOf":{"@id":"https:\/\/www.koonings.com\/fr\/#website"},"primaryImageOfPage":{"@id":"https:\/\/www.koonings.com\/fr\/product\/enzoani-love-collection-denver\/#primaryimage"},"image":{"@id":"https:\/\/www.koonings.com\/fr\/product\/enzoani-love-collection-denver\/#primaryimage"},"thumbnailUrl":"https:\/\/www.koonings.com\/wp-content\/uploads\/2024\/11\/41135_c9ccd9791f39f6c5285ca215d00b1502d906b671d2354a23481706e60dfa8efbafb421bb.jpeg","datePublished":"2026-05-06T13:26:25+00:00","description":"La robe DENVER est la robe de r\u00eave d'une mari\u00e9e minimaliste. Un drap\u00e9 bien pens\u00e9 autour de la taille aide \u00e0 modeler la silhouette de la mari\u00e9e, ainsi que des d\u00e9tails \u00e9poustouflants sur le corset \u00e0 illusion de dos. Les tissus souples en tulle et en cr\u00eape cr\u00e9ent une robe \u00e9l\u00e9gante et confortable, parfaite pour passer de l'all\u00e9e \u00e0 la piste de danse.","breadcrumb":{"@id":"https:\/\/www.koonings.com\/fr\/product\/enzoani-love-collection-denver\/#breadcrumb"},"inLanguage":"fr-FR","potentialAction":[{"@type":"ReadAction","target":["https:\/\/www.koonings.com\/fr\/product\/enzoani-love-collection-denver\/"]}]},{"@type":"ImageObject","inLanguage":"fr-FR","@id":"https:\/\/www.koonings.com\/fr\/product\/enzoani-love-collection-denver\/#primaryimage","url":"https:\/\/www.koonings.com\/wp-content\/uploads\/2024\/11\/41135_c9ccd9791f39f6c5285ca215d00b1502d906b671d2354a23481706e60dfa8efbafb421bb.jpeg","contentUrl":"https:\/\/www.koonings.com\/wp-content\/uploads\/2024\/11\/41135_c9ccd9791f39f6c5285ca215d00b1502d906b671d2354a23481706e60dfa8efbafb421bb.jpeg","width":1035,"height":1380},{"@type":"BreadcrumbList","@id":"https:\/\/www.koonings.com\/fr\/product\/enzoani-love-collection-denver\/#breadcrumb","itemListElement":[{"@type":"ListItem","position":1,"name":"Home","item":"https:\/\/www.koonings.com\/fr\/"},{"@type":"ListItem","position":2,"name":"Enzoani Love Collection Denver"}]},{"@type":"WebSite","@id":"https:\/\/www.koonings.com\/fr\/#website","url":"https:\/\/www.koonings.com\/fr\/","name":"Koonings","description":"De grootste bruidsmodewinkel ter wereld","publisher":{"@id":"https:\/\/www.koonings.com\/fr\/#organization"},"potentialAction":[{"@type":"SearchAction","target":{"@type":"EntryPoint","urlTemplate":"https:\/\/www.koonings.com\/fr\/?s={search_term_string}"},"query-input":{"@type":"PropertyValueSpecification","valueRequired":true,"valueName":"search_term_string"}}],"inLanguage":"fr-FR"},{"@type":"Organization","@id":"https:\/\/www.koonings.com\/fr\/#organization","name":"Koonings","url":"https:\/\/www.koonings.com\/fr\/","logo":{"@type":"ImageObject","inLanguage":"fr-FR","@id":"https:\/\/www.koonings.com\/fr\/#\/schema\/logo\/image\/","url":"https:\/\/www.koonings.com\/wp-content\/uploads\/2024\/07\/logo.png","contentUrl":"https:\/\/www.koonings.com\/wp-content\/uploads\/2024\/07\/logo.png","width":600,"height":428,"caption":"Koonings"},"image":{"@id":"https:\/\/www.koonings.com\/fr\/#\/schema\/logo\/image\/"},"sameAs":["https:\/\/www.facebook.com\/kooningstheweddingpalace","https:\/\/www.instagram.com\/kooningstheweddingpalace","https:\/\/www.pinterest.com\/koonings","https:\/\/www.youtube.com\/kooningstheweddingpalace"]}]}},"_links":{"self":[{"href":"https:\/\/www.koonings.com\/fr\/wp-json\/wp\/v2\/product\/79142","targetHints":{"allow":["GET"]}}],"collection":[{"href":"https:\/\/www.koonings.com\/fr\/wp-json\/wp\/v2\/product"}],"about":[{"href":"https:\/\/www.koonings.com\/fr\/wp-json\/wp\/v2\/types\/product"}],"wp:featuredmedia":[{"embeddable":true,"href":"https:\/\/www.koonings.com\/fr\/wp-json\/wp\/v2\/media\/67753"}],"wp:attachment":[{"href":"https:\/\/www.koonings.com\/fr\/wp-json\/wp\/v2\/media?parent=79142"}],"wp:term":[{"taxonomy":"productdetails","embeddable":true,"href":"https:\/\/www.koonings.com\/fr\/wp-json\/wp\/v2\/productdetails?post=79142"},{"taxonomy":"productneck","embeddable":true,"href":"https:\/\/www.koonings.com\/fr\/wp-json\/wp\/v2\/productneck?post=79142"},{"taxonomy":"productcolor","embeddable":true,"href":"https:\/\/www.koonings.com\/fr\/wp-json\/wp\/v2\/productcolor?post=79142"},{"taxonomy":"maat","embeddable":true,"href":"https:\/\/www.koonings.com\/fr\/wp-json\/wp\/v2\/maat?post=79142"},{"taxonomy":"productsupplier","embeddable":true,"href":"https:\/\/www.koonings.com\/fr\/wp-json\/wp\/v2\/productsupplier?post=79142"},{"taxonomy":"productsleeve","embeddable":true,"href":"https:\/\/www.koonings.com\/fr\/wp-json\/wp\/v2\/productsleeve?post=79142"},{"taxonomy":"productcategory","embeddable":true,"href":"https:\/\/www.koonings.com\/fr\/wp-json\/wp\/v2\/productcategory?post=79142"},{"taxonomy":"productsilhouette","embeddable":true,"href":"https:\/\/www.koonings.com\/fr\/wp-json\/wp\/v2\/productsilhouette?post=79142"},{"taxonomy":"productstyle","embeddable":true,"href":"https:\/\/www.koonings.com\/fr\/wp-json\/wp\/v2\/productstyle?post=79142"}],"curies":[{"name":"wp","href":"https:\/\/api.w.org\/{rel}","templated":true}]}}