{"id":79137,"date":"2026-04-28T18:26:11","date_gmt":"2026-04-28T16:26:11","guid":{"rendered":"https:\/\/www.koonings.com\/product\/enzoani-love-collection-deidra\/"},"modified":"2025-06-05T13:39:23","modified_gmt":"2025-06-05T11:39:23","slug":"enzoani-love-collection-deidra","status":"publish","type":"product","link":"https:\/\/www.koonings.com\/fr\/product\/enzoani-love-collection-deidra\/","title":{"rendered":"Enzoani Love Collection Deidra"},"content":{"rendered":"<p>La robe de mari\u00e9e DEIDRA est orn\u00e9e d&#8217;appliques florales Mikado 3D magnifiquement brod\u00e9es, allant du bas du dos jusqu&#8217;\u00e0 la tra\u00eene. Avec la tra\u00eene en tulle qui pend gracieusement derri\u00e8re elle, la robe d\u00e9gage une impression de romantisme et d&#8217;\u00e9l\u00e9gance \u00e0 chaque pas. Le corsage et la jupe en cr\u00eape luxueux offrent une silhouette \u00e9l\u00e9gante et moderne, tandis que le d\u00e9collet\u00e9 en V ajoute une touche d&#8217;allure.  <\/p>\n","protected":false},"featured_media":67724,"template":"","meta":{"_acf_changed":false,"ghostkit_customizer_options":"","ghostkit_custom_css":"","ghostkit_custom_js_head":"","ghostkit_custom_js_foot":"","ghostkit_typography":""},"productdetails":[379,381],"productneck":[356],"productcolor":[392],"maat":[],"productsupplier":[475],"productsleeve":[359],"productcategory":[18],"productsilhouette":[387],"productstyle":[365,373],"class_list":["post-79137","product","type-product","status-publish","has-post-thumbnail","hentry","productdetails-379","productdetails-381","productneck-356","productcolor-392","productsupplier-enzoani-love-collection","productsleeve-359","productcategory-trouwjurken","productsilhouette-387","productstyle-365","productstyle-373"],"acf":[],"yoast_head":"<!-- This site is optimized with the Yoast SEO plugin v27.3 - https:\/\/yoast.com\/product\/yoast-seo-wordpress\/ -->\n<title>Enzoani Love Collection Deidra | Koonings<\/title>\n<meta name=\"description\" content=\"La robe de mari\u00e9e DEIDRA est orn\u00e9e d&#039;appliques florales Mikado 3D magnifiquement brod\u00e9es, allant du bas du dos jusqu&#039;\u00e0 la tra\u00eene. Avec la tra\u00eene en tulle qui pend gracieusement derri\u00e8re elle, la robe d\u00e9gage une impression de romantisme et d&#039;\u00e9l\u00e9gance \u00e0 chaque pas. Le corsage et la jupe en cr\u00eape luxueux offrent une silhouette \u00e9l\u00e9gante et moderne, tandis que le d\u00e9collet\u00e9 en V ajoute une touche d&#039;allure.\" \/>\n<meta name=\"robots\" content=\"index, follow, max-snippet:-1, max-image-preview:large, max-video-preview:-1\" \/>\n<link rel=\"canonical\" href=\"https:\/\/www.koonings.com\/fr\/product\/enzoani-love-collection-deidra\/\" \/>\n<meta property=\"og:locale\" content=\"fr_FR\" \/>\n<meta property=\"og:type\" content=\"article\" \/>\n<meta property=\"og:title\" content=\"Enzoani Love Collection Deidra | Koonings\" \/>\n<meta property=\"og:description\" content=\"La robe de mari\u00e9e DEIDRA est orn\u00e9e d&#039;appliques florales Mikado 3D magnifiquement brod\u00e9es, allant du bas du dos jusqu&#039;\u00e0 la tra\u00eene. Avec la tra\u00eene en tulle qui pend gracieusement derri\u00e8re elle, la robe d\u00e9gage une impression de romantisme et d&#039;\u00e9l\u00e9gance \u00e0 chaque pas. Le corsage et la jupe en cr\u00eape luxueux offrent une silhouette \u00e9l\u00e9gante et moderne, tandis que le d\u00e9collet\u00e9 en V ajoute une touche d&#039;allure.\" \/>\n<meta property=\"og:url\" content=\"https:\/\/www.koonings.com\/fr\/product\/enzoani-love-collection-deidra\/\" \/>\n<meta property=\"og:site_name\" content=\"Koonings\" \/>\n<meta property=\"article:publisher\" content=\"https:\/\/www.facebook.com\/kooningstheweddingpalace\" \/>\n<meta property=\"og:image\" content=\"https:\/\/www.koonings.com\/wp-content\/uploads\/2024\/11\/41133_50f8f54e0dc9899d6933e8066b523fb35db245863df7527a6bde0a6f68ae0adb78683f22.jpeg\" \/>\n\t<meta property=\"og:image:width\" content=\"1035\" \/>\n\t<meta property=\"og:image:height\" content=\"1380\" \/>\n\t<meta property=\"og:image:type\" content=\"image\/jpeg\" \/>\n<meta name=\"twitter:card\" content=\"summary_large_image\" \/>\n<script type=\"application\/ld+json\" class=\"yoast-schema-graph\">{\"@context\":\"https:\\\/\\\/schema.org\",\"@graph\":[{\"@type\":\"WebPage\",\"@id\":\"https:\\\/\\\/www.koonings.com\\\/fr\\\/product\\\/enzoani-love-collection-deidra\\\/\",\"url\":\"https:\\\/\\\/www.koonings.com\\\/fr\\\/product\\\/enzoani-love-collection-deidra\\\/\",\"name\":\"Enzoani Love Collection Deidra | Koonings\",\"isPartOf\":{\"@id\":\"https:\\\/\\\/www.koonings.com\\\/fr\\\/#website\"},\"primaryImageOfPage\":{\"@id\":\"https:\\\/\\\/www.koonings.com\\\/fr\\\/product\\\/enzoani-love-collection-deidra\\\/#primaryimage\"},\"image\":{\"@id\":\"https:\\\/\\\/www.koonings.com\\\/fr\\\/product\\\/enzoani-love-collection-deidra\\\/#primaryimage\"},\"thumbnailUrl\":\"https:\\\/\\\/www.koonings.com\\\/wp-content\\\/uploads\\\/2024\\\/11\\\/41133_50f8f54e0dc9899d6933e8066b523fb35db245863df7527a6bde0a6f68ae0adb78683f22.jpeg\",\"datePublished\":\"2026-04-28T16:26:11+00:00\",\"description\":\"La robe de mari\u00e9e DEIDRA est orn\u00e9e d'appliques florales Mikado 3D magnifiquement brod\u00e9es, allant du bas du dos jusqu'\u00e0 la tra\u00eene. Avec la tra\u00eene en tulle qui pend gracieusement derri\u00e8re elle, la robe d\u00e9gage une impression de romantisme et d'\u00e9l\u00e9gance \u00e0 chaque pas. Le corsage et la jupe en cr\u00eape luxueux offrent une silhouette \u00e9l\u00e9gante et moderne, tandis que le d\u00e9collet\u00e9 en V ajoute une touche d'allure.\",\"breadcrumb\":{\"@id\":\"https:\\\/\\\/www.koonings.com\\\/fr\\\/product\\\/enzoani-love-collection-deidra\\\/#breadcrumb\"},\"inLanguage\":\"fr-FR\",\"potentialAction\":[{\"@type\":\"ReadAction\",\"target\":[\"https:\\\/\\\/www.koonings.com\\\/fr\\\/product\\\/enzoani-love-collection-deidra\\\/\"]}]},{\"@type\":\"ImageObject\",\"inLanguage\":\"fr-FR\",\"@id\":\"https:\\\/\\\/www.koonings.com\\\/fr\\\/product\\\/enzoani-love-collection-deidra\\\/#primaryimage\",\"url\":\"https:\\\/\\\/www.koonings.com\\\/wp-content\\\/uploads\\\/2024\\\/11\\\/41133_50f8f54e0dc9899d6933e8066b523fb35db245863df7527a6bde0a6f68ae0adb78683f22.jpeg\",\"contentUrl\":\"https:\\\/\\\/www.koonings.com\\\/wp-content\\\/uploads\\\/2024\\\/11\\\/41133_50f8f54e0dc9899d6933e8066b523fb35db245863df7527a6bde0a6f68ae0adb78683f22.jpeg\",\"width\":1035,\"height\":1380},{\"@type\":\"BreadcrumbList\",\"@id\":\"https:\\\/\\\/www.koonings.com\\\/fr\\\/product\\\/enzoani-love-collection-deidra\\\/#breadcrumb\",\"itemListElement\":[{\"@type\":\"ListItem\",\"position\":1,\"name\":\"Home\",\"item\":\"https:\\\/\\\/www.koonings.com\\\/fr\\\/\"},{\"@type\":\"ListItem\",\"position\":2,\"name\":\"Enzoani Love Collection Deidra\"}]},{\"@type\":\"WebSite\",\"@id\":\"https:\\\/\\\/www.koonings.com\\\/fr\\\/#website\",\"url\":\"https:\\\/\\\/www.koonings.com\\\/fr\\\/\",\"name\":\"Koonings\",\"description\":\"De grootste bruidsmodewinkel ter wereld\",\"publisher\":{\"@id\":\"https:\\\/\\\/www.koonings.com\\\/fr\\\/#organization\"},\"potentialAction\":[{\"@type\":\"SearchAction\",\"target\":{\"@type\":\"EntryPoint\",\"urlTemplate\":\"https:\\\/\\\/www.koonings.com\\\/fr\\\/?s={search_term_string}\"},\"query-input\":{\"@type\":\"PropertyValueSpecification\",\"valueRequired\":true,\"valueName\":\"search_term_string\"}}],\"inLanguage\":\"fr-FR\"},{\"@type\":\"Organization\",\"@id\":\"https:\\\/\\\/www.koonings.com\\\/fr\\\/#organization\",\"name\":\"Koonings\",\"url\":\"https:\\\/\\\/www.koonings.com\\\/fr\\\/\",\"logo\":{\"@type\":\"ImageObject\",\"inLanguage\":\"fr-FR\",\"@id\":\"https:\\\/\\\/www.koonings.com\\\/fr\\\/#\\\/schema\\\/logo\\\/image\\\/\",\"url\":\"https:\\\/\\\/www.koonings.com\\\/wp-content\\\/uploads\\\/2024\\\/07\\\/logo.png\",\"contentUrl\":\"https:\\\/\\\/www.koonings.com\\\/wp-content\\\/uploads\\\/2024\\\/07\\\/logo.png\",\"width\":600,\"height\":428,\"caption\":\"Koonings\"},\"image\":{\"@id\":\"https:\\\/\\\/www.koonings.com\\\/fr\\\/#\\\/schema\\\/logo\\\/image\\\/\"},\"sameAs\":[\"https:\\\/\\\/www.facebook.com\\\/kooningstheweddingpalace\",\"https:\\\/\\\/www.instagram.com\\\/kooningstheweddingpalace\",\"https:\\\/\\\/www.pinterest.com\\\/koonings\",\"https:\\\/\\\/www.youtube.com\\\/kooningstheweddingpalace\"]}]}<\/script>\n<!-- \/ Yoast SEO plugin. -->","yoast_head_json":{"title":"Enzoani Love Collection Deidra | Koonings","description":"La robe de mari\u00e9e DEIDRA est orn\u00e9e d'appliques florales Mikado 3D magnifiquement brod\u00e9es, allant du bas du dos jusqu'\u00e0 la tra\u00eene. Avec la tra\u00eene en tulle qui pend gracieusement derri\u00e8re elle, la robe d\u00e9gage une impression de romantisme et d'\u00e9l\u00e9gance \u00e0 chaque pas. Le corsage et la jupe en cr\u00eape luxueux offrent une silhouette \u00e9l\u00e9gante et moderne, tandis que le d\u00e9collet\u00e9 en V ajoute une touche d'allure.","robots":{"index":"index","follow":"follow","max-snippet":"max-snippet:-1","max-image-preview":"max-image-preview:large","max-video-preview":"max-video-preview:-1"},"canonical":"https:\/\/www.koonings.com\/fr\/product\/enzoani-love-collection-deidra\/","og_locale":"fr_FR","og_type":"article","og_title":"Enzoani Love Collection Deidra | Koonings","og_description":"La robe de mari\u00e9e DEIDRA est orn\u00e9e d'appliques florales Mikado 3D magnifiquement brod\u00e9es, allant du bas du dos jusqu'\u00e0 la tra\u00eene. Avec la tra\u00eene en tulle qui pend gracieusement derri\u00e8re elle, la robe d\u00e9gage une impression de romantisme et d'\u00e9l\u00e9gance \u00e0 chaque pas. Le corsage et la jupe en cr\u00eape luxueux offrent une silhouette \u00e9l\u00e9gante et moderne, tandis que le d\u00e9collet\u00e9 en V ajoute une touche d'allure.","og_url":"https:\/\/www.koonings.com\/fr\/product\/enzoani-love-collection-deidra\/","og_site_name":"Koonings","article_publisher":"https:\/\/www.facebook.com\/kooningstheweddingpalace","og_image":[{"width":1035,"height":1380,"url":"https:\/\/www.koonings.com\/wp-content\/uploads\/2024\/11\/41133_50f8f54e0dc9899d6933e8066b523fb35db245863df7527a6bde0a6f68ae0adb78683f22.jpeg","type":"image\/jpeg"}],"twitter_card":"summary_large_image","schema":{"@context":"https:\/\/schema.org","@graph":[{"@type":"WebPage","@id":"https:\/\/www.koonings.com\/fr\/product\/enzoani-love-collection-deidra\/","url":"https:\/\/www.koonings.com\/fr\/product\/enzoani-love-collection-deidra\/","name":"Enzoani Love Collection Deidra | Koonings","isPartOf":{"@id":"https:\/\/www.koonings.com\/fr\/#website"},"primaryImageOfPage":{"@id":"https:\/\/www.koonings.com\/fr\/product\/enzoani-love-collection-deidra\/#primaryimage"},"image":{"@id":"https:\/\/www.koonings.com\/fr\/product\/enzoani-love-collection-deidra\/#primaryimage"},"thumbnailUrl":"https:\/\/www.koonings.com\/wp-content\/uploads\/2024\/11\/41133_50f8f54e0dc9899d6933e8066b523fb35db245863df7527a6bde0a6f68ae0adb78683f22.jpeg","datePublished":"2026-04-28T16:26:11+00:00","description":"La robe de mari\u00e9e DEIDRA est orn\u00e9e d'appliques florales Mikado 3D magnifiquement brod\u00e9es, allant du bas du dos jusqu'\u00e0 la tra\u00eene. Avec la tra\u00eene en tulle qui pend gracieusement derri\u00e8re elle, la robe d\u00e9gage une impression de romantisme et d'\u00e9l\u00e9gance \u00e0 chaque pas. Le corsage et la jupe en cr\u00eape luxueux offrent une silhouette \u00e9l\u00e9gante et moderne, tandis que le d\u00e9collet\u00e9 en V ajoute une touche d'allure.","breadcrumb":{"@id":"https:\/\/www.koonings.com\/fr\/product\/enzoani-love-collection-deidra\/#breadcrumb"},"inLanguage":"fr-FR","potentialAction":[{"@type":"ReadAction","target":["https:\/\/www.koonings.com\/fr\/product\/enzoani-love-collection-deidra\/"]}]},{"@type":"ImageObject","inLanguage":"fr-FR","@id":"https:\/\/www.koonings.com\/fr\/product\/enzoani-love-collection-deidra\/#primaryimage","url":"https:\/\/www.koonings.com\/wp-content\/uploads\/2024\/11\/41133_50f8f54e0dc9899d6933e8066b523fb35db245863df7527a6bde0a6f68ae0adb78683f22.jpeg","contentUrl":"https:\/\/www.koonings.com\/wp-content\/uploads\/2024\/11\/41133_50f8f54e0dc9899d6933e8066b523fb35db245863df7527a6bde0a6f68ae0adb78683f22.jpeg","width":1035,"height":1380},{"@type":"BreadcrumbList","@id":"https:\/\/www.koonings.com\/fr\/product\/enzoani-love-collection-deidra\/#breadcrumb","itemListElement":[{"@type":"ListItem","position":1,"name":"Home","item":"https:\/\/www.koonings.com\/fr\/"},{"@type":"ListItem","position":2,"name":"Enzoani Love Collection Deidra"}]},{"@type":"WebSite","@id":"https:\/\/www.koonings.com\/fr\/#website","url":"https:\/\/www.koonings.com\/fr\/","name":"Koonings","description":"De grootste bruidsmodewinkel ter wereld","publisher":{"@id":"https:\/\/www.koonings.com\/fr\/#organization"},"potentialAction":[{"@type":"SearchAction","target":{"@type":"EntryPoint","urlTemplate":"https:\/\/www.koonings.com\/fr\/?s={search_term_string}"},"query-input":{"@type":"PropertyValueSpecification","valueRequired":true,"valueName":"search_term_string"}}],"inLanguage":"fr-FR"},{"@type":"Organization","@id":"https:\/\/www.koonings.com\/fr\/#organization","name":"Koonings","url":"https:\/\/www.koonings.com\/fr\/","logo":{"@type":"ImageObject","inLanguage":"fr-FR","@id":"https:\/\/www.koonings.com\/fr\/#\/schema\/logo\/image\/","url":"https:\/\/www.koonings.com\/wp-content\/uploads\/2024\/07\/logo.png","contentUrl":"https:\/\/www.koonings.com\/wp-content\/uploads\/2024\/07\/logo.png","width":600,"height":428,"caption":"Koonings"},"image":{"@id":"https:\/\/www.koonings.com\/fr\/#\/schema\/logo\/image\/"},"sameAs":["https:\/\/www.facebook.com\/kooningstheweddingpalace","https:\/\/www.instagram.com\/kooningstheweddingpalace","https:\/\/www.pinterest.com\/koonings","https:\/\/www.youtube.com\/kooningstheweddingpalace"]}]}},"_links":{"self":[{"href":"https:\/\/www.koonings.com\/fr\/wp-json\/wp\/v2\/product\/79137","targetHints":{"allow":["GET"]}}],"collection":[{"href":"https:\/\/www.koonings.com\/fr\/wp-json\/wp\/v2\/product"}],"about":[{"href":"https:\/\/www.koonings.com\/fr\/wp-json\/wp\/v2\/types\/product"}],"wp:featuredmedia":[{"embeddable":true,"href":"https:\/\/www.koonings.com\/fr\/wp-json\/wp\/v2\/media\/67724"}],"wp:attachment":[{"href":"https:\/\/www.koonings.com\/fr\/wp-json\/wp\/v2\/media?parent=79137"}],"wp:term":[{"taxonomy":"productdetails","embeddable":true,"href":"https:\/\/www.koonings.com\/fr\/wp-json\/wp\/v2\/productdetails?post=79137"},{"taxonomy":"productneck","embeddable":true,"href":"https:\/\/www.koonings.com\/fr\/wp-json\/wp\/v2\/productneck?post=79137"},{"taxonomy":"productcolor","embeddable":true,"href":"https:\/\/www.koonings.com\/fr\/wp-json\/wp\/v2\/productcolor?post=79137"},{"taxonomy":"maat","embeddable":true,"href":"https:\/\/www.koonings.com\/fr\/wp-json\/wp\/v2\/maat?post=79137"},{"taxonomy":"productsupplier","embeddable":true,"href":"https:\/\/www.koonings.com\/fr\/wp-json\/wp\/v2\/productsupplier?post=79137"},{"taxonomy":"productsleeve","embeddable":true,"href":"https:\/\/www.koonings.com\/fr\/wp-json\/wp\/v2\/productsleeve?post=79137"},{"taxonomy":"productcategory","embeddable":true,"href":"https:\/\/www.koonings.com\/fr\/wp-json\/wp\/v2\/productcategory?post=79137"},{"taxonomy":"productsilhouette","embeddable":true,"href":"https:\/\/www.koonings.com\/fr\/wp-json\/wp\/v2\/productsilhouette?post=79137"},{"taxonomy":"productstyle","embeddable":true,"href":"https:\/\/www.koonings.com\/fr\/wp-json\/wp\/v2\/productstyle?post=79137"}],"curies":[{"name":"wp","href":"https:\/\/api.w.org\/{rel}","templated":true}]}}