{"id":79135,"date":"2026-04-28T18:26:13","date_gmt":"2026-04-28T16:26:13","guid":{"rendered":"https:\/\/www.koonings.com\/product\/enzoani-love-collection-dana\/"},"modified":"2025-06-05T13:39:24","modified_gmt":"2025-06-05T11:39:24","slug":"enzoani-love-collection-dana","status":"publish","type":"product","link":"https:\/\/www.koonings.com\/fr\/product\/enzoani-love-collection-dana\/","title":{"rendered":"Enzoani Love Collection Dana"},"content":{"rendered":"<p>La robe DANA poss\u00e8de un corsage enchanteur orn\u00e9 de dentelle florale d\u00e9licatement brod\u00e9e et de dentelle de Chantilly, exhalant une sophistication royale. La combinaison \u00e9th\u00e9r\u00e9e de tulle et de mousseline de soie dans la jupe cr\u00e9e une silhouette fantaisiste qui flotte avec gr\u00e2ce et mouvement. Les manches longues en dentelle, compl\u00e9t\u00e9es par des \u00e9paules bouffantes et une encolure haute, ajoutent une touche vintage \u00e0 cette robe moderne.  <\/p>\n","protected":false},"featured_media":67778,"template":"","meta":{"_acf_changed":false,"ghostkit_customizer_options":"","ghostkit_custom_css":"","ghostkit_custom_js_head":"","ghostkit_custom_js_foot":"","ghostkit_typography":""},"productdetails":[379,376,378],"productneck":[350],"productcolor":[392],"maat":[],"productsupplier":[475],"productsleeve":[362],"productcategory":[18],"productsilhouette":[389],"productstyle":[371,373],"class_list":["post-79135","product","type-product","status-publish","has-post-thumbnail","hentry","productdetails-379","productdetails-376","productdetails-378","productneck-350","productcolor-392","productsupplier-enzoani-love-collection","productsleeve-362","productcategory-trouwjurken","productsilhouette-389","productstyle-371","productstyle-373"],"acf":[],"yoast_head":"<!-- This site is optimized with the Yoast SEO plugin v27.3 - https:\/\/yoast.com\/product\/yoast-seo-wordpress\/ -->\n<title>Enzoani Love Collection Dana | Koonings<\/title>\n<meta name=\"description\" content=\"La robe DANA poss\u00e8de un corsage enchanteur orn\u00e9 de dentelle florale d\u00e9licatement brod\u00e9e et de dentelle de Chantilly, exhalant une sophistication royale. La combinaison \u00e9th\u00e9r\u00e9e de tulle et de mousseline de soie dans la jupe cr\u00e9e une silhouette fantaisiste qui flotte avec gr\u00e2ce et mouvement. Les manches longues en dentelle, compl\u00e9t\u00e9es par des \u00e9paules bouffantes et une encolure haute, ajoutent une touche vintage \u00e0 cette robe moderne.\" \/>\n<meta name=\"robots\" content=\"index, follow, max-snippet:-1, max-image-preview:large, max-video-preview:-1\" \/>\n<link rel=\"canonical\" href=\"https:\/\/www.koonings.com\/fr\/product\/enzoani-love-collection-dana\/\" \/>\n<meta property=\"og:locale\" content=\"fr_FR\" \/>\n<meta property=\"og:type\" content=\"article\" \/>\n<meta property=\"og:title\" content=\"Enzoani Love Collection Dana | Koonings\" \/>\n<meta property=\"og:description\" content=\"La robe DANA poss\u00e8de un corsage enchanteur orn\u00e9 de dentelle florale d\u00e9licatement brod\u00e9e et de dentelle de Chantilly, exhalant une sophistication royale. La combinaison \u00e9th\u00e9r\u00e9e de tulle et de mousseline de soie dans la jupe cr\u00e9e une silhouette fantaisiste qui flotte avec gr\u00e2ce et mouvement. Les manches longues en dentelle, compl\u00e9t\u00e9es par des \u00e9paules bouffantes et une encolure haute, ajoutent une touche vintage \u00e0 cette robe moderne.\" \/>\n<meta property=\"og:url\" content=\"https:\/\/www.koonings.com\/fr\/product\/enzoani-love-collection-dana\/\" \/>\n<meta property=\"og:site_name\" content=\"Koonings\" \/>\n<meta property=\"article:publisher\" content=\"https:\/\/www.facebook.com\/kooningstheweddingpalace\" \/>\n<meta property=\"og:image\" content=\"https:\/\/www.koonings.com\/wp-content\/uploads\/2024\/11\/41136_fb018de4f8739ed4e50c7eafc7ebe2ca3b480c0379dc0302fb53ef62ae965f8dc59056bf.jpeg\" \/>\n\t<meta property=\"og:image:width\" content=\"1035\" \/>\n\t<meta property=\"og:image:height\" content=\"1380\" \/>\n\t<meta property=\"og:image:type\" content=\"image\/jpeg\" \/>\n<meta name=\"twitter:card\" content=\"summary_large_image\" \/>\n<script type=\"application\/ld+json\" class=\"yoast-schema-graph\">{\"@context\":\"https:\\\/\\\/schema.org\",\"@graph\":[{\"@type\":\"WebPage\",\"@id\":\"https:\\\/\\\/www.koonings.com\\\/fr\\\/product\\\/enzoani-love-collection-dana\\\/\",\"url\":\"https:\\\/\\\/www.koonings.com\\\/fr\\\/product\\\/enzoani-love-collection-dana\\\/\",\"name\":\"Enzoani Love Collection Dana | Koonings\",\"isPartOf\":{\"@id\":\"https:\\\/\\\/www.koonings.com\\\/fr\\\/#website\"},\"primaryImageOfPage\":{\"@id\":\"https:\\\/\\\/www.koonings.com\\\/fr\\\/product\\\/enzoani-love-collection-dana\\\/#primaryimage\"},\"image\":{\"@id\":\"https:\\\/\\\/www.koonings.com\\\/fr\\\/product\\\/enzoani-love-collection-dana\\\/#primaryimage\"},\"thumbnailUrl\":\"https:\\\/\\\/www.koonings.com\\\/wp-content\\\/uploads\\\/2024\\\/11\\\/41136_fb018de4f8739ed4e50c7eafc7ebe2ca3b480c0379dc0302fb53ef62ae965f8dc59056bf.jpeg\",\"datePublished\":\"2026-04-28T16:26:13+00:00\",\"description\":\"La robe DANA poss\u00e8de un corsage enchanteur orn\u00e9 de dentelle florale d\u00e9licatement brod\u00e9e et de dentelle de Chantilly, exhalant une sophistication royale. La combinaison \u00e9th\u00e9r\u00e9e de tulle et de mousseline de soie dans la jupe cr\u00e9e une silhouette fantaisiste qui flotte avec gr\u00e2ce et mouvement. Les manches longues en dentelle, compl\u00e9t\u00e9es par des \u00e9paules bouffantes et une encolure haute, ajoutent une touche vintage \u00e0 cette robe moderne.\",\"breadcrumb\":{\"@id\":\"https:\\\/\\\/www.koonings.com\\\/fr\\\/product\\\/enzoani-love-collection-dana\\\/#breadcrumb\"},\"inLanguage\":\"fr-FR\",\"potentialAction\":[{\"@type\":\"ReadAction\",\"target\":[\"https:\\\/\\\/www.koonings.com\\\/fr\\\/product\\\/enzoani-love-collection-dana\\\/\"]}]},{\"@type\":\"ImageObject\",\"inLanguage\":\"fr-FR\",\"@id\":\"https:\\\/\\\/www.koonings.com\\\/fr\\\/product\\\/enzoani-love-collection-dana\\\/#primaryimage\",\"url\":\"https:\\\/\\\/www.koonings.com\\\/wp-content\\\/uploads\\\/2024\\\/11\\\/41136_fb018de4f8739ed4e50c7eafc7ebe2ca3b480c0379dc0302fb53ef62ae965f8dc59056bf.jpeg\",\"contentUrl\":\"https:\\\/\\\/www.koonings.com\\\/wp-content\\\/uploads\\\/2024\\\/11\\\/41136_fb018de4f8739ed4e50c7eafc7ebe2ca3b480c0379dc0302fb53ef62ae965f8dc59056bf.jpeg\",\"width\":1035,\"height\":1380},{\"@type\":\"BreadcrumbList\",\"@id\":\"https:\\\/\\\/www.koonings.com\\\/fr\\\/product\\\/enzoani-love-collection-dana\\\/#breadcrumb\",\"itemListElement\":[{\"@type\":\"ListItem\",\"position\":1,\"name\":\"Home\",\"item\":\"https:\\\/\\\/www.koonings.com\\\/fr\\\/\"},{\"@type\":\"ListItem\",\"position\":2,\"name\":\"Enzoani Love Collection Dana\"}]},{\"@type\":\"WebSite\",\"@id\":\"https:\\\/\\\/www.koonings.com\\\/fr\\\/#website\",\"url\":\"https:\\\/\\\/www.koonings.com\\\/fr\\\/\",\"name\":\"Koonings\",\"description\":\"De grootste bruidsmodewinkel ter wereld\",\"publisher\":{\"@id\":\"https:\\\/\\\/www.koonings.com\\\/fr\\\/#organization\"},\"potentialAction\":[{\"@type\":\"SearchAction\",\"target\":{\"@type\":\"EntryPoint\",\"urlTemplate\":\"https:\\\/\\\/www.koonings.com\\\/fr\\\/?s={search_term_string}\"},\"query-input\":{\"@type\":\"PropertyValueSpecification\",\"valueRequired\":true,\"valueName\":\"search_term_string\"}}],\"inLanguage\":\"fr-FR\"},{\"@type\":\"Organization\",\"@id\":\"https:\\\/\\\/www.koonings.com\\\/fr\\\/#organization\",\"name\":\"Koonings\",\"url\":\"https:\\\/\\\/www.koonings.com\\\/fr\\\/\",\"logo\":{\"@type\":\"ImageObject\",\"inLanguage\":\"fr-FR\",\"@id\":\"https:\\\/\\\/www.koonings.com\\\/fr\\\/#\\\/schema\\\/logo\\\/image\\\/\",\"url\":\"https:\\\/\\\/www.koonings.com\\\/wp-content\\\/uploads\\\/2024\\\/07\\\/logo.png\",\"contentUrl\":\"https:\\\/\\\/www.koonings.com\\\/wp-content\\\/uploads\\\/2024\\\/07\\\/logo.png\",\"width\":600,\"height\":428,\"caption\":\"Koonings\"},\"image\":{\"@id\":\"https:\\\/\\\/www.koonings.com\\\/fr\\\/#\\\/schema\\\/logo\\\/image\\\/\"},\"sameAs\":[\"https:\\\/\\\/www.facebook.com\\\/kooningstheweddingpalace\",\"https:\\\/\\\/www.instagram.com\\\/kooningstheweddingpalace\",\"https:\\\/\\\/www.pinterest.com\\\/koonings\",\"https:\\\/\\\/www.youtube.com\\\/kooningstheweddingpalace\"]}]}<\/script>\n<!-- \/ Yoast SEO plugin. -->","yoast_head_json":{"title":"Enzoani Love Collection Dana | Koonings","description":"La robe DANA poss\u00e8de un corsage enchanteur orn\u00e9 de dentelle florale d\u00e9licatement brod\u00e9e et de dentelle de Chantilly, exhalant une sophistication royale. La combinaison \u00e9th\u00e9r\u00e9e de tulle et de mousseline de soie dans la jupe cr\u00e9e une silhouette fantaisiste qui flotte avec gr\u00e2ce et mouvement. Les manches longues en dentelle, compl\u00e9t\u00e9es par des \u00e9paules bouffantes et une encolure haute, ajoutent une touche vintage \u00e0 cette robe moderne.","robots":{"index":"index","follow":"follow","max-snippet":"max-snippet:-1","max-image-preview":"max-image-preview:large","max-video-preview":"max-video-preview:-1"},"canonical":"https:\/\/www.koonings.com\/fr\/product\/enzoani-love-collection-dana\/","og_locale":"fr_FR","og_type":"article","og_title":"Enzoani Love Collection Dana | Koonings","og_description":"La robe DANA poss\u00e8de un corsage enchanteur orn\u00e9 de dentelle florale d\u00e9licatement brod\u00e9e et de dentelle de Chantilly, exhalant une sophistication royale. La combinaison \u00e9th\u00e9r\u00e9e de tulle et de mousseline de soie dans la jupe cr\u00e9e une silhouette fantaisiste qui flotte avec gr\u00e2ce et mouvement. Les manches longues en dentelle, compl\u00e9t\u00e9es par des \u00e9paules bouffantes et une encolure haute, ajoutent une touche vintage \u00e0 cette robe moderne.","og_url":"https:\/\/www.koonings.com\/fr\/product\/enzoani-love-collection-dana\/","og_site_name":"Koonings","article_publisher":"https:\/\/www.facebook.com\/kooningstheweddingpalace","og_image":[{"width":1035,"height":1380,"url":"https:\/\/www.koonings.com\/wp-content\/uploads\/2024\/11\/41136_fb018de4f8739ed4e50c7eafc7ebe2ca3b480c0379dc0302fb53ef62ae965f8dc59056bf.jpeg","type":"image\/jpeg"}],"twitter_card":"summary_large_image","schema":{"@context":"https:\/\/schema.org","@graph":[{"@type":"WebPage","@id":"https:\/\/www.koonings.com\/fr\/product\/enzoani-love-collection-dana\/","url":"https:\/\/www.koonings.com\/fr\/product\/enzoani-love-collection-dana\/","name":"Enzoani Love Collection Dana | Koonings","isPartOf":{"@id":"https:\/\/www.koonings.com\/fr\/#website"},"primaryImageOfPage":{"@id":"https:\/\/www.koonings.com\/fr\/product\/enzoani-love-collection-dana\/#primaryimage"},"image":{"@id":"https:\/\/www.koonings.com\/fr\/product\/enzoani-love-collection-dana\/#primaryimage"},"thumbnailUrl":"https:\/\/www.koonings.com\/wp-content\/uploads\/2024\/11\/41136_fb018de4f8739ed4e50c7eafc7ebe2ca3b480c0379dc0302fb53ef62ae965f8dc59056bf.jpeg","datePublished":"2026-04-28T16:26:13+00:00","description":"La robe DANA poss\u00e8de un corsage enchanteur orn\u00e9 de dentelle florale d\u00e9licatement brod\u00e9e et de dentelle de Chantilly, exhalant une sophistication royale. La combinaison \u00e9th\u00e9r\u00e9e de tulle et de mousseline de soie dans la jupe cr\u00e9e une silhouette fantaisiste qui flotte avec gr\u00e2ce et mouvement. Les manches longues en dentelle, compl\u00e9t\u00e9es par des \u00e9paules bouffantes et une encolure haute, ajoutent une touche vintage \u00e0 cette robe moderne.","breadcrumb":{"@id":"https:\/\/www.koonings.com\/fr\/product\/enzoani-love-collection-dana\/#breadcrumb"},"inLanguage":"fr-FR","potentialAction":[{"@type":"ReadAction","target":["https:\/\/www.koonings.com\/fr\/product\/enzoani-love-collection-dana\/"]}]},{"@type":"ImageObject","inLanguage":"fr-FR","@id":"https:\/\/www.koonings.com\/fr\/product\/enzoani-love-collection-dana\/#primaryimage","url":"https:\/\/www.koonings.com\/wp-content\/uploads\/2024\/11\/41136_fb018de4f8739ed4e50c7eafc7ebe2ca3b480c0379dc0302fb53ef62ae965f8dc59056bf.jpeg","contentUrl":"https:\/\/www.koonings.com\/wp-content\/uploads\/2024\/11\/41136_fb018de4f8739ed4e50c7eafc7ebe2ca3b480c0379dc0302fb53ef62ae965f8dc59056bf.jpeg","width":1035,"height":1380},{"@type":"BreadcrumbList","@id":"https:\/\/www.koonings.com\/fr\/product\/enzoani-love-collection-dana\/#breadcrumb","itemListElement":[{"@type":"ListItem","position":1,"name":"Home","item":"https:\/\/www.koonings.com\/fr\/"},{"@type":"ListItem","position":2,"name":"Enzoani Love Collection Dana"}]},{"@type":"WebSite","@id":"https:\/\/www.koonings.com\/fr\/#website","url":"https:\/\/www.koonings.com\/fr\/","name":"Koonings","description":"De grootste bruidsmodewinkel ter wereld","publisher":{"@id":"https:\/\/www.koonings.com\/fr\/#organization"},"potentialAction":[{"@type":"SearchAction","target":{"@type":"EntryPoint","urlTemplate":"https:\/\/www.koonings.com\/fr\/?s={search_term_string}"},"query-input":{"@type":"PropertyValueSpecification","valueRequired":true,"valueName":"search_term_string"}}],"inLanguage":"fr-FR"},{"@type":"Organization","@id":"https:\/\/www.koonings.com\/fr\/#organization","name":"Koonings","url":"https:\/\/www.koonings.com\/fr\/","logo":{"@type":"ImageObject","inLanguage":"fr-FR","@id":"https:\/\/www.koonings.com\/fr\/#\/schema\/logo\/image\/","url":"https:\/\/www.koonings.com\/wp-content\/uploads\/2024\/07\/logo.png","contentUrl":"https:\/\/www.koonings.com\/wp-content\/uploads\/2024\/07\/logo.png","width":600,"height":428,"caption":"Koonings"},"image":{"@id":"https:\/\/www.koonings.com\/fr\/#\/schema\/logo\/image\/"},"sameAs":["https:\/\/www.facebook.com\/kooningstheweddingpalace","https:\/\/www.instagram.com\/kooningstheweddingpalace","https:\/\/www.pinterest.com\/koonings","https:\/\/www.youtube.com\/kooningstheweddingpalace"]}]}},"_links":{"self":[{"href":"https:\/\/www.koonings.com\/fr\/wp-json\/wp\/v2\/product\/79135","targetHints":{"allow":["GET"]}}],"collection":[{"href":"https:\/\/www.koonings.com\/fr\/wp-json\/wp\/v2\/product"}],"about":[{"href":"https:\/\/www.koonings.com\/fr\/wp-json\/wp\/v2\/types\/product"}],"wp:featuredmedia":[{"embeddable":true,"href":"https:\/\/www.koonings.com\/fr\/wp-json\/wp\/v2\/media\/67778"}],"wp:attachment":[{"href":"https:\/\/www.koonings.com\/fr\/wp-json\/wp\/v2\/media?parent=79135"}],"wp:term":[{"taxonomy":"productdetails","embeddable":true,"href":"https:\/\/www.koonings.com\/fr\/wp-json\/wp\/v2\/productdetails?post=79135"},{"taxonomy":"productneck","embeddable":true,"href":"https:\/\/www.koonings.com\/fr\/wp-json\/wp\/v2\/productneck?post=79135"},{"taxonomy":"productcolor","embeddable":true,"href":"https:\/\/www.koonings.com\/fr\/wp-json\/wp\/v2\/productcolor?post=79135"},{"taxonomy":"maat","embeddable":true,"href":"https:\/\/www.koonings.com\/fr\/wp-json\/wp\/v2\/maat?post=79135"},{"taxonomy":"productsupplier","embeddable":true,"href":"https:\/\/www.koonings.com\/fr\/wp-json\/wp\/v2\/productsupplier?post=79135"},{"taxonomy":"productsleeve","embeddable":true,"href":"https:\/\/www.koonings.com\/fr\/wp-json\/wp\/v2\/productsleeve?post=79135"},{"taxonomy":"productcategory","embeddable":true,"href":"https:\/\/www.koonings.com\/fr\/wp-json\/wp\/v2\/productcategory?post=79135"},{"taxonomy":"productsilhouette","embeddable":true,"href":"https:\/\/www.koonings.com\/fr\/wp-json\/wp\/v2\/productsilhouette?post=79135"},{"taxonomy":"productstyle","embeddable":true,"href":"https:\/\/www.koonings.com\/fr\/wp-json\/wp\/v2\/productstyle?post=79135"}],"curies":[{"name":"wp","href":"https:\/\/api.w.org\/{rel}","templated":true}]}}