{"id":79130,"date":"2026-05-06T15:26:35","date_gmt":"2026-05-06T13:26:35","guid":{"rendered":"https:\/\/www.koonings.com\/product\/enzoani-prive-emilia\/"},"modified":"2025-06-05T13:39:33","modified_gmt":"2025-06-05T11:39:33","slug":"enzoani-prive-emilia","status":"publish","type":"product","link":"https:\/\/www.koonings.com\/fr\/product\/enzoani-prive-emilia\/","title":{"rendered":"Enzoani Prive Emilia"},"content":{"rendered":"<p>Avec son corsage romantique en dentelle scintillante et ses bretelles amovibles, EMILIA d\u00e9gage un charme digne d&#8217;une princesse et une allure f\u00e9minine. L&#8217;enchanteresse surjupe amovible de la robe de bal peut \u00eatre enlev\u00e9e et cache sous elle une magnifique silhouette de sir\u00e8ne flatteuse. La dentelle perl\u00e9e et la dentelle florale brod\u00e9e ajoutent une touche de glamour, tandis que le dos illusionn\u00e9 assure une coupe flatteuse, pour que la mari\u00e9e se sente royale lorsqu&#8217;elle descend l&#8217;all\u00e9e.  <\/p>\n","protected":false},"featured_media":67861,"template":"","meta":{"_acf_changed":false,"ghostkit_customizer_options":"","ghostkit_custom_css":"","ghostkit_custom_js_head":"","ghostkit_custom_js_foot":"","ghostkit_typography":""},"productdetails":[376,381],"productneck":[354,355],"productcolor":[393,392],"maat":[],"productsupplier":[461],"productsleeve":[],"productcategory":[18],"productsilhouette":[387],"productstyle":[366,370],"class_list":["post-79130","product","type-product","status-publish","has-post-thumbnail","hentry","productdetails-376","productdetails-381","productneck-354","productneck-355","productcolor-393","productcolor-392","productsupplier-enzoani-prive","productcategory-trouwjurken","productsilhouette-387","productstyle-366","productstyle-370"],"acf":[],"yoast_head":"<!-- This site is optimized with the Yoast SEO plugin v27.3 - https:\/\/yoast.com\/product\/yoast-seo-wordpress\/ -->\n<title>Enzoani Prive Emilia | Koonings<\/title>\n<meta name=\"description\" content=\"Avec son corsage romantique en dentelle scintillante et ses bretelles amovibles, EMILIA d\u00e9gage un charme digne d&#039;une princesse et une allure f\u00e9minine. L&#039;enchanteresse surjupe amovible de la robe de bal peut \u00eatre enlev\u00e9e et cache sous elle une magnifique silhouette de sir\u00e8ne flatteuse. La dentelle perl\u00e9e et la dentelle florale brod\u00e9e ajoutent une touche de glamour, tandis que le dos illusionn\u00e9 assure une coupe flatteuse, pour que la mari\u00e9e se sente royale lorsqu&#039;elle descend l&#039;all\u00e9e.\" \/>\n<meta name=\"robots\" content=\"index, follow, max-snippet:-1, max-image-preview:large, max-video-preview:-1\" \/>\n<link rel=\"canonical\" href=\"https:\/\/www.koonings.com\/fr\/product\/enzoani-prive-emilia\/\" \/>\n<meta property=\"og:locale\" content=\"fr_FR\" \/>\n<meta property=\"og:type\" content=\"article\" \/>\n<meta property=\"og:title\" content=\"Enzoani Prive Emilia | Koonings\" \/>\n<meta property=\"og:description\" content=\"Avec son corsage romantique en dentelle scintillante et ses bretelles amovibles, EMILIA d\u00e9gage un charme digne d&#039;une princesse et une allure f\u00e9minine. L&#039;enchanteresse surjupe amovible de la robe de bal peut \u00eatre enlev\u00e9e et cache sous elle une magnifique silhouette de sir\u00e8ne flatteuse. La dentelle perl\u00e9e et la dentelle florale brod\u00e9e ajoutent une touche de glamour, tandis que le dos illusionn\u00e9 assure une coupe flatteuse, pour que la mari\u00e9e se sente royale lorsqu&#039;elle descend l&#039;all\u00e9e.\" \/>\n<meta property=\"og:url\" content=\"https:\/\/www.koonings.com\/fr\/product\/enzoani-prive-emilia\/\" \/>\n<meta property=\"og:site_name\" content=\"Koonings\" \/>\n<meta property=\"article:publisher\" content=\"https:\/\/www.facebook.com\/kooningstheweddingpalace\" \/>\n<meta property=\"og:image\" content=\"https:\/\/www.koonings.com\/wp-content\/uploads\/2024\/11\/41168_87896757025c9bf04ef0e91f5265751668fa4b715c251edf37061a96160429dc8b18b91d.jpeg\" \/>\n\t<meta property=\"og:image:width\" content=\"963\" \/>\n\t<meta property=\"og:image:height\" content=\"1362\" \/>\n\t<meta property=\"og:image:type\" content=\"image\/jpeg\" \/>\n<meta name=\"twitter:card\" content=\"summary_large_image\" \/>\n<script type=\"application\/ld+json\" class=\"yoast-schema-graph\">{\"@context\":\"https:\\\/\\\/schema.org\",\"@graph\":[{\"@type\":\"WebPage\",\"@id\":\"https:\\\/\\\/www.koonings.com\\\/fr\\\/product\\\/enzoani-prive-emilia\\\/\",\"url\":\"https:\\\/\\\/www.koonings.com\\\/fr\\\/product\\\/enzoani-prive-emilia\\\/\",\"name\":\"Enzoani Prive Emilia | Koonings\",\"isPartOf\":{\"@id\":\"https:\\\/\\\/www.koonings.com\\\/fr\\\/#website\"},\"primaryImageOfPage\":{\"@id\":\"https:\\\/\\\/www.koonings.com\\\/fr\\\/product\\\/enzoani-prive-emilia\\\/#primaryimage\"},\"image\":{\"@id\":\"https:\\\/\\\/www.koonings.com\\\/fr\\\/product\\\/enzoani-prive-emilia\\\/#primaryimage\"},\"thumbnailUrl\":\"https:\\\/\\\/www.koonings.com\\\/wp-content\\\/uploads\\\/2024\\\/11\\\/41168_87896757025c9bf04ef0e91f5265751668fa4b715c251edf37061a96160429dc8b18b91d.jpeg\",\"datePublished\":\"2026-05-06T13:26:35+00:00\",\"description\":\"Avec son corsage romantique en dentelle scintillante et ses bretelles amovibles, EMILIA d\u00e9gage un charme digne d'une princesse et une allure f\u00e9minine. L'enchanteresse surjupe amovible de la robe de bal peut \u00eatre enlev\u00e9e et cache sous elle une magnifique silhouette de sir\u00e8ne flatteuse. La dentelle perl\u00e9e et la dentelle florale brod\u00e9e ajoutent une touche de glamour, tandis que le dos illusionn\u00e9 assure une coupe flatteuse, pour que la mari\u00e9e se sente royale lorsqu'elle descend l'all\u00e9e.\",\"breadcrumb\":{\"@id\":\"https:\\\/\\\/www.koonings.com\\\/fr\\\/product\\\/enzoani-prive-emilia\\\/#breadcrumb\"},\"inLanguage\":\"fr-FR\",\"potentialAction\":[{\"@type\":\"ReadAction\",\"target\":[\"https:\\\/\\\/www.koonings.com\\\/fr\\\/product\\\/enzoani-prive-emilia\\\/\"]}]},{\"@type\":\"ImageObject\",\"inLanguage\":\"fr-FR\",\"@id\":\"https:\\\/\\\/www.koonings.com\\\/fr\\\/product\\\/enzoani-prive-emilia\\\/#primaryimage\",\"url\":\"https:\\\/\\\/www.koonings.com\\\/wp-content\\\/uploads\\\/2024\\\/11\\\/41168_87896757025c9bf04ef0e91f5265751668fa4b715c251edf37061a96160429dc8b18b91d.jpeg\",\"contentUrl\":\"https:\\\/\\\/www.koonings.com\\\/wp-content\\\/uploads\\\/2024\\\/11\\\/41168_87896757025c9bf04ef0e91f5265751668fa4b715c251edf37061a96160429dc8b18b91d.jpeg\",\"width\":963,\"height\":1362},{\"@type\":\"BreadcrumbList\",\"@id\":\"https:\\\/\\\/www.koonings.com\\\/fr\\\/product\\\/enzoani-prive-emilia\\\/#breadcrumb\",\"itemListElement\":[{\"@type\":\"ListItem\",\"position\":1,\"name\":\"Home\",\"item\":\"https:\\\/\\\/www.koonings.com\\\/fr\\\/\"},{\"@type\":\"ListItem\",\"position\":2,\"name\":\"Enzoani Prive Emilia\"}]},{\"@type\":\"WebSite\",\"@id\":\"https:\\\/\\\/www.koonings.com\\\/fr\\\/#website\",\"url\":\"https:\\\/\\\/www.koonings.com\\\/fr\\\/\",\"name\":\"Koonings\",\"description\":\"De grootste bruidsmodewinkel ter wereld\",\"publisher\":{\"@id\":\"https:\\\/\\\/www.koonings.com\\\/fr\\\/#organization\"},\"potentialAction\":[{\"@type\":\"SearchAction\",\"target\":{\"@type\":\"EntryPoint\",\"urlTemplate\":\"https:\\\/\\\/www.koonings.com\\\/fr\\\/?s={search_term_string}\"},\"query-input\":{\"@type\":\"PropertyValueSpecification\",\"valueRequired\":true,\"valueName\":\"search_term_string\"}}],\"inLanguage\":\"fr-FR\"},{\"@type\":\"Organization\",\"@id\":\"https:\\\/\\\/www.koonings.com\\\/fr\\\/#organization\",\"name\":\"Koonings\",\"url\":\"https:\\\/\\\/www.koonings.com\\\/fr\\\/\",\"logo\":{\"@type\":\"ImageObject\",\"inLanguage\":\"fr-FR\",\"@id\":\"https:\\\/\\\/www.koonings.com\\\/fr\\\/#\\\/schema\\\/logo\\\/image\\\/\",\"url\":\"https:\\\/\\\/www.koonings.com\\\/wp-content\\\/uploads\\\/2024\\\/07\\\/logo.png\",\"contentUrl\":\"https:\\\/\\\/www.koonings.com\\\/wp-content\\\/uploads\\\/2024\\\/07\\\/logo.png\",\"width\":600,\"height\":428,\"caption\":\"Koonings\"},\"image\":{\"@id\":\"https:\\\/\\\/www.koonings.com\\\/fr\\\/#\\\/schema\\\/logo\\\/image\\\/\"},\"sameAs\":[\"https:\\\/\\\/www.facebook.com\\\/kooningstheweddingpalace\",\"https:\\\/\\\/www.instagram.com\\\/kooningstheweddingpalace\",\"https:\\\/\\\/www.pinterest.com\\\/koonings\",\"https:\\\/\\\/www.youtube.com\\\/kooningstheweddingpalace\"]}]}<\/script>\n<!-- \/ Yoast SEO plugin. -->","yoast_head_json":{"title":"Enzoani Prive Emilia | Koonings","description":"Avec son corsage romantique en dentelle scintillante et ses bretelles amovibles, EMILIA d\u00e9gage un charme digne d'une princesse et une allure f\u00e9minine. L'enchanteresse surjupe amovible de la robe de bal peut \u00eatre enlev\u00e9e et cache sous elle une magnifique silhouette de sir\u00e8ne flatteuse. La dentelle perl\u00e9e et la dentelle florale brod\u00e9e ajoutent une touche de glamour, tandis que le dos illusionn\u00e9 assure une coupe flatteuse, pour que la mari\u00e9e se sente royale lorsqu'elle descend l'all\u00e9e.","robots":{"index":"index","follow":"follow","max-snippet":"max-snippet:-1","max-image-preview":"max-image-preview:large","max-video-preview":"max-video-preview:-1"},"canonical":"https:\/\/www.koonings.com\/fr\/product\/enzoani-prive-emilia\/","og_locale":"fr_FR","og_type":"article","og_title":"Enzoani Prive Emilia | Koonings","og_description":"Avec son corsage romantique en dentelle scintillante et ses bretelles amovibles, EMILIA d\u00e9gage un charme digne d'une princesse et une allure f\u00e9minine. L'enchanteresse surjupe amovible de la robe de bal peut \u00eatre enlev\u00e9e et cache sous elle une magnifique silhouette de sir\u00e8ne flatteuse. La dentelle perl\u00e9e et la dentelle florale brod\u00e9e ajoutent une touche de glamour, tandis que le dos illusionn\u00e9 assure une coupe flatteuse, pour que la mari\u00e9e se sente royale lorsqu'elle descend l'all\u00e9e.","og_url":"https:\/\/www.koonings.com\/fr\/product\/enzoani-prive-emilia\/","og_site_name":"Koonings","article_publisher":"https:\/\/www.facebook.com\/kooningstheweddingpalace","og_image":[{"width":963,"height":1362,"url":"https:\/\/www.koonings.com\/wp-content\/uploads\/2024\/11\/41168_87896757025c9bf04ef0e91f5265751668fa4b715c251edf37061a96160429dc8b18b91d.jpeg","type":"image\/jpeg"}],"twitter_card":"summary_large_image","schema":{"@context":"https:\/\/schema.org","@graph":[{"@type":"WebPage","@id":"https:\/\/www.koonings.com\/fr\/product\/enzoani-prive-emilia\/","url":"https:\/\/www.koonings.com\/fr\/product\/enzoani-prive-emilia\/","name":"Enzoani Prive Emilia | Koonings","isPartOf":{"@id":"https:\/\/www.koonings.com\/fr\/#website"},"primaryImageOfPage":{"@id":"https:\/\/www.koonings.com\/fr\/product\/enzoani-prive-emilia\/#primaryimage"},"image":{"@id":"https:\/\/www.koonings.com\/fr\/product\/enzoani-prive-emilia\/#primaryimage"},"thumbnailUrl":"https:\/\/www.koonings.com\/wp-content\/uploads\/2024\/11\/41168_87896757025c9bf04ef0e91f5265751668fa4b715c251edf37061a96160429dc8b18b91d.jpeg","datePublished":"2026-05-06T13:26:35+00:00","description":"Avec son corsage romantique en dentelle scintillante et ses bretelles amovibles, EMILIA d\u00e9gage un charme digne d'une princesse et une allure f\u00e9minine. L'enchanteresse surjupe amovible de la robe de bal peut \u00eatre enlev\u00e9e et cache sous elle une magnifique silhouette de sir\u00e8ne flatteuse. La dentelle perl\u00e9e et la dentelle florale brod\u00e9e ajoutent une touche de glamour, tandis que le dos illusionn\u00e9 assure une coupe flatteuse, pour que la mari\u00e9e se sente royale lorsqu'elle descend l'all\u00e9e.","breadcrumb":{"@id":"https:\/\/www.koonings.com\/fr\/product\/enzoani-prive-emilia\/#breadcrumb"},"inLanguage":"fr-FR","potentialAction":[{"@type":"ReadAction","target":["https:\/\/www.koonings.com\/fr\/product\/enzoani-prive-emilia\/"]}]},{"@type":"ImageObject","inLanguage":"fr-FR","@id":"https:\/\/www.koonings.com\/fr\/product\/enzoani-prive-emilia\/#primaryimage","url":"https:\/\/www.koonings.com\/wp-content\/uploads\/2024\/11\/41168_87896757025c9bf04ef0e91f5265751668fa4b715c251edf37061a96160429dc8b18b91d.jpeg","contentUrl":"https:\/\/www.koonings.com\/wp-content\/uploads\/2024\/11\/41168_87896757025c9bf04ef0e91f5265751668fa4b715c251edf37061a96160429dc8b18b91d.jpeg","width":963,"height":1362},{"@type":"BreadcrumbList","@id":"https:\/\/www.koonings.com\/fr\/product\/enzoani-prive-emilia\/#breadcrumb","itemListElement":[{"@type":"ListItem","position":1,"name":"Home","item":"https:\/\/www.koonings.com\/fr\/"},{"@type":"ListItem","position":2,"name":"Enzoani Prive Emilia"}]},{"@type":"WebSite","@id":"https:\/\/www.koonings.com\/fr\/#website","url":"https:\/\/www.koonings.com\/fr\/","name":"Koonings","description":"De grootste bruidsmodewinkel ter wereld","publisher":{"@id":"https:\/\/www.koonings.com\/fr\/#organization"},"potentialAction":[{"@type":"SearchAction","target":{"@type":"EntryPoint","urlTemplate":"https:\/\/www.koonings.com\/fr\/?s={search_term_string}"},"query-input":{"@type":"PropertyValueSpecification","valueRequired":true,"valueName":"search_term_string"}}],"inLanguage":"fr-FR"},{"@type":"Organization","@id":"https:\/\/www.koonings.com\/fr\/#organization","name":"Koonings","url":"https:\/\/www.koonings.com\/fr\/","logo":{"@type":"ImageObject","inLanguage":"fr-FR","@id":"https:\/\/www.koonings.com\/fr\/#\/schema\/logo\/image\/","url":"https:\/\/www.koonings.com\/wp-content\/uploads\/2024\/07\/logo.png","contentUrl":"https:\/\/www.koonings.com\/wp-content\/uploads\/2024\/07\/logo.png","width":600,"height":428,"caption":"Koonings"},"image":{"@id":"https:\/\/www.koonings.com\/fr\/#\/schema\/logo\/image\/"},"sameAs":["https:\/\/www.facebook.com\/kooningstheweddingpalace","https:\/\/www.instagram.com\/kooningstheweddingpalace","https:\/\/www.pinterest.com\/koonings","https:\/\/www.youtube.com\/kooningstheweddingpalace"]}]}},"_links":{"self":[{"href":"https:\/\/www.koonings.com\/fr\/wp-json\/wp\/v2\/product\/79130","targetHints":{"allow":["GET"]}}],"collection":[{"href":"https:\/\/www.koonings.com\/fr\/wp-json\/wp\/v2\/product"}],"about":[{"href":"https:\/\/www.koonings.com\/fr\/wp-json\/wp\/v2\/types\/product"}],"wp:featuredmedia":[{"embeddable":true,"href":"https:\/\/www.koonings.com\/fr\/wp-json\/wp\/v2\/media\/67861"}],"wp:attachment":[{"href":"https:\/\/www.koonings.com\/fr\/wp-json\/wp\/v2\/media?parent=79130"}],"wp:term":[{"taxonomy":"productdetails","embeddable":true,"href":"https:\/\/www.koonings.com\/fr\/wp-json\/wp\/v2\/productdetails?post=79130"},{"taxonomy":"productneck","embeddable":true,"href":"https:\/\/www.koonings.com\/fr\/wp-json\/wp\/v2\/productneck?post=79130"},{"taxonomy":"productcolor","embeddable":true,"href":"https:\/\/www.koonings.com\/fr\/wp-json\/wp\/v2\/productcolor?post=79130"},{"taxonomy":"maat","embeddable":true,"href":"https:\/\/www.koonings.com\/fr\/wp-json\/wp\/v2\/maat?post=79130"},{"taxonomy":"productsupplier","embeddable":true,"href":"https:\/\/www.koonings.com\/fr\/wp-json\/wp\/v2\/productsupplier?post=79130"},{"taxonomy":"productsleeve","embeddable":true,"href":"https:\/\/www.koonings.com\/fr\/wp-json\/wp\/v2\/productsleeve?post=79130"},{"taxonomy":"productcategory","embeddable":true,"href":"https:\/\/www.koonings.com\/fr\/wp-json\/wp\/v2\/productcategory?post=79130"},{"taxonomy":"productsilhouette","embeddable":true,"href":"https:\/\/www.koonings.com\/fr\/wp-json\/wp\/v2\/productsilhouette?post=79130"},{"taxonomy":"productstyle","embeddable":true,"href":"https:\/\/www.koonings.com\/fr\/wp-json\/wp\/v2\/productstyle?post=79130"}],"curies":[{"name":"wp","href":"https:\/\/api.w.org\/{rel}","templated":true}]}}