{"id":79117,"date":"2026-04-28T18:28:38","date_gmt":"2026-04-28T16:28:38","guid":{"rendered":"https:\/\/www.koonings.com\/product\/enzoani-portrait-olani\/"},"modified":"2026-02-16T14:49:30","modified_gmt":"2026-02-16T13:49:30","slug":"enzoani-portrait-olani","status":"publish","type":"product","link":"https:\/\/www.koonings.com\/fr\/product\/enzoani-portrait-olani\/","title":{"rendered":"Enzoani Portrait Olani"},"content":{"rendered":"<p>Portrait x OLANI pr\u00e9sente des bretelles sexy en dentelle illusion et un profond d\u00e9collet\u00e9 en V orn\u00e9 d&#8217;une magnifique dentelle florale en 3D avec des perles qui s&#8217;infiltrent merveilleusement dans la jupe de r\u00eave en tulle paillet\u00e9 multicouche et en tulle doux. Cette robe brille et scintille \u00e0 chaque tournant, cr\u00e9ant un effet des plus paradisiaques. Les appliques romantiques en dentelle florale qui ornent la jupe \u00e9th\u00e9r\u00e9e de la ligne A ajoutent une touche de romantisme encore plus frappante \u00e0 votre belle marche vers l&#8217;autel.  <\/p>\n","protected":false},"featured_media":67977,"template":"","meta":{"_acf_changed":false,"ghostkit_customizer_options":"","ghostkit_custom_css":"","ghostkit_custom_js_head":"","ghostkit_custom_js_foot":"","ghostkit_typography":""},"productdetails":[379,376,381],"productneck":[351,356],"productcolor":[393,392],"maat":[375],"productsupplier":[460],"productsleeve":[359],"productcategory":[18],"productsilhouette":[384],"productstyle":[366,370],"class_list":["post-79117","product","type-product","status-publish","has-post-thumbnail","hentry","productdetails-379","productdetails-376","productdetails-381","productneck-351","productneck-356","productcolor-393","productcolor-392","maat-375","productsupplier-enzoani-portrait","productsleeve-359","productcategory-trouwjurken","productsilhouette-384","productstyle-366","productstyle-370"],"acf":[],"yoast_head":"<!-- This site is optimized with the Yoast SEO plugin v27.3 - https:\/\/yoast.com\/product\/yoast-seo-wordpress\/ -->\n<title>Enzoani Portrait Olani | Koonings<\/title>\n<meta name=\"description\" content=\"Portrait x OLANI pr\u00e9sente des bretelles sexy en dentelle illusion et un profond d\u00e9collet\u00e9 en V orn\u00e9 d&#039;une magnifique dentelle florale en 3D avec des perles qui s&#039;infiltrent merveilleusement dans la jupe de r\u00eave en tulle paillet\u00e9 multicouche et en tulle doux. Cette robe brille et scintille \u00e0 chaque tournant, cr\u00e9ant un effet des plus paradisiaques. Les appliques romantiques en dentelle florale qui ornent la jupe \u00e9th\u00e9r\u00e9e de la ligne A ajoutent une touche de romantisme encore plus frappante \u00e0 votre belle marche vers l&#039;autel.\" \/>\n<meta name=\"robots\" content=\"index, follow, max-snippet:-1, max-image-preview:large, max-video-preview:-1\" \/>\n<link rel=\"canonical\" href=\"https:\/\/www.koonings.com\/fr\/product\/enzoani-portrait-olani\/\" \/>\n<meta property=\"og:locale\" content=\"fr_FR\" \/>\n<meta property=\"og:type\" content=\"article\" \/>\n<meta property=\"og:title\" content=\"Enzoani Portrait Olani | Koonings\" \/>\n<meta property=\"og:description\" content=\"Portrait x OLANI pr\u00e9sente des bretelles sexy en dentelle illusion et un profond d\u00e9collet\u00e9 en V orn\u00e9 d&#039;une magnifique dentelle florale en 3D avec des perles qui s&#039;infiltrent merveilleusement dans la jupe de r\u00eave en tulle paillet\u00e9 multicouche et en tulle doux. Cette robe brille et scintille \u00e0 chaque tournant, cr\u00e9ant un effet des plus paradisiaques. Les appliques romantiques en dentelle florale qui ornent la jupe \u00e9th\u00e9r\u00e9e de la ligne A ajoutent une touche de romantisme encore plus frappante \u00e0 votre belle marche vers l&#039;autel.\" \/>\n<meta property=\"og:url\" content=\"https:\/\/www.koonings.com\/fr\/product\/enzoani-portrait-olani\/\" \/>\n<meta property=\"og:site_name\" content=\"Koonings\" \/>\n<meta property=\"article:publisher\" content=\"https:\/\/www.facebook.com\/kooningstheweddingpalace\" \/>\n<meta property=\"og:image\" content=\"https:\/\/www.koonings.com\/wp-content\/uploads\/2024\/11\/49183_1ca2e640759e3c5d05e84798294fe9cc3ee4c3593b02e5f88413939a1edda77ef7f7eddd.jpeg\" \/>\n\t<meta property=\"og:image:width\" content=\"949\" \/>\n\t<meta property=\"og:image:height\" content=\"1340\" \/>\n\t<meta property=\"og:image:type\" content=\"image\/jpeg\" \/>\n<meta name=\"twitter:card\" content=\"summary_large_image\" \/>\n<script type=\"application\/ld+json\" class=\"yoast-schema-graph\">{\"@context\":\"https:\\\/\\\/schema.org\",\"@graph\":[{\"@type\":\"WebPage\",\"@id\":\"https:\\\/\\\/www.koonings.com\\\/fr\\\/product\\\/enzoani-portrait-olani\\\/\",\"url\":\"https:\\\/\\\/www.koonings.com\\\/fr\\\/product\\\/enzoani-portrait-olani\\\/\",\"name\":\"Enzoani Portrait Olani | Koonings\",\"isPartOf\":{\"@id\":\"https:\\\/\\\/www.koonings.com\\\/fr\\\/#website\"},\"primaryImageOfPage\":{\"@id\":\"https:\\\/\\\/www.koonings.com\\\/fr\\\/product\\\/enzoani-portrait-olani\\\/#primaryimage\"},\"image\":{\"@id\":\"https:\\\/\\\/www.koonings.com\\\/fr\\\/product\\\/enzoani-portrait-olani\\\/#primaryimage\"},\"thumbnailUrl\":\"https:\\\/\\\/www.koonings.com\\\/wp-content\\\/uploads\\\/2024\\\/11\\\/49183_1ca2e640759e3c5d05e84798294fe9cc3ee4c3593b02e5f88413939a1edda77ef7f7eddd.jpeg\",\"datePublished\":\"2026-04-28T16:28:38+00:00\",\"description\":\"Portrait x OLANI pr\u00e9sente des bretelles sexy en dentelle illusion et un profond d\u00e9collet\u00e9 en V orn\u00e9 d'une magnifique dentelle florale en 3D avec des perles qui s'infiltrent merveilleusement dans la jupe de r\u00eave en tulle paillet\u00e9 multicouche et en tulle doux. Cette robe brille et scintille \u00e0 chaque tournant, cr\u00e9ant un effet des plus paradisiaques. Les appliques romantiques en dentelle florale qui ornent la jupe \u00e9th\u00e9r\u00e9e de la ligne A ajoutent une touche de romantisme encore plus frappante \u00e0 votre belle marche vers l'autel.\",\"breadcrumb\":{\"@id\":\"https:\\\/\\\/www.koonings.com\\\/fr\\\/product\\\/enzoani-portrait-olani\\\/#breadcrumb\"},\"inLanguage\":\"fr-FR\",\"potentialAction\":[{\"@type\":\"ReadAction\",\"target\":[\"https:\\\/\\\/www.koonings.com\\\/fr\\\/product\\\/enzoani-portrait-olani\\\/\"]}]},{\"@type\":\"ImageObject\",\"inLanguage\":\"fr-FR\",\"@id\":\"https:\\\/\\\/www.koonings.com\\\/fr\\\/product\\\/enzoani-portrait-olani\\\/#primaryimage\",\"url\":\"https:\\\/\\\/www.koonings.com\\\/wp-content\\\/uploads\\\/2024\\\/11\\\/49183_1ca2e640759e3c5d05e84798294fe9cc3ee4c3593b02e5f88413939a1edda77ef7f7eddd.jpeg\",\"contentUrl\":\"https:\\\/\\\/www.koonings.com\\\/wp-content\\\/uploads\\\/2024\\\/11\\\/49183_1ca2e640759e3c5d05e84798294fe9cc3ee4c3593b02e5f88413939a1edda77ef7f7eddd.jpeg\",\"width\":949,\"height\":1340},{\"@type\":\"BreadcrumbList\",\"@id\":\"https:\\\/\\\/www.koonings.com\\\/fr\\\/product\\\/enzoani-portrait-olani\\\/#breadcrumb\",\"itemListElement\":[{\"@type\":\"ListItem\",\"position\":1,\"name\":\"Home\",\"item\":\"https:\\\/\\\/www.koonings.com\\\/fr\\\/\"},{\"@type\":\"ListItem\",\"position\":2,\"name\":\"Enzoani Portrait Olani\"}]},{\"@type\":\"WebSite\",\"@id\":\"https:\\\/\\\/www.koonings.com\\\/fr\\\/#website\",\"url\":\"https:\\\/\\\/www.koonings.com\\\/fr\\\/\",\"name\":\"Koonings\",\"description\":\"De grootste bruidsmodewinkel ter wereld\",\"publisher\":{\"@id\":\"https:\\\/\\\/www.koonings.com\\\/fr\\\/#organization\"},\"potentialAction\":[{\"@type\":\"SearchAction\",\"target\":{\"@type\":\"EntryPoint\",\"urlTemplate\":\"https:\\\/\\\/www.koonings.com\\\/fr\\\/?s={search_term_string}\"},\"query-input\":{\"@type\":\"PropertyValueSpecification\",\"valueRequired\":true,\"valueName\":\"search_term_string\"}}],\"inLanguage\":\"fr-FR\"},{\"@type\":\"Organization\",\"@id\":\"https:\\\/\\\/www.koonings.com\\\/fr\\\/#organization\",\"name\":\"Koonings\",\"url\":\"https:\\\/\\\/www.koonings.com\\\/fr\\\/\",\"logo\":{\"@type\":\"ImageObject\",\"inLanguage\":\"fr-FR\",\"@id\":\"https:\\\/\\\/www.koonings.com\\\/fr\\\/#\\\/schema\\\/logo\\\/image\\\/\",\"url\":\"https:\\\/\\\/www.koonings.com\\\/wp-content\\\/uploads\\\/2024\\\/07\\\/logo.png\",\"contentUrl\":\"https:\\\/\\\/www.koonings.com\\\/wp-content\\\/uploads\\\/2024\\\/07\\\/logo.png\",\"width\":600,\"height\":428,\"caption\":\"Koonings\"},\"image\":{\"@id\":\"https:\\\/\\\/www.koonings.com\\\/fr\\\/#\\\/schema\\\/logo\\\/image\\\/\"},\"sameAs\":[\"https:\\\/\\\/www.facebook.com\\\/kooningstheweddingpalace\",\"https:\\\/\\\/www.instagram.com\\\/kooningstheweddingpalace\",\"https:\\\/\\\/www.pinterest.com\\\/koonings\",\"https:\\\/\\\/www.youtube.com\\\/kooningstheweddingpalace\"]}]}<\/script>\n<!-- \/ Yoast SEO plugin. -->","yoast_head_json":{"title":"Enzoani Portrait Olani | Koonings","description":"Portrait x OLANI pr\u00e9sente des bretelles sexy en dentelle illusion et un profond d\u00e9collet\u00e9 en V orn\u00e9 d'une magnifique dentelle florale en 3D avec des perles qui s'infiltrent merveilleusement dans la jupe de r\u00eave en tulle paillet\u00e9 multicouche et en tulle doux. Cette robe brille et scintille \u00e0 chaque tournant, cr\u00e9ant un effet des plus paradisiaques. Les appliques romantiques en dentelle florale qui ornent la jupe \u00e9th\u00e9r\u00e9e de la ligne A ajoutent une touche de romantisme encore plus frappante \u00e0 votre belle marche vers l'autel.","robots":{"index":"index","follow":"follow","max-snippet":"max-snippet:-1","max-image-preview":"max-image-preview:large","max-video-preview":"max-video-preview:-1"},"canonical":"https:\/\/www.koonings.com\/fr\/product\/enzoani-portrait-olani\/","og_locale":"fr_FR","og_type":"article","og_title":"Enzoani Portrait Olani | Koonings","og_description":"Portrait x OLANI pr\u00e9sente des bretelles sexy en dentelle illusion et un profond d\u00e9collet\u00e9 en V orn\u00e9 d'une magnifique dentelle florale en 3D avec des perles qui s'infiltrent merveilleusement dans la jupe de r\u00eave en tulle paillet\u00e9 multicouche et en tulle doux. Cette robe brille et scintille \u00e0 chaque tournant, cr\u00e9ant un effet des plus paradisiaques. Les appliques romantiques en dentelle florale qui ornent la jupe \u00e9th\u00e9r\u00e9e de la ligne A ajoutent une touche de romantisme encore plus frappante \u00e0 votre belle marche vers l'autel.","og_url":"https:\/\/www.koonings.com\/fr\/product\/enzoani-portrait-olani\/","og_site_name":"Koonings","article_publisher":"https:\/\/www.facebook.com\/kooningstheweddingpalace","og_image":[{"width":949,"height":1340,"url":"https:\/\/www.koonings.com\/wp-content\/uploads\/2024\/11\/49183_1ca2e640759e3c5d05e84798294fe9cc3ee4c3593b02e5f88413939a1edda77ef7f7eddd.jpeg","type":"image\/jpeg"}],"twitter_card":"summary_large_image","schema":{"@context":"https:\/\/schema.org","@graph":[{"@type":"WebPage","@id":"https:\/\/www.koonings.com\/fr\/product\/enzoani-portrait-olani\/","url":"https:\/\/www.koonings.com\/fr\/product\/enzoani-portrait-olani\/","name":"Enzoani Portrait Olani | Koonings","isPartOf":{"@id":"https:\/\/www.koonings.com\/fr\/#website"},"primaryImageOfPage":{"@id":"https:\/\/www.koonings.com\/fr\/product\/enzoani-portrait-olani\/#primaryimage"},"image":{"@id":"https:\/\/www.koonings.com\/fr\/product\/enzoani-portrait-olani\/#primaryimage"},"thumbnailUrl":"https:\/\/www.koonings.com\/wp-content\/uploads\/2024\/11\/49183_1ca2e640759e3c5d05e84798294fe9cc3ee4c3593b02e5f88413939a1edda77ef7f7eddd.jpeg","datePublished":"2026-04-28T16:28:38+00:00","description":"Portrait x OLANI pr\u00e9sente des bretelles sexy en dentelle illusion et un profond d\u00e9collet\u00e9 en V orn\u00e9 d'une magnifique dentelle florale en 3D avec des perles qui s'infiltrent merveilleusement dans la jupe de r\u00eave en tulle paillet\u00e9 multicouche et en tulle doux. Cette robe brille et scintille \u00e0 chaque tournant, cr\u00e9ant un effet des plus paradisiaques. Les appliques romantiques en dentelle florale qui ornent la jupe \u00e9th\u00e9r\u00e9e de la ligne A ajoutent une touche de romantisme encore plus frappante \u00e0 votre belle marche vers l'autel.","breadcrumb":{"@id":"https:\/\/www.koonings.com\/fr\/product\/enzoani-portrait-olani\/#breadcrumb"},"inLanguage":"fr-FR","potentialAction":[{"@type":"ReadAction","target":["https:\/\/www.koonings.com\/fr\/product\/enzoani-portrait-olani\/"]}]},{"@type":"ImageObject","inLanguage":"fr-FR","@id":"https:\/\/www.koonings.com\/fr\/product\/enzoani-portrait-olani\/#primaryimage","url":"https:\/\/www.koonings.com\/wp-content\/uploads\/2024\/11\/49183_1ca2e640759e3c5d05e84798294fe9cc3ee4c3593b02e5f88413939a1edda77ef7f7eddd.jpeg","contentUrl":"https:\/\/www.koonings.com\/wp-content\/uploads\/2024\/11\/49183_1ca2e640759e3c5d05e84798294fe9cc3ee4c3593b02e5f88413939a1edda77ef7f7eddd.jpeg","width":949,"height":1340},{"@type":"BreadcrumbList","@id":"https:\/\/www.koonings.com\/fr\/product\/enzoani-portrait-olani\/#breadcrumb","itemListElement":[{"@type":"ListItem","position":1,"name":"Home","item":"https:\/\/www.koonings.com\/fr\/"},{"@type":"ListItem","position":2,"name":"Enzoani Portrait Olani"}]},{"@type":"WebSite","@id":"https:\/\/www.koonings.com\/fr\/#website","url":"https:\/\/www.koonings.com\/fr\/","name":"Koonings","description":"De grootste bruidsmodewinkel ter wereld","publisher":{"@id":"https:\/\/www.koonings.com\/fr\/#organization"},"potentialAction":[{"@type":"SearchAction","target":{"@type":"EntryPoint","urlTemplate":"https:\/\/www.koonings.com\/fr\/?s={search_term_string}"},"query-input":{"@type":"PropertyValueSpecification","valueRequired":true,"valueName":"search_term_string"}}],"inLanguage":"fr-FR"},{"@type":"Organization","@id":"https:\/\/www.koonings.com\/fr\/#organization","name":"Koonings","url":"https:\/\/www.koonings.com\/fr\/","logo":{"@type":"ImageObject","inLanguage":"fr-FR","@id":"https:\/\/www.koonings.com\/fr\/#\/schema\/logo\/image\/","url":"https:\/\/www.koonings.com\/wp-content\/uploads\/2024\/07\/logo.png","contentUrl":"https:\/\/www.koonings.com\/wp-content\/uploads\/2024\/07\/logo.png","width":600,"height":428,"caption":"Koonings"},"image":{"@id":"https:\/\/www.koonings.com\/fr\/#\/schema\/logo\/image\/"},"sameAs":["https:\/\/www.facebook.com\/kooningstheweddingpalace","https:\/\/www.instagram.com\/kooningstheweddingpalace","https:\/\/www.pinterest.com\/koonings","https:\/\/www.youtube.com\/kooningstheweddingpalace"]}]}},"_links":{"self":[{"href":"https:\/\/www.koonings.com\/fr\/wp-json\/wp\/v2\/product\/79117","targetHints":{"allow":["GET"]}}],"collection":[{"href":"https:\/\/www.koonings.com\/fr\/wp-json\/wp\/v2\/product"}],"about":[{"href":"https:\/\/www.koonings.com\/fr\/wp-json\/wp\/v2\/types\/product"}],"wp:featuredmedia":[{"embeddable":true,"href":"https:\/\/www.koonings.com\/fr\/wp-json\/wp\/v2\/media\/67977"}],"wp:attachment":[{"href":"https:\/\/www.koonings.com\/fr\/wp-json\/wp\/v2\/media?parent=79117"}],"wp:term":[{"taxonomy":"productdetails","embeddable":true,"href":"https:\/\/www.koonings.com\/fr\/wp-json\/wp\/v2\/productdetails?post=79117"},{"taxonomy":"productneck","embeddable":true,"href":"https:\/\/www.koonings.com\/fr\/wp-json\/wp\/v2\/productneck?post=79117"},{"taxonomy":"productcolor","embeddable":true,"href":"https:\/\/www.koonings.com\/fr\/wp-json\/wp\/v2\/productcolor?post=79117"},{"taxonomy":"maat","embeddable":true,"href":"https:\/\/www.koonings.com\/fr\/wp-json\/wp\/v2\/maat?post=79117"},{"taxonomy":"productsupplier","embeddable":true,"href":"https:\/\/www.koonings.com\/fr\/wp-json\/wp\/v2\/productsupplier?post=79117"},{"taxonomy":"productsleeve","embeddable":true,"href":"https:\/\/www.koonings.com\/fr\/wp-json\/wp\/v2\/productsleeve?post=79117"},{"taxonomy":"productcategory","embeddable":true,"href":"https:\/\/www.koonings.com\/fr\/wp-json\/wp\/v2\/productcategory?post=79117"},{"taxonomy":"productsilhouette","embeddable":true,"href":"https:\/\/www.koonings.com\/fr\/wp-json\/wp\/v2\/productsilhouette?post=79117"},{"taxonomy":"productstyle","embeddable":true,"href":"https:\/\/www.koonings.com\/fr\/wp-json\/wp\/v2\/productstyle?post=79117"}],"curies":[{"name":"wp","href":"https:\/\/api.w.org\/{rel}","templated":true}]}}