{"id":79103,"date":"2026-05-06T15:26:27","date_gmt":"2026-05-06T13:26:27","guid":{"rendered":"https:\/\/www.koonings.com\/product\/enzoani-love-collection-doreen\/"},"modified":"2025-06-05T13:39:47","modified_gmt":"2025-06-05T11:39:47","slug":"enzoani-love-collection-doreen","status":"publish","type":"product","link":"https:\/\/www.koonings.com\/fr\/product\/enzoani-love-collection-doreen\/","title":{"rendered":"Enzoani Love Collection Doreen"},"content":{"rendered":"<p>Avec ses lignes \u00e9pur\u00e9es et sa silhouette classique, DOREEN est fabriqu\u00e9e en cr\u00eape l\u00e9ger, ce qui lui conf\u00e8re une allure sophistiqu\u00e9e et une sensation de douceur. Le corsage profond et le dos remarquable, orn\u00e9 d&#8217;appliques florales Mikado brod\u00e9es en 3D, sont d&#8217;un romantisme et d&#8217;une \u00e9l\u00e9gance qui ne demandent qu&#8217;\u00e0 \u00eatre mis en valeur. Le DOREEN est parfaitement fini par une tra\u00eene de dentelle d\u00e9taill\u00e9e.  <\/p>\n","protected":false},"featured_media":68099,"template":"","meta":{"_acf_changed":false,"ghostkit_customizer_options":"","ghostkit_custom_css":"","ghostkit_custom_js_head":"","ghostkit_custom_js_foot":"","ghostkit_typography":""},"productdetails":[379,376,381],"productneck":[356],"productcolor":[393,392],"maat":[],"productsupplier":[475],"productsleeve":[359],"productcategory":[18],"productsilhouette":[387,389],"productstyle":[365],"class_list":["post-79103","product","type-product","status-publish","has-post-thumbnail","hentry","productdetails-379","productdetails-376","productdetails-381","productneck-356","productcolor-393","productcolor-392","productsupplier-enzoani-love-collection","productsleeve-359","productcategory-trouwjurken","productsilhouette-387","productsilhouette-389","productstyle-365"],"acf":[],"yoast_head":"<!-- This site is optimized with the Yoast SEO plugin v27.3 - https:\/\/yoast.com\/product\/yoast-seo-wordpress\/ -->\n<title>Enzoani Love Collection Doreen | Koonings<\/title>\n<meta name=\"description\" content=\"Avec ses lignes \u00e9pur\u00e9es et sa silhouette classique, DOREEN est fabriqu\u00e9e en cr\u00eape l\u00e9ger, ce qui lui conf\u00e8re une allure sophistiqu\u00e9e et une sensation de douceur. Le corsage profond et le dos remarquable, orn\u00e9 d&#039;appliques florales Mikado brod\u00e9es en 3D, sont d&#039;un romantisme et d&#039;une \u00e9l\u00e9gance qui ne demandent qu&#039;\u00e0 \u00eatre mis en valeur. Le DOREEN est parfaitement fini par une tra\u00eene de dentelle d\u00e9taill\u00e9e.\" \/>\n<meta name=\"robots\" content=\"index, follow, max-snippet:-1, max-image-preview:large, max-video-preview:-1\" \/>\n<link rel=\"canonical\" href=\"https:\/\/www.koonings.com\/fr\/product\/enzoani-love-collection-doreen\/\" \/>\n<meta property=\"og:locale\" content=\"fr_FR\" \/>\n<meta property=\"og:type\" content=\"article\" \/>\n<meta property=\"og:title\" content=\"Enzoani Love Collection Doreen | Koonings\" \/>\n<meta property=\"og:description\" content=\"Avec ses lignes \u00e9pur\u00e9es et sa silhouette classique, DOREEN est fabriqu\u00e9e en cr\u00eape l\u00e9ger, ce qui lui conf\u00e8re une allure sophistiqu\u00e9e et une sensation de douceur. Le corsage profond et le dos remarquable, orn\u00e9 d&#039;appliques florales Mikado brod\u00e9es en 3D, sont d&#039;un romantisme et d&#039;une \u00e9l\u00e9gance qui ne demandent qu&#039;\u00e0 \u00eatre mis en valeur. Le DOREEN est parfaitement fini par une tra\u00eene de dentelle d\u00e9taill\u00e9e.\" \/>\n<meta property=\"og:url\" content=\"https:\/\/www.koonings.com\/fr\/product\/enzoani-love-collection-doreen\/\" \/>\n<meta property=\"og:site_name\" content=\"Koonings\" \/>\n<meta property=\"article:publisher\" content=\"https:\/\/www.facebook.com\/kooningstheweddingpalace\" \/>\n<meta property=\"og:image\" content=\"https:\/\/www.koonings.com\/wp-content\/uploads\/2024\/11\/41143_c79439757ed8bae3dc9da6b75d3bab76bb3d29cf3d4575bd2be7e0257723af13aee9997a.jpeg\" \/>\n\t<meta property=\"og:image:width\" content=\"1035\" \/>\n\t<meta property=\"og:image:height\" content=\"1380\" \/>\n\t<meta property=\"og:image:type\" content=\"image\/jpeg\" \/>\n<meta name=\"twitter:card\" content=\"summary_large_image\" \/>\n<script type=\"application\/ld+json\" class=\"yoast-schema-graph\">{\"@context\":\"https:\\\/\\\/schema.org\",\"@graph\":[{\"@type\":\"WebPage\",\"@id\":\"https:\\\/\\\/www.koonings.com\\\/fr\\\/product\\\/enzoani-love-collection-doreen\\\/\",\"url\":\"https:\\\/\\\/www.koonings.com\\\/fr\\\/product\\\/enzoani-love-collection-doreen\\\/\",\"name\":\"Enzoani Love Collection Doreen | Koonings\",\"isPartOf\":{\"@id\":\"https:\\\/\\\/www.koonings.com\\\/fr\\\/#website\"},\"primaryImageOfPage\":{\"@id\":\"https:\\\/\\\/www.koonings.com\\\/fr\\\/product\\\/enzoani-love-collection-doreen\\\/#primaryimage\"},\"image\":{\"@id\":\"https:\\\/\\\/www.koonings.com\\\/fr\\\/product\\\/enzoani-love-collection-doreen\\\/#primaryimage\"},\"thumbnailUrl\":\"https:\\\/\\\/www.koonings.com\\\/wp-content\\\/uploads\\\/2024\\\/11\\\/41143_c79439757ed8bae3dc9da6b75d3bab76bb3d29cf3d4575bd2be7e0257723af13aee9997a.jpeg\",\"datePublished\":\"2026-05-06T13:26:27+00:00\",\"description\":\"Avec ses lignes \u00e9pur\u00e9es et sa silhouette classique, DOREEN est fabriqu\u00e9e en cr\u00eape l\u00e9ger, ce qui lui conf\u00e8re une allure sophistiqu\u00e9e et une sensation de douceur. Le corsage profond et le dos remarquable, orn\u00e9 d'appliques florales Mikado brod\u00e9es en 3D, sont d'un romantisme et d'une \u00e9l\u00e9gance qui ne demandent qu'\u00e0 \u00eatre mis en valeur. Le DOREEN est parfaitement fini par une tra\u00eene de dentelle d\u00e9taill\u00e9e.\",\"breadcrumb\":{\"@id\":\"https:\\\/\\\/www.koonings.com\\\/fr\\\/product\\\/enzoani-love-collection-doreen\\\/#breadcrumb\"},\"inLanguage\":\"fr-FR\",\"potentialAction\":[{\"@type\":\"ReadAction\",\"target\":[\"https:\\\/\\\/www.koonings.com\\\/fr\\\/product\\\/enzoani-love-collection-doreen\\\/\"]}]},{\"@type\":\"ImageObject\",\"inLanguage\":\"fr-FR\",\"@id\":\"https:\\\/\\\/www.koonings.com\\\/fr\\\/product\\\/enzoani-love-collection-doreen\\\/#primaryimage\",\"url\":\"https:\\\/\\\/www.koonings.com\\\/wp-content\\\/uploads\\\/2024\\\/11\\\/41143_c79439757ed8bae3dc9da6b75d3bab76bb3d29cf3d4575bd2be7e0257723af13aee9997a.jpeg\",\"contentUrl\":\"https:\\\/\\\/www.koonings.com\\\/wp-content\\\/uploads\\\/2024\\\/11\\\/41143_c79439757ed8bae3dc9da6b75d3bab76bb3d29cf3d4575bd2be7e0257723af13aee9997a.jpeg\",\"width\":1035,\"height\":1380},{\"@type\":\"BreadcrumbList\",\"@id\":\"https:\\\/\\\/www.koonings.com\\\/fr\\\/product\\\/enzoani-love-collection-doreen\\\/#breadcrumb\",\"itemListElement\":[{\"@type\":\"ListItem\",\"position\":1,\"name\":\"Home\",\"item\":\"https:\\\/\\\/www.koonings.com\\\/fr\\\/\"},{\"@type\":\"ListItem\",\"position\":2,\"name\":\"Enzoani Love Collection Doreen\"}]},{\"@type\":\"WebSite\",\"@id\":\"https:\\\/\\\/www.koonings.com\\\/fr\\\/#website\",\"url\":\"https:\\\/\\\/www.koonings.com\\\/fr\\\/\",\"name\":\"Koonings\",\"description\":\"De grootste bruidsmodewinkel ter wereld\",\"publisher\":{\"@id\":\"https:\\\/\\\/www.koonings.com\\\/fr\\\/#organization\"},\"potentialAction\":[{\"@type\":\"SearchAction\",\"target\":{\"@type\":\"EntryPoint\",\"urlTemplate\":\"https:\\\/\\\/www.koonings.com\\\/fr\\\/?s={search_term_string}\"},\"query-input\":{\"@type\":\"PropertyValueSpecification\",\"valueRequired\":true,\"valueName\":\"search_term_string\"}}],\"inLanguage\":\"fr-FR\"},{\"@type\":\"Organization\",\"@id\":\"https:\\\/\\\/www.koonings.com\\\/fr\\\/#organization\",\"name\":\"Koonings\",\"url\":\"https:\\\/\\\/www.koonings.com\\\/fr\\\/\",\"logo\":{\"@type\":\"ImageObject\",\"inLanguage\":\"fr-FR\",\"@id\":\"https:\\\/\\\/www.koonings.com\\\/fr\\\/#\\\/schema\\\/logo\\\/image\\\/\",\"url\":\"https:\\\/\\\/www.koonings.com\\\/wp-content\\\/uploads\\\/2024\\\/07\\\/logo.png\",\"contentUrl\":\"https:\\\/\\\/www.koonings.com\\\/wp-content\\\/uploads\\\/2024\\\/07\\\/logo.png\",\"width\":600,\"height\":428,\"caption\":\"Koonings\"},\"image\":{\"@id\":\"https:\\\/\\\/www.koonings.com\\\/fr\\\/#\\\/schema\\\/logo\\\/image\\\/\"},\"sameAs\":[\"https:\\\/\\\/www.facebook.com\\\/kooningstheweddingpalace\",\"https:\\\/\\\/www.instagram.com\\\/kooningstheweddingpalace\",\"https:\\\/\\\/www.pinterest.com\\\/koonings\",\"https:\\\/\\\/www.youtube.com\\\/kooningstheweddingpalace\"]}]}<\/script>\n<!-- \/ Yoast SEO plugin. -->","yoast_head_json":{"title":"Enzoani Love Collection Doreen | Koonings","description":"Avec ses lignes \u00e9pur\u00e9es et sa silhouette classique, DOREEN est fabriqu\u00e9e en cr\u00eape l\u00e9ger, ce qui lui conf\u00e8re une allure sophistiqu\u00e9e et une sensation de douceur. Le corsage profond et le dos remarquable, orn\u00e9 d'appliques florales Mikado brod\u00e9es en 3D, sont d'un romantisme et d'une \u00e9l\u00e9gance qui ne demandent qu'\u00e0 \u00eatre mis en valeur. Le DOREEN est parfaitement fini par une tra\u00eene de dentelle d\u00e9taill\u00e9e.","robots":{"index":"index","follow":"follow","max-snippet":"max-snippet:-1","max-image-preview":"max-image-preview:large","max-video-preview":"max-video-preview:-1"},"canonical":"https:\/\/www.koonings.com\/fr\/product\/enzoani-love-collection-doreen\/","og_locale":"fr_FR","og_type":"article","og_title":"Enzoani Love Collection Doreen | Koonings","og_description":"Avec ses lignes \u00e9pur\u00e9es et sa silhouette classique, DOREEN est fabriqu\u00e9e en cr\u00eape l\u00e9ger, ce qui lui conf\u00e8re une allure sophistiqu\u00e9e et une sensation de douceur. Le corsage profond et le dos remarquable, orn\u00e9 d'appliques florales Mikado brod\u00e9es en 3D, sont d'un romantisme et d'une \u00e9l\u00e9gance qui ne demandent qu'\u00e0 \u00eatre mis en valeur. Le DOREEN est parfaitement fini par une tra\u00eene de dentelle d\u00e9taill\u00e9e.","og_url":"https:\/\/www.koonings.com\/fr\/product\/enzoani-love-collection-doreen\/","og_site_name":"Koonings","article_publisher":"https:\/\/www.facebook.com\/kooningstheweddingpalace","og_image":[{"width":1035,"height":1380,"url":"https:\/\/www.koonings.com\/wp-content\/uploads\/2024\/11\/41143_c79439757ed8bae3dc9da6b75d3bab76bb3d29cf3d4575bd2be7e0257723af13aee9997a.jpeg","type":"image\/jpeg"}],"twitter_card":"summary_large_image","schema":{"@context":"https:\/\/schema.org","@graph":[{"@type":"WebPage","@id":"https:\/\/www.koonings.com\/fr\/product\/enzoani-love-collection-doreen\/","url":"https:\/\/www.koonings.com\/fr\/product\/enzoani-love-collection-doreen\/","name":"Enzoani Love Collection Doreen | Koonings","isPartOf":{"@id":"https:\/\/www.koonings.com\/fr\/#website"},"primaryImageOfPage":{"@id":"https:\/\/www.koonings.com\/fr\/product\/enzoani-love-collection-doreen\/#primaryimage"},"image":{"@id":"https:\/\/www.koonings.com\/fr\/product\/enzoani-love-collection-doreen\/#primaryimage"},"thumbnailUrl":"https:\/\/www.koonings.com\/wp-content\/uploads\/2024\/11\/41143_c79439757ed8bae3dc9da6b75d3bab76bb3d29cf3d4575bd2be7e0257723af13aee9997a.jpeg","datePublished":"2026-05-06T13:26:27+00:00","description":"Avec ses lignes \u00e9pur\u00e9es et sa silhouette classique, DOREEN est fabriqu\u00e9e en cr\u00eape l\u00e9ger, ce qui lui conf\u00e8re une allure sophistiqu\u00e9e et une sensation de douceur. Le corsage profond et le dos remarquable, orn\u00e9 d'appliques florales Mikado brod\u00e9es en 3D, sont d'un romantisme et d'une \u00e9l\u00e9gance qui ne demandent qu'\u00e0 \u00eatre mis en valeur. Le DOREEN est parfaitement fini par une tra\u00eene de dentelle d\u00e9taill\u00e9e.","breadcrumb":{"@id":"https:\/\/www.koonings.com\/fr\/product\/enzoani-love-collection-doreen\/#breadcrumb"},"inLanguage":"fr-FR","potentialAction":[{"@type":"ReadAction","target":["https:\/\/www.koonings.com\/fr\/product\/enzoani-love-collection-doreen\/"]}]},{"@type":"ImageObject","inLanguage":"fr-FR","@id":"https:\/\/www.koonings.com\/fr\/product\/enzoani-love-collection-doreen\/#primaryimage","url":"https:\/\/www.koonings.com\/wp-content\/uploads\/2024\/11\/41143_c79439757ed8bae3dc9da6b75d3bab76bb3d29cf3d4575bd2be7e0257723af13aee9997a.jpeg","contentUrl":"https:\/\/www.koonings.com\/wp-content\/uploads\/2024\/11\/41143_c79439757ed8bae3dc9da6b75d3bab76bb3d29cf3d4575bd2be7e0257723af13aee9997a.jpeg","width":1035,"height":1380},{"@type":"BreadcrumbList","@id":"https:\/\/www.koonings.com\/fr\/product\/enzoani-love-collection-doreen\/#breadcrumb","itemListElement":[{"@type":"ListItem","position":1,"name":"Home","item":"https:\/\/www.koonings.com\/fr\/"},{"@type":"ListItem","position":2,"name":"Enzoani Love Collection Doreen"}]},{"@type":"WebSite","@id":"https:\/\/www.koonings.com\/fr\/#website","url":"https:\/\/www.koonings.com\/fr\/","name":"Koonings","description":"De grootste bruidsmodewinkel ter wereld","publisher":{"@id":"https:\/\/www.koonings.com\/fr\/#organization"},"potentialAction":[{"@type":"SearchAction","target":{"@type":"EntryPoint","urlTemplate":"https:\/\/www.koonings.com\/fr\/?s={search_term_string}"},"query-input":{"@type":"PropertyValueSpecification","valueRequired":true,"valueName":"search_term_string"}}],"inLanguage":"fr-FR"},{"@type":"Organization","@id":"https:\/\/www.koonings.com\/fr\/#organization","name":"Koonings","url":"https:\/\/www.koonings.com\/fr\/","logo":{"@type":"ImageObject","inLanguage":"fr-FR","@id":"https:\/\/www.koonings.com\/fr\/#\/schema\/logo\/image\/","url":"https:\/\/www.koonings.com\/wp-content\/uploads\/2024\/07\/logo.png","contentUrl":"https:\/\/www.koonings.com\/wp-content\/uploads\/2024\/07\/logo.png","width":600,"height":428,"caption":"Koonings"},"image":{"@id":"https:\/\/www.koonings.com\/fr\/#\/schema\/logo\/image\/"},"sameAs":["https:\/\/www.facebook.com\/kooningstheweddingpalace","https:\/\/www.instagram.com\/kooningstheweddingpalace","https:\/\/www.pinterest.com\/koonings","https:\/\/www.youtube.com\/kooningstheweddingpalace"]}]}},"_links":{"self":[{"href":"https:\/\/www.koonings.com\/fr\/wp-json\/wp\/v2\/product\/79103","targetHints":{"allow":["GET"]}}],"collection":[{"href":"https:\/\/www.koonings.com\/fr\/wp-json\/wp\/v2\/product"}],"about":[{"href":"https:\/\/www.koonings.com\/fr\/wp-json\/wp\/v2\/types\/product"}],"wp:featuredmedia":[{"embeddable":true,"href":"https:\/\/www.koonings.com\/fr\/wp-json\/wp\/v2\/media\/68099"}],"wp:attachment":[{"href":"https:\/\/www.koonings.com\/fr\/wp-json\/wp\/v2\/media?parent=79103"}],"wp:term":[{"taxonomy":"productdetails","embeddable":true,"href":"https:\/\/www.koonings.com\/fr\/wp-json\/wp\/v2\/productdetails?post=79103"},{"taxonomy":"productneck","embeddable":true,"href":"https:\/\/www.koonings.com\/fr\/wp-json\/wp\/v2\/productneck?post=79103"},{"taxonomy":"productcolor","embeddable":true,"href":"https:\/\/www.koonings.com\/fr\/wp-json\/wp\/v2\/productcolor?post=79103"},{"taxonomy":"maat","embeddable":true,"href":"https:\/\/www.koonings.com\/fr\/wp-json\/wp\/v2\/maat?post=79103"},{"taxonomy":"productsupplier","embeddable":true,"href":"https:\/\/www.koonings.com\/fr\/wp-json\/wp\/v2\/productsupplier?post=79103"},{"taxonomy":"productsleeve","embeddable":true,"href":"https:\/\/www.koonings.com\/fr\/wp-json\/wp\/v2\/productsleeve?post=79103"},{"taxonomy":"productcategory","embeddable":true,"href":"https:\/\/www.koonings.com\/fr\/wp-json\/wp\/v2\/productcategory?post=79103"},{"taxonomy":"productsilhouette","embeddable":true,"href":"https:\/\/www.koonings.com\/fr\/wp-json\/wp\/v2\/productsilhouette?post=79103"},{"taxonomy":"productstyle","embeddable":true,"href":"https:\/\/www.koonings.com\/fr\/wp-json\/wp\/v2\/productstyle?post=79103"}],"curies":[{"name":"wp","href":"https:\/\/api.w.org\/{rel}","templated":true}]}}