{"id":79098,"date":"2026-05-06T15:26:53","date_gmt":"2026-05-06T13:26:53","guid":{"rendered":"https:\/\/www.koonings.com\/product\/enzoani-love-collection-dream\/"},"modified":"2025-06-05T13:39:49","modified_gmt":"2025-06-05T11:39:49","slug":"enzoani-love-collection-dream","status":"publish","type":"product","link":"https:\/\/www.koonings.com\/fr\/product\/enzoani-love-collection-dream\/","title":{"rendered":"Enzoani Love Collection Dream"},"content":{"rendered":"<p>La robe DREAM porte bien son nom ! Avec un corsage bustier enchanteur subtilement embelli par de magnifiques appliques florales Mikado brod\u00e9es en 3D et de la dentelle de Chantilly, cette robe de mari\u00e9e de ligne A s&#8217;\u00e9vase en couches de tulle doux, cr\u00e9ant une silhouette romantique et \u00e9th\u00e9r\u00e9e parfaite pour la mari\u00e9e qui recherche un look intemporel et fantaisiste \u00e0 la fois. Un corset illusion dans le dos et une fente sur le devant de la jupe ajoutent de subtiles touches sexy pour un look de mari\u00e9e inoubliable.  <\/p>\n","protected":false},"featured_media":68128,"template":"","meta":{"_acf_changed":false,"ghostkit_customizer_options":"","ghostkit_custom_css":"","ghostkit_custom_js_head":"","ghostkit_custom_js_foot":"","ghostkit_typography":""},"productdetails":[379,376,378,381],"productneck":[354,355],"productcolor":[393,392],"maat":[],"productsupplier":[475],"productsleeve":[],"productcategory":[18],"productsilhouette":[384],"productstyle":[366,370],"class_list":["post-79098","product","type-product","status-publish","has-post-thumbnail","hentry","productdetails-379","productdetails-376","productdetails-378","productdetails-381","productneck-354","productneck-355","productcolor-393","productcolor-392","productsupplier-enzoani-love-collection","productcategory-trouwjurken","productsilhouette-384","productstyle-366","productstyle-370"],"acf":[],"yoast_head":"<!-- This site is optimized with the Yoast SEO plugin v27.3 - https:\/\/yoast.com\/product\/yoast-seo-wordpress\/ -->\n<title>Enzoani Love Collection Dream | Koonings<\/title>\n<meta name=\"description\" content=\"La robe DREAM porte bien son nom ! Avec un corsage bustier enchanteur subtilement embelli par de magnifiques appliques florales Mikado brod\u00e9es en 3D et de la dentelle de Chantilly, cette robe de mari\u00e9e de ligne A s&#039;\u00e9vase en couches de tulle doux, cr\u00e9ant une silhouette romantique et \u00e9th\u00e9r\u00e9e parfaite pour la mari\u00e9e qui recherche un look intemporel et fantaisiste \u00e0 la fois. Un corset illusion dans le dos et une fente sur le devant de la jupe ajoutent de subtiles touches sexy pour un look de mari\u00e9e inoubliable.\" \/>\n<meta name=\"robots\" content=\"index, follow, max-snippet:-1, max-image-preview:large, max-video-preview:-1\" \/>\n<link rel=\"canonical\" href=\"https:\/\/www.koonings.com\/fr\/product\/enzoani-love-collection-dream\/\" \/>\n<meta property=\"og:locale\" content=\"fr_FR\" \/>\n<meta property=\"og:type\" content=\"article\" \/>\n<meta property=\"og:title\" content=\"Enzoani Love Collection Dream | Koonings\" \/>\n<meta property=\"og:description\" content=\"La robe DREAM porte bien son nom ! Avec un corsage bustier enchanteur subtilement embelli par de magnifiques appliques florales Mikado brod\u00e9es en 3D et de la dentelle de Chantilly, cette robe de mari\u00e9e de ligne A s&#039;\u00e9vase en couches de tulle doux, cr\u00e9ant une silhouette romantique et \u00e9th\u00e9r\u00e9e parfaite pour la mari\u00e9e qui recherche un look intemporel et fantaisiste \u00e0 la fois. Un corset illusion dans le dos et une fente sur le devant de la jupe ajoutent de subtiles touches sexy pour un look de mari\u00e9e inoubliable.\" \/>\n<meta property=\"og:url\" content=\"https:\/\/www.koonings.com\/fr\/product\/enzoani-love-collection-dream\/\" \/>\n<meta property=\"og:site_name\" content=\"Koonings\" \/>\n<meta property=\"article:publisher\" content=\"https:\/\/www.facebook.com\/kooningstheweddingpalace\" \/>\n<meta property=\"og:image\" content=\"https:\/\/www.koonings.com\/wp-content\/uploads\/2024\/11\/41235_01b098f3aec3f963a0792ea87fafffacc93dd7399edb6ee257640ebb10dcc861d420ca8c.jpeg\" \/>\n\t<meta property=\"og:image:width\" content=\"1035\" \/>\n\t<meta property=\"og:image:height\" content=\"1380\" \/>\n\t<meta property=\"og:image:type\" content=\"image\/jpeg\" \/>\n<meta name=\"twitter:card\" content=\"summary_large_image\" \/>\n<script type=\"application\/ld+json\" class=\"yoast-schema-graph\">{\"@context\":\"https:\\\/\\\/schema.org\",\"@graph\":[{\"@type\":\"WebPage\",\"@id\":\"https:\\\/\\\/www.koonings.com\\\/fr\\\/product\\\/enzoani-love-collection-dream\\\/\",\"url\":\"https:\\\/\\\/www.koonings.com\\\/fr\\\/product\\\/enzoani-love-collection-dream\\\/\",\"name\":\"Enzoani Love Collection Dream | Koonings\",\"isPartOf\":{\"@id\":\"https:\\\/\\\/www.koonings.com\\\/fr\\\/#website\"},\"primaryImageOfPage\":{\"@id\":\"https:\\\/\\\/www.koonings.com\\\/fr\\\/product\\\/enzoani-love-collection-dream\\\/#primaryimage\"},\"image\":{\"@id\":\"https:\\\/\\\/www.koonings.com\\\/fr\\\/product\\\/enzoani-love-collection-dream\\\/#primaryimage\"},\"thumbnailUrl\":\"https:\\\/\\\/www.koonings.com\\\/wp-content\\\/uploads\\\/2024\\\/11\\\/41235_01b098f3aec3f963a0792ea87fafffacc93dd7399edb6ee257640ebb10dcc861d420ca8c.jpeg\",\"datePublished\":\"2026-05-06T13:26:53+00:00\",\"description\":\"La robe DREAM porte bien son nom ! Avec un corsage bustier enchanteur subtilement embelli par de magnifiques appliques florales Mikado brod\u00e9es en 3D et de la dentelle de Chantilly, cette robe de mari\u00e9e de ligne A s'\u00e9vase en couches de tulle doux, cr\u00e9ant une silhouette romantique et \u00e9th\u00e9r\u00e9e parfaite pour la mari\u00e9e qui recherche un look intemporel et fantaisiste \u00e0 la fois. Un corset illusion dans le dos et une fente sur le devant de la jupe ajoutent de subtiles touches sexy pour un look de mari\u00e9e inoubliable.\",\"breadcrumb\":{\"@id\":\"https:\\\/\\\/www.koonings.com\\\/fr\\\/product\\\/enzoani-love-collection-dream\\\/#breadcrumb\"},\"inLanguage\":\"fr-FR\",\"potentialAction\":[{\"@type\":\"ReadAction\",\"target\":[\"https:\\\/\\\/www.koonings.com\\\/fr\\\/product\\\/enzoani-love-collection-dream\\\/\"]}]},{\"@type\":\"ImageObject\",\"inLanguage\":\"fr-FR\",\"@id\":\"https:\\\/\\\/www.koonings.com\\\/fr\\\/product\\\/enzoani-love-collection-dream\\\/#primaryimage\",\"url\":\"https:\\\/\\\/www.koonings.com\\\/wp-content\\\/uploads\\\/2024\\\/11\\\/41235_01b098f3aec3f963a0792ea87fafffacc93dd7399edb6ee257640ebb10dcc861d420ca8c.jpeg\",\"contentUrl\":\"https:\\\/\\\/www.koonings.com\\\/wp-content\\\/uploads\\\/2024\\\/11\\\/41235_01b098f3aec3f963a0792ea87fafffacc93dd7399edb6ee257640ebb10dcc861d420ca8c.jpeg\",\"width\":1035,\"height\":1380},{\"@type\":\"BreadcrumbList\",\"@id\":\"https:\\\/\\\/www.koonings.com\\\/fr\\\/product\\\/enzoani-love-collection-dream\\\/#breadcrumb\",\"itemListElement\":[{\"@type\":\"ListItem\",\"position\":1,\"name\":\"Home\",\"item\":\"https:\\\/\\\/www.koonings.com\\\/fr\\\/\"},{\"@type\":\"ListItem\",\"position\":2,\"name\":\"Enzoani Love Collection Dream\"}]},{\"@type\":\"WebSite\",\"@id\":\"https:\\\/\\\/www.koonings.com\\\/fr\\\/#website\",\"url\":\"https:\\\/\\\/www.koonings.com\\\/fr\\\/\",\"name\":\"Koonings\",\"description\":\"De grootste bruidsmodewinkel ter wereld\",\"publisher\":{\"@id\":\"https:\\\/\\\/www.koonings.com\\\/fr\\\/#organization\"},\"potentialAction\":[{\"@type\":\"SearchAction\",\"target\":{\"@type\":\"EntryPoint\",\"urlTemplate\":\"https:\\\/\\\/www.koonings.com\\\/fr\\\/?s={search_term_string}\"},\"query-input\":{\"@type\":\"PropertyValueSpecification\",\"valueRequired\":true,\"valueName\":\"search_term_string\"}}],\"inLanguage\":\"fr-FR\"},{\"@type\":\"Organization\",\"@id\":\"https:\\\/\\\/www.koonings.com\\\/fr\\\/#organization\",\"name\":\"Koonings\",\"url\":\"https:\\\/\\\/www.koonings.com\\\/fr\\\/\",\"logo\":{\"@type\":\"ImageObject\",\"inLanguage\":\"fr-FR\",\"@id\":\"https:\\\/\\\/www.koonings.com\\\/fr\\\/#\\\/schema\\\/logo\\\/image\\\/\",\"url\":\"https:\\\/\\\/www.koonings.com\\\/wp-content\\\/uploads\\\/2024\\\/07\\\/logo.png\",\"contentUrl\":\"https:\\\/\\\/www.koonings.com\\\/wp-content\\\/uploads\\\/2024\\\/07\\\/logo.png\",\"width\":600,\"height\":428,\"caption\":\"Koonings\"},\"image\":{\"@id\":\"https:\\\/\\\/www.koonings.com\\\/fr\\\/#\\\/schema\\\/logo\\\/image\\\/\"},\"sameAs\":[\"https:\\\/\\\/www.facebook.com\\\/kooningstheweddingpalace\",\"https:\\\/\\\/www.instagram.com\\\/kooningstheweddingpalace\",\"https:\\\/\\\/www.pinterest.com\\\/koonings\",\"https:\\\/\\\/www.youtube.com\\\/kooningstheweddingpalace\"]}]}<\/script>\n<!-- \/ Yoast SEO plugin. -->","yoast_head_json":{"title":"Enzoani Love Collection Dream | Koonings","description":"La robe DREAM porte bien son nom ! Avec un corsage bustier enchanteur subtilement embelli par de magnifiques appliques florales Mikado brod\u00e9es en 3D et de la dentelle de Chantilly, cette robe de mari\u00e9e de ligne A s'\u00e9vase en couches de tulle doux, cr\u00e9ant une silhouette romantique et \u00e9th\u00e9r\u00e9e parfaite pour la mari\u00e9e qui recherche un look intemporel et fantaisiste \u00e0 la fois. Un corset illusion dans le dos et une fente sur le devant de la jupe ajoutent de subtiles touches sexy pour un look de mari\u00e9e inoubliable.","robots":{"index":"index","follow":"follow","max-snippet":"max-snippet:-1","max-image-preview":"max-image-preview:large","max-video-preview":"max-video-preview:-1"},"canonical":"https:\/\/www.koonings.com\/fr\/product\/enzoani-love-collection-dream\/","og_locale":"fr_FR","og_type":"article","og_title":"Enzoani Love Collection Dream | Koonings","og_description":"La robe DREAM porte bien son nom ! Avec un corsage bustier enchanteur subtilement embelli par de magnifiques appliques florales Mikado brod\u00e9es en 3D et de la dentelle de Chantilly, cette robe de mari\u00e9e de ligne A s'\u00e9vase en couches de tulle doux, cr\u00e9ant une silhouette romantique et \u00e9th\u00e9r\u00e9e parfaite pour la mari\u00e9e qui recherche un look intemporel et fantaisiste \u00e0 la fois. Un corset illusion dans le dos et une fente sur le devant de la jupe ajoutent de subtiles touches sexy pour un look de mari\u00e9e inoubliable.","og_url":"https:\/\/www.koonings.com\/fr\/product\/enzoani-love-collection-dream\/","og_site_name":"Koonings","article_publisher":"https:\/\/www.facebook.com\/kooningstheweddingpalace","og_image":[{"width":1035,"height":1380,"url":"https:\/\/www.koonings.com\/wp-content\/uploads\/2024\/11\/41235_01b098f3aec3f963a0792ea87fafffacc93dd7399edb6ee257640ebb10dcc861d420ca8c.jpeg","type":"image\/jpeg"}],"twitter_card":"summary_large_image","schema":{"@context":"https:\/\/schema.org","@graph":[{"@type":"WebPage","@id":"https:\/\/www.koonings.com\/fr\/product\/enzoani-love-collection-dream\/","url":"https:\/\/www.koonings.com\/fr\/product\/enzoani-love-collection-dream\/","name":"Enzoani Love Collection Dream | Koonings","isPartOf":{"@id":"https:\/\/www.koonings.com\/fr\/#website"},"primaryImageOfPage":{"@id":"https:\/\/www.koonings.com\/fr\/product\/enzoani-love-collection-dream\/#primaryimage"},"image":{"@id":"https:\/\/www.koonings.com\/fr\/product\/enzoani-love-collection-dream\/#primaryimage"},"thumbnailUrl":"https:\/\/www.koonings.com\/wp-content\/uploads\/2024\/11\/41235_01b098f3aec3f963a0792ea87fafffacc93dd7399edb6ee257640ebb10dcc861d420ca8c.jpeg","datePublished":"2026-05-06T13:26:53+00:00","description":"La robe DREAM porte bien son nom ! Avec un corsage bustier enchanteur subtilement embelli par de magnifiques appliques florales Mikado brod\u00e9es en 3D et de la dentelle de Chantilly, cette robe de mari\u00e9e de ligne A s'\u00e9vase en couches de tulle doux, cr\u00e9ant une silhouette romantique et \u00e9th\u00e9r\u00e9e parfaite pour la mari\u00e9e qui recherche un look intemporel et fantaisiste \u00e0 la fois. Un corset illusion dans le dos et une fente sur le devant de la jupe ajoutent de subtiles touches sexy pour un look de mari\u00e9e inoubliable.","breadcrumb":{"@id":"https:\/\/www.koonings.com\/fr\/product\/enzoani-love-collection-dream\/#breadcrumb"},"inLanguage":"fr-FR","potentialAction":[{"@type":"ReadAction","target":["https:\/\/www.koonings.com\/fr\/product\/enzoani-love-collection-dream\/"]}]},{"@type":"ImageObject","inLanguage":"fr-FR","@id":"https:\/\/www.koonings.com\/fr\/product\/enzoani-love-collection-dream\/#primaryimage","url":"https:\/\/www.koonings.com\/wp-content\/uploads\/2024\/11\/41235_01b098f3aec3f963a0792ea87fafffacc93dd7399edb6ee257640ebb10dcc861d420ca8c.jpeg","contentUrl":"https:\/\/www.koonings.com\/wp-content\/uploads\/2024\/11\/41235_01b098f3aec3f963a0792ea87fafffacc93dd7399edb6ee257640ebb10dcc861d420ca8c.jpeg","width":1035,"height":1380},{"@type":"BreadcrumbList","@id":"https:\/\/www.koonings.com\/fr\/product\/enzoani-love-collection-dream\/#breadcrumb","itemListElement":[{"@type":"ListItem","position":1,"name":"Home","item":"https:\/\/www.koonings.com\/fr\/"},{"@type":"ListItem","position":2,"name":"Enzoani Love Collection Dream"}]},{"@type":"WebSite","@id":"https:\/\/www.koonings.com\/fr\/#website","url":"https:\/\/www.koonings.com\/fr\/","name":"Koonings","description":"De grootste bruidsmodewinkel ter wereld","publisher":{"@id":"https:\/\/www.koonings.com\/fr\/#organization"},"potentialAction":[{"@type":"SearchAction","target":{"@type":"EntryPoint","urlTemplate":"https:\/\/www.koonings.com\/fr\/?s={search_term_string}"},"query-input":{"@type":"PropertyValueSpecification","valueRequired":true,"valueName":"search_term_string"}}],"inLanguage":"fr-FR"},{"@type":"Organization","@id":"https:\/\/www.koonings.com\/fr\/#organization","name":"Koonings","url":"https:\/\/www.koonings.com\/fr\/","logo":{"@type":"ImageObject","inLanguage":"fr-FR","@id":"https:\/\/www.koonings.com\/fr\/#\/schema\/logo\/image\/","url":"https:\/\/www.koonings.com\/wp-content\/uploads\/2024\/07\/logo.png","contentUrl":"https:\/\/www.koonings.com\/wp-content\/uploads\/2024\/07\/logo.png","width":600,"height":428,"caption":"Koonings"},"image":{"@id":"https:\/\/www.koonings.com\/fr\/#\/schema\/logo\/image\/"},"sameAs":["https:\/\/www.facebook.com\/kooningstheweddingpalace","https:\/\/www.instagram.com\/kooningstheweddingpalace","https:\/\/www.pinterest.com\/koonings","https:\/\/www.youtube.com\/kooningstheweddingpalace"]}]}},"_links":{"self":[{"href":"https:\/\/www.koonings.com\/fr\/wp-json\/wp\/v2\/product\/79098","targetHints":{"allow":["GET"]}}],"collection":[{"href":"https:\/\/www.koonings.com\/fr\/wp-json\/wp\/v2\/product"}],"about":[{"href":"https:\/\/www.koonings.com\/fr\/wp-json\/wp\/v2\/types\/product"}],"wp:featuredmedia":[{"embeddable":true,"href":"https:\/\/www.koonings.com\/fr\/wp-json\/wp\/v2\/media\/68128"}],"wp:attachment":[{"href":"https:\/\/www.koonings.com\/fr\/wp-json\/wp\/v2\/media?parent=79098"}],"wp:term":[{"taxonomy":"productdetails","embeddable":true,"href":"https:\/\/www.koonings.com\/fr\/wp-json\/wp\/v2\/productdetails?post=79098"},{"taxonomy":"productneck","embeddable":true,"href":"https:\/\/www.koonings.com\/fr\/wp-json\/wp\/v2\/productneck?post=79098"},{"taxonomy":"productcolor","embeddable":true,"href":"https:\/\/www.koonings.com\/fr\/wp-json\/wp\/v2\/productcolor?post=79098"},{"taxonomy":"maat","embeddable":true,"href":"https:\/\/www.koonings.com\/fr\/wp-json\/wp\/v2\/maat?post=79098"},{"taxonomy":"productsupplier","embeddable":true,"href":"https:\/\/www.koonings.com\/fr\/wp-json\/wp\/v2\/productsupplier?post=79098"},{"taxonomy":"productsleeve","embeddable":true,"href":"https:\/\/www.koonings.com\/fr\/wp-json\/wp\/v2\/productsleeve?post=79098"},{"taxonomy":"productcategory","embeddable":true,"href":"https:\/\/www.koonings.com\/fr\/wp-json\/wp\/v2\/productcategory?post=79098"},{"taxonomy":"productsilhouette","embeddable":true,"href":"https:\/\/www.koonings.com\/fr\/wp-json\/wp\/v2\/productsilhouette?post=79098"},{"taxonomy":"productstyle","embeddable":true,"href":"https:\/\/www.koonings.com\/fr\/wp-json\/wp\/v2\/productstyle?post=79098"}],"curies":[{"name":"wp","href":"https:\/\/api.w.org\/{rel}","templated":true}]}}