{"id":79089,"date":"2026-05-06T15:26:56","date_gmt":"2026-05-06T13:26:56","guid":{"rendered":"https:\/\/www.koonings.com\/product\/enzoani-love-collection-dion\/"},"modified":"2025-06-05T13:39:48","modified_gmt":"2025-06-05T11:39:48","slug":"enzoani-love-collection-dion","status":"publish","type":"product","link":"https:\/\/www.koonings.com\/fr\/product\/enzoani-love-collection-dion\/","title":{"rendered":"Enzoani Love Collection Dion"},"content":{"rendered":"<p>La robe DION est une v\u00e9ritable merveille. Avec sa dentelle florale brod\u00e9e et ses d\u00e9tails en dentelle de Chantilly qui s&#8217;enroulent gracieusement autour du corsage et se fondent dans une jupe sir\u00e8ne en tulle, cette robe incarne l&#8217;\u00e9l\u00e9gance intemporelle et l&#8217;allure f\u00e9minine. Un profond d\u00e9collet\u00e9 en forme de c\u0153ur et un n\u0153ud d\u00e9licat \u00e0 la taille mettent en valeur et flattent la silhouette.  <\/p>\n","protected":false},"featured_media":68215,"template":"","meta":{"_acf_changed":false,"ghostkit_customizer_options":"","ghostkit_custom_css":"","ghostkit_custom_js_head":"","ghostkit_custom_js_foot":"","ghostkit_typography":""},"productdetails":[379,376,381],"productneck":[355],"productcolor":[393,392],"maat":[],"productsupplier":[475],"productsleeve":[359],"productcategory":[18],"productsilhouette":[387],"productstyle":[366],"class_list":["post-79089","product","type-product","status-publish","has-post-thumbnail","hentry","productdetails-379","productdetails-376","productdetails-381","productneck-355","productcolor-393","productcolor-392","productsupplier-enzoani-love-collection","productsleeve-359","productcategory-trouwjurken","productsilhouette-387","productstyle-366"],"acf":[],"yoast_head":"<!-- This site is optimized with the Yoast SEO plugin v27.3 - https:\/\/yoast.com\/product\/yoast-seo-wordpress\/ -->\n<title>Enzoani Love Collection Dion | Koonings<\/title>\n<meta name=\"description\" content=\"La robe DION est une v\u00e9ritable merveille. Avec sa dentelle florale brod\u00e9e et ses d\u00e9tails en dentelle de Chantilly qui s&#039;enroulent gracieusement autour du corsage et se fondent dans une jupe sir\u00e8ne en tulle, cette robe incarne l&#039;\u00e9l\u00e9gance intemporelle et l&#039;allure f\u00e9minine. Un profond d\u00e9collet\u00e9 en forme de c\u0153ur et un n\u0153ud d\u00e9licat \u00e0 la taille mettent en valeur et flattent la silhouette.\" \/>\n<meta name=\"robots\" content=\"index, follow, max-snippet:-1, max-image-preview:large, max-video-preview:-1\" \/>\n<link rel=\"canonical\" href=\"https:\/\/www.koonings.com\/fr\/product\/enzoani-love-collection-dion\/\" \/>\n<meta property=\"og:locale\" content=\"fr_FR\" \/>\n<meta property=\"og:type\" content=\"article\" \/>\n<meta property=\"og:title\" content=\"Enzoani Love Collection Dion | Koonings\" \/>\n<meta property=\"og:description\" content=\"La robe DION est une v\u00e9ritable merveille. Avec sa dentelle florale brod\u00e9e et ses d\u00e9tails en dentelle de Chantilly qui s&#039;enroulent gracieusement autour du corsage et se fondent dans une jupe sir\u00e8ne en tulle, cette robe incarne l&#039;\u00e9l\u00e9gance intemporelle et l&#039;allure f\u00e9minine. Un profond d\u00e9collet\u00e9 en forme de c\u0153ur et un n\u0153ud d\u00e9licat \u00e0 la taille mettent en valeur et flattent la silhouette.\" \/>\n<meta property=\"og:url\" content=\"https:\/\/www.koonings.com\/fr\/product\/enzoani-love-collection-dion\/\" \/>\n<meta property=\"og:site_name\" content=\"Koonings\" \/>\n<meta property=\"article:publisher\" content=\"https:\/\/www.facebook.com\/kooningstheweddingpalace\" \/>\n<meta property=\"og:image\" content=\"https:\/\/www.koonings.com\/wp-content\/uploads\/2024\/11\/41252_9f7e13dedab00576a2356068c0b2e232a60e26021a8bef40e8fbde1fa84c915ddd56b983.jpeg\" \/>\n\t<meta property=\"og:image:width\" content=\"1035\" \/>\n\t<meta property=\"og:image:height\" content=\"1380\" \/>\n\t<meta property=\"og:image:type\" content=\"image\/jpeg\" \/>\n<meta name=\"twitter:card\" content=\"summary_large_image\" \/>\n<script type=\"application\/ld+json\" class=\"yoast-schema-graph\">{\"@context\":\"https:\\\/\\\/schema.org\",\"@graph\":[{\"@type\":\"WebPage\",\"@id\":\"https:\\\/\\\/www.koonings.com\\\/fr\\\/product\\\/enzoani-love-collection-dion\\\/\",\"url\":\"https:\\\/\\\/www.koonings.com\\\/fr\\\/product\\\/enzoani-love-collection-dion\\\/\",\"name\":\"Enzoani Love Collection Dion | Koonings\",\"isPartOf\":{\"@id\":\"https:\\\/\\\/www.koonings.com\\\/fr\\\/#website\"},\"primaryImageOfPage\":{\"@id\":\"https:\\\/\\\/www.koonings.com\\\/fr\\\/product\\\/enzoani-love-collection-dion\\\/#primaryimage\"},\"image\":{\"@id\":\"https:\\\/\\\/www.koonings.com\\\/fr\\\/product\\\/enzoani-love-collection-dion\\\/#primaryimage\"},\"thumbnailUrl\":\"https:\\\/\\\/www.koonings.com\\\/wp-content\\\/uploads\\\/2024\\\/11\\\/41252_9f7e13dedab00576a2356068c0b2e232a60e26021a8bef40e8fbde1fa84c915ddd56b983.jpeg\",\"datePublished\":\"2026-05-06T13:26:56+00:00\",\"description\":\"La robe DION est une v\u00e9ritable merveille. Avec sa dentelle florale brod\u00e9e et ses d\u00e9tails en dentelle de Chantilly qui s'enroulent gracieusement autour du corsage et se fondent dans une jupe sir\u00e8ne en tulle, cette robe incarne l'\u00e9l\u00e9gance intemporelle et l'allure f\u00e9minine. Un profond d\u00e9collet\u00e9 en forme de c\u0153ur et un n\u0153ud d\u00e9licat \u00e0 la taille mettent en valeur et flattent la silhouette.\",\"breadcrumb\":{\"@id\":\"https:\\\/\\\/www.koonings.com\\\/fr\\\/product\\\/enzoani-love-collection-dion\\\/#breadcrumb\"},\"inLanguage\":\"fr-FR\",\"potentialAction\":[{\"@type\":\"ReadAction\",\"target\":[\"https:\\\/\\\/www.koonings.com\\\/fr\\\/product\\\/enzoani-love-collection-dion\\\/\"]}]},{\"@type\":\"ImageObject\",\"inLanguage\":\"fr-FR\",\"@id\":\"https:\\\/\\\/www.koonings.com\\\/fr\\\/product\\\/enzoani-love-collection-dion\\\/#primaryimage\",\"url\":\"https:\\\/\\\/www.koonings.com\\\/wp-content\\\/uploads\\\/2024\\\/11\\\/41252_9f7e13dedab00576a2356068c0b2e232a60e26021a8bef40e8fbde1fa84c915ddd56b983.jpeg\",\"contentUrl\":\"https:\\\/\\\/www.koonings.com\\\/wp-content\\\/uploads\\\/2024\\\/11\\\/41252_9f7e13dedab00576a2356068c0b2e232a60e26021a8bef40e8fbde1fa84c915ddd56b983.jpeg\",\"width\":1035,\"height\":1380},{\"@type\":\"BreadcrumbList\",\"@id\":\"https:\\\/\\\/www.koonings.com\\\/fr\\\/product\\\/enzoani-love-collection-dion\\\/#breadcrumb\",\"itemListElement\":[{\"@type\":\"ListItem\",\"position\":1,\"name\":\"Home\",\"item\":\"https:\\\/\\\/www.koonings.com\\\/fr\\\/\"},{\"@type\":\"ListItem\",\"position\":2,\"name\":\"Enzoani Love Collection Dion\"}]},{\"@type\":\"WebSite\",\"@id\":\"https:\\\/\\\/www.koonings.com\\\/fr\\\/#website\",\"url\":\"https:\\\/\\\/www.koonings.com\\\/fr\\\/\",\"name\":\"Koonings\",\"description\":\"De grootste bruidsmodewinkel ter wereld\",\"publisher\":{\"@id\":\"https:\\\/\\\/www.koonings.com\\\/fr\\\/#organization\"},\"potentialAction\":[{\"@type\":\"SearchAction\",\"target\":{\"@type\":\"EntryPoint\",\"urlTemplate\":\"https:\\\/\\\/www.koonings.com\\\/fr\\\/?s={search_term_string}\"},\"query-input\":{\"@type\":\"PropertyValueSpecification\",\"valueRequired\":true,\"valueName\":\"search_term_string\"}}],\"inLanguage\":\"fr-FR\"},{\"@type\":\"Organization\",\"@id\":\"https:\\\/\\\/www.koonings.com\\\/fr\\\/#organization\",\"name\":\"Koonings\",\"url\":\"https:\\\/\\\/www.koonings.com\\\/fr\\\/\",\"logo\":{\"@type\":\"ImageObject\",\"inLanguage\":\"fr-FR\",\"@id\":\"https:\\\/\\\/www.koonings.com\\\/fr\\\/#\\\/schema\\\/logo\\\/image\\\/\",\"url\":\"https:\\\/\\\/www.koonings.com\\\/wp-content\\\/uploads\\\/2024\\\/07\\\/logo.png\",\"contentUrl\":\"https:\\\/\\\/www.koonings.com\\\/wp-content\\\/uploads\\\/2024\\\/07\\\/logo.png\",\"width\":600,\"height\":428,\"caption\":\"Koonings\"},\"image\":{\"@id\":\"https:\\\/\\\/www.koonings.com\\\/fr\\\/#\\\/schema\\\/logo\\\/image\\\/\"},\"sameAs\":[\"https:\\\/\\\/www.facebook.com\\\/kooningstheweddingpalace\",\"https:\\\/\\\/www.instagram.com\\\/kooningstheweddingpalace\",\"https:\\\/\\\/www.pinterest.com\\\/koonings\",\"https:\\\/\\\/www.youtube.com\\\/kooningstheweddingpalace\"]}]}<\/script>\n<!-- \/ Yoast SEO plugin. -->","yoast_head_json":{"title":"Enzoani Love Collection Dion | Koonings","description":"La robe DION est une v\u00e9ritable merveille. Avec sa dentelle florale brod\u00e9e et ses d\u00e9tails en dentelle de Chantilly qui s'enroulent gracieusement autour du corsage et se fondent dans une jupe sir\u00e8ne en tulle, cette robe incarne l'\u00e9l\u00e9gance intemporelle et l'allure f\u00e9minine. Un profond d\u00e9collet\u00e9 en forme de c\u0153ur et un n\u0153ud d\u00e9licat \u00e0 la taille mettent en valeur et flattent la silhouette.","robots":{"index":"index","follow":"follow","max-snippet":"max-snippet:-1","max-image-preview":"max-image-preview:large","max-video-preview":"max-video-preview:-1"},"canonical":"https:\/\/www.koonings.com\/fr\/product\/enzoani-love-collection-dion\/","og_locale":"fr_FR","og_type":"article","og_title":"Enzoani Love Collection Dion | Koonings","og_description":"La robe DION est une v\u00e9ritable merveille. Avec sa dentelle florale brod\u00e9e et ses d\u00e9tails en dentelle de Chantilly qui s'enroulent gracieusement autour du corsage et se fondent dans une jupe sir\u00e8ne en tulle, cette robe incarne l'\u00e9l\u00e9gance intemporelle et l'allure f\u00e9minine. Un profond d\u00e9collet\u00e9 en forme de c\u0153ur et un n\u0153ud d\u00e9licat \u00e0 la taille mettent en valeur et flattent la silhouette.","og_url":"https:\/\/www.koonings.com\/fr\/product\/enzoani-love-collection-dion\/","og_site_name":"Koonings","article_publisher":"https:\/\/www.facebook.com\/kooningstheweddingpalace","og_image":[{"width":1035,"height":1380,"url":"https:\/\/www.koonings.com\/wp-content\/uploads\/2024\/11\/41252_9f7e13dedab00576a2356068c0b2e232a60e26021a8bef40e8fbde1fa84c915ddd56b983.jpeg","type":"image\/jpeg"}],"twitter_card":"summary_large_image","schema":{"@context":"https:\/\/schema.org","@graph":[{"@type":"WebPage","@id":"https:\/\/www.koonings.com\/fr\/product\/enzoani-love-collection-dion\/","url":"https:\/\/www.koonings.com\/fr\/product\/enzoani-love-collection-dion\/","name":"Enzoani Love Collection Dion | Koonings","isPartOf":{"@id":"https:\/\/www.koonings.com\/fr\/#website"},"primaryImageOfPage":{"@id":"https:\/\/www.koonings.com\/fr\/product\/enzoani-love-collection-dion\/#primaryimage"},"image":{"@id":"https:\/\/www.koonings.com\/fr\/product\/enzoani-love-collection-dion\/#primaryimage"},"thumbnailUrl":"https:\/\/www.koonings.com\/wp-content\/uploads\/2024\/11\/41252_9f7e13dedab00576a2356068c0b2e232a60e26021a8bef40e8fbde1fa84c915ddd56b983.jpeg","datePublished":"2026-05-06T13:26:56+00:00","description":"La robe DION est une v\u00e9ritable merveille. Avec sa dentelle florale brod\u00e9e et ses d\u00e9tails en dentelle de Chantilly qui s'enroulent gracieusement autour du corsage et se fondent dans une jupe sir\u00e8ne en tulle, cette robe incarne l'\u00e9l\u00e9gance intemporelle et l'allure f\u00e9minine. Un profond d\u00e9collet\u00e9 en forme de c\u0153ur et un n\u0153ud d\u00e9licat \u00e0 la taille mettent en valeur et flattent la silhouette.","breadcrumb":{"@id":"https:\/\/www.koonings.com\/fr\/product\/enzoani-love-collection-dion\/#breadcrumb"},"inLanguage":"fr-FR","potentialAction":[{"@type":"ReadAction","target":["https:\/\/www.koonings.com\/fr\/product\/enzoani-love-collection-dion\/"]}]},{"@type":"ImageObject","inLanguage":"fr-FR","@id":"https:\/\/www.koonings.com\/fr\/product\/enzoani-love-collection-dion\/#primaryimage","url":"https:\/\/www.koonings.com\/wp-content\/uploads\/2024\/11\/41252_9f7e13dedab00576a2356068c0b2e232a60e26021a8bef40e8fbde1fa84c915ddd56b983.jpeg","contentUrl":"https:\/\/www.koonings.com\/wp-content\/uploads\/2024\/11\/41252_9f7e13dedab00576a2356068c0b2e232a60e26021a8bef40e8fbde1fa84c915ddd56b983.jpeg","width":1035,"height":1380},{"@type":"BreadcrumbList","@id":"https:\/\/www.koonings.com\/fr\/product\/enzoani-love-collection-dion\/#breadcrumb","itemListElement":[{"@type":"ListItem","position":1,"name":"Home","item":"https:\/\/www.koonings.com\/fr\/"},{"@type":"ListItem","position":2,"name":"Enzoani Love Collection Dion"}]},{"@type":"WebSite","@id":"https:\/\/www.koonings.com\/fr\/#website","url":"https:\/\/www.koonings.com\/fr\/","name":"Koonings","description":"De grootste bruidsmodewinkel ter wereld","publisher":{"@id":"https:\/\/www.koonings.com\/fr\/#organization"},"potentialAction":[{"@type":"SearchAction","target":{"@type":"EntryPoint","urlTemplate":"https:\/\/www.koonings.com\/fr\/?s={search_term_string}"},"query-input":{"@type":"PropertyValueSpecification","valueRequired":true,"valueName":"search_term_string"}}],"inLanguage":"fr-FR"},{"@type":"Organization","@id":"https:\/\/www.koonings.com\/fr\/#organization","name":"Koonings","url":"https:\/\/www.koonings.com\/fr\/","logo":{"@type":"ImageObject","inLanguage":"fr-FR","@id":"https:\/\/www.koonings.com\/fr\/#\/schema\/logo\/image\/","url":"https:\/\/www.koonings.com\/wp-content\/uploads\/2024\/07\/logo.png","contentUrl":"https:\/\/www.koonings.com\/wp-content\/uploads\/2024\/07\/logo.png","width":600,"height":428,"caption":"Koonings"},"image":{"@id":"https:\/\/www.koonings.com\/fr\/#\/schema\/logo\/image\/"},"sameAs":["https:\/\/www.facebook.com\/kooningstheweddingpalace","https:\/\/www.instagram.com\/kooningstheweddingpalace","https:\/\/www.pinterest.com\/koonings","https:\/\/www.youtube.com\/kooningstheweddingpalace"]}]}},"_links":{"self":[{"href":"https:\/\/www.koonings.com\/fr\/wp-json\/wp\/v2\/product\/79089","targetHints":{"allow":["GET"]}}],"collection":[{"href":"https:\/\/www.koonings.com\/fr\/wp-json\/wp\/v2\/product"}],"about":[{"href":"https:\/\/www.koonings.com\/fr\/wp-json\/wp\/v2\/types\/product"}],"wp:featuredmedia":[{"embeddable":true,"href":"https:\/\/www.koonings.com\/fr\/wp-json\/wp\/v2\/media\/68215"}],"wp:attachment":[{"href":"https:\/\/www.koonings.com\/fr\/wp-json\/wp\/v2\/media?parent=79089"}],"wp:term":[{"taxonomy":"productdetails","embeddable":true,"href":"https:\/\/www.koonings.com\/fr\/wp-json\/wp\/v2\/productdetails?post=79089"},{"taxonomy":"productneck","embeddable":true,"href":"https:\/\/www.koonings.com\/fr\/wp-json\/wp\/v2\/productneck?post=79089"},{"taxonomy":"productcolor","embeddable":true,"href":"https:\/\/www.koonings.com\/fr\/wp-json\/wp\/v2\/productcolor?post=79089"},{"taxonomy":"maat","embeddable":true,"href":"https:\/\/www.koonings.com\/fr\/wp-json\/wp\/v2\/maat?post=79089"},{"taxonomy":"productsupplier","embeddable":true,"href":"https:\/\/www.koonings.com\/fr\/wp-json\/wp\/v2\/productsupplier?post=79089"},{"taxonomy":"productsleeve","embeddable":true,"href":"https:\/\/www.koonings.com\/fr\/wp-json\/wp\/v2\/productsleeve?post=79089"},{"taxonomy":"productcategory","embeddable":true,"href":"https:\/\/www.koonings.com\/fr\/wp-json\/wp\/v2\/productcategory?post=79089"},{"taxonomy":"productsilhouette","embeddable":true,"href":"https:\/\/www.koonings.com\/fr\/wp-json\/wp\/v2\/productsilhouette?post=79089"},{"taxonomy":"productstyle","embeddable":true,"href":"https:\/\/www.koonings.com\/fr\/wp-json\/wp\/v2\/productstyle?post=79089"}],"curies":[{"name":"wp","href":"https:\/\/api.w.org\/{rel}","templated":true}]}}