{"id":79066,"date":"2025-12-15T00:28:17","date_gmt":"2025-12-14T23:28:17","guid":{"rendered":"https:\/\/www.koonings.com\/product\/essense-of-australia-d3941zz11\/"},"modified":"2026-02-03T19:50:56","modified_gmt":"2026-02-03T18:50:56","slug":"essense-of-australia-d3941zz11","status":"publish","type":"product","link":"https:\/\/www.koonings.com\/fr\/product\/essense-of-australia-d3941zz11\/","title":{"rendered":"Essence d&#8217;Australie D3941ZZ11"},"content":{"rendered":"<p>Le mod\u00e8le D3941 est \u00e0 la fois sophistiqu\u00e9 et audacieux, permettant \u00e0 la mari\u00e9e moderne d&#8217;exprimer la fashionista qui sommeille en elle. Un corsage drap\u00e9 sans bretelles enveloppe la silhouette dans une coupe con\u00e7ue par le cr\u00e9ateur avant de se fondre dans une jupe ballgown ample et volumineuse avec une fente haute au niveau des jambes. L&#8217;organza brillant capte la lumi\u00e8re \u00e0 chaque mouvement et ajoute une touche somptueuse pour \u00e9quilibrer le corsage et la jupe s\u00e9duisants et transparents. Cette robe de bal classique exsude le glamour contemporain dans ses moindres d\u00e9tails et se transforme en un look \u00e9poustouflant et in\u00e9gal\u00e9 dont vous vous souviendrez toute votre vie. Cette robe est \u00e9galement disponible en ivoire, en argent et en grandes tailles.    <\/p>\n","protected":false},"featured_media":68393,"template":"","meta":{"_acf_changed":false,"ghostkit_customizer_options":"","ghostkit_custom_css":"","ghostkit_custom_js_head":"","ghostkit_custom_js_foot":"","ghostkit_typography":""},"productdetails":[378],"productneck":[354,355],"productcolor":[392],"maat":[],"productsupplier":[444],"productsleeve":[],"productcategory":[18],"productsilhouette":[384,388,389],"productstyle":[365,366,370],"class_list":["post-79066","product","type-product","status-publish","has-post-thumbnail","hentry","productdetails-378","productneck-354","productneck-355","productcolor-392","productsupplier-essense-of-australia","productcategory-trouwjurken","productsilhouette-384","productsilhouette-388","productsilhouette-389","productstyle-365","productstyle-366","productstyle-370"],"acf":[],"yoast_head":"<!-- This site is optimized with the Yoast SEO plugin v27.3 - https:\/\/yoast.com\/product\/yoast-seo-wordpress\/ -->\n<title>Essence d&#039;Australie D3941ZZ11 | Koonings<\/title>\n<meta name=\"description\" content=\"Le mod\u00e8le D3941 est \u00e0 la fois sophistiqu\u00e9 et audacieux, permettant \u00e0 la mari\u00e9e moderne d&#039;exprimer la fashionista qui sommeille en elle. Un corsage drap\u00e9 sans bretelles enveloppe la silhouette dans une coupe con\u00e7ue par le cr\u00e9ateur avant de se fondre dans une jupe ballgown ample et volumineuse avec une fente haute au niveau des jambes. L&#039;organza brillant capte la lumi\u00e8re \u00e0 chaque mouvement et ajoute une touche somptueuse pour \u00e9quilibrer le corsage et la jupe s\u00e9duisants et transparents. Cette robe de bal classique exsude le glamour contemporain dans ses moindres d\u00e9tails et se transforme en un look \u00e9poustouflant et in\u00e9gal\u00e9 dont vous vous souviendrez toute votre vie. Cette robe est \u00e9galement disponible en ivoire, en argent et en grandes tailles.\" \/>\n<meta name=\"robots\" content=\"index, follow, max-snippet:-1, max-image-preview:large, max-video-preview:-1\" \/>\n<link rel=\"canonical\" href=\"https:\/\/www.koonings.com\/fr\/product\/essense-of-australia-d3941zz11\/\" \/>\n<meta property=\"og:locale\" content=\"fr_FR\" \/>\n<meta property=\"og:type\" content=\"article\" \/>\n<meta property=\"og:title\" content=\"Essence d&#039;Australie D3941ZZ11 | Koonings\" \/>\n<meta property=\"og:description\" content=\"Le mod\u00e8le D3941 est \u00e0 la fois sophistiqu\u00e9 et audacieux, permettant \u00e0 la mari\u00e9e moderne d&#039;exprimer la fashionista qui sommeille en elle. Un corsage drap\u00e9 sans bretelles enveloppe la silhouette dans une coupe con\u00e7ue par le cr\u00e9ateur avant de se fondre dans une jupe ballgown ample et volumineuse avec une fente haute au niveau des jambes. L&#039;organza brillant capte la lumi\u00e8re \u00e0 chaque mouvement et ajoute une touche somptueuse pour \u00e9quilibrer le corsage et la jupe s\u00e9duisants et transparents. Cette robe de bal classique exsude le glamour contemporain dans ses moindres d\u00e9tails et se transforme en un look \u00e9poustouflant et in\u00e9gal\u00e9 dont vous vous souviendrez toute votre vie. Cette robe est \u00e9galement disponible en ivoire, en argent et en grandes tailles.\" \/>\n<meta property=\"og:url\" content=\"https:\/\/www.koonings.com\/fr\/product\/essense-of-australia-d3941zz11\/\" \/>\n<meta property=\"og:site_name\" content=\"Koonings\" \/>\n<meta property=\"article:publisher\" content=\"https:\/\/www.facebook.com\/kooningstheweddingpalace\" \/>\n<meta property=\"article:modified_time\" content=\"2026-02-03T18:50:56+00:00\" \/>\n<meta property=\"og:image\" content=\"https:\/\/www.koonings.com\/wp-content\/uploads\/2024\/11\/40068_02b507cb6ecc20f76d650f3c48db1ff6495f91eb32f357689808b7e2bc0618457b0bddd8.jpeg\" \/>\n\t<meta property=\"og:image:width\" content=\"1451\" \/>\n\t<meta property=\"og:image:height\" content=\"2054\" \/>\n\t<meta property=\"og:image:type\" content=\"image\/jpeg\" \/>\n<meta name=\"twitter:card\" content=\"summary_large_image\" \/>\n<meta name=\"twitter:label1\" content=\"Dur\u00e9e de lecture estim\u00e9e\" \/>\n\t<meta name=\"twitter:data1\" content=\"1 minute\" \/>\n<script type=\"application\/ld+json\" class=\"yoast-schema-graph\">{\"@context\":\"https:\\\/\\\/schema.org\",\"@graph\":[{\"@type\":\"WebPage\",\"@id\":\"https:\\\/\\\/www.koonings.com\\\/fr\\\/product\\\/essense-of-australia-d3941zz11\\\/\",\"url\":\"https:\\\/\\\/www.koonings.com\\\/fr\\\/product\\\/essense-of-australia-d3941zz11\\\/\",\"name\":\"Essence d'Australie D3941ZZ11 | Koonings\",\"isPartOf\":{\"@id\":\"https:\\\/\\\/www.koonings.com\\\/fr\\\/#website\"},\"primaryImageOfPage\":{\"@id\":\"https:\\\/\\\/www.koonings.com\\\/fr\\\/product\\\/essense-of-australia-d3941zz11\\\/#primaryimage\"},\"image\":{\"@id\":\"https:\\\/\\\/www.koonings.com\\\/fr\\\/product\\\/essense-of-australia-d3941zz11\\\/#primaryimage\"},\"thumbnailUrl\":\"https:\\\/\\\/www.koonings.com\\\/wp-content\\\/uploads\\\/2024\\\/11\\\/40068_02b507cb6ecc20f76d650f3c48db1ff6495f91eb32f357689808b7e2bc0618457b0bddd8.jpeg\",\"datePublished\":\"2025-12-14T23:28:17+00:00\",\"dateModified\":\"2026-02-03T18:50:56+00:00\",\"description\":\"Le mod\u00e8le D3941 est \u00e0 la fois sophistiqu\u00e9 et audacieux, permettant \u00e0 la mari\u00e9e moderne d'exprimer la fashionista qui sommeille en elle. Un corsage drap\u00e9 sans bretelles enveloppe la silhouette dans une coupe con\u00e7ue par le cr\u00e9ateur avant de se fondre dans une jupe ballgown ample et volumineuse avec une fente haute au niveau des jambes. L'organza brillant capte la lumi\u00e8re \u00e0 chaque mouvement et ajoute une touche somptueuse pour \u00e9quilibrer le corsage et la jupe s\u00e9duisants et transparents. Cette robe de bal classique exsude le glamour contemporain dans ses moindres d\u00e9tails et se transforme en un look \u00e9poustouflant et in\u00e9gal\u00e9 dont vous vous souviendrez toute votre vie. Cette robe est \u00e9galement disponible en ivoire, en argent et en grandes tailles.\",\"breadcrumb\":{\"@id\":\"https:\\\/\\\/www.koonings.com\\\/fr\\\/product\\\/essense-of-australia-d3941zz11\\\/#breadcrumb\"},\"inLanguage\":\"fr-FR\",\"potentialAction\":[{\"@type\":\"ReadAction\",\"target\":[\"https:\\\/\\\/www.koonings.com\\\/fr\\\/product\\\/essense-of-australia-d3941zz11\\\/\"]}]},{\"@type\":\"ImageObject\",\"inLanguage\":\"fr-FR\",\"@id\":\"https:\\\/\\\/www.koonings.com\\\/fr\\\/product\\\/essense-of-australia-d3941zz11\\\/#primaryimage\",\"url\":\"https:\\\/\\\/www.koonings.com\\\/wp-content\\\/uploads\\\/2024\\\/11\\\/40068_02b507cb6ecc20f76d650f3c48db1ff6495f91eb32f357689808b7e2bc0618457b0bddd8.jpeg\",\"contentUrl\":\"https:\\\/\\\/www.koonings.com\\\/wp-content\\\/uploads\\\/2024\\\/11\\\/40068_02b507cb6ecc20f76d650f3c48db1ff6495f91eb32f357689808b7e2bc0618457b0bddd8.jpeg\",\"width\":1451,\"height\":2054},{\"@type\":\"BreadcrumbList\",\"@id\":\"https:\\\/\\\/www.koonings.com\\\/fr\\\/product\\\/essense-of-australia-d3941zz11\\\/#breadcrumb\",\"itemListElement\":[{\"@type\":\"ListItem\",\"position\":1,\"name\":\"Home\",\"item\":\"https:\\\/\\\/www.koonings.com\\\/fr\\\/\"},{\"@type\":\"ListItem\",\"position\":2,\"name\":\"Essence d&rsquo;Australie D3941ZZ11\"}]},{\"@type\":\"WebSite\",\"@id\":\"https:\\\/\\\/www.koonings.com\\\/fr\\\/#website\",\"url\":\"https:\\\/\\\/www.koonings.com\\\/fr\\\/\",\"name\":\"Koonings\",\"description\":\"De grootste bruidsmodewinkel ter wereld\",\"publisher\":{\"@id\":\"https:\\\/\\\/www.koonings.com\\\/fr\\\/#organization\"},\"potentialAction\":[{\"@type\":\"SearchAction\",\"target\":{\"@type\":\"EntryPoint\",\"urlTemplate\":\"https:\\\/\\\/www.koonings.com\\\/fr\\\/?s={search_term_string}\"},\"query-input\":{\"@type\":\"PropertyValueSpecification\",\"valueRequired\":true,\"valueName\":\"search_term_string\"}}],\"inLanguage\":\"fr-FR\"},{\"@type\":\"Organization\",\"@id\":\"https:\\\/\\\/www.koonings.com\\\/fr\\\/#organization\",\"name\":\"Koonings\",\"url\":\"https:\\\/\\\/www.koonings.com\\\/fr\\\/\",\"logo\":{\"@type\":\"ImageObject\",\"inLanguage\":\"fr-FR\",\"@id\":\"https:\\\/\\\/www.koonings.com\\\/fr\\\/#\\\/schema\\\/logo\\\/image\\\/\",\"url\":\"https:\\\/\\\/www.koonings.com\\\/wp-content\\\/uploads\\\/2024\\\/07\\\/logo.png\",\"contentUrl\":\"https:\\\/\\\/www.koonings.com\\\/wp-content\\\/uploads\\\/2024\\\/07\\\/logo.png\",\"width\":600,\"height\":428,\"caption\":\"Koonings\"},\"image\":{\"@id\":\"https:\\\/\\\/www.koonings.com\\\/fr\\\/#\\\/schema\\\/logo\\\/image\\\/\"},\"sameAs\":[\"https:\\\/\\\/www.facebook.com\\\/kooningstheweddingpalace\",\"https:\\\/\\\/www.instagram.com\\\/kooningstheweddingpalace\",\"https:\\\/\\\/www.pinterest.com\\\/koonings\",\"https:\\\/\\\/www.youtube.com\\\/kooningstheweddingpalace\"]}]}<\/script>\n<!-- \/ Yoast SEO plugin. -->","yoast_head_json":{"title":"Essence d'Australie D3941ZZ11 | Koonings","description":"Le mod\u00e8le D3941 est \u00e0 la fois sophistiqu\u00e9 et audacieux, permettant \u00e0 la mari\u00e9e moderne d'exprimer la fashionista qui sommeille en elle. Un corsage drap\u00e9 sans bretelles enveloppe la silhouette dans une coupe con\u00e7ue par le cr\u00e9ateur avant de se fondre dans une jupe ballgown ample et volumineuse avec une fente haute au niveau des jambes. L'organza brillant capte la lumi\u00e8re \u00e0 chaque mouvement et ajoute une touche somptueuse pour \u00e9quilibrer le corsage et la jupe s\u00e9duisants et transparents. Cette robe de bal classique exsude le glamour contemporain dans ses moindres d\u00e9tails et se transforme en un look \u00e9poustouflant et in\u00e9gal\u00e9 dont vous vous souviendrez toute votre vie. Cette robe est \u00e9galement disponible en ivoire, en argent et en grandes tailles.","robots":{"index":"index","follow":"follow","max-snippet":"max-snippet:-1","max-image-preview":"max-image-preview:large","max-video-preview":"max-video-preview:-1"},"canonical":"https:\/\/www.koonings.com\/fr\/product\/essense-of-australia-d3941zz11\/","og_locale":"fr_FR","og_type":"article","og_title":"Essence d'Australie D3941ZZ11 | Koonings","og_description":"Le mod\u00e8le D3941 est \u00e0 la fois sophistiqu\u00e9 et audacieux, permettant \u00e0 la mari\u00e9e moderne d'exprimer la fashionista qui sommeille en elle. Un corsage drap\u00e9 sans bretelles enveloppe la silhouette dans une coupe con\u00e7ue par le cr\u00e9ateur avant de se fondre dans une jupe ballgown ample et volumineuse avec une fente haute au niveau des jambes. L'organza brillant capte la lumi\u00e8re \u00e0 chaque mouvement et ajoute une touche somptueuse pour \u00e9quilibrer le corsage et la jupe s\u00e9duisants et transparents. Cette robe de bal classique exsude le glamour contemporain dans ses moindres d\u00e9tails et se transforme en un look \u00e9poustouflant et in\u00e9gal\u00e9 dont vous vous souviendrez toute votre vie. Cette robe est \u00e9galement disponible en ivoire, en argent et en grandes tailles.","og_url":"https:\/\/www.koonings.com\/fr\/product\/essense-of-australia-d3941zz11\/","og_site_name":"Koonings","article_publisher":"https:\/\/www.facebook.com\/kooningstheweddingpalace","article_modified_time":"2026-02-03T18:50:56+00:00","og_image":[{"width":1451,"height":2054,"url":"https:\/\/www.koonings.com\/wp-content\/uploads\/2024\/11\/40068_02b507cb6ecc20f76d650f3c48db1ff6495f91eb32f357689808b7e2bc0618457b0bddd8.jpeg","type":"image\/jpeg"}],"twitter_card":"summary_large_image","twitter_misc":{"Dur\u00e9e de lecture estim\u00e9e":"1 minute"},"schema":{"@context":"https:\/\/schema.org","@graph":[{"@type":"WebPage","@id":"https:\/\/www.koonings.com\/fr\/product\/essense-of-australia-d3941zz11\/","url":"https:\/\/www.koonings.com\/fr\/product\/essense-of-australia-d3941zz11\/","name":"Essence d'Australie D3941ZZ11 | Koonings","isPartOf":{"@id":"https:\/\/www.koonings.com\/fr\/#website"},"primaryImageOfPage":{"@id":"https:\/\/www.koonings.com\/fr\/product\/essense-of-australia-d3941zz11\/#primaryimage"},"image":{"@id":"https:\/\/www.koonings.com\/fr\/product\/essense-of-australia-d3941zz11\/#primaryimage"},"thumbnailUrl":"https:\/\/www.koonings.com\/wp-content\/uploads\/2024\/11\/40068_02b507cb6ecc20f76d650f3c48db1ff6495f91eb32f357689808b7e2bc0618457b0bddd8.jpeg","datePublished":"2025-12-14T23:28:17+00:00","dateModified":"2026-02-03T18:50:56+00:00","description":"Le mod\u00e8le D3941 est \u00e0 la fois sophistiqu\u00e9 et audacieux, permettant \u00e0 la mari\u00e9e moderne d'exprimer la fashionista qui sommeille en elle. Un corsage drap\u00e9 sans bretelles enveloppe la silhouette dans une coupe con\u00e7ue par le cr\u00e9ateur avant de se fondre dans une jupe ballgown ample et volumineuse avec une fente haute au niveau des jambes. L'organza brillant capte la lumi\u00e8re \u00e0 chaque mouvement et ajoute une touche somptueuse pour \u00e9quilibrer le corsage et la jupe s\u00e9duisants et transparents. Cette robe de bal classique exsude le glamour contemporain dans ses moindres d\u00e9tails et se transforme en un look \u00e9poustouflant et in\u00e9gal\u00e9 dont vous vous souviendrez toute votre vie. Cette robe est \u00e9galement disponible en ivoire, en argent et en grandes tailles.","breadcrumb":{"@id":"https:\/\/www.koonings.com\/fr\/product\/essense-of-australia-d3941zz11\/#breadcrumb"},"inLanguage":"fr-FR","potentialAction":[{"@type":"ReadAction","target":["https:\/\/www.koonings.com\/fr\/product\/essense-of-australia-d3941zz11\/"]}]},{"@type":"ImageObject","inLanguage":"fr-FR","@id":"https:\/\/www.koonings.com\/fr\/product\/essense-of-australia-d3941zz11\/#primaryimage","url":"https:\/\/www.koonings.com\/wp-content\/uploads\/2024\/11\/40068_02b507cb6ecc20f76d650f3c48db1ff6495f91eb32f357689808b7e2bc0618457b0bddd8.jpeg","contentUrl":"https:\/\/www.koonings.com\/wp-content\/uploads\/2024\/11\/40068_02b507cb6ecc20f76d650f3c48db1ff6495f91eb32f357689808b7e2bc0618457b0bddd8.jpeg","width":1451,"height":2054},{"@type":"BreadcrumbList","@id":"https:\/\/www.koonings.com\/fr\/product\/essense-of-australia-d3941zz11\/#breadcrumb","itemListElement":[{"@type":"ListItem","position":1,"name":"Home","item":"https:\/\/www.koonings.com\/fr\/"},{"@type":"ListItem","position":2,"name":"Essence d&rsquo;Australie D3941ZZ11"}]},{"@type":"WebSite","@id":"https:\/\/www.koonings.com\/fr\/#website","url":"https:\/\/www.koonings.com\/fr\/","name":"Koonings","description":"De grootste bruidsmodewinkel ter wereld","publisher":{"@id":"https:\/\/www.koonings.com\/fr\/#organization"},"potentialAction":[{"@type":"SearchAction","target":{"@type":"EntryPoint","urlTemplate":"https:\/\/www.koonings.com\/fr\/?s={search_term_string}"},"query-input":{"@type":"PropertyValueSpecification","valueRequired":true,"valueName":"search_term_string"}}],"inLanguage":"fr-FR"},{"@type":"Organization","@id":"https:\/\/www.koonings.com\/fr\/#organization","name":"Koonings","url":"https:\/\/www.koonings.com\/fr\/","logo":{"@type":"ImageObject","inLanguage":"fr-FR","@id":"https:\/\/www.koonings.com\/fr\/#\/schema\/logo\/image\/","url":"https:\/\/www.koonings.com\/wp-content\/uploads\/2024\/07\/logo.png","contentUrl":"https:\/\/www.koonings.com\/wp-content\/uploads\/2024\/07\/logo.png","width":600,"height":428,"caption":"Koonings"},"image":{"@id":"https:\/\/www.koonings.com\/fr\/#\/schema\/logo\/image\/"},"sameAs":["https:\/\/www.facebook.com\/kooningstheweddingpalace","https:\/\/www.instagram.com\/kooningstheweddingpalace","https:\/\/www.pinterest.com\/koonings","https:\/\/www.youtube.com\/kooningstheweddingpalace"]}]}},"_links":{"self":[{"href":"https:\/\/www.koonings.com\/fr\/wp-json\/wp\/v2\/product\/79066","targetHints":{"allow":["GET"]}}],"collection":[{"href":"https:\/\/www.koonings.com\/fr\/wp-json\/wp\/v2\/product"}],"about":[{"href":"https:\/\/www.koonings.com\/fr\/wp-json\/wp\/v2\/types\/product"}],"wp:featuredmedia":[{"embeddable":true,"href":"https:\/\/www.koonings.com\/fr\/wp-json\/wp\/v2\/media\/68393"}],"wp:attachment":[{"href":"https:\/\/www.koonings.com\/fr\/wp-json\/wp\/v2\/media?parent=79066"}],"wp:term":[{"taxonomy":"productdetails","embeddable":true,"href":"https:\/\/www.koonings.com\/fr\/wp-json\/wp\/v2\/productdetails?post=79066"},{"taxonomy":"productneck","embeddable":true,"href":"https:\/\/www.koonings.com\/fr\/wp-json\/wp\/v2\/productneck?post=79066"},{"taxonomy":"productcolor","embeddable":true,"href":"https:\/\/www.koonings.com\/fr\/wp-json\/wp\/v2\/productcolor?post=79066"},{"taxonomy":"maat","embeddable":true,"href":"https:\/\/www.koonings.com\/fr\/wp-json\/wp\/v2\/maat?post=79066"},{"taxonomy":"productsupplier","embeddable":true,"href":"https:\/\/www.koonings.com\/fr\/wp-json\/wp\/v2\/productsupplier?post=79066"},{"taxonomy":"productsleeve","embeddable":true,"href":"https:\/\/www.koonings.com\/fr\/wp-json\/wp\/v2\/productsleeve?post=79066"},{"taxonomy":"productcategory","embeddable":true,"href":"https:\/\/www.koonings.com\/fr\/wp-json\/wp\/v2\/productcategory?post=79066"},{"taxonomy":"productsilhouette","embeddable":true,"href":"https:\/\/www.koonings.com\/fr\/wp-json\/wp\/v2\/productsilhouette?post=79066"},{"taxonomy":"productstyle","embeddable":true,"href":"https:\/\/www.koonings.com\/fr\/wp-json\/wp\/v2\/productstyle?post=79066"}],"curies":[{"name":"wp","href":"https:\/\/api.w.org\/{rel}","templated":true}]}}