{"id":79061,"date":"2026-04-28T18:16:14","date_gmt":"2026-04-28T16:16:14","guid":{"rendered":"https:\/\/www.koonings.com\/product\/essense-of-australia-d3883iq11\/"},"modified":"2025-06-05T13:40:06","modified_gmt":"2025-06-05T11:40:06","slug":"essense-of-australia-d3883iq11","status":"publish","type":"product","link":"https:\/\/www.koonings.com\/fr\/product\/essense-of-australia-d3883iq11\/","title":{"rendered":"Essense of Australia D3883IQ11"},"content":{"rendered":"<p>Un perlage complexe et une superbe silhouette ajust\u00e9e et \u00e9vas\u00e9e donnent vie au style D3883 pour la mari\u00e9e de tous les jours. Des bretelles spaghetti fines et \u00e9l\u00e9gantes se raccordent \u00e0 l&#8217;encolure ronde classique du corsage en dentelle, doubl\u00e9 ou non, tandis que des motifs en dentelle verte dansent sur la dentelle d\u00e9licate et le tulle scintillant de cette robe \u00e9poustouflante. Au dos, une rang\u00e9e de boutons recouverts de tissu relie le corsage \u00e0 la hanche avant que les ornements en dentelle ne s&#8217;\u00e9vasent dans les couches transparentes de la jupe \u00e9vas\u00e9e et ne se r\u00e9pandent dans des accents de tulle et de dentelle \u00e9tincelants.  <\/p>\n","protected":false},"featured_media":68364,"template":"","meta":{"_acf_changed":false,"ghostkit_customizer_options":"","ghostkit_custom_css":"","ghostkit_custom_js_head":"","ghostkit_custom_js_foot":"","ghostkit_typography":""},"productdetails":[379,377,376,381],"productneck":[352],"productcolor":[392],"maat":[],"productsupplier":[444],"productsleeve":[359],"productcategory":[18],"productsilhouette":[389],"productstyle":[366],"class_list":["post-79061","product","type-product","status-publish","has-post-thumbnail","hentry","productdetails-379","productdetails-377","productdetails-376","productdetails-381","productneck-352","productcolor-392","productsupplier-essense-of-australia","productsleeve-359","productcategory-trouwjurken","productsilhouette-389","productstyle-366"],"acf":[],"yoast_head":"<!-- This site is optimized with the Yoast SEO plugin v27.3 - https:\/\/yoast.com\/product\/yoast-seo-wordpress\/ -->\n<title>Essense of Australia D3883IQ11 | Koonings<\/title>\n<meta name=\"description\" content=\"Un perlage complexe et une superbe silhouette ajust\u00e9e et \u00e9vas\u00e9e donnent vie au style D3883 pour la mari\u00e9e de tous les jours. Des bretelles spaghetti fines et \u00e9l\u00e9gantes se raccordent \u00e0 l&#039;encolure ronde classique du corsage en dentelle, doubl\u00e9 ou non, tandis que des motifs en dentelle verte dansent sur la dentelle d\u00e9licate et le tulle scintillant de cette robe \u00e9poustouflante. Au dos, une rang\u00e9e de boutons recouverts de tissu relie le corsage \u00e0 la hanche avant que les ornements en dentelle ne s&#039;\u00e9vasent dans les couches transparentes de la jupe \u00e9vas\u00e9e et ne se r\u00e9pandent dans des accents de tulle et de dentelle \u00e9tincelants.\" \/>\n<meta name=\"robots\" content=\"index, follow, max-snippet:-1, max-image-preview:large, max-video-preview:-1\" \/>\n<link rel=\"canonical\" href=\"https:\/\/www.koonings.com\/fr\/product\/essense-of-australia-d3883iq11\/\" \/>\n<meta property=\"og:locale\" content=\"fr_FR\" \/>\n<meta property=\"og:type\" content=\"article\" \/>\n<meta property=\"og:title\" content=\"Essense of Australia D3883IQ11 | Koonings\" \/>\n<meta property=\"og:description\" content=\"Un perlage complexe et une superbe silhouette ajust\u00e9e et \u00e9vas\u00e9e donnent vie au style D3883 pour la mari\u00e9e de tous les jours. Des bretelles spaghetti fines et \u00e9l\u00e9gantes se raccordent \u00e0 l&#039;encolure ronde classique du corsage en dentelle, doubl\u00e9 ou non, tandis que des motifs en dentelle verte dansent sur la dentelle d\u00e9licate et le tulle scintillant de cette robe \u00e9poustouflante. Au dos, une rang\u00e9e de boutons recouverts de tissu relie le corsage \u00e0 la hanche avant que les ornements en dentelle ne s&#039;\u00e9vasent dans les couches transparentes de la jupe \u00e9vas\u00e9e et ne se r\u00e9pandent dans des accents de tulle et de dentelle \u00e9tincelants.\" \/>\n<meta property=\"og:url\" content=\"https:\/\/www.koonings.com\/fr\/product\/essense-of-australia-d3883iq11\/\" \/>\n<meta property=\"og:site_name\" content=\"Koonings\" \/>\n<meta property=\"article:publisher\" content=\"https:\/\/www.facebook.com\/kooningstheweddingpalace\" \/>\n<meta property=\"og:image\" content=\"https:\/\/www.koonings.com\/wp-content\/uploads\/2024\/11\/39975_b26764d998ef79785bf5604bc788a7aadbf80e5620a8663efce0d7d65ce5aa2489e794e0.jpeg\" \/>\n\t<meta property=\"og:image:width\" content=\"1481\" \/>\n\t<meta property=\"og:image:height\" content=\"2095\" \/>\n\t<meta property=\"og:image:type\" content=\"image\/jpeg\" \/>\n<meta name=\"twitter:card\" content=\"summary_large_image\" \/>\n<meta name=\"twitter:label1\" content=\"Dur\u00e9e de lecture estim\u00e9e\" \/>\n\t<meta name=\"twitter:data1\" content=\"1 minute\" \/>\n<script type=\"application\/ld+json\" class=\"yoast-schema-graph\">{\"@context\":\"https:\\\/\\\/schema.org\",\"@graph\":[{\"@type\":\"WebPage\",\"@id\":\"https:\\\/\\\/www.koonings.com\\\/fr\\\/product\\\/essense-of-australia-d3883iq11\\\/\",\"url\":\"https:\\\/\\\/www.koonings.com\\\/fr\\\/product\\\/essense-of-australia-d3883iq11\\\/\",\"name\":\"Essense of Australia D3883IQ11 | Koonings\",\"isPartOf\":{\"@id\":\"https:\\\/\\\/www.koonings.com\\\/fr\\\/#website\"},\"primaryImageOfPage\":{\"@id\":\"https:\\\/\\\/www.koonings.com\\\/fr\\\/product\\\/essense-of-australia-d3883iq11\\\/#primaryimage\"},\"image\":{\"@id\":\"https:\\\/\\\/www.koonings.com\\\/fr\\\/product\\\/essense-of-australia-d3883iq11\\\/#primaryimage\"},\"thumbnailUrl\":\"https:\\\/\\\/www.koonings.com\\\/wp-content\\\/uploads\\\/2024\\\/11\\\/39975_b26764d998ef79785bf5604bc788a7aadbf80e5620a8663efce0d7d65ce5aa2489e794e0.jpeg\",\"datePublished\":\"2026-04-28T16:16:14+00:00\",\"description\":\"Un perlage complexe et une superbe silhouette ajust\u00e9e et \u00e9vas\u00e9e donnent vie au style D3883 pour la mari\u00e9e de tous les jours. Des bretelles spaghetti fines et \u00e9l\u00e9gantes se raccordent \u00e0 l'encolure ronde classique du corsage en dentelle, doubl\u00e9 ou non, tandis que des motifs en dentelle verte dansent sur la dentelle d\u00e9licate et le tulle scintillant de cette robe \u00e9poustouflante. Au dos, une rang\u00e9e de boutons recouverts de tissu relie le corsage \u00e0 la hanche avant que les ornements en dentelle ne s'\u00e9vasent dans les couches transparentes de la jupe \u00e9vas\u00e9e et ne se r\u00e9pandent dans des accents de tulle et de dentelle \u00e9tincelants.\",\"breadcrumb\":{\"@id\":\"https:\\\/\\\/www.koonings.com\\\/fr\\\/product\\\/essense-of-australia-d3883iq11\\\/#breadcrumb\"},\"inLanguage\":\"fr-FR\",\"potentialAction\":[{\"@type\":\"ReadAction\",\"target\":[\"https:\\\/\\\/www.koonings.com\\\/fr\\\/product\\\/essense-of-australia-d3883iq11\\\/\"]}]},{\"@type\":\"ImageObject\",\"inLanguage\":\"fr-FR\",\"@id\":\"https:\\\/\\\/www.koonings.com\\\/fr\\\/product\\\/essense-of-australia-d3883iq11\\\/#primaryimage\",\"url\":\"https:\\\/\\\/www.koonings.com\\\/wp-content\\\/uploads\\\/2024\\\/11\\\/39975_b26764d998ef79785bf5604bc788a7aadbf80e5620a8663efce0d7d65ce5aa2489e794e0.jpeg\",\"contentUrl\":\"https:\\\/\\\/www.koonings.com\\\/wp-content\\\/uploads\\\/2024\\\/11\\\/39975_b26764d998ef79785bf5604bc788a7aadbf80e5620a8663efce0d7d65ce5aa2489e794e0.jpeg\",\"width\":1481,\"height\":2095},{\"@type\":\"BreadcrumbList\",\"@id\":\"https:\\\/\\\/www.koonings.com\\\/fr\\\/product\\\/essense-of-australia-d3883iq11\\\/#breadcrumb\",\"itemListElement\":[{\"@type\":\"ListItem\",\"position\":1,\"name\":\"Home\",\"item\":\"https:\\\/\\\/www.koonings.com\\\/fr\\\/\"},{\"@type\":\"ListItem\",\"position\":2,\"name\":\"Essense of Australia D3883IQ11\"}]},{\"@type\":\"WebSite\",\"@id\":\"https:\\\/\\\/www.koonings.com\\\/fr\\\/#website\",\"url\":\"https:\\\/\\\/www.koonings.com\\\/fr\\\/\",\"name\":\"Koonings\",\"description\":\"De grootste bruidsmodewinkel ter wereld\",\"publisher\":{\"@id\":\"https:\\\/\\\/www.koonings.com\\\/fr\\\/#organization\"},\"potentialAction\":[{\"@type\":\"SearchAction\",\"target\":{\"@type\":\"EntryPoint\",\"urlTemplate\":\"https:\\\/\\\/www.koonings.com\\\/fr\\\/?s={search_term_string}\"},\"query-input\":{\"@type\":\"PropertyValueSpecification\",\"valueRequired\":true,\"valueName\":\"search_term_string\"}}],\"inLanguage\":\"fr-FR\"},{\"@type\":\"Organization\",\"@id\":\"https:\\\/\\\/www.koonings.com\\\/fr\\\/#organization\",\"name\":\"Koonings\",\"url\":\"https:\\\/\\\/www.koonings.com\\\/fr\\\/\",\"logo\":{\"@type\":\"ImageObject\",\"inLanguage\":\"fr-FR\",\"@id\":\"https:\\\/\\\/www.koonings.com\\\/fr\\\/#\\\/schema\\\/logo\\\/image\\\/\",\"url\":\"https:\\\/\\\/www.koonings.com\\\/wp-content\\\/uploads\\\/2024\\\/07\\\/logo.png\",\"contentUrl\":\"https:\\\/\\\/www.koonings.com\\\/wp-content\\\/uploads\\\/2024\\\/07\\\/logo.png\",\"width\":600,\"height\":428,\"caption\":\"Koonings\"},\"image\":{\"@id\":\"https:\\\/\\\/www.koonings.com\\\/fr\\\/#\\\/schema\\\/logo\\\/image\\\/\"},\"sameAs\":[\"https:\\\/\\\/www.facebook.com\\\/kooningstheweddingpalace\",\"https:\\\/\\\/www.instagram.com\\\/kooningstheweddingpalace\",\"https:\\\/\\\/www.pinterest.com\\\/koonings\",\"https:\\\/\\\/www.youtube.com\\\/kooningstheweddingpalace\"]}]}<\/script>\n<!-- \/ Yoast SEO plugin. -->","yoast_head_json":{"title":"Essense of Australia D3883IQ11 | Koonings","description":"Un perlage complexe et une superbe silhouette ajust\u00e9e et \u00e9vas\u00e9e donnent vie au style D3883 pour la mari\u00e9e de tous les jours. Des bretelles spaghetti fines et \u00e9l\u00e9gantes se raccordent \u00e0 l'encolure ronde classique du corsage en dentelle, doubl\u00e9 ou non, tandis que des motifs en dentelle verte dansent sur la dentelle d\u00e9licate et le tulle scintillant de cette robe \u00e9poustouflante. Au dos, une rang\u00e9e de boutons recouverts de tissu relie le corsage \u00e0 la hanche avant que les ornements en dentelle ne s'\u00e9vasent dans les couches transparentes de la jupe \u00e9vas\u00e9e et ne se r\u00e9pandent dans des accents de tulle et de dentelle \u00e9tincelants.","robots":{"index":"index","follow":"follow","max-snippet":"max-snippet:-1","max-image-preview":"max-image-preview:large","max-video-preview":"max-video-preview:-1"},"canonical":"https:\/\/www.koonings.com\/fr\/product\/essense-of-australia-d3883iq11\/","og_locale":"fr_FR","og_type":"article","og_title":"Essense of Australia D3883IQ11 | Koonings","og_description":"Un perlage complexe et une superbe silhouette ajust\u00e9e et \u00e9vas\u00e9e donnent vie au style D3883 pour la mari\u00e9e de tous les jours. Des bretelles spaghetti fines et \u00e9l\u00e9gantes se raccordent \u00e0 l'encolure ronde classique du corsage en dentelle, doubl\u00e9 ou non, tandis que des motifs en dentelle verte dansent sur la dentelle d\u00e9licate et le tulle scintillant de cette robe \u00e9poustouflante. Au dos, une rang\u00e9e de boutons recouverts de tissu relie le corsage \u00e0 la hanche avant que les ornements en dentelle ne s'\u00e9vasent dans les couches transparentes de la jupe \u00e9vas\u00e9e et ne se r\u00e9pandent dans des accents de tulle et de dentelle \u00e9tincelants.","og_url":"https:\/\/www.koonings.com\/fr\/product\/essense-of-australia-d3883iq11\/","og_site_name":"Koonings","article_publisher":"https:\/\/www.facebook.com\/kooningstheweddingpalace","og_image":[{"width":1481,"height":2095,"url":"https:\/\/www.koonings.com\/wp-content\/uploads\/2024\/11\/39975_b26764d998ef79785bf5604bc788a7aadbf80e5620a8663efce0d7d65ce5aa2489e794e0.jpeg","type":"image\/jpeg"}],"twitter_card":"summary_large_image","twitter_misc":{"Dur\u00e9e de lecture estim\u00e9e":"1 minute"},"schema":{"@context":"https:\/\/schema.org","@graph":[{"@type":"WebPage","@id":"https:\/\/www.koonings.com\/fr\/product\/essense-of-australia-d3883iq11\/","url":"https:\/\/www.koonings.com\/fr\/product\/essense-of-australia-d3883iq11\/","name":"Essense of Australia D3883IQ11 | Koonings","isPartOf":{"@id":"https:\/\/www.koonings.com\/fr\/#website"},"primaryImageOfPage":{"@id":"https:\/\/www.koonings.com\/fr\/product\/essense-of-australia-d3883iq11\/#primaryimage"},"image":{"@id":"https:\/\/www.koonings.com\/fr\/product\/essense-of-australia-d3883iq11\/#primaryimage"},"thumbnailUrl":"https:\/\/www.koonings.com\/wp-content\/uploads\/2024\/11\/39975_b26764d998ef79785bf5604bc788a7aadbf80e5620a8663efce0d7d65ce5aa2489e794e0.jpeg","datePublished":"2026-04-28T16:16:14+00:00","description":"Un perlage complexe et une superbe silhouette ajust\u00e9e et \u00e9vas\u00e9e donnent vie au style D3883 pour la mari\u00e9e de tous les jours. Des bretelles spaghetti fines et \u00e9l\u00e9gantes se raccordent \u00e0 l'encolure ronde classique du corsage en dentelle, doubl\u00e9 ou non, tandis que des motifs en dentelle verte dansent sur la dentelle d\u00e9licate et le tulle scintillant de cette robe \u00e9poustouflante. Au dos, une rang\u00e9e de boutons recouverts de tissu relie le corsage \u00e0 la hanche avant que les ornements en dentelle ne s'\u00e9vasent dans les couches transparentes de la jupe \u00e9vas\u00e9e et ne se r\u00e9pandent dans des accents de tulle et de dentelle \u00e9tincelants.","breadcrumb":{"@id":"https:\/\/www.koonings.com\/fr\/product\/essense-of-australia-d3883iq11\/#breadcrumb"},"inLanguage":"fr-FR","potentialAction":[{"@type":"ReadAction","target":["https:\/\/www.koonings.com\/fr\/product\/essense-of-australia-d3883iq11\/"]}]},{"@type":"ImageObject","inLanguage":"fr-FR","@id":"https:\/\/www.koonings.com\/fr\/product\/essense-of-australia-d3883iq11\/#primaryimage","url":"https:\/\/www.koonings.com\/wp-content\/uploads\/2024\/11\/39975_b26764d998ef79785bf5604bc788a7aadbf80e5620a8663efce0d7d65ce5aa2489e794e0.jpeg","contentUrl":"https:\/\/www.koonings.com\/wp-content\/uploads\/2024\/11\/39975_b26764d998ef79785bf5604bc788a7aadbf80e5620a8663efce0d7d65ce5aa2489e794e0.jpeg","width":1481,"height":2095},{"@type":"BreadcrumbList","@id":"https:\/\/www.koonings.com\/fr\/product\/essense-of-australia-d3883iq11\/#breadcrumb","itemListElement":[{"@type":"ListItem","position":1,"name":"Home","item":"https:\/\/www.koonings.com\/fr\/"},{"@type":"ListItem","position":2,"name":"Essense of Australia D3883IQ11"}]},{"@type":"WebSite","@id":"https:\/\/www.koonings.com\/fr\/#website","url":"https:\/\/www.koonings.com\/fr\/","name":"Koonings","description":"De grootste bruidsmodewinkel ter wereld","publisher":{"@id":"https:\/\/www.koonings.com\/fr\/#organization"},"potentialAction":[{"@type":"SearchAction","target":{"@type":"EntryPoint","urlTemplate":"https:\/\/www.koonings.com\/fr\/?s={search_term_string}"},"query-input":{"@type":"PropertyValueSpecification","valueRequired":true,"valueName":"search_term_string"}}],"inLanguage":"fr-FR"},{"@type":"Organization","@id":"https:\/\/www.koonings.com\/fr\/#organization","name":"Koonings","url":"https:\/\/www.koonings.com\/fr\/","logo":{"@type":"ImageObject","inLanguage":"fr-FR","@id":"https:\/\/www.koonings.com\/fr\/#\/schema\/logo\/image\/","url":"https:\/\/www.koonings.com\/wp-content\/uploads\/2024\/07\/logo.png","contentUrl":"https:\/\/www.koonings.com\/wp-content\/uploads\/2024\/07\/logo.png","width":600,"height":428,"caption":"Koonings"},"image":{"@id":"https:\/\/www.koonings.com\/fr\/#\/schema\/logo\/image\/"},"sameAs":["https:\/\/www.facebook.com\/kooningstheweddingpalace","https:\/\/www.instagram.com\/kooningstheweddingpalace","https:\/\/www.pinterest.com\/koonings","https:\/\/www.youtube.com\/kooningstheweddingpalace"]}]}},"_links":{"self":[{"href":"https:\/\/www.koonings.com\/fr\/wp-json\/wp\/v2\/product\/79061","targetHints":{"allow":["GET"]}}],"collection":[{"href":"https:\/\/www.koonings.com\/fr\/wp-json\/wp\/v2\/product"}],"about":[{"href":"https:\/\/www.koonings.com\/fr\/wp-json\/wp\/v2\/types\/product"}],"wp:featuredmedia":[{"embeddable":true,"href":"https:\/\/www.koonings.com\/fr\/wp-json\/wp\/v2\/media\/68364"}],"wp:attachment":[{"href":"https:\/\/www.koonings.com\/fr\/wp-json\/wp\/v2\/media?parent=79061"}],"wp:term":[{"taxonomy":"productdetails","embeddable":true,"href":"https:\/\/www.koonings.com\/fr\/wp-json\/wp\/v2\/productdetails?post=79061"},{"taxonomy":"productneck","embeddable":true,"href":"https:\/\/www.koonings.com\/fr\/wp-json\/wp\/v2\/productneck?post=79061"},{"taxonomy":"productcolor","embeddable":true,"href":"https:\/\/www.koonings.com\/fr\/wp-json\/wp\/v2\/productcolor?post=79061"},{"taxonomy":"maat","embeddable":true,"href":"https:\/\/www.koonings.com\/fr\/wp-json\/wp\/v2\/maat?post=79061"},{"taxonomy":"productsupplier","embeddable":true,"href":"https:\/\/www.koonings.com\/fr\/wp-json\/wp\/v2\/productsupplier?post=79061"},{"taxonomy":"productsleeve","embeddable":true,"href":"https:\/\/www.koonings.com\/fr\/wp-json\/wp\/v2\/productsleeve?post=79061"},{"taxonomy":"productcategory","embeddable":true,"href":"https:\/\/www.koonings.com\/fr\/wp-json\/wp\/v2\/productcategory?post=79061"},{"taxonomy":"productsilhouette","embeddable":true,"href":"https:\/\/www.koonings.com\/fr\/wp-json\/wp\/v2\/productsilhouette?post=79061"},{"taxonomy":"productstyle","embeddable":true,"href":"https:\/\/www.koonings.com\/fr\/wp-json\/wp\/v2\/productstyle?post=79061"}],"curies":[{"name":"wp","href":"https:\/\/api.w.org\/{rel}","templated":true}]}}