{"id":79038,"date":"2024-11-18T15:48:18","date_gmt":"2024-11-18T14:48:18","guid":{"rendered":"https:\/\/www.koonings.com\/product\/ladybird-bhranti-lb125ce1\/"},"modified":"2026-02-03T19:51:13","modified_gmt":"2026-02-03T18:51:13","slug":"ladybird-bhranti-lb125ce1","status":"publish","type":"product","link":"https:\/\/www.koonings.com\/fr\/product\/ladybird-bhranti-lb125ce1\/","title":{"rendered":"Ladybird Bhranti LB125CE1"},"content":{"rendered":"<p>La robe de mari\u00e9e Ladybird Bhranti pr\u00e9sente une belle ligne A fluide qui souligne subtilement votre silhouette et vous donne une allure sophistiqu\u00e9e. Le corsage sup\u00e9rieur pr\u00e9sente un d\u00e9collet\u00e9 profond avec de d\u00e9licats d\u00e9tails de dentelle et des bretelles transparentes qui cr\u00e9ent un look romantique. La taille est soulign\u00e9e par une bande subtile qui met en valeur votre silhouette.<\/p>\n","protected":false},"featured_media":68540,"template":"","meta":{"_acf_changed":false,"ghostkit_customizer_options":"","ghostkit_custom_css":"","ghostkit_custom_js_head":"","ghostkit_custom_js_foot":"","ghostkit_typography":""},"productdetails":[376,381],"productneck":[356],"productcolor":[392],"maat":[],"productsupplier":[437],"productsleeve":[359],"productcategory":[18],"productsilhouette":[384,389],"productstyle":[366],"class_list":["post-79038","product","type-product","status-publish","has-post-thumbnail","hentry","productdetails-376","productdetails-381","productneck-356","productcolor-392","productsupplier-ladybird","productsleeve-359","productcategory-trouwjurken","productsilhouette-384","productsilhouette-389","productstyle-366"],"acf":[],"yoast_head":"<!-- This site is optimized with the Yoast SEO plugin v27.3 - https:\/\/yoast.com\/product\/yoast-seo-wordpress\/ -->\n<title>Ladybird Bhranti LB125CE1 | Koonings<\/title>\n<meta name=\"description\" content=\"La robe de mari\u00e9e Ladybird Bhranti pr\u00e9sente une belle ligne A fluide qui souligne subtilement votre silhouette et vous donne une allure sophistiqu\u00e9e. Le corsage sup\u00e9rieur pr\u00e9sente un d\u00e9collet\u00e9 profond avec de d\u00e9licats d\u00e9tails de dentelle et des bretelles transparentes qui cr\u00e9ent un look romantique. La taille est soulign\u00e9e par une bande subtile qui met en valeur votre silhouette.\" \/>\n<meta name=\"robots\" content=\"index, follow, max-snippet:-1, max-image-preview:large, max-video-preview:-1\" \/>\n<link rel=\"canonical\" href=\"https:\/\/www.koonings.com\/fr\/product\/ladybird-bhranti-lb125ce1\/\" \/>\n<meta property=\"og:locale\" content=\"fr_FR\" \/>\n<meta property=\"og:type\" content=\"article\" \/>\n<meta property=\"og:title\" content=\"Ladybird Bhranti LB125CE1 | Koonings\" \/>\n<meta property=\"og:description\" content=\"La robe de mari\u00e9e Ladybird Bhranti pr\u00e9sente une belle ligne A fluide qui souligne subtilement votre silhouette et vous donne une allure sophistiqu\u00e9e. Le corsage sup\u00e9rieur pr\u00e9sente un d\u00e9collet\u00e9 profond avec de d\u00e9licats d\u00e9tails de dentelle et des bretelles transparentes qui cr\u00e9ent un look romantique. La taille est soulign\u00e9e par une bande subtile qui met en valeur votre silhouette.\" \/>\n<meta property=\"og:url\" content=\"https:\/\/www.koonings.com\/fr\/product\/ladybird-bhranti-lb125ce1\/\" \/>\n<meta property=\"og:site_name\" content=\"Koonings\" \/>\n<meta property=\"article:publisher\" content=\"https:\/\/www.facebook.com\/kooningstheweddingpalace\" \/>\n<meta property=\"article:modified_time\" content=\"2026-02-03T18:51:13+00:00\" \/>\n<meta property=\"og:image\" content=\"https:\/\/www.koonings.com\/wp-content\/uploads\/2024\/11\/48950_e25c773b17cd33f6533f51df6ed7039cf388459901ecdfe6b91dfb22daf74348f4de571f-scaled.jpeg\" \/>\n\t<meta property=\"og:image:width\" content=\"1811\" \/>\n\t<meta property=\"og:image:height\" content=\"2560\" \/>\n\t<meta property=\"og:image:type\" content=\"image\/jpeg\" \/>\n<meta name=\"twitter:card\" content=\"summary_large_image\" \/>\n<script type=\"application\/ld+json\" class=\"yoast-schema-graph\">{\"@context\":\"https:\\\/\\\/schema.org\",\"@graph\":[{\"@type\":\"WebPage\",\"@id\":\"https:\\\/\\\/www.koonings.com\\\/fr\\\/product\\\/ladybird-bhranti-lb125ce1\\\/\",\"url\":\"https:\\\/\\\/www.koonings.com\\\/fr\\\/product\\\/ladybird-bhranti-lb125ce1\\\/\",\"name\":\"Ladybird Bhranti LB125CE1 | Koonings\",\"isPartOf\":{\"@id\":\"https:\\\/\\\/www.koonings.com\\\/fr\\\/#website\"},\"primaryImageOfPage\":{\"@id\":\"https:\\\/\\\/www.koonings.com\\\/fr\\\/product\\\/ladybird-bhranti-lb125ce1\\\/#primaryimage\"},\"image\":{\"@id\":\"https:\\\/\\\/www.koonings.com\\\/fr\\\/product\\\/ladybird-bhranti-lb125ce1\\\/#primaryimage\"},\"thumbnailUrl\":\"https:\\\/\\\/www.koonings.com\\\/wp-content\\\/uploads\\\/2024\\\/11\\\/48950_e25c773b17cd33f6533f51df6ed7039cf388459901ecdfe6b91dfb22daf74348f4de571f-scaled.jpeg\",\"datePublished\":\"2024-11-18T14:48:18+00:00\",\"dateModified\":\"2026-02-03T18:51:13+00:00\",\"description\":\"La robe de mari\u00e9e Ladybird Bhranti pr\u00e9sente une belle ligne A fluide qui souligne subtilement votre silhouette et vous donne une allure sophistiqu\u00e9e. Le corsage sup\u00e9rieur pr\u00e9sente un d\u00e9collet\u00e9 profond avec de d\u00e9licats d\u00e9tails de dentelle et des bretelles transparentes qui cr\u00e9ent un look romantique. La taille est soulign\u00e9e par une bande subtile qui met en valeur votre silhouette.\",\"breadcrumb\":{\"@id\":\"https:\\\/\\\/www.koonings.com\\\/fr\\\/product\\\/ladybird-bhranti-lb125ce1\\\/#breadcrumb\"},\"inLanguage\":\"fr-FR\",\"potentialAction\":[{\"@type\":\"ReadAction\",\"target\":[\"https:\\\/\\\/www.koonings.com\\\/fr\\\/product\\\/ladybird-bhranti-lb125ce1\\\/\"]}]},{\"@type\":\"ImageObject\",\"inLanguage\":\"fr-FR\",\"@id\":\"https:\\\/\\\/www.koonings.com\\\/fr\\\/product\\\/ladybird-bhranti-lb125ce1\\\/#primaryimage\",\"url\":\"https:\\\/\\\/www.koonings.com\\\/wp-content\\\/uploads\\\/2024\\\/11\\\/48950_e25c773b17cd33f6533f51df6ed7039cf388459901ecdfe6b91dfb22daf74348f4de571f-scaled.jpeg\",\"contentUrl\":\"https:\\\/\\\/www.koonings.com\\\/wp-content\\\/uploads\\\/2024\\\/11\\\/48950_e25c773b17cd33f6533f51df6ed7039cf388459901ecdfe6b91dfb22daf74348f4de571f-scaled.jpeg\",\"width\":1811,\"height\":2560},{\"@type\":\"BreadcrumbList\",\"@id\":\"https:\\\/\\\/www.koonings.com\\\/fr\\\/product\\\/ladybird-bhranti-lb125ce1\\\/#breadcrumb\",\"itemListElement\":[{\"@type\":\"ListItem\",\"position\":1,\"name\":\"Home\",\"item\":\"https:\\\/\\\/www.koonings.com\\\/fr\\\/\"},{\"@type\":\"ListItem\",\"position\":2,\"name\":\"Ladybird Bhranti LB125CE1\"}]},{\"@type\":\"WebSite\",\"@id\":\"https:\\\/\\\/www.koonings.com\\\/fr\\\/#website\",\"url\":\"https:\\\/\\\/www.koonings.com\\\/fr\\\/\",\"name\":\"Koonings\",\"description\":\"De grootste bruidsmodewinkel ter wereld\",\"publisher\":{\"@id\":\"https:\\\/\\\/www.koonings.com\\\/fr\\\/#organization\"},\"potentialAction\":[{\"@type\":\"SearchAction\",\"target\":{\"@type\":\"EntryPoint\",\"urlTemplate\":\"https:\\\/\\\/www.koonings.com\\\/fr\\\/?s={search_term_string}\"},\"query-input\":{\"@type\":\"PropertyValueSpecification\",\"valueRequired\":true,\"valueName\":\"search_term_string\"}}],\"inLanguage\":\"fr-FR\"},{\"@type\":\"Organization\",\"@id\":\"https:\\\/\\\/www.koonings.com\\\/fr\\\/#organization\",\"name\":\"Koonings\",\"url\":\"https:\\\/\\\/www.koonings.com\\\/fr\\\/\",\"logo\":{\"@type\":\"ImageObject\",\"inLanguage\":\"fr-FR\",\"@id\":\"https:\\\/\\\/www.koonings.com\\\/fr\\\/#\\\/schema\\\/logo\\\/image\\\/\",\"url\":\"https:\\\/\\\/www.koonings.com\\\/wp-content\\\/uploads\\\/2024\\\/07\\\/logo.png\",\"contentUrl\":\"https:\\\/\\\/www.koonings.com\\\/wp-content\\\/uploads\\\/2024\\\/07\\\/logo.png\",\"width\":600,\"height\":428,\"caption\":\"Koonings\"},\"image\":{\"@id\":\"https:\\\/\\\/www.koonings.com\\\/fr\\\/#\\\/schema\\\/logo\\\/image\\\/\"},\"sameAs\":[\"https:\\\/\\\/www.facebook.com\\\/kooningstheweddingpalace\",\"https:\\\/\\\/www.instagram.com\\\/kooningstheweddingpalace\",\"https:\\\/\\\/www.pinterest.com\\\/koonings\",\"https:\\\/\\\/www.youtube.com\\\/kooningstheweddingpalace\"]}]}<\/script>\n<!-- \/ Yoast SEO plugin. -->","yoast_head_json":{"title":"Ladybird Bhranti LB125CE1 | Koonings","description":"La robe de mari\u00e9e Ladybird Bhranti pr\u00e9sente une belle ligne A fluide qui souligne subtilement votre silhouette et vous donne une allure sophistiqu\u00e9e. Le corsage sup\u00e9rieur pr\u00e9sente un d\u00e9collet\u00e9 profond avec de d\u00e9licats d\u00e9tails de dentelle et des bretelles transparentes qui cr\u00e9ent un look romantique. La taille est soulign\u00e9e par une bande subtile qui met en valeur votre silhouette.","robots":{"index":"index","follow":"follow","max-snippet":"max-snippet:-1","max-image-preview":"max-image-preview:large","max-video-preview":"max-video-preview:-1"},"canonical":"https:\/\/www.koonings.com\/fr\/product\/ladybird-bhranti-lb125ce1\/","og_locale":"fr_FR","og_type":"article","og_title":"Ladybird Bhranti LB125CE1 | Koonings","og_description":"La robe de mari\u00e9e Ladybird Bhranti pr\u00e9sente une belle ligne A fluide qui souligne subtilement votre silhouette et vous donne une allure sophistiqu\u00e9e. Le corsage sup\u00e9rieur pr\u00e9sente un d\u00e9collet\u00e9 profond avec de d\u00e9licats d\u00e9tails de dentelle et des bretelles transparentes qui cr\u00e9ent un look romantique. La taille est soulign\u00e9e par une bande subtile qui met en valeur votre silhouette.","og_url":"https:\/\/www.koonings.com\/fr\/product\/ladybird-bhranti-lb125ce1\/","og_site_name":"Koonings","article_publisher":"https:\/\/www.facebook.com\/kooningstheweddingpalace","article_modified_time":"2026-02-03T18:51:13+00:00","og_image":[{"width":1811,"height":2560,"url":"https:\/\/www.koonings.com\/wp-content\/uploads\/2024\/11\/48950_e25c773b17cd33f6533f51df6ed7039cf388459901ecdfe6b91dfb22daf74348f4de571f-scaled.jpeg","type":"image\/jpeg"}],"twitter_card":"summary_large_image","schema":{"@context":"https:\/\/schema.org","@graph":[{"@type":"WebPage","@id":"https:\/\/www.koonings.com\/fr\/product\/ladybird-bhranti-lb125ce1\/","url":"https:\/\/www.koonings.com\/fr\/product\/ladybird-bhranti-lb125ce1\/","name":"Ladybird Bhranti LB125CE1 | Koonings","isPartOf":{"@id":"https:\/\/www.koonings.com\/fr\/#website"},"primaryImageOfPage":{"@id":"https:\/\/www.koonings.com\/fr\/product\/ladybird-bhranti-lb125ce1\/#primaryimage"},"image":{"@id":"https:\/\/www.koonings.com\/fr\/product\/ladybird-bhranti-lb125ce1\/#primaryimage"},"thumbnailUrl":"https:\/\/www.koonings.com\/wp-content\/uploads\/2024\/11\/48950_e25c773b17cd33f6533f51df6ed7039cf388459901ecdfe6b91dfb22daf74348f4de571f-scaled.jpeg","datePublished":"2024-11-18T14:48:18+00:00","dateModified":"2026-02-03T18:51:13+00:00","description":"La robe de mari\u00e9e Ladybird Bhranti pr\u00e9sente une belle ligne A fluide qui souligne subtilement votre silhouette et vous donne une allure sophistiqu\u00e9e. Le corsage sup\u00e9rieur pr\u00e9sente un d\u00e9collet\u00e9 profond avec de d\u00e9licats d\u00e9tails de dentelle et des bretelles transparentes qui cr\u00e9ent un look romantique. La taille est soulign\u00e9e par une bande subtile qui met en valeur votre silhouette.","breadcrumb":{"@id":"https:\/\/www.koonings.com\/fr\/product\/ladybird-bhranti-lb125ce1\/#breadcrumb"},"inLanguage":"fr-FR","potentialAction":[{"@type":"ReadAction","target":["https:\/\/www.koonings.com\/fr\/product\/ladybird-bhranti-lb125ce1\/"]}]},{"@type":"ImageObject","inLanguage":"fr-FR","@id":"https:\/\/www.koonings.com\/fr\/product\/ladybird-bhranti-lb125ce1\/#primaryimage","url":"https:\/\/www.koonings.com\/wp-content\/uploads\/2024\/11\/48950_e25c773b17cd33f6533f51df6ed7039cf388459901ecdfe6b91dfb22daf74348f4de571f-scaled.jpeg","contentUrl":"https:\/\/www.koonings.com\/wp-content\/uploads\/2024\/11\/48950_e25c773b17cd33f6533f51df6ed7039cf388459901ecdfe6b91dfb22daf74348f4de571f-scaled.jpeg","width":1811,"height":2560},{"@type":"BreadcrumbList","@id":"https:\/\/www.koonings.com\/fr\/product\/ladybird-bhranti-lb125ce1\/#breadcrumb","itemListElement":[{"@type":"ListItem","position":1,"name":"Home","item":"https:\/\/www.koonings.com\/fr\/"},{"@type":"ListItem","position":2,"name":"Ladybird Bhranti LB125CE1"}]},{"@type":"WebSite","@id":"https:\/\/www.koonings.com\/fr\/#website","url":"https:\/\/www.koonings.com\/fr\/","name":"Koonings","description":"De grootste bruidsmodewinkel ter wereld","publisher":{"@id":"https:\/\/www.koonings.com\/fr\/#organization"},"potentialAction":[{"@type":"SearchAction","target":{"@type":"EntryPoint","urlTemplate":"https:\/\/www.koonings.com\/fr\/?s={search_term_string}"},"query-input":{"@type":"PropertyValueSpecification","valueRequired":true,"valueName":"search_term_string"}}],"inLanguage":"fr-FR"},{"@type":"Organization","@id":"https:\/\/www.koonings.com\/fr\/#organization","name":"Koonings","url":"https:\/\/www.koonings.com\/fr\/","logo":{"@type":"ImageObject","inLanguage":"fr-FR","@id":"https:\/\/www.koonings.com\/fr\/#\/schema\/logo\/image\/","url":"https:\/\/www.koonings.com\/wp-content\/uploads\/2024\/07\/logo.png","contentUrl":"https:\/\/www.koonings.com\/wp-content\/uploads\/2024\/07\/logo.png","width":600,"height":428,"caption":"Koonings"},"image":{"@id":"https:\/\/www.koonings.com\/fr\/#\/schema\/logo\/image\/"},"sameAs":["https:\/\/www.facebook.com\/kooningstheweddingpalace","https:\/\/www.instagram.com\/kooningstheweddingpalace","https:\/\/www.pinterest.com\/koonings","https:\/\/www.youtube.com\/kooningstheweddingpalace"]}]}},"_links":{"self":[{"href":"https:\/\/www.koonings.com\/fr\/wp-json\/wp\/v2\/product\/79038","targetHints":{"allow":["GET"]}}],"collection":[{"href":"https:\/\/www.koonings.com\/fr\/wp-json\/wp\/v2\/product"}],"about":[{"href":"https:\/\/www.koonings.com\/fr\/wp-json\/wp\/v2\/types\/product"}],"wp:featuredmedia":[{"embeddable":true,"href":"https:\/\/www.koonings.com\/fr\/wp-json\/wp\/v2\/media\/68540"}],"wp:attachment":[{"href":"https:\/\/www.koonings.com\/fr\/wp-json\/wp\/v2\/media?parent=79038"}],"wp:term":[{"taxonomy":"productdetails","embeddable":true,"href":"https:\/\/www.koonings.com\/fr\/wp-json\/wp\/v2\/productdetails?post=79038"},{"taxonomy":"productneck","embeddable":true,"href":"https:\/\/www.koonings.com\/fr\/wp-json\/wp\/v2\/productneck?post=79038"},{"taxonomy":"productcolor","embeddable":true,"href":"https:\/\/www.koonings.com\/fr\/wp-json\/wp\/v2\/productcolor?post=79038"},{"taxonomy":"maat","embeddable":true,"href":"https:\/\/www.koonings.com\/fr\/wp-json\/wp\/v2\/maat?post=79038"},{"taxonomy":"productsupplier","embeddable":true,"href":"https:\/\/www.koonings.com\/fr\/wp-json\/wp\/v2\/productsupplier?post=79038"},{"taxonomy":"productsleeve","embeddable":true,"href":"https:\/\/www.koonings.com\/fr\/wp-json\/wp\/v2\/productsleeve?post=79038"},{"taxonomy":"productcategory","embeddable":true,"href":"https:\/\/www.koonings.com\/fr\/wp-json\/wp\/v2\/productcategory?post=79038"},{"taxonomy":"productsilhouette","embeddable":true,"href":"https:\/\/www.koonings.com\/fr\/wp-json\/wp\/v2\/productsilhouette?post=79038"},{"taxonomy":"productstyle","embeddable":true,"href":"https:\/\/www.koonings.com\/fr\/wp-json\/wp\/v2\/productstyle?post=79038"}],"curies":[{"name":"wp","href":"https:\/\/api.w.org\/{rel}","templated":true}]}}