{"id":79008,"date":"2026-04-14T16:06:42","date_gmt":"2026-04-14T14:06:42","guid":{"rendered":"https:\/\/www.koonings.com\/product\/demetrios-1115\/"},"modified":"2026-02-16T14:50:09","modified_gmt":"2026-02-16T13:50:09","slug":"demetrios-1115","status":"publish","type":"product","link":"https:\/\/www.koonings.com\/fr\/product\/demetrios-1115\/","title":{"rendered":"Demetrios 1115"},"content":{"rendered":"<p>Cette robe de mari\u00e9e vous donnera une allure extravagante. Cela est d\u00fb en partie \u00e0 sa silhouette de sir\u00e8ne extr\u00eame et \u00e0 sa tra\u00eene ronde. Toute la robe est compos\u00e9e de dentelle d\u00e9licate. Le corsage est tr\u00e8s d\u00e9collet\u00e9, sans \u00eatre trop voyant. Les fines bretelles se terminent par une coupe en V dans le dos.    <\/p>\n","protected":false},"featured_media":68783,"template":"","meta":{"_acf_changed":false,"ghostkit_customizer_options":"","ghostkit_custom_css":"","ghostkit_custom_js_head":"","ghostkit_custom_js_foot":"","ghostkit_typography":""},"productdetails":[],"productneck":[356],"productcolor":[393,392],"maat":[],"productsupplier":[402],"productsleeve":[359],"productcategory":[18],"productsilhouette":[387,390],"productstyle":[],"class_list":["post-79008","product","type-product","status-publish","has-post-thumbnail","hentry","productneck-356","productcolor-393","productcolor-392","productsupplier-demetrios","productsleeve-359","productcategory-trouwjurken","productsilhouette-387","productsilhouette-390"],"acf":[],"yoast_head":"<!-- This site is optimized with the Yoast SEO plugin v27.3 - https:\/\/yoast.com\/product\/yoast-seo-wordpress\/ -->\n<title>Demetrios 1115 | Koonings<\/title>\n<meta name=\"description\" content=\"Cette robe de mari\u00e9e vous donnera une allure extravagante. Cela est d\u00fb en partie \u00e0 sa silhouette de sir\u00e8ne extr\u00eame et \u00e0 sa tra\u00eene ronde. Toute la robe est compos\u00e9e de dentelle d\u00e9licate. Le corsage est tr\u00e8s d\u00e9collet\u00e9, sans \u00eatre trop voyant. Les fines bretelles se terminent par une coupe en V dans le dos.\" \/>\n<meta name=\"robots\" content=\"index, follow, max-snippet:-1, max-image-preview:large, max-video-preview:-1\" \/>\n<link rel=\"canonical\" href=\"https:\/\/www.koonings.com\/fr\/product\/demetrios-1115\/\" \/>\n<meta property=\"og:locale\" content=\"fr_FR\" \/>\n<meta property=\"og:type\" content=\"article\" \/>\n<meta property=\"og:title\" content=\"Demetrios 1115 | Koonings\" \/>\n<meta property=\"og:description\" content=\"Cette robe de mari\u00e9e vous donnera une allure extravagante. Cela est d\u00fb en partie \u00e0 sa silhouette de sir\u00e8ne extr\u00eame et \u00e0 sa tra\u00eene ronde. Toute la robe est compos\u00e9e de dentelle d\u00e9licate. Le corsage est tr\u00e8s d\u00e9collet\u00e9, sans \u00eatre trop voyant. Les fines bretelles se terminent par une coupe en V dans le dos.\" \/>\n<meta property=\"og:url\" content=\"https:\/\/www.koonings.com\/fr\/product\/demetrios-1115\/\" \/>\n<meta property=\"og:site_name\" content=\"Koonings\" \/>\n<meta property=\"article:publisher\" content=\"https:\/\/www.facebook.com\/kooningstheweddingpalace\" \/>\n<meta property=\"og:image\" content=\"https:\/\/www.koonings.com\/wp-content\/uploads\/2024\/11\/32671_b6d90c3e64e83170efa6706ccca4fa5202bdef8bb25219b7b44e656e1bf4068ba8df5ff4-scaled.jpeg\" \/>\n\t<meta property=\"og:image:width\" content=\"1811\" \/>\n\t<meta property=\"og:image:height\" content=\"2560\" \/>\n\t<meta property=\"og:image:type\" content=\"image\/jpeg\" \/>\n<meta name=\"twitter:card\" content=\"summary_large_image\" \/>\n<script type=\"application\/ld+json\" class=\"yoast-schema-graph\">{\"@context\":\"https:\\\/\\\/schema.org\",\"@graph\":[{\"@type\":\"WebPage\",\"@id\":\"https:\\\/\\\/www.koonings.com\\\/fr\\\/product\\\/demetrios-1115\\\/\",\"url\":\"https:\\\/\\\/www.koonings.com\\\/fr\\\/product\\\/demetrios-1115\\\/\",\"name\":\"Demetrios 1115 | Koonings\",\"isPartOf\":{\"@id\":\"https:\\\/\\\/www.koonings.com\\\/fr\\\/#website\"},\"primaryImageOfPage\":{\"@id\":\"https:\\\/\\\/www.koonings.com\\\/fr\\\/product\\\/demetrios-1115\\\/#primaryimage\"},\"image\":{\"@id\":\"https:\\\/\\\/www.koonings.com\\\/fr\\\/product\\\/demetrios-1115\\\/#primaryimage\"},\"thumbnailUrl\":\"https:\\\/\\\/www.koonings.com\\\/wp-content\\\/uploads\\\/2024\\\/11\\\/32671_b6d90c3e64e83170efa6706ccca4fa5202bdef8bb25219b7b44e656e1bf4068ba8df5ff4-scaled.jpeg\",\"datePublished\":\"2026-04-14T14:06:42+00:00\",\"description\":\"Cette robe de mari\u00e9e vous donnera une allure extravagante. Cela est d\u00fb en partie \u00e0 sa silhouette de sir\u00e8ne extr\u00eame et \u00e0 sa tra\u00eene ronde. Toute la robe est compos\u00e9e de dentelle d\u00e9licate. Le corsage est tr\u00e8s d\u00e9collet\u00e9, sans \u00eatre trop voyant. Les fines bretelles se terminent par une coupe en V dans le dos.\",\"breadcrumb\":{\"@id\":\"https:\\\/\\\/www.koonings.com\\\/fr\\\/product\\\/demetrios-1115\\\/#breadcrumb\"},\"inLanguage\":\"fr-FR\",\"potentialAction\":[{\"@type\":\"ReadAction\",\"target\":[\"https:\\\/\\\/www.koonings.com\\\/fr\\\/product\\\/demetrios-1115\\\/\"]}]},{\"@type\":\"ImageObject\",\"inLanguage\":\"fr-FR\",\"@id\":\"https:\\\/\\\/www.koonings.com\\\/fr\\\/product\\\/demetrios-1115\\\/#primaryimage\",\"url\":\"https:\\\/\\\/www.koonings.com\\\/wp-content\\\/uploads\\\/2024\\\/11\\\/32671_b6d90c3e64e83170efa6706ccca4fa5202bdef8bb25219b7b44e656e1bf4068ba8df5ff4-scaled.jpeg\",\"contentUrl\":\"https:\\\/\\\/www.koonings.com\\\/wp-content\\\/uploads\\\/2024\\\/11\\\/32671_b6d90c3e64e83170efa6706ccca4fa5202bdef8bb25219b7b44e656e1bf4068ba8df5ff4-scaled.jpeg\",\"width\":1811,\"height\":2560},{\"@type\":\"BreadcrumbList\",\"@id\":\"https:\\\/\\\/www.koonings.com\\\/fr\\\/product\\\/demetrios-1115\\\/#breadcrumb\",\"itemListElement\":[{\"@type\":\"ListItem\",\"position\":1,\"name\":\"Home\",\"item\":\"https:\\\/\\\/www.koonings.com\\\/fr\\\/\"},{\"@type\":\"ListItem\",\"position\":2,\"name\":\"Demetrios 1115\"}]},{\"@type\":\"WebSite\",\"@id\":\"https:\\\/\\\/www.koonings.com\\\/fr\\\/#website\",\"url\":\"https:\\\/\\\/www.koonings.com\\\/fr\\\/\",\"name\":\"Koonings\",\"description\":\"De grootste bruidsmodewinkel ter wereld\",\"publisher\":{\"@id\":\"https:\\\/\\\/www.koonings.com\\\/fr\\\/#organization\"},\"potentialAction\":[{\"@type\":\"SearchAction\",\"target\":{\"@type\":\"EntryPoint\",\"urlTemplate\":\"https:\\\/\\\/www.koonings.com\\\/fr\\\/?s={search_term_string}\"},\"query-input\":{\"@type\":\"PropertyValueSpecification\",\"valueRequired\":true,\"valueName\":\"search_term_string\"}}],\"inLanguage\":\"fr-FR\"},{\"@type\":\"Organization\",\"@id\":\"https:\\\/\\\/www.koonings.com\\\/fr\\\/#organization\",\"name\":\"Koonings\",\"url\":\"https:\\\/\\\/www.koonings.com\\\/fr\\\/\",\"logo\":{\"@type\":\"ImageObject\",\"inLanguage\":\"fr-FR\",\"@id\":\"https:\\\/\\\/www.koonings.com\\\/fr\\\/#\\\/schema\\\/logo\\\/image\\\/\",\"url\":\"https:\\\/\\\/www.koonings.com\\\/wp-content\\\/uploads\\\/2024\\\/07\\\/logo.png\",\"contentUrl\":\"https:\\\/\\\/www.koonings.com\\\/wp-content\\\/uploads\\\/2024\\\/07\\\/logo.png\",\"width\":600,\"height\":428,\"caption\":\"Koonings\"},\"image\":{\"@id\":\"https:\\\/\\\/www.koonings.com\\\/fr\\\/#\\\/schema\\\/logo\\\/image\\\/\"},\"sameAs\":[\"https:\\\/\\\/www.facebook.com\\\/kooningstheweddingpalace\",\"https:\\\/\\\/www.instagram.com\\\/kooningstheweddingpalace\",\"https:\\\/\\\/www.pinterest.com\\\/koonings\",\"https:\\\/\\\/www.youtube.com\\\/kooningstheweddingpalace\"]}]}<\/script>\n<!-- \/ Yoast SEO plugin. -->","yoast_head_json":{"title":"Demetrios 1115 | Koonings","description":"Cette robe de mari\u00e9e vous donnera une allure extravagante. Cela est d\u00fb en partie \u00e0 sa silhouette de sir\u00e8ne extr\u00eame et \u00e0 sa tra\u00eene ronde. Toute la robe est compos\u00e9e de dentelle d\u00e9licate. Le corsage est tr\u00e8s d\u00e9collet\u00e9, sans \u00eatre trop voyant. Les fines bretelles se terminent par une coupe en V dans le dos.","robots":{"index":"index","follow":"follow","max-snippet":"max-snippet:-1","max-image-preview":"max-image-preview:large","max-video-preview":"max-video-preview:-1"},"canonical":"https:\/\/www.koonings.com\/fr\/product\/demetrios-1115\/","og_locale":"fr_FR","og_type":"article","og_title":"Demetrios 1115 | Koonings","og_description":"Cette robe de mari\u00e9e vous donnera une allure extravagante. Cela est d\u00fb en partie \u00e0 sa silhouette de sir\u00e8ne extr\u00eame et \u00e0 sa tra\u00eene ronde. Toute la robe est compos\u00e9e de dentelle d\u00e9licate. Le corsage est tr\u00e8s d\u00e9collet\u00e9, sans \u00eatre trop voyant. Les fines bretelles se terminent par une coupe en V dans le dos.","og_url":"https:\/\/www.koonings.com\/fr\/product\/demetrios-1115\/","og_site_name":"Koonings","article_publisher":"https:\/\/www.facebook.com\/kooningstheweddingpalace","og_image":[{"width":1811,"height":2560,"url":"https:\/\/www.koonings.com\/wp-content\/uploads\/2024\/11\/32671_b6d90c3e64e83170efa6706ccca4fa5202bdef8bb25219b7b44e656e1bf4068ba8df5ff4-scaled.jpeg","type":"image\/jpeg"}],"twitter_card":"summary_large_image","schema":{"@context":"https:\/\/schema.org","@graph":[{"@type":"WebPage","@id":"https:\/\/www.koonings.com\/fr\/product\/demetrios-1115\/","url":"https:\/\/www.koonings.com\/fr\/product\/demetrios-1115\/","name":"Demetrios 1115 | Koonings","isPartOf":{"@id":"https:\/\/www.koonings.com\/fr\/#website"},"primaryImageOfPage":{"@id":"https:\/\/www.koonings.com\/fr\/product\/demetrios-1115\/#primaryimage"},"image":{"@id":"https:\/\/www.koonings.com\/fr\/product\/demetrios-1115\/#primaryimage"},"thumbnailUrl":"https:\/\/www.koonings.com\/wp-content\/uploads\/2024\/11\/32671_b6d90c3e64e83170efa6706ccca4fa5202bdef8bb25219b7b44e656e1bf4068ba8df5ff4-scaled.jpeg","datePublished":"2026-04-14T14:06:42+00:00","description":"Cette robe de mari\u00e9e vous donnera une allure extravagante. Cela est d\u00fb en partie \u00e0 sa silhouette de sir\u00e8ne extr\u00eame et \u00e0 sa tra\u00eene ronde. Toute la robe est compos\u00e9e de dentelle d\u00e9licate. Le corsage est tr\u00e8s d\u00e9collet\u00e9, sans \u00eatre trop voyant. Les fines bretelles se terminent par une coupe en V dans le dos.","breadcrumb":{"@id":"https:\/\/www.koonings.com\/fr\/product\/demetrios-1115\/#breadcrumb"},"inLanguage":"fr-FR","potentialAction":[{"@type":"ReadAction","target":["https:\/\/www.koonings.com\/fr\/product\/demetrios-1115\/"]}]},{"@type":"ImageObject","inLanguage":"fr-FR","@id":"https:\/\/www.koonings.com\/fr\/product\/demetrios-1115\/#primaryimage","url":"https:\/\/www.koonings.com\/wp-content\/uploads\/2024\/11\/32671_b6d90c3e64e83170efa6706ccca4fa5202bdef8bb25219b7b44e656e1bf4068ba8df5ff4-scaled.jpeg","contentUrl":"https:\/\/www.koonings.com\/wp-content\/uploads\/2024\/11\/32671_b6d90c3e64e83170efa6706ccca4fa5202bdef8bb25219b7b44e656e1bf4068ba8df5ff4-scaled.jpeg","width":1811,"height":2560},{"@type":"BreadcrumbList","@id":"https:\/\/www.koonings.com\/fr\/product\/demetrios-1115\/#breadcrumb","itemListElement":[{"@type":"ListItem","position":1,"name":"Home","item":"https:\/\/www.koonings.com\/fr\/"},{"@type":"ListItem","position":2,"name":"Demetrios 1115"}]},{"@type":"WebSite","@id":"https:\/\/www.koonings.com\/fr\/#website","url":"https:\/\/www.koonings.com\/fr\/","name":"Koonings","description":"De grootste bruidsmodewinkel ter wereld","publisher":{"@id":"https:\/\/www.koonings.com\/fr\/#organization"},"potentialAction":[{"@type":"SearchAction","target":{"@type":"EntryPoint","urlTemplate":"https:\/\/www.koonings.com\/fr\/?s={search_term_string}"},"query-input":{"@type":"PropertyValueSpecification","valueRequired":true,"valueName":"search_term_string"}}],"inLanguage":"fr-FR"},{"@type":"Organization","@id":"https:\/\/www.koonings.com\/fr\/#organization","name":"Koonings","url":"https:\/\/www.koonings.com\/fr\/","logo":{"@type":"ImageObject","inLanguage":"fr-FR","@id":"https:\/\/www.koonings.com\/fr\/#\/schema\/logo\/image\/","url":"https:\/\/www.koonings.com\/wp-content\/uploads\/2024\/07\/logo.png","contentUrl":"https:\/\/www.koonings.com\/wp-content\/uploads\/2024\/07\/logo.png","width":600,"height":428,"caption":"Koonings"},"image":{"@id":"https:\/\/www.koonings.com\/fr\/#\/schema\/logo\/image\/"},"sameAs":["https:\/\/www.facebook.com\/kooningstheweddingpalace","https:\/\/www.instagram.com\/kooningstheweddingpalace","https:\/\/www.pinterest.com\/koonings","https:\/\/www.youtube.com\/kooningstheweddingpalace"]}]}},"_links":{"self":[{"href":"https:\/\/www.koonings.com\/fr\/wp-json\/wp\/v2\/product\/79008","targetHints":{"allow":["GET"]}}],"collection":[{"href":"https:\/\/www.koonings.com\/fr\/wp-json\/wp\/v2\/product"}],"about":[{"href":"https:\/\/www.koonings.com\/fr\/wp-json\/wp\/v2\/types\/product"}],"wp:featuredmedia":[{"embeddable":true,"href":"https:\/\/www.koonings.com\/fr\/wp-json\/wp\/v2\/media\/68783"}],"wp:attachment":[{"href":"https:\/\/www.koonings.com\/fr\/wp-json\/wp\/v2\/media?parent=79008"}],"wp:term":[{"taxonomy":"productdetails","embeddable":true,"href":"https:\/\/www.koonings.com\/fr\/wp-json\/wp\/v2\/productdetails?post=79008"},{"taxonomy":"productneck","embeddable":true,"href":"https:\/\/www.koonings.com\/fr\/wp-json\/wp\/v2\/productneck?post=79008"},{"taxonomy":"productcolor","embeddable":true,"href":"https:\/\/www.koonings.com\/fr\/wp-json\/wp\/v2\/productcolor?post=79008"},{"taxonomy":"maat","embeddable":true,"href":"https:\/\/www.koonings.com\/fr\/wp-json\/wp\/v2\/maat?post=79008"},{"taxonomy":"productsupplier","embeddable":true,"href":"https:\/\/www.koonings.com\/fr\/wp-json\/wp\/v2\/productsupplier?post=79008"},{"taxonomy":"productsleeve","embeddable":true,"href":"https:\/\/www.koonings.com\/fr\/wp-json\/wp\/v2\/productsleeve?post=79008"},{"taxonomy":"productcategory","embeddable":true,"href":"https:\/\/www.koonings.com\/fr\/wp-json\/wp\/v2\/productcategory?post=79008"},{"taxonomy":"productsilhouette","embeddable":true,"href":"https:\/\/www.koonings.com\/fr\/wp-json\/wp\/v2\/productsilhouette?post=79008"},{"taxonomy":"productstyle","embeddable":true,"href":"https:\/\/www.koonings.com\/fr\/wp-json\/wp\/v2\/productstyle?post=79008"}],"curies":[{"name":"wp","href":"https:\/\/api.w.org\/{rel}","templated":true}]}}