{"id":78986,"date":"2026-05-06T15:02:38","date_gmt":"2026-05-06T13:02:38","guid":{"rendered":"https:\/\/www.koonings.com\/product\/yi-ju-1580\/"},"modified":"2026-02-16T14:50:28","modified_gmt":"2026-02-16T13:50:28","slug":"yi-ju-1580","status":"publish","type":"product","link":"https:\/\/www.koonings.com\/fr\/product\/yi-ju-1580\/","title":{"rendered":"Yi Ju 1580"},"content":{"rendered":"<p>Le mod\u00e8le 1580 de Yi Ju est une robe de mari\u00e9e \u00e9l\u00e9gante qui respire la sophistication et le romantisme. Elle associe des tissus luxueux \u00e0 une silhouette parfaitement coup\u00e9e, qui met subtilement en valeur les formes f\u00e9minines. La robe a un aspect classique, mais avec des touches modernes qui lui conf\u00e8rent un charme intemporel. Elle est id\u00e9ale pour les mari\u00e9es qui recherchent un look sophistiqu\u00e9 et \u00e9l\u00e9gant, dans lequel elles se sentiront s\u00fbres d&#8217;elles et \u00e9blouissantes le jour de leur mariage.   <\/p>\n","protected":false},"featured_media":68959,"template":"","meta":{"_acf_changed":false,"ghostkit_customizer_options":"","ghostkit_custom_css":"","ghostkit_custom_js_head":"","ghostkit_custom_js_foot":"","ghostkit_typography":""},"productdetails":[376],"productneck":[349],"productcolor":[392],"maat":[],"productsupplier":[485],"productsleeve":[361],"productcategory":[18],"productsilhouette":[384],"productstyle":[367],"class_list":["post-78986","product","type-product","status-publish","has-post-thumbnail","hentry","productdetails-376","productneck-349","productcolor-392","productsupplier-yi-ju","productsleeve-361","productcategory-trouwjurken","productsilhouette-384","productstyle-367"],"acf":[],"yoast_head":"<!-- This site is optimized with the Yoast SEO plugin v27.3 - https:\/\/yoast.com\/product\/yoast-seo-wordpress\/ -->\n<title>Yi Ju 1580 | Koonings<\/title>\n<meta name=\"description\" content=\"Le mod\u00e8le 1580 de Yi Ju est une robe de mari\u00e9e \u00e9l\u00e9gante qui respire la sophistication et le romantisme. Elle associe des tissus luxueux \u00e0 une silhouette parfaitement coup\u00e9e, qui met subtilement en valeur les formes f\u00e9minines. La robe a un aspect classique, mais avec des touches modernes qui lui conf\u00e8rent un charme intemporel. Elle est id\u00e9ale pour les mari\u00e9es qui recherchent un look sophistiqu\u00e9 et \u00e9l\u00e9gant, dans lequel elles se sentiront s\u00fbres d&#039;elles et \u00e9blouissantes le jour de leur mariage.\" \/>\n<meta name=\"robots\" content=\"index, follow, max-snippet:-1, max-image-preview:large, max-video-preview:-1\" \/>\n<link rel=\"canonical\" href=\"https:\/\/www.koonings.com\/fr\/product\/yi-ju-1580\/\" \/>\n<meta property=\"og:locale\" content=\"fr_FR\" \/>\n<meta property=\"og:type\" content=\"article\" \/>\n<meta property=\"og:title\" content=\"Yi Ju 1580 | Koonings\" \/>\n<meta property=\"og:description\" content=\"Le mod\u00e8le 1580 de Yi Ju est une robe de mari\u00e9e \u00e9l\u00e9gante qui respire la sophistication et le romantisme. Elle associe des tissus luxueux \u00e0 une silhouette parfaitement coup\u00e9e, qui met subtilement en valeur les formes f\u00e9minines. La robe a un aspect classique, mais avec des touches modernes qui lui conf\u00e8rent un charme intemporel. Elle est id\u00e9ale pour les mari\u00e9es qui recherchent un look sophistiqu\u00e9 et \u00e9l\u00e9gant, dans lequel elles se sentiront s\u00fbres d&#039;elles et \u00e9blouissantes le jour de leur mariage.\" \/>\n<meta property=\"og:url\" content=\"https:\/\/www.koonings.com\/fr\/product\/yi-ju-1580\/\" \/>\n<meta property=\"og:site_name\" content=\"Koonings\" \/>\n<meta property=\"article:publisher\" content=\"https:\/\/www.facebook.com\/kooningstheweddingpalace\" \/>\n<meta property=\"og:image\" content=\"https:\/\/www.koonings.com\/wp-content\/uploads\/2024\/11\/12698_0e3d8ba01ba310c27e85ae22240a3a3ff1934906c9237f15576b7db1a715237807b32e62-scaled.jpeg\" \/>\n\t<meta property=\"og:image:width\" content=\"1809\" \/>\n\t<meta property=\"og:image:height\" content=\"2560\" \/>\n\t<meta property=\"og:image:type\" content=\"image\/jpeg\" \/>\n<meta name=\"twitter:card\" content=\"summary_large_image\" \/>\n<script type=\"application\/ld+json\" class=\"yoast-schema-graph\">{\"@context\":\"https:\\\/\\\/schema.org\",\"@graph\":[{\"@type\":\"WebPage\",\"@id\":\"https:\\\/\\\/www.koonings.com\\\/fr\\\/product\\\/yi-ju-1580\\\/\",\"url\":\"https:\\\/\\\/www.koonings.com\\\/fr\\\/product\\\/yi-ju-1580\\\/\",\"name\":\"Yi Ju 1580 | Koonings\",\"isPartOf\":{\"@id\":\"https:\\\/\\\/www.koonings.com\\\/fr\\\/#website\"},\"primaryImageOfPage\":{\"@id\":\"https:\\\/\\\/www.koonings.com\\\/fr\\\/product\\\/yi-ju-1580\\\/#primaryimage\"},\"image\":{\"@id\":\"https:\\\/\\\/www.koonings.com\\\/fr\\\/product\\\/yi-ju-1580\\\/#primaryimage\"},\"thumbnailUrl\":\"https:\\\/\\\/www.koonings.com\\\/wp-content\\\/uploads\\\/2024\\\/11\\\/12698_0e3d8ba01ba310c27e85ae22240a3a3ff1934906c9237f15576b7db1a715237807b32e62-scaled.jpeg\",\"datePublished\":\"2026-05-06T13:02:38+00:00\",\"description\":\"Le mod\u00e8le 1580 de Yi Ju est une robe de mari\u00e9e \u00e9l\u00e9gante qui respire la sophistication et le romantisme. Elle associe des tissus luxueux \u00e0 une silhouette parfaitement coup\u00e9e, qui met subtilement en valeur les formes f\u00e9minines. La robe a un aspect classique, mais avec des touches modernes qui lui conf\u00e8rent un charme intemporel. Elle est id\u00e9ale pour les mari\u00e9es qui recherchent un look sophistiqu\u00e9 et \u00e9l\u00e9gant, dans lequel elles se sentiront s\u00fbres d'elles et \u00e9blouissantes le jour de leur mariage.\",\"breadcrumb\":{\"@id\":\"https:\\\/\\\/www.koonings.com\\\/fr\\\/product\\\/yi-ju-1580\\\/#breadcrumb\"},\"inLanguage\":\"fr-FR\",\"potentialAction\":[{\"@type\":\"ReadAction\",\"target\":[\"https:\\\/\\\/www.koonings.com\\\/fr\\\/product\\\/yi-ju-1580\\\/\"]}]},{\"@type\":\"ImageObject\",\"inLanguage\":\"fr-FR\",\"@id\":\"https:\\\/\\\/www.koonings.com\\\/fr\\\/product\\\/yi-ju-1580\\\/#primaryimage\",\"url\":\"https:\\\/\\\/www.koonings.com\\\/wp-content\\\/uploads\\\/2024\\\/11\\\/12698_0e3d8ba01ba310c27e85ae22240a3a3ff1934906c9237f15576b7db1a715237807b32e62-scaled.jpeg\",\"contentUrl\":\"https:\\\/\\\/www.koonings.com\\\/wp-content\\\/uploads\\\/2024\\\/11\\\/12698_0e3d8ba01ba310c27e85ae22240a3a3ff1934906c9237f15576b7db1a715237807b32e62-scaled.jpeg\",\"width\":1809,\"height\":2560},{\"@type\":\"BreadcrumbList\",\"@id\":\"https:\\\/\\\/www.koonings.com\\\/fr\\\/product\\\/yi-ju-1580\\\/#breadcrumb\",\"itemListElement\":[{\"@type\":\"ListItem\",\"position\":1,\"name\":\"Home\",\"item\":\"https:\\\/\\\/www.koonings.com\\\/fr\\\/\"},{\"@type\":\"ListItem\",\"position\":2,\"name\":\"Yi Ju 1580\"}]},{\"@type\":\"WebSite\",\"@id\":\"https:\\\/\\\/www.koonings.com\\\/fr\\\/#website\",\"url\":\"https:\\\/\\\/www.koonings.com\\\/fr\\\/\",\"name\":\"Koonings\",\"description\":\"De grootste bruidsmodewinkel ter wereld\",\"publisher\":{\"@id\":\"https:\\\/\\\/www.koonings.com\\\/fr\\\/#organization\"},\"potentialAction\":[{\"@type\":\"SearchAction\",\"target\":{\"@type\":\"EntryPoint\",\"urlTemplate\":\"https:\\\/\\\/www.koonings.com\\\/fr\\\/?s={search_term_string}\"},\"query-input\":{\"@type\":\"PropertyValueSpecification\",\"valueRequired\":true,\"valueName\":\"search_term_string\"}}],\"inLanguage\":\"fr-FR\"},{\"@type\":\"Organization\",\"@id\":\"https:\\\/\\\/www.koonings.com\\\/fr\\\/#organization\",\"name\":\"Koonings\",\"url\":\"https:\\\/\\\/www.koonings.com\\\/fr\\\/\",\"logo\":{\"@type\":\"ImageObject\",\"inLanguage\":\"fr-FR\",\"@id\":\"https:\\\/\\\/www.koonings.com\\\/fr\\\/#\\\/schema\\\/logo\\\/image\\\/\",\"url\":\"https:\\\/\\\/www.koonings.com\\\/wp-content\\\/uploads\\\/2024\\\/07\\\/logo.png\",\"contentUrl\":\"https:\\\/\\\/www.koonings.com\\\/wp-content\\\/uploads\\\/2024\\\/07\\\/logo.png\",\"width\":600,\"height\":428,\"caption\":\"Koonings\"},\"image\":{\"@id\":\"https:\\\/\\\/www.koonings.com\\\/fr\\\/#\\\/schema\\\/logo\\\/image\\\/\"},\"sameAs\":[\"https:\\\/\\\/www.facebook.com\\\/kooningstheweddingpalace\",\"https:\\\/\\\/www.instagram.com\\\/kooningstheweddingpalace\",\"https:\\\/\\\/www.pinterest.com\\\/koonings\",\"https:\\\/\\\/www.youtube.com\\\/kooningstheweddingpalace\"]}]}<\/script>\n<!-- \/ Yoast SEO plugin. -->","yoast_head_json":{"title":"Yi Ju 1580 | Koonings","description":"Le mod\u00e8le 1580 de Yi Ju est une robe de mari\u00e9e \u00e9l\u00e9gante qui respire la sophistication et le romantisme. Elle associe des tissus luxueux \u00e0 une silhouette parfaitement coup\u00e9e, qui met subtilement en valeur les formes f\u00e9minines. La robe a un aspect classique, mais avec des touches modernes qui lui conf\u00e8rent un charme intemporel. Elle est id\u00e9ale pour les mari\u00e9es qui recherchent un look sophistiqu\u00e9 et \u00e9l\u00e9gant, dans lequel elles se sentiront s\u00fbres d'elles et \u00e9blouissantes le jour de leur mariage.","robots":{"index":"index","follow":"follow","max-snippet":"max-snippet:-1","max-image-preview":"max-image-preview:large","max-video-preview":"max-video-preview:-1"},"canonical":"https:\/\/www.koonings.com\/fr\/product\/yi-ju-1580\/","og_locale":"fr_FR","og_type":"article","og_title":"Yi Ju 1580 | Koonings","og_description":"Le mod\u00e8le 1580 de Yi Ju est une robe de mari\u00e9e \u00e9l\u00e9gante qui respire la sophistication et le romantisme. Elle associe des tissus luxueux \u00e0 une silhouette parfaitement coup\u00e9e, qui met subtilement en valeur les formes f\u00e9minines. La robe a un aspect classique, mais avec des touches modernes qui lui conf\u00e8rent un charme intemporel. Elle est id\u00e9ale pour les mari\u00e9es qui recherchent un look sophistiqu\u00e9 et \u00e9l\u00e9gant, dans lequel elles se sentiront s\u00fbres d'elles et \u00e9blouissantes le jour de leur mariage.","og_url":"https:\/\/www.koonings.com\/fr\/product\/yi-ju-1580\/","og_site_name":"Koonings","article_publisher":"https:\/\/www.facebook.com\/kooningstheweddingpalace","og_image":[{"width":1809,"height":2560,"url":"https:\/\/www.koonings.com\/wp-content\/uploads\/2024\/11\/12698_0e3d8ba01ba310c27e85ae22240a3a3ff1934906c9237f15576b7db1a715237807b32e62-scaled.jpeg","type":"image\/jpeg"}],"twitter_card":"summary_large_image","schema":{"@context":"https:\/\/schema.org","@graph":[{"@type":"WebPage","@id":"https:\/\/www.koonings.com\/fr\/product\/yi-ju-1580\/","url":"https:\/\/www.koonings.com\/fr\/product\/yi-ju-1580\/","name":"Yi Ju 1580 | Koonings","isPartOf":{"@id":"https:\/\/www.koonings.com\/fr\/#website"},"primaryImageOfPage":{"@id":"https:\/\/www.koonings.com\/fr\/product\/yi-ju-1580\/#primaryimage"},"image":{"@id":"https:\/\/www.koonings.com\/fr\/product\/yi-ju-1580\/#primaryimage"},"thumbnailUrl":"https:\/\/www.koonings.com\/wp-content\/uploads\/2024\/11\/12698_0e3d8ba01ba310c27e85ae22240a3a3ff1934906c9237f15576b7db1a715237807b32e62-scaled.jpeg","datePublished":"2026-05-06T13:02:38+00:00","description":"Le mod\u00e8le 1580 de Yi Ju est une robe de mari\u00e9e \u00e9l\u00e9gante qui respire la sophistication et le romantisme. Elle associe des tissus luxueux \u00e0 une silhouette parfaitement coup\u00e9e, qui met subtilement en valeur les formes f\u00e9minines. La robe a un aspect classique, mais avec des touches modernes qui lui conf\u00e8rent un charme intemporel. Elle est id\u00e9ale pour les mari\u00e9es qui recherchent un look sophistiqu\u00e9 et \u00e9l\u00e9gant, dans lequel elles se sentiront s\u00fbres d'elles et \u00e9blouissantes le jour de leur mariage.","breadcrumb":{"@id":"https:\/\/www.koonings.com\/fr\/product\/yi-ju-1580\/#breadcrumb"},"inLanguage":"fr-FR","potentialAction":[{"@type":"ReadAction","target":["https:\/\/www.koonings.com\/fr\/product\/yi-ju-1580\/"]}]},{"@type":"ImageObject","inLanguage":"fr-FR","@id":"https:\/\/www.koonings.com\/fr\/product\/yi-ju-1580\/#primaryimage","url":"https:\/\/www.koonings.com\/wp-content\/uploads\/2024\/11\/12698_0e3d8ba01ba310c27e85ae22240a3a3ff1934906c9237f15576b7db1a715237807b32e62-scaled.jpeg","contentUrl":"https:\/\/www.koonings.com\/wp-content\/uploads\/2024\/11\/12698_0e3d8ba01ba310c27e85ae22240a3a3ff1934906c9237f15576b7db1a715237807b32e62-scaled.jpeg","width":1809,"height":2560},{"@type":"BreadcrumbList","@id":"https:\/\/www.koonings.com\/fr\/product\/yi-ju-1580\/#breadcrumb","itemListElement":[{"@type":"ListItem","position":1,"name":"Home","item":"https:\/\/www.koonings.com\/fr\/"},{"@type":"ListItem","position":2,"name":"Yi Ju 1580"}]},{"@type":"WebSite","@id":"https:\/\/www.koonings.com\/fr\/#website","url":"https:\/\/www.koonings.com\/fr\/","name":"Koonings","description":"De grootste bruidsmodewinkel ter wereld","publisher":{"@id":"https:\/\/www.koonings.com\/fr\/#organization"},"potentialAction":[{"@type":"SearchAction","target":{"@type":"EntryPoint","urlTemplate":"https:\/\/www.koonings.com\/fr\/?s={search_term_string}"},"query-input":{"@type":"PropertyValueSpecification","valueRequired":true,"valueName":"search_term_string"}}],"inLanguage":"fr-FR"},{"@type":"Organization","@id":"https:\/\/www.koonings.com\/fr\/#organization","name":"Koonings","url":"https:\/\/www.koonings.com\/fr\/","logo":{"@type":"ImageObject","inLanguage":"fr-FR","@id":"https:\/\/www.koonings.com\/fr\/#\/schema\/logo\/image\/","url":"https:\/\/www.koonings.com\/wp-content\/uploads\/2024\/07\/logo.png","contentUrl":"https:\/\/www.koonings.com\/wp-content\/uploads\/2024\/07\/logo.png","width":600,"height":428,"caption":"Koonings"},"image":{"@id":"https:\/\/www.koonings.com\/fr\/#\/schema\/logo\/image\/"},"sameAs":["https:\/\/www.facebook.com\/kooningstheweddingpalace","https:\/\/www.instagram.com\/kooningstheweddingpalace","https:\/\/www.pinterest.com\/koonings","https:\/\/www.youtube.com\/kooningstheweddingpalace"]}]}},"_links":{"self":[{"href":"https:\/\/www.koonings.com\/fr\/wp-json\/wp\/v2\/product\/78986","targetHints":{"allow":["GET"]}}],"collection":[{"href":"https:\/\/www.koonings.com\/fr\/wp-json\/wp\/v2\/product"}],"about":[{"href":"https:\/\/www.koonings.com\/fr\/wp-json\/wp\/v2\/types\/product"}],"wp:featuredmedia":[{"embeddable":true,"href":"https:\/\/www.koonings.com\/fr\/wp-json\/wp\/v2\/media\/68959"}],"wp:attachment":[{"href":"https:\/\/www.koonings.com\/fr\/wp-json\/wp\/v2\/media?parent=78986"}],"wp:term":[{"taxonomy":"productdetails","embeddable":true,"href":"https:\/\/www.koonings.com\/fr\/wp-json\/wp\/v2\/productdetails?post=78986"},{"taxonomy":"productneck","embeddable":true,"href":"https:\/\/www.koonings.com\/fr\/wp-json\/wp\/v2\/productneck?post=78986"},{"taxonomy":"productcolor","embeddable":true,"href":"https:\/\/www.koonings.com\/fr\/wp-json\/wp\/v2\/productcolor?post=78986"},{"taxonomy":"maat","embeddable":true,"href":"https:\/\/www.koonings.com\/fr\/wp-json\/wp\/v2\/maat?post=78986"},{"taxonomy":"productsupplier","embeddable":true,"href":"https:\/\/www.koonings.com\/fr\/wp-json\/wp\/v2\/productsupplier?post=78986"},{"taxonomy":"productsleeve","embeddable":true,"href":"https:\/\/www.koonings.com\/fr\/wp-json\/wp\/v2\/productsleeve?post=78986"},{"taxonomy":"productcategory","embeddable":true,"href":"https:\/\/www.koonings.com\/fr\/wp-json\/wp\/v2\/productcategory?post=78986"},{"taxonomy":"productsilhouette","embeddable":true,"href":"https:\/\/www.koonings.com\/fr\/wp-json\/wp\/v2\/productsilhouette?post=78986"},{"taxonomy":"productstyle","embeddable":true,"href":"https:\/\/www.koonings.com\/fr\/wp-json\/wp\/v2\/productstyle?post=78986"}],"curies":[{"name":"wp","href":"https:\/\/api.w.org\/{rel}","templated":true}]}}