{"id":78973,"date":"2026-04-28T18:02:48","date_gmt":"2026-04-28T16:02:48","guid":{"rendered":"https:\/\/www.koonings.com\/product\/yi-ju-1572\/"},"modified":"2026-02-16T14:50:32","modified_gmt":"2026-02-16T13:50:32","slug":"yi-ju-1572","status":"publish","type":"product","link":"https:\/\/www.koonings.com\/fr\/product\/yi-ju-1572\/","title":{"rendered":"Yi Ju 1572"},"content":{"rendered":"<p>Ce mod\u00e8le est une robe de mari\u00e9e couture \u00e0 couper le souffle, originaire de Cor\u00e9e du Sud, qui respire le luxe et la sophistication. La conception associe les tissus les plus fins \u00e0 l&#8217;artisanat, ce qui permet \u00e0 la robe de cr\u00e9er une silhouette parfaite et d&#8217;accentuer \u00e9l\u00e9gamment les formes f\u00e9minines. Les finitions d\u00e9taill\u00e9es et le style intemporel font de cette robe le choix id\u00e9al pour les mari\u00e9es qui recherchent quelque chose d&#8217;unique et d&#8217;exclusif. Le mod\u00e8le 1572 de Yi Ju offre un look \u00e0 la fois classique et moderne, parfait pour un mariage o\u00f9 vous souhaitez \u00eatre sous les feux de la rampe.   <\/p>\n","protected":false},"featured_media":68969,"template":"","meta":{"_acf_changed":false,"ghostkit_customizer_options":"","ghostkit_custom_css":"","ghostkit_custom_js_head":"","ghostkit_custom_js_foot":"","ghostkit_typography":""},"productdetails":[376],"productneck":[352],"productcolor":[392],"maat":[],"productsupplier":[485],"productsleeve":[359],"productcategory":[18],"productsilhouette":[384],"productstyle":[367],"class_list":["post-78973","product","type-product","status-publish","has-post-thumbnail","hentry","productdetails-376","productneck-352","productcolor-392","productsupplier-yi-ju","productsleeve-359","productcategory-trouwjurken","productsilhouette-384","productstyle-367"],"acf":[],"yoast_head":"<!-- This site is optimized with the Yoast SEO plugin v27.3 - https:\/\/yoast.com\/product\/yoast-seo-wordpress\/ -->\n<title>Yi Ju 1572 | Koonings<\/title>\n<meta name=\"description\" content=\"Ce mod\u00e8le est une robe de mari\u00e9e couture \u00e0 couper le souffle, originaire de Cor\u00e9e du Sud, qui respire le luxe et la sophistication. La conception associe les tissus les plus fins \u00e0 l&#039;artisanat, ce qui permet \u00e0 la robe de cr\u00e9er une silhouette parfaite et d&#039;accentuer \u00e9l\u00e9gamment les formes f\u00e9minines. Les finitions d\u00e9taill\u00e9es et le style intemporel font de cette robe le choix id\u00e9al pour les mari\u00e9es qui recherchent quelque chose d&#039;unique et d&#039;exclusif. Le mod\u00e8le 1572 de Yi Ju offre un look \u00e0 la fois classique et moderne, parfait pour un mariage o\u00f9 vous souhaitez \u00eatre sous les feux de la rampe.\" \/>\n<meta name=\"robots\" content=\"index, follow, max-snippet:-1, max-image-preview:large, max-video-preview:-1\" \/>\n<link rel=\"canonical\" href=\"https:\/\/www.koonings.com\/fr\/product\/yi-ju-1572\/\" \/>\n<meta property=\"og:locale\" content=\"fr_FR\" \/>\n<meta property=\"og:type\" content=\"article\" \/>\n<meta property=\"og:title\" content=\"Yi Ju 1572 | Koonings\" \/>\n<meta property=\"og:description\" content=\"Ce mod\u00e8le est une robe de mari\u00e9e couture \u00e0 couper le souffle, originaire de Cor\u00e9e du Sud, qui respire le luxe et la sophistication. La conception associe les tissus les plus fins \u00e0 l&#039;artisanat, ce qui permet \u00e0 la robe de cr\u00e9er une silhouette parfaite et d&#039;accentuer \u00e9l\u00e9gamment les formes f\u00e9minines. Les finitions d\u00e9taill\u00e9es et le style intemporel font de cette robe le choix id\u00e9al pour les mari\u00e9es qui recherchent quelque chose d&#039;unique et d&#039;exclusif. Le mod\u00e8le 1572 de Yi Ju offre un look \u00e0 la fois classique et moderne, parfait pour un mariage o\u00f9 vous souhaitez \u00eatre sous les feux de la rampe.\" \/>\n<meta property=\"og:url\" content=\"https:\/\/www.koonings.com\/fr\/product\/yi-ju-1572\/\" \/>\n<meta property=\"og:site_name\" content=\"Koonings\" \/>\n<meta property=\"article:publisher\" content=\"https:\/\/www.facebook.com\/kooningstheweddingpalace\" \/>\n<meta property=\"og:image\" content=\"https:\/\/www.koonings.com\/wp-content\/uploads\/2024\/11\/25276_979a243bda9cca2188b1e6851a9ef722e10d2d0ffa343428f66eff144c50baf0916374f3.jpeg\" \/>\n\t<meta property=\"og:image:width\" content=\"805\" \/>\n\t<meta property=\"og:image:height\" content=\"1024\" \/>\n\t<meta property=\"og:image:type\" content=\"image\/jpeg\" \/>\n<meta name=\"twitter:card\" content=\"summary_large_image\" \/>\n<meta name=\"twitter:label1\" content=\"Dur\u00e9e de lecture estim\u00e9e\" \/>\n\t<meta name=\"twitter:data1\" content=\"1 minute\" \/>\n<script type=\"application\/ld+json\" class=\"yoast-schema-graph\">{\"@context\":\"https:\\\/\\\/schema.org\",\"@graph\":[{\"@type\":\"WebPage\",\"@id\":\"https:\\\/\\\/www.koonings.com\\\/fr\\\/product\\\/yi-ju-1572\\\/\",\"url\":\"https:\\\/\\\/www.koonings.com\\\/fr\\\/product\\\/yi-ju-1572\\\/\",\"name\":\"Yi Ju 1572 | Koonings\",\"isPartOf\":{\"@id\":\"https:\\\/\\\/www.koonings.com\\\/fr\\\/#website\"},\"primaryImageOfPage\":{\"@id\":\"https:\\\/\\\/www.koonings.com\\\/fr\\\/product\\\/yi-ju-1572\\\/#primaryimage\"},\"image\":{\"@id\":\"https:\\\/\\\/www.koonings.com\\\/fr\\\/product\\\/yi-ju-1572\\\/#primaryimage\"},\"thumbnailUrl\":\"https:\\\/\\\/www.koonings.com\\\/wp-content\\\/uploads\\\/2024\\\/11\\\/25276_979a243bda9cca2188b1e6851a9ef722e10d2d0ffa343428f66eff144c50baf0916374f3.jpeg\",\"datePublished\":\"2026-04-28T16:02:48+00:00\",\"description\":\"Ce mod\u00e8le est une robe de mari\u00e9e couture \u00e0 couper le souffle, originaire de Cor\u00e9e du Sud, qui respire le luxe et la sophistication. La conception associe les tissus les plus fins \u00e0 l'artisanat, ce qui permet \u00e0 la robe de cr\u00e9er une silhouette parfaite et d'accentuer \u00e9l\u00e9gamment les formes f\u00e9minines. Les finitions d\u00e9taill\u00e9es et le style intemporel font de cette robe le choix id\u00e9al pour les mari\u00e9es qui recherchent quelque chose d'unique et d'exclusif. Le mod\u00e8le 1572 de Yi Ju offre un look \u00e0 la fois classique et moderne, parfait pour un mariage o\u00f9 vous souhaitez \u00eatre sous les feux de la rampe.\",\"breadcrumb\":{\"@id\":\"https:\\\/\\\/www.koonings.com\\\/fr\\\/product\\\/yi-ju-1572\\\/#breadcrumb\"},\"inLanguage\":\"fr-FR\",\"potentialAction\":[{\"@type\":\"ReadAction\",\"target\":[\"https:\\\/\\\/www.koonings.com\\\/fr\\\/product\\\/yi-ju-1572\\\/\"]}]},{\"@type\":\"ImageObject\",\"inLanguage\":\"fr-FR\",\"@id\":\"https:\\\/\\\/www.koonings.com\\\/fr\\\/product\\\/yi-ju-1572\\\/#primaryimage\",\"url\":\"https:\\\/\\\/www.koonings.com\\\/wp-content\\\/uploads\\\/2024\\\/11\\\/25276_979a243bda9cca2188b1e6851a9ef722e10d2d0ffa343428f66eff144c50baf0916374f3.jpeg\",\"contentUrl\":\"https:\\\/\\\/www.koonings.com\\\/wp-content\\\/uploads\\\/2024\\\/11\\\/25276_979a243bda9cca2188b1e6851a9ef722e10d2d0ffa343428f66eff144c50baf0916374f3.jpeg\",\"width\":805,\"height\":1024},{\"@type\":\"BreadcrumbList\",\"@id\":\"https:\\\/\\\/www.koonings.com\\\/fr\\\/product\\\/yi-ju-1572\\\/#breadcrumb\",\"itemListElement\":[{\"@type\":\"ListItem\",\"position\":1,\"name\":\"Home\",\"item\":\"https:\\\/\\\/www.koonings.com\\\/fr\\\/\"},{\"@type\":\"ListItem\",\"position\":2,\"name\":\"Yi Ju 1572\"}]},{\"@type\":\"WebSite\",\"@id\":\"https:\\\/\\\/www.koonings.com\\\/fr\\\/#website\",\"url\":\"https:\\\/\\\/www.koonings.com\\\/fr\\\/\",\"name\":\"Koonings\",\"description\":\"De grootste bruidsmodewinkel ter wereld\",\"publisher\":{\"@id\":\"https:\\\/\\\/www.koonings.com\\\/fr\\\/#organization\"},\"potentialAction\":[{\"@type\":\"SearchAction\",\"target\":{\"@type\":\"EntryPoint\",\"urlTemplate\":\"https:\\\/\\\/www.koonings.com\\\/fr\\\/?s={search_term_string}\"},\"query-input\":{\"@type\":\"PropertyValueSpecification\",\"valueRequired\":true,\"valueName\":\"search_term_string\"}}],\"inLanguage\":\"fr-FR\"},{\"@type\":\"Organization\",\"@id\":\"https:\\\/\\\/www.koonings.com\\\/fr\\\/#organization\",\"name\":\"Koonings\",\"url\":\"https:\\\/\\\/www.koonings.com\\\/fr\\\/\",\"logo\":{\"@type\":\"ImageObject\",\"inLanguage\":\"fr-FR\",\"@id\":\"https:\\\/\\\/www.koonings.com\\\/fr\\\/#\\\/schema\\\/logo\\\/image\\\/\",\"url\":\"https:\\\/\\\/www.koonings.com\\\/wp-content\\\/uploads\\\/2024\\\/07\\\/logo.png\",\"contentUrl\":\"https:\\\/\\\/www.koonings.com\\\/wp-content\\\/uploads\\\/2024\\\/07\\\/logo.png\",\"width\":600,\"height\":428,\"caption\":\"Koonings\"},\"image\":{\"@id\":\"https:\\\/\\\/www.koonings.com\\\/fr\\\/#\\\/schema\\\/logo\\\/image\\\/\"},\"sameAs\":[\"https:\\\/\\\/www.facebook.com\\\/kooningstheweddingpalace\",\"https:\\\/\\\/www.instagram.com\\\/kooningstheweddingpalace\",\"https:\\\/\\\/www.pinterest.com\\\/koonings\",\"https:\\\/\\\/www.youtube.com\\\/kooningstheweddingpalace\"]}]}<\/script>\n<!-- \/ Yoast SEO plugin. -->","yoast_head_json":{"title":"Yi Ju 1572 | Koonings","description":"Ce mod\u00e8le est une robe de mari\u00e9e couture \u00e0 couper le souffle, originaire de Cor\u00e9e du Sud, qui respire le luxe et la sophistication. La conception associe les tissus les plus fins \u00e0 l'artisanat, ce qui permet \u00e0 la robe de cr\u00e9er une silhouette parfaite et d'accentuer \u00e9l\u00e9gamment les formes f\u00e9minines. Les finitions d\u00e9taill\u00e9es et le style intemporel font de cette robe le choix id\u00e9al pour les mari\u00e9es qui recherchent quelque chose d'unique et d'exclusif. Le mod\u00e8le 1572 de Yi Ju offre un look \u00e0 la fois classique et moderne, parfait pour un mariage o\u00f9 vous souhaitez \u00eatre sous les feux de la rampe.","robots":{"index":"index","follow":"follow","max-snippet":"max-snippet:-1","max-image-preview":"max-image-preview:large","max-video-preview":"max-video-preview:-1"},"canonical":"https:\/\/www.koonings.com\/fr\/product\/yi-ju-1572\/","og_locale":"fr_FR","og_type":"article","og_title":"Yi Ju 1572 | Koonings","og_description":"Ce mod\u00e8le est une robe de mari\u00e9e couture \u00e0 couper le souffle, originaire de Cor\u00e9e du Sud, qui respire le luxe et la sophistication. La conception associe les tissus les plus fins \u00e0 l'artisanat, ce qui permet \u00e0 la robe de cr\u00e9er une silhouette parfaite et d'accentuer \u00e9l\u00e9gamment les formes f\u00e9minines. Les finitions d\u00e9taill\u00e9es et le style intemporel font de cette robe le choix id\u00e9al pour les mari\u00e9es qui recherchent quelque chose d'unique et d'exclusif. Le mod\u00e8le 1572 de Yi Ju offre un look \u00e0 la fois classique et moderne, parfait pour un mariage o\u00f9 vous souhaitez \u00eatre sous les feux de la rampe.","og_url":"https:\/\/www.koonings.com\/fr\/product\/yi-ju-1572\/","og_site_name":"Koonings","article_publisher":"https:\/\/www.facebook.com\/kooningstheweddingpalace","og_image":[{"width":805,"height":1024,"url":"https:\/\/www.koonings.com\/wp-content\/uploads\/2024\/11\/25276_979a243bda9cca2188b1e6851a9ef722e10d2d0ffa343428f66eff144c50baf0916374f3.jpeg","type":"image\/jpeg"}],"twitter_card":"summary_large_image","twitter_misc":{"Dur\u00e9e de lecture estim\u00e9e":"1 minute"},"schema":{"@context":"https:\/\/schema.org","@graph":[{"@type":"WebPage","@id":"https:\/\/www.koonings.com\/fr\/product\/yi-ju-1572\/","url":"https:\/\/www.koonings.com\/fr\/product\/yi-ju-1572\/","name":"Yi Ju 1572 | Koonings","isPartOf":{"@id":"https:\/\/www.koonings.com\/fr\/#website"},"primaryImageOfPage":{"@id":"https:\/\/www.koonings.com\/fr\/product\/yi-ju-1572\/#primaryimage"},"image":{"@id":"https:\/\/www.koonings.com\/fr\/product\/yi-ju-1572\/#primaryimage"},"thumbnailUrl":"https:\/\/www.koonings.com\/wp-content\/uploads\/2024\/11\/25276_979a243bda9cca2188b1e6851a9ef722e10d2d0ffa343428f66eff144c50baf0916374f3.jpeg","datePublished":"2026-04-28T16:02:48+00:00","description":"Ce mod\u00e8le est une robe de mari\u00e9e couture \u00e0 couper le souffle, originaire de Cor\u00e9e du Sud, qui respire le luxe et la sophistication. La conception associe les tissus les plus fins \u00e0 l'artisanat, ce qui permet \u00e0 la robe de cr\u00e9er une silhouette parfaite et d'accentuer \u00e9l\u00e9gamment les formes f\u00e9minines. Les finitions d\u00e9taill\u00e9es et le style intemporel font de cette robe le choix id\u00e9al pour les mari\u00e9es qui recherchent quelque chose d'unique et d'exclusif. Le mod\u00e8le 1572 de Yi Ju offre un look \u00e0 la fois classique et moderne, parfait pour un mariage o\u00f9 vous souhaitez \u00eatre sous les feux de la rampe.","breadcrumb":{"@id":"https:\/\/www.koonings.com\/fr\/product\/yi-ju-1572\/#breadcrumb"},"inLanguage":"fr-FR","potentialAction":[{"@type":"ReadAction","target":["https:\/\/www.koonings.com\/fr\/product\/yi-ju-1572\/"]}]},{"@type":"ImageObject","inLanguage":"fr-FR","@id":"https:\/\/www.koonings.com\/fr\/product\/yi-ju-1572\/#primaryimage","url":"https:\/\/www.koonings.com\/wp-content\/uploads\/2024\/11\/25276_979a243bda9cca2188b1e6851a9ef722e10d2d0ffa343428f66eff144c50baf0916374f3.jpeg","contentUrl":"https:\/\/www.koonings.com\/wp-content\/uploads\/2024\/11\/25276_979a243bda9cca2188b1e6851a9ef722e10d2d0ffa343428f66eff144c50baf0916374f3.jpeg","width":805,"height":1024},{"@type":"BreadcrumbList","@id":"https:\/\/www.koonings.com\/fr\/product\/yi-ju-1572\/#breadcrumb","itemListElement":[{"@type":"ListItem","position":1,"name":"Home","item":"https:\/\/www.koonings.com\/fr\/"},{"@type":"ListItem","position":2,"name":"Yi Ju 1572"}]},{"@type":"WebSite","@id":"https:\/\/www.koonings.com\/fr\/#website","url":"https:\/\/www.koonings.com\/fr\/","name":"Koonings","description":"De grootste bruidsmodewinkel ter wereld","publisher":{"@id":"https:\/\/www.koonings.com\/fr\/#organization"},"potentialAction":[{"@type":"SearchAction","target":{"@type":"EntryPoint","urlTemplate":"https:\/\/www.koonings.com\/fr\/?s={search_term_string}"},"query-input":{"@type":"PropertyValueSpecification","valueRequired":true,"valueName":"search_term_string"}}],"inLanguage":"fr-FR"},{"@type":"Organization","@id":"https:\/\/www.koonings.com\/fr\/#organization","name":"Koonings","url":"https:\/\/www.koonings.com\/fr\/","logo":{"@type":"ImageObject","inLanguage":"fr-FR","@id":"https:\/\/www.koonings.com\/fr\/#\/schema\/logo\/image\/","url":"https:\/\/www.koonings.com\/wp-content\/uploads\/2024\/07\/logo.png","contentUrl":"https:\/\/www.koonings.com\/wp-content\/uploads\/2024\/07\/logo.png","width":600,"height":428,"caption":"Koonings"},"image":{"@id":"https:\/\/www.koonings.com\/fr\/#\/schema\/logo\/image\/"},"sameAs":["https:\/\/www.facebook.com\/kooningstheweddingpalace","https:\/\/www.instagram.com\/kooningstheweddingpalace","https:\/\/www.pinterest.com\/koonings","https:\/\/www.youtube.com\/kooningstheweddingpalace"]}]}},"_links":{"self":[{"href":"https:\/\/www.koonings.com\/fr\/wp-json\/wp\/v2\/product\/78973","targetHints":{"allow":["GET"]}}],"collection":[{"href":"https:\/\/www.koonings.com\/fr\/wp-json\/wp\/v2\/product"}],"about":[{"href":"https:\/\/www.koonings.com\/fr\/wp-json\/wp\/v2\/types\/product"}],"wp:featuredmedia":[{"embeddable":true,"href":"https:\/\/www.koonings.com\/fr\/wp-json\/wp\/v2\/media\/68969"}],"wp:attachment":[{"href":"https:\/\/www.koonings.com\/fr\/wp-json\/wp\/v2\/media?parent=78973"}],"wp:term":[{"taxonomy":"productdetails","embeddable":true,"href":"https:\/\/www.koonings.com\/fr\/wp-json\/wp\/v2\/productdetails?post=78973"},{"taxonomy":"productneck","embeddable":true,"href":"https:\/\/www.koonings.com\/fr\/wp-json\/wp\/v2\/productneck?post=78973"},{"taxonomy":"productcolor","embeddable":true,"href":"https:\/\/www.koonings.com\/fr\/wp-json\/wp\/v2\/productcolor?post=78973"},{"taxonomy":"maat","embeddable":true,"href":"https:\/\/www.koonings.com\/fr\/wp-json\/wp\/v2\/maat?post=78973"},{"taxonomy":"productsupplier","embeddable":true,"href":"https:\/\/www.koonings.com\/fr\/wp-json\/wp\/v2\/productsupplier?post=78973"},{"taxonomy":"productsleeve","embeddable":true,"href":"https:\/\/www.koonings.com\/fr\/wp-json\/wp\/v2\/productsleeve?post=78973"},{"taxonomy":"productcategory","embeddable":true,"href":"https:\/\/www.koonings.com\/fr\/wp-json\/wp\/v2\/productcategory?post=78973"},{"taxonomy":"productsilhouette","embeddable":true,"href":"https:\/\/www.koonings.com\/fr\/wp-json\/wp\/v2\/productsilhouette?post=78973"},{"taxonomy":"productstyle","embeddable":true,"href":"https:\/\/www.koonings.com\/fr\/wp-json\/wp\/v2\/productstyle?post=78973"}],"curies":[{"name":"wp","href":"https:\/\/api.w.org\/{rel}","templated":true}]}}