{"id":78965,"date":"2026-04-28T18:12:10","date_gmt":"2026-04-28T16:12:10","guid":{"rendered":"https:\/\/www.koonings.com\/product\/ladybird-inesa-lb124ar1\/"},"modified":"2026-02-16T14:50:35","modified_gmt":"2026-02-16T13:50:35","slug":"ladybird-inesa-lb124ar1","status":"publish","type":"product","link":"https:\/\/www.koonings.com\/fr\/product\/ladybird-inesa-lb124ar1\/","title":{"rendered":"Ladybird Inesa LB124AR1"},"content":{"rendered":"<p>Romantique et a\u00e9rienne, cette robe de mari\u00e9e respire l&#8217;\u00e9l\u00e9gance. R\u00e9alis\u00e9e en couches de tulle transparent pour un effet fluide et vaporeux, elle pr\u00e9sente un magnifique corsage en dentelle avec un d\u00e9collet\u00e9 en V et des bretelles spaghetti orn\u00e9es de jolis appliqu\u00e9s de dentelle florale. <\/p>\n","protected":false},"featured_media":69042,"template":"","meta":{"_acf_changed":false,"ghostkit_customizer_options":"","ghostkit_custom_css":"","ghostkit_custom_js_head":"","ghostkit_custom_js_foot":"","ghostkit_typography":""},"productdetails":[381],"productneck":[356],"productcolor":[393,392],"maat":[],"productsupplier":[437],"productsleeve":[359],"productcategory":[18],"productsilhouette":[384,389],"productstyle":[366],"class_list":["post-78965","product","type-product","status-publish","has-post-thumbnail","hentry","productdetails-381","productneck-356","productcolor-393","productcolor-392","productsupplier-ladybird","productsleeve-359","productcategory-trouwjurken","productsilhouette-384","productsilhouette-389","productstyle-366"],"acf":[],"yoast_head":"<!-- This site is optimized with the Yoast SEO plugin v27.3 - https:\/\/yoast.com\/product\/yoast-seo-wordpress\/ -->\n<title>Ladybird Inesa LB124AR1 | Koonings<\/title>\n<meta name=\"description\" content=\"Romantique et a\u00e9rienne, cette robe de mari\u00e9e respire l&#039;\u00e9l\u00e9gance. R\u00e9alis\u00e9e en couches de tulle transparent pour un effet fluide et vaporeux, elle pr\u00e9sente un magnifique corsage en dentelle avec un d\u00e9collet\u00e9 en V et des bretelles spaghetti orn\u00e9es de jolis appliqu\u00e9s de dentelle florale.\" \/>\n<meta name=\"robots\" content=\"index, follow, max-snippet:-1, max-image-preview:large, max-video-preview:-1\" \/>\n<link rel=\"canonical\" href=\"https:\/\/www.koonings.com\/fr\/product\/ladybird-inesa-lb124ar1\/\" \/>\n<meta property=\"og:locale\" content=\"fr_FR\" \/>\n<meta property=\"og:type\" content=\"article\" \/>\n<meta property=\"og:title\" content=\"Ladybird Inesa LB124AR1 | Koonings\" \/>\n<meta property=\"og:description\" content=\"Romantique et a\u00e9rienne, cette robe de mari\u00e9e respire l&#039;\u00e9l\u00e9gance. R\u00e9alis\u00e9e en couches de tulle transparent pour un effet fluide et vaporeux, elle pr\u00e9sente un magnifique corsage en dentelle avec un d\u00e9collet\u00e9 en V et des bretelles spaghetti orn\u00e9es de jolis appliqu\u00e9s de dentelle florale.\" \/>\n<meta property=\"og:url\" content=\"https:\/\/www.koonings.com\/fr\/product\/ladybird-inesa-lb124ar1\/\" \/>\n<meta property=\"og:site_name\" content=\"Koonings\" \/>\n<meta property=\"article:publisher\" content=\"https:\/\/www.facebook.com\/kooningstheweddingpalace\" \/>\n<meta property=\"og:image\" content=\"https:\/\/www.koonings.com\/wp-content\/uploads\/2024\/11\/39090_8d5abe2b767bb48581f19375b2a9aaad5bcdfeb6a03575fefc842fd3955f13c2a6efffdf-scaled.jpeg\" \/>\n\t<meta property=\"og:image:width\" content=\"1810\" \/>\n\t<meta property=\"og:image:height\" content=\"2560\" \/>\n\t<meta property=\"og:image:type\" content=\"image\/jpeg\" \/>\n<meta name=\"twitter:card\" content=\"summary_large_image\" \/>\n<script type=\"application\/ld+json\" class=\"yoast-schema-graph\">{\"@context\":\"https:\\\/\\\/schema.org\",\"@graph\":[{\"@type\":\"WebPage\",\"@id\":\"https:\\\/\\\/www.koonings.com\\\/fr\\\/product\\\/ladybird-inesa-lb124ar1\\\/\",\"url\":\"https:\\\/\\\/www.koonings.com\\\/fr\\\/product\\\/ladybird-inesa-lb124ar1\\\/\",\"name\":\"Ladybird Inesa LB124AR1 | Koonings\",\"isPartOf\":{\"@id\":\"https:\\\/\\\/www.koonings.com\\\/fr\\\/#website\"},\"primaryImageOfPage\":{\"@id\":\"https:\\\/\\\/www.koonings.com\\\/fr\\\/product\\\/ladybird-inesa-lb124ar1\\\/#primaryimage\"},\"image\":{\"@id\":\"https:\\\/\\\/www.koonings.com\\\/fr\\\/product\\\/ladybird-inesa-lb124ar1\\\/#primaryimage\"},\"thumbnailUrl\":\"https:\\\/\\\/www.koonings.com\\\/wp-content\\\/uploads\\\/2024\\\/11\\\/39090_8d5abe2b767bb48581f19375b2a9aaad5bcdfeb6a03575fefc842fd3955f13c2a6efffdf-scaled.jpeg\",\"datePublished\":\"2026-04-28T16:12:10+00:00\",\"description\":\"Romantique et a\u00e9rienne, cette robe de mari\u00e9e respire l'\u00e9l\u00e9gance. R\u00e9alis\u00e9e en couches de tulle transparent pour un effet fluide et vaporeux, elle pr\u00e9sente un magnifique corsage en dentelle avec un d\u00e9collet\u00e9 en V et des bretelles spaghetti orn\u00e9es de jolis appliqu\u00e9s de dentelle florale.\",\"breadcrumb\":{\"@id\":\"https:\\\/\\\/www.koonings.com\\\/fr\\\/product\\\/ladybird-inesa-lb124ar1\\\/#breadcrumb\"},\"inLanguage\":\"fr-FR\",\"potentialAction\":[{\"@type\":\"ReadAction\",\"target\":[\"https:\\\/\\\/www.koonings.com\\\/fr\\\/product\\\/ladybird-inesa-lb124ar1\\\/\"]}]},{\"@type\":\"ImageObject\",\"inLanguage\":\"fr-FR\",\"@id\":\"https:\\\/\\\/www.koonings.com\\\/fr\\\/product\\\/ladybird-inesa-lb124ar1\\\/#primaryimage\",\"url\":\"https:\\\/\\\/www.koonings.com\\\/wp-content\\\/uploads\\\/2024\\\/11\\\/39090_8d5abe2b767bb48581f19375b2a9aaad5bcdfeb6a03575fefc842fd3955f13c2a6efffdf-scaled.jpeg\",\"contentUrl\":\"https:\\\/\\\/www.koonings.com\\\/wp-content\\\/uploads\\\/2024\\\/11\\\/39090_8d5abe2b767bb48581f19375b2a9aaad5bcdfeb6a03575fefc842fd3955f13c2a6efffdf-scaled.jpeg\",\"width\":1810,\"height\":2560},{\"@type\":\"BreadcrumbList\",\"@id\":\"https:\\\/\\\/www.koonings.com\\\/fr\\\/product\\\/ladybird-inesa-lb124ar1\\\/#breadcrumb\",\"itemListElement\":[{\"@type\":\"ListItem\",\"position\":1,\"name\":\"Home\",\"item\":\"https:\\\/\\\/www.koonings.com\\\/fr\\\/\"},{\"@type\":\"ListItem\",\"position\":2,\"name\":\"Ladybird Inesa LB124AR1\"}]},{\"@type\":\"WebSite\",\"@id\":\"https:\\\/\\\/www.koonings.com\\\/fr\\\/#website\",\"url\":\"https:\\\/\\\/www.koonings.com\\\/fr\\\/\",\"name\":\"Koonings\",\"description\":\"De grootste bruidsmodewinkel ter wereld\",\"publisher\":{\"@id\":\"https:\\\/\\\/www.koonings.com\\\/fr\\\/#organization\"},\"potentialAction\":[{\"@type\":\"SearchAction\",\"target\":{\"@type\":\"EntryPoint\",\"urlTemplate\":\"https:\\\/\\\/www.koonings.com\\\/fr\\\/?s={search_term_string}\"},\"query-input\":{\"@type\":\"PropertyValueSpecification\",\"valueRequired\":true,\"valueName\":\"search_term_string\"}}],\"inLanguage\":\"fr-FR\"},{\"@type\":\"Organization\",\"@id\":\"https:\\\/\\\/www.koonings.com\\\/fr\\\/#organization\",\"name\":\"Koonings\",\"url\":\"https:\\\/\\\/www.koonings.com\\\/fr\\\/\",\"logo\":{\"@type\":\"ImageObject\",\"inLanguage\":\"fr-FR\",\"@id\":\"https:\\\/\\\/www.koonings.com\\\/fr\\\/#\\\/schema\\\/logo\\\/image\\\/\",\"url\":\"https:\\\/\\\/www.koonings.com\\\/wp-content\\\/uploads\\\/2024\\\/07\\\/logo.png\",\"contentUrl\":\"https:\\\/\\\/www.koonings.com\\\/wp-content\\\/uploads\\\/2024\\\/07\\\/logo.png\",\"width\":600,\"height\":428,\"caption\":\"Koonings\"},\"image\":{\"@id\":\"https:\\\/\\\/www.koonings.com\\\/fr\\\/#\\\/schema\\\/logo\\\/image\\\/\"},\"sameAs\":[\"https:\\\/\\\/www.facebook.com\\\/kooningstheweddingpalace\",\"https:\\\/\\\/www.instagram.com\\\/kooningstheweddingpalace\",\"https:\\\/\\\/www.pinterest.com\\\/koonings\",\"https:\\\/\\\/www.youtube.com\\\/kooningstheweddingpalace\"]}]}<\/script>\n<!-- \/ Yoast SEO plugin. -->","yoast_head_json":{"title":"Ladybird Inesa LB124AR1 | Koonings","description":"Romantique et a\u00e9rienne, cette robe de mari\u00e9e respire l'\u00e9l\u00e9gance. R\u00e9alis\u00e9e en couches de tulle transparent pour un effet fluide et vaporeux, elle pr\u00e9sente un magnifique corsage en dentelle avec un d\u00e9collet\u00e9 en V et des bretelles spaghetti orn\u00e9es de jolis appliqu\u00e9s de dentelle florale.","robots":{"index":"index","follow":"follow","max-snippet":"max-snippet:-1","max-image-preview":"max-image-preview:large","max-video-preview":"max-video-preview:-1"},"canonical":"https:\/\/www.koonings.com\/fr\/product\/ladybird-inesa-lb124ar1\/","og_locale":"fr_FR","og_type":"article","og_title":"Ladybird Inesa LB124AR1 | Koonings","og_description":"Romantique et a\u00e9rienne, cette robe de mari\u00e9e respire l'\u00e9l\u00e9gance. R\u00e9alis\u00e9e en couches de tulle transparent pour un effet fluide et vaporeux, elle pr\u00e9sente un magnifique corsage en dentelle avec un d\u00e9collet\u00e9 en V et des bretelles spaghetti orn\u00e9es de jolis appliqu\u00e9s de dentelle florale.","og_url":"https:\/\/www.koonings.com\/fr\/product\/ladybird-inesa-lb124ar1\/","og_site_name":"Koonings","article_publisher":"https:\/\/www.facebook.com\/kooningstheweddingpalace","og_image":[{"width":1810,"height":2560,"url":"https:\/\/www.koonings.com\/wp-content\/uploads\/2024\/11\/39090_8d5abe2b767bb48581f19375b2a9aaad5bcdfeb6a03575fefc842fd3955f13c2a6efffdf-scaled.jpeg","type":"image\/jpeg"}],"twitter_card":"summary_large_image","schema":{"@context":"https:\/\/schema.org","@graph":[{"@type":"WebPage","@id":"https:\/\/www.koonings.com\/fr\/product\/ladybird-inesa-lb124ar1\/","url":"https:\/\/www.koonings.com\/fr\/product\/ladybird-inesa-lb124ar1\/","name":"Ladybird Inesa LB124AR1 | Koonings","isPartOf":{"@id":"https:\/\/www.koonings.com\/fr\/#website"},"primaryImageOfPage":{"@id":"https:\/\/www.koonings.com\/fr\/product\/ladybird-inesa-lb124ar1\/#primaryimage"},"image":{"@id":"https:\/\/www.koonings.com\/fr\/product\/ladybird-inesa-lb124ar1\/#primaryimage"},"thumbnailUrl":"https:\/\/www.koonings.com\/wp-content\/uploads\/2024\/11\/39090_8d5abe2b767bb48581f19375b2a9aaad5bcdfeb6a03575fefc842fd3955f13c2a6efffdf-scaled.jpeg","datePublished":"2026-04-28T16:12:10+00:00","description":"Romantique et a\u00e9rienne, cette robe de mari\u00e9e respire l'\u00e9l\u00e9gance. R\u00e9alis\u00e9e en couches de tulle transparent pour un effet fluide et vaporeux, elle pr\u00e9sente un magnifique corsage en dentelle avec un d\u00e9collet\u00e9 en V et des bretelles spaghetti orn\u00e9es de jolis appliqu\u00e9s de dentelle florale.","breadcrumb":{"@id":"https:\/\/www.koonings.com\/fr\/product\/ladybird-inesa-lb124ar1\/#breadcrumb"},"inLanguage":"fr-FR","potentialAction":[{"@type":"ReadAction","target":["https:\/\/www.koonings.com\/fr\/product\/ladybird-inesa-lb124ar1\/"]}]},{"@type":"ImageObject","inLanguage":"fr-FR","@id":"https:\/\/www.koonings.com\/fr\/product\/ladybird-inesa-lb124ar1\/#primaryimage","url":"https:\/\/www.koonings.com\/wp-content\/uploads\/2024\/11\/39090_8d5abe2b767bb48581f19375b2a9aaad5bcdfeb6a03575fefc842fd3955f13c2a6efffdf-scaled.jpeg","contentUrl":"https:\/\/www.koonings.com\/wp-content\/uploads\/2024\/11\/39090_8d5abe2b767bb48581f19375b2a9aaad5bcdfeb6a03575fefc842fd3955f13c2a6efffdf-scaled.jpeg","width":1810,"height":2560},{"@type":"BreadcrumbList","@id":"https:\/\/www.koonings.com\/fr\/product\/ladybird-inesa-lb124ar1\/#breadcrumb","itemListElement":[{"@type":"ListItem","position":1,"name":"Home","item":"https:\/\/www.koonings.com\/fr\/"},{"@type":"ListItem","position":2,"name":"Ladybird Inesa LB124AR1"}]},{"@type":"WebSite","@id":"https:\/\/www.koonings.com\/fr\/#website","url":"https:\/\/www.koonings.com\/fr\/","name":"Koonings","description":"De grootste bruidsmodewinkel ter wereld","publisher":{"@id":"https:\/\/www.koonings.com\/fr\/#organization"},"potentialAction":[{"@type":"SearchAction","target":{"@type":"EntryPoint","urlTemplate":"https:\/\/www.koonings.com\/fr\/?s={search_term_string}"},"query-input":{"@type":"PropertyValueSpecification","valueRequired":true,"valueName":"search_term_string"}}],"inLanguage":"fr-FR"},{"@type":"Organization","@id":"https:\/\/www.koonings.com\/fr\/#organization","name":"Koonings","url":"https:\/\/www.koonings.com\/fr\/","logo":{"@type":"ImageObject","inLanguage":"fr-FR","@id":"https:\/\/www.koonings.com\/fr\/#\/schema\/logo\/image\/","url":"https:\/\/www.koonings.com\/wp-content\/uploads\/2024\/07\/logo.png","contentUrl":"https:\/\/www.koonings.com\/wp-content\/uploads\/2024\/07\/logo.png","width":600,"height":428,"caption":"Koonings"},"image":{"@id":"https:\/\/www.koonings.com\/fr\/#\/schema\/logo\/image\/"},"sameAs":["https:\/\/www.facebook.com\/kooningstheweddingpalace","https:\/\/www.instagram.com\/kooningstheweddingpalace","https:\/\/www.pinterest.com\/koonings","https:\/\/www.youtube.com\/kooningstheweddingpalace"]}]}},"_links":{"self":[{"href":"https:\/\/www.koonings.com\/fr\/wp-json\/wp\/v2\/product\/78965","targetHints":{"allow":["GET"]}}],"collection":[{"href":"https:\/\/www.koonings.com\/fr\/wp-json\/wp\/v2\/product"}],"about":[{"href":"https:\/\/www.koonings.com\/fr\/wp-json\/wp\/v2\/types\/product"}],"wp:featuredmedia":[{"embeddable":true,"href":"https:\/\/www.koonings.com\/fr\/wp-json\/wp\/v2\/media\/69042"}],"wp:attachment":[{"href":"https:\/\/www.koonings.com\/fr\/wp-json\/wp\/v2\/media?parent=78965"}],"wp:term":[{"taxonomy":"productdetails","embeddable":true,"href":"https:\/\/www.koonings.com\/fr\/wp-json\/wp\/v2\/productdetails?post=78965"},{"taxonomy":"productneck","embeddable":true,"href":"https:\/\/www.koonings.com\/fr\/wp-json\/wp\/v2\/productneck?post=78965"},{"taxonomy":"productcolor","embeddable":true,"href":"https:\/\/www.koonings.com\/fr\/wp-json\/wp\/v2\/productcolor?post=78965"},{"taxonomy":"maat","embeddable":true,"href":"https:\/\/www.koonings.com\/fr\/wp-json\/wp\/v2\/maat?post=78965"},{"taxonomy":"productsupplier","embeddable":true,"href":"https:\/\/www.koonings.com\/fr\/wp-json\/wp\/v2\/productsupplier?post=78965"},{"taxonomy":"productsleeve","embeddable":true,"href":"https:\/\/www.koonings.com\/fr\/wp-json\/wp\/v2\/productsleeve?post=78965"},{"taxonomy":"productcategory","embeddable":true,"href":"https:\/\/www.koonings.com\/fr\/wp-json\/wp\/v2\/productcategory?post=78965"},{"taxonomy":"productsilhouette","embeddable":true,"href":"https:\/\/www.koonings.com\/fr\/wp-json\/wp\/v2\/productsilhouette?post=78965"},{"taxonomy":"productstyle","embeddable":true,"href":"https:\/\/www.koonings.com\/fr\/wp-json\/wp\/v2\/productstyle?post=78965"}],"curies":[{"name":"wp","href":"https:\/\/api.w.org\/{rel}","templated":true}]}}