{"id":78865,"date":"2025-12-15T00:46:40","date_gmt":"2025-12-14T23:46:40","guid":{"rendered":"https:\/\/www.koonings.com\/product\/milla-nova-marcia\/"},"modified":"2026-02-03T19:41:43","modified_gmt":"2026-02-03T18:41:43","slug":"milla-nova-marcia","status":"publish","type":"product","link":"https:\/\/www.koonings.com\/fr\/product\/milla-nova-marcia\/","title":{"rendered":"Milla Nova Marcia"},"content":{"rendered":"<p>Robe de mari\u00e9e avec bretelles spaghetti, jupe en tulle \u00e0 \u00e9tages et corset pr\u00e9form\u00e9 avec bonnets int\u00e9gr\u00e9s. La silhouette en ligne A s&#8217;\u00e9vase avec des fleurs en dentelle depuis le corsage semi-transparent jusqu&#8217;\u00e0 la jupe volumineuse en tulle. Elle peut \u00eatre compl\u00e9t\u00e9e par un long voile d\u00e9cor\u00e9 de fleurs en 3D et de paillettes.  <\/p>\n","protected":false},"featured_media":65435,"template":"","meta":{"_acf_changed":false,"ghostkit_customizer_options":"","ghostkit_custom_css":"","ghostkit_custom_js_head":"","ghostkit_custom_js_foot":"","ghostkit_typography":""},"productdetails":[379,376,381],"productneck":[355],"productcolor":[392],"maat":[],"productsupplier":[446],"productsleeve":[359],"productcategory":[18],"productsilhouette":[384],"productstyle":[366],"class_list":["post-78865","product","type-product","status-publish","has-post-thumbnail","hentry","productdetails-379","productdetails-376","productdetails-381","productneck-355","productcolor-392","productsupplier-milla-nova","productsleeve-359","productcategory-trouwjurken","productsilhouette-384","productstyle-366"],"acf":[],"yoast_head":"<!-- This site is optimized with the Yoast SEO plugin v27.3 - https:\/\/yoast.com\/product\/yoast-seo-wordpress\/ -->\n<title>Milla Nova Marcia | Koonings<\/title>\n<meta name=\"description\" content=\"Robe de mari\u00e9e avec bretelles spaghetti, jupe en tulle \u00e0 \u00e9tages et corset pr\u00e9form\u00e9 avec bonnets int\u00e9gr\u00e9s. La silhouette en ligne A s&#039;\u00e9vase avec des fleurs en dentelle depuis le corsage semi-transparent jusqu&#039;\u00e0 la jupe volumineuse en tulle. Elle peut \u00eatre compl\u00e9t\u00e9e par un long voile d\u00e9cor\u00e9 de fleurs en 3D et de paillettes.\" \/>\n<meta name=\"robots\" content=\"index, follow, max-snippet:-1, max-image-preview:large, max-video-preview:-1\" \/>\n<link rel=\"canonical\" href=\"https:\/\/www.koonings.com\/fr\/product\/milla-nova-marcia\/\" \/>\n<meta property=\"og:locale\" content=\"fr_FR\" \/>\n<meta property=\"og:type\" content=\"article\" \/>\n<meta property=\"og:title\" content=\"Milla Nova Marcia | Koonings\" \/>\n<meta property=\"og:description\" content=\"Robe de mari\u00e9e avec bretelles spaghetti, jupe en tulle \u00e0 \u00e9tages et corset pr\u00e9form\u00e9 avec bonnets int\u00e9gr\u00e9s. La silhouette en ligne A s&#039;\u00e9vase avec des fleurs en dentelle depuis le corsage semi-transparent jusqu&#039;\u00e0 la jupe volumineuse en tulle. Elle peut \u00eatre compl\u00e9t\u00e9e par un long voile d\u00e9cor\u00e9 de fleurs en 3D et de paillettes.\" \/>\n<meta property=\"og:url\" content=\"https:\/\/www.koonings.com\/fr\/product\/milla-nova-marcia\/\" \/>\n<meta property=\"og:site_name\" content=\"Koonings\" \/>\n<meta property=\"article:publisher\" content=\"https:\/\/www.facebook.com\/kooningstheweddingpalace\" \/>\n<meta property=\"article:modified_time\" content=\"2026-02-03T18:41:43+00:00\" \/>\n<meta property=\"og:image\" content=\"https:\/\/www.koonings.com\/wp-content\/uploads\/2024\/11\/49219_0df0bb7739c66d9c1045ab7c929d09dc0e59dc05b0a7c93a516e58f448c161b3deeefe28-scaled.jpeg\" \/>\n\t<meta property=\"og:image:width\" content=\"1813\" \/>\n\t<meta property=\"og:image:height\" content=\"2560\" \/>\n\t<meta property=\"og:image:type\" content=\"image\/jpeg\" \/>\n<meta name=\"twitter:card\" content=\"summary_large_image\" \/>\n<script type=\"application\/ld+json\" class=\"yoast-schema-graph\">{\"@context\":\"https:\\\/\\\/schema.org\",\"@graph\":[{\"@type\":\"WebPage\",\"@id\":\"https:\\\/\\\/www.koonings.com\\\/fr\\\/product\\\/milla-nova-marcia\\\/\",\"url\":\"https:\\\/\\\/www.koonings.com\\\/fr\\\/product\\\/milla-nova-marcia\\\/\",\"name\":\"Milla Nova Marcia | Koonings\",\"isPartOf\":{\"@id\":\"https:\\\/\\\/www.koonings.com\\\/fr\\\/#website\"},\"primaryImageOfPage\":{\"@id\":\"https:\\\/\\\/www.koonings.com\\\/fr\\\/product\\\/milla-nova-marcia\\\/#primaryimage\"},\"image\":{\"@id\":\"https:\\\/\\\/www.koonings.com\\\/fr\\\/product\\\/milla-nova-marcia\\\/#primaryimage\"},\"thumbnailUrl\":\"https:\\\/\\\/www.koonings.com\\\/wp-content\\\/uploads\\\/2024\\\/11\\\/49219_0df0bb7739c66d9c1045ab7c929d09dc0e59dc05b0a7c93a516e58f448c161b3deeefe28-scaled.jpeg\",\"datePublished\":\"2025-12-14T23:46:40+00:00\",\"dateModified\":\"2026-02-03T18:41:43+00:00\",\"description\":\"Robe de mari\u00e9e avec bretelles spaghetti, jupe en tulle \u00e0 \u00e9tages et corset pr\u00e9form\u00e9 avec bonnets int\u00e9gr\u00e9s. La silhouette en ligne A s'\u00e9vase avec des fleurs en dentelle depuis le corsage semi-transparent jusqu'\u00e0 la jupe volumineuse en tulle. Elle peut \u00eatre compl\u00e9t\u00e9e par un long voile d\u00e9cor\u00e9 de fleurs en 3D et de paillettes.\",\"breadcrumb\":{\"@id\":\"https:\\\/\\\/www.koonings.com\\\/fr\\\/product\\\/milla-nova-marcia\\\/#breadcrumb\"},\"inLanguage\":\"fr-FR\",\"potentialAction\":[{\"@type\":\"ReadAction\",\"target\":[\"https:\\\/\\\/www.koonings.com\\\/fr\\\/product\\\/milla-nova-marcia\\\/\"]}]},{\"@type\":\"ImageObject\",\"inLanguage\":\"fr-FR\",\"@id\":\"https:\\\/\\\/www.koonings.com\\\/fr\\\/product\\\/milla-nova-marcia\\\/#primaryimage\",\"url\":\"https:\\\/\\\/www.koonings.com\\\/wp-content\\\/uploads\\\/2024\\\/11\\\/49219_0df0bb7739c66d9c1045ab7c929d09dc0e59dc05b0a7c93a516e58f448c161b3deeefe28-scaled.jpeg\",\"contentUrl\":\"https:\\\/\\\/www.koonings.com\\\/wp-content\\\/uploads\\\/2024\\\/11\\\/49219_0df0bb7739c66d9c1045ab7c929d09dc0e59dc05b0a7c93a516e58f448c161b3deeefe28-scaled.jpeg\",\"width\":1813,\"height\":2560},{\"@type\":\"BreadcrumbList\",\"@id\":\"https:\\\/\\\/www.koonings.com\\\/fr\\\/product\\\/milla-nova-marcia\\\/#breadcrumb\",\"itemListElement\":[{\"@type\":\"ListItem\",\"position\":1,\"name\":\"Home\",\"item\":\"https:\\\/\\\/www.koonings.com\\\/fr\\\/\"},{\"@type\":\"ListItem\",\"position\":2,\"name\":\"Milla Nova Marcia\"}]},{\"@type\":\"WebSite\",\"@id\":\"https:\\\/\\\/www.koonings.com\\\/fr\\\/#website\",\"url\":\"https:\\\/\\\/www.koonings.com\\\/fr\\\/\",\"name\":\"Koonings\",\"description\":\"De grootste bruidsmodewinkel ter wereld\",\"publisher\":{\"@id\":\"https:\\\/\\\/www.koonings.com\\\/fr\\\/#organization\"},\"potentialAction\":[{\"@type\":\"SearchAction\",\"target\":{\"@type\":\"EntryPoint\",\"urlTemplate\":\"https:\\\/\\\/www.koonings.com\\\/fr\\\/?s={search_term_string}\"},\"query-input\":{\"@type\":\"PropertyValueSpecification\",\"valueRequired\":true,\"valueName\":\"search_term_string\"}}],\"inLanguage\":\"fr-FR\"},{\"@type\":\"Organization\",\"@id\":\"https:\\\/\\\/www.koonings.com\\\/fr\\\/#organization\",\"name\":\"Koonings\",\"url\":\"https:\\\/\\\/www.koonings.com\\\/fr\\\/\",\"logo\":{\"@type\":\"ImageObject\",\"inLanguage\":\"fr-FR\",\"@id\":\"https:\\\/\\\/www.koonings.com\\\/fr\\\/#\\\/schema\\\/logo\\\/image\\\/\",\"url\":\"https:\\\/\\\/www.koonings.com\\\/wp-content\\\/uploads\\\/2024\\\/07\\\/logo.png\",\"contentUrl\":\"https:\\\/\\\/www.koonings.com\\\/wp-content\\\/uploads\\\/2024\\\/07\\\/logo.png\",\"width\":600,\"height\":428,\"caption\":\"Koonings\"},\"image\":{\"@id\":\"https:\\\/\\\/www.koonings.com\\\/fr\\\/#\\\/schema\\\/logo\\\/image\\\/\"},\"sameAs\":[\"https:\\\/\\\/www.facebook.com\\\/kooningstheweddingpalace\",\"https:\\\/\\\/www.instagram.com\\\/kooningstheweddingpalace\",\"https:\\\/\\\/www.pinterest.com\\\/koonings\",\"https:\\\/\\\/www.youtube.com\\\/kooningstheweddingpalace\"]}]}<\/script>\n<!-- \/ Yoast SEO plugin. -->","yoast_head_json":{"title":"Milla Nova Marcia | Koonings","description":"Robe de mari\u00e9e avec bretelles spaghetti, jupe en tulle \u00e0 \u00e9tages et corset pr\u00e9form\u00e9 avec bonnets int\u00e9gr\u00e9s. La silhouette en ligne A s'\u00e9vase avec des fleurs en dentelle depuis le corsage semi-transparent jusqu'\u00e0 la jupe volumineuse en tulle. Elle peut \u00eatre compl\u00e9t\u00e9e par un long voile d\u00e9cor\u00e9 de fleurs en 3D et de paillettes.","robots":{"index":"index","follow":"follow","max-snippet":"max-snippet:-1","max-image-preview":"max-image-preview:large","max-video-preview":"max-video-preview:-1"},"canonical":"https:\/\/www.koonings.com\/fr\/product\/milla-nova-marcia\/","og_locale":"fr_FR","og_type":"article","og_title":"Milla Nova Marcia | Koonings","og_description":"Robe de mari\u00e9e avec bretelles spaghetti, jupe en tulle \u00e0 \u00e9tages et corset pr\u00e9form\u00e9 avec bonnets int\u00e9gr\u00e9s. La silhouette en ligne A s'\u00e9vase avec des fleurs en dentelle depuis le corsage semi-transparent jusqu'\u00e0 la jupe volumineuse en tulle. Elle peut \u00eatre compl\u00e9t\u00e9e par un long voile d\u00e9cor\u00e9 de fleurs en 3D et de paillettes.","og_url":"https:\/\/www.koonings.com\/fr\/product\/milla-nova-marcia\/","og_site_name":"Koonings","article_publisher":"https:\/\/www.facebook.com\/kooningstheweddingpalace","article_modified_time":"2026-02-03T18:41:43+00:00","og_image":[{"width":1813,"height":2560,"url":"https:\/\/www.koonings.com\/wp-content\/uploads\/2024\/11\/49219_0df0bb7739c66d9c1045ab7c929d09dc0e59dc05b0a7c93a516e58f448c161b3deeefe28-scaled.jpeg","type":"image\/jpeg"}],"twitter_card":"summary_large_image","schema":{"@context":"https:\/\/schema.org","@graph":[{"@type":"WebPage","@id":"https:\/\/www.koonings.com\/fr\/product\/milla-nova-marcia\/","url":"https:\/\/www.koonings.com\/fr\/product\/milla-nova-marcia\/","name":"Milla Nova Marcia | Koonings","isPartOf":{"@id":"https:\/\/www.koonings.com\/fr\/#website"},"primaryImageOfPage":{"@id":"https:\/\/www.koonings.com\/fr\/product\/milla-nova-marcia\/#primaryimage"},"image":{"@id":"https:\/\/www.koonings.com\/fr\/product\/milla-nova-marcia\/#primaryimage"},"thumbnailUrl":"https:\/\/www.koonings.com\/wp-content\/uploads\/2024\/11\/49219_0df0bb7739c66d9c1045ab7c929d09dc0e59dc05b0a7c93a516e58f448c161b3deeefe28-scaled.jpeg","datePublished":"2025-12-14T23:46:40+00:00","dateModified":"2026-02-03T18:41:43+00:00","description":"Robe de mari\u00e9e avec bretelles spaghetti, jupe en tulle \u00e0 \u00e9tages et corset pr\u00e9form\u00e9 avec bonnets int\u00e9gr\u00e9s. La silhouette en ligne A s'\u00e9vase avec des fleurs en dentelle depuis le corsage semi-transparent jusqu'\u00e0 la jupe volumineuse en tulle. Elle peut \u00eatre compl\u00e9t\u00e9e par un long voile d\u00e9cor\u00e9 de fleurs en 3D et de paillettes.","breadcrumb":{"@id":"https:\/\/www.koonings.com\/fr\/product\/milla-nova-marcia\/#breadcrumb"},"inLanguage":"fr-FR","potentialAction":[{"@type":"ReadAction","target":["https:\/\/www.koonings.com\/fr\/product\/milla-nova-marcia\/"]}]},{"@type":"ImageObject","inLanguage":"fr-FR","@id":"https:\/\/www.koonings.com\/fr\/product\/milla-nova-marcia\/#primaryimage","url":"https:\/\/www.koonings.com\/wp-content\/uploads\/2024\/11\/49219_0df0bb7739c66d9c1045ab7c929d09dc0e59dc05b0a7c93a516e58f448c161b3deeefe28-scaled.jpeg","contentUrl":"https:\/\/www.koonings.com\/wp-content\/uploads\/2024\/11\/49219_0df0bb7739c66d9c1045ab7c929d09dc0e59dc05b0a7c93a516e58f448c161b3deeefe28-scaled.jpeg","width":1813,"height":2560},{"@type":"BreadcrumbList","@id":"https:\/\/www.koonings.com\/fr\/product\/milla-nova-marcia\/#breadcrumb","itemListElement":[{"@type":"ListItem","position":1,"name":"Home","item":"https:\/\/www.koonings.com\/fr\/"},{"@type":"ListItem","position":2,"name":"Milla Nova Marcia"}]},{"@type":"WebSite","@id":"https:\/\/www.koonings.com\/fr\/#website","url":"https:\/\/www.koonings.com\/fr\/","name":"Koonings","description":"De grootste bruidsmodewinkel ter wereld","publisher":{"@id":"https:\/\/www.koonings.com\/fr\/#organization"},"potentialAction":[{"@type":"SearchAction","target":{"@type":"EntryPoint","urlTemplate":"https:\/\/www.koonings.com\/fr\/?s={search_term_string}"},"query-input":{"@type":"PropertyValueSpecification","valueRequired":true,"valueName":"search_term_string"}}],"inLanguage":"fr-FR"},{"@type":"Organization","@id":"https:\/\/www.koonings.com\/fr\/#organization","name":"Koonings","url":"https:\/\/www.koonings.com\/fr\/","logo":{"@type":"ImageObject","inLanguage":"fr-FR","@id":"https:\/\/www.koonings.com\/fr\/#\/schema\/logo\/image\/","url":"https:\/\/www.koonings.com\/wp-content\/uploads\/2024\/07\/logo.png","contentUrl":"https:\/\/www.koonings.com\/wp-content\/uploads\/2024\/07\/logo.png","width":600,"height":428,"caption":"Koonings"},"image":{"@id":"https:\/\/www.koonings.com\/fr\/#\/schema\/logo\/image\/"},"sameAs":["https:\/\/www.facebook.com\/kooningstheweddingpalace","https:\/\/www.instagram.com\/kooningstheweddingpalace","https:\/\/www.pinterest.com\/koonings","https:\/\/www.youtube.com\/kooningstheweddingpalace"]}]}},"_links":{"self":[{"href":"https:\/\/www.koonings.com\/fr\/wp-json\/wp\/v2\/product\/78865","targetHints":{"allow":["GET"]}}],"collection":[{"href":"https:\/\/www.koonings.com\/fr\/wp-json\/wp\/v2\/product"}],"about":[{"href":"https:\/\/www.koonings.com\/fr\/wp-json\/wp\/v2\/types\/product"}],"wp:featuredmedia":[{"embeddable":true,"href":"https:\/\/www.koonings.com\/fr\/wp-json\/wp\/v2\/media\/65435"}],"wp:attachment":[{"href":"https:\/\/www.koonings.com\/fr\/wp-json\/wp\/v2\/media?parent=78865"}],"wp:term":[{"taxonomy":"productdetails","embeddable":true,"href":"https:\/\/www.koonings.com\/fr\/wp-json\/wp\/v2\/productdetails?post=78865"},{"taxonomy":"productneck","embeddable":true,"href":"https:\/\/www.koonings.com\/fr\/wp-json\/wp\/v2\/productneck?post=78865"},{"taxonomy":"productcolor","embeddable":true,"href":"https:\/\/www.koonings.com\/fr\/wp-json\/wp\/v2\/productcolor?post=78865"},{"taxonomy":"maat","embeddable":true,"href":"https:\/\/www.koonings.com\/fr\/wp-json\/wp\/v2\/maat?post=78865"},{"taxonomy":"productsupplier","embeddable":true,"href":"https:\/\/www.koonings.com\/fr\/wp-json\/wp\/v2\/productsupplier?post=78865"},{"taxonomy":"productsleeve","embeddable":true,"href":"https:\/\/www.koonings.com\/fr\/wp-json\/wp\/v2\/productsleeve?post=78865"},{"taxonomy":"productcategory","embeddable":true,"href":"https:\/\/www.koonings.com\/fr\/wp-json\/wp\/v2\/productcategory?post=78865"},{"taxonomy":"productsilhouette","embeddable":true,"href":"https:\/\/www.koonings.com\/fr\/wp-json\/wp\/v2\/productsilhouette?post=78865"},{"taxonomy":"productstyle","embeddable":true,"href":"https:\/\/www.koonings.com\/fr\/wp-json\/wp\/v2\/productstyle?post=78865"}],"curies":[{"name":"wp","href":"https:\/\/api.w.org\/{rel}","templated":true}]}}