{"id":78856,"date":"2025-12-15T00:46:48","date_gmt":"2025-12-14T23:46:48","guid":{"rendered":"https:\/\/www.koonings.com\/product\/alma-novia-hectar-9b130guip001400\/"},"modified":"2026-02-03T19:42:08","modified_gmt":"2026-02-03T18:42:08","slug":"alma-novia-hectar-9b130guip001400","status":"publish","type":"product","link":"https:\/\/www.koonings.com\/fr\/product\/alma-novia-hectar-9b130guip001400\/","title":{"rendered":"Alma Novia Hectar 9B130GUIP001400"},"content":{"rendered":"<p>Robe de mari\u00e9e sir\u00e8ne longue, deux pi\u00e8ces, de style boh\u00e8me chic, en dentelle guipure. D\u00e9collet\u00e9 et dos en V, parfaitement associ\u00e9s \u00e0 une cape en tulle et dentelle. Un ensemble Alma Novia.  <\/p>\n","protected":false},"featured_media":65519,"template":"","meta":{"_acf_changed":false,"ghostkit_customizer_options":"","ghostkit_custom_css":"","ghostkit_custom_js_head":"","ghostkit_custom_js_foot":"","ghostkit_typography":""},"productdetails":[379,376],"productneck":[356],"productcolor":[392],"maat":[],"productsupplier":[459],"productsleeve":[359],"productcategory":[18],"productsilhouette":[387],"productstyle":[364],"class_list":["post-78856","product","type-product","status-publish","has-post-thumbnail","hentry","productdetails-379","productdetails-376","productneck-356","productcolor-392","productsupplier-alma-novia","productsleeve-359","productcategory-trouwjurken","productsilhouette-387","productstyle-364"],"acf":[],"yoast_head":"<!-- This site is optimized with the Yoast SEO plugin v27.3 - https:\/\/yoast.com\/product\/yoast-seo-wordpress\/ -->\n<title>Alma Novia Hectar 9B130GUIP001400 | Koonings<\/title>\n<meta name=\"description\" content=\"Robe de mari\u00e9e sir\u00e8ne longue, deux pi\u00e8ces, de style boh\u00e8me chic, en dentelle guipure. D\u00e9collet\u00e9 et dos en V, parfaitement associ\u00e9s \u00e0 une cape en tulle et dentelle. Un ensemble Alma Novia.\" \/>\n<meta name=\"robots\" content=\"index, follow, max-snippet:-1, max-image-preview:large, max-video-preview:-1\" \/>\n<link rel=\"canonical\" href=\"https:\/\/www.koonings.com\/fr\/product\/alma-novia-hectar-9b130guip001400\/\" \/>\n<meta property=\"og:locale\" content=\"fr_FR\" \/>\n<meta property=\"og:type\" content=\"article\" \/>\n<meta property=\"og:title\" content=\"Alma Novia Hectar 9B130GUIP001400 | Koonings\" \/>\n<meta property=\"og:description\" content=\"Robe de mari\u00e9e sir\u00e8ne longue, deux pi\u00e8ces, de style boh\u00e8me chic, en dentelle guipure. D\u00e9collet\u00e9 et dos en V, parfaitement associ\u00e9s \u00e0 une cape en tulle et dentelle. Un ensemble Alma Novia.\" \/>\n<meta property=\"og:url\" content=\"https:\/\/www.koonings.com\/fr\/product\/alma-novia-hectar-9b130guip001400\/\" \/>\n<meta property=\"og:site_name\" content=\"Koonings\" \/>\n<meta property=\"article:publisher\" content=\"https:\/\/www.facebook.com\/kooningstheweddingpalace\" \/>\n<meta property=\"article:modified_time\" content=\"2026-02-03T18:42:08+00:00\" \/>\n<meta property=\"og:image\" content=\"https:\/\/www.koonings.com\/wp-content\/uploads\/2024\/11\/49245_2076cf4360be6ad7a0fa2e09e65c001e61b6631f41cd2a9fc17cff3d11199aa3d35f77af.jpeg\" \/>\n\t<meta property=\"og:image:width\" content=\"1536\" \/>\n\t<meta property=\"og:image:height\" content=\"1920\" \/>\n\t<meta property=\"og:image:type\" content=\"image\/jpeg\" \/>\n<meta name=\"twitter:card\" content=\"summary_large_image\" \/>\n<script type=\"application\/ld+json\" class=\"yoast-schema-graph\">{\"@context\":\"https:\\\/\\\/schema.org\",\"@graph\":[{\"@type\":\"WebPage\",\"@id\":\"https:\\\/\\\/www.koonings.com\\\/fr\\\/product\\\/alma-novia-hectar-9b130guip001400\\\/\",\"url\":\"https:\\\/\\\/www.koonings.com\\\/fr\\\/product\\\/alma-novia-hectar-9b130guip001400\\\/\",\"name\":\"Alma Novia Hectar 9B130GUIP001400 | Koonings\",\"isPartOf\":{\"@id\":\"https:\\\/\\\/www.koonings.com\\\/fr\\\/#website\"},\"primaryImageOfPage\":{\"@id\":\"https:\\\/\\\/www.koonings.com\\\/fr\\\/product\\\/alma-novia-hectar-9b130guip001400\\\/#primaryimage\"},\"image\":{\"@id\":\"https:\\\/\\\/www.koonings.com\\\/fr\\\/product\\\/alma-novia-hectar-9b130guip001400\\\/#primaryimage\"},\"thumbnailUrl\":\"https:\\\/\\\/www.koonings.com\\\/wp-content\\\/uploads\\\/2024\\\/11\\\/49245_2076cf4360be6ad7a0fa2e09e65c001e61b6631f41cd2a9fc17cff3d11199aa3d35f77af.jpeg\",\"datePublished\":\"2025-12-14T23:46:48+00:00\",\"dateModified\":\"2026-02-03T18:42:08+00:00\",\"description\":\"Robe de mari\u00e9e sir\u00e8ne longue, deux pi\u00e8ces, de style boh\u00e8me chic, en dentelle guipure. D\u00e9collet\u00e9 et dos en V, parfaitement associ\u00e9s \u00e0 une cape en tulle et dentelle. Un ensemble Alma Novia.\",\"breadcrumb\":{\"@id\":\"https:\\\/\\\/www.koonings.com\\\/fr\\\/product\\\/alma-novia-hectar-9b130guip001400\\\/#breadcrumb\"},\"inLanguage\":\"fr-FR\",\"potentialAction\":[{\"@type\":\"ReadAction\",\"target\":[\"https:\\\/\\\/www.koonings.com\\\/fr\\\/product\\\/alma-novia-hectar-9b130guip001400\\\/\"]}]},{\"@type\":\"ImageObject\",\"inLanguage\":\"fr-FR\",\"@id\":\"https:\\\/\\\/www.koonings.com\\\/fr\\\/product\\\/alma-novia-hectar-9b130guip001400\\\/#primaryimage\",\"url\":\"https:\\\/\\\/www.koonings.com\\\/wp-content\\\/uploads\\\/2024\\\/11\\\/49245_2076cf4360be6ad7a0fa2e09e65c001e61b6631f41cd2a9fc17cff3d11199aa3d35f77af.jpeg\",\"contentUrl\":\"https:\\\/\\\/www.koonings.com\\\/wp-content\\\/uploads\\\/2024\\\/11\\\/49245_2076cf4360be6ad7a0fa2e09e65c001e61b6631f41cd2a9fc17cff3d11199aa3d35f77af.jpeg\",\"width\":1536,\"height\":1920},{\"@type\":\"BreadcrumbList\",\"@id\":\"https:\\\/\\\/www.koonings.com\\\/fr\\\/product\\\/alma-novia-hectar-9b130guip001400\\\/#breadcrumb\",\"itemListElement\":[{\"@type\":\"ListItem\",\"position\":1,\"name\":\"Home\",\"item\":\"https:\\\/\\\/www.koonings.com\\\/fr\\\/\"},{\"@type\":\"ListItem\",\"position\":2,\"name\":\"Alma Novia Hectar 9B130GUIP001400\"}]},{\"@type\":\"WebSite\",\"@id\":\"https:\\\/\\\/www.koonings.com\\\/fr\\\/#website\",\"url\":\"https:\\\/\\\/www.koonings.com\\\/fr\\\/\",\"name\":\"Koonings\",\"description\":\"De grootste bruidsmodewinkel ter wereld\",\"publisher\":{\"@id\":\"https:\\\/\\\/www.koonings.com\\\/fr\\\/#organization\"},\"potentialAction\":[{\"@type\":\"SearchAction\",\"target\":{\"@type\":\"EntryPoint\",\"urlTemplate\":\"https:\\\/\\\/www.koonings.com\\\/fr\\\/?s={search_term_string}\"},\"query-input\":{\"@type\":\"PropertyValueSpecification\",\"valueRequired\":true,\"valueName\":\"search_term_string\"}}],\"inLanguage\":\"fr-FR\"},{\"@type\":\"Organization\",\"@id\":\"https:\\\/\\\/www.koonings.com\\\/fr\\\/#organization\",\"name\":\"Koonings\",\"url\":\"https:\\\/\\\/www.koonings.com\\\/fr\\\/\",\"logo\":{\"@type\":\"ImageObject\",\"inLanguage\":\"fr-FR\",\"@id\":\"https:\\\/\\\/www.koonings.com\\\/fr\\\/#\\\/schema\\\/logo\\\/image\\\/\",\"url\":\"https:\\\/\\\/www.koonings.com\\\/wp-content\\\/uploads\\\/2024\\\/07\\\/logo.png\",\"contentUrl\":\"https:\\\/\\\/www.koonings.com\\\/wp-content\\\/uploads\\\/2024\\\/07\\\/logo.png\",\"width\":600,\"height\":428,\"caption\":\"Koonings\"},\"image\":{\"@id\":\"https:\\\/\\\/www.koonings.com\\\/fr\\\/#\\\/schema\\\/logo\\\/image\\\/\"},\"sameAs\":[\"https:\\\/\\\/www.facebook.com\\\/kooningstheweddingpalace\",\"https:\\\/\\\/www.instagram.com\\\/kooningstheweddingpalace\",\"https:\\\/\\\/www.pinterest.com\\\/koonings\",\"https:\\\/\\\/www.youtube.com\\\/kooningstheweddingpalace\"]}]}<\/script>\n<!-- \/ Yoast SEO plugin. -->","yoast_head_json":{"title":"Alma Novia Hectar 9B130GUIP001400 | Koonings","description":"Robe de mari\u00e9e sir\u00e8ne longue, deux pi\u00e8ces, de style boh\u00e8me chic, en dentelle guipure. D\u00e9collet\u00e9 et dos en V, parfaitement associ\u00e9s \u00e0 une cape en tulle et dentelle. Un ensemble Alma Novia.","robots":{"index":"index","follow":"follow","max-snippet":"max-snippet:-1","max-image-preview":"max-image-preview:large","max-video-preview":"max-video-preview:-1"},"canonical":"https:\/\/www.koonings.com\/fr\/product\/alma-novia-hectar-9b130guip001400\/","og_locale":"fr_FR","og_type":"article","og_title":"Alma Novia Hectar 9B130GUIP001400 | Koonings","og_description":"Robe de mari\u00e9e sir\u00e8ne longue, deux pi\u00e8ces, de style boh\u00e8me chic, en dentelle guipure. D\u00e9collet\u00e9 et dos en V, parfaitement associ\u00e9s \u00e0 une cape en tulle et dentelle. Un ensemble Alma Novia.","og_url":"https:\/\/www.koonings.com\/fr\/product\/alma-novia-hectar-9b130guip001400\/","og_site_name":"Koonings","article_publisher":"https:\/\/www.facebook.com\/kooningstheweddingpalace","article_modified_time":"2026-02-03T18:42:08+00:00","og_image":[{"width":1536,"height":1920,"url":"https:\/\/www.koonings.com\/wp-content\/uploads\/2024\/11\/49245_2076cf4360be6ad7a0fa2e09e65c001e61b6631f41cd2a9fc17cff3d11199aa3d35f77af.jpeg","type":"image\/jpeg"}],"twitter_card":"summary_large_image","schema":{"@context":"https:\/\/schema.org","@graph":[{"@type":"WebPage","@id":"https:\/\/www.koonings.com\/fr\/product\/alma-novia-hectar-9b130guip001400\/","url":"https:\/\/www.koonings.com\/fr\/product\/alma-novia-hectar-9b130guip001400\/","name":"Alma Novia Hectar 9B130GUIP001400 | Koonings","isPartOf":{"@id":"https:\/\/www.koonings.com\/fr\/#website"},"primaryImageOfPage":{"@id":"https:\/\/www.koonings.com\/fr\/product\/alma-novia-hectar-9b130guip001400\/#primaryimage"},"image":{"@id":"https:\/\/www.koonings.com\/fr\/product\/alma-novia-hectar-9b130guip001400\/#primaryimage"},"thumbnailUrl":"https:\/\/www.koonings.com\/wp-content\/uploads\/2024\/11\/49245_2076cf4360be6ad7a0fa2e09e65c001e61b6631f41cd2a9fc17cff3d11199aa3d35f77af.jpeg","datePublished":"2025-12-14T23:46:48+00:00","dateModified":"2026-02-03T18:42:08+00:00","description":"Robe de mari\u00e9e sir\u00e8ne longue, deux pi\u00e8ces, de style boh\u00e8me chic, en dentelle guipure. D\u00e9collet\u00e9 et dos en V, parfaitement associ\u00e9s \u00e0 une cape en tulle et dentelle. Un ensemble Alma Novia.","breadcrumb":{"@id":"https:\/\/www.koonings.com\/fr\/product\/alma-novia-hectar-9b130guip001400\/#breadcrumb"},"inLanguage":"fr-FR","potentialAction":[{"@type":"ReadAction","target":["https:\/\/www.koonings.com\/fr\/product\/alma-novia-hectar-9b130guip001400\/"]}]},{"@type":"ImageObject","inLanguage":"fr-FR","@id":"https:\/\/www.koonings.com\/fr\/product\/alma-novia-hectar-9b130guip001400\/#primaryimage","url":"https:\/\/www.koonings.com\/wp-content\/uploads\/2024\/11\/49245_2076cf4360be6ad7a0fa2e09e65c001e61b6631f41cd2a9fc17cff3d11199aa3d35f77af.jpeg","contentUrl":"https:\/\/www.koonings.com\/wp-content\/uploads\/2024\/11\/49245_2076cf4360be6ad7a0fa2e09e65c001e61b6631f41cd2a9fc17cff3d11199aa3d35f77af.jpeg","width":1536,"height":1920},{"@type":"BreadcrumbList","@id":"https:\/\/www.koonings.com\/fr\/product\/alma-novia-hectar-9b130guip001400\/#breadcrumb","itemListElement":[{"@type":"ListItem","position":1,"name":"Home","item":"https:\/\/www.koonings.com\/fr\/"},{"@type":"ListItem","position":2,"name":"Alma Novia Hectar 9B130GUIP001400"}]},{"@type":"WebSite","@id":"https:\/\/www.koonings.com\/fr\/#website","url":"https:\/\/www.koonings.com\/fr\/","name":"Koonings","description":"De grootste bruidsmodewinkel ter wereld","publisher":{"@id":"https:\/\/www.koonings.com\/fr\/#organization"},"potentialAction":[{"@type":"SearchAction","target":{"@type":"EntryPoint","urlTemplate":"https:\/\/www.koonings.com\/fr\/?s={search_term_string}"},"query-input":{"@type":"PropertyValueSpecification","valueRequired":true,"valueName":"search_term_string"}}],"inLanguage":"fr-FR"},{"@type":"Organization","@id":"https:\/\/www.koonings.com\/fr\/#organization","name":"Koonings","url":"https:\/\/www.koonings.com\/fr\/","logo":{"@type":"ImageObject","inLanguage":"fr-FR","@id":"https:\/\/www.koonings.com\/fr\/#\/schema\/logo\/image\/","url":"https:\/\/www.koonings.com\/wp-content\/uploads\/2024\/07\/logo.png","contentUrl":"https:\/\/www.koonings.com\/wp-content\/uploads\/2024\/07\/logo.png","width":600,"height":428,"caption":"Koonings"},"image":{"@id":"https:\/\/www.koonings.com\/fr\/#\/schema\/logo\/image\/"},"sameAs":["https:\/\/www.facebook.com\/kooningstheweddingpalace","https:\/\/www.instagram.com\/kooningstheweddingpalace","https:\/\/www.pinterest.com\/koonings","https:\/\/www.youtube.com\/kooningstheweddingpalace"]}]}},"_links":{"self":[{"href":"https:\/\/www.koonings.com\/fr\/wp-json\/wp\/v2\/product\/78856","targetHints":{"allow":["GET"]}}],"collection":[{"href":"https:\/\/www.koonings.com\/fr\/wp-json\/wp\/v2\/product"}],"about":[{"href":"https:\/\/www.koonings.com\/fr\/wp-json\/wp\/v2\/types\/product"}],"wp:featuredmedia":[{"embeddable":true,"href":"https:\/\/www.koonings.com\/fr\/wp-json\/wp\/v2\/media\/65519"}],"wp:attachment":[{"href":"https:\/\/www.koonings.com\/fr\/wp-json\/wp\/v2\/media?parent=78856"}],"wp:term":[{"taxonomy":"productdetails","embeddable":true,"href":"https:\/\/www.koonings.com\/fr\/wp-json\/wp\/v2\/productdetails?post=78856"},{"taxonomy":"productneck","embeddable":true,"href":"https:\/\/www.koonings.com\/fr\/wp-json\/wp\/v2\/productneck?post=78856"},{"taxonomy":"productcolor","embeddable":true,"href":"https:\/\/www.koonings.com\/fr\/wp-json\/wp\/v2\/productcolor?post=78856"},{"taxonomy":"maat","embeddable":true,"href":"https:\/\/www.koonings.com\/fr\/wp-json\/wp\/v2\/maat?post=78856"},{"taxonomy":"productsupplier","embeddable":true,"href":"https:\/\/www.koonings.com\/fr\/wp-json\/wp\/v2\/productsupplier?post=78856"},{"taxonomy":"productsleeve","embeddable":true,"href":"https:\/\/www.koonings.com\/fr\/wp-json\/wp\/v2\/productsleeve?post=78856"},{"taxonomy":"productcategory","embeddable":true,"href":"https:\/\/www.koonings.com\/fr\/wp-json\/wp\/v2\/productcategory?post=78856"},{"taxonomy":"productsilhouette","embeddable":true,"href":"https:\/\/www.koonings.com\/fr\/wp-json\/wp\/v2\/productsilhouette?post=78856"},{"taxonomy":"productstyle","embeddable":true,"href":"https:\/\/www.koonings.com\/fr\/wp-json\/wp\/v2\/productstyle?post=78856"}],"curies":[{"name":"wp","href":"https:\/\/api.w.org\/{rel}","templated":true}]}}