{"id":78851,"date":"2026-04-28T18:28:51","date_gmt":"2026-04-28T16:28:51","guid":{"rendered":"https:\/\/www.koonings.com\/product\/milla-nova-sapna\/"},"modified":"2026-02-16T14:47:27","modified_gmt":"2026-02-16T13:47:27","slug":"milla-nova-sapna","status":"publish","type":"product","link":"https:\/\/www.koonings.com\/fr\/product\/milla-nova-sapna\/","title":{"rendered":"Milla Nova Sapna"},"content":{"rendered":"<p>Robe de mari\u00e9e de r\u00eave en ligne A, enti\u00e8rement recouverte de dentelle florale et embellie \u00e0 la main avec des paillettes. Elle pr\u00e9sente un d\u00e9collet\u00e9 en forme de c\u0153ur, un corsage semi-transparent scintillant dot\u00e9 d&#8217;une armature, des bretelles spaghetti pouvant \u00eatre port\u00e9es sur les \u00e9paules et une jupe maxi avec des fentes lat\u00e9rales. <\/p>\n","protected":false},"featured_media":65502,"template":"","meta":{"_acf_changed":false,"ghostkit_customizer_options":"","ghostkit_custom_css":"","ghostkit_custom_js_head":"","ghostkit_custom_js_foot":"","ghostkit_typography":""},"productdetails":[379,378],"productneck":[355],"productcolor":[392],"maat":[],"productsupplier":[446],"productsleeve":[359],"productcategory":[18],"productsilhouette":[384],"productstyle":[366,370],"class_list":["post-78851","product","type-product","status-publish","has-post-thumbnail","hentry","productdetails-379","productdetails-378","productneck-355","productcolor-392","productsupplier-milla-nova","productsleeve-359","productcategory-trouwjurken","productsilhouette-384","productstyle-366","productstyle-370"],"acf":[],"yoast_head":"<!-- This site is optimized with the Yoast SEO plugin v27.3 - https:\/\/yoast.com\/product\/yoast-seo-wordpress\/ -->\n<title>Milla Nova Sapna | Koonings<\/title>\n<meta name=\"description\" content=\"Robe de mari\u00e9e de r\u00eave en ligne A, enti\u00e8rement recouverte de dentelle florale et embellie \u00e0 la main avec des paillettes. Elle pr\u00e9sente un d\u00e9collet\u00e9 en forme de c\u0153ur, un corsage semi-transparent scintillant dot\u00e9 d&#039;une armature, des bretelles spaghetti pouvant \u00eatre port\u00e9es sur les \u00e9paules et une jupe maxi avec des fentes lat\u00e9rales.\" \/>\n<meta name=\"robots\" content=\"index, follow, max-snippet:-1, max-image-preview:large, max-video-preview:-1\" \/>\n<link rel=\"canonical\" href=\"https:\/\/www.koonings.com\/fr\/product\/milla-nova-sapna\/\" \/>\n<meta property=\"og:locale\" content=\"fr_FR\" \/>\n<meta property=\"og:type\" content=\"article\" \/>\n<meta property=\"og:title\" content=\"Milla Nova Sapna | Koonings\" \/>\n<meta property=\"og:description\" content=\"Robe de mari\u00e9e de r\u00eave en ligne A, enti\u00e8rement recouverte de dentelle florale et embellie \u00e0 la main avec des paillettes. Elle pr\u00e9sente un d\u00e9collet\u00e9 en forme de c\u0153ur, un corsage semi-transparent scintillant dot\u00e9 d&#039;une armature, des bretelles spaghetti pouvant \u00eatre port\u00e9es sur les \u00e9paules et une jupe maxi avec des fentes lat\u00e9rales.\" \/>\n<meta property=\"og:url\" content=\"https:\/\/www.koonings.com\/fr\/product\/milla-nova-sapna\/\" \/>\n<meta property=\"og:site_name\" content=\"Koonings\" \/>\n<meta property=\"article:publisher\" content=\"https:\/\/www.facebook.com\/kooningstheweddingpalace\" \/>\n<meta property=\"og:image\" content=\"https:\/\/www.koonings.com\/wp-content\/uploads\/2024\/11\/49222_f90050d80f9eee0c602f433ea0b78865c43a16287bca5177164a1c95b30712922d69181b-scaled.jpeg\" \/>\n\t<meta property=\"og:image:width\" content=\"1814\" \/>\n\t<meta property=\"og:image:height\" content=\"2560\" \/>\n\t<meta property=\"og:image:type\" content=\"image\/jpeg\" \/>\n<meta name=\"twitter:card\" content=\"summary_large_image\" \/>\n<script type=\"application\/ld+json\" class=\"yoast-schema-graph\">{\"@context\":\"https:\\\/\\\/schema.org\",\"@graph\":[{\"@type\":\"WebPage\",\"@id\":\"https:\\\/\\\/www.koonings.com\\\/fr\\\/product\\\/milla-nova-sapna\\\/\",\"url\":\"https:\\\/\\\/www.koonings.com\\\/fr\\\/product\\\/milla-nova-sapna\\\/\",\"name\":\"Milla Nova Sapna | Koonings\",\"isPartOf\":{\"@id\":\"https:\\\/\\\/www.koonings.com\\\/fr\\\/#website\"},\"primaryImageOfPage\":{\"@id\":\"https:\\\/\\\/www.koonings.com\\\/fr\\\/product\\\/milla-nova-sapna\\\/#primaryimage\"},\"image\":{\"@id\":\"https:\\\/\\\/www.koonings.com\\\/fr\\\/product\\\/milla-nova-sapna\\\/#primaryimage\"},\"thumbnailUrl\":\"https:\\\/\\\/www.koonings.com\\\/wp-content\\\/uploads\\\/2024\\\/11\\\/49222_f90050d80f9eee0c602f433ea0b78865c43a16287bca5177164a1c95b30712922d69181b-scaled.jpeg\",\"datePublished\":\"2026-04-28T16:28:51+00:00\",\"description\":\"Robe de mari\u00e9e de r\u00eave en ligne A, enti\u00e8rement recouverte de dentelle florale et embellie \u00e0 la main avec des paillettes. Elle pr\u00e9sente un d\u00e9collet\u00e9 en forme de c\u0153ur, un corsage semi-transparent scintillant dot\u00e9 d'une armature, des bretelles spaghetti pouvant \u00eatre port\u00e9es sur les \u00e9paules et une jupe maxi avec des fentes lat\u00e9rales.\",\"breadcrumb\":{\"@id\":\"https:\\\/\\\/www.koonings.com\\\/fr\\\/product\\\/milla-nova-sapna\\\/#breadcrumb\"},\"inLanguage\":\"fr-FR\",\"potentialAction\":[{\"@type\":\"ReadAction\",\"target\":[\"https:\\\/\\\/www.koonings.com\\\/fr\\\/product\\\/milla-nova-sapna\\\/\"]}]},{\"@type\":\"ImageObject\",\"inLanguage\":\"fr-FR\",\"@id\":\"https:\\\/\\\/www.koonings.com\\\/fr\\\/product\\\/milla-nova-sapna\\\/#primaryimage\",\"url\":\"https:\\\/\\\/www.koonings.com\\\/wp-content\\\/uploads\\\/2024\\\/11\\\/49222_f90050d80f9eee0c602f433ea0b78865c43a16287bca5177164a1c95b30712922d69181b-scaled.jpeg\",\"contentUrl\":\"https:\\\/\\\/www.koonings.com\\\/wp-content\\\/uploads\\\/2024\\\/11\\\/49222_f90050d80f9eee0c602f433ea0b78865c43a16287bca5177164a1c95b30712922d69181b-scaled.jpeg\",\"width\":1814,\"height\":2560},{\"@type\":\"BreadcrumbList\",\"@id\":\"https:\\\/\\\/www.koonings.com\\\/fr\\\/product\\\/milla-nova-sapna\\\/#breadcrumb\",\"itemListElement\":[{\"@type\":\"ListItem\",\"position\":1,\"name\":\"Home\",\"item\":\"https:\\\/\\\/www.koonings.com\\\/fr\\\/\"},{\"@type\":\"ListItem\",\"position\":2,\"name\":\"Milla Nova Sapna\"}]},{\"@type\":\"WebSite\",\"@id\":\"https:\\\/\\\/www.koonings.com\\\/fr\\\/#website\",\"url\":\"https:\\\/\\\/www.koonings.com\\\/fr\\\/\",\"name\":\"Koonings\",\"description\":\"De grootste bruidsmodewinkel ter wereld\",\"publisher\":{\"@id\":\"https:\\\/\\\/www.koonings.com\\\/fr\\\/#organization\"},\"potentialAction\":[{\"@type\":\"SearchAction\",\"target\":{\"@type\":\"EntryPoint\",\"urlTemplate\":\"https:\\\/\\\/www.koonings.com\\\/fr\\\/?s={search_term_string}\"},\"query-input\":{\"@type\":\"PropertyValueSpecification\",\"valueRequired\":true,\"valueName\":\"search_term_string\"}}],\"inLanguage\":\"fr-FR\"},{\"@type\":\"Organization\",\"@id\":\"https:\\\/\\\/www.koonings.com\\\/fr\\\/#organization\",\"name\":\"Koonings\",\"url\":\"https:\\\/\\\/www.koonings.com\\\/fr\\\/\",\"logo\":{\"@type\":\"ImageObject\",\"inLanguage\":\"fr-FR\",\"@id\":\"https:\\\/\\\/www.koonings.com\\\/fr\\\/#\\\/schema\\\/logo\\\/image\\\/\",\"url\":\"https:\\\/\\\/www.koonings.com\\\/wp-content\\\/uploads\\\/2024\\\/07\\\/logo.png\",\"contentUrl\":\"https:\\\/\\\/www.koonings.com\\\/wp-content\\\/uploads\\\/2024\\\/07\\\/logo.png\",\"width\":600,\"height\":428,\"caption\":\"Koonings\"},\"image\":{\"@id\":\"https:\\\/\\\/www.koonings.com\\\/fr\\\/#\\\/schema\\\/logo\\\/image\\\/\"},\"sameAs\":[\"https:\\\/\\\/www.facebook.com\\\/kooningstheweddingpalace\",\"https:\\\/\\\/www.instagram.com\\\/kooningstheweddingpalace\",\"https:\\\/\\\/www.pinterest.com\\\/koonings\",\"https:\\\/\\\/www.youtube.com\\\/kooningstheweddingpalace\"]}]}<\/script>\n<!-- \/ Yoast SEO plugin. -->","yoast_head_json":{"title":"Milla Nova Sapna | Koonings","description":"Robe de mari\u00e9e de r\u00eave en ligne A, enti\u00e8rement recouverte de dentelle florale et embellie \u00e0 la main avec des paillettes. Elle pr\u00e9sente un d\u00e9collet\u00e9 en forme de c\u0153ur, un corsage semi-transparent scintillant dot\u00e9 d'une armature, des bretelles spaghetti pouvant \u00eatre port\u00e9es sur les \u00e9paules et une jupe maxi avec des fentes lat\u00e9rales.","robots":{"index":"index","follow":"follow","max-snippet":"max-snippet:-1","max-image-preview":"max-image-preview:large","max-video-preview":"max-video-preview:-1"},"canonical":"https:\/\/www.koonings.com\/fr\/product\/milla-nova-sapna\/","og_locale":"fr_FR","og_type":"article","og_title":"Milla Nova Sapna | Koonings","og_description":"Robe de mari\u00e9e de r\u00eave en ligne A, enti\u00e8rement recouverte de dentelle florale et embellie \u00e0 la main avec des paillettes. Elle pr\u00e9sente un d\u00e9collet\u00e9 en forme de c\u0153ur, un corsage semi-transparent scintillant dot\u00e9 d'une armature, des bretelles spaghetti pouvant \u00eatre port\u00e9es sur les \u00e9paules et une jupe maxi avec des fentes lat\u00e9rales.","og_url":"https:\/\/www.koonings.com\/fr\/product\/milla-nova-sapna\/","og_site_name":"Koonings","article_publisher":"https:\/\/www.facebook.com\/kooningstheweddingpalace","og_image":[{"width":1814,"height":2560,"url":"https:\/\/www.koonings.com\/wp-content\/uploads\/2024\/11\/49222_f90050d80f9eee0c602f433ea0b78865c43a16287bca5177164a1c95b30712922d69181b-scaled.jpeg","type":"image\/jpeg"}],"twitter_card":"summary_large_image","schema":{"@context":"https:\/\/schema.org","@graph":[{"@type":"WebPage","@id":"https:\/\/www.koonings.com\/fr\/product\/milla-nova-sapna\/","url":"https:\/\/www.koonings.com\/fr\/product\/milla-nova-sapna\/","name":"Milla Nova Sapna | Koonings","isPartOf":{"@id":"https:\/\/www.koonings.com\/fr\/#website"},"primaryImageOfPage":{"@id":"https:\/\/www.koonings.com\/fr\/product\/milla-nova-sapna\/#primaryimage"},"image":{"@id":"https:\/\/www.koonings.com\/fr\/product\/milla-nova-sapna\/#primaryimage"},"thumbnailUrl":"https:\/\/www.koonings.com\/wp-content\/uploads\/2024\/11\/49222_f90050d80f9eee0c602f433ea0b78865c43a16287bca5177164a1c95b30712922d69181b-scaled.jpeg","datePublished":"2026-04-28T16:28:51+00:00","description":"Robe de mari\u00e9e de r\u00eave en ligne A, enti\u00e8rement recouverte de dentelle florale et embellie \u00e0 la main avec des paillettes. Elle pr\u00e9sente un d\u00e9collet\u00e9 en forme de c\u0153ur, un corsage semi-transparent scintillant dot\u00e9 d'une armature, des bretelles spaghetti pouvant \u00eatre port\u00e9es sur les \u00e9paules et une jupe maxi avec des fentes lat\u00e9rales.","breadcrumb":{"@id":"https:\/\/www.koonings.com\/fr\/product\/milla-nova-sapna\/#breadcrumb"},"inLanguage":"fr-FR","potentialAction":[{"@type":"ReadAction","target":["https:\/\/www.koonings.com\/fr\/product\/milla-nova-sapna\/"]}]},{"@type":"ImageObject","inLanguage":"fr-FR","@id":"https:\/\/www.koonings.com\/fr\/product\/milla-nova-sapna\/#primaryimage","url":"https:\/\/www.koonings.com\/wp-content\/uploads\/2024\/11\/49222_f90050d80f9eee0c602f433ea0b78865c43a16287bca5177164a1c95b30712922d69181b-scaled.jpeg","contentUrl":"https:\/\/www.koonings.com\/wp-content\/uploads\/2024\/11\/49222_f90050d80f9eee0c602f433ea0b78865c43a16287bca5177164a1c95b30712922d69181b-scaled.jpeg","width":1814,"height":2560},{"@type":"BreadcrumbList","@id":"https:\/\/www.koonings.com\/fr\/product\/milla-nova-sapna\/#breadcrumb","itemListElement":[{"@type":"ListItem","position":1,"name":"Home","item":"https:\/\/www.koonings.com\/fr\/"},{"@type":"ListItem","position":2,"name":"Milla Nova Sapna"}]},{"@type":"WebSite","@id":"https:\/\/www.koonings.com\/fr\/#website","url":"https:\/\/www.koonings.com\/fr\/","name":"Koonings","description":"De grootste bruidsmodewinkel ter wereld","publisher":{"@id":"https:\/\/www.koonings.com\/fr\/#organization"},"potentialAction":[{"@type":"SearchAction","target":{"@type":"EntryPoint","urlTemplate":"https:\/\/www.koonings.com\/fr\/?s={search_term_string}"},"query-input":{"@type":"PropertyValueSpecification","valueRequired":true,"valueName":"search_term_string"}}],"inLanguage":"fr-FR"},{"@type":"Organization","@id":"https:\/\/www.koonings.com\/fr\/#organization","name":"Koonings","url":"https:\/\/www.koonings.com\/fr\/","logo":{"@type":"ImageObject","inLanguage":"fr-FR","@id":"https:\/\/www.koonings.com\/fr\/#\/schema\/logo\/image\/","url":"https:\/\/www.koonings.com\/wp-content\/uploads\/2024\/07\/logo.png","contentUrl":"https:\/\/www.koonings.com\/wp-content\/uploads\/2024\/07\/logo.png","width":600,"height":428,"caption":"Koonings"},"image":{"@id":"https:\/\/www.koonings.com\/fr\/#\/schema\/logo\/image\/"},"sameAs":["https:\/\/www.facebook.com\/kooningstheweddingpalace","https:\/\/www.instagram.com\/kooningstheweddingpalace","https:\/\/www.pinterest.com\/koonings","https:\/\/www.youtube.com\/kooningstheweddingpalace"]}]}},"_links":{"self":[{"href":"https:\/\/www.koonings.com\/fr\/wp-json\/wp\/v2\/product\/78851","targetHints":{"allow":["GET"]}}],"collection":[{"href":"https:\/\/www.koonings.com\/fr\/wp-json\/wp\/v2\/product"}],"about":[{"href":"https:\/\/www.koonings.com\/fr\/wp-json\/wp\/v2\/types\/product"}],"wp:featuredmedia":[{"embeddable":true,"href":"https:\/\/www.koonings.com\/fr\/wp-json\/wp\/v2\/media\/65502"}],"wp:attachment":[{"href":"https:\/\/www.koonings.com\/fr\/wp-json\/wp\/v2\/media?parent=78851"}],"wp:term":[{"taxonomy":"productdetails","embeddable":true,"href":"https:\/\/www.koonings.com\/fr\/wp-json\/wp\/v2\/productdetails?post=78851"},{"taxonomy":"productneck","embeddable":true,"href":"https:\/\/www.koonings.com\/fr\/wp-json\/wp\/v2\/productneck?post=78851"},{"taxonomy":"productcolor","embeddable":true,"href":"https:\/\/www.koonings.com\/fr\/wp-json\/wp\/v2\/productcolor?post=78851"},{"taxonomy":"maat","embeddable":true,"href":"https:\/\/www.koonings.com\/fr\/wp-json\/wp\/v2\/maat?post=78851"},{"taxonomy":"productsupplier","embeddable":true,"href":"https:\/\/www.koonings.com\/fr\/wp-json\/wp\/v2\/productsupplier?post=78851"},{"taxonomy":"productsleeve","embeddable":true,"href":"https:\/\/www.koonings.com\/fr\/wp-json\/wp\/v2\/productsleeve?post=78851"},{"taxonomy":"productcategory","embeddable":true,"href":"https:\/\/www.koonings.com\/fr\/wp-json\/wp\/v2\/productcategory?post=78851"},{"taxonomy":"productsilhouette","embeddable":true,"href":"https:\/\/www.koonings.com\/fr\/wp-json\/wp\/v2\/productsilhouette?post=78851"},{"taxonomy":"productstyle","embeddable":true,"href":"https:\/\/www.koonings.com\/fr\/wp-json\/wp\/v2\/productstyle?post=78851"}],"curies":[{"name":"wp","href":"https:\/\/api.w.org\/{rel}","templated":true}]}}