{"id":78822,"date":"2024-11-18T15:46:26","date_gmt":"2024-11-18T14:46:26","guid":{"rendered":"https:\/\/www.koonings.com\/product\/modeca-daisy-2\/"},"modified":"2026-02-03T19:42:53","modified_gmt":"2026-02-03T18:42:53","slug":"modeca-daisy-2","status":"publish","type":"product","link":"https:\/\/www.koonings.com\/fr\/product\/modeca-daisy-2\/","title":{"rendered":"Modeca Daisy"},"content":{"rendered":"<p>Faites une entr\u00e9e inoubliable dans l&#8217;enchanteresse robe Daisy A-line. La pi\u00e8ce ma\u00eetresse de ce mod\u00e8le est le ravissant corsage en dentelle illusion, subtilement orn\u00e9 de motifs floraux complexes. La jupe en tulle scintillant ajoute l&#8217;\u00e9clat parfait \u00e0 ce look. Cette robe est \u00e9galement disponible en tulle uni &#8211; Daisy-A.   <\/p>\n","protected":false},"featured_media":65755,"template":"","meta":{"_acf_changed":false,"ghostkit_customizer_options":"","ghostkit_custom_css":"","ghostkit_custom_js_head":"","ghostkit_custom_js_foot":"","ghostkit_typography":""},"productdetails":[379,381],"productneck":[351,356],"productcolor":[393,392],"maat":[],"productsupplier":[434],"productsleeve":[359],"productcategory":[18],"productsilhouette":[384],"productstyle":[366,370],"class_list":["post-78822","product","type-product","status-publish","has-post-thumbnail","hentry","productdetails-379","productdetails-381","productneck-351","productneck-356","productcolor-393","productcolor-392","productsupplier-modeca","productsleeve-359","productcategory-trouwjurken","productsilhouette-384","productstyle-366","productstyle-370"],"acf":[],"yoast_head":"<!-- This site is optimized with the Yoast SEO plugin v27.3 - https:\/\/yoast.com\/product\/yoast-seo-wordpress\/ -->\n<title>Modeca Daisy | Koonings<\/title>\n<meta name=\"description\" content=\"Faites une entr\u00e9e inoubliable dans l&#039;enchanteresse robe Daisy A-line. La pi\u00e8ce ma\u00eetresse de ce mod\u00e8le est le ravissant corsage en dentelle illusion, subtilement orn\u00e9 de motifs floraux complexes. La jupe en tulle scintillant ajoute l&#039;\u00e9clat parfait \u00e0 ce look. Cette robe est \u00e9galement disponible en tulle uni - Daisy-A.\" \/>\n<meta name=\"robots\" content=\"index, follow, max-snippet:-1, max-image-preview:large, max-video-preview:-1\" \/>\n<link rel=\"canonical\" href=\"https:\/\/www.koonings.com\/fr\/product\/modeca-daisy-2\/\" \/>\n<meta property=\"og:locale\" content=\"fr_FR\" \/>\n<meta property=\"og:type\" content=\"article\" \/>\n<meta property=\"og:title\" content=\"Modeca Daisy | Koonings\" \/>\n<meta property=\"og:description\" content=\"Faites une entr\u00e9e inoubliable dans l&#039;enchanteresse robe Daisy A-line. La pi\u00e8ce ma\u00eetresse de ce mod\u00e8le est le ravissant corsage en dentelle illusion, subtilement orn\u00e9 de motifs floraux complexes. La jupe en tulle scintillant ajoute l&#039;\u00e9clat parfait \u00e0 ce look. Cette robe est \u00e9galement disponible en tulle uni - Daisy-A.\" \/>\n<meta property=\"og:url\" content=\"https:\/\/www.koonings.com\/fr\/product\/modeca-daisy-2\/\" \/>\n<meta property=\"og:site_name\" content=\"Koonings\" \/>\n<meta property=\"article:publisher\" content=\"https:\/\/www.facebook.com\/kooningstheweddingpalace\" \/>\n<meta property=\"article:modified_time\" content=\"2026-02-03T18:42:53+00:00\" \/>\n<meta property=\"og:image\" content=\"https:\/\/www.koonings.com\/wp-content\/uploads\/2024\/11\/48855_3a43792aa77fdc83b1377353b966af914a60efbc75e342eda92342dc6b070ef9396969a1.jpeg\" \/>\n\t<meta property=\"og:image:width\" content=\"863\" \/>\n\t<meta property=\"og:image:height\" content=\"1221\" \/>\n\t<meta property=\"og:image:type\" content=\"image\/jpeg\" \/>\n<meta name=\"twitter:card\" content=\"summary_large_image\" \/>\n<script type=\"application\/ld+json\" class=\"yoast-schema-graph\">{\"@context\":\"https:\\\/\\\/schema.org\",\"@graph\":[{\"@type\":\"WebPage\",\"@id\":\"https:\\\/\\\/www.koonings.com\\\/fr\\\/product\\\/modeca-daisy-2\\\/\",\"url\":\"https:\\\/\\\/www.koonings.com\\\/fr\\\/product\\\/modeca-daisy-2\\\/\",\"name\":\"Modeca Daisy | Koonings\",\"isPartOf\":{\"@id\":\"https:\\\/\\\/www.koonings.com\\\/fr\\\/#website\"},\"primaryImageOfPage\":{\"@id\":\"https:\\\/\\\/www.koonings.com\\\/fr\\\/product\\\/modeca-daisy-2\\\/#primaryimage\"},\"image\":{\"@id\":\"https:\\\/\\\/www.koonings.com\\\/fr\\\/product\\\/modeca-daisy-2\\\/#primaryimage\"},\"thumbnailUrl\":\"https:\\\/\\\/www.koonings.com\\\/wp-content\\\/uploads\\\/2024\\\/11\\\/48855_3a43792aa77fdc83b1377353b966af914a60efbc75e342eda92342dc6b070ef9396969a1.jpeg\",\"datePublished\":\"2024-11-18T14:46:26+00:00\",\"dateModified\":\"2026-02-03T18:42:53+00:00\",\"description\":\"Faites une entr\u00e9e inoubliable dans l'enchanteresse robe Daisy A-line. La pi\u00e8ce ma\u00eetresse de ce mod\u00e8le est le ravissant corsage en dentelle illusion, subtilement orn\u00e9 de motifs floraux complexes. La jupe en tulle scintillant ajoute l'\u00e9clat parfait \u00e0 ce look. Cette robe est \u00e9galement disponible en tulle uni - Daisy-A.\",\"breadcrumb\":{\"@id\":\"https:\\\/\\\/www.koonings.com\\\/fr\\\/product\\\/modeca-daisy-2\\\/#breadcrumb\"},\"inLanguage\":\"fr-FR\",\"potentialAction\":[{\"@type\":\"ReadAction\",\"target\":[\"https:\\\/\\\/www.koonings.com\\\/fr\\\/product\\\/modeca-daisy-2\\\/\"]}]},{\"@type\":\"ImageObject\",\"inLanguage\":\"fr-FR\",\"@id\":\"https:\\\/\\\/www.koonings.com\\\/fr\\\/product\\\/modeca-daisy-2\\\/#primaryimage\",\"url\":\"https:\\\/\\\/www.koonings.com\\\/wp-content\\\/uploads\\\/2024\\\/11\\\/48855_3a43792aa77fdc83b1377353b966af914a60efbc75e342eda92342dc6b070ef9396969a1.jpeg\",\"contentUrl\":\"https:\\\/\\\/www.koonings.com\\\/wp-content\\\/uploads\\\/2024\\\/11\\\/48855_3a43792aa77fdc83b1377353b966af914a60efbc75e342eda92342dc6b070ef9396969a1.jpeg\",\"width\":863,\"height\":1221},{\"@type\":\"BreadcrumbList\",\"@id\":\"https:\\\/\\\/www.koonings.com\\\/fr\\\/product\\\/modeca-daisy-2\\\/#breadcrumb\",\"itemListElement\":[{\"@type\":\"ListItem\",\"position\":1,\"name\":\"Home\",\"item\":\"https:\\\/\\\/www.koonings.com\\\/fr\\\/\"},{\"@type\":\"ListItem\",\"position\":2,\"name\":\"Modeca Daisy\"}]},{\"@type\":\"WebSite\",\"@id\":\"https:\\\/\\\/www.koonings.com\\\/fr\\\/#website\",\"url\":\"https:\\\/\\\/www.koonings.com\\\/fr\\\/\",\"name\":\"Koonings\",\"description\":\"De grootste bruidsmodewinkel ter wereld\",\"publisher\":{\"@id\":\"https:\\\/\\\/www.koonings.com\\\/fr\\\/#organization\"},\"potentialAction\":[{\"@type\":\"SearchAction\",\"target\":{\"@type\":\"EntryPoint\",\"urlTemplate\":\"https:\\\/\\\/www.koonings.com\\\/fr\\\/?s={search_term_string}\"},\"query-input\":{\"@type\":\"PropertyValueSpecification\",\"valueRequired\":true,\"valueName\":\"search_term_string\"}}],\"inLanguage\":\"fr-FR\"},{\"@type\":\"Organization\",\"@id\":\"https:\\\/\\\/www.koonings.com\\\/fr\\\/#organization\",\"name\":\"Koonings\",\"url\":\"https:\\\/\\\/www.koonings.com\\\/fr\\\/\",\"logo\":{\"@type\":\"ImageObject\",\"inLanguage\":\"fr-FR\",\"@id\":\"https:\\\/\\\/www.koonings.com\\\/fr\\\/#\\\/schema\\\/logo\\\/image\\\/\",\"url\":\"https:\\\/\\\/www.koonings.com\\\/wp-content\\\/uploads\\\/2024\\\/07\\\/logo.png\",\"contentUrl\":\"https:\\\/\\\/www.koonings.com\\\/wp-content\\\/uploads\\\/2024\\\/07\\\/logo.png\",\"width\":600,\"height\":428,\"caption\":\"Koonings\"},\"image\":{\"@id\":\"https:\\\/\\\/www.koonings.com\\\/fr\\\/#\\\/schema\\\/logo\\\/image\\\/\"},\"sameAs\":[\"https:\\\/\\\/www.facebook.com\\\/kooningstheweddingpalace\",\"https:\\\/\\\/www.instagram.com\\\/kooningstheweddingpalace\",\"https:\\\/\\\/www.pinterest.com\\\/koonings\",\"https:\\\/\\\/www.youtube.com\\\/kooningstheweddingpalace\"]}]}<\/script>\n<!-- \/ Yoast SEO plugin. -->","yoast_head_json":{"title":"Modeca Daisy | Koonings","description":"Faites une entr\u00e9e inoubliable dans l'enchanteresse robe Daisy A-line. La pi\u00e8ce ma\u00eetresse de ce mod\u00e8le est le ravissant corsage en dentelle illusion, subtilement orn\u00e9 de motifs floraux complexes. La jupe en tulle scintillant ajoute l'\u00e9clat parfait \u00e0 ce look. Cette robe est \u00e9galement disponible en tulle uni - Daisy-A.","robots":{"index":"index","follow":"follow","max-snippet":"max-snippet:-1","max-image-preview":"max-image-preview:large","max-video-preview":"max-video-preview:-1"},"canonical":"https:\/\/www.koonings.com\/fr\/product\/modeca-daisy-2\/","og_locale":"fr_FR","og_type":"article","og_title":"Modeca Daisy | Koonings","og_description":"Faites une entr\u00e9e inoubliable dans l'enchanteresse robe Daisy A-line. La pi\u00e8ce ma\u00eetresse de ce mod\u00e8le est le ravissant corsage en dentelle illusion, subtilement orn\u00e9 de motifs floraux complexes. La jupe en tulle scintillant ajoute l'\u00e9clat parfait \u00e0 ce look. Cette robe est \u00e9galement disponible en tulle uni - Daisy-A.","og_url":"https:\/\/www.koonings.com\/fr\/product\/modeca-daisy-2\/","og_site_name":"Koonings","article_publisher":"https:\/\/www.facebook.com\/kooningstheweddingpalace","article_modified_time":"2026-02-03T18:42:53+00:00","og_image":[{"width":863,"height":1221,"url":"https:\/\/www.koonings.com\/wp-content\/uploads\/2024\/11\/48855_3a43792aa77fdc83b1377353b966af914a60efbc75e342eda92342dc6b070ef9396969a1.jpeg","type":"image\/jpeg"}],"twitter_card":"summary_large_image","schema":{"@context":"https:\/\/schema.org","@graph":[{"@type":"WebPage","@id":"https:\/\/www.koonings.com\/fr\/product\/modeca-daisy-2\/","url":"https:\/\/www.koonings.com\/fr\/product\/modeca-daisy-2\/","name":"Modeca Daisy | Koonings","isPartOf":{"@id":"https:\/\/www.koonings.com\/fr\/#website"},"primaryImageOfPage":{"@id":"https:\/\/www.koonings.com\/fr\/product\/modeca-daisy-2\/#primaryimage"},"image":{"@id":"https:\/\/www.koonings.com\/fr\/product\/modeca-daisy-2\/#primaryimage"},"thumbnailUrl":"https:\/\/www.koonings.com\/wp-content\/uploads\/2024\/11\/48855_3a43792aa77fdc83b1377353b966af914a60efbc75e342eda92342dc6b070ef9396969a1.jpeg","datePublished":"2024-11-18T14:46:26+00:00","dateModified":"2026-02-03T18:42:53+00:00","description":"Faites une entr\u00e9e inoubliable dans l'enchanteresse robe Daisy A-line. La pi\u00e8ce ma\u00eetresse de ce mod\u00e8le est le ravissant corsage en dentelle illusion, subtilement orn\u00e9 de motifs floraux complexes. La jupe en tulle scintillant ajoute l'\u00e9clat parfait \u00e0 ce look. Cette robe est \u00e9galement disponible en tulle uni - Daisy-A.","breadcrumb":{"@id":"https:\/\/www.koonings.com\/fr\/product\/modeca-daisy-2\/#breadcrumb"},"inLanguage":"fr-FR","potentialAction":[{"@type":"ReadAction","target":["https:\/\/www.koonings.com\/fr\/product\/modeca-daisy-2\/"]}]},{"@type":"ImageObject","inLanguage":"fr-FR","@id":"https:\/\/www.koonings.com\/fr\/product\/modeca-daisy-2\/#primaryimage","url":"https:\/\/www.koonings.com\/wp-content\/uploads\/2024\/11\/48855_3a43792aa77fdc83b1377353b966af914a60efbc75e342eda92342dc6b070ef9396969a1.jpeg","contentUrl":"https:\/\/www.koonings.com\/wp-content\/uploads\/2024\/11\/48855_3a43792aa77fdc83b1377353b966af914a60efbc75e342eda92342dc6b070ef9396969a1.jpeg","width":863,"height":1221},{"@type":"BreadcrumbList","@id":"https:\/\/www.koonings.com\/fr\/product\/modeca-daisy-2\/#breadcrumb","itemListElement":[{"@type":"ListItem","position":1,"name":"Home","item":"https:\/\/www.koonings.com\/fr\/"},{"@type":"ListItem","position":2,"name":"Modeca Daisy"}]},{"@type":"WebSite","@id":"https:\/\/www.koonings.com\/fr\/#website","url":"https:\/\/www.koonings.com\/fr\/","name":"Koonings","description":"De grootste bruidsmodewinkel ter wereld","publisher":{"@id":"https:\/\/www.koonings.com\/fr\/#organization"},"potentialAction":[{"@type":"SearchAction","target":{"@type":"EntryPoint","urlTemplate":"https:\/\/www.koonings.com\/fr\/?s={search_term_string}"},"query-input":{"@type":"PropertyValueSpecification","valueRequired":true,"valueName":"search_term_string"}}],"inLanguage":"fr-FR"},{"@type":"Organization","@id":"https:\/\/www.koonings.com\/fr\/#organization","name":"Koonings","url":"https:\/\/www.koonings.com\/fr\/","logo":{"@type":"ImageObject","inLanguage":"fr-FR","@id":"https:\/\/www.koonings.com\/fr\/#\/schema\/logo\/image\/","url":"https:\/\/www.koonings.com\/wp-content\/uploads\/2024\/07\/logo.png","contentUrl":"https:\/\/www.koonings.com\/wp-content\/uploads\/2024\/07\/logo.png","width":600,"height":428,"caption":"Koonings"},"image":{"@id":"https:\/\/www.koonings.com\/fr\/#\/schema\/logo\/image\/"},"sameAs":["https:\/\/www.facebook.com\/kooningstheweddingpalace","https:\/\/www.instagram.com\/kooningstheweddingpalace","https:\/\/www.pinterest.com\/koonings","https:\/\/www.youtube.com\/kooningstheweddingpalace"]}]}},"_links":{"self":[{"href":"https:\/\/www.koonings.com\/fr\/wp-json\/wp\/v2\/product\/78822","targetHints":{"allow":["GET"]}}],"collection":[{"href":"https:\/\/www.koonings.com\/fr\/wp-json\/wp\/v2\/product"}],"about":[{"href":"https:\/\/www.koonings.com\/fr\/wp-json\/wp\/v2\/types\/product"}],"wp:featuredmedia":[{"embeddable":true,"href":"https:\/\/www.koonings.com\/fr\/wp-json\/wp\/v2\/media\/65755"}],"wp:attachment":[{"href":"https:\/\/www.koonings.com\/fr\/wp-json\/wp\/v2\/media?parent=78822"}],"wp:term":[{"taxonomy":"productdetails","embeddable":true,"href":"https:\/\/www.koonings.com\/fr\/wp-json\/wp\/v2\/productdetails?post=78822"},{"taxonomy":"productneck","embeddable":true,"href":"https:\/\/www.koonings.com\/fr\/wp-json\/wp\/v2\/productneck?post=78822"},{"taxonomy":"productcolor","embeddable":true,"href":"https:\/\/www.koonings.com\/fr\/wp-json\/wp\/v2\/productcolor?post=78822"},{"taxonomy":"maat","embeddable":true,"href":"https:\/\/www.koonings.com\/fr\/wp-json\/wp\/v2\/maat?post=78822"},{"taxonomy":"productsupplier","embeddable":true,"href":"https:\/\/www.koonings.com\/fr\/wp-json\/wp\/v2\/productsupplier?post=78822"},{"taxonomy":"productsleeve","embeddable":true,"href":"https:\/\/www.koonings.com\/fr\/wp-json\/wp\/v2\/productsleeve?post=78822"},{"taxonomy":"productcategory","embeddable":true,"href":"https:\/\/www.koonings.com\/fr\/wp-json\/wp\/v2\/productcategory?post=78822"},{"taxonomy":"productsilhouette","embeddable":true,"href":"https:\/\/www.koonings.com\/fr\/wp-json\/wp\/v2\/productsilhouette?post=78822"},{"taxonomy":"productstyle","embeddable":true,"href":"https:\/\/www.koonings.com\/fr\/wp-json\/wp\/v2\/productstyle?post=78822"}],"curies":[{"name":"wp","href":"https:\/\/api.w.org\/{rel}","templated":true}]}}