{"id":78815,"date":"2024-11-18T15:46:27","date_gmt":"2024-11-18T14:46:27","guid":{"rendered":"https:\/\/www.koonings.com\/product\/modeca-danique-2\/"},"modified":"2026-02-03T19:43:00","modified_gmt":"2026-02-03T18:43:00","slug":"modeca-danique-2","status":"publish","type":"product","link":"https:\/\/www.koonings.com\/fr\/product\/modeca-danique-2\/","title":{"rendered":"Modeca Danique"},"content":{"rendered":"<p>La robe de mari\u00e9e Danique pr\u00e9sente une silhouette traditionnelle en ligne A et un superbe corsage en dentelle illusion qui s\u00e9duit par ses d\u00e9tails d\u00e9licats. La jupe en mousseline de soie offre un mouvement sans effort \u00e0 chaque pas, tandis que la ligne de dos en V ajoute une touche de sophistication. Parfaite pour la mari\u00e9e qui recherche un charme intemporel pour son grand jour.  <\/p>\n","protected":false},"featured_media":65772,"template":"","meta":{"_acf_changed":false,"ghostkit_customizer_options":"","ghostkit_custom_css":"","ghostkit_custom_js_head":"","ghostkit_custom_js_foot":"","ghostkit_typography":""},"productdetails":[383],"productneck":[356],"productcolor":[393,392],"maat":[],"productsupplier":[434],"productsleeve":[359],"productcategory":[18],"productsilhouette":[384],"productstyle":[365,371,366],"class_list":["post-78815","product","type-product","status-publish","has-post-thumbnail","hentry","productdetails-383","productneck-356","productcolor-393","productcolor-392","productsupplier-modeca","productsleeve-359","productcategory-trouwjurken","productsilhouette-384","productstyle-365","productstyle-371","productstyle-366"],"acf":[],"yoast_head":"<!-- This site is optimized with the Yoast SEO plugin v27.3 - https:\/\/yoast.com\/product\/yoast-seo-wordpress\/ -->\n<title>Modeca Danique | Koonings<\/title>\n<meta name=\"description\" content=\"La robe de mari\u00e9e Danique pr\u00e9sente une silhouette traditionnelle en ligne A et un superbe corsage en dentelle illusion qui s\u00e9duit par ses d\u00e9tails d\u00e9licats. La jupe en mousseline de soie offre un mouvement sans effort \u00e0 chaque pas, tandis que la ligne de dos en V ajoute une touche de sophistication. Parfaite pour la mari\u00e9e qui recherche un charme intemporel pour son grand jour.\" \/>\n<meta name=\"robots\" content=\"index, follow, max-snippet:-1, max-image-preview:large, max-video-preview:-1\" \/>\n<link rel=\"canonical\" href=\"https:\/\/www.koonings.com\/fr\/product\/modeca-danique-2\/\" \/>\n<meta property=\"og:locale\" content=\"fr_FR\" \/>\n<meta property=\"og:type\" content=\"article\" \/>\n<meta property=\"og:title\" content=\"Modeca Danique | Koonings\" \/>\n<meta property=\"og:description\" content=\"La robe de mari\u00e9e Danique pr\u00e9sente une silhouette traditionnelle en ligne A et un superbe corsage en dentelle illusion qui s\u00e9duit par ses d\u00e9tails d\u00e9licats. La jupe en mousseline de soie offre un mouvement sans effort \u00e0 chaque pas, tandis que la ligne de dos en V ajoute une touche de sophistication. Parfaite pour la mari\u00e9e qui recherche un charme intemporel pour son grand jour.\" \/>\n<meta property=\"og:url\" content=\"https:\/\/www.koonings.com\/fr\/product\/modeca-danique-2\/\" \/>\n<meta property=\"og:site_name\" content=\"Koonings\" \/>\n<meta property=\"article:publisher\" content=\"https:\/\/www.facebook.com\/kooningstheweddingpalace\" \/>\n<meta property=\"article:modified_time\" content=\"2026-02-03T18:43:00+00:00\" \/>\n<meta property=\"og:image\" content=\"https:\/\/www.koonings.com\/wp-content\/uploads\/2024\/11\/48860_7c7949137c739780e574eae8a7028ca406d98ad25ac83893bcdfa5ce6bec879ad0b6c700.jpeg\" \/>\n\t<meta property=\"og:image:width\" content=\"788\" \/>\n\t<meta property=\"og:image:height\" content=\"1112\" \/>\n\t<meta property=\"og:image:type\" content=\"image\/jpeg\" \/>\n<meta name=\"twitter:card\" content=\"summary_large_image\" \/>\n<script type=\"application\/ld+json\" class=\"yoast-schema-graph\">{\"@context\":\"https:\\\/\\\/schema.org\",\"@graph\":[{\"@type\":\"WebPage\",\"@id\":\"https:\\\/\\\/www.koonings.com\\\/fr\\\/product\\\/modeca-danique-2\\\/\",\"url\":\"https:\\\/\\\/www.koonings.com\\\/fr\\\/product\\\/modeca-danique-2\\\/\",\"name\":\"Modeca Danique | Koonings\",\"isPartOf\":{\"@id\":\"https:\\\/\\\/www.koonings.com\\\/fr\\\/#website\"},\"primaryImageOfPage\":{\"@id\":\"https:\\\/\\\/www.koonings.com\\\/fr\\\/product\\\/modeca-danique-2\\\/#primaryimage\"},\"image\":{\"@id\":\"https:\\\/\\\/www.koonings.com\\\/fr\\\/product\\\/modeca-danique-2\\\/#primaryimage\"},\"thumbnailUrl\":\"https:\\\/\\\/www.koonings.com\\\/wp-content\\\/uploads\\\/2024\\\/11\\\/48860_7c7949137c739780e574eae8a7028ca406d98ad25ac83893bcdfa5ce6bec879ad0b6c700.jpeg\",\"datePublished\":\"2024-11-18T14:46:27+00:00\",\"dateModified\":\"2026-02-03T18:43:00+00:00\",\"description\":\"La robe de mari\u00e9e Danique pr\u00e9sente une silhouette traditionnelle en ligne A et un superbe corsage en dentelle illusion qui s\u00e9duit par ses d\u00e9tails d\u00e9licats. La jupe en mousseline de soie offre un mouvement sans effort \u00e0 chaque pas, tandis que la ligne de dos en V ajoute une touche de sophistication. Parfaite pour la mari\u00e9e qui recherche un charme intemporel pour son grand jour.\",\"breadcrumb\":{\"@id\":\"https:\\\/\\\/www.koonings.com\\\/fr\\\/product\\\/modeca-danique-2\\\/#breadcrumb\"},\"inLanguage\":\"fr-FR\",\"potentialAction\":[{\"@type\":\"ReadAction\",\"target\":[\"https:\\\/\\\/www.koonings.com\\\/fr\\\/product\\\/modeca-danique-2\\\/\"]}]},{\"@type\":\"ImageObject\",\"inLanguage\":\"fr-FR\",\"@id\":\"https:\\\/\\\/www.koonings.com\\\/fr\\\/product\\\/modeca-danique-2\\\/#primaryimage\",\"url\":\"https:\\\/\\\/www.koonings.com\\\/wp-content\\\/uploads\\\/2024\\\/11\\\/48860_7c7949137c739780e574eae8a7028ca406d98ad25ac83893bcdfa5ce6bec879ad0b6c700.jpeg\",\"contentUrl\":\"https:\\\/\\\/www.koonings.com\\\/wp-content\\\/uploads\\\/2024\\\/11\\\/48860_7c7949137c739780e574eae8a7028ca406d98ad25ac83893bcdfa5ce6bec879ad0b6c700.jpeg\",\"width\":788,\"height\":1112},{\"@type\":\"BreadcrumbList\",\"@id\":\"https:\\\/\\\/www.koonings.com\\\/fr\\\/product\\\/modeca-danique-2\\\/#breadcrumb\",\"itemListElement\":[{\"@type\":\"ListItem\",\"position\":1,\"name\":\"Home\",\"item\":\"https:\\\/\\\/www.koonings.com\\\/fr\\\/\"},{\"@type\":\"ListItem\",\"position\":2,\"name\":\"Modeca Danique\"}]},{\"@type\":\"WebSite\",\"@id\":\"https:\\\/\\\/www.koonings.com\\\/fr\\\/#website\",\"url\":\"https:\\\/\\\/www.koonings.com\\\/fr\\\/\",\"name\":\"Koonings\",\"description\":\"De grootste bruidsmodewinkel ter wereld\",\"publisher\":{\"@id\":\"https:\\\/\\\/www.koonings.com\\\/fr\\\/#organization\"},\"potentialAction\":[{\"@type\":\"SearchAction\",\"target\":{\"@type\":\"EntryPoint\",\"urlTemplate\":\"https:\\\/\\\/www.koonings.com\\\/fr\\\/?s={search_term_string}\"},\"query-input\":{\"@type\":\"PropertyValueSpecification\",\"valueRequired\":true,\"valueName\":\"search_term_string\"}}],\"inLanguage\":\"fr-FR\"},{\"@type\":\"Organization\",\"@id\":\"https:\\\/\\\/www.koonings.com\\\/fr\\\/#organization\",\"name\":\"Koonings\",\"url\":\"https:\\\/\\\/www.koonings.com\\\/fr\\\/\",\"logo\":{\"@type\":\"ImageObject\",\"inLanguage\":\"fr-FR\",\"@id\":\"https:\\\/\\\/www.koonings.com\\\/fr\\\/#\\\/schema\\\/logo\\\/image\\\/\",\"url\":\"https:\\\/\\\/www.koonings.com\\\/wp-content\\\/uploads\\\/2024\\\/07\\\/logo.png\",\"contentUrl\":\"https:\\\/\\\/www.koonings.com\\\/wp-content\\\/uploads\\\/2024\\\/07\\\/logo.png\",\"width\":600,\"height\":428,\"caption\":\"Koonings\"},\"image\":{\"@id\":\"https:\\\/\\\/www.koonings.com\\\/fr\\\/#\\\/schema\\\/logo\\\/image\\\/\"},\"sameAs\":[\"https:\\\/\\\/www.facebook.com\\\/kooningstheweddingpalace\",\"https:\\\/\\\/www.instagram.com\\\/kooningstheweddingpalace\",\"https:\\\/\\\/www.pinterest.com\\\/koonings\",\"https:\\\/\\\/www.youtube.com\\\/kooningstheweddingpalace\"]}]}<\/script>\n<!-- \/ Yoast SEO plugin. -->","yoast_head_json":{"title":"Modeca Danique | Koonings","description":"La robe de mari\u00e9e Danique pr\u00e9sente une silhouette traditionnelle en ligne A et un superbe corsage en dentelle illusion qui s\u00e9duit par ses d\u00e9tails d\u00e9licats. La jupe en mousseline de soie offre un mouvement sans effort \u00e0 chaque pas, tandis que la ligne de dos en V ajoute une touche de sophistication. Parfaite pour la mari\u00e9e qui recherche un charme intemporel pour son grand jour.","robots":{"index":"index","follow":"follow","max-snippet":"max-snippet:-1","max-image-preview":"max-image-preview:large","max-video-preview":"max-video-preview:-1"},"canonical":"https:\/\/www.koonings.com\/fr\/product\/modeca-danique-2\/","og_locale":"fr_FR","og_type":"article","og_title":"Modeca Danique | Koonings","og_description":"La robe de mari\u00e9e Danique pr\u00e9sente une silhouette traditionnelle en ligne A et un superbe corsage en dentelle illusion qui s\u00e9duit par ses d\u00e9tails d\u00e9licats. La jupe en mousseline de soie offre un mouvement sans effort \u00e0 chaque pas, tandis que la ligne de dos en V ajoute une touche de sophistication. Parfaite pour la mari\u00e9e qui recherche un charme intemporel pour son grand jour.","og_url":"https:\/\/www.koonings.com\/fr\/product\/modeca-danique-2\/","og_site_name":"Koonings","article_publisher":"https:\/\/www.facebook.com\/kooningstheweddingpalace","article_modified_time":"2026-02-03T18:43:00+00:00","og_image":[{"width":788,"height":1112,"url":"https:\/\/www.koonings.com\/wp-content\/uploads\/2024\/11\/48860_7c7949137c739780e574eae8a7028ca406d98ad25ac83893bcdfa5ce6bec879ad0b6c700.jpeg","type":"image\/jpeg"}],"twitter_card":"summary_large_image","schema":{"@context":"https:\/\/schema.org","@graph":[{"@type":"WebPage","@id":"https:\/\/www.koonings.com\/fr\/product\/modeca-danique-2\/","url":"https:\/\/www.koonings.com\/fr\/product\/modeca-danique-2\/","name":"Modeca Danique | Koonings","isPartOf":{"@id":"https:\/\/www.koonings.com\/fr\/#website"},"primaryImageOfPage":{"@id":"https:\/\/www.koonings.com\/fr\/product\/modeca-danique-2\/#primaryimage"},"image":{"@id":"https:\/\/www.koonings.com\/fr\/product\/modeca-danique-2\/#primaryimage"},"thumbnailUrl":"https:\/\/www.koonings.com\/wp-content\/uploads\/2024\/11\/48860_7c7949137c739780e574eae8a7028ca406d98ad25ac83893bcdfa5ce6bec879ad0b6c700.jpeg","datePublished":"2024-11-18T14:46:27+00:00","dateModified":"2026-02-03T18:43:00+00:00","description":"La robe de mari\u00e9e Danique pr\u00e9sente une silhouette traditionnelle en ligne A et un superbe corsage en dentelle illusion qui s\u00e9duit par ses d\u00e9tails d\u00e9licats. La jupe en mousseline de soie offre un mouvement sans effort \u00e0 chaque pas, tandis que la ligne de dos en V ajoute une touche de sophistication. Parfaite pour la mari\u00e9e qui recherche un charme intemporel pour son grand jour.","breadcrumb":{"@id":"https:\/\/www.koonings.com\/fr\/product\/modeca-danique-2\/#breadcrumb"},"inLanguage":"fr-FR","potentialAction":[{"@type":"ReadAction","target":["https:\/\/www.koonings.com\/fr\/product\/modeca-danique-2\/"]}]},{"@type":"ImageObject","inLanguage":"fr-FR","@id":"https:\/\/www.koonings.com\/fr\/product\/modeca-danique-2\/#primaryimage","url":"https:\/\/www.koonings.com\/wp-content\/uploads\/2024\/11\/48860_7c7949137c739780e574eae8a7028ca406d98ad25ac83893bcdfa5ce6bec879ad0b6c700.jpeg","contentUrl":"https:\/\/www.koonings.com\/wp-content\/uploads\/2024\/11\/48860_7c7949137c739780e574eae8a7028ca406d98ad25ac83893bcdfa5ce6bec879ad0b6c700.jpeg","width":788,"height":1112},{"@type":"BreadcrumbList","@id":"https:\/\/www.koonings.com\/fr\/product\/modeca-danique-2\/#breadcrumb","itemListElement":[{"@type":"ListItem","position":1,"name":"Home","item":"https:\/\/www.koonings.com\/fr\/"},{"@type":"ListItem","position":2,"name":"Modeca Danique"}]},{"@type":"WebSite","@id":"https:\/\/www.koonings.com\/fr\/#website","url":"https:\/\/www.koonings.com\/fr\/","name":"Koonings","description":"De grootste bruidsmodewinkel ter wereld","publisher":{"@id":"https:\/\/www.koonings.com\/fr\/#organization"},"potentialAction":[{"@type":"SearchAction","target":{"@type":"EntryPoint","urlTemplate":"https:\/\/www.koonings.com\/fr\/?s={search_term_string}"},"query-input":{"@type":"PropertyValueSpecification","valueRequired":true,"valueName":"search_term_string"}}],"inLanguage":"fr-FR"},{"@type":"Organization","@id":"https:\/\/www.koonings.com\/fr\/#organization","name":"Koonings","url":"https:\/\/www.koonings.com\/fr\/","logo":{"@type":"ImageObject","inLanguage":"fr-FR","@id":"https:\/\/www.koonings.com\/fr\/#\/schema\/logo\/image\/","url":"https:\/\/www.koonings.com\/wp-content\/uploads\/2024\/07\/logo.png","contentUrl":"https:\/\/www.koonings.com\/wp-content\/uploads\/2024\/07\/logo.png","width":600,"height":428,"caption":"Koonings"},"image":{"@id":"https:\/\/www.koonings.com\/fr\/#\/schema\/logo\/image\/"},"sameAs":["https:\/\/www.facebook.com\/kooningstheweddingpalace","https:\/\/www.instagram.com\/kooningstheweddingpalace","https:\/\/www.pinterest.com\/koonings","https:\/\/www.youtube.com\/kooningstheweddingpalace"]}]}},"_links":{"self":[{"href":"https:\/\/www.koonings.com\/fr\/wp-json\/wp\/v2\/product\/78815","targetHints":{"allow":["GET"]}}],"collection":[{"href":"https:\/\/www.koonings.com\/fr\/wp-json\/wp\/v2\/product"}],"about":[{"href":"https:\/\/www.koonings.com\/fr\/wp-json\/wp\/v2\/types\/product"}],"wp:featuredmedia":[{"embeddable":true,"href":"https:\/\/www.koonings.com\/fr\/wp-json\/wp\/v2\/media\/65772"}],"wp:attachment":[{"href":"https:\/\/www.koonings.com\/fr\/wp-json\/wp\/v2\/media?parent=78815"}],"wp:term":[{"taxonomy":"productdetails","embeddable":true,"href":"https:\/\/www.koonings.com\/fr\/wp-json\/wp\/v2\/productdetails?post=78815"},{"taxonomy":"productneck","embeddable":true,"href":"https:\/\/www.koonings.com\/fr\/wp-json\/wp\/v2\/productneck?post=78815"},{"taxonomy":"productcolor","embeddable":true,"href":"https:\/\/www.koonings.com\/fr\/wp-json\/wp\/v2\/productcolor?post=78815"},{"taxonomy":"maat","embeddable":true,"href":"https:\/\/www.koonings.com\/fr\/wp-json\/wp\/v2\/maat?post=78815"},{"taxonomy":"productsupplier","embeddable":true,"href":"https:\/\/www.koonings.com\/fr\/wp-json\/wp\/v2\/productsupplier?post=78815"},{"taxonomy":"productsleeve","embeddable":true,"href":"https:\/\/www.koonings.com\/fr\/wp-json\/wp\/v2\/productsleeve?post=78815"},{"taxonomy":"productcategory","embeddable":true,"href":"https:\/\/www.koonings.com\/fr\/wp-json\/wp\/v2\/productcategory?post=78815"},{"taxonomy":"productsilhouette","embeddable":true,"href":"https:\/\/www.koonings.com\/fr\/wp-json\/wp\/v2\/productsilhouette?post=78815"},{"taxonomy":"productstyle","embeddable":true,"href":"https:\/\/www.koonings.com\/fr\/wp-json\/wp\/v2\/productstyle?post=78815"}],"curies":[{"name":"wp","href":"https:\/\/api.w.org\/{rel}","templated":true}]}}