{"id":78814,"date":"2024-11-18T15:46:31","date_gmt":"2024-11-18T14:46:31","guid":{"rendered":"https:\/\/www.koonings.com\/product\/modeca-davin\/"},"modified":"2026-02-03T19:43:15","modified_gmt":"2026-02-03T18:43:15","slug":"modeca-davin","status":"publish","type":"product","link":"https:\/\/www.koonings.com\/fr\/product\/modeca-davin\/","title":{"rendered":"Modeca Davin"},"content":{"rendered":"<p>L&#8217;\u00e9blouissante robe Davin est con\u00e7ue pour faire chavirer les c\u0153urs et attirer l&#8217;attention. Cette robe bustier de forme A poss\u00e8de un corsage en dentelle illusionniste orn\u00e9 de motifs floraux complexes, cr\u00e9ant un look romantique tout simplement irr\u00e9sistible. L&#8217;encolure profonde en forme de c\u0153ur d\u00e9gage confiance et gr\u00e2ce. La jupe en tulle \u00e9tincelante avec une fente audacieuse compl\u00e8te ce look. Cette robe est \u00e9galement disponible en tulle uni &#8211; Davin-A.    <\/p>\n","protected":false},"featured_media":65806,"template":"","meta":{"_acf_changed":false,"ghostkit_customizer_options":"","ghostkit_custom_css":"","ghostkit_custom_js_head":"","ghostkit_custom_js_foot":"","ghostkit_typography":""},"productdetails":[378,381],"productneck":[351,354,355],"productcolor":[393,392],"maat":[],"productsupplier":[434],"productsleeve":[],"productcategory":[18],"productsilhouette":[384],"productstyle":[366,370],"class_list":["post-78814","product","type-product","status-publish","has-post-thumbnail","hentry","productdetails-378","productdetails-381","productneck-351","productneck-354","productneck-355","productcolor-393","productcolor-392","productsupplier-modeca","productcategory-trouwjurken","productsilhouette-384","productstyle-366","productstyle-370"],"acf":[],"yoast_head":"<!-- This site is optimized with the Yoast SEO plugin v27.3 - https:\/\/yoast.com\/product\/yoast-seo-wordpress\/ -->\n<title>Modeca Davin | Koonings<\/title>\n<meta name=\"description\" content=\"L&#039;\u00e9blouissante robe Davin est con\u00e7ue pour faire chavirer les c\u0153urs et attirer l&#039;attention. Cette robe bustier de forme A poss\u00e8de un corsage en dentelle illusionniste orn\u00e9 de motifs floraux complexes, cr\u00e9ant un look romantique tout simplement irr\u00e9sistible. L&#039;encolure profonde en forme de c\u0153ur d\u00e9gage confiance et gr\u00e2ce. La jupe en tulle \u00e9tincelante avec une fente audacieuse compl\u00e8te ce look. Cette robe est \u00e9galement disponible en tulle uni - Davin-A.\" \/>\n<meta name=\"robots\" content=\"index, follow, max-snippet:-1, max-image-preview:large, max-video-preview:-1\" \/>\n<link rel=\"canonical\" href=\"https:\/\/www.koonings.com\/fr\/product\/modeca-davin\/\" \/>\n<meta property=\"og:locale\" content=\"fr_FR\" \/>\n<meta property=\"og:type\" content=\"article\" \/>\n<meta property=\"og:title\" content=\"Modeca Davin | Koonings\" \/>\n<meta property=\"og:description\" content=\"L&#039;\u00e9blouissante robe Davin est con\u00e7ue pour faire chavirer les c\u0153urs et attirer l&#039;attention. Cette robe bustier de forme A poss\u00e8de un corsage en dentelle illusionniste orn\u00e9 de motifs floraux complexes, cr\u00e9ant un look romantique tout simplement irr\u00e9sistible. L&#039;encolure profonde en forme de c\u0153ur d\u00e9gage confiance et gr\u00e2ce. La jupe en tulle \u00e9tincelante avec une fente audacieuse compl\u00e8te ce look. Cette robe est \u00e9galement disponible en tulle uni - Davin-A.\" \/>\n<meta property=\"og:url\" content=\"https:\/\/www.koonings.com\/fr\/product\/modeca-davin\/\" \/>\n<meta property=\"og:site_name\" content=\"Koonings\" \/>\n<meta property=\"article:publisher\" content=\"https:\/\/www.facebook.com\/kooningstheweddingpalace\" \/>\n<meta property=\"article:modified_time\" content=\"2026-02-03T18:43:15+00:00\" \/>\n<meta property=\"og:image\" content=\"https:\/\/www.koonings.com\/wp-content\/uploads\/2024\/11\/48869_3aa083baba0695f485afedd3c8b8a48c29dfb51eb8e501e2309356d49d814991a5bf5b13.jpeg\" \/>\n\t<meta property=\"og:image:width\" content=\"877\" \/>\n\t<meta property=\"og:image:height\" content=\"1241\" \/>\n\t<meta property=\"og:image:type\" content=\"image\/jpeg\" \/>\n<meta name=\"twitter:card\" content=\"summary_large_image\" \/>\n<script type=\"application\/ld+json\" class=\"yoast-schema-graph\">{\"@context\":\"https:\\\/\\\/schema.org\",\"@graph\":[{\"@type\":\"WebPage\",\"@id\":\"https:\\\/\\\/www.koonings.com\\\/fr\\\/product\\\/modeca-davin\\\/\",\"url\":\"https:\\\/\\\/www.koonings.com\\\/fr\\\/product\\\/modeca-davin\\\/\",\"name\":\"Modeca Davin | Koonings\",\"isPartOf\":{\"@id\":\"https:\\\/\\\/www.koonings.com\\\/fr\\\/#website\"},\"primaryImageOfPage\":{\"@id\":\"https:\\\/\\\/www.koonings.com\\\/fr\\\/product\\\/modeca-davin\\\/#primaryimage\"},\"image\":{\"@id\":\"https:\\\/\\\/www.koonings.com\\\/fr\\\/product\\\/modeca-davin\\\/#primaryimage\"},\"thumbnailUrl\":\"https:\\\/\\\/www.koonings.com\\\/wp-content\\\/uploads\\\/2024\\\/11\\\/48869_3aa083baba0695f485afedd3c8b8a48c29dfb51eb8e501e2309356d49d814991a5bf5b13.jpeg\",\"datePublished\":\"2024-11-18T14:46:31+00:00\",\"dateModified\":\"2026-02-03T18:43:15+00:00\",\"description\":\"L'\u00e9blouissante robe Davin est con\u00e7ue pour faire chavirer les c\u0153urs et attirer l'attention. Cette robe bustier de forme A poss\u00e8de un corsage en dentelle illusionniste orn\u00e9 de motifs floraux complexes, cr\u00e9ant un look romantique tout simplement irr\u00e9sistible. L'encolure profonde en forme de c\u0153ur d\u00e9gage confiance et gr\u00e2ce. La jupe en tulle \u00e9tincelante avec une fente audacieuse compl\u00e8te ce look. Cette robe est \u00e9galement disponible en tulle uni - Davin-A.\",\"breadcrumb\":{\"@id\":\"https:\\\/\\\/www.koonings.com\\\/fr\\\/product\\\/modeca-davin\\\/#breadcrumb\"},\"inLanguage\":\"fr-FR\",\"potentialAction\":[{\"@type\":\"ReadAction\",\"target\":[\"https:\\\/\\\/www.koonings.com\\\/fr\\\/product\\\/modeca-davin\\\/\"]}]},{\"@type\":\"ImageObject\",\"inLanguage\":\"fr-FR\",\"@id\":\"https:\\\/\\\/www.koonings.com\\\/fr\\\/product\\\/modeca-davin\\\/#primaryimage\",\"url\":\"https:\\\/\\\/www.koonings.com\\\/wp-content\\\/uploads\\\/2024\\\/11\\\/48869_3aa083baba0695f485afedd3c8b8a48c29dfb51eb8e501e2309356d49d814991a5bf5b13.jpeg\",\"contentUrl\":\"https:\\\/\\\/www.koonings.com\\\/wp-content\\\/uploads\\\/2024\\\/11\\\/48869_3aa083baba0695f485afedd3c8b8a48c29dfb51eb8e501e2309356d49d814991a5bf5b13.jpeg\",\"width\":877,\"height\":1241},{\"@type\":\"BreadcrumbList\",\"@id\":\"https:\\\/\\\/www.koonings.com\\\/fr\\\/product\\\/modeca-davin\\\/#breadcrumb\",\"itemListElement\":[{\"@type\":\"ListItem\",\"position\":1,\"name\":\"Home\",\"item\":\"https:\\\/\\\/www.koonings.com\\\/fr\\\/\"},{\"@type\":\"ListItem\",\"position\":2,\"name\":\"Modeca Davin\"}]},{\"@type\":\"WebSite\",\"@id\":\"https:\\\/\\\/www.koonings.com\\\/fr\\\/#website\",\"url\":\"https:\\\/\\\/www.koonings.com\\\/fr\\\/\",\"name\":\"Koonings\",\"description\":\"De grootste bruidsmodewinkel ter wereld\",\"publisher\":{\"@id\":\"https:\\\/\\\/www.koonings.com\\\/fr\\\/#organization\"},\"potentialAction\":[{\"@type\":\"SearchAction\",\"target\":{\"@type\":\"EntryPoint\",\"urlTemplate\":\"https:\\\/\\\/www.koonings.com\\\/fr\\\/?s={search_term_string}\"},\"query-input\":{\"@type\":\"PropertyValueSpecification\",\"valueRequired\":true,\"valueName\":\"search_term_string\"}}],\"inLanguage\":\"fr-FR\"},{\"@type\":\"Organization\",\"@id\":\"https:\\\/\\\/www.koonings.com\\\/fr\\\/#organization\",\"name\":\"Koonings\",\"url\":\"https:\\\/\\\/www.koonings.com\\\/fr\\\/\",\"logo\":{\"@type\":\"ImageObject\",\"inLanguage\":\"fr-FR\",\"@id\":\"https:\\\/\\\/www.koonings.com\\\/fr\\\/#\\\/schema\\\/logo\\\/image\\\/\",\"url\":\"https:\\\/\\\/www.koonings.com\\\/wp-content\\\/uploads\\\/2024\\\/07\\\/logo.png\",\"contentUrl\":\"https:\\\/\\\/www.koonings.com\\\/wp-content\\\/uploads\\\/2024\\\/07\\\/logo.png\",\"width\":600,\"height\":428,\"caption\":\"Koonings\"},\"image\":{\"@id\":\"https:\\\/\\\/www.koonings.com\\\/fr\\\/#\\\/schema\\\/logo\\\/image\\\/\"},\"sameAs\":[\"https:\\\/\\\/www.facebook.com\\\/kooningstheweddingpalace\",\"https:\\\/\\\/www.instagram.com\\\/kooningstheweddingpalace\",\"https:\\\/\\\/www.pinterest.com\\\/koonings\",\"https:\\\/\\\/www.youtube.com\\\/kooningstheweddingpalace\"]}]}<\/script>\n<!-- \/ Yoast SEO plugin. -->","yoast_head_json":{"title":"Modeca Davin | Koonings","description":"L'\u00e9blouissante robe Davin est con\u00e7ue pour faire chavirer les c\u0153urs et attirer l'attention. Cette robe bustier de forme A poss\u00e8de un corsage en dentelle illusionniste orn\u00e9 de motifs floraux complexes, cr\u00e9ant un look romantique tout simplement irr\u00e9sistible. L'encolure profonde en forme de c\u0153ur d\u00e9gage confiance et gr\u00e2ce. La jupe en tulle \u00e9tincelante avec une fente audacieuse compl\u00e8te ce look. Cette robe est \u00e9galement disponible en tulle uni - Davin-A.","robots":{"index":"index","follow":"follow","max-snippet":"max-snippet:-1","max-image-preview":"max-image-preview:large","max-video-preview":"max-video-preview:-1"},"canonical":"https:\/\/www.koonings.com\/fr\/product\/modeca-davin\/","og_locale":"fr_FR","og_type":"article","og_title":"Modeca Davin | Koonings","og_description":"L'\u00e9blouissante robe Davin est con\u00e7ue pour faire chavirer les c\u0153urs et attirer l'attention. Cette robe bustier de forme A poss\u00e8de un corsage en dentelle illusionniste orn\u00e9 de motifs floraux complexes, cr\u00e9ant un look romantique tout simplement irr\u00e9sistible. L'encolure profonde en forme de c\u0153ur d\u00e9gage confiance et gr\u00e2ce. La jupe en tulle \u00e9tincelante avec une fente audacieuse compl\u00e8te ce look. Cette robe est \u00e9galement disponible en tulle uni - Davin-A.","og_url":"https:\/\/www.koonings.com\/fr\/product\/modeca-davin\/","og_site_name":"Koonings","article_publisher":"https:\/\/www.facebook.com\/kooningstheweddingpalace","article_modified_time":"2026-02-03T18:43:15+00:00","og_image":[{"width":877,"height":1241,"url":"https:\/\/www.koonings.com\/wp-content\/uploads\/2024\/11\/48869_3aa083baba0695f485afedd3c8b8a48c29dfb51eb8e501e2309356d49d814991a5bf5b13.jpeg","type":"image\/jpeg"}],"twitter_card":"summary_large_image","schema":{"@context":"https:\/\/schema.org","@graph":[{"@type":"WebPage","@id":"https:\/\/www.koonings.com\/fr\/product\/modeca-davin\/","url":"https:\/\/www.koonings.com\/fr\/product\/modeca-davin\/","name":"Modeca Davin | Koonings","isPartOf":{"@id":"https:\/\/www.koonings.com\/fr\/#website"},"primaryImageOfPage":{"@id":"https:\/\/www.koonings.com\/fr\/product\/modeca-davin\/#primaryimage"},"image":{"@id":"https:\/\/www.koonings.com\/fr\/product\/modeca-davin\/#primaryimage"},"thumbnailUrl":"https:\/\/www.koonings.com\/wp-content\/uploads\/2024\/11\/48869_3aa083baba0695f485afedd3c8b8a48c29dfb51eb8e501e2309356d49d814991a5bf5b13.jpeg","datePublished":"2024-11-18T14:46:31+00:00","dateModified":"2026-02-03T18:43:15+00:00","description":"L'\u00e9blouissante robe Davin est con\u00e7ue pour faire chavirer les c\u0153urs et attirer l'attention. Cette robe bustier de forme A poss\u00e8de un corsage en dentelle illusionniste orn\u00e9 de motifs floraux complexes, cr\u00e9ant un look romantique tout simplement irr\u00e9sistible. L'encolure profonde en forme de c\u0153ur d\u00e9gage confiance et gr\u00e2ce. La jupe en tulle \u00e9tincelante avec une fente audacieuse compl\u00e8te ce look. Cette robe est \u00e9galement disponible en tulle uni - Davin-A.","breadcrumb":{"@id":"https:\/\/www.koonings.com\/fr\/product\/modeca-davin\/#breadcrumb"},"inLanguage":"fr-FR","potentialAction":[{"@type":"ReadAction","target":["https:\/\/www.koonings.com\/fr\/product\/modeca-davin\/"]}]},{"@type":"ImageObject","inLanguage":"fr-FR","@id":"https:\/\/www.koonings.com\/fr\/product\/modeca-davin\/#primaryimage","url":"https:\/\/www.koonings.com\/wp-content\/uploads\/2024\/11\/48869_3aa083baba0695f485afedd3c8b8a48c29dfb51eb8e501e2309356d49d814991a5bf5b13.jpeg","contentUrl":"https:\/\/www.koonings.com\/wp-content\/uploads\/2024\/11\/48869_3aa083baba0695f485afedd3c8b8a48c29dfb51eb8e501e2309356d49d814991a5bf5b13.jpeg","width":877,"height":1241},{"@type":"BreadcrumbList","@id":"https:\/\/www.koonings.com\/fr\/product\/modeca-davin\/#breadcrumb","itemListElement":[{"@type":"ListItem","position":1,"name":"Home","item":"https:\/\/www.koonings.com\/fr\/"},{"@type":"ListItem","position":2,"name":"Modeca Davin"}]},{"@type":"WebSite","@id":"https:\/\/www.koonings.com\/fr\/#website","url":"https:\/\/www.koonings.com\/fr\/","name":"Koonings","description":"De grootste bruidsmodewinkel ter wereld","publisher":{"@id":"https:\/\/www.koonings.com\/fr\/#organization"},"potentialAction":[{"@type":"SearchAction","target":{"@type":"EntryPoint","urlTemplate":"https:\/\/www.koonings.com\/fr\/?s={search_term_string}"},"query-input":{"@type":"PropertyValueSpecification","valueRequired":true,"valueName":"search_term_string"}}],"inLanguage":"fr-FR"},{"@type":"Organization","@id":"https:\/\/www.koonings.com\/fr\/#organization","name":"Koonings","url":"https:\/\/www.koonings.com\/fr\/","logo":{"@type":"ImageObject","inLanguage":"fr-FR","@id":"https:\/\/www.koonings.com\/fr\/#\/schema\/logo\/image\/","url":"https:\/\/www.koonings.com\/wp-content\/uploads\/2024\/07\/logo.png","contentUrl":"https:\/\/www.koonings.com\/wp-content\/uploads\/2024\/07\/logo.png","width":600,"height":428,"caption":"Koonings"},"image":{"@id":"https:\/\/www.koonings.com\/fr\/#\/schema\/logo\/image\/"},"sameAs":["https:\/\/www.facebook.com\/kooningstheweddingpalace","https:\/\/www.instagram.com\/kooningstheweddingpalace","https:\/\/www.pinterest.com\/koonings","https:\/\/www.youtube.com\/kooningstheweddingpalace"]}]}},"_links":{"self":[{"href":"https:\/\/www.koonings.com\/fr\/wp-json\/wp\/v2\/product\/78814","targetHints":{"allow":["GET"]}}],"collection":[{"href":"https:\/\/www.koonings.com\/fr\/wp-json\/wp\/v2\/product"}],"about":[{"href":"https:\/\/www.koonings.com\/fr\/wp-json\/wp\/v2\/types\/product"}],"wp:featuredmedia":[{"embeddable":true,"href":"https:\/\/www.koonings.com\/fr\/wp-json\/wp\/v2\/media\/65806"}],"wp:attachment":[{"href":"https:\/\/www.koonings.com\/fr\/wp-json\/wp\/v2\/media?parent=78814"}],"wp:term":[{"taxonomy":"productdetails","embeddable":true,"href":"https:\/\/www.koonings.com\/fr\/wp-json\/wp\/v2\/productdetails?post=78814"},{"taxonomy":"productneck","embeddable":true,"href":"https:\/\/www.koonings.com\/fr\/wp-json\/wp\/v2\/productneck?post=78814"},{"taxonomy":"productcolor","embeddable":true,"href":"https:\/\/www.koonings.com\/fr\/wp-json\/wp\/v2\/productcolor?post=78814"},{"taxonomy":"maat","embeddable":true,"href":"https:\/\/www.koonings.com\/fr\/wp-json\/wp\/v2\/maat?post=78814"},{"taxonomy":"productsupplier","embeddable":true,"href":"https:\/\/www.koonings.com\/fr\/wp-json\/wp\/v2\/productsupplier?post=78814"},{"taxonomy":"productsleeve","embeddable":true,"href":"https:\/\/www.koonings.com\/fr\/wp-json\/wp\/v2\/productsleeve?post=78814"},{"taxonomy":"productcategory","embeddable":true,"href":"https:\/\/www.koonings.com\/fr\/wp-json\/wp\/v2\/productcategory?post=78814"},{"taxonomy":"productsilhouette","embeddable":true,"href":"https:\/\/www.koonings.com\/fr\/wp-json\/wp\/v2\/productsilhouette?post=78814"},{"taxonomy":"productstyle","embeddable":true,"href":"https:\/\/www.koonings.com\/fr\/wp-json\/wp\/v2\/productstyle?post=78814"}],"curies":[{"name":"wp","href":"https:\/\/api.w.org\/{rel}","templated":true}]}}