{"id":78800,"date":"2024-11-18T15:46:39","date_gmt":"2024-11-18T14:46:39","guid":{"rendered":"https:\/\/www.koonings.com\/product\/modeca-deejay\/"},"modified":"2026-02-03T19:43:46","modified_gmt":"2026-02-03T18:43:46","slug":"modeca-deejay","status":"publish","type":"product","link":"https:\/\/www.koonings.com\/fr\/product\/modeca-deejay\/","title":{"rendered":"Modeca Deejay"},"content":{"rendered":"<p>Vous vous sentirez royale dans l&#8217;\u00e9tonnante robe de bal Deejay. Le superbe d\u00e9collet\u00e9 en V est orn\u00e9 de perles d\u00e9licates et d&#8217;une bande ventrale \u00e0 la taille pour accentuer vos formes. Cette beaut\u00e9 mikado est agr\u00e9ment\u00e9e de poches et se termine par une tra\u00eene en forme de chapelle.  <\/p>\n","protected":false},"featured_media":65870,"template":"","meta":{"_acf_changed":false,"ghostkit_customizer_options":"","ghostkit_custom_css":"","ghostkit_custom_js_head":"","ghostkit_custom_js_foot":"","ghostkit_typography":""},"productdetails":[383],"productneck":[356],"productcolor":[392],"maat":[],"productsupplier":[434],"productsleeve":[359],"productcategory":[18],"productsilhouette":[388],"productstyle":[365,372],"class_list":["post-78800","product","type-product","status-publish","has-post-thumbnail","hentry","productdetails-383","productneck-356","productcolor-392","productsupplier-modeca","productsleeve-359","productcategory-trouwjurken","productsilhouette-388","productstyle-365","productstyle-372"],"acf":[],"yoast_head":"<!-- This site is optimized with the Yoast SEO plugin v27.3 - https:\/\/yoast.com\/product\/yoast-seo-wordpress\/ -->\n<title>Modeca Deejay | Koonings<\/title>\n<meta name=\"description\" content=\"Vous vous sentirez royale dans l&#039;\u00e9tonnante robe de bal Deejay. Le superbe d\u00e9collet\u00e9 en V est orn\u00e9 de perles d\u00e9licates et d&#039;une bande ventrale \u00e0 la taille pour accentuer vos formes. Cette beaut\u00e9 mikado est agr\u00e9ment\u00e9e de poches et se termine par une tra\u00eene en forme de chapelle.\" \/>\n<meta name=\"robots\" content=\"index, follow, max-snippet:-1, max-image-preview:large, max-video-preview:-1\" \/>\n<link rel=\"canonical\" href=\"https:\/\/www.koonings.com\/fr\/product\/modeca-deejay\/\" \/>\n<meta property=\"og:locale\" content=\"fr_FR\" \/>\n<meta property=\"og:type\" content=\"article\" \/>\n<meta property=\"og:title\" content=\"Modeca Deejay | Koonings\" \/>\n<meta property=\"og:description\" content=\"Vous vous sentirez royale dans l&#039;\u00e9tonnante robe de bal Deejay. Le superbe d\u00e9collet\u00e9 en V est orn\u00e9 de perles d\u00e9licates et d&#039;une bande ventrale \u00e0 la taille pour accentuer vos formes. Cette beaut\u00e9 mikado est agr\u00e9ment\u00e9e de poches et se termine par une tra\u00eene en forme de chapelle.\" \/>\n<meta property=\"og:url\" content=\"https:\/\/www.koonings.com\/fr\/product\/modeca-deejay\/\" \/>\n<meta property=\"og:site_name\" content=\"Koonings\" \/>\n<meta property=\"article:publisher\" content=\"https:\/\/www.facebook.com\/kooningstheweddingpalace\" \/>\n<meta property=\"article:modified_time\" content=\"2026-02-03T18:43:46+00:00\" \/>\n<meta property=\"og:image\" content=\"https:\/\/www.koonings.com\/wp-content\/uploads\/2024\/11\/48886_c8d430b288ee608916843471e45196f4c25d2142b9b1251c3e934a540bda801924be76a8.jpeg\" \/>\n\t<meta property=\"og:image:width\" content=\"725\" \/>\n\t<meta property=\"og:image:height\" content=\"1023\" \/>\n\t<meta property=\"og:image:type\" content=\"image\/jpeg\" \/>\n<meta name=\"twitter:card\" content=\"summary_large_image\" \/>\n<script type=\"application\/ld+json\" class=\"yoast-schema-graph\">{\"@context\":\"https:\\\/\\\/schema.org\",\"@graph\":[{\"@type\":\"WebPage\",\"@id\":\"https:\\\/\\\/www.koonings.com\\\/fr\\\/product\\\/modeca-deejay\\\/\",\"url\":\"https:\\\/\\\/www.koonings.com\\\/fr\\\/product\\\/modeca-deejay\\\/\",\"name\":\"Modeca Deejay | Koonings\",\"isPartOf\":{\"@id\":\"https:\\\/\\\/www.koonings.com\\\/fr\\\/#website\"},\"primaryImageOfPage\":{\"@id\":\"https:\\\/\\\/www.koonings.com\\\/fr\\\/product\\\/modeca-deejay\\\/#primaryimage\"},\"image\":{\"@id\":\"https:\\\/\\\/www.koonings.com\\\/fr\\\/product\\\/modeca-deejay\\\/#primaryimage\"},\"thumbnailUrl\":\"https:\\\/\\\/www.koonings.com\\\/wp-content\\\/uploads\\\/2024\\\/11\\\/48886_c8d430b288ee608916843471e45196f4c25d2142b9b1251c3e934a540bda801924be76a8.jpeg\",\"datePublished\":\"2024-11-18T14:46:39+00:00\",\"dateModified\":\"2026-02-03T18:43:46+00:00\",\"description\":\"Vous vous sentirez royale dans l'\u00e9tonnante robe de bal Deejay. Le superbe d\u00e9collet\u00e9 en V est orn\u00e9 de perles d\u00e9licates et d'une bande ventrale \u00e0 la taille pour accentuer vos formes. Cette beaut\u00e9 mikado est agr\u00e9ment\u00e9e de poches et se termine par une tra\u00eene en forme de chapelle.\",\"breadcrumb\":{\"@id\":\"https:\\\/\\\/www.koonings.com\\\/fr\\\/product\\\/modeca-deejay\\\/#breadcrumb\"},\"inLanguage\":\"fr-FR\",\"potentialAction\":[{\"@type\":\"ReadAction\",\"target\":[\"https:\\\/\\\/www.koonings.com\\\/fr\\\/product\\\/modeca-deejay\\\/\"]}]},{\"@type\":\"ImageObject\",\"inLanguage\":\"fr-FR\",\"@id\":\"https:\\\/\\\/www.koonings.com\\\/fr\\\/product\\\/modeca-deejay\\\/#primaryimage\",\"url\":\"https:\\\/\\\/www.koonings.com\\\/wp-content\\\/uploads\\\/2024\\\/11\\\/48886_c8d430b288ee608916843471e45196f4c25d2142b9b1251c3e934a540bda801924be76a8.jpeg\",\"contentUrl\":\"https:\\\/\\\/www.koonings.com\\\/wp-content\\\/uploads\\\/2024\\\/11\\\/48886_c8d430b288ee608916843471e45196f4c25d2142b9b1251c3e934a540bda801924be76a8.jpeg\",\"width\":725,\"height\":1023},{\"@type\":\"BreadcrumbList\",\"@id\":\"https:\\\/\\\/www.koonings.com\\\/fr\\\/product\\\/modeca-deejay\\\/#breadcrumb\",\"itemListElement\":[{\"@type\":\"ListItem\",\"position\":1,\"name\":\"Home\",\"item\":\"https:\\\/\\\/www.koonings.com\\\/fr\\\/\"},{\"@type\":\"ListItem\",\"position\":2,\"name\":\"Modeca Deejay\"}]},{\"@type\":\"WebSite\",\"@id\":\"https:\\\/\\\/www.koonings.com\\\/fr\\\/#website\",\"url\":\"https:\\\/\\\/www.koonings.com\\\/fr\\\/\",\"name\":\"Koonings\",\"description\":\"De grootste bruidsmodewinkel ter wereld\",\"publisher\":{\"@id\":\"https:\\\/\\\/www.koonings.com\\\/fr\\\/#organization\"},\"potentialAction\":[{\"@type\":\"SearchAction\",\"target\":{\"@type\":\"EntryPoint\",\"urlTemplate\":\"https:\\\/\\\/www.koonings.com\\\/fr\\\/?s={search_term_string}\"},\"query-input\":{\"@type\":\"PropertyValueSpecification\",\"valueRequired\":true,\"valueName\":\"search_term_string\"}}],\"inLanguage\":\"fr-FR\"},{\"@type\":\"Organization\",\"@id\":\"https:\\\/\\\/www.koonings.com\\\/fr\\\/#organization\",\"name\":\"Koonings\",\"url\":\"https:\\\/\\\/www.koonings.com\\\/fr\\\/\",\"logo\":{\"@type\":\"ImageObject\",\"inLanguage\":\"fr-FR\",\"@id\":\"https:\\\/\\\/www.koonings.com\\\/fr\\\/#\\\/schema\\\/logo\\\/image\\\/\",\"url\":\"https:\\\/\\\/www.koonings.com\\\/wp-content\\\/uploads\\\/2024\\\/07\\\/logo.png\",\"contentUrl\":\"https:\\\/\\\/www.koonings.com\\\/wp-content\\\/uploads\\\/2024\\\/07\\\/logo.png\",\"width\":600,\"height\":428,\"caption\":\"Koonings\"},\"image\":{\"@id\":\"https:\\\/\\\/www.koonings.com\\\/fr\\\/#\\\/schema\\\/logo\\\/image\\\/\"},\"sameAs\":[\"https:\\\/\\\/www.facebook.com\\\/kooningstheweddingpalace\",\"https:\\\/\\\/www.instagram.com\\\/kooningstheweddingpalace\",\"https:\\\/\\\/www.pinterest.com\\\/koonings\",\"https:\\\/\\\/www.youtube.com\\\/kooningstheweddingpalace\"]}]}<\/script>\n<!-- \/ Yoast SEO plugin. -->","yoast_head_json":{"title":"Modeca Deejay | Koonings","description":"Vous vous sentirez royale dans l'\u00e9tonnante robe de bal Deejay. Le superbe d\u00e9collet\u00e9 en V est orn\u00e9 de perles d\u00e9licates et d'une bande ventrale \u00e0 la taille pour accentuer vos formes. Cette beaut\u00e9 mikado est agr\u00e9ment\u00e9e de poches et se termine par une tra\u00eene en forme de chapelle.","robots":{"index":"index","follow":"follow","max-snippet":"max-snippet:-1","max-image-preview":"max-image-preview:large","max-video-preview":"max-video-preview:-1"},"canonical":"https:\/\/www.koonings.com\/fr\/product\/modeca-deejay\/","og_locale":"fr_FR","og_type":"article","og_title":"Modeca Deejay | Koonings","og_description":"Vous vous sentirez royale dans l'\u00e9tonnante robe de bal Deejay. Le superbe d\u00e9collet\u00e9 en V est orn\u00e9 de perles d\u00e9licates et d'une bande ventrale \u00e0 la taille pour accentuer vos formes. Cette beaut\u00e9 mikado est agr\u00e9ment\u00e9e de poches et se termine par une tra\u00eene en forme de chapelle.","og_url":"https:\/\/www.koonings.com\/fr\/product\/modeca-deejay\/","og_site_name":"Koonings","article_publisher":"https:\/\/www.facebook.com\/kooningstheweddingpalace","article_modified_time":"2026-02-03T18:43:46+00:00","og_image":[{"width":725,"height":1023,"url":"https:\/\/www.koonings.com\/wp-content\/uploads\/2024\/11\/48886_c8d430b288ee608916843471e45196f4c25d2142b9b1251c3e934a540bda801924be76a8.jpeg","type":"image\/jpeg"}],"twitter_card":"summary_large_image","schema":{"@context":"https:\/\/schema.org","@graph":[{"@type":"WebPage","@id":"https:\/\/www.koonings.com\/fr\/product\/modeca-deejay\/","url":"https:\/\/www.koonings.com\/fr\/product\/modeca-deejay\/","name":"Modeca Deejay | Koonings","isPartOf":{"@id":"https:\/\/www.koonings.com\/fr\/#website"},"primaryImageOfPage":{"@id":"https:\/\/www.koonings.com\/fr\/product\/modeca-deejay\/#primaryimage"},"image":{"@id":"https:\/\/www.koonings.com\/fr\/product\/modeca-deejay\/#primaryimage"},"thumbnailUrl":"https:\/\/www.koonings.com\/wp-content\/uploads\/2024\/11\/48886_c8d430b288ee608916843471e45196f4c25d2142b9b1251c3e934a540bda801924be76a8.jpeg","datePublished":"2024-11-18T14:46:39+00:00","dateModified":"2026-02-03T18:43:46+00:00","description":"Vous vous sentirez royale dans l'\u00e9tonnante robe de bal Deejay. Le superbe d\u00e9collet\u00e9 en V est orn\u00e9 de perles d\u00e9licates et d'une bande ventrale \u00e0 la taille pour accentuer vos formes. Cette beaut\u00e9 mikado est agr\u00e9ment\u00e9e de poches et se termine par une tra\u00eene en forme de chapelle.","breadcrumb":{"@id":"https:\/\/www.koonings.com\/fr\/product\/modeca-deejay\/#breadcrumb"},"inLanguage":"fr-FR","potentialAction":[{"@type":"ReadAction","target":["https:\/\/www.koonings.com\/fr\/product\/modeca-deejay\/"]}]},{"@type":"ImageObject","inLanguage":"fr-FR","@id":"https:\/\/www.koonings.com\/fr\/product\/modeca-deejay\/#primaryimage","url":"https:\/\/www.koonings.com\/wp-content\/uploads\/2024\/11\/48886_c8d430b288ee608916843471e45196f4c25d2142b9b1251c3e934a540bda801924be76a8.jpeg","contentUrl":"https:\/\/www.koonings.com\/wp-content\/uploads\/2024\/11\/48886_c8d430b288ee608916843471e45196f4c25d2142b9b1251c3e934a540bda801924be76a8.jpeg","width":725,"height":1023},{"@type":"BreadcrumbList","@id":"https:\/\/www.koonings.com\/fr\/product\/modeca-deejay\/#breadcrumb","itemListElement":[{"@type":"ListItem","position":1,"name":"Home","item":"https:\/\/www.koonings.com\/fr\/"},{"@type":"ListItem","position":2,"name":"Modeca Deejay"}]},{"@type":"WebSite","@id":"https:\/\/www.koonings.com\/fr\/#website","url":"https:\/\/www.koonings.com\/fr\/","name":"Koonings","description":"De grootste bruidsmodewinkel ter wereld","publisher":{"@id":"https:\/\/www.koonings.com\/fr\/#organization"},"potentialAction":[{"@type":"SearchAction","target":{"@type":"EntryPoint","urlTemplate":"https:\/\/www.koonings.com\/fr\/?s={search_term_string}"},"query-input":{"@type":"PropertyValueSpecification","valueRequired":true,"valueName":"search_term_string"}}],"inLanguage":"fr-FR"},{"@type":"Organization","@id":"https:\/\/www.koonings.com\/fr\/#organization","name":"Koonings","url":"https:\/\/www.koonings.com\/fr\/","logo":{"@type":"ImageObject","inLanguage":"fr-FR","@id":"https:\/\/www.koonings.com\/fr\/#\/schema\/logo\/image\/","url":"https:\/\/www.koonings.com\/wp-content\/uploads\/2024\/07\/logo.png","contentUrl":"https:\/\/www.koonings.com\/wp-content\/uploads\/2024\/07\/logo.png","width":600,"height":428,"caption":"Koonings"},"image":{"@id":"https:\/\/www.koonings.com\/fr\/#\/schema\/logo\/image\/"},"sameAs":["https:\/\/www.facebook.com\/kooningstheweddingpalace","https:\/\/www.instagram.com\/kooningstheweddingpalace","https:\/\/www.pinterest.com\/koonings","https:\/\/www.youtube.com\/kooningstheweddingpalace"]}]}},"_links":{"self":[{"href":"https:\/\/www.koonings.com\/fr\/wp-json\/wp\/v2\/product\/78800","targetHints":{"allow":["GET"]}}],"collection":[{"href":"https:\/\/www.koonings.com\/fr\/wp-json\/wp\/v2\/product"}],"about":[{"href":"https:\/\/www.koonings.com\/fr\/wp-json\/wp\/v2\/types\/product"}],"wp:featuredmedia":[{"embeddable":true,"href":"https:\/\/www.koonings.com\/fr\/wp-json\/wp\/v2\/media\/65870"}],"wp:attachment":[{"href":"https:\/\/www.koonings.com\/fr\/wp-json\/wp\/v2\/media?parent=78800"}],"wp:term":[{"taxonomy":"productdetails","embeddable":true,"href":"https:\/\/www.koonings.com\/fr\/wp-json\/wp\/v2\/productdetails?post=78800"},{"taxonomy":"productneck","embeddable":true,"href":"https:\/\/www.koonings.com\/fr\/wp-json\/wp\/v2\/productneck?post=78800"},{"taxonomy":"productcolor","embeddable":true,"href":"https:\/\/www.koonings.com\/fr\/wp-json\/wp\/v2\/productcolor?post=78800"},{"taxonomy":"maat","embeddable":true,"href":"https:\/\/www.koonings.com\/fr\/wp-json\/wp\/v2\/maat?post=78800"},{"taxonomy":"productsupplier","embeddable":true,"href":"https:\/\/www.koonings.com\/fr\/wp-json\/wp\/v2\/productsupplier?post=78800"},{"taxonomy":"productsleeve","embeddable":true,"href":"https:\/\/www.koonings.com\/fr\/wp-json\/wp\/v2\/productsleeve?post=78800"},{"taxonomy":"productcategory","embeddable":true,"href":"https:\/\/www.koonings.com\/fr\/wp-json\/wp\/v2\/productcategory?post=78800"},{"taxonomy":"productsilhouette","embeddable":true,"href":"https:\/\/www.koonings.com\/fr\/wp-json\/wp\/v2\/productsilhouette?post=78800"},{"taxonomy":"productstyle","embeddable":true,"href":"https:\/\/www.koonings.com\/fr\/wp-json\/wp\/v2\/productstyle?post=78800"}],"curies":[{"name":"wp","href":"https:\/\/api.w.org\/{rel}","templated":true}]}}