{"id":78784,"date":"2024-11-18T15:46:49","date_gmt":"2024-11-18T14:46:49","guid":{"rendered":"https:\/\/www.koonings.com\/product\/modeca-dina\/"},"modified":"2026-02-03T19:44:31","modified_gmt":"2026-02-03T18:44:31","slug":"modeca-dina","status":"publish","type":"product","link":"https:\/\/www.koonings.com\/fr\/product\/modeca-dina\/","title":{"rendered":"Modeca Dina"},"content":{"rendered":"<p>Dina est une ligne A \u00e9poustouflante o\u00f9 la beaut\u00e9 intemporelle rencontre l&#8217;allure moderne. Cette silhouette de r\u00eave est rehauss\u00e9e d&#8217;un profond d\u00e9collet\u00e9 en V et de ravissantes d\u00e9coupes de dentelle sur les c\u00f4t\u00e9s, qui ajoutent une touche de sophistication subtile \u00e0 ce mod\u00e8le. Pour plus de polyvalence, des manches transparentes amovibles vous permettent de personnaliser votre look.  <\/p>\n","protected":false},"featured_media":65968,"template":"","meta":{"_acf_changed":false,"ghostkit_customizer_options":"","ghostkit_custom_css":"","ghostkit_custom_js_head":"","ghostkit_custom_js_foot":"","ghostkit_typography":""},"productdetails":[376],"productneck":[351,356],"productcolor":[393,392],"maat":[],"productsupplier":[434],"productsleeve":[357],"productcategory":[18],"productsilhouette":[384],"productstyle":[366,370],"class_list":["post-78784","product","type-product","status-publish","has-post-thumbnail","hentry","productdetails-376","productneck-351","productneck-356","productcolor-393","productcolor-392","productsupplier-modeca","productsleeve-357","productcategory-trouwjurken","productsilhouette-384","productstyle-366","productstyle-370"],"acf":[],"yoast_head":"<!-- This site is optimized with the Yoast SEO plugin v27.3 - https:\/\/yoast.com\/product\/yoast-seo-wordpress\/ -->\n<title>Modeca Dina | Koonings<\/title>\n<meta name=\"description\" content=\"Dina est une ligne A \u00e9poustouflante o\u00f9 la beaut\u00e9 intemporelle rencontre l&#039;allure moderne. Cette silhouette de r\u00eave est rehauss\u00e9e d&#039;un profond d\u00e9collet\u00e9 en V et de ravissantes d\u00e9coupes de dentelle sur les c\u00f4t\u00e9s, qui ajoutent une touche de sophistication subtile \u00e0 ce mod\u00e8le. Pour plus de polyvalence, des manches transparentes amovibles vous permettent de personnaliser votre look.\" \/>\n<meta name=\"robots\" content=\"index, follow, max-snippet:-1, max-image-preview:large, max-video-preview:-1\" \/>\n<link rel=\"canonical\" href=\"https:\/\/www.koonings.com\/fr\/product\/modeca-dina\/\" \/>\n<meta property=\"og:locale\" content=\"fr_FR\" \/>\n<meta property=\"og:type\" content=\"article\" \/>\n<meta property=\"og:title\" content=\"Modeca Dina | Koonings\" \/>\n<meta property=\"og:description\" content=\"Dina est une ligne A \u00e9poustouflante o\u00f9 la beaut\u00e9 intemporelle rencontre l&#039;allure moderne. Cette silhouette de r\u00eave est rehauss\u00e9e d&#039;un profond d\u00e9collet\u00e9 en V et de ravissantes d\u00e9coupes de dentelle sur les c\u00f4t\u00e9s, qui ajoutent une touche de sophistication subtile \u00e0 ce mod\u00e8le. Pour plus de polyvalence, des manches transparentes amovibles vous permettent de personnaliser votre look.\" \/>\n<meta property=\"og:url\" content=\"https:\/\/www.koonings.com\/fr\/product\/modeca-dina\/\" \/>\n<meta property=\"og:site_name\" content=\"Koonings\" \/>\n<meta property=\"article:publisher\" content=\"https:\/\/www.facebook.com\/kooningstheweddingpalace\" \/>\n<meta property=\"article:modified_time\" content=\"2026-02-03T18:44:31+00:00\" \/>\n<meta property=\"og:image\" content=\"https:\/\/www.koonings.com\/wp-content\/uploads\/2024\/11\/48909_4cfd514971e32a5a33a627dfa6c8f43601ebf1341af35f8141d314c8084a8ba0769fba13.jpeg\" \/>\n\t<meta property=\"og:image:width\" content=\"863\" \/>\n\t<meta property=\"og:image:height\" content=\"1221\" \/>\n\t<meta property=\"og:image:type\" content=\"image\/jpeg\" \/>\n<meta name=\"twitter:card\" content=\"summary_large_image\" \/>\n<script type=\"application\/ld+json\" class=\"yoast-schema-graph\">{\"@context\":\"https:\\\/\\\/schema.org\",\"@graph\":[{\"@type\":\"WebPage\",\"@id\":\"https:\\\/\\\/www.koonings.com\\\/fr\\\/product\\\/modeca-dina\\\/\",\"url\":\"https:\\\/\\\/www.koonings.com\\\/fr\\\/product\\\/modeca-dina\\\/\",\"name\":\"Modeca Dina | Koonings\",\"isPartOf\":{\"@id\":\"https:\\\/\\\/www.koonings.com\\\/fr\\\/#website\"},\"primaryImageOfPage\":{\"@id\":\"https:\\\/\\\/www.koonings.com\\\/fr\\\/product\\\/modeca-dina\\\/#primaryimage\"},\"image\":{\"@id\":\"https:\\\/\\\/www.koonings.com\\\/fr\\\/product\\\/modeca-dina\\\/#primaryimage\"},\"thumbnailUrl\":\"https:\\\/\\\/www.koonings.com\\\/wp-content\\\/uploads\\\/2024\\\/11\\\/48909_4cfd514971e32a5a33a627dfa6c8f43601ebf1341af35f8141d314c8084a8ba0769fba13.jpeg\",\"datePublished\":\"2024-11-18T14:46:49+00:00\",\"dateModified\":\"2026-02-03T18:44:31+00:00\",\"description\":\"Dina est une ligne A \u00e9poustouflante o\u00f9 la beaut\u00e9 intemporelle rencontre l'allure moderne. Cette silhouette de r\u00eave est rehauss\u00e9e d'un profond d\u00e9collet\u00e9 en V et de ravissantes d\u00e9coupes de dentelle sur les c\u00f4t\u00e9s, qui ajoutent une touche de sophistication subtile \u00e0 ce mod\u00e8le. Pour plus de polyvalence, des manches transparentes amovibles vous permettent de personnaliser votre look.\",\"breadcrumb\":{\"@id\":\"https:\\\/\\\/www.koonings.com\\\/fr\\\/product\\\/modeca-dina\\\/#breadcrumb\"},\"inLanguage\":\"fr-FR\",\"potentialAction\":[{\"@type\":\"ReadAction\",\"target\":[\"https:\\\/\\\/www.koonings.com\\\/fr\\\/product\\\/modeca-dina\\\/\"]}]},{\"@type\":\"ImageObject\",\"inLanguage\":\"fr-FR\",\"@id\":\"https:\\\/\\\/www.koonings.com\\\/fr\\\/product\\\/modeca-dina\\\/#primaryimage\",\"url\":\"https:\\\/\\\/www.koonings.com\\\/wp-content\\\/uploads\\\/2024\\\/11\\\/48909_4cfd514971e32a5a33a627dfa6c8f43601ebf1341af35f8141d314c8084a8ba0769fba13.jpeg\",\"contentUrl\":\"https:\\\/\\\/www.koonings.com\\\/wp-content\\\/uploads\\\/2024\\\/11\\\/48909_4cfd514971e32a5a33a627dfa6c8f43601ebf1341af35f8141d314c8084a8ba0769fba13.jpeg\",\"width\":863,\"height\":1221},{\"@type\":\"BreadcrumbList\",\"@id\":\"https:\\\/\\\/www.koonings.com\\\/fr\\\/product\\\/modeca-dina\\\/#breadcrumb\",\"itemListElement\":[{\"@type\":\"ListItem\",\"position\":1,\"name\":\"Home\",\"item\":\"https:\\\/\\\/www.koonings.com\\\/fr\\\/\"},{\"@type\":\"ListItem\",\"position\":2,\"name\":\"Modeca Dina\"}]},{\"@type\":\"WebSite\",\"@id\":\"https:\\\/\\\/www.koonings.com\\\/fr\\\/#website\",\"url\":\"https:\\\/\\\/www.koonings.com\\\/fr\\\/\",\"name\":\"Koonings\",\"description\":\"De grootste bruidsmodewinkel ter wereld\",\"publisher\":{\"@id\":\"https:\\\/\\\/www.koonings.com\\\/fr\\\/#organization\"},\"potentialAction\":[{\"@type\":\"SearchAction\",\"target\":{\"@type\":\"EntryPoint\",\"urlTemplate\":\"https:\\\/\\\/www.koonings.com\\\/fr\\\/?s={search_term_string}\"},\"query-input\":{\"@type\":\"PropertyValueSpecification\",\"valueRequired\":true,\"valueName\":\"search_term_string\"}}],\"inLanguage\":\"fr-FR\"},{\"@type\":\"Organization\",\"@id\":\"https:\\\/\\\/www.koonings.com\\\/fr\\\/#organization\",\"name\":\"Koonings\",\"url\":\"https:\\\/\\\/www.koonings.com\\\/fr\\\/\",\"logo\":{\"@type\":\"ImageObject\",\"inLanguage\":\"fr-FR\",\"@id\":\"https:\\\/\\\/www.koonings.com\\\/fr\\\/#\\\/schema\\\/logo\\\/image\\\/\",\"url\":\"https:\\\/\\\/www.koonings.com\\\/wp-content\\\/uploads\\\/2024\\\/07\\\/logo.png\",\"contentUrl\":\"https:\\\/\\\/www.koonings.com\\\/wp-content\\\/uploads\\\/2024\\\/07\\\/logo.png\",\"width\":600,\"height\":428,\"caption\":\"Koonings\"},\"image\":{\"@id\":\"https:\\\/\\\/www.koonings.com\\\/fr\\\/#\\\/schema\\\/logo\\\/image\\\/\"},\"sameAs\":[\"https:\\\/\\\/www.facebook.com\\\/kooningstheweddingpalace\",\"https:\\\/\\\/www.instagram.com\\\/kooningstheweddingpalace\",\"https:\\\/\\\/www.pinterest.com\\\/koonings\",\"https:\\\/\\\/www.youtube.com\\\/kooningstheweddingpalace\"]}]}<\/script>\n<!-- \/ Yoast SEO plugin. -->","yoast_head_json":{"title":"Modeca Dina | Koonings","description":"Dina est une ligne A \u00e9poustouflante o\u00f9 la beaut\u00e9 intemporelle rencontre l'allure moderne. Cette silhouette de r\u00eave est rehauss\u00e9e d'un profond d\u00e9collet\u00e9 en V et de ravissantes d\u00e9coupes de dentelle sur les c\u00f4t\u00e9s, qui ajoutent une touche de sophistication subtile \u00e0 ce mod\u00e8le. Pour plus de polyvalence, des manches transparentes amovibles vous permettent de personnaliser votre look.","robots":{"index":"index","follow":"follow","max-snippet":"max-snippet:-1","max-image-preview":"max-image-preview:large","max-video-preview":"max-video-preview:-1"},"canonical":"https:\/\/www.koonings.com\/fr\/product\/modeca-dina\/","og_locale":"fr_FR","og_type":"article","og_title":"Modeca Dina | Koonings","og_description":"Dina est une ligne A \u00e9poustouflante o\u00f9 la beaut\u00e9 intemporelle rencontre l'allure moderne. Cette silhouette de r\u00eave est rehauss\u00e9e d'un profond d\u00e9collet\u00e9 en V et de ravissantes d\u00e9coupes de dentelle sur les c\u00f4t\u00e9s, qui ajoutent une touche de sophistication subtile \u00e0 ce mod\u00e8le. Pour plus de polyvalence, des manches transparentes amovibles vous permettent de personnaliser votre look.","og_url":"https:\/\/www.koonings.com\/fr\/product\/modeca-dina\/","og_site_name":"Koonings","article_publisher":"https:\/\/www.facebook.com\/kooningstheweddingpalace","article_modified_time":"2026-02-03T18:44:31+00:00","og_image":[{"width":863,"height":1221,"url":"https:\/\/www.koonings.com\/wp-content\/uploads\/2024\/11\/48909_4cfd514971e32a5a33a627dfa6c8f43601ebf1341af35f8141d314c8084a8ba0769fba13.jpeg","type":"image\/jpeg"}],"twitter_card":"summary_large_image","schema":{"@context":"https:\/\/schema.org","@graph":[{"@type":"WebPage","@id":"https:\/\/www.koonings.com\/fr\/product\/modeca-dina\/","url":"https:\/\/www.koonings.com\/fr\/product\/modeca-dina\/","name":"Modeca Dina | Koonings","isPartOf":{"@id":"https:\/\/www.koonings.com\/fr\/#website"},"primaryImageOfPage":{"@id":"https:\/\/www.koonings.com\/fr\/product\/modeca-dina\/#primaryimage"},"image":{"@id":"https:\/\/www.koonings.com\/fr\/product\/modeca-dina\/#primaryimage"},"thumbnailUrl":"https:\/\/www.koonings.com\/wp-content\/uploads\/2024\/11\/48909_4cfd514971e32a5a33a627dfa6c8f43601ebf1341af35f8141d314c8084a8ba0769fba13.jpeg","datePublished":"2024-11-18T14:46:49+00:00","dateModified":"2026-02-03T18:44:31+00:00","description":"Dina est une ligne A \u00e9poustouflante o\u00f9 la beaut\u00e9 intemporelle rencontre l'allure moderne. Cette silhouette de r\u00eave est rehauss\u00e9e d'un profond d\u00e9collet\u00e9 en V et de ravissantes d\u00e9coupes de dentelle sur les c\u00f4t\u00e9s, qui ajoutent une touche de sophistication subtile \u00e0 ce mod\u00e8le. Pour plus de polyvalence, des manches transparentes amovibles vous permettent de personnaliser votre look.","breadcrumb":{"@id":"https:\/\/www.koonings.com\/fr\/product\/modeca-dina\/#breadcrumb"},"inLanguage":"fr-FR","potentialAction":[{"@type":"ReadAction","target":["https:\/\/www.koonings.com\/fr\/product\/modeca-dina\/"]}]},{"@type":"ImageObject","inLanguage":"fr-FR","@id":"https:\/\/www.koonings.com\/fr\/product\/modeca-dina\/#primaryimage","url":"https:\/\/www.koonings.com\/wp-content\/uploads\/2024\/11\/48909_4cfd514971e32a5a33a627dfa6c8f43601ebf1341af35f8141d314c8084a8ba0769fba13.jpeg","contentUrl":"https:\/\/www.koonings.com\/wp-content\/uploads\/2024\/11\/48909_4cfd514971e32a5a33a627dfa6c8f43601ebf1341af35f8141d314c8084a8ba0769fba13.jpeg","width":863,"height":1221},{"@type":"BreadcrumbList","@id":"https:\/\/www.koonings.com\/fr\/product\/modeca-dina\/#breadcrumb","itemListElement":[{"@type":"ListItem","position":1,"name":"Home","item":"https:\/\/www.koonings.com\/fr\/"},{"@type":"ListItem","position":2,"name":"Modeca Dina"}]},{"@type":"WebSite","@id":"https:\/\/www.koonings.com\/fr\/#website","url":"https:\/\/www.koonings.com\/fr\/","name":"Koonings","description":"De grootste bruidsmodewinkel ter wereld","publisher":{"@id":"https:\/\/www.koonings.com\/fr\/#organization"},"potentialAction":[{"@type":"SearchAction","target":{"@type":"EntryPoint","urlTemplate":"https:\/\/www.koonings.com\/fr\/?s={search_term_string}"},"query-input":{"@type":"PropertyValueSpecification","valueRequired":true,"valueName":"search_term_string"}}],"inLanguage":"fr-FR"},{"@type":"Organization","@id":"https:\/\/www.koonings.com\/fr\/#organization","name":"Koonings","url":"https:\/\/www.koonings.com\/fr\/","logo":{"@type":"ImageObject","inLanguage":"fr-FR","@id":"https:\/\/www.koonings.com\/fr\/#\/schema\/logo\/image\/","url":"https:\/\/www.koonings.com\/wp-content\/uploads\/2024\/07\/logo.png","contentUrl":"https:\/\/www.koonings.com\/wp-content\/uploads\/2024\/07\/logo.png","width":600,"height":428,"caption":"Koonings"},"image":{"@id":"https:\/\/www.koonings.com\/fr\/#\/schema\/logo\/image\/"},"sameAs":["https:\/\/www.facebook.com\/kooningstheweddingpalace","https:\/\/www.instagram.com\/kooningstheweddingpalace","https:\/\/www.pinterest.com\/koonings","https:\/\/www.youtube.com\/kooningstheweddingpalace"]}]}},"_links":{"self":[{"href":"https:\/\/www.koonings.com\/fr\/wp-json\/wp\/v2\/product\/78784","targetHints":{"allow":["GET"]}}],"collection":[{"href":"https:\/\/www.koonings.com\/fr\/wp-json\/wp\/v2\/product"}],"about":[{"href":"https:\/\/www.koonings.com\/fr\/wp-json\/wp\/v2\/types\/product"}],"wp:featuredmedia":[{"embeddable":true,"href":"https:\/\/www.koonings.com\/fr\/wp-json\/wp\/v2\/media\/65968"}],"wp:attachment":[{"href":"https:\/\/www.koonings.com\/fr\/wp-json\/wp\/v2\/media?parent=78784"}],"wp:term":[{"taxonomy":"productdetails","embeddable":true,"href":"https:\/\/www.koonings.com\/fr\/wp-json\/wp\/v2\/productdetails?post=78784"},{"taxonomy":"productneck","embeddable":true,"href":"https:\/\/www.koonings.com\/fr\/wp-json\/wp\/v2\/productneck?post=78784"},{"taxonomy":"productcolor","embeddable":true,"href":"https:\/\/www.koonings.com\/fr\/wp-json\/wp\/v2\/productcolor?post=78784"},{"taxonomy":"maat","embeddable":true,"href":"https:\/\/www.koonings.com\/fr\/wp-json\/wp\/v2\/maat?post=78784"},{"taxonomy":"productsupplier","embeddable":true,"href":"https:\/\/www.koonings.com\/fr\/wp-json\/wp\/v2\/productsupplier?post=78784"},{"taxonomy":"productsleeve","embeddable":true,"href":"https:\/\/www.koonings.com\/fr\/wp-json\/wp\/v2\/productsleeve?post=78784"},{"taxonomy":"productcategory","embeddable":true,"href":"https:\/\/www.koonings.com\/fr\/wp-json\/wp\/v2\/productcategory?post=78784"},{"taxonomy":"productsilhouette","embeddable":true,"href":"https:\/\/www.koonings.com\/fr\/wp-json\/wp\/v2\/productsilhouette?post=78784"},{"taxonomy":"productstyle","embeddable":true,"href":"https:\/\/www.koonings.com\/fr\/wp-json\/wp\/v2\/productstyle?post=78784"}],"curies":[{"name":"wp","href":"https:\/\/api.w.org\/{rel}","templated":true}]}}