{"id":78779,"date":"2024-11-18T15:46:48","date_gmt":"2024-11-18T14:46:48","guid":{"rendered":"https:\/\/www.koonings.com\/product\/modeca-dille-2\/"},"modified":"2026-02-03T19:44:23","modified_gmt":"2026-02-03T18:44:23","slug":"modeca-dille-2","status":"publish","type":"product","link":"https:\/\/www.koonings.com\/fr\/product\/modeca-dille-2\/","title":{"rendered":"Modeca Dille"},"content":{"rendered":"<p>Dill est une robe de bal impressionnante con\u00e7ue pour voler la vedette lors de votre journ\u00e9e sp\u00e9ciale. Le corsage en dentelle est dot\u00e9 d&#8217;un profond d\u00e9collet\u00e9 en c\u0153ur et une jupe de r\u00eave en organza avec volants ajoute une touche de gaiet\u00e9 \u00e0 ce look. Pour une touche polyvalente, les bretelles amovibles vous permettent de changer de look pendant votre journ\u00e9e sp\u00e9ciale.<\/p>\n","protected":false},"featured_media":65951,"template":"","meta":{"_acf_changed":false,"ghostkit_customizer_options":"","ghostkit_custom_css":"","ghostkit_custom_js_head":"","ghostkit_custom_js_foot":"","ghostkit_typography":""},"productdetails":[376],"productneck":[354,355],"productcolor":[393,392],"maat":[],"productsupplier":[434],"productsleeve":[],"productcategory":[18],"productsilhouette":[388],"productstyle":[372,366],"class_list":["post-78779","product","type-product","status-publish","has-post-thumbnail","hentry","productdetails-376","productneck-354","productneck-355","productcolor-393","productcolor-392","productsupplier-modeca","productcategory-trouwjurken","productsilhouette-388","productstyle-372","productstyle-366"],"acf":[],"yoast_head":"<!-- This site is optimized with the Yoast SEO plugin v27.3 - https:\/\/yoast.com\/product\/yoast-seo-wordpress\/ -->\n<title>Modeca Dille | Koonings<\/title>\n<meta name=\"description\" content=\"Dill est une robe de bal impressionnante con\u00e7ue pour voler la vedette lors de votre journ\u00e9e sp\u00e9ciale. Le corsage en dentelle est dot\u00e9 d&#039;un profond d\u00e9collet\u00e9 en c\u0153ur et une jupe de r\u00eave en organza avec volants ajoute une touche de gaiet\u00e9 \u00e0 ce look. Pour une touche polyvalente, les bretelles amovibles vous permettent de changer de look pendant votre journ\u00e9e sp\u00e9ciale.\" \/>\n<meta name=\"robots\" content=\"index, follow, max-snippet:-1, max-image-preview:large, max-video-preview:-1\" \/>\n<link rel=\"canonical\" href=\"https:\/\/www.koonings.com\/fr\/product\/modeca-dille-2\/\" \/>\n<meta property=\"og:locale\" content=\"fr_FR\" \/>\n<meta property=\"og:type\" content=\"article\" \/>\n<meta property=\"og:title\" content=\"Modeca Dille | Koonings\" \/>\n<meta property=\"og:description\" content=\"Dill est une robe de bal impressionnante con\u00e7ue pour voler la vedette lors de votre journ\u00e9e sp\u00e9ciale. Le corsage en dentelle est dot\u00e9 d&#039;un profond d\u00e9collet\u00e9 en c\u0153ur et une jupe de r\u00eave en organza avec volants ajoute une touche de gaiet\u00e9 \u00e0 ce look. Pour une touche polyvalente, les bretelles amovibles vous permettent de changer de look pendant votre journ\u00e9e sp\u00e9ciale.\" \/>\n<meta property=\"og:url\" content=\"https:\/\/www.koonings.com\/fr\/product\/modeca-dille-2\/\" \/>\n<meta property=\"og:site_name\" content=\"Koonings\" \/>\n<meta property=\"article:publisher\" content=\"https:\/\/www.facebook.com\/kooningstheweddingpalace\" \/>\n<meta property=\"article:modified_time\" content=\"2026-02-03T18:44:23+00:00\" \/>\n<meta property=\"og:image\" content=\"https:\/\/www.koonings.com\/wp-content\/uploads\/2024\/11\/48907_8ffa05e471c988d957e113b44c82032d1e5b636b5babf493ab439ab29cd73c8750e1e3a0.jpeg\" \/>\n\t<meta property=\"og:image:width\" content=\"793\" \/>\n\t<meta property=\"og:image:height\" content=\"1123\" \/>\n\t<meta property=\"og:image:type\" content=\"image\/jpeg\" \/>\n<meta name=\"twitter:card\" content=\"summary_large_image\" \/>\n<script type=\"application\/ld+json\" class=\"yoast-schema-graph\">{\"@context\":\"https:\\\/\\\/schema.org\",\"@graph\":[{\"@type\":\"WebPage\",\"@id\":\"https:\\\/\\\/www.koonings.com\\\/fr\\\/product\\\/modeca-dille-2\\\/\",\"url\":\"https:\\\/\\\/www.koonings.com\\\/fr\\\/product\\\/modeca-dille-2\\\/\",\"name\":\"Modeca Dille | Koonings\",\"isPartOf\":{\"@id\":\"https:\\\/\\\/www.koonings.com\\\/fr\\\/#website\"},\"primaryImageOfPage\":{\"@id\":\"https:\\\/\\\/www.koonings.com\\\/fr\\\/product\\\/modeca-dille-2\\\/#primaryimage\"},\"image\":{\"@id\":\"https:\\\/\\\/www.koonings.com\\\/fr\\\/product\\\/modeca-dille-2\\\/#primaryimage\"},\"thumbnailUrl\":\"https:\\\/\\\/www.koonings.com\\\/wp-content\\\/uploads\\\/2024\\\/11\\\/48907_8ffa05e471c988d957e113b44c82032d1e5b636b5babf493ab439ab29cd73c8750e1e3a0.jpeg\",\"datePublished\":\"2024-11-18T14:46:48+00:00\",\"dateModified\":\"2026-02-03T18:44:23+00:00\",\"description\":\"Dill est une robe de bal impressionnante con\u00e7ue pour voler la vedette lors de votre journ\u00e9e sp\u00e9ciale. Le corsage en dentelle est dot\u00e9 d'un profond d\u00e9collet\u00e9 en c\u0153ur et une jupe de r\u00eave en organza avec volants ajoute une touche de gaiet\u00e9 \u00e0 ce look. Pour une touche polyvalente, les bretelles amovibles vous permettent de changer de look pendant votre journ\u00e9e sp\u00e9ciale.\",\"breadcrumb\":{\"@id\":\"https:\\\/\\\/www.koonings.com\\\/fr\\\/product\\\/modeca-dille-2\\\/#breadcrumb\"},\"inLanguage\":\"fr-FR\",\"potentialAction\":[{\"@type\":\"ReadAction\",\"target\":[\"https:\\\/\\\/www.koonings.com\\\/fr\\\/product\\\/modeca-dille-2\\\/\"]}]},{\"@type\":\"ImageObject\",\"inLanguage\":\"fr-FR\",\"@id\":\"https:\\\/\\\/www.koonings.com\\\/fr\\\/product\\\/modeca-dille-2\\\/#primaryimage\",\"url\":\"https:\\\/\\\/www.koonings.com\\\/wp-content\\\/uploads\\\/2024\\\/11\\\/48907_8ffa05e471c988d957e113b44c82032d1e5b636b5babf493ab439ab29cd73c8750e1e3a0.jpeg\",\"contentUrl\":\"https:\\\/\\\/www.koonings.com\\\/wp-content\\\/uploads\\\/2024\\\/11\\\/48907_8ffa05e471c988d957e113b44c82032d1e5b636b5babf493ab439ab29cd73c8750e1e3a0.jpeg\",\"width\":793,\"height\":1123},{\"@type\":\"BreadcrumbList\",\"@id\":\"https:\\\/\\\/www.koonings.com\\\/fr\\\/product\\\/modeca-dille-2\\\/#breadcrumb\",\"itemListElement\":[{\"@type\":\"ListItem\",\"position\":1,\"name\":\"Home\",\"item\":\"https:\\\/\\\/www.koonings.com\\\/fr\\\/\"},{\"@type\":\"ListItem\",\"position\":2,\"name\":\"Modeca Dille\"}]},{\"@type\":\"WebSite\",\"@id\":\"https:\\\/\\\/www.koonings.com\\\/fr\\\/#website\",\"url\":\"https:\\\/\\\/www.koonings.com\\\/fr\\\/\",\"name\":\"Koonings\",\"description\":\"De grootste bruidsmodewinkel ter wereld\",\"publisher\":{\"@id\":\"https:\\\/\\\/www.koonings.com\\\/fr\\\/#organization\"},\"potentialAction\":[{\"@type\":\"SearchAction\",\"target\":{\"@type\":\"EntryPoint\",\"urlTemplate\":\"https:\\\/\\\/www.koonings.com\\\/fr\\\/?s={search_term_string}\"},\"query-input\":{\"@type\":\"PropertyValueSpecification\",\"valueRequired\":true,\"valueName\":\"search_term_string\"}}],\"inLanguage\":\"fr-FR\"},{\"@type\":\"Organization\",\"@id\":\"https:\\\/\\\/www.koonings.com\\\/fr\\\/#organization\",\"name\":\"Koonings\",\"url\":\"https:\\\/\\\/www.koonings.com\\\/fr\\\/\",\"logo\":{\"@type\":\"ImageObject\",\"inLanguage\":\"fr-FR\",\"@id\":\"https:\\\/\\\/www.koonings.com\\\/fr\\\/#\\\/schema\\\/logo\\\/image\\\/\",\"url\":\"https:\\\/\\\/www.koonings.com\\\/wp-content\\\/uploads\\\/2024\\\/07\\\/logo.png\",\"contentUrl\":\"https:\\\/\\\/www.koonings.com\\\/wp-content\\\/uploads\\\/2024\\\/07\\\/logo.png\",\"width\":600,\"height\":428,\"caption\":\"Koonings\"},\"image\":{\"@id\":\"https:\\\/\\\/www.koonings.com\\\/fr\\\/#\\\/schema\\\/logo\\\/image\\\/\"},\"sameAs\":[\"https:\\\/\\\/www.facebook.com\\\/kooningstheweddingpalace\",\"https:\\\/\\\/www.instagram.com\\\/kooningstheweddingpalace\",\"https:\\\/\\\/www.pinterest.com\\\/koonings\",\"https:\\\/\\\/www.youtube.com\\\/kooningstheweddingpalace\"]}]}<\/script>\n<!-- \/ Yoast SEO plugin. -->","yoast_head_json":{"title":"Modeca Dille | Koonings","description":"Dill est une robe de bal impressionnante con\u00e7ue pour voler la vedette lors de votre journ\u00e9e sp\u00e9ciale. Le corsage en dentelle est dot\u00e9 d'un profond d\u00e9collet\u00e9 en c\u0153ur et une jupe de r\u00eave en organza avec volants ajoute une touche de gaiet\u00e9 \u00e0 ce look. Pour une touche polyvalente, les bretelles amovibles vous permettent de changer de look pendant votre journ\u00e9e sp\u00e9ciale.","robots":{"index":"index","follow":"follow","max-snippet":"max-snippet:-1","max-image-preview":"max-image-preview:large","max-video-preview":"max-video-preview:-1"},"canonical":"https:\/\/www.koonings.com\/fr\/product\/modeca-dille-2\/","og_locale":"fr_FR","og_type":"article","og_title":"Modeca Dille | Koonings","og_description":"Dill est une robe de bal impressionnante con\u00e7ue pour voler la vedette lors de votre journ\u00e9e sp\u00e9ciale. Le corsage en dentelle est dot\u00e9 d'un profond d\u00e9collet\u00e9 en c\u0153ur et une jupe de r\u00eave en organza avec volants ajoute une touche de gaiet\u00e9 \u00e0 ce look. Pour une touche polyvalente, les bretelles amovibles vous permettent de changer de look pendant votre journ\u00e9e sp\u00e9ciale.","og_url":"https:\/\/www.koonings.com\/fr\/product\/modeca-dille-2\/","og_site_name":"Koonings","article_publisher":"https:\/\/www.facebook.com\/kooningstheweddingpalace","article_modified_time":"2026-02-03T18:44:23+00:00","og_image":[{"width":793,"height":1123,"url":"https:\/\/www.koonings.com\/wp-content\/uploads\/2024\/11\/48907_8ffa05e471c988d957e113b44c82032d1e5b636b5babf493ab439ab29cd73c8750e1e3a0.jpeg","type":"image\/jpeg"}],"twitter_card":"summary_large_image","schema":{"@context":"https:\/\/schema.org","@graph":[{"@type":"WebPage","@id":"https:\/\/www.koonings.com\/fr\/product\/modeca-dille-2\/","url":"https:\/\/www.koonings.com\/fr\/product\/modeca-dille-2\/","name":"Modeca Dille | Koonings","isPartOf":{"@id":"https:\/\/www.koonings.com\/fr\/#website"},"primaryImageOfPage":{"@id":"https:\/\/www.koonings.com\/fr\/product\/modeca-dille-2\/#primaryimage"},"image":{"@id":"https:\/\/www.koonings.com\/fr\/product\/modeca-dille-2\/#primaryimage"},"thumbnailUrl":"https:\/\/www.koonings.com\/wp-content\/uploads\/2024\/11\/48907_8ffa05e471c988d957e113b44c82032d1e5b636b5babf493ab439ab29cd73c8750e1e3a0.jpeg","datePublished":"2024-11-18T14:46:48+00:00","dateModified":"2026-02-03T18:44:23+00:00","description":"Dill est une robe de bal impressionnante con\u00e7ue pour voler la vedette lors de votre journ\u00e9e sp\u00e9ciale. Le corsage en dentelle est dot\u00e9 d'un profond d\u00e9collet\u00e9 en c\u0153ur et une jupe de r\u00eave en organza avec volants ajoute une touche de gaiet\u00e9 \u00e0 ce look. Pour une touche polyvalente, les bretelles amovibles vous permettent de changer de look pendant votre journ\u00e9e sp\u00e9ciale.","breadcrumb":{"@id":"https:\/\/www.koonings.com\/fr\/product\/modeca-dille-2\/#breadcrumb"},"inLanguage":"fr-FR","potentialAction":[{"@type":"ReadAction","target":["https:\/\/www.koonings.com\/fr\/product\/modeca-dille-2\/"]}]},{"@type":"ImageObject","inLanguage":"fr-FR","@id":"https:\/\/www.koonings.com\/fr\/product\/modeca-dille-2\/#primaryimage","url":"https:\/\/www.koonings.com\/wp-content\/uploads\/2024\/11\/48907_8ffa05e471c988d957e113b44c82032d1e5b636b5babf493ab439ab29cd73c8750e1e3a0.jpeg","contentUrl":"https:\/\/www.koonings.com\/wp-content\/uploads\/2024\/11\/48907_8ffa05e471c988d957e113b44c82032d1e5b636b5babf493ab439ab29cd73c8750e1e3a0.jpeg","width":793,"height":1123},{"@type":"BreadcrumbList","@id":"https:\/\/www.koonings.com\/fr\/product\/modeca-dille-2\/#breadcrumb","itemListElement":[{"@type":"ListItem","position":1,"name":"Home","item":"https:\/\/www.koonings.com\/fr\/"},{"@type":"ListItem","position":2,"name":"Modeca Dille"}]},{"@type":"WebSite","@id":"https:\/\/www.koonings.com\/fr\/#website","url":"https:\/\/www.koonings.com\/fr\/","name":"Koonings","description":"De grootste bruidsmodewinkel ter wereld","publisher":{"@id":"https:\/\/www.koonings.com\/fr\/#organization"},"potentialAction":[{"@type":"SearchAction","target":{"@type":"EntryPoint","urlTemplate":"https:\/\/www.koonings.com\/fr\/?s={search_term_string}"},"query-input":{"@type":"PropertyValueSpecification","valueRequired":true,"valueName":"search_term_string"}}],"inLanguage":"fr-FR"},{"@type":"Organization","@id":"https:\/\/www.koonings.com\/fr\/#organization","name":"Koonings","url":"https:\/\/www.koonings.com\/fr\/","logo":{"@type":"ImageObject","inLanguage":"fr-FR","@id":"https:\/\/www.koonings.com\/fr\/#\/schema\/logo\/image\/","url":"https:\/\/www.koonings.com\/wp-content\/uploads\/2024\/07\/logo.png","contentUrl":"https:\/\/www.koonings.com\/wp-content\/uploads\/2024\/07\/logo.png","width":600,"height":428,"caption":"Koonings"},"image":{"@id":"https:\/\/www.koonings.com\/fr\/#\/schema\/logo\/image\/"},"sameAs":["https:\/\/www.facebook.com\/kooningstheweddingpalace","https:\/\/www.instagram.com\/kooningstheweddingpalace","https:\/\/www.pinterest.com\/koonings","https:\/\/www.youtube.com\/kooningstheweddingpalace"]}]}},"_links":{"self":[{"href":"https:\/\/www.koonings.com\/fr\/wp-json\/wp\/v2\/product\/78779","targetHints":{"allow":["GET"]}}],"collection":[{"href":"https:\/\/www.koonings.com\/fr\/wp-json\/wp\/v2\/product"}],"about":[{"href":"https:\/\/www.koonings.com\/fr\/wp-json\/wp\/v2\/types\/product"}],"wp:featuredmedia":[{"embeddable":true,"href":"https:\/\/www.koonings.com\/fr\/wp-json\/wp\/v2\/media\/65951"}],"wp:attachment":[{"href":"https:\/\/www.koonings.com\/fr\/wp-json\/wp\/v2\/media?parent=78779"}],"wp:term":[{"taxonomy":"productdetails","embeddable":true,"href":"https:\/\/www.koonings.com\/fr\/wp-json\/wp\/v2\/productdetails?post=78779"},{"taxonomy":"productneck","embeddable":true,"href":"https:\/\/www.koonings.com\/fr\/wp-json\/wp\/v2\/productneck?post=78779"},{"taxonomy":"productcolor","embeddable":true,"href":"https:\/\/www.koonings.com\/fr\/wp-json\/wp\/v2\/productcolor?post=78779"},{"taxonomy":"maat","embeddable":true,"href":"https:\/\/www.koonings.com\/fr\/wp-json\/wp\/v2\/maat?post=78779"},{"taxonomy":"productsupplier","embeddable":true,"href":"https:\/\/www.koonings.com\/fr\/wp-json\/wp\/v2\/productsupplier?post=78779"},{"taxonomy":"productsleeve","embeddable":true,"href":"https:\/\/www.koonings.com\/fr\/wp-json\/wp\/v2\/productsleeve?post=78779"},{"taxonomy":"productcategory","embeddable":true,"href":"https:\/\/www.koonings.com\/fr\/wp-json\/wp\/v2\/productcategory?post=78779"},{"taxonomy":"productsilhouette","embeddable":true,"href":"https:\/\/www.koonings.com\/fr\/wp-json\/wp\/v2\/productsilhouette?post=78779"},{"taxonomy":"productstyle","embeddable":true,"href":"https:\/\/www.koonings.com\/fr\/wp-json\/wp\/v2\/productstyle?post=78779"}],"curies":[{"name":"wp","href":"https:\/\/api.w.org\/{rel}","templated":true}]}}