{"id":78739,"date":"2025-12-15T00:10:37","date_gmt":"2025-12-14T23:10:37","guid":{"rendered":"https:\/\/www.koonings.com\/product\/modeca-royal\/"},"modified":"2026-02-03T19:45:37","modified_gmt":"2026-02-03T18:45:37","slug":"modeca-royal","status":"publish","type":"product","link":"https:\/\/www.koonings.com\/fr\/product\/modeca-royal\/","title":{"rendered":"Modeca Royal"},"content":{"rendered":"<p>La robe Royal en mousseline de soie, a\u00e9rienne et \u00e9th\u00e9r\u00e9e, pr\u00e9sente tous les d\u00e9tails qu&#8217;une mari\u00e9e peut souhaiter. Cette robe traditionnelle de forme A poss\u00e8de un corsage drap\u00e9 chic avec un d\u00e9collet\u00e9 profond termin\u00e9 par une bande de dentelle perl\u00e9e \u00e0 la taille qui accentue joliment vos courbes. Les manches longues, orn\u00e9es d&#8217;une magnifique dentelle, donnent \u00e0 ce look une touche a\u00e9rienne. Un dos en V \u00e9l\u00e9gant et une fente compl\u00e8tent ce style nuptial. Cette robe est \u00e9galement disponible sans fente &#8211; Royal-A.    <\/p>\n","protected":false},"featured_media":66239,"template":"","meta":{"_acf_changed":false,"ghostkit_customizer_options":"","ghostkit_custom_css":"","ghostkit_custom_js_head":"","ghostkit_custom_js_foot":"","ghostkit_typography":""},"productdetails":[378],"productneck":[356],"productcolor":[392],"maat":[],"productsupplier":[434],"productsleeve":[362],"productcategory":[18],"productsilhouette":[389],"productstyle":[364,366,370],"class_list":["post-78739","product","type-product","status-publish","has-post-thumbnail","hentry","productdetails-378","productneck-356","productcolor-392","productsupplier-modeca","productsleeve-362","productcategory-trouwjurken","productsilhouette-389","productstyle-364","productstyle-366","productstyle-370"],"acf":[],"yoast_head":"<!-- This site is optimized with the Yoast SEO plugin v26.8 - https:\/\/yoast.com\/product\/yoast-seo-wordpress\/ -->\n<title>Modeca Royal | Koonings<\/title>\n<meta name=\"description\" content=\"La robe Royal en mousseline de soie, a\u00e9rienne et \u00e9th\u00e9r\u00e9e, pr\u00e9sente tous les d\u00e9tails qu&#039;une mari\u00e9e peut souhaiter. Cette robe traditionnelle de forme A poss\u00e8de un corsage drap\u00e9 chic avec un d\u00e9collet\u00e9 profond termin\u00e9 par une bande de dentelle perl\u00e9e \u00e0 la taille qui accentue joliment vos courbes. Les manches longues, orn\u00e9es d&#039;une magnifique dentelle, donnent \u00e0 ce look une touche a\u00e9rienne. Un dos en V \u00e9l\u00e9gant et une fente compl\u00e8tent ce style nuptial. Cette robe est \u00e9galement disponible sans fente - Royal-A.\" \/>\n<meta name=\"robots\" content=\"index, follow, max-snippet:-1, max-image-preview:large, max-video-preview:-1\" \/>\n<link rel=\"canonical\" href=\"https:\/\/www.koonings.com\/fr\/product\/modeca-royal\/\" \/>\n<meta property=\"og:locale\" content=\"fr_FR\" \/>\n<meta property=\"og:type\" content=\"article\" \/>\n<meta property=\"og:title\" content=\"Modeca Royal | Koonings\" \/>\n<meta property=\"og:description\" content=\"La robe Royal en mousseline de soie, a\u00e9rienne et \u00e9th\u00e9r\u00e9e, pr\u00e9sente tous les d\u00e9tails qu&#039;une mari\u00e9e peut souhaiter. Cette robe traditionnelle de forme A poss\u00e8de un corsage drap\u00e9 chic avec un d\u00e9collet\u00e9 profond termin\u00e9 par une bande de dentelle perl\u00e9e \u00e0 la taille qui accentue joliment vos courbes. Les manches longues, orn\u00e9es d&#039;une magnifique dentelle, donnent \u00e0 ce look une touche a\u00e9rienne. Un dos en V \u00e9l\u00e9gant et une fente compl\u00e8tent ce style nuptial. Cette robe est \u00e9galement disponible sans fente - Royal-A.\" \/>\n<meta property=\"og:url\" content=\"https:\/\/www.koonings.com\/fr\/product\/modeca-royal\/\" \/>\n<meta property=\"og:site_name\" content=\"Koonings\" \/>\n<meta property=\"article:publisher\" content=\"https:\/\/www.facebook.com\/kooningstheweddingpalace\" \/>\n<meta property=\"article:modified_time\" content=\"2026-02-03T18:45:37+00:00\" \/>\n<meta property=\"og:image\" content=\"https:\/\/www.koonings.com\/wp-content\/uploads\/2024\/11\/37546_36b44e92889e9b6ab5033dbb28ad3a1021abfeba49853d70985fdb2c8e66a82d12628b69-scaled.jpeg\" \/>\n\t<meta property=\"og:image:width\" content=\"1810\" \/>\n\t<meta property=\"og:image:height\" content=\"2560\" \/>\n\t<meta property=\"og:image:type\" content=\"image\/jpeg\" \/>\n<meta name=\"twitter:card\" content=\"summary_large_image\" \/>\n<script type=\"application\/ld+json\" class=\"yoast-schema-graph\">{\"@context\":\"https:\/\/schema.org\",\"@graph\":[{\"@type\":\"WebPage\",\"@id\":\"https:\/\/www.koonings.com\/fr\/product\/modeca-royal\/\",\"url\":\"https:\/\/www.koonings.com\/fr\/product\/modeca-royal\/\",\"name\":\"Modeca Royal | Koonings\",\"isPartOf\":{\"@id\":\"https:\/\/www.koonings.com\/fr\/#website\"},\"primaryImageOfPage\":{\"@id\":\"https:\/\/www.koonings.com\/fr\/product\/modeca-royal\/#primaryimage\"},\"image\":{\"@id\":\"https:\/\/www.koonings.com\/fr\/product\/modeca-royal\/#primaryimage\"},\"thumbnailUrl\":\"https:\/\/www.koonings.com\/wp-content\/uploads\/2024\/11\/37546_36b44e92889e9b6ab5033dbb28ad3a1021abfeba49853d70985fdb2c8e66a82d12628b69-scaled.jpeg\",\"datePublished\":\"2025-12-14T23:10:37+00:00\",\"dateModified\":\"2026-02-03T18:45:37+00:00\",\"description\":\"La robe Royal en mousseline de soie, a\u00e9rienne et \u00e9th\u00e9r\u00e9e, pr\u00e9sente tous les d\u00e9tails qu'une mari\u00e9e peut souhaiter. Cette robe traditionnelle de forme A poss\u00e8de un corsage drap\u00e9 chic avec un d\u00e9collet\u00e9 profond termin\u00e9 par une bande de dentelle perl\u00e9e \u00e0 la taille qui accentue joliment vos courbes. Les manches longues, orn\u00e9es d'une magnifique dentelle, donnent \u00e0 ce look une touche a\u00e9rienne. Un dos en V \u00e9l\u00e9gant et une fente compl\u00e8tent ce style nuptial. Cette robe est \u00e9galement disponible sans fente - Royal-A.\",\"breadcrumb\":{\"@id\":\"https:\/\/www.koonings.com\/fr\/product\/modeca-royal\/#breadcrumb\"},\"inLanguage\":\"fr-FR\",\"potentialAction\":[{\"@type\":\"ReadAction\",\"target\":[\"https:\/\/www.koonings.com\/fr\/product\/modeca-royal\/\"]}]},{\"@type\":\"ImageObject\",\"inLanguage\":\"fr-FR\",\"@id\":\"https:\/\/www.koonings.com\/fr\/product\/modeca-royal\/#primaryimage\",\"url\":\"https:\/\/www.koonings.com\/wp-content\/uploads\/2024\/11\/37546_36b44e92889e9b6ab5033dbb28ad3a1021abfeba49853d70985fdb2c8e66a82d12628b69-scaled.jpeg\",\"contentUrl\":\"https:\/\/www.koonings.com\/wp-content\/uploads\/2024\/11\/37546_36b44e92889e9b6ab5033dbb28ad3a1021abfeba49853d70985fdb2c8e66a82d12628b69-scaled.jpeg\",\"width\":1810,\"height\":2560},{\"@type\":\"BreadcrumbList\",\"@id\":\"https:\/\/www.koonings.com\/fr\/product\/modeca-royal\/#breadcrumb\",\"itemListElement\":[{\"@type\":\"ListItem\",\"position\":1,\"name\":\"Home\",\"item\":\"https:\/\/www.koonings.com\/fr\/\"},{\"@type\":\"ListItem\",\"position\":2,\"name\":\"Modeca Royal\"}]},{\"@type\":\"WebSite\",\"@id\":\"https:\/\/www.koonings.com\/fr\/#website\",\"url\":\"https:\/\/www.koonings.com\/fr\/\",\"name\":\"Koonings\",\"description\":\"De grootste bruidsmodewinkel ter wereld\",\"publisher\":{\"@id\":\"https:\/\/www.koonings.com\/fr\/#organization\"},\"potentialAction\":[{\"@type\":\"SearchAction\",\"target\":{\"@type\":\"EntryPoint\",\"urlTemplate\":\"https:\/\/www.koonings.com\/fr\/?s={search_term_string}\"},\"query-input\":{\"@type\":\"PropertyValueSpecification\",\"valueRequired\":true,\"valueName\":\"search_term_string\"}}],\"inLanguage\":\"fr-FR\"},{\"@type\":\"Organization\",\"@id\":\"https:\/\/www.koonings.com\/fr\/#organization\",\"name\":\"Koonings\",\"url\":\"https:\/\/www.koonings.com\/fr\/\",\"logo\":{\"@type\":\"ImageObject\",\"inLanguage\":\"fr-FR\",\"@id\":\"https:\/\/www.koonings.com\/fr\/#\/schema\/logo\/image\/\",\"url\":\"https:\/\/www.koonings.com\/wp-content\/uploads\/2024\/07\/logo.png\",\"contentUrl\":\"https:\/\/www.koonings.com\/wp-content\/uploads\/2024\/07\/logo.png\",\"width\":600,\"height\":428,\"caption\":\"Koonings\"},\"image\":{\"@id\":\"https:\/\/www.koonings.com\/fr\/#\/schema\/logo\/image\/\"},\"sameAs\":[\"https:\/\/www.facebook.com\/kooningstheweddingpalace\",\"https:\/\/www.instagram.com\/kooningstheweddingpalace\",\"https:\/\/www.pinterest.com\/koonings\",\"https:\/\/www.youtube.com\/kooningstheweddingpalace\"]}]}<\/script>\n<!-- \/ Yoast SEO plugin. -->","yoast_head_json":{"title":"Modeca Royal | Koonings","description":"La robe Royal en mousseline de soie, a\u00e9rienne et \u00e9th\u00e9r\u00e9e, pr\u00e9sente tous les d\u00e9tails qu'une mari\u00e9e peut souhaiter. Cette robe traditionnelle de forme A poss\u00e8de un corsage drap\u00e9 chic avec un d\u00e9collet\u00e9 profond termin\u00e9 par une bande de dentelle perl\u00e9e \u00e0 la taille qui accentue joliment vos courbes. Les manches longues, orn\u00e9es d'une magnifique dentelle, donnent \u00e0 ce look une touche a\u00e9rienne. Un dos en V \u00e9l\u00e9gant et une fente compl\u00e8tent ce style nuptial. Cette robe est \u00e9galement disponible sans fente - Royal-A.","robots":{"index":"index","follow":"follow","max-snippet":"max-snippet:-1","max-image-preview":"max-image-preview:large","max-video-preview":"max-video-preview:-1"},"canonical":"https:\/\/www.koonings.com\/fr\/product\/modeca-royal\/","og_locale":"fr_FR","og_type":"article","og_title":"Modeca Royal | Koonings","og_description":"La robe Royal en mousseline de soie, a\u00e9rienne et \u00e9th\u00e9r\u00e9e, pr\u00e9sente tous les d\u00e9tails qu'une mari\u00e9e peut souhaiter. Cette robe traditionnelle de forme A poss\u00e8de un corsage drap\u00e9 chic avec un d\u00e9collet\u00e9 profond termin\u00e9 par une bande de dentelle perl\u00e9e \u00e0 la taille qui accentue joliment vos courbes. Les manches longues, orn\u00e9es d'une magnifique dentelle, donnent \u00e0 ce look une touche a\u00e9rienne. Un dos en V \u00e9l\u00e9gant et une fente compl\u00e8tent ce style nuptial. Cette robe est \u00e9galement disponible sans fente - Royal-A.","og_url":"https:\/\/www.koonings.com\/fr\/product\/modeca-royal\/","og_site_name":"Koonings","article_publisher":"https:\/\/www.facebook.com\/kooningstheweddingpalace","article_modified_time":"2026-02-03T18:45:37+00:00","og_image":[{"width":1810,"height":2560,"url":"https:\/\/www.koonings.com\/wp-content\/uploads\/2024\/11\/37546_36b44e92889e9b6ab5033dbb28ad3a1021abfeba49853d70985fdb2c8e66a82d12628b69-scaled.jpeg","type":"image\/jpeg"}],"twitter_card":"summary_large_image","schema":{"@context":"https:\/\/schema.org","@graph":[{"@type":"WebPage","@id":"https:\/\/www.koonings.com\/fr\/product\/modeca-royal\/","url":"https:\/\/www.koonings.com\/fr\/product\/modeca-royal\/","name":"Modeca Royal | Koonings","isPartOf":{"@id":"https:\/\/www.koonings.com\/fr\/#website"},"primaryImageOfPage":{"@id":"https:\/\/www.koonings.com\/fr\/product\/modeca-royal\/#primaryimage"},"image":{"@id":"https:\/\/www.koonings.com\/fr\/product\/modeca-royal\/#primaryimage"},"thumbnailUrl":"https:\/\/www.koonings.com\/wp-content\/uploads\/2024\/11\/37546_36b44e92889e9b6ab5033dbb28ad3a1021abfeba49853d70985fdb2c8e66a82d12628b69-scaled.jpeg","datePublished":"2025-12-14T23:10:37+00:00","dateModified":"2026-02-03T18:45:37+00:00","description":"La robe Royal en mousseline de soie, a\u00e9rienne et \u00e9th\u00e9r\u00e9e, pr\u00e9sente tous les d\u00e9tails qu'une mari\u00e9e peut souhaiter. Cette robe traditionnelle de forme A poss\u00e8de un corsage drap\u00e9 chic avec un d\u00e9collet\u00e9 profond termin\u00e9 par une bande de dentelle perl\u00e9e \u00e0 la taille qui accentue joliment vos courbes. Les manches longues, orn\u00e9es d'une magnifique dentelle, donnent \u00e0 ce look une touche a\u00e9rienne. Un dos en V \u00e9l\u00e9gant et une fente compl\u00e8tent ce style nuptial. Cette robe est \u00e9galement disponible sans fente - Royal-A.","breadcrumb":{"@id":"https:\/\/www.koonings.com\/fr\/product\/modeca-royal\/#breadcrumb"},"inLanguage":"fr-FR","potentialAction":[{"@type":"ReadAction","target":["https:\/\/www.koonings.com\/fr\/product\/modeca-royal\/"]}]},{"@type":"ImageObject","inLanguage":"fr-FR","@id":"https:\/\/www.koonings.com\/fr\/product\/modeca-royal\/#primaryimage","url":"https:\/\/www.koonings.com\/wp-content\/uploads\/2024\/11\/37546_36b44e92889e9b6ab5033dbb28ad3a1021abfeba49853d70985fdb2c8e66a82d12628b69-scaled.jpeg","contentUrl":"https:\/\/www.koonings.com\/wp-content\/uploads\/2024\/11\/37546_36b44e92889e9b6ab5033dbb28ad3a1021abfeba49853d70985fdb2c8e66a82d12628b69-scaled.jpeg","width":1810,"height":2560},{"@type":"BreadcrumbList","@id":"https:\/\/www.koonings.com\/fr\/product\/modeca-royal\/#breadcrumb","itemListElement":[{"@type":"ListItem","position":1,"name":"Home","item":"https:\/\/www.koonings.com\/fr\/"},{"@type":"ListItem","position":2,"name":"Modeca Royal"}]},{"@type":"WebSite","@id":"https:\/\/www.koonings.com\/fr\/#website","url":"https:\/\/www.koonings.com\/fr\/","name":"Koonings","description":"De grootste bruidsmodewinkel ter wereld","publisher":{"@id":"https:\/\/www.koonings.com\/fr\/#organization"},"potentialAction":[{"@type":"SearchAction","target":{"@type":"EntryPoint","urlTemplate":"https:\/\/www.koonings.com\/fr\/?s={search_term_string}"},"query-input":{"@type":"PropertyValueSpecification","valueRequired":true,"valueName":"search_term_string"}}],"inLanguage":"fr-FR"},{"@type":"Organization","@id":"https:\/\/www.koonings.com\/fr\/#organization","name":"Koonings","url":"https:\/\/www.koonings.com\/fr\/","logo":{"@type":"ImageObject","inLanguage":"fr-FR","@id":"https:\/\/www.koonings.com\/fr\/#\/schema\/logo\/image\/","url":"https:\/\/www.koonings.com\/wp-content\/uploads\/2024\/07\/logo.png","contentUrl":"https:\/\/www.koonings.com\/wp-content\/uploads\/2024\/07\/logo.png","width":600,"height":428,"caption":"Koonings"},"image":{"@id":"https:\/\/www.koonings.com\/fr\/#\/schema\/logo\/image\/"},"sameAs":["https:\/\/www.facebook.com\/kooningstheweddingpalace","https:\/\/www.instagram.com\/kooningstheweddingpalace","https:\/\/www.pinterest.com\/koonings","https:\/\/www.youtube.com\/kooningstheweddingpalace"]}]}},"_links":{"self":[{"href":"https:\/\/www.koonings.com\/fr\/wp-json\/wp\/v2\/product\/78739","targetHints":{"allow":["GET"]}}],"collection":[{"href":"https:\/\/www.koonings.com\/fr\/wp-json\/wp\/v2\/product"}],"about":[{"href":"https:\/\/www.koonings.com\/fr\/wp-json\/wp\/v2\/types\/product"}],"wp:featuredmedia":[{"embeddable":true,"href":"https:\/\/www.koonings.com\/fr\/wp-json\/wp\/v2\/media\/66239"}],"wp:attachment":[{"href":"https:\/\/www.koonings.com\/fr\/wp-json\/wp\/v2\/media?parent=78739"}],"wp:term":[{"taxonomy":"productdetails","embeddable":true,"href":"https:\/\/www.koonings.com\/fr\/wp-json\/wp\/v2\/productdetails?post=78739"},{"taxonomy":"productneck","embeddable":true,"href":"https:\/\/www.koonings.com\/fr\/wp-json\/wp\/v2\/productneck?post=78739"},{"taxonomy":"productcolor","embeddable":true,"href":"https:\/\/www.koonings.com\/fr\/wp-json\/wp\/v2\/productcolor?post=78739"},{"taxonomy":"maat","embeddable":true,"href":"https:\/\/www.koonings.com\/fr\/wp-json\/wp\/v2\/maat?post=78739"},{"taxonomy":"productsupplier","embeddable":true,"href":"https:\/\/www.koonings.com\/fr\/wp-json\/wp\/v2\/productsupplier?post=78739"},{"taxonomy":"productsleeve","embeddable":true,"href":"https:\/\/www.koonings.com\/fr\/wp-json\/wp\/v2\/productsleeve?post=78739"},{"taxonomy":"productcategory","embeddable":true,"href":"https:\/\/www.koonings.com\/fr\/wp-json\/wp\/v2\/productcategory?post=78739"},{"taxonomy":"productsilhouette","embeddable":true,"href":"https:\/\/www.koonings.com\/fr\/wp-json\/wp\/v2\/productsilhouette?post=78739"},{"taxonomy":"productstyle","embeddable":true,"href":"https:\/\/www.koonings.com\/fr\/wp-json\/wp\/v2\/productstyle?post=78739"}],"curies":[{"name":"wp","href":"https:\/\/api.w.org\/{rel}","templated":true}]}}