{"id":78732,"date":"2026-05-06T15:08:20","date_gmt":"2026-05-06T13:08:20","guid":{"rendered":"https:\/\/www.koonings.com\/product\/modeca-riva\/"},"modified":"2026-02-16T14:47:52","modified_gmt":"2026-02-16T13:47:52","slug":"modeca-riva","status":"publish","type":"product","link":"https:\/\/www.koonings.com\/fr\/product\/modeca-riva\/","title":{"rendered":"Modeca Riva"},"content":{"rendered":"<p>Tout simplement magnifique, la robe de bal Riva est aussi intemporelle que l&#8217;amour lui-m\u00eame. Le corsage transparent avec un d\u00e9collet\u00e9 illusion qui r\u00e9v\u00e8le une magnifique forme en c\u0153ur est orn\u00e9 de dentelle perl\u00e9e et de paillettes d\u00e9licates, ainsi que de minuscules manches capuchon romantiques. De d\u00e9licats appliqu\u00e9s de dentelle refl\u00e8tent la jupe en tulle et un profond dos ouvert compl\u00e8te ce look nuptial.  <\/p>\n","protected":false},"featured_media":66306,"template":"","meta":{"_acf_changed":false,"ghostkit_customizer_options":"","ghostkit_custom_css":"","ghostkit_custom_js_head":"","ghostkit_custom_js_foot":"","ghostkit_typography":""},"productdetails":[379,376,381],"productneck":[351],"productcolor":[393,392],"maat":[],"productsupplier":[434],"productsleeve":[359],"productcategory":[18],"productsilhouette":[388],"productstyle":[372,366],"class_list":["post-78732","product","type-product","status-publish","has-post-thumbnail","hentry","productdetails-379","productdetails-376","productdetails-381","productneck-351","productcolor-393","productcolor-392","productsupplier-modeca","productsleeve-359","productcategory-trouwjurken","productsilhouette-388","productstyle-372","productstyle-366"],"acf":[],"yoast_head":"<!-- This site is optimized with the Yoast SEO plugin v27.3 - https:\/\/yoast.com\/product\/yoast-seo-wordpress\/ -->\n<title>Modeca Riva | Koonings<\/title>\n<meta name=\"description\" content=\"Tout simplement magnifique, la robe de bal Riva est aussi intemporelle que l&#039;amour lui-m\u00eame. Le corsage transparent avec un d\u00e9collet\u00e9 illusion qui r\u00e9v\u00e8le une magnifique forme en c\u0153ur est orn\u00e9 de dentelle perl\u00e9e et de paillettes d\u00e9licates, ainsi que de minuscules manches capuchon romantiques. De d\u00e9licats appliqu\u00e9s de dentelle refl\u00e8tent la jupe en tulle et un profond dos ouvert compl\u00e8te ce look nuptial.\" \/>\n<meta name=\"robots\" content=\"index, follow, max-snippet:-1, max-image-preview:large, max-video-preview:-1\" \/>\n<link rel=\"canonical\" href=\"https:\/\/www.koonings.com\/fr\/product\/modeca-riva\/\" \/>\n<meta property=\"og:locale\" content=\"fr_FR\" \/>\n<meta property=\"og:type\" content=\"article\" \/>\n<meta property=\"og:title\" content=\"Modeca Riva | Koonings\" \/>\n<meta property=\"og:description\" content=\"Tout simplement magnifique, la robe de bal Riva est aussi intemporelle que l&#039;amour lui-m\u00eame. Le corsage transparent avec un d\u00e9collet\u00e9 illusion qui r\u00e9v\u00e8le une magnifique forme en c\u0153ur est orn\u00e9 de dentelle perl\u00e9e et de paillettes d\u00e9licates, ainsi que de minuscules manches capuchon romantiques. De d\u00e9licats appliqu\u00e9s de dentelle refl\u00e8tent la jupe en tulle et un profond dos ouvert compl\u00e8te ce look nuptial.\" \/>\n<meta property=\"og:url\" content=\"https:\/\/www.koonings.com\/fr\/product\/modeca-riva\/\" \/>\n<meta property=\"og:site_name\" content=\"Koonings\" \/>\n<meta property=\"article:publisher\" content=\"https:\/\/www.facebook.com\/kooningstheweddingpalace\" \/>\n<meta property=\"og:image\" content=\"https:\/\/www.koonings.com\/wp-content\/uploads\/2024\/11\/37595_e328687c6b3a8fe2e00cbf8e9895b6a2cad49a145e318e2db9bf397e77c3f51746eed6a0.jpeg\" \/>\n\t<meta property=\"og:image:width\" content=\"1665\" \/>\n\t<meta property=\"og:image:height\" content=\"2354\" \/>\n\t<meta property=\"og:image:type\" content=\"image\/jpeg\" \/>\n<meta name=\"twitter:card\" content=\"summary_large_image\" \/>\n<script type=\"application\/ld+json\" class=\"yoast-schema-graph\">{\"@context\":\"https:\\\/\\\/schema.org\",\"@graph\":[{\"@type\":\"WebPage\",\"@id\":\"https:\\\/\\\/www.koonings.com\\\/fr\\\/product\\\/modeca-riva\\\/\",\"url\":\"https:\\\/\\\/www.koonings.com\\\/fr\\\/product\\\/modeca-riva\\\/\",\"name\":\"Modeca Riva | Koonings\",\"isPartOf\":{\"@id\":\"https:\\\/\\\/www.koonings.com\\\/fr\\\/#website\"},\"primaryImageOfPage\":{\"@id\":\"https:\\\/\\\/www.koonings.com\\\/fr\\\/product\\\/modeca-riva\\\/#primaryimage\"},\"image\":{\"@id\":\"https:\\\/\\\/www.koonings.com\\\/fr\\\/product\\\/modeca-riva\\\/#primaryimage\"},\"thumbnailUrl\":\"https:\\\/\\\/www.koonings.com\\\/wp-content\\\/uploads\\\/2024\\\/11\\\/37595_e328687c6b3a8fe2e00cbf8e9895b6a2cad49a145e318e2db9bf397e77c3f51746eed6a0.jpeg\",\"datePublished\":\"2026-05-06T13:08:20+00:00\",\"description\":\"Tout simplement magnifique, la robe de bal Riva est aussi intemporelle que l'amour lui-m\u00eame. Le corsage transparent avec un d\u00e9collet\u00e9 illusion qui r\u00e9v\u00e8le une magnifique forme en c\u0153ur est orn\u00e9 de dentelle perl\u00e9e et de paillettes d\u00e9licates, ainsi que de minuscules manches capuchon romantiques. De d\u00e9licats appliqu\u00e9s de dentelle refl\u00e8tent la jupe en tulle et un profond dos ouvert compl\u00e8te ce look nuptial.\",\"breadcrumb\":{\"@id\":\"https:\\\/\\\/www.koonings.com\\\/fr\\\/product\\\/modeca-riva\\\/#breadcrumb\"},\"inLanguage\":\"fr-FR\",\"potentialAction\":[{\"@type\":\"ReadAction\",\"target\":[\"https:\\\/\\\/www.koonings.com\\\/fr\\\/product\\\/modeca-riva\\\/\"]}]},{\"@type\":\"ImageObject\",\"inLanguage\":\"fr-FR\",\"@id\":\"https:\\\/\\\/www.koonings.com\\\/fr\\\/product\\\/modeca-riva\\\/#primaryimage\",\"url\":\"https:\\\/\\\/www.koonings.com\\\/wp-content\\\/uploads\\\/2024\\\/11\\\/37595_e328687c6b3a8fe2e00cbf8e9895b6a2cad49a145e318e2db9bf397e77c3f51746eed6a0.jpeg\",\"contentUrl\":\"https:\\\/\\\/www.koonings.com\\\/wp-content\\\/uploads\\\/2024\\\/11\\\/37595_e328687c6b3a8fe2e00cbf8e9895b6a2cad49a145e318e2db9bf397e77c3f51746eed6a0.jpeg\",\"width\":1665,\"height\":2354},{\"@type\":\"BreadcrumbList\",\"@id\":\"https:\\\/\\\/www.koonings.com\\\/fr\\\/product\\\/modeca-riva\\\/#breadcrumb\",\"itemListElement\":[{\"@type\":\"ListItem\",\"position\":1,\"name\":\"Home\",\"item\":\"https:\\\/\\\/www.koonings.com\\\/fr\\\/\"},{\"@type\":\"ListItem\",\"position\":2,\"name\":\"Modeca Riva\"}]},{\"@type\":\"WebSite\",\"@id\":\"https:\\\/\\\/www.koonings.com\\\/fr\\\/#website\",\"url\":\"https:\\\/\\\/www.koonings.com\\\/fr\\\/\",\"name\":\"Koonings\",\"description\":\"De grootste bruidsmodewinkel ter wereld\",\"publisher\":{\"@id\":\"https:\\\/\\\/www.koonings.com\\\/fr\\\/#organization\"},\"potentialAction\":[{\"@type\":\"SearchAction\",\"target\":{\"@type\":\"EntryPoint\",\"urlTemplate\":\"https:\\\/\\\/www.koonings.com\\\/fr\\\/?s={search_term_string}\"},\"query-input\":{\"@type\":\"PropertyValueSpecification\",\"valueRequired\":true,\"valueName\":\"search_term_string\"}}],\"inLanguage\":\"fr-FR\"},{\"@type\":\"Organization\",\"@id\":\"https:\\\/\\\/www.koonings.com\\\/fr\\\/#organization\",\"name\":\"Koonings\",\"url\":\"https:\\\/\\\/www.koonings.com\\\/fr\\\/\",\"logo\":{\"@type\":\"ImageObject\",\"inLanguage\":\"fr-FR\",\"@id\":\"https:\\\/\\\/www.koonings.com\\\/fr\\\/#\\\/schema\\\/logo\\\/image\\\/\",\"url\":\"https:\\\/\\\/www.koonings.com\\\/wp-content\\\/uploads\\\/2024\\\/07\\\/logo.png\",\"contentUrl\":\"https:\\\/\\\/www.koonings.com\\\/wp-content\\\/uploads\\\/2024\\\/07\\\/logo.png\",\"width\":600,\"height\":428,\"caption\":\"Koonings\"},\"image\":{\"@id\":\"https:\\\/\\\/www.koonings.com\\\/fr\\\/#\\\/schema\\\/logo\\\/image\\\/\"},\"sameAs\":[\"https:\\\/\\\/www.facebook.com\\\/kooningstheweddingpalace\",\"https:\\\/\\\/www.instagram.com\\\/kooningstheweddingpalace\",\"https:\\\/\\\/www.pinterest.com\\\/koonings\",\"https:\\\/\\\/www.youtube.com\\\/kooningstheweddingpalace\"]}]}<\/script>\n<!-- \/ Yoast SEO plugin. -->","yoast_head_json":{"title":"Modeca Riva | Koonings","description":"Tout simplement magnifique, la robe de bal Riva est aussi intemporelle que l'amour lui-m\u00eame. Le corsage transparent avec un d\u00e9collet\u00e9 illusion qui r\u00e9v\u00e8le une magnifique forme en c\u0153ur est orn\u00e9 de dentelle perl\u00e9e et de paillettes d\u00e9licates, ainsi que de minuscules manches capuchon romantiques. De d\u00e9licats appliqu\u00e9s de dentelle refl\u00e8tent la jupe en tulle et un profond dos ouvert compl\u00e8te ce look nuptial.","robots":{"index":"index","follow":"follow","max-snippet":"max-snippet:-1","max-image-preview":"max-image-preview:large","max-video-preview":"max-video-preview:-1"},"canonical":"https:\/\/www.koonings.com\/fr\/product\/modeca-riva\/","og_locale":"fr_FR","og_type":"article","og_title":"Modeca Riva | Koonings","og_description":"Tout simplement magnifique, la robe de bal Riva est aussi intemporelle que l'amour lui-m\u00eame. Le corsage transparent avec un d\u00e9collet\u00e9 illusion qui r\u00e9v\u00e8le une magnifique forme en c\u0153ur est orn\u00e9 de dentelle perl\u00e9e et de paillettes d\u00e9licates, ainsi que de minuscules manches capuchon romantiques. De d\u00e9licats appliqu\u00e9s de dentelle refl\u00e8tent la jupe en tulle et un profond dos ouvert compl\u00e8te ce look nuptial.","og_url":"https:\/\/www.koonings.com\/fr\/product\/modeca-riva\/","og_site_name":"Koonings","article_publisher":"https:\/\/www.facebook.com\/kooningstheweddingpalace","og_image":[{"width":1665,"height":2354,"url":"https:\/\/www.koonings.com\/wp-content\/uploads\/2024\/11\/37595_e328687c6b3a8fe2e00cbf8e9895b6a2cad49a145e318e2db9bf397e77c3f51746eed6a0.jpeg","type":"image\/jpeg"}],"twitter_card":"summary_large_image","schema":{"@context":"https:\/\/schema.org","@graph":[{"@type":"WebPage","@id":"https:\/\/www.koonings.com\/fr\/product\/modeca-riva\/","url":"https:\/\/www.koonings.com\/fr\/product\/modeca-riva\/","name":"Modeca Riva | Koonings","isPartOf":{"@id":"https:\/\/www.koonings.com\/fr\/#website"},"primaryImageOfPage":{"@id":"https:\/\/www.koonings.com\/fr\/product\/modeca-riva\/#primaryimage"},"image":{"@id":"https:\/\/www.koonings.com\/fr\/product\/modeca-riva\/#primaryimage"},"thumbnailUrl":"https:\/\/www.koonings.com\/wp-content\/uploads\/2024\/11\/37595_e328687c6b3a8fe2e00cbf8e9895b6a2cad49a145e318e2db9bf397e77c3f51746eed6a0.jpeg","datePublished":"2026-05-06T13:08:20+00:00","description":"Tout simplement magnifique, la robe de bal Riva est aussi intemporelle que l'amour lui-m\u00eame. Le corsage transparent avec un d\u00e9collet\u00e9 illusion qui r\u00e9v\u00e8le une magnifique forme en c\u0153ur est orn\u00e9 de dentelle perl\u00e9e et de paillettes d\u00e9licates, ainsi que de minuscules manches capuchon romantiques. De d\u00e9licats appliqu\u00e9s de dentelle refl\u00e8tent la jupe en tulle et un profond dos ouvert compl\u00e8te ce look nuptial.","breadcrumb":{"@id":"https:\/\/www.koonings.com\/fr\/product\/modeca-riva\/#breadcrumb"},"inLanguage":"fr-FR","potentialAction":[{"@type":"ReadAction","target":["https:\/\/www.koonings.com\/fr\/product\/modeca-riva\/"]}]},{"@type":"ImageObject","inLanguage":"fr-FR","@id":"https:\/\/www.koonings.com\/fr\/product\/modeca-riva\/#primaryimage","url":"https:\/\/www.koonings.com\/wp-content\/uploads\/2024\/11\/37595_e328687c6b3a8fe2e00cbf8e9895b6a2cad49a145e318e2db9bf397e77c3f51746eed6a0.jpeg","contentUrl":"https:\/\/www.koonings.com\/wp-content\/uploads\/2024\/11\/37595_e328687c6b3a8fe2e00cbf8e9895b6a2cad49a145e318e2db9bf397e77c3f51746eed6a0.jpeg","width":1665,"height":2354},{"@type":"BreadcrumbList","@id":"https:\/\/www.koonings.com\/fr\/product\/modeca-riva\/#breadcrumb","itemListElement":[{"@type":"ListItem","position":1,"name":"Home","item":"https:\/\/www.koonings.com\/fr\/"},{"@type":"ListItem","position":2,"name":"Modeca Riva"}]},{"@type":"WebSite","@id":"https:\/\/www.koonings.com\/fr\/#website","url":"https:\/\/www.koonings.com\/fr\/","name":"Koonings","description":"De grootste bruidsmodewinkel ter wereld","publisher":{"@id":"https:\/\/www.koonings.com\/fr\/#organization"},"potentialAction":[{"@type":"SearchAction","target":{"@type":"EntryPoint","urlTemplate":"https:\/\/www.koonings.com\/fr\/?s={search_term_string}"},"query-input":{"@type":"PropertyValueSpecification","valueRequired":true,"valueName":"search_term_string"}}],"inLanguage":"fr-FR"},{"@type":"Organization","@id":"https:\/\/www.koonings.com\/fr\/#organization","name":"Koonings","url":"https:\/\/www.koonings.com\/fr\/","logo":{"@type":"ImageObject","inLanguage":"fr-FR","@id":"https:\/\/www.koonings.com\/fr\/#\/schema\/logo\/image\/","url":"https:\/\/www.koonings.com\/wp-content\/uploads\/2024\/07\/logo.png","contentUrl":"https:\/\/www.koonings.com\/wp-content\/uploads\/2024\/07\/logo.png","width":600,"height":428,"caption":"Koonings"},"image":{"@id":"https:\/\/www.koonings.com\/fr\/#\/schema\/logo\/image\/"},"sameAs":["https:\/\/www.facebook.com\/kooningstheweddingpalace","https:\/\/www.instagram.com\/kooningstheweddingpalace","https:\/\/www.pinterest.com\/koonings","https:\/\/www.youtube.com\/kooningstheweddingpalace"]}]}},"_links":{"self":[{"href":"https:\/\/www.koonings.com\/fr\/wp-json\/wp\/v2\/product\/78732","targetHints":{"allow":["GET"]}}],"collection":[{"href":"https:\/\/www.koonings.com\/fr\/wp-json\/wp\/v2\/product"}],"about":[{"href":"https:\/\/www.koonings.com\/fr\/wp-json\/wp\/v2\/types\/product"}],"wp:featuredmedia":[{"embeddable":true,"href":"https:\/\/www.koonings.com\/fr\/wp-json\/wp\/v2\/media\/66306"}],"wp:attachment":[{"href":"https:\/\/www.koonings.com\/fr\/wp-json\/wp\/v2\/media?parent=78732"}],"wp:term":[{"taxonomy":"productdetails","embeddable":true,"href":"https:\/\/www.koonings.com\/fr\/wp-json\/wp\/v2\/productdetails?post=78732"},{"taxonomy":"productneck","embeddable":true,"href":"https:\/\/www.koonings.com\/fr\/wp-json\/wp\/v2\/productneck?post=78732"},{"taxonomy":"productcolor","embeddable":true,"href":"https:\/\/www.koonings.com\/fr\/wp-json\/wp\/v2\/productcolor?post=78732"},{"taxonomy":"maat","embeddable":true,"href":"https:\/\/www.koonings.com\/fr\/wp-json\/wp\/v2\/maat?post=78732"},{"taxonomy":"productsupplier","embeddable":true,"href":"https:\/\/www.koonings.com\/fr\/wp-json\/wp\/v2\/productsupplier?post=78732"},{"taxonomy":"productsleeve","embeddable":true,"href":"https:\/\/www.koonings.com\/fr\/wp-json\/wp\/v2\/productsleeve?post=78732"},{"taxonomy":"productcategory","embeddable":true,"href":"https:\/\/www.koonings.com\/fr\/wp-json\/wp\/v2\/productcategory?post=78732"},{"taxonomy":"productsilhouette","embeddable":true,"href":"https:\/\/www.koonings.com\/fr\/wp-json\/wp\/v2\/productsilhouette?post=78732"},{"taxonomy":"productstyle","embeddable":true,"href":"https:\/\/www.koonings.com\/fr\/wp-json\/wp\/v2\/productstyle?post=78732"}],"curies":[{"name":"wp","href":"https:\/\/api.w.org\/{rel}","templated":true}]}}